{"id":12381,"date":"2023-07-07T12:58:07","date_gmt":"2023-07-07T09:58:07","guid":{"rendered":"https:\/\/www.verasmile.com\/?page_id=12381"},"modified":"2026-05-08T15:12:11","modified_gmt":"2026-05-08T12:12:11","slug":"lumineers-zahn-veneers","status":"publish","type":"page","link":"https:\/\/www.verasmile.com\/de\/kosmetische-zahnmedizin\/lumineers-zahn-veneers\/","title":{"rendered":"Lumineers Zahn-Veneers"},"content":{"rendered":"<div class=\"gb-container gb-container-78922b82\">\n<div class=\"gb-grid-wrapper gb-grid-wrapper-6232a014\">\n<div class=\"gb-grid-column gb-grid-column-141c614b\"><div class=\"gb-container gb-container-141c614b\">\n\n<p>Lumineers sind eine Art Zahnveneers, die wir haupts\u00e4chlich aus \u00e4sthetischen Gr\u00fcnden verwenden. Sie sollen ein nat\u00fcrlich aussehendes L\u00e4cheln schaffen. Diese transformative Behandlung bietet uns eine effiziente und saubere M\u00f6glichkeit, kleine kosmetische Probleme zu l\u00f6sen, beispielsweise wenn Ihre Z\u00e4hne verf\u00e4rbt, schief oder falsch ausgerichtet sind oder kleine L\u00fccken haben. Sie sind die perfekte Wahl f\u00fcr Menschen, die mit ihrem L\u00e4cheln unzufrieden sind.<\/p>\n\n\n\n<h2 class=\"gb-headline gb-headline-34ce432b gb-headline-text\"><strong>Was genau sind Lumineers?<\/strong><\/h2>\n\n\n\n<p>Lumineers sind eine Art Zahnveneers, die wir haupts\u00e4chlich aus \u00e4sthetischen Gr\u00fcnden verwenden. Sie sollen ein nat\u00fcrlich aussehendes L\u00e4cheln schaffen. Diese transformative Behandlung bietet uns eine effiziente und saubere M\u00f6glichkeit, kleine kosmetische Probleme zu l\u00f6sen, beispielsweise wenn Ihre Z\u00e4hne verf\u00e4rbt, schief oder falsch ausgerichtet sind oder kleine L\u00fccken haben. Sie sind die perfekte Wahl f\u00fcr Menschen, die mit ihrem L\u00e4cheln unzufrieden sind.<\/p>\n\n\n\n<p>Wir verwenden Lumineers zur Behandlung von:<\/p>\n\n\n\n<ul class=\"wp-block-list\">\n<li>Abgebrochene Z\u00e4hne<\/li>\n\n\n\n<li>L\u00fccken<\/li>\n\n\n\n<li>Fehlstellungen oder schiefe Z\u00e4hne<\/li>\n\n\n\n<li>Verf\u00e4rbte oder verf\u00e4rbte Z\u00e4hne<\/li>\n\n\n\n<li>\u00c4sthetik des L\u00e4chelns<\/li>\n\n\n\n<li>Alte zahn\u00e4rztliche Arbeit<\/li>\n<\/ul>\n\n\n\n<h2 class=\"gb-headline gb-headline-e0b3e75d gb-headline-text\">Vorteile von Lumineers<\/h2>\n\n\n\n<ul class=\"wp-block-list\">\n<li>Lumineers-Dentalveneers lassen sich leicht anbringen.<\/li>\n\n\n\n<li>Aufgrund ihres d\u00fcnnen und durchscheinenden Charakters sehen sie nat\u00fcrlicher aus.<\/li>\n\n\n\n<li>W\u00e4hrend des gesamten Prozesses gibt es keine Injektionen.<\/li>\n\n\n\n<li>Sie erfordern keinen dauerhaften Zahnschmelzentfernungsprozess.<\/li>\n\n\n\n<li>Sie bewahren die nat\u00fcrlichen Z\u00e4hne des Patienten so weit wie m\u00f6glich.<\/li>\n<\/ul>\n\n\n\n<p>Dentalveneers von Lumineers werden in der kosmetischen Zahnmedizin aufgrund ihrer gewissen Vorteile gegen\u00fcber anderen Arten von Veneers h\u00e4ufig gew\u00e4hlt. W\u00e4hrend herk\u00f6mmliche Veneers dicker sind und einen aggressiveren Vorbereitungsprozess erfordern, ist bei Lumineers kein intensiver Prozess erforderlich. Beim traditionellen Veneer-Verfahren m\u00fcssen wir einen gro\u00dfen Teil Ihrer gesunden Z\u00e4hne entfernen, um die k\u00fcnstlichen Z\u00e4hne einsetzen zu k\u00f6nnen. Da sie jedoch ultrad\u00fcnn sind, m\u00fcssen wir dies bei Lumineers nicht tun.<\/p>\n\n\n\n<p>Bei herk\u00f6mmlichen Veneers dauert der Eingriff aufgrund der Entfernung des Zahnschmelzes lange, bis der Zahnschmelz entfernt wird und Sie auf die Anfertigung Ihrer Veneers warten m\u00fcssen. Dies kann ein heikler und langwieriger Prozess sein, selbst wenn Sie vor\u00fcbergehende Absicherungen erhalten. Auch die Ver\u00e4nderung des Zahnschmelzes ist dauerhaft und manche Patienten f\u00fchlen sich damit nicht wohl<\/p>\n\n\n\n<h3 class=\"gb-headline gb-headline-198822c9 gb-headline-text\"><strong>Alternativen zu Lumineers<\/strong><\/h3>\n\n\n\n<p>Es gibt viele Vorteile dieses Verfahrens, aber einige entscheiden sich f\u00fcr andere zahn\u00e4rztliche Arbeiten wie Zahnkronen, Veneers oder andere Behandlungen, um das ber\u00fchmte Hollywood-L\u00e4cheln zu erhalten. Es kommt darauf an, was Sie sich f\u00fcr eine Zahnbehandlung w\u00fcnschen, wie alt Sie sind, wie der Zustand Ihrer Z\u00e4hne ist und wie viel Sie ausgeben m\u00f6chten. Hier finden Sie einige Informationen \u00fcber die Alternativen zu Lumineers:<\/p>\n\n\n\n<p><strong>Veneers<\/strong> &#8211; Sie sind bekannt daf\u00fcr, dass sie lange halten, bestehen aus Porzellan und Ihr Zahn muss abgeschliffen werden, um sie anzubringen, was wahrscheinlich zu Sch\u00e4den an den Z\u00e4hnen f\u00fchrt.<\/p>\n\n\n\n<p><strong>Kronen<\/strong> &#8211; Wie bei Veneers k\u00f6nnen Ihre Z\u00e4hne beim Einsetzen von Kronen besch\u00e4digt werden, da einige der gesunden Teile Ihres Zahns entfernt werden.<\/p>\n\n\n\n<p>Beide Alternativen k\u00f6nnen den Z\u00e4hnen mehr Schaden zuf\u00fcgen als Lumineers, weshalb sich viele f\u00fcr eine Lumineers-Behandlung entscheiden. Sie k\u00f6nnen sich unsere anderen zahn\u00e4rztlichen Behandlungen ansehen, wenn Sie offen sind f\u00fcr eine Reihe von verschiedenen Optionen.<\/p>\n\n\n\n<h2 class=\"gb-headline gb-headline-50770f9a gb-headline-text\">Lumineers-Verfahren bei Vera Smile<\/h2>\n\n\n\n<h3 class=\"gb-headline gb-headline-b1a737d1 gb-headline-text\">Vorplanen<\/h3>\n\n\n\n<p><br>Anschlie\u00dfend erhalten Sie eine kostenlose Online-Beratung f\u00fcr Ihre Lumineers in der T\u00fcrkei. Wir stellen f\u00fcr Sie einen Reise- und Behandlungsplan zusammen. Wir planen Ihren Transport, Ihre Unterkunft und Ihre Behandlungstage.<\/p>\n\n\n\n<h3 class=\"gb-headline gb-headline-3781f2e3 gb-headline-text\">Vorverfahren<\/h3>\n\n\n\n<p><br>In der Vera Smile-Klinik besprechen wir nach einem ausf\u00fchrlichen pers\u00f6nlichen Beratungsgespr\u00e4ch die beste Behandlungsmethode f\u00fcr Ihre Lumineers-Veneers-Behandlung. Die R\u00f6ntgenaufnahmen, Abdr\u00fccke und andere Tests bestimmen die n\u00e4chsten Schritte.<\/p>\n\n\n\n<h3 class=\"gb-headline gb-headline-2d1eaa2f gb-headline-text\">Verfahren<\/h3>\n\n\n\n<p><br>Sie entscheiden mit unserem Team \u00fcber die Farbe und die Transparenz Ihrer Lumineers, bevor wir sie herstellen. Da Lumineers sehr d\u00fcnn sind, entfernen wir den Zahnschmelz nicht. Nachdem wir sie gefertigt haben, m\u00fcssen wir sie nur noch anbringen, was ein sehr einfacher und komfortabler Vorgang ist. Wir verkleben Ihre Lumineers und polieren sie f\u00fcr ein v\u00f6llig glattes Finish.<\/p>\n\n\n\n<h3 class=\"gb-headline gb-headline-22ecd995 gb-headline-text\">Nachbehandlung<\/h3>\n\n\n\n<p><br>Um Ihre Lumineers zu pflegen, befolgen Sie diese Schritte:<\/p>\n\n\n\n<p>Regelm\u00e4\u00dfige t\u00e4gliche Mundpflege mit einer Zahnb\u00fcrste mit weichen Borsten<br>Vermeiden Sie den st\u00e4ndigen Verzehr von fleckenverursachenden Speisen und Getr\u00e4nken<br>Schutz vor Zahntrauma (Mundschutz bei intensiven sportlichen Aktivit\u00e4ten verwenden)<br>Regelm\u00e4\u00dfige zahn\u00e4rztliche Kontrolluntersuchungen<\/p>\n\n\n\n<h2 class=\"gb-headline gb-headline-6718ea98 gb-headline-text\"><strong>Wie viel kosten Lumineers?<\/strong><\/h2>\n\n\n\n<p><br>Im Durchschnitt kosten Lumineers in den USA und im Vereinigten K\u00f6nigreich zwischen 500 und 2.000 US-Dollar f\u00fcr einen Zahn. Abh\u00e4ngig von der Anzahl der Lumineers, der Komplexit\u00e4t Ihres Falles und der Professionalit\u00e4t Ihres Zahnarztes kann der Preis bis zu mehreren Tausend Dollar betragen.<\/p>\n\n\n\n<p>Im Gegensatz dazu betragen die Kosten f\u00fcr Lumineers in der T\u00fcrkei normalerweise weniger als die H\u00e4lfte der oben genannten Kosten. Dank der Vorteile des Zahntourismus k\u00f6nnen Zahnkliniken in der T\u00fcrkei hochwertige Behandlungen zu einem g\u00fcnstigeren Preis anbieten. In Gro\u00dfst\u00e4dten wie Istanbul k\u00f6nnen Sie sich behandeln lassen und eine tolle Auslandsreise zu einem g\u00fcnstigeren Preis unternehmen, als Sie f\u00fcr die Behandlung nur in Ihrem Land zahlen w\u00fcrden.<\/p>\n\n\n<div class=\"gb-container gb-container-bd8373b2\">\n\n<h2 class=\"gb-headline gb-headline-225f51a0 gb-headline-text\"><strong>FAQ<\/strong><\/h2>\n\n<\/div>\n\n\n<h3 class=\"gb-headline gb-headline-191eb9bf gb-headline-text\">Sind Lumineers g\u00fcnstiger als Veneers?<\/h3>\n\n\n\n<p><br>Der Preis f\u00fcr Lumineers variiert von Klinik zu Klinik und h\u00e4ngt von der Situation des Patienten ab. Aber im Durchschnitt k\u00f6nnen wir sagen, dass sie g\u00fcnstiger sind als Furniere.<\/p>\n\n\n\n<h3 class=\"gb-headline gb-headline-1d41187b gb-headline-text\">Was ist der Unterschied zwischen Lumineers und Veneers?<\/h3>\n\n\n\n<p><br>Lumineers sind viel d\u00fcnner als Veneers und erfordern nicht das gleiche Verfahren wie bei Veneers. Sie lassen sich leicht anwenden, ohne Injektionen oder eine intensive Entfernung des Zahnschmelzes.<\/p>\n\n\n\n<h3 class=\"gb-headline gb-headline-f146fff6 gb-headline-text\">Wie lange halten Lumineers?<\/h3>\n\n\n\n<p><br>Wenn Sie Lumineers gut pflegen, k\u00f6nnen sie bis zu 20 Jahre oder sogar l\u00e4nger halten. Damit sie l\u00e4nger halten, sollten Sie unsere Ratschl\u00e4ge f\u00fcr die Zeit nach dem Eingriff und danach befolgen.<\/p>\n\n\n\n<h3 class=\"gb-headline gb-headline-8e7b630a gb-headline-text\">Was sind die Nachteile von Lumineers?<\/h3>\n\n\n\n<p><br>Trotz ihrer zahlreichen Vorteile sind Lumineers aufgrund ihrer d\u00fcnnen Beschaffenheit nicht so langlebig wie herk\u00f6mmliche Furniere. Sie m\u00fcssen besonders gut auf sie aufpassen, damit sie l\u00e4nger halten.<\/p>\n\n\n\n<h3 class=\"gb-headline gb-headline-29dec6d1 gb-headline-text\">Habe ich Anspruch auf Lumineers?<\/h3>\n\n\n\n<p><br>Wenn Sie keine schwerwiegenden Zahnprobleme haben, die wir nicht umgehen k\u00f6nnen, sind Sie ein guter Kandidat f\u00fcr Lumineers. Lumineers sind eine gute Wahl f\u00fcr kleine kosmetische Probleme. Wenn Sie glauben, dass Ihre Probleme in diese Kategorie fallen, k\u00f6nnen wir Ihnen eine Lumineers-Behandlung anbieten.<\/p>\n\n\n\n<h3 class=\"gb-headline gb-headline-30a79697 gb-headline-text\">K\u00f6nnen Lumineers-Veneers entfernt werden?<\/h3>\n\n\n\n<p><br>Im Gegensatz zu <a href=\"https:\/\/www.verasmile.com\/de\/kosmetische-zahnmedizin\/zahn-veneers\/\">herk\u00f6mmlichen Veneers<\/a> ist bei Lumineers keine Entfernung des Zahnschmelzes erforderlich. Das bedeutet, dass die darunter liegenden Z\u00e4hne in ihrem urspr\u00fcnglichen Zustand erhalten bleiben, sodass die Entfernung oder der Austausch von Lumineers jederzeit m\u00f6glich ist. Lumineers ist ein reversibler Eingriff, wenn er richtig durchgef\u00fchrt wird. Es ist gut zu wissen, dass der Zahnschmelz zwar nicht rasiert werden muss, einige Zahn\u00e4rzte ihn jedoch rasieren k\u00f6nnten. Sprechen Sie daher vor dem Eingriff unbedingt mit Ihrem Zahnarzt. Also ja, Sie k\u00f6nnen Lumineers abnehmen, wenn Sie sie nicht m\u00f6gen.<\/p>\n\n<\/div><\/div>\n\n<div class=\"gb-grid-column gb-grid-column-9795dbe7\"><div class=\"gb-container gb-container-9795dbe7 contact-sticky\">\n\n<h4 class=\"gb-headline gb-headline-83925198 gb-headline-text\"><strong><strong>Erhalten Sie eine kostenlose Beratung<\/strong><\/strong><\/h4>\n\n\n\n<script charset=\"utf-8\" type=\"text\/javascript\" src=\"\/\/js.hsforms.net\/forms\/embed\/v2.js\"><\/script>\n<script>\n  hbspt.forms.create({\n    region: \"na1\",\n    portalId: \"5077067\",\n    formId: \"83b6f398-f0e9-4d45-a66f-f4fea07586f4\"\n  });\n<\/script>\n\n<\/div><\/div>\n<\/div>\n<\/div>","protected":false},"excerpt":{"rendered":"","protected":false},"author":1,"featured_media":12384,"parent":12342,"menu_order":0,"comment_status":"closed","ping_status":"closed","template":"","meta":{"inline_featured_image":false,"footnotes":""},"class_list":{"0":"post-12381","1":"page","2":"type-page","3":"status-publish","4":"has-post-thumbnail","6":"resize-featured-image"},"lang":"de","translations":{"en":1750,"it":11203,"fr":11583,"es":11874,"pt-pt":12105,"de":12381,"ar":13473,"tr":13732},"yoast_head":"<!-- This site is optimized with the Yoast SEO Premium plugin v27.4 (Yoast SEO v27.4) - https:\/\/yoast.com\/product\/yoast-seo-premium-wordpress\/ -->\n<title>Lumineers Zahn-Veneers - Vera Smile<\/title>\n<meta name=\"description\" content=\"Verbessern Sie Ihr L\u00e4cheln mit Lumineers die Zahn-Veneers, die keine Schmelzabtragung erfordern. Verabschieden Sie sich von unvollkommenen Z\u00e4hnen\" \/>\n<meta name=\"robots\" content=\"index, follow, max-snippet:-1, max-image-preview:large, max-video-preview:-1\" \/>\n<link rel=\"canonical\" href=\"https:\/\/www.verasmile.com\/de\/kosmetische-zahnmedizin\/lumineers-zahn-veneers\/\" \/>\n<meta property=\"og:locale\" content=\"de_DE\" \/>\n<meta property=\"og:type\" content=\"article\" \/>\n<meta property=\"og:title\" content=\"Lumineers Zahn-Veneers\" \/>\n<meta property=\"og:description\" content=\"Verbessern Sie Ihr L\u00e4cheln mit Lumineers die Zahn-Veneers, die keine Schmelzabtragung erfordern. Verabschieden Sie sich von unvollkommenen Z\u00e4hnen\" \/>\n<meta property=\"og:url\" content=\"https:\/\/www.verasmile.com\/de\/kosmetische-zahnmedizin\/lumineers-zahn-veneers\/\" \/>\n<meta property=\"og:site_name\" content=\"Vera Smile\" \/>\n<meta property=\"article:publisher\" content=\"https:\/\/www.facebook.com\/VeraSmileDental\/\" \/>\n<meta property=\"article:modified_time\" content=\"2026-05-08T12:12:11+00:00\" \/>\n<meta property=\"og:image\" content=\"https:\/\/www.verasmile.com\/wp-content\/uploads\/2024\/02\/dental-Lumineerswebp.webp\" \/>\n\t<meta property=\"og:image:width\" content=\"1440\" \/>\n\t<meta property=\"og:image:height\" content=\"800\" \/>\n\t<meta property=\"og:image:type\" content=\"image\/webp\" \/>\n<meta name=\"twitter:card\" content=\"summary_large_image\" \/>\n<meta name=\"twitter:label1\" content=\"Gesch\u00e4tzte Lesezeit\" \/>\n\t<meta name=\"twitter:data1\" content=\"5\u00a0Minuten\" \/>\n<script type=\"application\/ld+json\" class=\"yoast-schema-graph\">{\"@context\":\"https:\\\/\\\/schema.org\",\"@graph\":[{\"@type\":\"WebPage\",\"@id\":\"https:\\\/\\\/www.verasmile.com\\\/de\\\/kosmetische-zahnmedizin\\\/lumineers-zahn-veneers\\\/\",\"url\":\"https:\\\/\\\/www.verasmile.com\\\/de\\\/kosmetische-zahnmedizin\\\/lumineers-zahn-veneers\\\/\",\"name\":\"Lumineers Zahn-Veneers - Vera Smile\",\"isPartOf\":{\"@id\":\"https:\\\/\\\/www.verasmile.com\\\/de\\\/#website\"},\"primaryImageOfPage\":{\"@id\":\"https:\\\/\\\/www.verasmile.com\\\/de\\\/kosmetische-zahnmedizin\\\/lumineers-zahn-veneers\\\/#primaryimage\"},\"image\":{\"@id\":\"https:\\\/\\\/www.verasmile.com\\\/de\\\/kosmetische-zahnmedizin\\\/lumineers-zahn-veneers\\\/#primaryimage\"},\"thumbnailUrl\":\"https:\\\/\\\/www.verasmile.com\\\/wp-content\\\/uploads\\\/2024\\\/02\\\/dental-Lumineerswebp.webp\",\"datePublished\":\"2023-07-07T09:58:07+00:00\",\"dateModified\":\"2026-05-08T12:12:11+00:00\",\"description\":\"Verbessern Sie Ihr L\u00e4cheln mit Lumineers die Zahn-Veneers, die keine Schmelzabtragung erfordern. Verabschieden Sie sich von unvollkommenen Z\u00e4hnen\",\"breadcrumb\":{\"@id\":\"https:\\\/\\\/www.verasmile.com\\\/de\\\/kosmetische-zahnmedizin\\\/lumineers-zahn-veneers\\\/#breadcrumb\"},\"inLanguage\":\"de\",\"potentialAction\":[{\"@type\":\"ReadAction\",\"target\":[\"https:\\\/\\\/www.verasmile.com\\\/de\\\/kosmetische-zahnmedizin\\\/lumineers-zahn-veneers\\\/\"]}]},{\"@type\":\"ImageObject\",\"inLanguage\":\"de\",\"@id\":\"https:\\\/\\\/www.verasmile.com\\\/de\\\/kosmetische-zahnmedizin\\\/lumineers-zahn-veneers\\\/#primaryimage\",\"url\":\"https:\\\/\\\/www.verasmile.com\\\/wp-content\\\/uploads\\\/2024\\\/02\\\/dental-Lumineerswebp.webp\",\"contentUrl\":\"https:\\\/\\\/www.verasmile.com\\\/wp-content\\\/uploads\\\/2024\\\/02\\\/dental-Lumineerswebp.webp\",\"width\":1440,\"height\":800,\"caption\":\"Lumineers Zahn-Veneers\"},{\"@type\":\"BreadcrumbList\",\"@id\":\"https:\\\/\\\/www.verasmile.com\\\/de\\\/kosmetische-zahnmedizin\\\/lumineers-zahn-veneers\\\/#breadcrumb\",\"itemListElement\":[{\"@type\":\"ListItem\",\"position\":1,\"name\":\"Home\",\"item\":\"https:\\\/\\\/www.verasmile.com\\\/de\\\/\"},{\"@type\":\"ListItem\",\"position\":2,\"name\":\"Kosmetische Zahnmedizin\",\"item\":\"https:\\\/\\\/www.verasmile.com\\\/de\\\/kosmetische-zahnmedizin\\\/\"},{\"@type\":\"ListItem\",\"position\":3,\"name\":\"Lumineers Zahn-Veneers\"}]},{\"@type\":\"WebSite\",\"@id\":\"https:\\\/\\\/www.verasmile.com\\\/de\\\/#website\",\"url\":\"https:\\\/\\\/www.verasmile.com\\\/de\\\/\",\"name\":\"Vera Smile Dental Clinic\",\"description\":\"Dental Clinic in Turkey, Istanbul 2026\",\"publisher\":{\"@id\":\"https:\\\/\\\/www.verasmile.com\\\/de\\\/#organization\"},\"potentialAction\":[{\"@type\":\"SearchAction\",\"target\":{\"@type\":\"EntryPoint\",\"urlTemplate\":\"https:\\\/\\\/www.verasmile.com\\\/de\\\/?s={search_term_string}\"},\"query-input\":{\"@type\":\"PropertyValueSpecification\",\"valueRequired\":true,\"valueName\":\"search_term_string\"}}],\"inLanguage\":\"de\"},{\"@type\":\"Organization\",\"@id\":\"https:\\\/\\\/www.verasmile.com\\\/de\\\/#organization\",\"name\":\"Vera Smile Dental Clinic\",\"url\":\"https:\\\/\\\/www.verasmile.com\\\/de\\\/\",\"logo\":{\"@type\":\"ImageObject\",\"inLanguage\":\"de\",\"@id\":\"https:\\\/\\\/www.verasmile.com\\\/de\\\/#\\\/schema\\\/logo\\\/image\\\/\",\"url\":\"https:\\\/\\\/www.verasmile.com\\\/wp-content\\\/uploads\\\/2026\\\/02\\\/Birles\u0327ik-Logo-scaled.png\",\"contentUrl\":\"https:\\\/\\\/www.verasmile.com\\\/wp-content\\\/uploads\\\/2026\\\/02\\\/Birles\u0327ik-Logo-scaled.png\",\"width\":2560,\"height\":244,\"caption\":\"Vera Smile Dental Clinic\"},\"image\":{\"@id\":\"https:\\\/\\\/www.verasmile.com\\\/de\\\/#\\\/schema\\\/logo\\\/image\\\/\"},\"sameAs\":[\"https:\\\/\\\/www.facebook.com\\\/VeraSmileDental\\\/\",\"https:\\\/\\\/www.instagram.com\\\/verasmile.dental\\\/\"]}]}<\/script>\n<!-- \/ Yoast SEO Premium plugin. -->","yoast_head_json":{"title":"Lumineers Zahn-Veneers - Vera Smile","description":"Verbessern Sie Ihr L\u00e4cheln mit Lumineers die Zahn-Veneers, die keine Schmelzabtragung erfordern. Verabschieden Sie sich von unvollkommenen Z\u00e4hnen","robots":{"index":"index","follow":"follow","max-snippet":"max-snippet:-1","max-image-preview":"max-image-preview:large","max-video-preview":"max-video-preview:-1"},"canonical":"https:\/\/www.verasmile.com\/de\/kosmetische-zahnmedizin\/lumineers-zahn-veneers\/","og_locale":"de_DE","og_type":"article","og_title":"Lumineers Zahn-Veneers","og_description":"Verbessern Sie Ihr L\u00e4cheln mit Lumineers die Zahn-Veneers, die keine Schmelzabtragung erfordern. Verabschieden Sie sich von unvollkommenen Z\u00e4hnen","og_url":"https:\/\/www.verasmile.com\/de\/kosmetische-zahnmedizin\/lumineers-zahn-veneers\/","og_site_name":"Vera Smile","article_publisher":"https:\/\/www.facebook.com\/VeraSmileDental\/","article_modified_time":"2026-05-08T12:12:11+00:00","og_image":[{"width":1440,"height":800,"url":"https:\/\/www.verasmile.com\/wp-content\/uploads\/2024\/02\/dental-Lumineerswebp.webp","type":"image\/webp"}],"twitter_card":"summary_large_image","twitter_misc":{"Gesch\u00e4tzte Lesezeit":"5\u00a0Minuten"},"schema":{"@context":"https:\/\/schema.org","@graph":[{"@type":"WebPage","@id":"https:\/\/www.verasmile.com\/de\/kosmetische-zahnmedizin\/lumineers-zahn-veneers\/","url":"https:\/\/www.verasmile.com\/de\/kosmetische-zahnmedizin\/lumineers-zahn-veneers\/","name":"Lumineers Zahn-Veneers - Vera Smile","isPartOf":{"@id":"https:\/\/www.verasmile.com\/de\/#website"},"primaryImageOfPage":{"@id":"https:\/\/www.verasmile.com\/de\/kosmetische-zahnmedizin\/lumineers-zahn-veneers\/#primaryimage"},"image":{"@id":"https:\/\/www.verasmile.com\/de\/kosmetische-zahnmedizin\/lumineers-zahn-veneers\/#primaryimage"},"thumbnailUrl":"https:\/\/www.verasmile.com\/wp-content\/uploads\/2024\/02\/dental-Lumineerswebp.webp","datePublished":"2023-07-07T09:58:07+00:00","dateModified":"2026-05-08T12:12:11+00:00","description":"Verbessern Sie Ihr L\u00e4cheln mit Lumineers die Zahn-Veneers, die keine Schmelzabtragung erfordern. Verabschieden Sie sich von unvollkommenen Z\u00e4hnen","breadcrumb":{"@id":"https:\/\/www.verasmile.com\/de\/kosmetische-zahnmedizin\/lumineers-zahn-veneers\/#breadcrumb"},"inLanguage":"de","potentialAction":[{"@type":"ReadAction","target":["https:\/\/www.verasmile.com\/de\/kosmetische-zahnmedizin\/lumineers-zahn-veneers\/"]}]},{"@type":"ImageObject","inLanguage":"de","@id":"https:\/\/www.verasmile.com\/de\/kosmetische-zahnmedizin\/lumineers-zahn-veneers\/#primaryimage","url":"https:\/\/www.verasmile.com\/wp-content\/uploads\/2024\/02\/dental-Lumineerswebp.webp","contentUrl":"https:\/\/www.verasmile.com\/wp-content\/uploads\/2024\/02\/dental-Lumineerswebp.webp","width":1440,"height":800,"caption":"Lumineers Zahn-Veneers"},{"@type":"BreadcrumbList","@id":"https:\/\/www.verasmile.com\/de\/kosmetische-zahnmedizin\/lumineers-zahn-veneers\/#breadcrumb","itemListElement":[{"@type":"ListItem","position":1,"name":"Home","item":"https:\/\/www.verasmile.com\/de\/"},{"@type":"ListItem","position":2,"name":"Kosmetische Zahnmedizin","item":"https:\/\/www.verasmile.com\/de\/kosmetische-zahnmedizin\/"},{"@type":"ListItem","position":3,"name":"Lumineers Zahn-Veneers"}]},{"@type":"WebSite","@id":"https:\/\/www.verasmile.com\/de\/#website","url":"https:\/\/www.verasmile.com\/de\/","name":"Vera Smile Dental Clinic","description":"Dental Clinic in Turkey, Istanbul 2026","publisher":{"@id":"https:\/\/www.verasmile.com\/de\/#organization"},"potentialAction":[{"@type":"SearchAction","target":{"@type":"EntryPoint","urlTemplate":"https:\/\/www.verasmile.com\/de\/?s={search_term_string}"},"query-input":{"@type":"PropertyValueSpecification","valueRequired":true,"valueName":"search_term_string"}}],"inLanguage":"de"},{"@type":"Organization","@id":"https:\/\/www.verasmile.com\/de\/#organization","name":"Vera Smile Dental Clinic","url":"https:\/\/www.verasmile.com\/de\/","logo":{"@type":"ImageObject","inLanguage":"de","@id":"https:\/\/www.verasmile.com\/de\/#\/schema\/logo\/image\/","url":"https:\/\/www.verasmile.com\/wp-content\/uploads\/2026\/02\/Birles\u0327ik-Logo-scaled.png","contentUrl":"https:\/\/www.verasmile.com\/wp-content\/uploads\/2026\/02\/Birles\u0327ik-Logo-scaled.png","width":2560,"height":244,"caption":"Vera Smile Dental Clinic"},"image":{"@id":"https:\/\/www.verasmile.com\/de\/#\/schema\/logo\/image\/"},"sameAs":["https:\/\/www.facebook.com\/VeraSmileDental\/","https:\/\/www.instagram.com\/verasmile.dental\/"]}]}},"_links":{"self":[{"href":"https:\/\/www.verasmile.com\/de\/wp-json\/wp\/v2\/pages\/12381","targetHints":{"allow":["GET"]}}],"collection":[{"href":"https:\/\/www.verasmile.com\/de\/wp-json\/wp\/v2\/pages"}],"about":[{"href":"https:\/\/www.verasmile.com\/de\/wp-json\/wp\/v2\/types\/page"}],"author":[{"embeddable":true,"href":"https:\/\/www.verasmile.com\/de\/wp-json\/wp\/v2\/users\/1"}],"replies":[{"embeddable":true,"href":"https:\/\/www.verasmile.com\/de\/wp-json\/wp\/v2\/comments?post=12381"}],"version-history":[{"count":1,"href":"https:\/\/www.verasmile.com\/de\/wp-json\/wp\/v2\/pages\/12381\/revisions"}],"predecessor-version":[{"id":38682,"href":"https:\/\/www.verasmile.com\/de\/wp-json\/wp\/v2\/pages\/12381\/revisions\/38682"}],"up":[{"embeddable":true,"href":"https:\/\/www.verasmile.com\/de\/wp-json\/wp\/v2\/pages\/12342"}],"wp:featuredmedia":[{"embeddable":true,"href":"https:\/\/www.verasmile.com\/de\/wp-json\/wp\/v2\/media\/12384"}],"wp:attachment":[{"href":"https:\/\/www.verasmile.com\/de\/wp-json\/wp\/v2\/media?parent=12381"}],"curies":[{"name":"wp","href":"https:\/\/api.w.org\/{rel}","templated":true}]}}