{"id":12397,"date":"2023-07-07T12:26:41","date_gmt":"2023-07-07T09:26:41","guid":{"rendered":"https:\/\/www.verasmile.com\/?page_id=12397"},"modified":"2024-08-05T18:44:25","modified_gmt":"2024-08-05T15:44:25","slug":"ersatz-von-mehreren-zaehnen","status":"publish","type":"page","link":"https:\/\/www.verasmile.com\/de\/zahnimplantate\/ersatz-von-mehreren-zaehnen\/","title":{"rendered":"Ersatz von mehreren Z\u00e4hnen\u00a0"},"content":{"rendered":"<div class=\"gb-container gb-container-ec46b227\">\n<div class=\"gb-grid-wrapper gb-grid-wrapper-6232a014\">\n<div class=\"gb-grid-column gb-grid-column-141c614b\"><div class=\"gb-container gb-container-141c614b\">\n\n<p>Ein fehlender Zahn kann sich nicht nur auf das Aussehen auswirken, sondern auch zu zahlreichen medizinischen Problemen f\u00fchren, die den Ersatz mehrerer Z\u00e4hne erforderlich machen. Es kann zu einem dauerhaften Knochenverlust im Kieferknochen kommen, die Zahnstellung kann sich ver\u00e4ndern, weil sich die Z\u00e4hne nach vorne verschieben, um die L\u00fccke zu schlie\u00dfen, und es kann zu Problemen beim Sprechen, Essen oder sogar beim L\u00e4cheln kommen. Fehlende Z\u00e4hne k\u00f6nnen auch verschiedene Zahnfleischerkrankungen und schlechten Atem verursachen.&nbsp;<\/p>\n\n\n\n<p>Um diese Folgen zu vermeiden, ist es wichtig, fehlende Z\u00e4hne zu ersetzen. Eine wirksame L\u00f6sung daf\u00fcr ist der Ersatz mehrerer Z\u00e4hne. Der Ersatz mehrerer Z\u00e4hne durch Zahnimplantate bietet eine dauerhafte Grundlage f\u00fcr k\u00fcnstliche Z\u00e4hne, die die nat\u00fcrlichen nachahmen. Indem Sie die L\u00fccken mit Implantaten f\u00fcllen, stellen Sie das Aussehen Ihres L\u00e4chelns wieder her und erhalten gleichzeitig eine gute Mundgesundheit. Lassen Sie sich von den L\u00fccken nicht vom L\u00e4cheln abhalten; w\u00e4hlen Sie die richtige Behandlung und legen Sie los.<\/p>\n\n\n\n<h2 class=\"gb-headline gb-headline-c95f55a1 gb-headline-text\"><strong>Was ist der Ersatz von mehreren Z\u00e4hnen?<\/strong><\/h2>\n\n\n\n<p>Beim Mehrfachzahnersatz werden Titan-St\u00fctzpfeiler chirurgisch in den Kieferknochen eingesetzt, um eine stabile Grundlage f\u00fcr die Befestigung der k\u00fcnstlichen Z\u00e4hne zu schaffen. Sie ahmen die nat\u00fcrliche Struktur der Z\u00e4hne nach, f\u00f6rdern die Knochengesundheit und verhindern einen weiteren Abbau des Kieferknochens.<\/p>\n\n\n\n<p>Die Implantate, die wir beim Mehrfachzahnersatz verwenden, bestehen aus zwei Teilen: Titan-St\u00fctzpfeiler und individuell angefertigte Kronen. Wir haben verschiedene Optionen f\u00fcr Materialien und Techniken, die wir je nach Ihren Bed\u00fcrfnissen ausw\u00e4hlen.&nbsp;<\/p>\n\n\n\n<h2 class=\"gb-headline gb-headline-bb978788 gb-headline-text\"><strong>Mehrere Optionen f\u00fcr den Ersatz von Z\u00e4hnen<\/strong><\/h2>\n\n\n\n<p>Wenn Ihnen ein oder mehrere Z\u00e4hne fehlen, gibt es drei Hauptbehandlungsm\u00f6glichkeiten: <a href=\"https:\/\/www.verasmile.com\/de\/teil-und-vollprothesen\/\">Teilprothesen<\/a> (verschiedene Arten von Zahnbr\u00fccken) oder der Ersatz von mehreren Z\u00e4hnen durch Implantate. W\u00e4hrend eine Teilprothese mit Klammern an den umliegenden nat\u00fcrlichen Z\u00e4hnen befestigt wird, werden Zahnbr\u00fccken von den Nachbarz\u00e4hnen getragen und in die L\u00fccke eingesetzt. Beide k\u00f6nnen entweder abnehmbar oder fest angebracht sein.&nbsp;<\/p>\n\n\n\n<p>Der Ersatz mehrerer Z\u00e4hne durch Implantate ist dagegen dauerhaft. Wenn Sie nach einer dauerhaften, zuverl\u00e4ssigen und langlebigen L\u00f6sung suchen, sollten Sie den Ersatz mehrerer Z\u00e4hne durch Implantate in Betracht ziehen.&nbsp;<\/p>\n\n\n\n<h2 class=\"gb-headline gb-headline-218758e1 gb-headline-text\"><strong>Verfahren zum Ersatz mehrerer Z\u00e4hne bei Vera Smile<\/strong><\/h2>\n\n\n\n<h3 class=\"gb-headline gb-headline-59d06252 gb-headline-text\"><strong>Vorplanen<\/strong><\/h3>\n\n\n\n<p>Wenn Sie mit uns Kontakt aufnehmen, beginnen wir mit der Planung Ihrer Behandlung. Wir besprechen die besten Optionen f\u00fcr Ihren Fall und beginnen mit den Vorbereitungen.<\/p>\n\n\n\n<h3 class=\"gb-headline gb-headline-2b79d284 gb-headline-text\"><strong>Vor dem Verfahren<\/strong><\/h3>\n\n\n\n<p>Wir besorgen Ihre Fluginformationen, k\u00fcmmern uns um Ihre Unterkunft und Ihren Transport und informieren Sie \u00fcber Ihre Behandlungstage und -verfahren.&nbsp;<\/p>\n\n\n\n<p>Vor der Behandlung m\u00fcssen Sie sich bei der pers\u00f6nlichen Untersuchung einigen Tests und Beratungen unterziehen. Auf diese Weise stellen wir sicher, dass das Ergebnis des entworfenen Plans genau Ihren Erwartungen entspricht.<\/p>\n\n\n\n<h3 class=\"gb-headline gb-headline-ff6b0f4a gb-headline-text\"><strong>Verfahren<\/strong><\/h3>\n\n\n\n<p>Die Implantate werden chirurgisch in Ihren Kieferknochen eingesetzt und mit einer Krone versehen. Die Dauer der Operation kann je nach Ihrer pers\u00f6nlichen Situation angepasst werden.&nbsp;<\/p>\n\n\n\n<h3 class=\"gb-headline gb-headline-4f1be550 gb-headline-text\"><strong>Nach dem Verfahren<\/strong><\/h3>\n\n\n\n<p>Wir werden Ihren Heilungsprozess eine Zeit lang \u00fcberwachen und auf alle Bedenken eingehen, die Sie in dieser Zeit haben k\u00f6nnten. Sie m\u00fcssen die detaillierten Anweisungen befolgen, die wir Ihnen f\u00fcr die Pflege Ihrer Implantate nach dem Eingriff geben, um eine reibungslose und rasche Genesung zu gew\u00e4hrleisten.&nbsp;<\/p>\n\n\n\n<h2 class=\"gb-headline gb-headline-a109a055 gb-headline-text\"><strong>Nachsorge bei mehrfachem Zahnersatz<\/strong><\/h2>\n\n\n\n<p>Nach dem Ersatz mehrerer Z\u00e4hne in der T\u00fcrkei ist es sehr wichtig, dass Sie alle Anweisungen befolgen und alle Medikamente einnehmen. Seien Sie vorsichtig und vermeiden Sie eine Traumatisierung des Bereichs. Es ist v\u00f6llig normal, dass Schwellungen und Schmerzen auftreten. Sie k\u00f6nnen Ihre Schmerzmittel einnehmen und Eispackungen verwenden. Nach ein paar Tagen werden beide reduziert sein.<\/p>\n\n\n\n<h2 class=\"gb-headline gb-headline-809e19c1 gb-headline-text\"><strong>Wie viel kostet der Ersatz von mehreren Z\u00e4hnen?<\/strong><\/h2>\n\n\n\n<p>Implantate sind selbst f\u00fcr einen einzigen Zahn teuer. <a href=\"https:\/\/www.verasmile.com\/de\/enthuellt-kosten-fuer-zahnimplantate-in-der-tuerkei-im-vergleich-zu-den-vereinigten-staaten\/\">Die Kosten f\u00fcr den Ersatz mehrerer Z\u00e4hne durch Implantate<\/a> in den USA und im Vereinigten K\u00f6nigreich k\u00f6nnen daher erschreckend hoch sein. Die Kosten reichen von 500 bis 6000 Pfund pro Zahn, den Rest k\u00f6nnen Sie sich vorstellen. Wenn Sie ein Pauschalangebot wie &#8222;<a href=\"https:\/\/www.verasmile.com\/de\/zahnimplantate\/all-on-4-zahnimplantate\/\">All-on-Four<\/a>&#8222;-Zahnimplantat-Behandlungen oder All-on-Six-Zahnimplantat-Behandlungen in Anspruch nehmen, kann es insgesamt billiger sein, aber es handelt sich immer noch um eine betr\u00e4chtliche Menge Geld.&nbsp;<\/p>\n\n\n\n<p>Deshalb entscheiden sich die meisten Menschen f\u00fcr eine Zahnbehandlung in der T\u00fcrkei. Mit dem Geld, das sie in ihrem Land f\u00fcr den Eingriff ausgeben w\u00fcrden, oder sogar weniger, k\u00f6nnen sie sich behandeln lassen und einen kleinen Urlaub in Istanbul, einer der sch\u00f6nsten St\u00e4dte der Welt, machen. Das ist die Kirsche auf dem Sahneh\u00e4ubchen.&nbsp;<\/p>\n\n\n\n<p>Als Vera Smile, in der pulsierenden Stadt Istanbul, bieten wir einen wettbewerbsf\u00e4higen Preis f\u00fcr den Ersatz mehrerer Z\u00e4hne, ohne Kompromisse bei der Qualit\u00e4t einzugehen. Eine unserer Aufgaben ist es, eine hochwertige zahn\u00e4rztliche Versorgung f\u00fcr alle zug\u00e4nglich zu machen.&nbsp;<a href=\"https:\/\/www.verasmile.com\/de\/kontakt\/\">Kontaktieren<\/a> Sie uns, um eine detaillierte Kostenaufstellung zu erhalten.<\/p>\n\n\n\n<h2 class=\"gb-headline gb-headline-eebd104e gb-headline-text\"><strong>Warum Vera Smile?<\/strong><\/h2>\n\n\n\n<p>Wir sind stolz darauf, unseren Patienten eine einf\u00fchlsame, pers\u00f6nliche Betreuung, die neuesten zahnmedizinischen Technologien und ein gro\u00dfartiges Team zu bieten. Wir begleiten Sie auf Ihrer Reise zum Ersatz mehrerer Z\u00e4hne in der T\u00fcrkei und sorgen daf\u00fcr, dass Sie sich wohl, sicher und besonders f\u00fchlen.<\/p>\n\n\n\n<p>Mit unseren wettbewerbsf\u00e4higen Preisen, All-Inclusive-Paketen, einer langen Liste erfolgreicher Lebensumwandlungen und einem brandneuen L\u00e4cheln sowie unserer t\u00fcrkischen Kultur und Gastfreundschaft war es noch nie so einfach, uns f\u00fcr Ihren mehrfachen Zahnersatz in der T\u00fcrkei zu w\u00e4hlen.&nbsp;<\/p>\n\n\n\n<p>Vereinbaren Sie noch heute einen Termin, und beginnen Sie mit Ihrer Behandlung. Wir k\u00f6nnen es kaum erwarten, an Ihrer Verwandlung teilzuhaben!<\/p>\n\n\n\n<h2 class=\"gb-headline gb-headline-d90344d2 gb-headline-text\"><strong>FAQ<\/strong><\/h2>\n\n\n\n<h3 class=\"gb-headline gb-headline-3ed6ff39 gb-headline-text\"><strong>Ist der Ersatz mehrerer Z\u00e4hne schmerzhaft?<\/strong><\/h3>\n\n\n\n<p>Wir verwenden eine \u00f6rtliche Bet\u00e4ubung oder andere Bet\u00e4ubungsarten, um sicherzustellen, dass Sie w\u00e4hrend der Operation zum Ersatz mehrerer Z\u00e4hne keine Schmerzen versp\u00fcren. Allerdings kann es nach der Operation zu Unwohlsein, Schwellungen und Schmerzen kommen. Wir werden versuchen, diese durch Medikamente und spezielle Anweisungen zu minimieren.&nbsp;<\/p>\n\n\n\n<h3 class=\"gb-headline gb-headline-12c44d99 gb-headline-text\"><strong>Wie lange dauert das Verfahren zum Ersatz mehrerer Z\u00e4hne?<\/strong><\/h3>\n\n\n\n<p>Die Dauer von Operationen zum Ersatz mehrerer Z\u00e4hne kann je nach Anzahl der zu ersetzenden Z\u00e4hne, der Komplexit\u00e4t des Falles und Ihres Heilungsprozesses variieren. Bei Ihrer pers\u00f6nlichen Untersuchung wird es klarer sein.<\/p>\n\n\n\n<h3 class=\"gb-headline gb-headline-b78b5f0e gb-headline-text\"><strong>Wie lange halten k\u00fcnstliche Z\u00e4hne?<\/strong><\/h3>\n\n\n\n<p>Die Lebensdauer Ihrer Implantate h\u00e4ngt von der Art des Implantats und der Pflege ab, die Sie danach durchf\u00fchren. Bei richtiger und regelm\u00e4\u00dfiger Mundhygiene und zahn\u00e4rztlichen Kontrolluntersuchungen k\u00f6nnen Ihre Implantate viele Jahre lang halten. Die Erfahrungen jedes Einzelnen sind jedoch unterschiedlich.<\/p>\n\n\n\n<h3 class=\"gb-headline gb-headline-9e59fe61 gb-headline-text\"><strong>Ist es m\u00f6glich, alle Ihre Z\u00e4hne zu ersetzen?<\/strong><\/h3>\n\n\n\n<p>Ja, es ist m\u00f6glich, alle Ihre Z\u00e4hne zu ersetzen. Wenn Sie eine solche Behandlung ben\u00f6tigen, k\u00f6nnen wir nach einer eingehenden Untersuchung feststellen, welche Art und wie viele Behandlungen wir f\u00fcr Sie einsetzen k\u00f6nnen.<\/p>\n\n<\/div><\/div>\n\n<div class=\"gb-grid-column gb-grid-column-9795dbe7\"><div class=\"gb-container gb-container-9795dbe7 contact-sticky\">\n\n<h4 class=\"gb-headline gb-headline-83925198 gb-headline-text\">Erhalten Sie eine kostenlose Beratung<\/h4>\n\n\n\n<script charset=\"utf-8\" type=\"text\/javascript\" src=\"\/\/js.hsforms.net\/forms\/embed\/v2.js\"><\/script>\n<script>\n  hbspt.forms.create({\n    region: \"na1\",\n    portalId: \"5077067\",\n    formId: \"83b6f398-f0e9-4d45-a66f-f4fea07586f4\"\n  });\n<\/script>\n\n<\/div><\/div>\n<\/div>\n<\/div>","protected":false},"excerpt":{"rendered":"","protected":false},"author":1,"featured_media":12402,"parent":12385,"menu_order":0,"comment_status":"closed","ping_status":"closed","template":"","meta":{"inline_featured_image":false,"footnotes":""},"class_list":{"0":"post-12397","1":"page","2":"type-page","3":"status-publish","4":"has-post-thumbnail","6":"resize-featured-image"},"lang":"de","translations":{"en":1724,"it":11213,"fr":11600,"es":11881,"pt-pt":12111,"de":12397,"ar":13317,"tr":13757},"yoast_head":"<!-- This site is optimized with the Yoast SEO Premium plugin v27.4 (Yoast SEO v27.4) - https:\/\/yoast.com\/product\/yoast-seo-premium-wordpress\/ -->\n<title>Ersatz von mehreren Z\u00e4hnen\u00a0 - Vera Smile<\/title>\n<meta name=\"description\" content=\"k\u00f6nnte der Ersatz von mehreren Z\u00e4hnen in der T\u00fcrkei die richtige Wahl sein. Erfahren Sie, wie Sie Ihr L\u00e4cheln mit Zahnimplantaten wiederherstellen k\u00f6nnen\" \/>\n<meta name=\"robots\" content=\"index, follow, max-snippet:-1, max-image-preview:large, max-video-preview:-1\" \/>\n<link rel=\"canonical\" href=\"https:\/\/www.verasmile.com\/de\/zahnimplantate\/ersatz-von-mehreren-zaehnen\/\" \/>\n<meta property=\"og:locale\" content=\"de_DE\" \/>\n<meta property=\"og:type\" content=\"article\" \/>\n<meta property=\"og:title\" content=\"Ersatz von mehreren Z\u00e4hnen\u00a0\" \/>\n<meta property=\"og:description\" content=\"k\u00f6nnte der Ersatz von mehreren Z\u00e4hnen in der T\u00fcrkei die richtige Wahl sein. Erfahren Sie, wie Sie Ihr L\u00e4cheln mit Zahnimplantaten wiederherstellen k\u00f6nnen\" \/>\n<meta property=\"og:url\" content=\"https:\/\/www.verasmile.com\/de\/zahnimplantate\/ersatz-von-mehreren-zaehnen\/\" \/>\n<meta property=\"og:site_name\" content=\"Vera Smile\" \/>\n<meta property=\"article:publisher\" content=\"https:\/\/www.facebook.com\/VeraSmileDental\/\" \/>\n<meta property=\"article:modified_time\" content=\"2024-08-05T15:44:25+00:00\" \/>\n<meta property=\"og:image\" content=\"https:\/\/www.verasmile.com\/wp-content\/uploads\/2024\/02\/multple-teeth-implant.webp\" \/>\n\t<meta property=\"og:image:width\" content=\"1440\" \/>\n\t<meta property=\"og:image:height\" content=\"800\" \/>\n\t<meta property=\"og:image:type\" content=\"image\/webp\" \/>\n<meta name=\"twitter:card\" content=\"summary_large_image\" \/>\n<meta name=\"twitter:label1\" content=\"Gesch\u00e4tzte Lesezeit\" \/>\n\t<meta name=\"twitter:data1\" content=\"5\u00a0Minuten\" \/>\n<script type=\"application\/ld+json\" class=\"yoast-schema-graph\">{\"@context\":\"https:\\\/\\\/schema.org\",\"@graph\":[{\"@type\":\"WebPage\",\"@id\":\"https:\\\/\\\/www.verasmile.com\\\/de\\\/zahnimplantate\\\/ersatz-von-mehreren-zaehnen\\\/\",\"url\":\"https:\\\/\\\/www.verasmile.com\\\/de\\\/zahnimplantate\\\/ersatz-von-mehreren-zaehnen\\\/\",\"name\":\"Ersatz von mehreren Z\u00e4hnen\u00a0 - Vera Smile\",\"isPartOf\":{\"@id\":\"https:\\\/\\\/www.verasmile.com\\\/de\\\/#website\"},\"primaryImageOfPage\":{\"@id\":\"https:\\\/\\\/www.verasmile.com\\\/de\\\/zahnimplantate\\\/ersatz-von-mehreren-zaehnen\\\/#primaryimage\"},\"image\":{\"@id\":\"https:\\\/\\\/www.verasmile.com\\\/de\\\/zahnimplantate\\\/ersatz-von-mehreren-zaehnen\\\/#primaryimage\"},\"thumbnailUrl\":\"https:\\\/\\\/www.verasmile.com\\\/wp-content\\\/uploads\\\/2024\\\/02\\\/multple-teeth-implant.webp\",\"datePublished\":\"2023-07-07T09:26:41+00:00\",\"dateModified\":\"2024-08-05T15:44:25+00:00\",\"description\":\"k\u00f6nnte der Ersatz von mehreren Z\u00e4hnen in der T\u00fcrkei die richtige Wahl sein. Erfahren Sie, wie Sie Ihr L\u00e4cheln mit Zahnimplantaten wiederherstellen k\u00f6nnen\",\"breadcrumb\":{\"@id\":\"https:\\\/\\\/www.verasmile.com\\\/de\\\/zahnimplantate\\\/ersatz-von-mehreren-zaehnen\\\/#breadcrumb\"},\"inLanguage\":\"de\",\"potentialAction\":[{\"@type\":\"ReadAction\",\"target\":[\"https:\\\/\\\/www.verasmile.com\\\/de\\\/zahnimplantate\\\/ersatz-von-mehreren-zaehnen\\\/\"]}]},{\"@type\":\"ImageObject\",\"inLanguage\":\"de\",\"@id\":\"https:\\\/\\\/www.verasmile.com\\\/de\\\/zahnimplantate\\\/ersatz-von-mehreren-zaehnen\\\/#primaryimage\",\"url\":\"https:\\\/\\\/www.verasmile.com\\\/wp-content\\\/uploads\\\/2024\\\/02\\\/multple-teeth-implant.webp\",\"contentUrl\":\"https:\\\/\\\/www.verasmile.com\\\/wp-content\\\/uploads\\\/2024\\\/02\\\/multple-teeth-implant.webp\",\"width\":1440,\"height\":800,\"caption\":\"Ersatz von mehreren Z\u00e4hnen\"},{\"@type\":\"BreadcrumbList\",\"@id\":\"https:\\\/\\\/www.verasmile.com\\\/de\\\/zahnimplantate\\\/ersatz-von-mehreren-zaehnen\\\/#breadcrumb\",\"itemListElement\":[{\"@type\":\"ListItem\",\"position\":1,\"name\":\"Home\",\"item\":\"https:\\\/\\\/www.verasmile.com\\\/de\\\/\"},{\"@type\":\"ListItem\",\"position\":2,\"name\":\"Zahnimplantate: Arten, Verfahren, Kosten und Nachsorge\",\"item\":\"https:\\\/\\\/www.verasmile.com\\\/de\\\/zahnimplantate\\\/\"},{\"@type\":\"ListItem\",\"position\":3,\"name\":\"Ersatz von mehreren Z\u00e4hnen\u00a0\"}]},{\"@type\":\"WebSite\",\"@id\":\"https:\\\/\\\/www.verasmile.com\\\/de\\\/#website\",\"url\":\"https:\\\/\\\/www.verasmile.com\\\/de\\\/\",\"name\":\"Vera Smile Dental Clinic\",\"description\":\"Dental Clinic in Turkey, Istanbul 2026\",\"publisher\":{\"@id\":\"https:\\\/\\\/www.verasmile.com\\\/de\\\/#organization\"},\"potentialAction\":[{\"@type\":\"SearchAction\",\"target\":{\"@type\":\"EntryPoint\",\"urlTemplate\":\"https:\\\/\\\/www.verasmile.com\\\/de\\\/?s={search_term_string}\"},\"query-input\":{\"@type\":\"PropertyValueSpecification\",\"valueRequired\":true,\"valueName\":\"search_term_string\"}}],\"inLanguage\":\"de\"},{\"@type\":\"Organization\",\"@id\":\"https:\\\/\\\/www.verasmile.com\\\/de\\\/#organization\",\"name\":\"Vera Smile Dental Clinic\",\"url\":\"https:\\\/\\\/www.verasmile.com\\\/de\\\/\",\"logo\":{\"@type\":\"ImageObject\",\"inLanguage\":\"de\",\"@id\":\"https:\\\/\\\/www.verasmile.com\\\/de\\\/#\\\/schema\\\/logo\\\/image\\\/\",\"url\":\"https:\\\/\\\/www.verasmile.com\\\/wp-content\\\/uploads\\\/2026\\\/02\\\/Birles\u0327ik-Logo-scaled.png\",\"contentUrl\":\"https:\\\/\\\/www.verasmile.com\\\/wp-content\\\/uploads\\\/2026\\\/02\\\/Birles\u0327ik-Logo-scaled.png\",\"width\":2560,\"height\":244,\"caption\":\"Vera Smile Dental Clinic\"},\"image\":{\"@id\":\"https:\\\/\\\/www.verasmile.com\\\/de\\\/#\\\/schema\\\/logo\\\/image\\\/\"},\"sameAs\":[\"https:\\\/\\\/www.facebook.com\\\/VeraSmileDental\\\/\",\"https:\\\/\\\/www.instagram.com\\\/verasmile.dental\\\/\"]}]}<\/script>\n<!-- \/ Yoast SEO Premium plugin. -->","yoast_head_json":{"title":"Ersatz von mehreren Z\u00e4hnen\u00a0 - Vera Smile","description":"k\u00f6nnte der Ersatz von mehreren Z\u00e4hnen in der T\u00fcrkei die richtige Wahl sein. Erfahren Sie, wie Sie Ihr L\u00e4cheln mit Zahnimplantaten wiederherstellen k\u00f6nnen","robots":{"index":"index","follow":"follow","max-snippet":"max-snippet:-1","max-image-preview":"max-image-preview:large","max-video-preview":"max-video-preview:-1"},"canonical":"https:\/\/www.verasmile.com\/de\/zahnimplantate\/ersatz-von-mehreren-zaehnen\/","og_locale":"de_DE","og_type":"article","og_title":"Ersatz von mehreren Z\u00e4hnen\u00a0","og_description":"k\u00f6nnte der Ersatz von mehreren Z\u00e4hnen in der T\u00fcrkei die richtige Wahl sein. Erfahren Sie, wie Sie Ihr L\u00e4cheln mit Zahnimplantaten wiederherstellen k\u00f6nnen","og_url":"https:\/\/www.verasmile.com\/de\/zahnimplantate\/ersatz-von-mehreren-zaehnen\/","og_site_name":"Vera Smile","article_publisher":"https:\/\/www.facebook.com\/VeraSmileDental\/","article_modified_time":"2024-08-05T15:44:25+00:00","og_image":[{"width":1440,"height":800,"url":"https:\/\/www.verasmile.com\/wp-content\/uploads\/2024\/02\/multple-teeth-implant.webp","type":"image\/webp"}],"twitter_card":"summary_large_image","twitter_misc":{"Gesch\u00e4tzte Lesezeit":"5\u00a0Minuten"},"schema":{"@context":"https:\/\/schema.org","@graph":[{"@type":"WebPage","@id":"https:\/\/www.verasmile.com\/de\/zahnimplantate\/ersatz-von-mehreren-zaehnen\/","url":"https:\/\/www.verasmile.com\/de\/zahnimplantate\/ersatz-von-mehreren-zaehnen\/","name":"Ersatz von mehreren Z\u00e4hnen\u00a0 - Vera Smile","isPartOf":{"@id":"https:\/\/www.verasmile.com\/de\/#website"},"primaryImageOfPage":{"@id":"https:\/\/www.verasmile.com\/de\/zahnimplantate\/ersatz-von-mehreren-zaehnen\/#primaryimage"},"image":{"@id":"https:\/\/www.verasmile.com\/de\/zahnimplantate\/ersatz-von-mehreren-zaehnen\/#primaryimage"},"thumbnailUrl":"https:\/\/www.verasmile.com\/wp-content\/uploads\/2024\/02\/multple-teeth-implant.webp","datePublished":"2023-07-07T09:26:41+00:00","dateModified":"2024-08-05T15:44:25+00:00","description":"k\u00f6nnte der Ersatz von mehreren Z\u00e4hnen in der T\u00fcrkei die richtige Wahl sein. Erfahren Sie, wie Sie Ihr L\u00e4cheln mit Zahnimplantaten wiederherstellen k\u00f6nnen","breadcrumb":{"@id":"https:\/\/www.verasmile.com\/de\/zahnimplantate\/ersatz-von-mehreren-zaehnen\/#breadcrumb"},"inLanguage":"de","potentialAction":[{"@type":"ReadAction","target":["https:\/\/www.verasmile.com\/de\/zahnimplantate\/ersatz-von-mehreren-zaehnen\/"]}]},{"@type":"ImageObject","inLanguage":"de","@id":"https:\/\/www.verasmile.com\/de\/zahnimplantate\/ersatz-von-mehreren-zaehnen\/#primaryimage","url":"https:\/\/www.verasmile.com\/wp-content\/uploads\/2024\/02\/multple-teeth-implant.webp","contentUrl":"https:\/\/www.verasmile.com\/wp-content\/uploads\/2024\/02\/multple-teeth-implant.webp","width":1440,"height":800,"caption":"Ersatz von mehreren Z\u00e4hnen"},{"@type":"BreadcrumbList","@id":"https:\/\/www.verasmile.com\/de\/zahnimplantate\/ersatz-von-mehreren-zaehnen\/#breadcrumb","itemListElement":[{"@type":"ListItem","position":1,"name":"Home","item":"https:\/\/www.verasmile.com\/de\/"},{"@type":"ListItem","position":2,"name":"Zahnimplantate: Arten, Verfahren, Kosten und Nachsorge","item":"https:\/\/www.verasmile.com\/de\/zahnimplantate\/"},{"@type":"ListItem","position":3,"name":"Ersatz von mehreren Z\u00e4hnen\u00a0"}]},{"@type":"WebSite","@id":"https:\/\/www.verasmile.com\/de\/#website","url":"https:\/\/www.verasmile.com\/de\/","name":"Vera Smile Dental Clinic","description":"Dental Clinic in Turkey, Istanbul 2026","publisher":{"@id":"https:\/\/www.verasmile.com\/de\/#organization"},"potentialAction":[{"@type":"SearchAction","target":{"@type":"EntryPoint","urlTemplate":"https:\/\/www.verasmile.com\/de\/?s={search_term_string}"},"query-input":{"@type":"PropertyValueSpecification","valueRequired":true,"valueName":"search_term_string"}}],"inLanguage":"de"},{"@type":"Organization","@id":"https:\/\/www.verasmile.com\/de\/#organization","name":"Vera Smile Dental Clinic","url":"https:\/\/www.verasmile.com\/de\/","logo":{"@type":"ImageObject","inLanguage":"de","@id":"https:\/\/www.verasmile.com\/de\/#\/schema\/logo\/image\/","url":"https:\/\/www.verasmile.com\/wp-content\/uploads\/2026\/02\/Birles\u0327ik-Logo-scaled.png","contentUrl":"https:\/\/www.verasmile.com\/wp-content\/uploads\/2026\/02\/Birles\u0327ik-Logo-scaled.png","width":2560,"height":244,"caption":"Vera Smile Dental Clinic"},"image":{"@id":"https:\/\/www.verasmile.com\/de\/#\/schema\/logo\/image\/"},"sameAs":["https:\/\/www.facebook.com\/VeraSmileDental\/","https:\/\/www.instagram.com\/verasmile.dental\/"]}]}},"_links":{"self":[{"href":"https:\/\/www.verasmile.com\/de\/wp-json\/wp\/v2\/pages\/12397","targetHints":{"allow":["GET"]}}],"collection":[{"href":"https:\/\/www.verasmile.com\/de\/wp-json\/wp\/v2\/pages"}],"about":[{"href":"https:\/\/www.verasmile.com\/de\/wp-json\/wp\/v2\/types\/page"}],"author":[{"embeddable":true,"href":"https:\/\/www.verasmile.com\/de\/wp-json\/wp\/v2\/users\/1"}],"replies":[{"embeddable":true,"href":"https:\/\/www.verasmile.com\/de\/wp-json\/wp\/v2\/comments?post=12397"}],"version-history":[{"count":0,"href":"https:\/\/www.verasmile.com\/de\/wp-json\/wp\/v2\/pages\/12397\/revisions"}],"up":[{"embeddable":true,"href":"https:\/\/www.verasmile.com\/de\/wp-json\/wp\/v2\/pages\/12385"}],"wp:featuredmedia":[{"embeddable":true,"href":"https:\/\/www.verasmile.com\/de\/wp-json\/wp\/v2\/media\/12402"}],"wp:attachment":[{"href":"https:\/\/www.verasmile.com\/de\/wp-json\/wp\/v2\/media?parent=12397"}],"curies":[{"name":"wp","href":"https:\/\/api.w.org\/{rel}","templated":true}]}}