{"id":12413,"date":"2023-07-07T12:20:34","date_gmt":"2023-07-07T09:20:34","guid":{"rendered":"https:\/\/www.verasmile.com\/?page_id=12413"},"modified":"2025-05-19T14:26:16","modified_gmt":"2025-05-19T11:26:16","slug":"teil-und-vollprothesen","status":"publish","type":"page","link":"https:\/\/www.verasmile.com\/de\/teil-und-vollprothesen\/","title":{"rendered":"Teil- und Vollprothesen"},"content":{"rendered":"<div class=\"gb-container gb-container-93a0bc86\">\n<div class=\"gb-grid-wrapper gb-grid-wrapper-6232a014\">\n<div class=\"gb-grid-column gb-grid-column-141c614b\"><div class=\"gb-container gb-container-141c614b\">\n\n<p>Der Verlust eines Zahns kann einen einfachen, nat\u00fcrlichen Akt des L\u00e4chelns in eine Quelle der Verlegenheit und des Unbehagens verwandeln. Man \u00fcberlegt es sich zweimal, bevor man l\u00e4chelt oder sogar spricht, wenn das L\u00e4cheln in irgendeiner Weise besch\u00e4digt ist. Ob durch Karies, ein Trauma oder altersbedingte Faktoren verursacht, das Fehlen von Z\u00e4hnen w\u00fcrde Ihren Alltag und Ihr langfristiges Wohlbefinden beeintr\u00e4chtigen. Voll- und Teilprothesen geh\u00f6ren zu den Behandlungen, die wir f\u00fcr unsere Patienten mit fehlenden Z\u00e4hnen in Betracht ziehen, insbesondere wenn sie aus verschiedenen Gr\u00fcnden keine Zahnimplantate erhalten k\u00f6nnen. Es handelt sich um herausnehmbare Apparaturen, die fehlende Z\u00e4hne im Ober- oder Unterkiefer oder in beiden Kiefern ersetzen.<\/p>\n\n\n\n<h2 class=\"gb-headline gb-headline-2065268b gb-headline-text\"><strong>Was sind Voll- und Teilprothesen?<\/strong><\/h2>\n\n\n\n<p>Zahnprothesen sind ein herausnehmbarer prothetischer Ersatz f\u00fcr fehlende Z\u00e4hne und das umgebende Gewebe. Es gibt zwei verschiedene Arten von Zahnersatz: Voll- und Teilprothesen. Ganz gleich, ob Ihnen alle oder nur einige Z\u00e4hne fehlen, dieser individuelle Zahnersatz wird so gefertigt, dass er bequem in die L\u00fccken passt und das nat\u00fcrliche Aussehen der Z\u00e4hne nachahmt.&nbsp;<\/p>\n\n\n\n<h3 class=\"gb-headline gb-headline-3da99d62 gb-headline-text\"><strong>Vollprothesen<\/strong><\/h3>\n\n\n\n<p>Es gibt zwei Arten von Totalprothesen: konventionelle und Sofortprothesen. Bei konventionellem Zahnersatz entfernen wir die besch\u00e4digten Z\u00e4hne, lassen das Zahnfleisch heilen und setzen die Prothese wie eine Sofortprothese ein, allerdings mit einem kleinen Unterschied: Die Wartezeit in der Mitte betr\u00e4gt acht bis zw\u00f6lf Wochen. Sie sind jedoch haltbarer und komfortabler und bieten Ihnen eine L\u00f6sung, die ein Leben lang halten wird.<\/p>\n\n\n\n<p>Sofortprothesen hingegen werden im Voraus angefertigt und k\u00f6nnen eingesetzt werden, sobald die Z\u00e4hne entfernt sind. Dank der Sofortprothesen-Behandlung sind Sie w\u00e4hrend der Heilungsphase nicht zahnlos. Allerdings m\u00fcssen wir w\u00e4hrend des Heilungsprozesses viele Anpassungen vornehmen, damit sie richtig sitzen, und wir betrachten sie aufgrund ihrer Beschaffenheit nur als vor\u00fcbergehende L\u00f6sung.<\/p>\n\n\n\n<h3 class=\"gb-headline gb-headline-e0b7f582 gb-headline-text\"><strong>Teilprothesen<\/strong><\/h3>\n\n\n\n<p>Teilprothesen sind <a href=\"https:\/\/www.verasmile.com\/de\/kosmetische-zahnmedizin\/behandlung-mit-zahnbrucken\/\">Zahnbr\u00fccken<\/a>, die aus Ersatzz\u00e4hnen bestehen, die auf einer zahnfleischfarbenen Kunststoffbasis befestigt sind, die mit einem Metallger\u00fcst verbunden ist. Sie werden verwendet, wenn Sie hier und da noch nat\u00fcrliche Z\u00e4hne haben. Teilprothesen f\u00fcllen die L\u00fccken und verhindern, dass sich andere Z\u00e4hne verschieben, ihre Position ver\u00e4ndern und schlie\u00dflich die Form des Gesichts ver\u00e4ndern.<\/p>\n\n\n<div class=\"gb-container gb-container-ae85ab7a\">\n\n<figure class=\"gb-block-image gb-block-image-47e2c2d6\"><img loading=\"lazy\" decoding=\"async\" width=\"1620\" height=\"1080\" class=\"gb-image gb-image-47e2c2d6\" src=\"https:\/\/www.verasmile.com\/wp-content\/uploads\/2024\/02\/a-denture-on-a-gypsum-base-in-the-hand-of-a-dentis-2023-11-27-05-10-40-utc-1.webp\" alt=\"Teil-und Vollprothesen\" title=\"a-denture-on-a-gypsum-base-in-the-hand-of-a-dentis-2023-11-27-05-10-40-utc-1\" srcset=\"https:\/\/www.verasmile.com\/wp-content\/uploads\/2024\/02\/a-denture-on-a-gypsum-base-in-the-hand-of-a-dentis-2023-11-27-05-10-40-utc-1.webp 1620w, https:\/\/www.verasmile.com\/wp-content\/uploads\/2024\/02\/a-denture-on-a-gypsum-base-in-the-hand-of-a-dentis-2023-11-27-05-10-40-utc-1-300x200.webp 300w, https:\/\/www.verasmile.com\/wp-content\/uploads\/2024\/02\/a-denture-on-a-gypsum-base-in-the-hand-of-a-dentis-2023-11-27-05-10-40-utc-1-1024x683.webp 1024w, https:\/\/www.verasmile.com\/wp-content\/uploads\/2024\/02\/a-denture-on-a-gypsum-base-in-the-hand-of-a-dentis-2023-11-27-05-10-40-utc-1-768x512.webp 768w, https:\/\/www.verasmile.com\/wp-content\/uploads\/2024\/02\/a-denture-on-a-gypsum-base-in-the-hand-of-a-dentis-2023-11-27-05-10-40-utc-1-1536x1024.webp 1536w\" sizes=\"auto, (max-width: 1620px) 100vw, 1620px\" \/><\/figure>\n\n<\/div>\n\n\n<h2 class=\"gb-headline gb-headline-aea3eb8b gb-headline-text\"><strong>Ist es besser, Vollprothesen oder Teilprothesen zu bekommen?<\/strong><\/h2>\n\n\n\n<p>Das Fehlen von Z\u00e4hnen ist nicht zu untersch\u00e4tzen. Ihre physische und psychische Gesundheit kann auf Dauer gro\u00dfen Schaden nehmen. Um diese negativen Folgen zu vermeiden, sollten Sie Ma\u00dfnahmen ergreifen. Nach einer Untersuchung und Beratung durch unser Team k\u00f6nnen Sie entscheiden, welche Methode in Ihrem Fall die beste ist.&nbsp;<\/p>\n\n\n\n<p>Voll- und Teilprothesen geh\u00f6ren zu den Behandlungen, die wir bei fehlenden Z\u00e4hnen einsetzen. In der Regel entscheiden wir uns je nach Situation des Patienten f\u00fcr eine von ihnen. Wenn Sie eine gute Mundgesundheit haben und nur ein paar Z\u00e4hne ersetzt werden m\u00fcssen, ist eine Teilprothese das Richtige f\u00fcr Sie. Wenn Sie jedoch unter <a href=\"https:\/\/www.verasmile.com\/de\/zahnimplantate\/ersatz-von-mehreren-zaehnen\/\">mehreren fehlenden Z\u00e4hnen<\/a> und einer Zahnfleischerkrankung leiden, empfehlen wir Ihnen eine Vollprothese.&nbsp;<\/p>\n\n\n\n<h2 class=\"gb-headline gb-headline-c354bc5e gb-headline-text\"><strong>Voll- und Teilprothesen bei Vera Smile<\/strong><\/h2>\n\n\n\n<h3 class=\"gb-headline gb-headline-a96aef3e gb-headline-text\"><strong>Vorplanen<\/strong><\/h3>\n\n\n\n<p>Nach Ihrer Konsultation erstellen wir einen Behandlungsplan f\u00fcr Ihren Fall. Dieser Plan kann nach Ihrer pers\u00f6nlichen Untersuchung in der Klinik noch geringf\u00fcgig ge\u00e4ndert werden.&nbsp;<\/p>\n\n\n\n<h3 class=\"gb-headline gb-headline-fec2a136 gb-headline-text\"><strong>Vor dem Verfahren<\/strong><\/h3>\n\n\n\n<p>Wir bereiten Sie mit Ihrem VIP-Transport und Ihren Unterk\u00fcnften vor. Wenn wir Sie in die Klinik bringen, werden Sie pers\u00f6nlich untersucht, um sicherzustellen, dass der von uns ausgearbeitete Plan perfekt f\u00fcr Sie ist. Wir entscheiden dann alles gemeinsam, Schritt f\u00fcr Schritt, um sicherzustellen, dass Sie sich wohlf\u00fchlen.<\/p>\n\n\n\n<h3 class=\"gb-headline gb-headline-54d42727 gb-headline-text\"><strong>Verfahren<\/strong><\/h3>\n\n\n\n<p>Es gibt verschiedene Arten von Behandlungen im Rahmen des Verfahrens f\u00fcr Voll- oder Teilprothesen. Je nach Behandlung kann Ihr Prozess anders verlaufen als bei anderen Patienten. Bei allen Voll- und Teilprothesen m\u00fcssen wir jedoch genaue Abdr\u00fccke und Ma\u00dfe f\u00fcr Ihren individuellen Zahnersatz nehmen. Es werden Gespr\u00e4che gef\u00fchrt, um die richtige Form, Farbe und Passform sicherzustellen.&nbsp;<\/p>\n\n\n\n<h3 class=\"gb-headline gb-headline-4ec054a1 gb-headline-text\"><strong>Nach dem Verfahren<\/strong><\/h3>\n\n\n\n<p>Nach dem Eingriff erhalten Sie von uns Anweisungen zur richtigen Pflege Ihrer Zahnprothese und zur Erhaltung einer guten Mundgesundheit.<\/p>\n\n\n\n<h2 class=\"gb-headline gb-headline-2fabf79d gb-headline-text\"><strong>Nachbehandlung f\u00fcr Voll- und Teilprothesen<\/strong><\/h2>\n\n\n\n<p>In den ersten Tagen m\u00fcssen Sie Ihre Prothese st\u00e4ndig tragen, um sicherzustellen, dass alles reibungslos funktioniert. Nachdem Sie sich von dieser Phase erholt haben, m\u00fcssen Sie sie \u00fcber Nacht liegen lassen, damit sich Ihr Zahnfleisch erholen kann. Sie m\u00fcssen sie w\u00f6chentlich reinigen, indem Sie sie in einem Reinigungsmittel einweichen. Wenn Sie eine Teilprothese tragen, m\u00fcssen Sie Ihre Z\u00e4hne alle drei Monate reinigen lassen, damit Sie Ihre Mundgesundheit erhalten k\u00f6nnen.&nbsp;<\/p>\n\n\n\n<h2 class=\"gb-headline gb-headline-df901538 gb-headline-text\"><strong>Wie viel kostet eine Prothese?<\/strong><\/h2>\n\n\n\n<p>Je nach Qualit\u00e4t des Zahnersatzes k\u00f6nnen Voll- und Teilprothesen im Vereinigten K\u00f6nigreich und in den USA zwischen 300 $ und 8.000 $ kosten. Ja, die Preisspanne ist sehr gro\u00df, aber die Behandlung h\u00e4ngt von vielen Faktoren ab, die es uns unm\u00f6glich machen, Ihnen einen genauen Preis zu nennen. Qualitativ hochwertige Teil- und Vollprothesen sind jedoch immer etwas teurer.&nbsp;<\/p>\n\n\n\n<p>Aber es gibt keinen Grund, sich zu stressen; der Zahntourismus ist f\u00fcr Sie da. Mit dem Zahntourismus k\u00f6nnen Sie Ihre Behandlung plus eine sch\u00f6ne Reise in die T\u00fcrkei f\u00fcr die Kosten der ersten oder sogar weniger bekommen. Die Kosten f\u00fcr Zahnersatz in der T\u00fcrkei liegen zwischen 400 und 2500 Dollar, was weitaus g\u00fcnstiger ist als in anderen L\u00e4ndern. Schauen Sie auf unserer Preisseite nach, um eine Vorstellung von den Kosten f\u00fcr Zahnersatz in der T\u00fcrkei zu bekommen. Nehmen Sie Kontakt mit uns auf, um eine vollst\u00e4ndige Kostenaufstellung speziell f\u00fcr Ihren Fall zu erhalten.\u00a0\u00a0<\/p>\n\n\n\n<h2 class=\"gb-headline gb-headline-9396b1f8 gb-headline-text\"><strong>Warum Vera Smile?<\/strong><\/h2>\n\n\n\n<p>Die Behandlungen, die wir anbieten, die Dienstleistungen, die wir erbringen, unsere Hightech-Einrichtungen und das gro\u00dfartige Team, das wir zusammengestellt haben &#8211; all das ist dazu da, dass Sie sich vor, w\u00e4hrend und nach dem Eingriff wohl und sicher f\u00fchlen. Wir stimmen jeden Behandlungsplan auf die spezifischen Bed\u00fcrfnisse jedes einzelnen Patienten ab. Es ist wichtig, sicherzustellen, dass jeder Patient die richtige und wirksame L\u00f6sung f\u00fcr sein Problem erh\u00e4lt.<\/p>\n\n\n\n<p>Wenn Sie Zahntourismus mit Vera Smile kombinieren, k\u00f6nnen Sie sicher sein, dass Sie Ihr Trauml\u00e4cheln bekommen und gleichzeitig ein aufregendes Abenteuer im Ausland erleben. In Istanbul (T\u00fcrkei), einem der wichtigsten Tourismuszentren der Welt, k\u00f6nnen Sie mit Vera Smile hervorragende Leistungen entdecken.<\/p>\n\n\n\n<h2 class=\"gb-headline gb-headline-90710bf0 gb-headline-text\"><strong>FAQ<\/strong><\/h2>\n\n\n\n<h3 class=\"gb-headline gb-headline-5cc5fd9f gb-headline-text\"><strong>Wird das Essen mit einer neuen Prothese schwierig sein?<\/strong><\/h3>\n\n\n\n<p>Das Essen nach einer neuen Prothese kann anfangs etwas unangenehm sein. Um sich an das neue Gebiss zu gew\u00f6hnen, sollten Sie mit Fl\u00fcssigkeiten und weichen, in kleine St\u00fccke geschnittenen Speisen beginnen. Sobald Sie sich daran gew\u00f6hnt haben, sollten Sie langsam zu Ihrer normalen Ern\u00e4hrung zur\u00fcckkehren, aber weiterhin knochige, klebrige und harte Lebensmittel vermeiden.&nbsp;<\/p>\n\n\n\n<h3 class=\"gb-headline gb-headline-3b6a9186 gb-headline-text\"><strong>Wird sich meine Sprechweise durch die Prothese ver\u00e4ndern?<\/strong><\/h3>\n\n\n\n<p>\u00dcbung macht den Meister. Mit der Zeit werden Sie sich daran gew\u00f6hnen, mit Ihrer Prothese zu sprechen, und es wird so sein wie fr\u00fcher. Wenn Sie jedoch das Gef\u00fchl haben, dass Ihr Gebiss beim Sprechen klickt oder beim Stehen uneben ist, sollten Sie es \u00fcberpr\u00fcfen lassen.&nbsp;<\/p>\n\n\n\n<h3 class=\"gb-headline gb-headline-942ef22f gb-headline-text\"><strong>Muss ich meine Prothese die ganze Zeit tragen?<\/strong><\/h3>\n\n\n\n<p>Es h\u00e4ngt von Ihrem Fall ab, aber wir werden Sie wahrscheinlich bitten, Ihre Prothese in den ersten Tagen st\u00e4ndig zu tragen, um sicherzustellen, dass alles genau so ist, wie es sein soll. Sobald wir sicher sind, dass es keine Probleme gibt, sollten Sie Ihre Prothese vor dem Schlafengehen herausnehmen, damit sich das Zahnfleischgewebe erholen kann.<\/p>\n\n<\/div><\/div>\n\n<div class=\"gb-grid-column gb-grid-column-9795dbe7\"><div class=\"gb-container gb-container-9795dbe7 contact-sticky\">\n\n<h4 class=\"gb-headline gb-headline-83925198 gb-headline-text\">Erhalten Sie eine kostenlose Beratung<\/h4>\n\n\n\n<script charset=\"utf-8\" type=\"text\/javascript\" src=\"\/\/js.hsforms.net\/forms\/embed\/v2.js\"><\/script>\n<script>\n  hbspt.forms.create({\n    region: \"na1\",\n    portalId: \"5077067\",\n    formId: \"83b6f398-f0e9-4d45-a66f-f4fea07586f4\"\n  });\n<\/script>\n\n<\/div><\/div>\n<\/div>\n<\/div>","protected":false},"excerpt":{"rendered":"","protected":false},"author":1,"featured_media":12418,"parent":0,"menu_order":0,"comment_status":"closed","ping_status":"closed","template":"","meta":{"inline_featured_image":false,"footnotes":""},"class_list":{"0":"post-12413","1":"page","2":"type-page","3":"status-publish","4":"has-post-thumbnail","6":"resize-featured-image"},"lang":"de","translations":{"en":1716,"it":11219,"fr":11616,"es":11888,"pt-pt":12117,"de":12413,"ar":13444,"tr":13767},"yoast_head":"<!-- This site is optimized with the Yoast SEO Premium plugin v27.4 (Yoast SEO v27.4) - https:\/\/yoast.com\/product\/yoast-seo-premium-wordpress\/ -->\n<title>Teil- und Vollprothesen - Vera Smile<\/title>\n<meta name=\"description\" content=\"Entdecken Sie die Vorteile von Teil- und Vollprothesen bei fehlenden Z\u00e4hnen. L\u00e4cheln Sie wieder selbstbewusst mit der Vera Smile Zahnklinik.\" \/>\n<meta name=\"robots\" content=\"index, follow, max-snippet:-1, max-image-preview:large, max-video-preview:-1\" \/>\n<link rel=\"canonical\" href=\"https:\/\/www.verasmile.com\/de\/teil-und-vollprothesen\/\" \/>\n<meta property=\"og:locale\" content=\"de_DE\" \/>\n<meta property=\"og:type\" content=\"article\" \/>\n<meta property=\"og:title\" content=\"Teil- und Vollprothesen\" \/>\n<meta property=\"og:description\" content=\"Entdecken Sie die Vorteile von Teil- und Vollprothesen bei fehlenden Z\u00e4hnen. L\u00e4cheln Sie wieder selbstbewusst mit der Vera Smile Zahnklinik.\" \/>\n<meta property=\"og:url\" content=\"https:\/\/www.verasmile.com\/de\/teil-und-vollprothesen\/\" \/>\n<meta property=\"og:site_name\" content=\"Vera Smile\" \/>\n<meta property=\"article:publisher\" content=\"https:\/\/www.facebook.com\/VeraSmileDental\/\" \/>\n<meta property=\"article:modified_time\" content=\"2025-05-19T11:26:16+00:00\" \/>\n<meta property=\"og:image\" content=\"https:\/\/www.verasmile.com\/wp-content\/uploads\/2024\/02\/Partial-and-Complete-Dentures.webp\" \/>\n\t<meta property=\"og:image:width\" content=\"1440\" \/>\n\t<meta property=\"og:image:height\" content=\"800\" \/>\n\t<meta property=\"og:image:type\" content=\"image\/webp\" \/>\n<meta name=\"twitter:card\" content=\"summary_large_image\" \/>\n<meta name=\"twitter:label1\" content=\"Gesch\u00e4tzte Lesezeit\" \/>\n\t<meta name=\"twitter:data1\" content=\"6\u00a0Minuten\" \/>\n<script type=\"application\/ld+json\" class=\"yoast-schema-graph\">{\"@context\":\"https:\\\/\\\/schema.org\",\"@graph\":[{\"@type\":\"WebPage\",\"@id\":\"https:\\\/\\\/www.verasmile.com\\\/de\\\/teil-und-vollprothesen\\\/\",\"url\":\"https:\\\/\\\/www.verasmile.com\\\/de\\\/teil-und-vollprothesen\\\/\",\"name\":\"Teil- und Vollprothesen - Vera Smile\",\"isPartOf\":{\"@id\":\"https:\\\/\\\/www.verasmile.com\\\/de\\\/#website\"},\"primaryImageOfPage\":{\"@id\":\"https:\\\/\\\/www.verasmile.com\\\/de\\\/teil-und-vollprothesen\\\/#primaryimage\"},\"image\":{\"@id\":\"https:\\\/\\\/www.verasmile.com\\\/de\\\/teil-und-vollprothesen\\\/#primaryimage\"},\"thumbnailUrl\":\"https:\\\/\\\/www.verasmile.com\\\/wp-content\\\/uploads\\\/2024\\\/02\\\/Partial-and-Complete-Dentures.webp\",\"datePublished\":\"2023-07-07T09:20:34+00:00\",\"dateModified\":\"2025-05-19T11:26:16+00:00\",\"description\":\"Entdecken Sie die Vorteile von Teil- und Vollprothesen bei fehlenden Z\u00e4hnen. L\u00e4cheln Sie wieder selbstbewusst mit der Vera Smile Zahnklinik.\",\"breadcrumb\":{\"@id\":\"https:\\\/\\\/www.verasmile.com\\\/de\\\/teil-und-vollprothesen\\\/#breadcrumb\"},\"inLanguage\":\"de\",\"potentialAction\":[{\"@type\":\"ReadAction\",\"target\":[\"https:\\\/\\\/www.verasmile.com\\\/de\\\/teil-und-vollprothesen\\\/\"]}]},{\"@type\":\"ImageObject\",\"inLanguage\":\"de\",\"@id\":\"https:\\\/\\\/www.verasmile.com\\\/de\\\/teil-und-vollprothesen\\\/#primaryimage\",\"url\":\"https:\\\/\\\/www.verasmile.com\\\/wp-content\\\/uploads\\\/2024\\\/02\\\/Partial-and-Complete-Dentures.webp\",\"contentUrl\":\"https:\\\/\\\/www.verasmile.com\\\/wp-content\\\/uploads\\\/2024\\\/02\\\/Partial-and-Complete-Dentures.webp\",\"width\":1440,\"height\":800,\"caption\":\"Teil-und Vollprothesen in der T\u00fcrkei\"},{\"@type\":\"BreadcrumbList\",\"@id\":\"https:\\\/\\\/www.verasmile.com\\\/de\\\/teil-und-vollprothesen\\\/#breadcrumb\",\"itemListElement\":[{\"@type\":\"ListItem\",\"position\":1,\"name\":\"Home\",\"item\":\"https:\\\/\\\/www.verasmile.com\\\/de\\\/\"},{\"@type\":\"ListItem\",\"position\":2,\"name\":\"Teil- und Vollprothesen\"}]},{\"@type\":\"WebSite\",\"@id\":\"https:\\\/\\\/www.verasmile.com\\\/de\\\/#website\",\"url\":\"https:\\\/\\\/www.verasmile.com\\\/de\\\/\",\"name\":\"Vera Smile Dental Clinic\",\"description\":\"Dental Clinic in Turkey, Istanbul 2026\",\"publisher\":{\"@id\":\"https:\\\/\\\/www.verasmile.com\\\/de\\\/#organization\"},\"potentialAction\":[{\"@type\":\"SearchAction\",\"target\":{\"@type\":\"EntryPoint\",\"urlTemplate\":\"https:\\\/\\\/www.verasmile.com\\\/de\\\/?s={search_term_string}\"},\"query-input\":{\"@type\":\"PropertyValueSpecification\",\"valueRequired\":true,\"valueName\":\"search_term_string\"}}],\"inLanguage\":\"de\"},{\"@type\":\"Organization\",\"@id\":\"https:\\\/\\\/www.verasmile.com\\\/de\\\/#organization\",\"name\":\"Vera Smile Dental Clinic\",\"url\":\"https:\\\/\\\/www.verasmile.com\\\/de\\\/\",\"logo\":{\"@type\":\"ImageObject\",\"inLanguage\":\"de\",\"@id\":\"https:\\\/\\\/www.verasmile.com\\\/de\\\/#\\\/schema\\\/logo\\\/image\\\/\",\"url\":\"https:\\\/\\\/www.verasmile.com\\\/wp-content\\\/uploads\\\/2026\\\/02\\\/Birles\u0327ik-Logo-scaled.png\",\"contentUrl\":\"https:\\\/\\\/www.verasmile.com\\\/wp-content\\\/uploads\\\/2026\\\/02\\\/Birles\u0327ik-Logo-scaled.png\",\"width\":2560,\"height\":244,\"caption\":\"Vera Smile Dental Clinic\"},\"image\":{\"@id\":\"https:\\\/\\\/www.verasmile.com\\\/de\\\/#\\\/schema\\\/logo\\\/image\\\/\"},\"sameAs\":[\"https:\\\/\\\/www.facebook.com\\\/VeraSmileDental\\\/\",\"https:\\\/\\\/www.instagram.com\\\/verasmile.dental\\\/\"]}]}<\/script>\n<!-- \/ Yoast SEO Premium plugin. -->","yoast_head_json":{"title":"Teil- und Vollprothesen - Vera Smile","description":"Entdecken Sie die Vorteile von Teil- und Vollprothesen bei fehlenden Z\u00e4hnen. L\u00e4cheln Sie wieder selbstbewusst mit der Vera Smile Zahnklinik.","robots":{"index":"index","follow":"follow","max-snippet":"max-snippet:-1","max-image-preview":"max-image-preview:large","max-video-preview":"max-video-preview:-1"},"canonical":"https:\/\/www.verasmile.com\/de\/teil-und-vollprothesen\/","og_locale":"de_DE","og_type":"article","og_title":"Teil- und Vollprothesen","og_description":"Entdecken Sie die Vorteile von Teil- und Vollprothesen bei fehlenden Z\u00e4hnen. L\u00e4cheln Sie wieder selbstbewusst mit der Vera Smile Zahnklinik.","og_url":"https:\/\/www.verasmile.com\/de\/teil-und-vollprothesen\/","og_site_name":"Vera Smile","article_publisher":"https:\/\/www.facebook.com\/VeraSmileDental\/","article_modified_time":"2025-05-19T11:26:16+00:00","og_image":[{"width":1440,"height":800,"url":"https:\/\/www.verasmile.com\/wp-content\/uploads\/2024\/02\/Partial-and-Complete-Dentures.webp","type":"image\/webp"}],"twitter_card":"summary_large_image","twitter_misc":{"Gesch\u00e4tzte Lesezeit":"6\u00a0Minuten"},"schema":{"@context":"https:\/\/schema.org","@graph":[{"@type":"WebPage","@id":"https:\/\/www.verasmile.com\/de\/teil-und-vollprothesen\/","url":"https:\/\/www.verasmile.com\/de\/teil-und-vollprothesen\/","name":"Teil- und Vollprothesen - Vera Smile","isPartOf":{"@id":"https:\/\/www.verasmile.com\/de\/#website"},"primaryImageOfPage":{"@id":"https:\/\/www.verasmile.com\/de\/teil-und-vollprothesen\/#primaryimage"},"image":{"@id":"https:\/\/www.verasmile.com\/de\/teil-und-vollprothesen\/#primaryimage"},"thumbnailUrl":"https:\/\/www.verasmile.com\/wp-content\/uploads\/2024\/02\/Partial-and-Complete-Dentures.webp","datePublished":"2023-07-07T09:20:34+00:00","dateModified":"2025-05-19T11:26:16+00:00","description":"Entdecken Sie die Vorteile von Teil- und Vollprothesen bei fehlenden Z\u00e4hnen. L\u00e4cheln Sie wieder selbstbewusst mit der Vera Smile Zahnklinik.","breadcrumb":{"@id":"https:\/\/www.verasmile.com\/de\/teil-und-vollprothesen\/#breadcrumb"},"inLanguage":"de","potentialAction":[{"@type":"ReadAction","target":["https:\/\/www.verasmile.com\/de\/teil-und-vollprothesen\/"]}]},{"@type":"ImageObject","inLanguage":"de","@id":"https:\/\/www.verasmile.com\/de\/teil-und-vollprothesen\/#primaryimage","url":"https:\/\/www.verasmile.com\/wp-content\/uploads\/2024\/02\/Partial-and-Complete-Dentures.webp","contentUrl":"https:\/\/www.verasmile.com\/wp-content\/uploads\/2024\/02\/Partial-and-Complete-Dentures.webp","width":1440,"height":800,"caption":"Teil-und Vollprothesen in der T\u00fcrkei"},{"@type":"BreadcrumbList","@id":"https:\/\/www.verasmile.com\/de\/teil-und-vollprothesen\/#breadcrumb","itemListElement":[{"@type":"ListItem","position":1,"name":"Home","item":"https:\/\/www.verasmile.com\/de\/"},{"@type":"ListItem","position":2,"name":"Teil- und Vollprothesen"}]},{"@type":"WebSite","@id":"https:\/\/www.verasmile.com\/de\/#website","url":"https:\/\/www.verasmile.com\/de\/","name":"Vera Smile Dental Clinic","description":"Dental Clinic in Turkey, Istanbul 2026","publisher":{"@id":"https:\/\/www.verasmile.com\/de\/#organization"},"potentialAction":[{"@type":"SearchAction","target":{"@type":"EntryPoint","urlTemplate":"https:\/\/www.verasmile.com\/de\/?s={search_term_string}"},"query-input":{"@type":"PropertyValueSpecification","valueRequired":true,"valueName":"search_term_string"}}],"inLanguage":"de"},{"@type":"Organization","@id":"https:\/\/www.verasmile.com\/de\/#organization","name":"Vera Smile Dental Clinic","url":"https:\/\/www.verasmile.com\/de\/","logo":{"@type":"ImageObject","inLanguage":"de","@id":"https:\/\/www.verasmile.com\/de\/#\/schema\/logo\/image\/","url":"https:\/\/www.verasmile.com\/wp-content\/uploads\/2026\/02\/Birles\u0327ik-Logo-scaled.png","contentUrl":"https:\/\/www.verasmile.com\/wp-content\/uploads\/2026\/02\/Birles\u0327ik-Logo-scaled.png","width":2560,"height":244,"caption":"Vera Smile Dental Clinic"},"image":{"@id":"https:\/\/www.verasmile.com\/de\/#\/schema\/logo\/image\/"},"sameAs":["https:\/\/www.facebook.com\/VeraSmileDental\/","https:\/\/www.instagram.com\/verasmile.dental\/"]}]}},"_links":{"self":[{"href":"https:\/\/www.verasmile.com\/de\/wp-json\/wp\/v2\/pages\/12413","targetHints":{"allow":["GET"]}}],"collection":[{"href":"https:\/\/www.verasmile.com\/de\/wp-json\/wp\/v2\/pages"}],"about":[{"href":"https:\/\/www.verasmile.com\/de\/wp-json\/wp\/v2\/types\/page"}],"author":[{"embeddable":true,"href":"https:\/\/www.verasmile.com\/de\/wp-json\/wp\/v2\/users\/1"}],"replies":[{"embeddable":true,"href":"https:\/\/www.verasmile.com\/de\/wp-json\/wp\/v2\/comments?post=12413"}],"version-history":[{"count":1,"href":"https:\/\/www.verasmile.com\/de\/wp-json\/wp\/v2\/pages\/12413\/revisions"}],"predecessor-version":[{"id":25995,"href":"https:\/\/www.verasmile.com\/de\/wp-json\/wp\/v2\/pages\/12413\/revisions\/25995"}],"wp:featuredmedia":[{"embeddable":true,"href":"https:\/\/www.verasmile.com\/de\/wp-json\/wp\/v2\/media\/12418"}],"wp:attachment":[{"href":"https:\/\/www.verasmile.com\/de\/wp-json\/wp\/v2\/media?parent=12413"}],"curies":[{"name":"wp","href":"https:\/\/api.w.org\/{rel}","templated":true}]}}