{"id":12446,"date":"2023-07-07T12:52:52","date_gmt":"2023-07-07T09:52:52","guid":{"rendered":"https:\/\/www.verasmile.com\/?page_id=12446"},"modified":"2024-08-05T18:45:30","modified_gmt":"2024-08-05T15:45:30","slug":"gummy-smile-botox","status":"publish","type":"page","link":"https:\/\/www.verasmile.com\/de\/gummy-smile-botox\/","title":{"rendered":"Gummy-Smile-Botox"},"content":{"rendered":"<div class=\"gb-container gb-container-453dcd86\">\n<div class=\"gb-grid-wrapper gb-grid-wrapper-6232a014\">\n<div class=\"gb-grid-column gb-grid-column-141c614b\"><div class=\"gb-container gb-container-141c614b\">\n\n<p>F\u00fcr viele Menschen kann die Oberlippe ein Problem darstellen. Sie ist oft eine der ersten Stellen, an denen sich Alterserscheinungen zeigen, und kann im Gespr\u00e4ch mit anderen oder sogar beim Essen peinlich sein. Gl\u00fccklicherweise gibt es jetzt eine L\u00f6sung f\u00fcr dieses Problem in Form von Juvederm Volbella oder Belotero Balance F\u00fcllungen, die direkt in die Oberlippe injiziert werden k\u00f6nnen, um dieses Problem schnell und einfach mit wenig Ausfallzeit zu korrigieren. Die Ergebnisse bleiben bis zu zwei Jahre lang erhalten, d.h. wenn Sie Ihre Ergebnisse danach beibehalten m\u00f6chten, k\u00f6nnen wir jederzeit zu einem fr\u00fcheren Zeitpunkt wiederkommen!<\/p>\n\n\n\n<h2 class=\"gb-headline gb-headline-e75be495 gb-headline-text\"><strong>Was ist ein Gummy-Smile (Gummi-L\u00e4cheln)?<\/strong><\/h2>\n\n\n\n<p>Ein Gummy-Smile ist ein Zustand, bei dem die Oberlippe zu voll ist, so dass es so aussieht, als w\u00fcrde die Person st\u00e4ndig l\u00e4cheln. Dies kann genetisch oder durch die Alterung bedingt sein.<\/p>\n\n\n\n<p>Es kann mit F\u00fcllungen oder Botox-Injektionen behandelt werden, um die Menge des Gesichtsgewebes zu reduzieren, aus dem die Oberlippe besteht.<\/p>\n\n\n\n<h2 class=\"gb-headline gb-headline-30025e9f gb-headline-text\"><strong>Wie entsteht ein Gummy-Smile?<\/strong><\/h2>\n\n\n\n<ul class=\"wp-block-list\">\n<li>\u00dcberaktive Muskeln. Dies ist die h\u00e4ufigste Ursache f\u00fcr ein gummiartiges L\u00e4cheln, denn es kann bei jedem Menschen auftreten. Wenn Sie entspannt sind und Ihr Mund ge\u00f6ffnet ist, sollten sich Ihre Lippen entspannen und leicht nach unten h\u00e4ngen. Wenn nicht, haben Sie einen \u00fcberaktiven Muskel, der sie zu einer leichten Falte oder einem L\u00e4cheln hochzieht.<\/li>\n\n\n\n<li>Mangelnder Muskeltonus. Manche Menschen haben von Geburt an einen geringeren Muskeltonus als andere, was bedeutet, dass ihre Gesichtshaut &#8211; einschlie\u00dflich der Oberlippe &#8211; lockerer ist und daher beim L\u00e4cheln oder Lachen (oder sogar beim Sprechen) st\u00e4rker herunterh\u00e4ngt.<\/li>\n\n\n\n<li>Zu viel Hautgewebe \u00fcber den oberen Z\u00e4hnen (so genannter &#8222;\u00dcberbiss&#8220;). Dies kann auch zu einem Gummy-Smile f\u00fchren, da in diesem Fall mehr Platz zwischen den Z\u00e4hnen und der Unterlippe ist als normal!<\/li>\n<\/ul>\n\n\n\n<h2 class=\"gb-headline gb-headline-c3962956 gb-headline-text\"><strong>Wie l\u00e4uft das Verfahren ab?<\/strong><\/h2>\n\n\n\n<p>Der Eingriff wird von einem Zahnarzt, der auf Zahnkosmetik spezialisiert ist, oder einem Chirurgen durchgef\u00fchrt, und die verwendete An\u00e4sthesie h\u00e4ngt von Ihren individuellen Bed\u00fcrfnissen ab. Eine winzige Nadel wird in den betroffenen Bereich eingef\u00fchrt, wo sie F\u00fcllungsmaterial unter die Haut bringt, um das Volumen der Oberlippe zu vergr\u00f6\u00dfern. Dieses Material wird in das Muskelgewebe absorbiert und verleiht Ihnen nat\u00fcrlich aussehende Ergebnisse, die bis zu 2 Jahre halten!<\/p>\n\n\n\n<h2 class=\"gb-headline gb-headline-0e78d4bd gb-headline-text\"><strong>Ist mit diesem Verfahren eine Ausfallzeit verbunden?<\/strong><\/h2>\n\n\n\n<ul class=\"wp-block-list\">\n<li>Bei diesem Verfahren gibt es keine Ausfallzeiten.<\/li>\n\n\n\n<li>Es gibt keine Schmerzen oder Blutungen und es besteht kein Infektionsrisiko.<\/li>\n\n\n\n<li>Wir verwenden w\u00e4hrend der Behandlung keine Nadeln oder Injektionsmaterialien, so dass es auch nach der Behandlung keine R\u00f6tungen, Schwellungen oder Bluterg\u00fcsse gibt!<\/li>\n<\/ul>\n\n\n\n<h2 class=\"gb-headline gb-headline-5ea7decb gb-headline-text\"><strong>Was sind die Vorteile dieses Verfahrens?<\/strong><\/h2>\n\n\n\n<ul class=\"wp-block-list\">\n<li>Ein nat\u00fcrlicheres Aussehen. Sie m\u00fcssen sich keine Sorgen machen, dass Ihr L\u00e4cheln unecht oder unnat\u00fcrlich aussieht.<\/li>\n\n\n\n<li>Keine Operation erforderlich. Sie m\u00fcssen sich nicht unters Messer legen und einen invasiven Eingriff in Ihrem Gesicht vornehmen lassen, der schmerzhaft und teuer sein kann und in manchen F\u00e4llen auch Risiken birgt.<\/li>\n\n\n\n<li>Keine Ausfallzeiten. Im Gegensatz zu herk\u00f6mmlichen Methoden zur Beseitigung eines Gummy-Smiles dauert diese Behandlung nur wenige Minuten und erfordert keinerlei Erholungszeit! Sie k\u00f6nnen sofort nach der Behandlung wieder Ihren normalen T\u00e4tigkeiten nachgehen, ohne dass Nebenwirkungen oder Schmerzen auftreten, wie sie bei herk\u00f6mmlichen Methoden wie Operationen oder Botox-Injektionen (die ebenfalls eine Erholungsphase erfordern) auftreten.<\/li>\n\n\n\n<li>Keine Narben von Injektionen! Da bei diesem Verfahren keine knventionelle Nadeln verwendet werden, bleiben auch keine unansehnlichen Spuren auf der Hautoberfl\u00e4che zur\u00fcck &#8211; das hei\u00dft, niemand wird jemals wissen, dass Sie behandelt wurden, es sei denn, sie sehen uns bei der Arbeit zu!<\/li>\n<\/ul>\n\n\n\n<p>Ein gummiartiges L\u00e4cheln kann sehr peinlich sein und die Leute denken lassen, dass eine Person st\u00e4ndig l\u00e4chelt, auch wenn sie \u00fcberhaupt nicht gl\u00fccklich ist. Gl\u00fccklicherweise gibt es jetzt eine L\u00f6sung f\u00fcr dieses Problem in Form von Juvederm Volbella oder Belotero Balance F\u00fcllungen, die direkt in die Oberlippe injiziert werden k\u00f6nnen, um dieses Problem schnell und einfach zu korrigieren, ohne viel Zeit zu verlieren.<\/p>\n\n\n\n<p>Die Hauptursache f\u00fcr ein Gummy-Smile ist \u00fcbersch\u00fcssige Haut oder Fett im Mundbereich. Der Zustand kann auch durch Alterung oder Genetik verursacht werden. Es ist jedoch wichtig zu wissen, dass eine solche Erkrankung nicht automatisch bedeutet, dass Sie sp\u00e4ter im Leben eine weitere entwickeln!<\/p>\n\n\n\n<p>Sie werden sich wohlf\u00fchlen, denn Vera Smile bietet sichere Behandlungen an, bei denen nur Produkte von h\u00f6chster Qualit\u00e4t verwendet werden, und das zu einem guten Preis-Leistungs-Verh\u00e4ltnis f\u00fcr alle Besucher aus ganz Europa, ohne dass es Probleme mit Sprach- oder Kulturunterschieden gibt! Weitere Informationen \u00fcber unsere Dienstleistungen finden Sie auf unserer Website www.verasmile.com oder stellen Sie uns Ihre Fragen hier per E-Mail info@verasmile.com<\/p>\n\n\n\n<h2 class=\"gb-headline gb-headline-e5a92394 gb-headline-text\"><strong>H\u00e4ufig gestellte Fragen<\/strong><\/h2>\n\n\n\n<h3 class=\"gb-headline gb-headline-a80a1457 gb-headline-text\"><strong><strong>Was ist Gummy-Smile-Botox?<\/strong><\/strong><\/h3>\n\n\n\n<p>Gummy-Smile-Botox ist ein kosmetisches Verfahren, bei dem Botox-Injektionen verwendet werden, um das Erscheinungsbild eines Gummil\u00e4chelns zu reduzieren, d. h. wenn das Zahnfleisch beim L\u00e4cheln sichtbar ist.<\/p>\n\n\n\n<h3 class=\"gb-headline gb-headline-f1acb0c2 gb-headline-text\"><strong>Wie funktioniert das Gummy-Smile-Botox?<\/strong><\/h3>\n\n\n\n<p>Gummy-Smile-Botox entspannt die Muskeln, die die Bewegung der Oberlippe steuern, was dazu beitragen kann, die Menge an Zahnfleisch zu reduzieren, die beim L\u00e4cheln sichtbar ist.<\/p>\n\n\n\n<h3 class=\"gb-headline gb-headline-4c28fdc9 gb-headline-text\"><strong><strong>Ist Gummy-Smile-Botox sicher?<\/strong><\/strong><\/h3>\n\n\n\n<p>Ja, Gummy-Smile-Botox gilt im Allgemeinen als sicher, wenn es von einem geschulten und erfahrenen Arzt durchgef\u00fchrt wird.<\/p>\n\n\n\n<h3 class=\"gb-headline gb-headline-7c886ef0 gb-headline-text\"><strong><strong>Was sind die Vorteile von Gummy-Smile-Botox?<\/strong><\/strong><\/h3>\n\n\n\n<p>Zu den Vorteilen von Gummy-Smile-Botox geh\u00f6ren ein \u00e4sthetisch ansprechenderes L\u00e4cheln, ein verbessertes Selbstvertrauen und eine minimalinvasive Behandlungsoption.<\/p>\n\n\n\n<h3 class=\"gb-headline gb-headline-1889d0b3 gb-headline-text\"><strong>Wie lange h\u00e4lt Gummy-Smile-Botox an?<\/strong><\/h3>\n\n\n\n<p>Die Wirkung von Botox f\u00fcr das Gummil\u00e4cheln kann mehrere Monate anhalten, in der Regel etwa 3-6 Monate.<\/p>\n\n\n\n<h3 class=\"gb-headline gb-headline-e8ec9013 gb-headline-text\"><strong><strong>Ist Gummy-Smile-Botox schmerzhaft?<\/strong><\/strong><\/h3>\n\n\n\n<p>Das Verfahren ist im Allgemeinen nicht schmerzhaft, obwohl einige Patienten w\u00e4hrend der Injektion ein leichtes Unbehagen oder ein leichtes Zwicken versp\u00fcren k\u00f6nnen.<\/p>\n\n\n\n<h3 class=\"gb-headline gb-headline-6c9a24c3 gb-headline-text\"><strong><strong>Wie lange dauert die Heilung bei Gummy-Smile-Botox?<\/strong><\/strong><\/h3>\n\n\n\n<p>Nach der Behandlung mit Botox ist in der Regel keine Ausfallzeit erforderlich, und die Patienten k\u00f6nnen in der Regel sofort nach dem Eingriff wieder ihren normalen Aktivit\u00e4ten nachgehen.<\/p>\n\n\n\n<h3 class=\"gb-headline gb-headline-9d3a7b70 gb-headline-text\"><strong><strong>Wie viel kostet das Gummy-Smile-Botox in der T\u00fcrkei?<\/strong><\/strong><\/h3>\n\n\n\n<p>Die Kosten f\u00fcr Gummy-Smile-Botox in der T\u00fcrkei k\u00f6nnen je nach Anbieter und Ort variieren, sind aber im Allgemeinen g\u00fcnstiger als \u00e4hnliche Verfahren in anderen L\u00e4ndern.<\/p>\n\n\n\n<h3 class=\"gb-headline gb-headline-d79cd409 gb-headline-text\"><strong><strong>Wer ist ein guter Kandidat f\u00fcr Gummy-Smile-Botox?<\/strong><\/strong><\/h3>\n\n\n\n<p>Gute Kandidaten f\u00fcr Gummy-Smile-Botox sind Personen, die beim L\u00e4cheln eine sichtbare Menge an Zahnfleischgewebe haben und nach einer minimalinvasiven L\u00f6sung zur Verbesserung ihres L\u00e4chelns suchen.<\/p>\n\n\n\n<h3 class=\"gb-headline gb-headline-ba6b1378 gb-headline-text\"><strong><strong>Gibt es Nebenwirkungen von Gummy-Smile-Botox?<\/strong><\/strong><\/h3>\n\n\n\n<p>Zu den m\u00f6glichen Nebenwirkungen von Gummy-Smile-Botox k\u00f6nnen vor\u00fcbergehende Bluterg\u00fcsse, Schwellungen oder R\u00f6tungen an der Injektionsstelle geh\u00f6ren, die jedoch in der Regel innerhalb weniger Tage abklingen.<\/p>\n\n\n\n<h3 class=\"gb-headline gb-headline-d0530e41 gb-headline-text\"><strong><strong>Wie lange dauert eine Behandlung mit Gummy-Smile-Botox?<\/strong><\/strong><\/h3>\n\n\n\n<p>Eine Behandlung mit Gummy-Smile-Botox dauert in der Regel etwa 10-15 Minuten.<\/p>\n\n\n\n<h3 class=\"gb-headline gb-headline-81803af0 gb-headline-text\"><strong><strong>Kann Gummy-Smile-Botox mit anderen kosmetischen Verfahren kombiniert werden?<\/strong><\/strong><\/h3>\n\n\n\n<p>Ja, Gummy-Smile-Botox kann mit anderen kosmetischen Eingriffen wie Zahnaufhellung oder Veneers kombiniert werden, um das Aussehen des L\u00e4chelns weiter zu verbessern.<\/p>\n\n\n\n<h3 class=\"gb-headline gb-headline-574b6fc6 gb-headline-text\"><strong><strong>Ist Gummy-Smile-Botox reversibel?<\/strong><\/strong><\/h3>\n\n\n\n<p>Die Wirkung von Gummy-Smile-Botox ist vor\u00fcbergehend und l\u00e4sst mit der Zeit nat\u00fcrlich nach, aber es gibt keine M\u00f6glichkeit, die Wirkung der Injektion r\u00fcckg\u00e4ngig zu machen, wenn sie einmal verabreicht wurde.<\/p>\n\n\n\n<h3 class=\"gb-headline gb-headline-0e19e42f gb-headline-text\"><strong><strong><strong>Wie finde ich einen Anbieter f\u00fcr Gummy-Smile-Botox in der T\u00fcrkei?<\/strong><\/strong><\/strong><\/h3>\n\n\n\n<p>Es gibt viele seri\u00f6se Anbieter von Gummy-Smile-Botox in der T\u00fcrkei, und Sie k\u00f6nnen online nach Anbietern in Ihrer N\u00e4he suchen oder Freunde oder Familienmitglieder um Empfehlungen bitten.<\/p>\n\n\n\n<h3 class=\"gb-headline gb-headline-b645b4d5 gb-headline-text\"><strong><strong><strong><strong>Ist eine besondere Vorbereitung f\u00fcr Gummy-Smile-Botox erforderlich?<\/strong><\/strong><\/strong><\/strong><\/h3>\n\n\n\n<p>Ihr Arzt wird Ihnen spezielle Anweisungen zur Vorbereitung auf die Botox-Behandlung geben, aber im Allgemeinen ist keine besondere Vorbereitung erforderlich, au\u00dfer dass Sie einige Tage vor dem Eingriff auf Alkohol und blutverd\u00fcnnende Medikamente verzichten sollten.<\/p>\n\n<\/div><\/div>\n\n<div class=\"gb-grid-column gb-grid-column-9795dbe7\"><div class=\"gb-container gb-container-9795dbe7 contact-sticky\">\n\n<h4 class=\"gb-headline gb-headline-83925198 gb-headline-text\"><strong><strong>Erhalten Sie eine kostenlose Beratung<\/strong><\/strong><\/h4>\n\n\n\n<script charset=\"utf-8\" type=\"text\/javascript\" src=\"\/\/js.hsforms.net\/forms\/embed\/v2.js\"><\/script>\n<script>\n  hbspt.forms.create({\n    region: \"na1\",\n    portalId: \"5077067\",\n    formId: \"83b6f398-f0e9-4d45-a66f-f4fea07586f4\"\n  });\n<\/script>\n\n<\/div><\/div>\n<\/div>\n<\/div>","protected":false},"excerpt":{"rendered":"","protected":false},"author":1,"featured_media":12449,"parent":0,"menu_order":0,"comment_status":"closed","ping_status":"closed","template":"","meta":{"inline_featured_image":false,"footnotes":""},"class_list":{"0":"post-12446","1":"page","2":"type-page","3":"status-publish","4":"has-post-thumbnail","6":"resize-featured-image"},"lang":"de","translations":{"en":1744,"it":11232,"fr":11649,"es":11900,"pt-pt":12128,"de":12446,"ar":13326,"tr":13829},"yoast_head":"<!-- This site is optimized with the Yoast SEO Premium plugin v27.4 (Yoast SEO v27.4) - https:\/\/yoast.com\/product\/yoast-seo-premium-wordpress\/ -->\n<title>Gummy-Smile-Botox - Vera Smile<\/title>\n<meta name=\"description\" content=\"Befreien Sie sich von Ihrem Gummil\u00e4cheln mit Gummy Smile Botox in der T\u00fcrkei. Alle Informationen, die Sie ben\u00f6tigen, finden Sie bei Vera Smile. Buchen Sie eine kostenlose Beratung.\" \/>\n<meta name=\"robots\" content=\"index, follow, max-snippet:-1, max-image-preview:large, max-video-preview:-1\" \/>\n<link rel=\"canonical\" href=\"https:\/\/www.verasmile.com\/de\/gummy-smile-botox\/\" \/>\n<meta property=\"og:locale\" content=\"de_DE\" \/>\n<meta property=\"og:type\" content=\"article\" \/>\n<meta property=\"og:title\" content=\"Gummy-Smile-Botox\" \/>\n<meta property=\"og:description\" content=\"Befreien Sie sich von Ihrem Gummil\u00e4cheln mit Gummy Smile Botox in der T\u00fcrkei. Alle Informationen, die Sie ben\u00f6tigen, finden Sie bei Vera Smile. Buchen Sie eine kostenlose Beratung.\" \/>\n<meta property=\"og:url\" content=\"https:\/\/www.verasmile.com\/de\/gummy-smile-botox\/\" \/>\n<meta property=\"og:site_name\" content=\"Vera Smile\" \/>\n<meta property=\"article:publisher\" content=\"https:\/\/www.facebook.com\/VeraSmileDental\/\" \/>\n<meta property=\"article:modified_time\" content=\"2024-08-05T15:45:30+00:00\" \/>\n<meta property=\"og:image\" content=\"https:\/\/www.verasmile.com\/wp-content\/uploads\/2024\/02\/Gummy-Smile-Botox.webp\" \/>\n\t<meta property=\"og:image:width\" content=\"1440\" \/>\n\t<meta property=\"og:image:height\" content=\"800\" \/>\n\t<meta property=\"og:image:type\" content=\"image\/webp\" \/>\n<meta name=\"twitter:card\" content=\"summary_large_image\" \/>\n<meta name=\"twitter:label1\" content=\"Gesch\u00e4tzte Lesezeit\" \/>\n\t<meta name=\"twitter:data1\" content=\"6\u00a0Minuten\" \/>\n<script type=\"application\/ld+json\" class=\"yoast-schema-graph\">{\"@context\":\"https:\\\/\\\/schema.org\",\"@graph\":[{\"@type\":\"WebPage\",\"@id\":\"https:\\\/\\\/www.verasmile.com\\\/de\\\/gummy-smile-botox\\\/\",\"url\":\"https:\\\/\\\/www.verasmile.com\\\/de\\\/gummy-smile-botox\\\/\",\"name\":\"Gummy-Smile-Botox - Vera Smile\",\"isPartOf\":{\"@id\":\"https:\\\/\\\/www.verasmile.com\\\/de\\\/#website\"},\"primaryImageOfPage\":{\"@id\":\"https:\\\/\\\/www.verasmile.com\\\/de\\\/gummy-smile-botox\\\/#primaryimage\"},\"image\":{\"@id\":\"https:\\\/\\\/www.verasmile.com\\\/de\\\/gummy-smile-botox\\\/#primaryimage\"},\"thumbnailUrl\":\"https:\\\/\\\/www.verasmile.com\\\/wp-content\\\/uploads\\\/2024\\\/02\\\/Gummy-Smile-Botox.webp\",\"datePublished\":\"2023-07-07T09:52:52+00:00\",\"dateModified\":\"2024-08-05T15:45:30+00:00\",\"description\":\"Befreien Sie sich von Ihrem Gummil\u00e4cheln mit Gummy Smile Botox in der T\u00fcrkei. Alle Informationen, die Sie ben\u00f6tigen, finden Sie bei Vera Smile. Buchen Sie eine kostenlose Beratung.\",\"breadcrumb\":{\"@id\":\"https:\\\/\\\/www.verasmile.com\\\/de\\\/gummy-smile-botox\\\/#breadcrumb\"},\"inLanguage\":\"de\",\"potentialAction\":[{\"@type\":\"ReadAction\",\"target\":[\"https:\\\/\\\/www.verasmile.com\\\/de\\\/gummy-smile-botox\\\/\"]}]},{\"@type\":\"ImageObject\",\"inLanguage\":\"de\",\"@id\":\"https:\\\/\\\/www.verasmile.com\\\/de\\\/gummy-smile-botox\\\/#primaryimage\",\"url\":\"https:\\\/\\\/www.verasmile.com\\\/wp-content\\\/uploads\\\/2024\\\/02\\\/Gummy-Smile-Botox.webp\",\"contentUrl\":\"https:\\\/\\\/www.verasmile.com\\\/wp-content\\\/uploads\\\/2024\\\/02\\\/Gummy-Smile-Botox.webp\",\"width\":1440,\"height\":800,\"caption\":\"\u0627\u0644\u0627\u0628\u062a\u0633\u0627\u0645\u0629 \u0627\u0644\u0644\u062b\u0648\u064a\u0629\"},{\"@type\":\"BreadcrumbList\",\"@id\":\"https:\\\/\\\/www.verasmile.com\\\/de\\\/gummy-smile-botox\\\/#breadcrumb\",\"itemListElement\":[{\"@type\":\"ListItem\",\"position\":1,\"name\":\"Home\",\"item\":\"https:\\\/\\\/www.verasmile.com\\\/de\\\/\"},{\"@type\":\"ListItem\",\"position\":2,\"name\":\"Gummy-Smile-Botox\"}]},{\"@type\":\"WebSite\",\"@id\":\"https:\\\/\\\/www.verasmile.com\\\/de\\\/#website\",\"url\":\"https:\\\/\\\/www.verasmile.com\\\/de\\\/\",\"name\":\"Vera Smile Dental Clinic\",\"description\":\"Dental Clinic in Turkey, Istanbul 2026\",\"publisher\":{\"@id\":\"https:\\\/\\\/www.verasmile.com\\\/de\\\/#organization\"},\"potentialAction\":[{\"@type\":\"SearchAction\",\"target\":{\"@type\":\"EntryPoint\",\"urlTemplate\":\"https:\\\/\\\/www.verasmile.com\\\/de\\\/?s={search_term_string}\"},\"query-input\":{\"@type\":\"PropertyValueSpecification\",\"valueRequired\":true,\"valueName\":\"search_term_string\"}}],\"inLanguage\":\"de\"},{\"@type\":\"Organization\",\"@id\":\"https:\\\/\\\/www.verasmile.com\\\/de\\\/#organization\",\"name\":\"Vera Smile Dental Clinic\",\"url\":\"https:\\\/\\\/www.verasmile.com\\\/de\\\/\",\"logo\":{\"@type\":\"ImageObject\",\"inLanguage\":\"de\",\"@id\":\"https:\\\/\\\/www.verasmile.com\\\/de\\\/#\\\/schema\\\/logo\\\/image\\\/\",\"url\":\"https:\\\/\\\/www.verasmile.com\\\/wp-content\\\/uploads\\\/2026\\\/02\\\/Birles\u0327ik-Logo-scaled.png\",\"contentUrl\":\"https:\\\/\\\/www.verasmile.com\\\/wp-content\\\/uploads\\\/2026\\\/02\\\/Birles\u0327ik-Logo-scaled.png\",\"width\":2560,\"height\":244,\"caption\":\"Vera Smile Dental Clinic\"},\"image\":{\"@id\":\"https:\\\/\\\/www.verasmile.com\\\/de\\\/#\\\/schema\\\/logo\\\/image\\\/\"},\"sameAs\":[\"https:\\\/\\\/www.facebook.com\\\/VeraSmileDental\\\/\",\"https:\\\/\\\/www.instagram.com\\\/verasmile.dental\\\/\"]}]}<\/script>\n<!-- \/ Yoast SEO Premium plugin. -->","yoast_head_json":{"title":"Gummy-Smile-Botox - Vera Smile","description":"Befreien Sie sich von Ihrem Gummil\u00e4cheln mit Gummy Smile Botox in der T\u00fcrkei. Alle Informationen, die Sie ben\u00f6tigen, finden Sie bei Vera Smile. Buchen Sie eine kostenlose Beratung.","robots":{"index":"index","follow":"follow","max-snippet":"max-snippet:-1","max-image-preview":"max-image-preview:large","max-video-preview":"max-video-preview:-1"},"canonical":"https:\/\/www.verasmile.com\/de\/gummy-smile-botox\/","og_locale":"de_DE","og_type":"article","og_title":"Gummy-Smile-Botox","og_description":"Befreien Sie sich von Ihrem Gummil\u00e4cheln mit Gummy Smile Botox in der T\u00fcrkei. Alle Informationen, die Sie ben\u00f6tigen, finden Sie bei Vera Smile. Buchen Sie eine kostenlose Beratung.","og_url":"https:\/\/www.verasmile.com\/de\/gummy-smile-botox\/","og_site_name":"Vera Smile","article_publisher":"https:\/\/www.facebook.com\/VeraSmileDental\/","article_modified_time":"2024-08-05T15:45:30+00:00","og_image":[{"width":1440,"height":800,"url":"https:\/\/www.verasmile.com\/wp-content\/uploads\/2024\/02\/Gummy-Smile-Botox.webp","type":"image\/webp"}],"twitter_card":"summary_large_image","twitter_misc":{"Gesch\u00e4tzte Lesezeit":"6\u00a0Minuten"},"schema":{"@context":"https:\/\/schema.org","@graph":[{"@type":"WebPage","@id":"https:\/\/www.verasmile.com\/de\/gummy-smile-botox\/","url":"https:\/\/www.verasmile.com\/de\/gummy-smile-botox\/","name":"Gummy-Smile-Botox - Vera Smile","isPartOf":{"@id":"https:\/\/www.verasmile.com\/de\/#website"},"primaryImageOfPage":{"@id":"https:\/\/www.verasmile.com\/de\/gummy-smile-botox\/#primaryimage"},"image":{"@id":"https:\/\/www.verasmile.com\/de\/gummy-smile-botox\/#primaryimage"},"thumbnailUrl":"https:\/\/www.verasmile.com\/wp-content\/uploads\/2024\/02\/Gummy-Smile-Botox.webp","datePublished":"2023-07-07T09:52:52+00:00","dateModified":"2024-08-05T15:45:30+00:00","description":"Befreien Sie sich von Ihrem Gummil\u00e4cheln mit Gummy Smile Botox in der T\u00fcrkei. Alle Informationen, die Sie ben\u00f6tigen, finden Sie bei Vera Smile. Buchen Sie eine kostenlose Beratung.","breadcrumb":{"@id":"https:\/\/www.verasmile.com\/de\/gummy-smile-botox\/#breadcrumb"},"inLanguage":"de","potentialAction":[{"@type":"ReadAction","target":["https:\/\/www.verasmile.com\/de\/gummy-smile-botox\/"]}]},{"@type":"ImageObject","inLanguage":"de","@id":"https:\/\/www.verasmile.com\/de\/gummy-smile-botox\/#primaryimage","url":"https:\/\/www.verasmile.com\/wp-content\/uploads\/2024\/02\/Gummy-Smile-Botox.webp","contentUrl":"https:\/\/www.verasmile.com\/wp-content\/uploads\/2024\/02\/Gummy-Smile-Botox.webp","width":1440,"height":800,"caption":"\u0627\u0644\u0627\u0628\u062a\u0633\u0627\u0645\u0629 \u0627\u0644\u0644\u062b\u0648\u064a\u0629"},{"@type":"BreadcrumbList","@id":"https:\/\/www.verasmile.com\/de\/gummy-smile-botox\/#breadcrumb","itemListElement":[{"@type":"ListItem","position":1,"name":"Home","item":"https:\/\/www.verasmile.com\/de\/"},{"@type":"ListItem","position":2,"name":"Gummy-Smile-Botox"}]},{"@type":"WebSite","@id":"https:\/\/www.verasmile.com\/de\/#website","url":"https:\/\/www.verasmile.com\/de\/","name":"Vera Smile Dental Clinic","description":"Dental Clinic in Turkey, Istanbul 2026","publisher":{"@id":"https:\/\/www.verasmile.com\/de\/#organization"},"potentialAction":[{"@type":"SearchAction","target":{"@type":"EntryPoint","urlTemplate":"https:\/\/www.verasmile.com\/de\/?s={search_term_string}"},"query-input":{"@type":"PropertyValueSpecification","valueRequired":true,"valueName":"search_term_string"}}],"inLanguage":"de"},{"@type":"Organization","@id":"https:\/\/www.verasmile.com\/de\/#organization","name":"Vera Smile Dental Clinic","url":"https:\/\/www.verasmile.com\/de\/","logo":{"@type":"ImageObject","inLanguage":"de","@id":"https:\/\/www.verasmile.com\/de\/#\/schema\/logo\/image\/","url":"https:\/\/www.verasmile.com\/wp-content\/uploads\/2026\/02\/Birles\u0327ik-Logo-scaled.png","contentUrl":"https:\/\/www.verasmile.com\/wp-content\/uploads\/2026\/02\/Birles\u0327ik-Logo-scaled.png","width":2560,"height":244,"caption":"Vera Smile Dental Clinic"},"image":{"@id":"https:\/\/www.verasmile.com\/de\/#\/schema\/logo\/image\/"},"sameAs":["https:\/\/www.facebook.com\/VeraSmileDental\/","https:\/\/www.instagram.com\/verasmile.dental\/"]}]}},"_links":{"self":[{"href":"https:\/\/www.verasmile.com\/de\/wp-json\/wp\/v2\/pages\/12446","targetHints":{"allow":["GET"]}}],"collection":[{"href":"https:\/\/www.verasmile.com\/de\/wp-json\/wp\/v2\/pages"}],"about":[{"href":"https:\/\/www.verasmile.com\/de\/wp-json\/wp\/v2\/types\/page"}],"author":[{"embeddable":true,"href":"https:\/\/www.verasmile.com\/de\/wp-json\/wp\/v2\/users\/1"}],"replies":[{"embeddable":true,"href":"https:\/\/www.verasmile.com\/de\/wp-json\/wp\/v2\/comments?post=12446"}],"version-history":[{"count":0,"href":"https:\/\/www.verasmile.com\/de\/wp-json\/wp\/v2\/pages\/12446\/revisions"}],"wp:featuredmedia":[{"embeddable":true,"href":"https:\/\/www.verasmile.com\/de\/wp-json\/wp\/v2\/media\/12449"}],"wp:attachment":[{"href":"https:\/\/www.verasmile.com\/de\/wp-json\/wp\/v2\/media?parent=12446"}],"curies":[{"name":"wp","href":"https:\/\/api.w.org\/{rel}","templated":true}]}}