{"id":12486,"date":"2023-07-04T13:59:23","date_gmt":"2023-07-04T10:59:23","guid":{"rendered":"https:\/\/www.verasmile.com\/?page_id=12486"},"modified":"2025-12-26T14:48:10","modified_gmt":"2025-12-26T11:48:10","slug":"muemin-manassra","status":"publish","type":"page","link":"https:\/\/www.verasmile.com\/de\/unsere-arzte\/muemin-manassra\/","title":{"rendered":"M\u00fcmin Manassra"},"content":{"rendered":"<div class=\"gb-container gb-container-93ebf1d4\">\n<div class=\"gb-container gb-container-583134d3\">\n<div class=\"gb-container gb-container-664ba1de\">\n\n<h2 class=\"gb-headline gb-headline-8685741e gb-headline-text\">M\u00fcmin Manassra<\/h2>\n\n\n\n<p class=\"gb-headline gb-headline-05d5d85a gb-headline-text\">Dr. M\u00fcmin Manassra schloss 2017 sein Studium an der Fakult\u00e4t f\u00fcr Zahnmedizin der Atat\u00fcrk-Universit\u00e4t ab. Anschlie\u00dfend arbeitete er sieben Jahre lang als Zahnmedizinexpertin in verschiedenen zahnmedizinischen Einrichtungen.<br><br>M\u00fcmin Manassra hat sieben Jahre Erfahrung mit zahn\u00e4rztlichen Eingriffen und verf\u00fcgt \u00fcber gute F\u00e4higkeiten. Er verf\u00fcgt \u00fcber umfassende Kenntnisse der zahn\u00e4rztlichen Verfahren. Bis zu diesem Zeitpunkt hat er viele zahnmedizinische F\u00e4lle erfolgreich bearbeitet. Er ist ein bekannter Zahnmediziner und einer der besten Zahn\u00e4rzte der T\u00fcrkei.<br><br>Seine Arbeit sowie die vielen Zertifizierungen und Kurse, die er absolviert hat, haben gemeinsame Merkmale: Genauigkeit und ein Engagement f\u00fcr Pr\u00e4zision.<\/p>\n\n<\/div>\n\n<div class=\"gb-container gb-container-964b457a\">\n<div class=\"gb-container gb-container-4778c435 light-container-inside-page-nt-2\"><\/div>\n<\/div>\n<\/div>\n\n<div class=\"gb-container gb-container-f7e945cb\">\n<div class=\"gb-container gb-container-9e7beb3c\" id=\"fill-form\">\n\n<h3 class=\"wp-block-heading has-text-align-center has-contrast-color has-text-color has-link-color wp-elements-74e361932546d710645a8262e2e73a1b\" id=\"h-erhalten-sie-eine-kostenlose-beratung\">Erhalten Sie eine kostenlose Beratung<\/h3>\n\n\n\n<script charset=\"utf-8\" type=\"text\/javascript\" src=\"\/\/js.hsforms.net\/forms\/embed\/v2.js\"><\/script>\n<script>\n  hbspt.forms.create({\n    region: \"na1\",\n    portalId: \"5077067\",\n    formId: \"83b6f398-f0e9-4d45-a66f-f4fea07586f4\"\n  });\n<\/script>\n\n<\/div>\n<\/div>\n<\/div>","protected":false},"excerpt":{"rendered":"<p>M\u00fcmin Manassra Dr. M\u00fcmin Manassra schloss 2017 sein Studium an der Fakult\u00e4t f\u00fcr Zahnmedizin der Atat\u00fcrk-Universit\u00e4t ab. Anschlie\u00dfend arbeitete er sieben Jahre lang als Zahnmedizinexpertin<\/p>\n","protected":false},"author":1,"featured_media":0,"parent":33990,"menu_order":0,"comment_status":"closed","ping_status":"closed","template":"","meta":{"inline_featured_image":false,"footnotes":""},"class_list":["post-12486","page","type-page","status-publish"],"lang":"de","translations":{"en":1502,"it":11255,"fr":11690,"es":11922,"pt-pt":12151,"de":12486,"ar":13475,"tr":13644},"yoast_head":"<!-- This site is optimized with the Yoast SEO Premium plugin v27.4 (Yoast SEO v27.4) - https:\/\/yoast.com\/product\/yoast-seo-premium-wordpress\/ -->\n<title>M\u00fcmin Manassra - Vera Smile<\/title>\n<meta name=\"description\" content=\"Dr. M\u00fcmin Manassra schloss 2017 sein Studium an der Fakult\u00e4t f\u00fcr Zahnmedizin der Atat\u00fcrk-Universit\u00e4t ab. Die n\u00e4chsten sieben Jahre arbeitete er als...\" \/>\n<meta name=\"robots\" content=\"index, follow, max-snippet:-1, max-image-preview:large, max-video-preview:-1\" \/>\n<link rel=\"canonical\" href=\"https:\/\/www.verasmile.com\/de\/unsere-arzte\/muemin-manassra\/\" \/>\n<meta property=\"og:locale\" content=\"de_DE\" \/>\n<meta property=\"og:type\" content=\"article\" \/>\n<meta property=\"og:title\" content=\"M\u00fcmin Manassra\" \/>\n<meta property=\"og:description\" content=\"Dr. M\u00fcmin Manassra schloss 2017 sein Studium an der Fakult\u00e4t f\u00fcr Zahnmedizin der Atat\u00fcrk-Universit\u00e4t ab. Die n\u00e4chsten sieben Jahre arbeitete er als...\" \/>\n<meta property=\"og:url\" content=\"https:\/\/www.verasmile.com\/de\/unsere-arzte\/muemin-manassra\/\" \/>\n<meta property=\"og:site_name\" content=\"Vera Smile\" \/>\n<meta property=\"article:publisher\" content=\"https:\/\/www.facebook.com\/VeraSmileDental\/\" \/>\n<meta property=\"article:modified_time\" content=\"2025-12-26T11:48:10+00:00\" \/>\n<meta name=\"twitter:card\" content=\"summary_large_image\" \/>\n<meta name=\"twitter:label1\" content=\"Gesch\u00e4tzte Lesezeit\" \/>\n\t<meta name=\"twitter:data1\" content=\"1\u00a0Minute\" \/>\n<script type=\"application\/ld+json\" class=\"yoast-schema-graph\">{\"@context\":\"https:\\\/\\\/schema.org\",\"@graph\":[{\"@type\":\"WebPage\",\"@id\":\"https:\\\/\\\/www.verasmile.com\\\/de\\\/unsere-arzte\\\/muemin-manassra\\\/\",\"url\":\"https:\\\/\\\/www.verasmile.com\\\/de\\\/unsere-arzte\\\/muemin-manassra\\\/\",\"name\":\"M\u00fcmin Manassra - Vera Smile\",\"isPartOf\":{\"@id\":\"https:\\\/\\\/www.verasmile.com\\\/de\\\/#website\"},\"datePublished\":\"2023-07-04T10:59:23+00:00\",\"dateModified\":\"2025-12-26T11:48:10+00:00\",\"description\":\"Dr. M\u00fcmin Manassra schloss 2017 sein Studium an der Fakult\u00e4t f\u00fcr Zahnmedizin der Atat\u00fcrk-Universit\u00e4t ab. Die n\u00e4chsten sieben Jahre arbeitete er als...\",\"breadcrumb\":{\"@id\":\"https:\\\/\\\/www.verasmile.com\\\/de\\\/unsere-arzte\\\/muemin-manassra\\\/#breadcrumb\"},\"inLanguage\":\"de\",\"potentialAction\":[{\"@type\":\"ReadAction\",\"target\":[\"https:\\\/\\\/www.verasmile.com\\\/de\\\/unsere-arzte\\\/muemin-manassra\\\/\"]}]},{\"@type\":\"BreadcrumbList\",\"@id\":\"https:\\\/\\\/www.verasmile.com\\\/de\\\/unsere-arzte\\\/muemin-manassra\\\/#breadcrumb\",\"itemListElement\":[{\"@type\":\"ListItem\",\"position\":1,\"name\":\"Home\",\"item\":\"https:\\\/\\\/www.verasmile.com\\\/de\\\/\"},{\"@type\":\"ListItem\",\"position\":2,\"name\":\"Unsere \u00c4rzte\",\"item\":\"https:\\\/\\\/www.verasmile.com\\\/de\\\/unsere-arzte\\\/\"},{\"@type\":\"ListItem\",\"position\":3,\"name\":\"M\u00fcmin Manassra\"}]},{\"@type\":\"WebSite\",\"@id\":\"https:\\\/\\\/www.verasmile.com\\\/de\\\/#website\",\"url\":\"https:\\\/\\\/www.verasmile.com\\\/de\\\/\",\"name\":\"Vera Smile Dental Clinic\",\"description\":\"Dental Clinic in Turkey, Istanbul 2026\",\"publisher\":{\"@id\":\"https:\\\/\\\/www.verasmile.com\\\/de\\\/#organization\"},\"potentialAction\":[{\"@type\":\"SearchAction\",\"target\":{\"@type\":\"EntryPoint\",\"urlTemplate\":\"https:\\\/\\\/www.verasmile.com\\\/de\\\/?s={search_term_string}\"},\"query-input\":{\"@type\":\"PropertyValueSpecification\",\"valueRequired\":true,\"valueName\":\"search_term_string\"}}],\"inLanguage\":\"de\"},{\"@type\":\"Organization\",\"@id\":\"https:\\\/\\\/www.verasmile.com\\\/de\\\/#organization\",\"name\":\"Vera Smile Dental Clinic\",\"url\":\"https:\\\/\\\/www.verasmile.com\\\/de\\\/\",\"logo\":{\"@type\":\"ImageObject\",\"inLanguage\":\"de\",\"@id\":\"https:\\\/\\\/www.verasmile.com\\\/de\\\/#\\\/schema\\\/logo\\\/image\\\/\",\"url\":\"https:\\\/\\\/www.verasmile.com\\\/wp-content\\\/uploads\\\/2026\\\/02\\\/Birles\u0327ik-Logo-scaled.png\",\"contentUrl\":\"https:\\\/\\\/www.verasmile.com\\\/wp-content\\\/uploads\\\/2026\\\/02\\\/Birles\u0327ik-Logo-scaled.png\",\"width\":2560,\"height\":244,\"caption\":\"Vera Smile Dental Clinic\"},\"image\":{\"@id\":\"https:\\\/\\\/www.verasmile.com\\\/de\\\/#\\\/schema\\\/logo\\\/image\\\/\"},\"sameAs\":[\"https:\\\/\\\/www.facebook.com\\\/VeraSmileDental\\\/\",\"https:\\\/\\\/www.instagram.com\\\/verasmile.dental\\\/\"]}]}<\/script>\n<!-- \/ Yoast SEO Premium plugin. -->","yoast_head_json":{"title":"M\u00fcmin Manassra - Vera Smile","description":"Dr. M\u00fcmin Manassra schloss 2017 sein Studium an der Fakult\u00e4t f\u00fcr Zahnmedizin der Atat\u00fcrk-Universit\u00e4t ab. Die n\u00e4chsten sieben Jahre arbeitete er als...","robots":{"index":"index","follow":"follow","max-snippet":"max-snippet:-1","max-image-preview":"max-image-preview:large","max-video-preview":"max-video-preview:-1"},"canonical":"https:\/\/www.verasmile.com\/de\/unsere-arzte\/muemin-manassra\/","og_locale":"de_DE","og_type":"article","og_title":"M\u00fcmin Manassra","og_description":"Dr. M\u00fcmin Manassra schloss 2017 sein Studium an der Fakult\u00e4t f\u00fcr Zahnmedizin der Atat\u00fcrk-Universit\u00e4t ab. Die n\u00e4chsten sieben Jahre arbeitete er als...","og_url":"https:\/\/www.verasmile.com\/de\/unsere-arzte\/muemin-manassra\/","og_site_name":"Vera Smile","article_publisher":"https:\/\/www.facebook.com\/VeraSmileDental\/","article_modified_time":"2025-12-26T11:48:10+00:00","twitter_card":"summary_large_image","twitter_misc":{"Gesch\u00e4tzte Lesezeit":"1\u00a0Minute"},"schema":{"@context":"https:\/\/schema.org","@graph":[{"@type":"WebPage","@id":"https:\/\/www.verasmile.com\/de\/unsere-arzte\/muemin-manassra\/","url":"https:\/\/www.verasmile.com\/de\/unsere-arzte\/muemin-manassra\/","name":"M\u00fcmin Manassra - Vera Smile","isPartOf":{"@id":"https:\/\/www.verasmile.com\/de\/#website"},"datePublished":"2023-07-04T10:59:23+00:00","dateModified":"2025-12-26T11:48:10+00:00","description":"Dr. M\u00fcmin Manassra schloss 2017 sein Studium an der Fakult\u00e4t f\u00fcr Zahnmedizin der Atat\u00fcrk-Universit\u00e4t ab. Die n\u00e4chsten sieben Jahre arbeitete er als...","breadcrumb":{"@id":"https:\/\/www.verasmile.com\/de\/unsere-arzte\/muemin-manassra\/#breadcrumb"},"inLanguage":"de","potentialAction":[{"@type":"ReadAction","target":["https:\/\/www.verasmile.com\/de\/unsere-arzte\/muemin-manassra\/"]}]},{"@type":"BreadcrumbList","@id":"https:\/\/www.verasmile.com\/de\/unsere-arzte\/muemin-manassra\/#breadcrumb","itemListElement":[{"@type":"ListItem","position":1,"name":"Home","item":"https:\/\/www.verasmile.com\/de\/"},{"@type":"ListItem","position":2,"name":"Unsere \u00c4rzte","item":"https:\/\/www.verasmile.com\/de\/unsere-arzte\/"},{"@type":"ListItem","position":3,"name":"M\u00fcmin Manassra"}]},{"@type":"WebSite","@id":"https:\/\/www.verasmile.com\/de\/#website","url":"https:\/\/www.verasmile.com\/de\/","name":"Vera Smile Dental Clinic","description":"Dental Clinic in Turkey, Istanbul 2026","publisher":{"@id":"https:\/\/www.verasmile.com\/de\/#organization"},"potentialAction":[{"@type":"SearchAction","target":{"@type":"EntryPoint","urlTemplate":"https:\/\/www.verasmile.com\/de\/?s={search_term_string}"},"query-input":{"@type":"PropertyValueSpecification","valueRequired":true,"valueName":"search_term_string"}}],"inLanguage":"de"},{"@type":"Organization","@id":"https:\/\/www.verasmile.com\/de\/#organization","name":"Vera Smile Dental Clinic","url":"https:\/\/www.verasmile.com\/de\/","logo":{"@type":"ImageObject","inLanguage":"de","@id":"https:\/\/www.verasmile.com\/de\/#\/schema\/logo\/image\/","url":"https:\/\/www.verasmile.com\/wp-content\/uploads\/2026\/02\/Birles\u0327ik-Logo-scaled.png","contentUrl":"https:\/\/www.verasmile.com\/wp-content\/uploads\/2026\/02\/Birles\u0327ik-Logo-scaled.png","width":2560,"height":244,"caption":"Vera Smile Dental Clinic"},"image":{"@id":"https:\/\/www.verasmile.com\/de\/#\/schema\/logo\/image\/"},"sameAs":["https:\/\/www.facebook.com\/VeraSmileDental\/","https:\/\/www.instagram.com\/verasmile.dental\/"]}]}},"_links":{"self":[{"href":"https:\/\/www.verasmile.com\/de\/wp-json\/wp\/v2\/pages\/12486","targetHints":{"allow":["GET"]}}],"collection":[{"href":"https:\/\/www.verasmile.com\/de\/wp-json\/wp\/v2\/pages"}],"about":[{"href":"https:\/\/www.verasmile.com\/de\/wp-json\/wp\/v2\/types\/page"}],"author":[{"embeddable":true,"href":"https:\/\/www.verasmile.com\/de\/wp-json\/wp\/v2\/users\/1"}],"replies":[{"embeddable":true,"href":"https:\/\/www.verasmile.com\/de\/wp-json\/wp\/v2\/comments?post=12486"}],"version-history":[{"count":1,"href":"https:\/\/www.verasmile.com\/de\/wp-json\/wp\/v2\/pages\/12486\/revisions"}],"predecessor-version":[{"id":25233,"href":"https:\/\/www.verasmile.com\/de\/wp-json\/wp\/v2\/pages\/12486\/revisions\/25233"}],"up":[{"embeddable":true,"href":"https:\/\/www.verasmile.com\/de\/wp-json\/wp\/v2\/pages\/33990"}],"wp:attachment":[{"href":"https:\/\/www.verasmile.com\/de\/wp-json\/wp\/v2\/media?parent=12486"}],"curies":[{"name":"wp","href":"https:\/\/api.w.org\/{rel}","templated":true}]}}