{"id":12964,"date":"2023-07-07T12:47:26","date_gmt":"2023-07-07T09:47:26","guid":{"rendered":"https:\/\/www.verasmile.com\/?page_id=12964"},"modified":"2024-08-05T18:45:00","modified_gmt":"2024-08-05T15:45:00","slug":"laserzahnheilkunde","status":"publish","type":"page","link":"https:\/\/www.verasmile.com\/de\/laserzahnheilkunde\/","title":{"rendered":"Laserzahnheilkunde"},"content":{"rendered":"<div class=\"gb-container gb-container-74041874\">\n<div class=\"gb-grid-wrapper gb-grid-wrapper-6232a014\">\n<div class=\"gb-grid-column gb-grid-column-141c614b\"><div class=\"gb-container gb-container-141c614b\">\n\n<p>Die Lasertechnologie wird seit den 1960er Jahren im medizinischen Bereich eingesetzt. In der Zahnmedizin wird es seit etwa 1989 verwendet. Mit der Genauigkeit und Pr\u00e4zision der Laserzahnmedizin konnten wir unsere zahnmedizinischen Behandlungsm\u00f6glichkeiten erweitern und die Menschen besser behandeln. Im Vergleich zu Bohrern und anderen traditionellen zahnmedizinischen Werkzeugen ohne Laser k\u00f6nnen wir damit eine bessere und schnellere Behandlung durchf\u00fchren.&nbsp;<\/p>\n\n\n\n<h2 class=\"wp-block-heading\" id=\"h-was-ist-laserzahnheilkunde\"><strong>Was ist Laserzahnheilkunde?<\/strong><\/h2>\n\n\n\n<p>Dank der transformativen Wirkung der Lasertechnologie im Bereich der Zahnmedizin k\u00f6nnen wir unseren Patienten Pr\u00e4zision, Komfort und Effizienz bieten. Mit einem konzentrierten Lichtstrahl k\u00f6nnen unsere qualifizierten und erfahrenen Zahn\u00e4rzte das Problem mit minimalen Beschwerden w\u00e4hrend des gesamten Prozesses beseitigen.&nbsp;<\/p>\n\n\n\n<h2 class=\"wp-block-heading\" id=\"h-arten-der-laserzahnheilkunde\"><strong>Arten der Laserzahnheilkunde<\/strong><\/h2>\n\n\n\n<p>In der Zahnmedizin gibt es vier Hauptlaserarten. Diese Kategorisierung erfolgt nach den Methoden, die wir f\u00fcr sie verwenden:<\/p>\n\n\n\n<ol class=\"wp-block-list\">\n<li>Lasermedium: Gas oder Feststoff<\/li>\n\n\n\n<li>Anwendbarkeit auf das Gewebe<\/li>\n\n\n\n<li>Laser f\u00fcr Hart- und Weichgewebe<\/li>\n\n\n\n<li>Bereich der Wellenl\u00e4nge<\/li>\n<\/ol>\n\n\n\n<p>Die Laser, die Sie in diesem Fall interessieren, sind Hart- oder Weichgewebelaser. W\u00e4hrend Hartgewebelaser zum Durchtrennen von Z\u00e4hnen und zur Formung des Knochens f\u00fcr Behandlungen wie die Entfernung von Karies verwendet werden, kommen Weichgewebelaser f\u00fcr Zahnfleischbehandlungen und sogar f\u00fcr Verfahren wie Zahnaufhellung zum Einsatz.<\/p>\n\n\n\n<p>Die Laserzahnheilkunde f\u00fcr Hartgewebe bietet ein angenehmes Erlebnis und erh\u00e4lt die gesunde Zahnsubstanz. Die Laserzahnheilkunde f\u00fcr Weichgewebe hingegen f\u00f6rdert eine schnellere Heilung und minimiert das Infektionsrisiko.<\/p>\n\n\n\n<h2 class=\"wp-block-heading\" id=\"h-verfahren-der-laserzahnheilkunde-bei-vera-smile\"><strong>Verfahren der Laserzahnheilkunde bei Vera Smile<\/strong><\/h2>\n\n\n\n<h3 class=\"wp-block-heading\" id=\"h-vorplanen\"><strong>Vorplanen<\/strong><\/h3>\n\n\n\n<p>Nachdem Sie sich mit uns in Verbindung gesetzt haben, f\u00fchren Sie eine kostenlose Online-Beratung durch, um festzustellen, welche Art von Behandlungen f\u00fcr Ihren Fall erforderlich sind und ob die Laserzahnmedizin zum Einsatz kommt. Wenn wir uns auf einen Behandlungsplan geeinigt haben, bereiten wir Sie auf Ihre Reise vor, indem wir den Transport, die Unterbringung und zus\u00e4tzliche Dienstleistungen wie \u00dcbersetzungen organisieren. Diese Vorkehrungen sind Teil Ihres Behandlungsplans\/Pakets.&nbsp;<\/p>\n\n\n\n<h3 class=\"wp-block-heading\" id=\"h-vor-dem-verfahren\"><strong>Vor dem Verfahren<\/strong><\/h3>\n\n\n\n<p>Die Laserzahnheilkunde wird f\u00fcr eine Vielzahl von Behandlungen eingesetzt, wie zum Beispiel:<\/p>\n\n\n\n<ul class=\"wp-block-list\">\n<li><strong>Behandlung von Karies:<\/strong> Mit Hilfe der Laserzahnmedizin k\u00f6nnen wir fr\u00fche Anzeichen von Karies erkennen und diese versiegeln.&nbsp;<\/li>\n<\/ul>\n\n\n\n<ul class=\"wp-block-list\">\n<li><strong>Behandlung von \u00dcberempfindlichkeit<\/strong>: Mit Hilfe der Laserzahnmedizin k\u00f6nnen wir die Tubuli an der Zahnwurzel versiegeln und die \u00dcberempfindlichkeit gegen Hitze und K\u00e4lte beseitigen.&nbsp;<\/li>\n\n\n\n<li><strong>Behandlung von Zahnfleischerkrankungen<\/strong>: Mit Hilfe des Lasers k\u00f6nnen wir das Zahnfleisch bei einem &#8218;Gummy Smile&#8216;, bei dem das Zahnfleisch einen gro\u00dfen Teil des Zahns bedeckt, anpassen.<\/li>\n\n\n\n<li>Entfernung von L\u00e4sionen: Wir k\u00f6nnen L\u00e4sionen mit dem Laser entfernen, ohne dass N\u00e4hte erforderlich sind.&nbsp;<\/li>\n\n\n\n<li><strong>Z\u00e4hne aufhellen:<\/strong> Der Laser hilft uns, den Prozess der Zahnaufhellung zu beschleunigen.&nbsp;<\/li>\n\n\n\n<li><strong>Behandlung des Zungenb\u00e4ndchens: <\/strong>Menschen mit einem dicken oder engen <a href=\"https:\/\/www.verasmile.com\/de\/frenektomie-und-die-gefahren-von-einer-verschiebung-der-operation\/\">Frenulum<\/a>, der Hautfalte unter dem vorderen Teil der Zunge, die am Mundboden ansetzt, k\u00f6nnen durch eine Laser-Frenektomie Linderung erfahren. Dieses Verfahren hilft Kindern mit Problemen am Zungenb\u00e4ndchen, Schwierigkeiten beim Stillen oder Sprachst\u00f6rungen aufgrund des eingeschr\u00e4nkten Frenulums.<\/li>\n<\/ul>\n\n\n\n<p>Um sich der Behandlung sicher zu sein, f\u00fchren wir einige Tests und eine pers\u00f6nliche Beratung durch. Wenn n\u00f6tig, aktualisieren wir Ihren Behandlungsplan, damit wir die gew\u00fcnschten Ergebnisse erzielen.&nbsp;<\/p>\n\n\n\n<h3 class=\"wp-block-heading\" id=\"h-verfahren\"><strong>Verfahren<\/strong><\/h3>\n\n\n\n<p>Die Laserbehandlung ist eine sehr einfache Behandlung. Es wird nicht gebohrt oder \u00e4hnliches, was Sie fr\u00fcher vielleicht dazu veranlasst hat, einen Zahnarztbesuch zu vermeiden. Das Verfahren ist schmerzfrei, unabh\u00e4ngig davon, wof\u00fcr wir Sie behandeln.<\/p>\n\n\n\n<h3 class=\"wp-block-heading\" id=\"h-nach-dem-verfahren\"><strong>Nach dem Verfahren<\/strong><\/h3>\n\n\n\n<p>Bei Laserbehandlungen ist das Risiko einer Infektion oder von Schmerzen nach dem Eingriff geringer. Alles, was Sie tun m\u00fcssen, ist, unsere Ratschl\u00e4ge zu befolgen, um den Heilungsprozess besser zu \u00fcberstehen. Wenn Sie jedoch starke Schwellungen und Schmerzen haben, die nicht abklingen, sollten Sie sich mit uns in Verbindung setzen und es untersuchen lassen.<\/p>\n\n\n\n<h2 class=\"wp-block-heading\" id=\"h-wie-viel-kostet-die-laserzahnheilkunde\"><strong>Wie viel kostet die Laserzahnheilkunde?<\/strong><\/h2>\n\n\n\n<p>Da in der Laserzahnheilkunde mehr als ein Problem behandelt wird, ist es schwierig, die genauen Kosten f\u00fcr die Behandlung zu nennen. Dennoch k\u00f6nnen wir sagen, dass Sie sowohl in den USA als auch im Vereinigten K\u00f6nigreich mit Kosten zwischen 200 und 1500 Dollar rechnen k\u00f6nnen. Bei gro\u00dfen Operationen k\u00f6nnen sich die Kosten auf Tausende von Dollar summieren. Au\u00dferdem h\u00e4ngt es von Ihrem Bundesland, Ihren Bed\u00fcrfnissen, Ihrem Versicherungsschutz und der Kompetenz Ihres Zahnarztes ab.<\/p>\n\n\n\n<p>Wie Sie sich denken k\u00f6nnen, sind die Kosten f\u00fcr die Laserzahnheilkunde in der Welt des <a href=\"https:\/\/www.verasmile.com\/de\/zentrum-fuer-medizinischen-tourismus-auf-dem-vormarsch-tuerkei\/\">Zahntourismus<\/a> viel niedriger als in den USA und im Vereinigten K\u00f6nigreich. Der Zahntourismus bietet eine Chance f\u00fcr Menschen, die nicht so viel f\u00fcr Zahnbehandlungen bezahlen wollen. Die T\u00fcrkei ist einer der Stars des Zahntourismus, der Patienten die M\u00f6glichkeit bietet, eine F\u00fcnf-Sterne-Zahnbehandlung mit Laserzahnheilkunde zu erhalten, begleitet von einer traumhaften Auslandsreise.&nbsp;<\/p>\n\n\n\n<h2 class=\"wp-block-heading\" id=\"h-warum-vera-smile-nbsp\"><strong>Warum Vera Smile?&nbsp;<\/strong><\/h2>\n\n\n\n<p>Zahntourismus ist in jedem Fall ein Schreckensbegriff. Ein Zahnarztbesuch ist zwar f\u00fcr einige von uns schon stressig, aber ein Zahnarztbesuch in einem anderen Land, in dem eine andere Sprache gesprochen wird, muss eine ganz neue Dimension von Stress und Sorgen bedeuten. Aber das muss nicht so sein.&nbsp;<\/p>\n\n\n\n<p>Wir machen den Prozess f\u00fcr Sie bequem, indem wir Ihnen eine pers\u00f6nliche Behandlungsm\u00f6glichkeit in einer warmen Umgebung bieten. Bei Vera Smile glauben wir, dass jedes L\u00e4cheln einzigartig ist und entsprechend behandelt werden sollte. Wir <a href=\"https:\/\/www.verasmile.com\/de\/kosmetische-zahnmedizin\/digital-smile-design\/\">gestalten Ihr L\u00e4cheln<\/a> so, dass es zu Ihrer \u00c4sthetik passt und Ihre Gesichtsz\u00fcge unterstreicht. Jede Behandlung ist personalisiert und wird speziell f\u00fcr Ihren Fall angefertigt. Wir statten Sie mit allem aus, was Sie f\u00fcr eine Zahnbehandlung im Ausland ben\u00f6tigen, damit Sie nur noch daran denken, wie gut Sie auf dem Heimweg aussehen werden!<\/p>\n\n\n\n<p>Vera Smile nimmt Sie unter dem funkelnden Himmel Istanbuls mit auf eine transformative Reise, die speziell f\u00fcr Sie konzipiert wurde. Kontaktieren Sie uns und \u00fcberlassen Sie den Rest unserem Team.&nbsp;<\/p>\n\n\n\n<h2 class=\"wp-block-heading\" id=\"h-faq\"><strong>FAQ<\/strong><\/h2>\n\n\n\n<h3 class=\"wp-block-heading\" id=\"h-was-sind-die-nachteile-der-laserzahnheilkunde\"><strong>Was sind die Nachteile der Laserzahnheilkunde?<\/strong><\/h3>\n\n\n\n<p>Die Laserzahnheilkunde ist im Allgemeinen teurer als andere zahnmedizinische Behandlungen. Trotz der Vorteile k\u00f6nnen nicht alle Behandlungen mit Laser durchgef\u00fchrt werden. Wenn in Ihrem Fall eine Kombination verschiedener Behandlungen erforderlich ist, kann es au\u00dferdem sein, dass wir noch Bohrungen, An\u00e4sthesie usw. vornehmen m\u00fcssen, um den Prozess abzuschlie\u00dfen.<\/p>\n\n\n\n<h3 class=\"wp-block-heading\" id=\"h-lohnt-sich-eine-laserzahnreinigung\"><strong>Lohnt sich eine Laserzahnreinigung?<\/strong><\/h3>\n\n\n\n<p>Die Laserzahnreinigung ist eine sehr wirksame L\u00f6sung f\u00fcr die Wiederherstellung der Gesundheit des Zahnfleisches und sie minimiert das Risiko ernsthafter Mundgesundheitsprobleme.<\/p>\n\n\n\n<h3 class=\"wp-block-heading\" id=\"h-wozu-dient-die-laserzahnmedizin\"><strong>Wozu dient die Laserzahnmedizin?<\/strong><\/h3>\n\n\n\n<p>Laser eignen sich hervorragend f\u00fcr zahn\u00e4rztliche Behandlungen wie Zahnaufhellung, F\u00fcllungen, Zahnfleischerkrankungen, Zahnempfindlichkeit, Gewebekorrekturen usw. Wir untersuchen Ihren Fall und besprechen mit Ihnen, welche Laserbehandlung f\u00fcr Sie am besten geeignet ist, um Ihre Probleme zu beheben. Je nach dem Plan, den wir anschlie\u00dfend erstellen, k\u00f6nnen Sie eine Laserzahnbehandlung f\u00fcr mehrere Probleme erhalten!<\/p>\n\n\n\n<h3 class=\"wp-block-heading\" id=\"h-wird-die-laserzahnbehandlung-von-der-versicherung-ubernommen\"><strong>Wird die Laserzahnbehandlung von der Versicherung \u00fcbernommen?<\/strong><\/h3>\n\n\n\n<p>Einige Versicherungen \u00fcbernehmen zwar die Kosten f\u00fcr zahnmedizinische Laserbehandlungen, aber nur, wenn es nicht in die Kategorie der kosmetischen Zahnmedizin f\u00e4llt. Wenn Sie zum Beispiel eine Zahnf\u00fcllung mit Laser bekommen, kann die Versicherung daf\u00fcr aufkommen, aber wenn Sie Ihre Z\u00e4hne mit Laser aufhellen lassen wollen, m\u00fcssen Sie das Verfahren selbst bezahlen.<\/p>\n\n\n\n<h3 class=\"wp-block-heading\" id=\"h-was-sind-die-vorteile-der-laserzahnheilkunde\"><strong>Was sind die Vorteile der Laserzahnheilkunde?<\/strong><\/h3>\n\n\n\n<p>Die Laserzahnheilkunde ist weniger schmerzhaft als herk\u00f6mmliche Methoden und kann auch Blutungen und Schwellungen reduzieren, eine schnellere Heilung f\u00f6rdern und pr\u00e4zisere Ergebnisse liefern.<\/p>\n\n\n\n<h3 class=\"wp-block-heading\" id=\"h-ist-die-laserzahnheilkunde-sicher\"><strong>Ist die Laserzahnheilkunde sicher?<\/strong><\/h3>\n\n\n\n<p>Ja, die Laserzahnheilkunde gilt im Allgemeinen als sicher, wenn sie von einem geschulten und erfahrenen Zahnarzt durchgef\u00fchrt wird.<\/p>\n\n\n\n<h3 class=\"wp-block-heading\" id=\"h-ist-fur-zahnarztliche-lasereingriffe-eine-besondere-vorbereitung-erforderlich\"><strong>Ist f\u00fcr zahn\u00e4rztliche Lasereingriffe eine besondere Vorbereitung erforderlich?<\/strong><\/h3>\n\n\n\n<p>Ihr Zahnarzt wird Ihnen genaue Anweisungen f\u00fcr die Vorbereitung auf Ihren zahn\u00e4rztlichen Lasereingriff geben, aber im Allgemeinen m\u00fcssen Sie vor dem Eingriff eine gewisse Zeit lang auf Essen und Trinken verzichten.<\/p>\n\n\n\n<h3 class=\"wp-block-heading\" id=\"h-ist-die-laserzahnbehandlung-schmerzhaft\"><strong>Ist die Laserzahnbehandlung schmerzhaft?<\/strong><\/h3>\n\n\n\n<p>Die Laserzahnbehandlungen sind in der Regel weniger schmerzhaft als herk\u00f6mmliche Methoden, doch Sie k\u00f6nnen sich w\u00e4hrend oder nach dem Eingriff etwas unwohl f\u00fchlen.<\/p>\n\n\n\n<h3 class=\"wp-block-heading\" id=\"h-wie-lange-dauert-es-bis-man-sich-von-einem-zahnarztlichen-lasereingriff-erholt\"><strong>Wie lange dauert es, bis man sich von einem zahn\u00e4rztlichen Lasereingriff erholt?<\/strong><\/h3>\n\n\n\n<p>Die Erholungszeit kann je nach Verfahren variieren, aber im Allgemeinen ist die Erholungszeit bei Laserzahnbehandlungen k\u00fcrzer als bei herk\u00f6mmlichen Methoden.<\/p>\n\n\n\n<h3 class=\"wp-block-heading\" id=\"h-wo-kann-ich-in-der-turkei-einen-zahnarzt-finden-der-laserzahnbehandlungen-durchfuhrt\"><strong>Wo kann ich in der T\u00fcrkei einen Zahnarzt finden, der Laserzahnbehandlungen durchf\u00fchrt?<\/strong><\/h3>\n\n\n\n<p>Viele Zahn\u00e4rzte in der T\u00fcrkei bieten Dienstleistungen der Laserzahnheilkunde an. Sie k\u00f6nnen im Internet nach Zahn\u00e4rzten in Ihrer N\u00e4he suchen, die sich auf Laserzahnheilkunde spezialisiert haben, oder Freunde oder Familienmitglieder um Empfehlungen bitten, die sich einer Laserzahnbehandlung unterzogen haben. Lesen <a href=\"https:\/\/www.verasmile.com\/de\/vollstaendiger-leitfaden-zur-suche-nach-zuverlaessigen-zahnkliniken-in-der-tuerkei\/\">Sie unseren Leitfaden zur Auswahl der besten Zahnklinik in der T\u00fcrkei<\/a><\/p>\n\n<\/div><\/div>\n\n<div class=\"gb-grid-column gb-grid-column-9795dbe7\"><div class=\"gb-container gb-container-9795dbe7 contact-sticky\">\n\n<h4 class=\"gb-headline gb-headline-83925198 gb-headline-text\">Erhalten Sie eine kostenlose Beratung<\/h4>\n\n\n\n<script charset=\"utf-8\" type=\"text\/javascript\" src=\"\/\/js.hsforms.net\/forms\/embed\/v2.js\"><\/script>\n<script>\n  hbspt.forms.create({\n    region: \"na1\",\n    portalId: \"5077067\",\n    formId: \"83b6f398-f0e9-4d45-a66f-f4fea07586f4\"\n  });\n<\/script>\n\n<\/div><\/div>\n<\/div>\n<\/div>","protected":false},"excerpt":{"rendered":"","protected":false},"author":1,"featured_media":12913,"parent":0,"menu_order":0,"comment_status":"closed","ping_status":"closed","template":"","meta":{"inline_featured_image":false,"footnotes":""},"class_list":{"0":"post-12964","1":"page","2":"type-page","3":"status-publish","4":"has-post-thumbnail","6":"resize-featured-image"},"lang":"de","translations":{"en":1740,"fr":12867,"pt-pt":12910,"es":12944,"de":12964,"it":13102,"ar":13173,"tr":13773},"yoast_head":"<!-- This site is optimized with the Yoast SEO Premium plugin v27.4 (Yoast SEO v27.4) - https:\/\/yoast.com\/product\/yoast-seo-premium-wordpress\/ -->\n<title>Laserzahnheilkunde - Vera Smile<\/title>\n<meta name=\"description\" content=\"Erleben Sie die Vorteile der Laserzahnheilkunde bei Vera Smile: pr\u00e4zise, effiziente und komfortable Behandlungen\" \/>\n<meta name=\"robots\" content=\"index, follow, max-snippet:-1, max-image-preview:large, max-video-preview:-1\" \/>\n<link rel=\"canonical\" href=\"https:\/\/www.verasmile.com\/de\/laserzahnheilkunde\/\" \/>\n<meta property=\"og:locale\" content=\"de_DE\" \/>\n<meta property=\"og:type\" content=\"article\" \/>\n<meta property=\"og:title\" content=\"Laserzahnheilkunde\" \/>\n<meta property=\"og:description\" content=\"Erleben Sie die Vorteile der Laserzahnheilkunde bei Vera Smile: pr\u00e4zise, effiziente und komfortable Behandlungen\" \/>\n<meta property=\"og:url\" content=\"https:\/\/www.verasmile.com\/de\/laserzahnheilkunde\/\" \/>\n<meta property=\"og:site_name\" content=\"Vera Smile\" \/>\n<meta property=\"article:publisher\" content=\"https:\/\/www.facebook.com\/VeraSmileDental\/\" \/>\n<meta property=\"article:modified_time\" content=\"2024-08-05T15:45:00+00:00\" \/>\n<meta property=\"og:image\" content=\"https:\/\/www.verasmile.com\/wp-content\/uploads\/2024\/02\/Laser-Dentistry.webp\" \/>\n\t<meta property=\"og:image:width\" content=\"1440\" \/>\n\t<meta property=\"og:image:height\" content=\"800\" \/>\n\t<meta property=\"og:image:type\" content=\"image\/webp\" \/>\n<meta name=\"twitter:card\" content=\"summary_large_image\" \/>\n<meta name=\"twitter:label1\" content=\"Gesch\u00e4tzte Lesezeit\" \/>\n\t<meta name=\"twitter:data1\" content=\"6\u00a0Minuten\" \/>\n<script type=\"application\/ld+json\" class=\"yoast-schema-graph\">{\"@context\":\"https:\\\/\\\/schema.org\",\"@graph\":[{\"@type\":\"WebPage\",\"@id\":\"https:\\\/\\\/www.verasmile.com\\\/de\\\/laserzahnheilkunde\\\/\",\"url\":\"https:\\\/\\\/www.verasmile.com\\\/de\\\/laserzahnheilkunde\\\/\",\"name\":\"Laserzahnheilkunde - Vera Smile\",\"isPartOf\":{\"@id\":\"https:\\\/\\\/www.verasmile.com\\\/de\\\/#website\"},\"primaryImageOfPage\":{\"@id\":\"https:\\\/\\\/www.verasmile.com\\\/de\\\/laserzahnheilkunde\\\/#primaryimage\"},\"image\":{\"@id\":\"https:\\\/\\\/www.verasmile.com\\\/de\\\/laserzahnheilkunde\\\/#primaryimage\"},\"thumbnailUrl\":\"https:\\\/\\\/www.verasmile.com\\\/wp-content\\\/uploads\\\/2024\\\/02\\\/Laser-Dentistry.webp\",\"datePublished\":\"2023-07-07T09:47:26+00:00\",\"dateModified\":\"2024-08-05T15:45:00+00:00\",\"description\":\"Erleben Sie die Vorteile der Laserzahnheilkunde bei Vera Smile: pr\u00e4zise, effiziente und komfortable Behandlungen\",\"breadcrumb\":{\"@id\":\"https:\\\/\\\/www.verasmile.com\\\/de\\\/laserzahnheilkunde\\\/#breadcrumb\"},\"inLanguage\":\"de\",\"potentialAction\":[{\"@type\":\"ReadAction\",\"target\":[\"https:\\\/\\\/www.verasmile.com\\\/de\\\/laserzahnheilkunde\\\/\"]}]},{\"@type\":\"ImageObject\",\"inLanguage\":\"de\",\"@id\":\"https:\\\/\\\/www.verasmile.com\\\/de\\\/laserzahnheilkunde\\\/#primaryimage\",\"url\":\"https:\\\/\\\/www.verasmile.com\\\/wp-content\\\/uploads\\\/2024\\\/02\\\/Laser-Dentistry.webp\",\"contentUrl\":\"https:\\\/\\\/www.verasmile.com\\\/wp-content\\\/uploads\\\/2024\\\/02\\\/Laser-Dentistry.webp\",\"width\":1440,\"height\":800,\"caption\":\"Laserzahnheilkunde\"},{\"@type\":\"BreadcrumbList\",\"@id\":\"https:\\\/\\\/www.verasmile.com\\\/de\\\/laserzahnheilkunde\\\/#breadcrumb\",\"itemListElement\":[{\"@type\":\"ListItem\",\"position\":1,\"name\":\"Home\",\"item\":\"https:\\\/\\\/www.verasmile.com\\\/de\\\/\"},{\"@type\":\"ListItem\",\"position\":2,\"name\":\"Laserzahnheilkunde\"}]},{\"@type\":\"WebSite\",\"@id\":\"https:\\\/\\\/www.verasmile.com\\\/de\\\/#website\",\"url\":\"https:\\\/\\\/www.verasmile.com\\\/de\\\/\",\"name\":\"Vera Smile Dental Clinic\",\"description\":\"Dental Clinic in Turkey, Istanbul 2026\",\"publisher\":{\"@id\":\"https:\\\/\\\/www.verasmile.com\\\/de\\\/#organization\"},\"potentialAction\":[{\"@type\":\"SearchAction\",\"target\":{\"@type\":\"EntryPoint\",\"urlTemplate\":\"https:\\\/\\\/www.verasmile.com\\\/de\\\/?s={search_term_string}\"},\"query-input\":{\"@type\":\"PropertyValueSpecification\",\"valueRequired\":true,\"valueName\":\"search_term_string\"}}],\"inLanguage\":\"de\"},{\"@type\":\"Organization\",\"@id\":\"https:\\\/\\\/www.verasmile.com\\\/de\\\/#organization\",\"name\":\"Vera Smile Dental Clinic\",\"url\":\"https:\\\/\\\/www.verasmile.com\\\/de\\\/\",\"logo\":{\"@type\":\"ImageObject\",\"inLanguage\":\"de\",\"@id\":\"https:\\\/\\\/www.verasmile.com\\\/de\\\/#\\\/schema\\\/logo\\\/image\\\/\",\"url\":\"https:\\\/\\\/www.verasmile.com\\\/wp-content\\\/uploads\\\/2026\\\/02\\\/Birles\u0327ik-Logo-scaled.png\",\"contentUrl\":\"https:\\\/\\\/www.verasmile.com\\\/wp-content\\\/uploads\\\/2026\\\/02\\\/Birles\u0327ik-Logo-scaled.png\",\"width\":2560,\"height\":244,\"caption\":\"Vera Smile Dental Clinic\"},\"image\":{\"@id\":\"https:\\\/\\\/www.verasmile.com\\\/de\\\/#\\\/schema\\\/logo\\\/image\\\/\"},\"sameAs\":[\"https:\\\/\\\/www.facebook.com\\\/VeraSmileDental\\\/\",\"https:\\\/\\\/www.instagram.com\\\/verasmile.dental\\\/\"]}]}<\/script>\n<!-- \/ Yoast SEO Premium plugin. -->","yoast_head_json":{"title":"Laserzahnheilkunde - Vera Smile","description":"Erleben Sie die Vorteile der Laserzahnheilkunde bei Vera Smile: pr\u00e4zise, effiziente und komfortable Behandlungen","robots":{"index":"index","follow":"follow","max-snippet":"max-snippet:-1","max-image-preview":"max-image-preview:large","max-video-preview":"max-video-preview:-1"},"canonical":"https:\/\/www.verasmile.com\/de\/laserzahnheilkunde\/","og_locale":"de_DE","og_type":"article","og_title":"Laserzahnheilkunde","og_description":"Erleben Sie die Vorteile der Laserzahnheilkunde bei Vera Smile: pr\u00e4zise, effiziente und komfortable Behandlungen","og_url":"https:\/\/www.verasmile.com\/de\/laserzahnheilkunde\/","og_site_name":"Vera Smile","article_publisher":"https:\/\/www.facebook.com\/VeraSmileDental\/","article_modified_time":"2024-08-05T15:45:00+00:00","og_image":[{"width":1440,"height":800,"url":"https:\/\/www.verasmile.com\/wp-content\/uploads\/2024\/02\/Laser-Dentistry.webp","type":"image\/webp"}],"twitter_card":"summary_large_image","twitter_misc":{"Gesch\u00e4tzte Lesezeit":"6\u00a0Minuten"},"schema":{"@context":"https:\/\/schema.org","@graph":[{"@type":"WebPage","@id":"https:\/\/www.verasmile.com\/de\/laserzahnheilkunde\/","url":"https:\/\/www.verasmile.com\/de\/laserzahnheilkunde\/","name":"Laserzahnheilkunde - Vera Smile","isPartOf":{"@id":"https:\/\/www.verasmile.com\/de\/#website"},"primaryImageOfPage":{"@id":"https:\/\/www.verasmile.com\/de\/laserzahnheilkunde\/#primaryimage"},"image":{"@id":"https:\/\/www.verasmile.com\/de\/laserzahnheilkunde\/#primaryimage"},"thumbnailUrl":"https:\/\/www.verasmile.com\/wp-content\/uploads\/2024\/02\/Laser-Dentistry.webp","datePublished":"2023-07-07T09:47:26+00:00","dateModified":"2024-08-05T15:45:00+00:00","description":"Erleben Sie die Vorteile der Laserzahnheilkunde bei Vera Smile: pr\u00e4zise, effiziente und komfortable Behandlungen","breadcrumb":{"@id":"https:\/\/www.verasmile.com\/de\/laserzahnheilkunde\/#breadcrumb"},"inLanguage":"de","potentialAction":[{"@type":"ReadAction","target":["https:\/\/www.verasmile.com\/de\/laserzahnheilkunde\/"]}]},{"@type":"ImageObject","inLanguage":"de","@id":"https:\/\/www.verasmile.com\/de\/laserzahnheilkunde\/#primaryimage","url":"https:\/\/www.verasmile.com\/wp-content\/uploads\/2024\/02\/Laser-Dentistry.webp","contentUrl":"https:\/\/www.verasmile.com\/wp-content\/uploads\/2024\/02\/Laser-Dentistry.webp","width":1440,"height":800,"caption":"Laserzahnheilkunde"},{"@type":"BreadcrumbList","@id":"https:\/\/www.verasmile.com\/de\/laserzahnheilkunde\/#breadcrumb","itemListElement":[{"@type":"ListItem","position":1,"name":"Home","item":"https:\/\/www.verasmile.com\/de\/"},{"@type":"ListItem","position":2,"name":"Laserzahnheilkunde"}]},{"@type":"WebSite","@id":"https:\/\/www.verasmile.com\/de\/#website","url":"https:\/\/www.verasmile.com\/de\/","name":"Vera Smile Dental Clinic","description":"Dental Clinic in Turkey, Istanbul 2026","publisher":{"@id":"https:\/\/www.verasmile.com\/de\/#organization"},"potentialAction":[{"@type":"SearchAction","target":{"@type":"EntryPoint","urlTemplate":"https:\/\/www.verasmile.com\/de\/?s={search_term_string}"},"query-input":{"@type":"PropertyValueSpecification","valueRequired":true,"valueName":"search_term_string"}}],"inLanguage":"de"},{"@type":"Organization","@id":"https:\/\/www.verasmile.com\/de\/#organization","name":"Vera Smile Dental Clinic","url":"https:\/\/www.verasmile.com\/de\/","logo":{"@type":"ImageObject","inLanguage":"de","@id":"https:\/\/www.verasmile.com\/de\/#\/schema\/logo\/image\/","url":"https:\/\/www.verasmile.com\/wp-content\/uploads\/2026\/02\/Birles\u0327ik-Logo-scaled.png","contentUrl":"https:\/\/www.verasmile.com\/wp-content\/uploads\/2026\/02\/Birles\u0327ik-Logo-scaled.png","width":2560,"height":244,"caption":"Vera Smile Dental Clinic"},"image":{"@id":"https:\/\/www.verasmile.com\/de\/#\/schema\/logo\/image\/"},"sameAs":["https:\/\/www.facebook.com\/VeraSmileDental\/","https:\/\/www.instagram.com\/verasmile.dental\/"]}]}},"_links":{"self":[{"href":"https:\/\/www.verasmile.com\/de\/wp-json\/wp\/v2\/pages\/12964","targetHints":{"allow":["GET"]}}],"collection":[{"href":"https:\/\/www.verasmile.com\/de\/wp-json\/wp\/v2\/pages"}],"about":[{"href":"https:\/\/www.verasmile.com\/de\/wp-json\/wp\/v2\/types\/page"}],"author":[{"embeddable":true,"href":"https:\/\/www.verasmile.com\/de\/wp-json\/wp\/v2\/users\/1"}],"replies":[{"embeddable":true,"href":"https:\/\/www.verasmile.com\/de\/wp-json\/wp\/v2\/comments?post=12964"}],"version-history":[{"count":0,"href":"https:\/\/www.verasmile.com\/de\/wp-json\/wp\/v2\/pages\/12964\/revisions"}],"wp:featuredmedia":[{"embeddable":true,"href":"https:\/\/www.verasmile.com\/de\/wp-json\/wp\/v2\/media\/12913"}],"wp:attachment":[{"href":"https:\/\/www.verasmile.com\/de\/wp-json\/wp\/v2\/media?parent=12964"}],"curies":[{"name":"wp","href":"https:\/\/api.w.org\/{rel}","templated":true}]}}