{"id":11881,"date":"2023-07-07T12:26:41","date_gmt":"2023-07-07T09:26:41","guid":{"rendered":"https:\/\/www.verasmile.com\/?page_id=11881"},"modified":"2024-08-06T11:23:36","modified_gmt":"2024-08-06T08:23:36","slug":"sustitucion-de-varios-dientes","status":"publish","type":"page","link":"https:\/\/www.verasmile.com\/es\/implantes-dentales\/sustitucion-de-varios-dientes\/","title":{"rendered":"Sustituci\u00f3n de varios dientes\u00a0"},"content":{"rendered":"<div class=\"gb-container gb-container-ec46b227\">\n<div class=\"gb-grid-wrapper gb-grid-wrapper-6232a014\">\n<div class=\"gb-grid-column gb-grid-column-141c614b\"><div class=\"gb-container gb-container-141c614b\">\n\n<p>La falta de un diente puede afectar a algo m\u00e1s que a la apariencia, ya que puede ocasionarle muchos problemas m\u00e9dicos y necesitar la sustituci\u00f3n de varios dientes. Puede sufrir una p\u00e9rdida \u00f3sea permanente en la mand\u00edbula, la alineaci\u00f3n de los dientes puede cambiar porque los dientes se desplazar\u00e1n hacia delante para cerrar la brecha y puede tener problemas al hablar, comer o incluso al sonre\u00edr. La falta de dientes tambi\u00e9n puede causar varias enfermedades de las enc\u00edas y mal aliento.&nbsp;<\/p>\n\n\n\n<p>Es fundamental tratar la falta de dientes para evitar estas consecuencias. Una soluci\u00f3n eficaz es la sustituci\u00f3n de varios dientes. La sustituci\u00f3n de varios dientes con implantes dentales proporciona una base permanente para unos dientes artificiales que imitan a los naturales. Al rellenar los huecos con implantes, restaura el aspecto de su sonrisa al tiempo que mantiene una buena salud oral. No deje que las lagunas le impidan sonre\u00edr; elija el tratamiento adecuado y p\u00f3ngase manos a la obra.<\/p>\n\n\n\n<h2 class=\"gb-headline gb-headline-c95f55a1 gb-headline-text\"><strong>\u00bfQu\u00e9 es la artroplastia m\u00faltiple?<\/strong><\/h2>\n\n\n\n<p>Los tratamientos de sustituci\u00f3n de m\u00faltiples dientes consisten en la colocaci\u00f3n quir\u00fargica de postes de titanio en el hueso maxilar para proporcionar una base s\u00f3lida para fijar los dientes artificiales. Imitan la estructura natural de los dientes, fomentando la salud \u00f3sea y evitando un mayor deterioro del hueso maxilar.<\/p>\n\n\n\n<p>Los implantes que utilizamos en el tratamiento de sustituci\u00f3n de dientes m\u00faltiples constan de dos piezas: postes de titanio y coronas hechas a medida. Tenemos diferentes opciones de materiales y t\u00e9cnicas que decidimos en funci\u00f3n de sus necesidades.&nbsp;<\/p>\n\n\n\n<h2 class=\"gb-headline gb-headline-bb978788 gb-headline-text\"><strong>M\u00faltiples opciones de sustituci\u00f3n de dientes<\/strong><\/h2>\n\n\n\n<p>Si le faltan uno o varios dientes, tiene tres opciones principales de tratamiento: <a href=\"https:\/\/www.verasmile.com\/es\/dentaduras-parciales-y-completas-en-turquia\/\">pr\u00f3tesis parciales <\/a>(distintos tipos de puentes dentales) o sustituci\u00f3n de varios dientes con implantes. Mientras que una dentadura parcial se fija con ganchos que se conectan a los dientes naturales circundantes, los puentes dentales se apoyan en los dientes adyacentes y encajan en el hueco. Ambos pueden ser desmontables o fijos.&nbsp;<\/p>\n\n\n\n<p>En cambio, la sustituci\u00f3n de varios dientes con implantes es permanente. Si busca una opci\u00f3n permanente, fiable y duradera, deber\u00eda plantearse la sustituci\u00f3n de varios dientes con implantes.&nbsp;<\/p>\n\n\n\n<h2 class=\"gb-headline gb-headline-218758e1 gb-headline-text\"><strong>Procedimiento de sustituci\u00f3n de m\u00faltiples dientes en Vera Smile<\/strong><\/h2>\n\n\n\n<h3 class=\"gb-headline gb-headline-59d06252 gb-headline-text\"><strong>Preplanifique<\/strong><\/h3>\n\n\n\n<p>Cuando se ponga en contacto con nosotros, empezaremos a planificar su tratamiento. Discutimos las mejores opciones para su caso y empezamos a prepararnos.<\/p>\n\n\n\n<h3 class=\"gb-headline gb-headline-2b79d284 gb-headline-text\"><strong>Antes del procedimiento<\/strong><\/h3>\n\n\n\n<p>Obtenemos la informaci\u00f3n de su vuelo, le preparamos el alojamiento y el transporte y le informamos sobre los d\u00edas y procedimientos de su tratamiento.&nbsp;<\/p>\n\n\n\n<p>Antes del tratamiento, para el examen en persona, es necesario someterse a algunas pruebas y consultas. Lo hacemos para asegurarnos de que el resultado del plan dise\u00f1ado sea tal y como usted espera.<\/p>\n\n\n\n<h3 class=\"gb-headline gb-headline-ff6b0f4a gb-headline-text\"><strong>Procedimiento<\/strong><\/h3>\n\n\n\n<p>Los implantes se colocan quir\u00fargicamente en el hueso maxilar y se cubren con una corona. La duraci\u00f3n de la intervenci\u00f3n puede ajustarse en funci\u00f3n de su situaci\u00f3n personal.&nbsp;<\/p>\n\n\n\n<h3 class=\"gb-headline gb-headline-4f1be550 gb-headline-text\"><strong>Despu\u00e9s del procedimiento<\/strong><\/h3>\n\n\n\n<p>Supervisaremos su proceso de cicatrizaci\u00f3n durante un tiempo y atenderemos cualquier inquietud que pueda tener durante este periodo. Deber\u00e1 seguir las instrucciones detalladas que le daremos sobre c\u00f3mo cuidar de sus implantes despu\u00e9s de la intervenci\u00f3n para una recuperaci\u00f3n r\u00e1pida y sin problemas.&nbsp;<\/p>\n\n\n\n<h2 class=\"gb-headline gb-headline-a109a055 gb-headline-text\"><strong>Cuidados postoperatorios de la artroplastia m\u00faltiple<\/strong><\/h2>\n\n\n\n<p>Despu\u00e9s de su reemplazo de m\u00faltiples dientes en Turqu\u00eda, es muy importante seguir todas las instrucciones y tomar todos sus medicamentos. Ten cuidado y evita traumatizar la zona. Es completamente normal experimentar hinchaz\u00f3n y dolor. Puedes tomar tus analg\u00e9sicos y usar bolsas de hielo. Al cabo de unos d\u00edas, ambos se reducir\u00e1n.<\/p>\n\n\n\n<h2 class=\"gb-headline gb-headline-809e19c1 gb-headline-text\"><strong>\u00bfCu\u00e1nto cuesta la artroplastia m\u00faltiple?<\/strong><\/h2>\n\n\n\n<p>Los implantes son caros, incluso para un solo diente. <a href=\"https:\/\/www.verasmile.com\/es\/revelado-coste-de-los-implantes-dentales-en-turquia-comparado-con-ee-uu\/\">El coste de la sustituci\u00f3n de varios dientes con implantes<\/a> en EE.UU. y el Reino Unido puede asustar por este motivo. Oscila entre 500 y 6000 libras por diente, el resto te lo puedes imaginar. Si adquiere un paquete de <a href=\"https:\/\/www.verasmile.com\/es\/implantes-dentales\/implantes-dentales-all-on-4\/\">implantes dentales All-On-4<\/a> o All-On-6, puede resultar m\u00e1s barato en total, pero sigue siendo una cantidad considerable de dinero.&nbsp;<\/p>\n\n\n\n<p>Por eso, la mayor\u00eda de la gente opta por someterse a un tratamiento dental en Turqu\u00eda. Con el dinero que se gastar\u00edan en el procedimiento en su pa\u00eds, o incluso menos, pueden recibir el tratamiento y pasar unas peque\u00f1as vacaciones en Estambul, una de las mayores ciudades del mundo. Es la guinda del pastel.&nbsp;<\/p>\n\n\n\n<p>Como Vera Smile, en la vibrante ciudad de Estambul, ofrecemos un precio competitivo de reemplazo de dientes m\u00faltiples sin comprometer la calidad. Una de nuestras misiones es poner la atenci\u00f3n dental de calidad al alcance de todos.&nbsp;P\u00f3ngase en <a href=\"https:\/\/www.verasmile.com\/es\/pongase-en-contacto-con-nosotros\/\">contacto con nosotros<\/a> ahora para obtener un desglose detallado de los costes.<\/p>\n\n\n\n<h2 class=\"gb-headline gb-headline-eebd104e gb-headline-text\"><strong>\u00bfPor qu\u00e9 Vera Smile?<\/strong><\/h2>\n\n\n\n<p>Estamos orgullosos de ofrecer a nuestros pacientes una atenci\u00f3n personalizada compasiva, las \u00faltimas tecnolog\u00edas dentales, y un gran equipo. Le guiaremos a lo largo de su viaje de sustituci\u00f3n de m\u00faltiples dientes en Turqu\u00eda y nos aseguraremos de que se sienta c\u00f3modo, seguro y especial.<\/p>\n\n\n\n<p>Con nuestros precios competitivos, paquetes todo incluido, un largo historial de \u00e9xito en la transformaci\u00f3n de la vida y una nueva sonrisa, y nuestra cultura y hospitalidad turcas, elegirnos para su sustituci\u00f3n de m\u00faltiples dientes en Turqu\u00eda nunca ha sido tan f\u00e1cil.&nbsp;<\/p>\n\n\n\n<p>Concierte su cita hoy mismo y comience su viaje hacia el tratamiento. Estamos impacientes por formar parte de tu transformaci\u00f3n.<\/p>\n\n\n\n<h2 class=\"gb-headline gb-headline-d90344d2 gb-headline-text\"><strong>Preguntas frecuentes<\/strong><\/h2>\n\n\n\n<h3 class=\"gb-headline gb-headline-3ed6ff39 gb-headline-text\"><strong>\u00bfEs dolorosa la sustituci\u00f3n de varios dientes?<\/strong><\/h3>\n\n\n\n<p>Utilizaremos anestesia local u otros m\u00e9todos de sedaci\u00f3n para asegurarnos de que no sentir\u00e1 ning\u00fan dolor durante su cirug\u00eda de sustituci\u00f3n de m\u00faltiples dientes. Sin embargo, puede experimentar algunas molestias, hinchaz\u00f3n y dolor despu\u00e9s de la cirug\u00eda. Intentaremos minimizarlos con medicaci\u00f3n e instrucciones especiales.&nbsp;<\/p>\n\n\n\n<h3 class=\"gb-headline gb-headline-12c44d99 gb-headline-text\"><strong>\u00bfCu\u00e1nto dura el procedimiento de sustituci\u00f3n de varios dientes?<\/strong><\/h3>\n\n\n\n<p>La duraci\u00f3n de las cirug\u00edas de sustituci\u00f3n de dientes m\u00faltiples puede variar en funci\u00f3n del n\u00famero de dientes que se sustituyan, la complejidad del caso y su proceso de cicatrizaci\u00f3n. Cuando le examinen en persona, lo tendr\u00e1 m\u00e1s claro.<\/p>\n\n\n\n<h3 class=\"gb-headline gb-headline-b78b5f0e gb-headline-text\"><strong>\u00bfCu\u00e1nto duran los dientes artificiales?<\/strong><\/h3>\n\n\n\n<p>La vida \u00fatil de los implantes depende del tipo de implante y de los cuidados posteriores. Con unas pr\u00e1cticas de higiene bucal y revisiones dentales adecuadas y regulares, sus implantes pueden durar muchos a\u00f1os. Sin embargo, la experiencia de cada persona es diferente.<\/p>\n\n\n\n<h3 class=\"gb-headline gb-headline-9e59fe61 gb-headline-text\"><strong>\u00bfEs posible sustituir todos los dientes?<\/strong><\/h3>\n\n\n\n<p>S\u00ed, es posible sustituir todos los dientes. Si necesita este tipo de tratamiento, tras un examen detallado podemos determinar qu\u00e9 tipo y cu\u00e1ntos tratamientos podemos utilizar para usted.<\/p>\n\n<\/div><\/div>\n\n<div class=\"gb-grid-column gb-grid-column-9795dbe7\"><div class=\"gb-container gb-container-9795dbe7 contact-sticky\">\n\n<h4 class=\"gb-headline gb-headline-83925198 gb-headline-text\">Obtenga una consulta gratis<\/h4>\n\n\n\n<script charset=\"utf-8\" type=\"text\/javascript\" src=\"\/\/js.hsforms.net\/forms\/embed\/v2.js\"><\/script>\n<script>\n  hbspt.forms.create({\n    region: \"na1\",\n    portalId: \"5077067\",\n    formId: \"049f038c-7998-4114-9a99-a937a1847281\"\n  });\n<\/script>\n\n<\/div><\/div>\n<\/div>\n<\/div>","protected":false},"excerpt":{"rendered":"","protected":false},"author":1,"featured_media":9055,"parent":4967,"menu_order":0,"comment_status":"closed","ping_status":"closed","template":"","meta":{"inline_featured_image":false,"footnotes":""},"class_list":{"0":"post-11881","1":"page","2":"type-page","3":"status-publish","4":"has-post-thumbnail","6":"resize-featured-image"},"lang":"es","translations":{"en":1724,"it":11213,"fr":11600,"es":11881,"pt-pt":12111,"de":12397,"ar":13317,"tr":13757},"yoast_head":"<!-- This site is optimized with the Yoast SEO Premium plugin v27.4 (Yoast SEO v27.4) - https:\/\/yoast.com\/product\/yoast-seo-premium-wordpress\/ -->\n<title>Sustituci\u00f3n de varios dientes\u00a0 - Vera Smile<\/title>\n<meta name=\"description\" content=\"La Sustituci\u00f3n de M\u00faltiples Dientes en Turqu\u00eda podr\u00eda ser la elecci\u00f3n correcta. Descubra c\u00f3mo puede recuperar su sonrisa con implantes dentales\" \/>\n<meta name=\"robots\" content=\"index, follow, max-snippet:-1, max-image-preview:large, max-video-preview:-1\" \/>\n<link rel=\"canonical\" href=\"https:\/\/www.verasmile.com\/es\/implantes-dentales\/sustitucion-de-varios-dientes\/\" \/>\n<meta property=\"og:locale\" content=\"es_ES\" \/>\n<meta property=\"og:type\" content=\"article\" \/>\n<meta property=\"og:title\" content=\"Sustituci\u00f3n de varios dientes\u00a0\" \/>\n<meta property=\"og:description\" content=\"La Sustituci\u00f3n de M\u00faltiples Dientes en Turqu\u00eda podr\u00eda ser la elecci\u00f3n correcta. Descubra c\u00f3mo puede recuperar su sonrisa con implantes dentales\" \/>\n<meta property=\"og:url\" content=\"https:\/\/www.verasmile.com\/es\/implantes-dentales\/sustitucion-de-varios-dientes\/\" \/>\n<meta property=\"og:site_name\" content=\"Vera Smile\" \/>\n<meta property=\"article:publisher\" content=\"https:\/\/www.facebook.com\/VeraSmileDental\/\" \/>\n<meta property=\"article:modified_time\" content=\"2024-08-06T08:23:36+00:00\" \/>\n<meta property=\"og:image\" content=\"https:\/\/www.verasmile.com\/wp-content\/uploads\/2024\/02\/multple-teeth-implant.webp\" \/>\n\t<meta property=\"og:image:width\" content=\"1440\" \/>\n\t<meta property=\"og:image:height\" content=\"800\" \/>\n\t<meta property=\"og:image:type\" content=\"image\/webp\" \/>\n<meta name=\"twitter:card\" content=\"summary_large_image\" \/>\n<meta name=\"twitter:label1\" content=\"Tiempo de lectura\" \/>\n\t<meta name=\"twitter:data1\" content=\"5 minutos\" \/>\n<script type=\"application\/ld+json\" class=\"yoast-schema-graph\">{\"@context\":\"https:\\\/\\\/schema.org\",\"@graph\":[{\"@type\":\"WebPage\",\"@id\":\"https:\\\/\\\/www.verasmile.com\\\/es\\\/implantes-dentales\\\/sustitucion-de-varios-dientes\\\/\",\"url\":\"https:\\\/\\\/www.verasmile.com\\\/es\\\/implantes-dentales\\\/sustitucion-de-varios-dientes\\\/\",\"name\":\"Sustituci\u00f3n de varios dientes\u00a0 - Vera Smile\",\"isPartOf\":{\"@id\":\"https:\\\/\\\/www.verasmile.com\\\/es\\\/#website\"},\"primaryImageOfPage\":{\"@id\":\"https:\\\/\\\/www.verasmile.com\\\/es\\\/implantes-dentales\\\/sustitucion-de-varios-dientes\\\/#primaryimage\"},\"image\":{\"@id\":\"https:\\\/\\\/www.verasmile.com\\\/es\\\/implantes-dentales\\\/sustitucion-de-varios-dientes\\\/#primaryimage\"},\"thumbnailUrl\":\"https:\\\/\\\/www.verasmile.com\\\/wp-content\\\/uploads\\\/2024\\\/02\\\/multple-teeth-implant.webp\",\"datePublished\":\"2023-07-07T09:26:41+00:00\",\"dateModified\":\"2024-08-06T08:23:36+00:00\",\"description\":\"La Sustituci\u00f3n de M\u00faltiples Dientes en Turqu\u00eda podr\u00eda ser la elecci\u00f3n correcta. Descubra c\u00f3mo puede recuperar su sonrisa con implantes dentales\",\"breadcrumb\":{\"@id\":\"https:\\\/\\\/www.verasmile.com\\\/es\\\/implantes-dentales\\\/sustitucion-de-varios-dientes\\\/#breadcrumb\"},\"inLanguage\":\"es\",\"potentialAction\":[{\"@type\":\"ReadAction\",\"target\":[\"https:\\\/\\\/www.verasmile.com\\\/es\\\/implantes-dentales\\\/sustitucion-de-varios-dientes\\\/\"]}]},{\"@type\":\"ImageObject\",\"inLanguage\":\"es\",\"@id\":\"https:\\\/\\\/www.verasmile.com\\\/es\\\/implantes-dentales\\\/sustitucion-de-varios-dientes\\\/#primaryimage\",\"url\":\"https:\\\/\\\/www.verasmile.com\\\/wp-content\\\/uploads\\\/2024\\\/02\\\/multple-teeth-implant.webp\",\"contentUrl\":\"https:\\\/\\\/www.verasmile.com\\\/wp-content\\\/uploads\\\/2024\\\/02\\\/multple-teeth-implant.webp\",\"width\":1440,\"height\":800,\"caption\":\"Sustituci\u00f3n de varios dientes\u00a0\"},{\"@type\":\"BreadcrumbList\",\"@id\":\"https:\\\/\\\/www.verasmile.com\\\/es\\\/implantes-dentales\\\/sustitucion-de-varios-dientes\\\/#breadcrumb\",\"itemListElement\":[{\"@type\":\"ListItem\",\"position\":1,\"name\":\"Inicio\",\"item\":\"https:\\\/\\\/www.verasmile.com\\\/es\\\/\"},{\"@type\":\"ListItem\",\"position\":2,\"name\":\"Implantes dentales: tipos, procedimiento, coste y cuidados posteriores\",\"item\":\"https:\\\/\\\/www.verasmile.com\\\/es\\\/implantes-dentales\\\/\"},{\"@type\":\"ListItem\",\"position\":3,\"name\":\"Sustituci\u00f3n de varios dientes\u00a0\"}]},{\"@type\":\"WebSite\",\"@id\":\"https:\\\/\\\/www.verasmile.com\\\/es\\\/#website\",\"url\":\"https:\\\/\\\/www.verasmile.com\\\/es\\\/\",\"name\":\"Vera Smile Dental Clinic\",\"description\":\"Dental Clinic in T\u00fcrkiye\",\"publisher\":{\"@id\":\"https:\\\/\\\/www.verasmile.com\\\/es\\\/#organization\"},\"potentialAction\":[{\"@type\":\"SearchAction\",\"target\":{\"@type\":\"EntryPoint\",\"urlTemplate\":\"https:\\\/\\\/www.verasmile.com\\\/es\\\/?s={search_term_string}\"},\"query-input\":{\"@type\":\"PropertyValueSpecification\",\"valueRequired\":true,\"valueName\":\"search_term_string\"}}],\"inLanguage\":\"es\"},{\"@type\":\"Organization\",\"@id\":\"https:\\\/\\\/www.verasmile.com\\\/es\\\/#organization\",\"name\":\"Vera Smile Dental Clinic\",\"url\":\"https:\\\/\\\/www.verasmile.com\\\/es\\\/\",\"logo\":{\"@type\":\"ImageObject\",\"inLanguage\":\"es\",\"@id\":\"https:\\\/\\\/www.verasmile.com\\\/es\\\/#\\\/schema\\\/logo\\\/image\\\/\",\"url\":\"https:\\\/\\\/www.verasmile.com\\\/wp-content\\\/uploads\\\/2026\\\/02\\\/Birles\u0327ik-Logo-scaled.png\",\"contentUrl\":\"https:\\\/\\\/www.verasmile.com\\\/wp-content\\\/uploads\\\/2026\\\/02\\\/Birles\u0327ik-Logo-scaled.png\",\"width\":2560,\"height\":244,\"caption\":\"Vera Smile Dental Clinic\"},\"image\":{\"@id\":\"https:\\\/\\\/www.verasmile.com\\\/es\\\/#\\\/schema\\\/logo\\\/image\\\/\"},\"sameAs\":[\"https:\\\/\\\/www.facebook.com\\\/VeraSmileDental\\\/\",\"https:\\\/\\\/www.instagram.com\\\/verasmile.dental\\\/\"]}]}<\/script>\n<!-- \/ Yoast SEO Premium plugin. -->","yoast_head_json":{"title":"Sustituci\u00f3n de varios dientes\u00a0 - Vera Smile","description":"La Sustituci\u00f3n de M\u00faltiples Dientes en Turqu\u00eda podr\u00eda ser la elecci\u00f3n correcta. Descubra c\u00f3mo puede recuperar su sonrisa con implantes dentales","robots":{"index":"index","follow":"follow","max-snippet":"max-snippet:-1","max-image-preview":"max-image-preview:large","max-video-preview":"max-video-preview:-1"},"canonical":"https:\/\/www.verasmile.com\/es\/implantes-dentales\/sustitucion-de-varios-dientes\/","og_locale":"es_ES","og_type":"article","og_title":"Sustituci\u00f3n de varios dientes\u00a0","og_description":"La Sustituci\u00f3n de M\u00faltiples Dientes en Turqu\u00eda podr\u00eda ser la elecci\u00f3n correcta. Descubra c\u00f3mo puede recuperar su sonrisa con implantes dentales","og_url":"https:\/\/www.verasmile.com\/es\/implantes-dentales\/sustitucion-de-varios-dientes\/","og_site_name":"Vera Smile","article_publisher":"https:\/\/www.facebook.com\/VeraSmileDental\/","article_modified_time":"2024-08-06T08:23:36+00:00","og_image":[{"width":1440,"height":800,"url":"https:\/\/www.verasmile.com\/wp-content\/uploads\/2024\/02\/multple-teeth-implant.webp","type":"image\/webp"}],"twitter_card":"summary_large_image","twitter_misc":{"Tiempo de lectura":"5 minutos"},"schema":{"@context":"https:\/\/schema.org","@graph":[{"@type":"WebPage","@id":"https:\/\/www.verasmile.com\/es\/implantes-dentales\/sustitucion-de-varios-dientes\/","url":"https:\/\/www.verasmile.com\/es\/implantes-dentales\/sustitucion-de-varios-dientes\/","name":"Sustituci\u00f3n de varios dientes\u00a0 - Vera Smile","isPartOf":{"@id":"https:\/\/www.verasmile.com\/es\/#website"},"primaryImageOfPage":{"@id":"https:\/\/www.verasmile.com\/es\/implantes-dentales\/sustitucion-de-varios-dientes\/#primaryimage"},"image":{"@id":"https:\/\/www.verasmile.com\/es\/implantes-dentales\/sustitucion-de-varios-dientes\/#primaryimage"},"thumbnailUrl":"https:\/\/www.verasmile.com\/wp-content\/uploads\/2024\/02\/multple-teeth-implant.webp","datePublished":"2023-07-07T09:26:41+00:00","dateModified":"2024-08-06T08:23:36+00:00","description":"La Sustituci\u00f3n de M\u00faltiples Dientes en Turqu\u00eda podr\u00eda ser la elecci\u00f3n correcta. Descubra c\u00f3mo puede recuperar su sonrisa con implantes dentales","breadcrumb":{"@id":"https:\/\/www.verasmile.com\/es\/implantes-dentales\/sustitucion-de-varios-dientes\/#breadcrumb"},"inLanguage":"es","potentialAction":[{"@type":"ReadAction","target":["https:\/\/www.verasmile.com\/es\/implantes-dentales\/sustitucion-de-varios-dientes\/"]}]},{"@type":"ImageObject","inLanguage":"es","@id":"https:\/\/www.verasmile.com\/es\/implantes-dentales\/sustitucion-de-varios-dientes\/#primaryimage","url":"https:\/\/www.verasmile.com\/wp-content\/uploads\/2024\/02\/multple-teeth-implant.webp","contentUrl":"https:\/\/www.verasmile.com\/wp-content\/uploads\/2024\/02\/multple-teeth-implant.webp","width":1440,"height":800,"caption":"Sustituci\u00f3n de varios dientes\u00a0"},{"@type":"BreadcrumbList","@id":"https:\/\/www.verasmile.com\/es\/implantes-dentales\/sustitucion-de-varios-dientes\/#breadcrumb","itemListElement":[{"@type":"ListItem","position":1,"name":"Inicio","item":"https:\/\/www.verasmile.com\/es\/"},{"@type":"ListItem","position":2,"name":"Implantes dentales: tipos, procedimiento, coste y cuidados posteriores","item":"https:\/\/www.verasmile.com\/es\/implantes-dentales\/"},{"@type":"ListItem","position":3,"name":"Sustituci\u00f3n de varios dientes\u00a0"}]},{"@type":"WebSite","@id":"https:\/\/www.verasmile.com\/es\/#website","url":"https:\/\/www.verasmile.com\/es\/","name":"Vera Smile Dental Clinic","description":"Dental Clinic in T\u00fcrkiye","publisher":{"@id":"https:\/\/www.verasmile.com\/es\/#organization"},"potentialAction":[{"@type":"SearchAction","target":{"@type":"EntryPoint","urlTemplate":"https:\/\/www.verasmile.com\/es\/?s={search_term_string}"},"query-input":{"@type":"PropertyValueSpecification","valueRequired":true,"valueName":"search_term_string"}}],"inLanguage":"es"},{"@type":"Organization","@id":"https:\/\/www.verasmile.com\/es\/#organization","name":"Vera Smile Dental Clinic","url":"https:\/\/www.verasmile.com\/es\/","logo":{"@type":"ImageObject","inLanguage":"es","@id":"https:\/\/www.verasmile.com\/es\/#\/schema\/logo\/image\/","url":"https:\/\/www.verasmile.com\/wp-content\/uploads\/2026\/02\/Birles\u0327ik-Logo-scaled.png","contentUrl":"https:\/\/www.verasmile.com\/wp-content\/uploads\/2026\/02\/Birles\u0327ik-Logo-scaled.png","width":2560,"height":244,"caption":"Vera Smile Dental Clinic"},"image":{"@id":"https:\/\/www.verasmile.com\/es\/#\/schema\/logo\/image\/"},"sameAs":["https:\/\/www.facebook.com\/VeraSmileDental\/","https:\/\/www.instagram.com\/verasmile.dental\/"]}]}},"_links":{"self":[{"href":"https:\/\/www.verasmile.com\/es\/wp-json\/wp\/v2\/pages\/11881","targetHints":{"allow":["GET"]}}],"collection":[{"href":"https:\/\/www.verasmile.com\/es\/wp-json\/wp\/v2\/pages"}],"about":[{"href":"https:\/\/www.verasmile.com\/es\/wp-json\/wp\/v2\/types\/page"}],"author":[{"embeddable":true,"href":"https:\/\/www.verasmile.com\/es\/wp-json\/wp\/v2\/users\/1"}],"replies":[{"embeddable":true,"href":"https:\/\/www.verasmile.com\/es\/wp-json\/wp\/v2\/comments?post=11881"}],"version-history":[{"count":0,"href":"https:\/\/www.verasmile.com\/es\/wp-json\/wp\/v2\/pages\/11881\/revisions"}],"up":[{"embeddable":true,"href":"https:\/\/www.verasmile.com\/es\/wp-json\/wp\/v2\/pages\/4967"}],"wp:featuredmedia":[{"embeddable":true,"href":"https:\/\/www.verasmile.com\/es\/wp-json\/wp\/v2\/media\/9055"}],"wp:attachment":[{"href":"https:\/\/www.verasmile.com\/es\/wp-json\/wp\/v2\/media?parent=11881"}],"curies":[{"name":"wp","href":"https:\/\/api.w.org\/{rel}","templated":true}]}}