{"id":11888,"date":"2023-07-07T12:20:34","date_gmt":"2023-07-07T09:20:34","guid":{"rendered":"https:\/\/www.verasmile.com\/?page_id=11888"},"modified":"2025-05-19T14:27:05","modified_gmt":"2025-05-19T11:27:05","slug":"dentaduras-parciales-y-completas-en-turquia","status":"publish","type":"page","link":"https:\/\/www.verasmile.com\/es\/dentaduras-parciales-y-completas-en-turquia\/","title":{"rendered":"Dentaduras parciales y completas en Turqu\u00eda"},"content":{"rendered":"<div class=\"gb-container gb-container-93a0bc86\">\n<div class=\"gb-grid-wrapper gb-grid-wrapper-6232a014\">\n<div class=\"gb-grid-column gb-grid-column-141c614b\"><div class=\"gb-container gb-container-141c614b\">\n\n<p>Perder un diente puede convertir el simple acto natural de sonre\u00edr en una fuente de verg\u00fcenza e incomodidad. Uno empieza a pens\u00e1rselo dos veces antes de sonre\u00edr o incluso de hablar cuando su sonrisa est\u00e1 da\u00f1ada de alg\u00fan modo. Ya sea por caries, traumatismos o factores relacionados con la edad, la ausencia de dientes afectar\u00eda a su vida cotidiana y a su bienestar a largo plazo. Las pr\u00f3tesis completas y parciales son algunos de los tratamientos que consideramos para nuestros pacientes con dientes perdidos, especialmente si por alguna raz\u00f3n no pueden colocarse implantes dentales. Son aparatos removibles dise\u00f1ados para sustituir los dientes que faltan en el maxilar superior, inferior o en ambos.<\/p>\n\n\n\n<h2 class=\"gb-headline gb-headline-2065268b gb-headline-text\"><strong>\u00bfQu\u00e9 son las pr\u00f3tesis completas y parciales?<\/strong><\/h2>\n\n\n\n<p>Las dentaduras postizas son pr\u00f3tesis removibles que sustituyen a los dientes perdidos y los tejidos circundantes. Existen dos tipos diferentes de pr\u00f3tesis dentales: completas y parciales. Tanto si le faltan todos los dientes como algunos, estas pr\u00f3tesis personalizadas se fabrican para que encajen c\u00f3modamente en los huecos e imiten el aspecto natural de los dientes.&nbsp;<\/p>\n\n\n\n<h3 class=\"gb-headline gb-headline-3da99d62 gb-headline-text\"><strong>Pr\u00f3tesis completas<\/strong><\/h3>\n\n\n\n<p>Existen dos tipos de pr\u00f3tesis completas: las convencionales y las inmediatas. Si se trata de una pr\u00f3tesis convencional, le extraeremos los dientes da\u00f1ados, dejaremos que cicatrice el tejido de las enc\u00edas y le colocaremos la pr\u00f3tesis en su sitio, como si se tratara de una pr\u00f3tesis inmediata, pero con un peque\u00f1o matiz: el proceso de espera intermedia dura entre ocho y doce semanas. Sin embargo, son m\u00e1s duraderas y c\u00f3modas, y te ofrecen una soluci\u00f3n que durar\u00e1 toda la vida.<\/p>\n\n\n\n<p>En cambio, las pr\u00f3tesis inmediatas se fabrican con antelaci\u00f3n y pueden colocarse en cuanto se extraen los dientes. Gracias al tratamiento de pr\u00f3tesis inmediata, no se quedar\u00e1 sin dientes durante el periodo de cicatrizaci\u00f3n. Pero tendremos que hacer muchos ajustes para adaptarlos correctamente durante el proceso de cicatrizaci\u00f3n, y solo los consideramos una soluci\u00f3n temporal debido a su naturaleza.<\/p>\n\n\n\n<h3 class=\"gb-headline gb-headline-e0b7f582 gb-headline-text\"><strong>Pr\u00f3tesis parciales<\/strong><\/h3>\n\n\n\n<p>Las pr\u00f3tesis parciales son <a href=\"https:\/\/www.verasmile.com\/es\/odontologia-cosmetica\/tratamiento-con-puentes-dentales\/\">puentes dentales<\/a> formados por dientes de sustituci\u00f3n fijados a una base de pl\u00e1stico del color de la enc\u00eda conectados por una estructura met\u00e1lica. Se utilizan cuando quedan dientes naturales aqu\u00ed y all\u00e1. Las pr\u00f3tesis parciales rellenan los espacios y evitan que otros dientes se desplacen, cambien de posici\u00f3n y, con el tiempo, modifiquen la forma de la cara.<\/p>\n\n\n<div class=\"gb-container gb-container-ae85ab7a\">\n\n<figure class=\"gb-block-image gb-block-image-47e2c2d6\"><img loading=\"lazy\" decoding=\"async\" width=\"1620\" height=\"1080\" class=\"gb-image gb-image-47e2c2d6\" src=\"https:\/\/www.verasmile.com\/wp-content\/uploads\/2024\/02\/a-denture-on-a-gypsum-base-in-the-hand-of-a-dentis-2023-11-27-05-10-40-utc-1.webp\" alt=\"Dentaduras parciales y completas en Turqu\u00eda\" title=\"a-denture-on-a-gypsum-base-in-the-hand-of-a-dentis-2023-11-27-05-10-40-utc-1\" srcset=\"https:\/\/www.verasmile.com\/wp-content\/uploads\/2024\/02\/a-denture-on-a-gypsum-base-in-the-hand-of-a-dentis-2023-11-27-05-10-40-utc-1.webp 1620w, https:\/\/www.verasmile.com\/wp-content\/uploads\/2024\/02\/a-denture-on-a-gypsum-base-in-the-hand-of-a-dentis-2023-11-27-05-10-40-utc-1-300x200.webp 300w, https:\/\/www.verasmile.com\/wp-content\/uploads\/2024\/02\/a-denture-on-a-gypsum-base-in-the-hand-of-a-dentis-2023-11-27-05-10-40-utc-1-1024x683.webp 1024w, https:\/\/www.verasmile.com\/wp-content\/uploads\/2024\/02\/a-denture-on-a-gypsum-base-in-the-hand-of-a-dentis-2023-11-27-05-10-40-utc-1-768x512.webp 768w, https:\/\/www.verasmile.com\/wp-content\/uploads\/2024\/02\/a-denture-on-a-gypsum-base-in-the-hand-of-a-dentis-2023-11-27-05-10-40-utc-1-1536x1024.webp 1536w\" sizes=\"auto, (max-width: 1620px) 100vw, 1620px\" \/><\/figure>\n\n<\/div>\n\n\n<h2 class=\"gb-headline gb-headline-aea3eb8b gb-headline-text\"><strong>\u00bfEs mejor una pr\u00f3tesis completa o una parcial?<\/strong><\/h2>\n\n\n\n<p>La falta de dientes no es algo que se pueda subestimar. Su salud f\u00edsica y psicol\u00f3gica puede sufrir grandes da\u00f1os a largo plazo. Para evitar estas consecuencias negativas debe tomar medidas. Mediante un examen y una consulta con nuestro equipo, podr\u00e1 decidir cu\u00e1l es el mejor m\u00e9todo a seguir en su caso.&nbsp;<\/p>\n\n\n\n<p>Las pr\u00f3tesis completas y parciales son algunos de los tratamientos que utilizamos para los dientes perdidos. Solemos optar por uno de ellos en funci\u00f3n de la situaci\u00f3n del paciente. Si goza de buena salud bucal y solo necesita sustituir unos pocos dientes, lo mejor son las pr\u00f3tesis parciales. Sin embargo, si usted est\u00e1 sufriendo de <a href=\"https:\/\/www.verasmile.com\/es\/implantes-dentales\/sustitucion-de-varios-dientes\/\">m\u00faltiples dientes<\/a> que faltan y algunas enfermedades de las enc\u00edas, a continuaci\u00f3n, una dentadura completa es lo que recomendamos.&nbsp;<\/p>\n\n\n\n<h2 class=\"gb-headline gb-headline-c354bc5e gb-headline-text\"><strong>Procedimiento de pr\u00f3tesis completas y parciales en Vera Smile<\/strong><\/h2>\n\n\n\n<h3 class=\"gb-headline gb-headline-a96aef3e gb-headline-text\"><strong>Preplanifique<\/strong><\/h3>\n\n\n\n<p>Tras su consulta, elaboramos un plan de tratamiento a medida para su caso. Este plan puede tener algunos cambios menores despu\u00e9s de su examen en persona en la cl\u00ednica.&nbsp;<\/p>\n\n\n\n<h3 class=\"gb-headline gb-headline-fec2a136 gb-headline-text\"><strong>Antes del procedimiento<\/strong><\/h3>\n\n\n\n<p>Le preparamos su transporte y alojamiento VIP. Cuando le llevemos a la cl\u00ednica, pasar\u00e1 por un examen detallado en persona para asegurarnos de que el plan que hemos dise\u00f1ado es perfecto para usted. Despu\u00e9s decidimos todo juntos, paso a paso, para asegurarnos de que se siente c\u00f3modo.<\/p>\n\n\n\n<h3 class=\"gb-headline gb-headline-54d42727 gb-headline-text\"><strong>Procedimiento<\/strong><\/h3>\n\n\n\n<p>Existen diferentes tipos de tratamientos dentro del procedimiento de pr\u00f3tesis completas o parciales. Seg\u00fan el tratamiento, su proceso puede ser diferente al de otros pacientes. Sin embargo, todas las dentaduras completas y parciales requieren que tomemos las medidas y moldes precisos para su dentadura personalizada. Habr\u00e1 conversaciones para garantizar la forma, el color y el ajuste adecuados.&nbsp;<\/p>\n\n\n\n<h3 class=\"gb-headline gb-headline-4ec054a1 gb-headline-text\"><strong>Despu\u00e9s del procedimiento<\/strong><\/h3>\n\n\n\n<p>Despu\u00e9s de la intervenci\u00f3n, le daremos instrucciones sobre c\u00f3mo cuidar correctamente su aparato dental y mantener una buena salud bucal.<\/p>\n\n\n\n<h2 class=\"gb-headline gb-headline-2fabf79d gb-headline-text\"><strong>Cuidados postoperatorios de las pr\u00f3tesis completas y parciales<\/strong><\/h2>\n\n\n\n<p>Durante los dos primeros d\u00edas, deber\u00e1s llevar la pr\u00f3tesis todo el tiempo para asegurarte de que todo funciona correctamente. Tras recuperarse de esta fase, debe dejarlos fuera toda la noche para que las enc\u00edas descansen. Hay que limpiarlos semanalmente sumergi\u00e9ndolos en un limpiador. Si usas pr\u00f3tesis parciales, debes hacerte una limpieza dental cada tres meses para mantener una buena salud bucal.&nbsp;<\/p>\n\n\n\n<h2 class=\"gb-headline gb-headline-df901538 gb-headline-text\"><strong>\u00bfCu\u00e1nto cuestan las pr\u00f3tesis dentales?<\/strong><\/h2>\n\n\n\n<p>Dependiendo de la calidad de la dentadura, las pr\u00f3tesis completas y parciales pueden costar entre 300 y 8000 d\u00f3lares en el Reino Unido y Estados Unidos. S\u00ed, es una gama muy amplia, pero el tratamiento depende de muchos factores que nos impiden darle un precio preciso. Sin embargo, las pr\u00f3tesis parciales y completas de alta calidad siempre ser\u00e1n caras.&nbsp;<\/p>\n\n\n\n<p>Pero no hay por qu\u00e9 estresarse; el turismo dental est\u00e1 aqu\u00ed para usted. Con el turismo dental, puede obtener su tratamiento m\u00e1s un agradable viaje en Turqu\u00eda por el coste del primero o incluso menos. El coste de las pr\u00f3tesis dentales en Turqu\u00eda puede variar entre 400 y 2500 d\u00f3lares, que es mucho menos caro que en otros pa\u00edses. Consulte nuestra p\u00e1gina de precios para hacerse una idea de los costes de las pr\u00f3tesis dentales en Turqu\u00eda. P\u00f3ngase en contacto con nosotros para obtener un desglose completo de los costes espec\u00edficos de su caso.\u00a0\u00a0<\/p>\n\n\n\n<h2 class=\"gb-headline gb-headline-9396b1f8 gb-headline-text\"><strong>\u00bfPor qu\u00e9 Vera Smile?<\/strong><\/h2>\n\n\n\n<p>Los tratamientos que ofrecemos, los servicios que prestamos, nuestras instalaciones de alta tecnolog\u00eda y el gran equipo que hemos formado; todo ello para que usted se sienta c\u00f3modo y confiado antes, durante y despu\u00e9s del procedimiento. Adaptamos cada plan de tratamiento a las necesidades espec\u00edficas de cada paciente. Es importante asegurarse de que cada paciente recibe la soluci\u00f3n adecuada y eficaz a su problema.<\/p>\n\n\n\n<p>Cuando el turismo dental se combina con Vera Smile, puede estar seguro de que conseguir\u00e1 la sonrisa de sus sue\u00f1os mientras vive una emocionante aventura en el extranjero. En Estambul, Turqu\u00eda, una de las piedras angulares del turismo mundial, explore la excelencia con Vera Smile.<\/p>\n\n\n\n<h2 class=\"gb-headline gb-headline-90710bf0 gb-headline-text\"><strong>Preguntas frecuentes<\/strong><\/h2>\n\n\n\n<h3 class=\"gb-headline gb-headline-5cc5fd9f gb-headline-text\"><strong>\u00bfSer\u00e1 dif\u00edcil comer con una dentadura postiza nueva?<\/strong><\/h3>\n\n\n\n<p>Comer despu\u00e9s de ponerse una dentadura postiza nueva puede resultar un poco inc\u00f3modo al principio. Para estar m\u00e1s c\u00f3modo con tu nueva dentadura, empieza con l\u00edquidos y alimentos blandos cortados en trozos peque\u00f1os. A medida que se vaya acostumbrando cada d\u00eda m\u00e1s, vuelva poco a poco a su dieta normal, pero siga evitando los alimentos \u00f3seos, pegajosos y duros.&nbsp;<\/p>\n\n\n\n<h3 class=\"gb-headline gb-headline-3b6a9186 gb-headline-text\"><strong>\u00bfLa dentadura postiza cambiar\u00e1 mi forma de hablar?<\/strong><\/h3>\n\n\n\n<p>La pr\u00e1ctica lo hace perfecto. Con el tiempo, se acostumbrar\u00e1 a hablar con su dentadura postiza y ser\u00e1 como antes. Sin embargo, si sientes que tu dentadura postiza chasquea de alguna manera mientras hablas o sientes que est\u00e1 desigual cuando est\u00e1s de pie, deber\u00edas hacerla revisar.&nbsp;<\/p>\n\n\n\n<h3 class=\"gb-headline gb-headline-942ef22f gb-headline-text\"><strong>\u00bfTengo que usar la dentadura postiza todo el tiempo?<\/strong><\/h3>\n\n\n\n<p>Depende de su caso, pero probablemente le pediremos que lleve la dentadura todo el tiempo durante los primeros d\u00edas para asegurarnos de que todo est\u00e1 exactamente como debe estar. Una vez que estemos seguros de que no hay problemas, debe empezar a quitarse la dentadura postiza antes de acostarse, para permitir que los tejidos de las enc\u00edas descansen.<\/p>\n\n<\/div><\/div>\n\n<div class=\"gb-grid-column gb-grid-column-9795dbe7\"><div class=\"gb-container gb-container-9795dbe7 contact-sticky\">\n\n<h4 class=\"gb-headline gb-headline-83925198 gb-headline-text\">Obtenga una consulta gratis<\/h4>\n\n\n\n<script charset=\"utf-8\" type=\"text\/javascript\" src=\"\/\/js.hsforms.net\/forms\/embed\/v2.js\"><\/script>\n<script>\n  hbspt.forms.create({\n    region: \"na1\",\n    portalId: \"5077067\",\n    formId: \"049f038c-7998-4114-9a99-a937a1847281\"\n  });\n<\/script>\n\n<\/div><\/div>\n<\/div>\n<\/div>","protected":false},"excerpt":{"rendered":"","protected":false},"author":1,"featured_media":9118,"parent":0,"menu_order":0,"comment_status":"closed","ping_status":"closed","template":"","meta":{"inline_featured_image":false,"footnotes":""},"class_list":{"0":"post-11888","1":"page","2":"type-page","3":"status-publish","4":"has-post-thumbnail","6":"resize-featured-image"},"lang":"es","translations":{"en":1716,"it":11219,"fr":11616,"es":11888,"pt-pt":12117,"de":12413,"ar":13444,"tr":13767},"yoast_head":"<!-- This site is optimized with the Yoast SEO Premium plugin v27.4 (Yoast SEO v27.4) - https:\/\/yoast.com\/product\/yoast-seo-premium-wordpress\/ -->\n<title>Dentaduras parciales y completas en Turqu\u00eda - Vera Smile<\/title>\n<meta name=\"description\" content=\"Descubra las ventajas de las pr\u00f3tesis parciales y completas para los dientes perdidos. Vuelve a sonre\u00edr con confianza con Vera Smile.\" \/>\n<meta name=\"robots\" content=\"index, follow, max-snippet:-1, max-image-preview:large, max-video-preview:-1\" \/>\n<link rel=\"canonical\" href=\"https:\/\/www.verasmile.com\/es\/dentaduras-parciales-y-completas-en-turquia\/\" \/>\n<meta property=\"og:locale\" content=\"es_ES\" \/>\n<meta property=\"og:type\" content=\"article\" \/>\n<meta property=\"og:title\" content=\"Dentaduras parciales y completas en Turqu\u00eda\" \/>\n<meta property=\"og:description\" content=\"Descubra las ventajas de las pr\u00f3tesis parciales y completas para los dientes perdidos. Vuelve a sonre\u00edr con confianza con Vera Smile.\" \/>\n<meta property=\"og:url\" content=\"https:\/\/www.verasmile.com\/es\/dentaduras-parciales-y-completas-en-turquia\/\" \/>\n<meta property=\"og:site_name\" content=\"Vera Smile\" \/>\n<meta property=\"article:publisher\" content=\"https:\/\/www.facebook.com\/VeraSmileDental\/\" \/>\n<meta property=\"article:modified_time\" content=\"2025-05-19T11:27:05+00:00\" \/>\n<meta property=\"og:image\" content=\"https:\/\/www.verasmile.com\/wp-content\/uploads\/2024\/02\/Partial-and-Complete-Dentures.webp\" \/>\n\t<meta property=\"og:image:width\" content=\"1440\" \/>\n\t<meta property=\"og:image:height\" content=\"800\" \/>\n\t<meta property=\"og:image:type\" content=\"image\/webp\" \/>\n<meta name=\"twitter:card\" content=\"summary_large_image\" \/>\n<meta name=\"twitter:label1\" content=\"Tiempo de lectura\" \/>\n\t<meta name=\"twitter:data1\" content=\"6 minutos\" \/>\n<script type=\"application\/ld+json\" class=\"yoast-schema-graph\">{\"@context\":\"https:\\\/\\\/schema.org\",\"@graph\":[{\"@type\":\"WebPage\",\"@id\":\"https:\\\/\\\/www.verasmile.com\\\/es\\\/dentaduras-parciales-y-completas-en-turquia\\\/\",\"url\":\"https:\\\/\\\/www.verasmile.com\\\/es\\\/dentaduras-parciales-y-completas-en-turquia\\\/\",\"name\":\"Dentaduras parciales y completas en Turqu\u00eda - Vera Smile\",\"isPartOf\":{\"@id\":\"https:\\\/\\\/www.verasmile.com\\\/es\\\/#website\"},\"primaryImageOfPage\":{\"@id\":\"https:\\\/\\\/www.verasmile.com\\\/es\\\/dentaduras-parciales-y-completas-en-turquia\\\/#primaryimage\"},\"image\":{\"@id\":\"https:\\\/\\\/www.verasmile.com\\\/es\\\/dentaduras-parciales-y-completas-en-turquia\\\/#primaryimage\"},\"thumbnailUrl\":\"https:\\\/\\\/www.verasmile.com\\\/wp-content\\\/uploads\\\/2024\\\/02\\\/Partial-and-Complete-Dentures.webp\",\"datePublished\":\"2023-07-07T09:20:34+00:00\",\"dateModified\":\"2025-05-19T11:27:05+00:00\",\"description\":\"Descubra las ventajas de las pr\u00f3tesis parciales y completas para los dientes perdidos. Vuelve a sonre\u00edr con confianza con Vera Smile.\",\"breadcrumb\":{\"@id\":\"https:\\\/\\\/www.verasmile.com\\\/es\\\/dentaduras-parciales-y-completas-en-turquia\\\/#breadcrumb\"},\"inLanguage\":\"es\",\"potentialAction\":[{\"@type\":\"ReadAction\",\"target\":[\"https:\\\/\\\/www.verasmile.com\\\/es\\\/dentaduras-parciales-y-completas-en-turquia\\\/\"]}]},{\"@type\":\"ImageObject\",\"inLanguage\":\"es\",\"@id\":\"https:\\\/\\\/www.verasmile.com\\\/es\\\/dentaduras-parciales-y-completas-en-turquia\\\/#primaryimage\",\"url\":\"https:\\\/\\\/www.verasmile.com\\\/wp-content\\\/uploads\\\/2024\\\/02\\\/Partial-and-Complete-Dentures.webp\",\"contentUrl\":\"https:\\\/\\\/www.verasmile.com\\\/wp-content\\\/uploads\\\/2024\\\/02\\\/Partial-and-Complete-Dentures.webp\",\"width\":1440,\"height\":800,\"caption\":\"Dentaduras parciales y completas en Turqu\u00eda\"},{\"@type\":\"BreadcrumbList\",\"@id\":\"https:\\\/\\\/www.verasmile.com\\\/es\\\/dentaduras-parciales-y-completas-en-turquia\\\/#breadcrumb\",\"itemListElement\":[{\"@type\":\"ListItem\",\"position\":1,\"name\":\"Inicio\",\"item\":\"https:\\\/\\\/www.verasmile.com\\\/es\\\/\"},{\"@type\":\"ListItem\",\"position\":2,\"name\":\"Dentaduras parciales y completas en Turqu\u00eda\"}]},{\"@type\":\"WebSite\",\"@id\":\"https:\\\/\\\/www.verasmile.com\\\/es\\\/#website\",\"url\":\"https:\\\/\\\/www.verasmile.com\\\/es\\\/\",\"name\":\"Vera Smile Dental Clinic\",\"description\":\"Dental Clinic in T\u00fcrkiye\",\"publisher\":{\"@id\":\"https:\\\/\\\/www.verasmile.com\\\/es\\\/#organization\"},\"potentialAction\":[{\"@type\":\"SearchAction\",\"target\":{\"@type\":\"EntryPoint\",\"urlTemplate\":\"https:\\\/\\\/www.verasmile.com\\\/es\\\/?s={search_term_string}\"},\"query-input\":{\"@type\":\"PropertyValueSpecification\",\"valueRequired\":true,\"valueName\":\"search_term_string\"}}],\"inLanguage\":\"es\"},{\"@type\":\"Organization\",\"@id\":\"https:\\\/\\\/www.verasmile.com\\\/es\\\/#organization\",\"name\":\"Vera Smile Dental Clinic\",\"url\":\"https:\\\/\\\/www.verasmile.com\\\/es\\\/\",\"logo\":{\"@type\":\"ImageObject\",\"inLanguage\":\"es\",\"@id\":\"https:\\\/\\\/www.verasmile.com\\\/es\\\/#\\\/schema\\\/logo\\\/image\\\/\",\"url\":\"https:\\\/\\\/www.verasmile.com\\\/wp-content\\\/uploads\\\/2026\\\/02\\\/Birles\u0327ik-Logo-scaled.png\",\"contentUrl\":\"https:\\\/\\\/www.verasmile.com\\\/wp-content\\\/uploads\\\/2026\\\/02\\\/Birles\u0327ik-Logo-scaled.png\",\"width\":2560,\"height\":244,\"caption\":\"Vera Smile Dental Clinic\"},\"image\":{\"@id\":\"https:\\\/\\\/www.verasmile.com\\\/es\\\/#\\\/schema\\\/logo\\\/image\\\/\"},\"sameAs\":[\"https:\\\/\\\/www.facebook.com\\\/VeraSmileDental\\\/\",\"https:\\\/\\\/www.instagram.com\\\/verasmile.dental\\\/\"]}]}<\/script>\n<!-- \/ Yoast SEO Premium plugin. -->","yoast_head_json":{"title":"Dentaduras parciales y completas en Turqu\u00eda - Vera Smile","description":"Descubra las ventajas de las pr\u00f3tesis parciales y completas para los dientes perdidos. Vuelve a sonre\u00edr con confianza con Vera Smile.","robots":{"index":"index","follow":"follow","max-snippet":"max-snippet:-1","max-image-preview":"max-image-preview:large","max-video-preview":"max-video-preview:-1"},"canonical":"https:\/\/www.verasmile.com\/es\/dentaduras-parciales-y-completas-en-turquia\/","og_locale":"es_ES","og_type":"article","og_title":"Dentaduras parciales y completas en Turqu\u00eda","og_description":"Descubra las ventajas de las pr\u00f3tesis parciales y completas para los dientes perdidos. Vuelve a sonre\u00edr con confianza con Vera Smile.","og_url":"https:\/\/www.verasmile.com\/es\/dentaduras-parciales-y-completas-en-turquia\/","og_site_name":"Vera Smile","article_publisher":"https:\/\/www.facebook.com\/VeraSmileDental\/","article_modified_time":"2025-05-19T11:27:05+00:00","og_image":[{"width":1440,"height":800,"url":"https:\/\/www.verasmile.com\/wp-content\/uploads\/2024\/02\/Partial-and-Complete-Dentures.webp","type":"image\/webp"}],"twitter_card":"summary_large_image","twitter_misc":{"Tiempo de lectura":"6 minutos"},"schema":{"@context":"https:\/\/schema.org","@graph":[{"@type":"WebPage","@id":"https:\/\/www.verasmile.com\/es\/dentaduras-parciales-y-completas-en-turquia\/","url":"https:\/\/www.verasmile.com\/es\/dentaduras-parciales-y-completas-en-turquia\/","name":"Dentaduras parciales y completas en Turqu\u00eda - Vera Smile","isPartOf":{"@id":"https:\/\/www.verasmile.com\/es\/#website"},"primaryImageOfPage":{"@id":"https:\/\/www.verasmile.com\/es\/dentaduras-parciales-y-completas-en-turquia\/#primaryimage"},"image":{"@id":"https:\/\/www.verasmile.com\/es\/dentaduras-parciales-y-completas-en-turquia\/#primaryimage"},"thumbnailUrl":"https:\/\/www.verasmile.com\/wp-content\/uploads\/2024\/02\/Partial-and-Complete-Dentures.webp","datePublished":"2023-07-07T09:20:34+00:00","dateModified":"2025-05-19T11:27:05+00:00","description":"Descubra las ventajas de las pr\u00f3tesis parciales y completas para los dientes perdidos. Vuelve a sonre\u00edr con confianza con Vera Smile.","breadcrumb":{"@id":"https:\/\/www.verasmile.com\/es\/dentaduras-parciales-y-completas-en-turquia\/#breadcrumb"},"inLanguage":"es","potentialAction":[{"@type":"ReadAction","target":["https:\/\/www.verasmile.com\/es\/dentaduras-parciales-y-completas-en-turquia\/"]}]},{"@type":"ImageObject","inLanguage":"es","@id":"https:\/\/www.verasmile.com\/es\/dentaduras-parciales-y-completas-en-turquia\/#primaryimage","url":"https:\/\/www.verasmile.com\/wp-content\/uploads\/2024\/02\/Partial-and-Complete-Dentures.webp","contentUrl":"https:\/\/www.verasmile.com\/wp-content\/uploads\/2024\/02\/Partial-and-Complete-Dentures.webp","width":1440,"height":800,"caption":"Dentaduras parciales y completas en Turqu\u00eda"},{"@type":"BreadcrumbList","@id":"https:\/\/www.verasmile.com\/es\/dentaduras-parciales-y-completas-en-turquia\/#breadcrumb","itemListElement":[{"@type":"ListItem","position":1,"name":"Inicio","item":"https:\/\/www.verasmile.com\/es\/"},{"@type":"ListItem","position":2,"name":"Dentaduras parciales y completas en Turqu\u00eda"}]},{"@type":"WebSite","@id":"https:\/\/www.verasmile.com\/es\/#website","url":"https:\/\/www.verasmile.com\/es\/","name":"Vera Smile Dental Clinic","description":"Dental Clinic in T\u00fcrkiye","publisher":{"@id":"https:\/\/www.verasmile.com\/es\/#organization"},"potentialAction":[{"@type":"SearchAction","target":{"@type":"EntryPoint","urlTemplate":"https:\/\/www.verasmile.com\/es\/?s={search_term_string}"},"query-input":{"@type":"PropertyValueSpecification","valueRequired":true,"valueName":"search_term_string"}}],"inLanguage":"es"},{"@type":"Organization","@id":"https:\/\/www.verasmile.com\/es\/#organization","name":"Vera Smile Dental Clinic","url":"https:\/\/www.verasmile.com\/es\/","logo":{"@type":"ImageObject","inLanguage":"es","@id":"https:\/\/www.verasmile.com\/es\/#\/schema\/logo\/image\/","url":"https:\/\/www.verasmile.com\/wp-content\/uploads\/2026\/02\/Birles\u0327ik-Logo-scaled.png","contentUrl":"https:\/\/www.verasmile.com\/wp-content\/uploads\/2026\/02\/Birles\u0327ik-Logo-scaled.png","width":2560,"height":244,"caption":"Vera Smile Dental Clinic"},"image":{"@id":"https:\/\/www.verasmile.com\/es\/#\/schema\/logo\/image\/"},"sameAs":["https:\/\/www.facebook.com\/VeraSmileDental\/","https:\/\/www.instagram.com\/verasmile.dental\/"]}]}},"_links":{"self":[{"href":"https:\/\/www.verasmile.com\/es\/wp-json\/wp\/v2\/pages\/11888","targetHints":{"allow":["GET"]}}],"collection":[{"href":"https:\/\/www.verasmile.com\/es\/wp-json\/wp\/v2\/pages"}],"about":[{"href":"https:\/\/www.verasmile.com\/es\/wp-json\/wp\/v2\/types\/page"}],"author":[{"embeddable":true,"href":"https:\/\/www.verasmile.com\/es\/wp-json\/wp\/v2\/users\/1"}],"replies":[{"embeddable":true,"href":"https:\/\/www.verasmile.com\/es\/wp-json\/wp\/v2\/comments?post=11888"}],"version-history":[{"count":2,"href":"https:\/\/www.verasmile.com\/es\/wp-json\/wp\/v2\/pages\/11888\/revisions"}],"predecessor-version":[{"id":25996,"href":"https:\/\/www.verasmile.com\/es\/wp-json\/wp\/v2\/pages\/11888\/revisions\/25996"}],"wp:featuredmedia":[{"embeddable":true,"href":"https:\/\/www.verasmile.com\/es\/wp-json\/wp\/v2\/media\/9118"}],"wp:attachment":[{"href":"https:\/\/www.verasmile.com\/es\/wp-json\/wp\/v2\/media?parent=11888"}],"curies":[{"name":"wp","href":"https:\/\/api.w.org\/{rel}","templated":true}]}}