{"id":12944,"date":"2023-07-07T12:47:26","date_gmt":"2023-07-07T09:47:26","guid":{"rendered":"https:\/\/www.verasmile.com\/?page_id=12944"},"modified":"2024-08-06T11:24:07","modified_gmt":"2024-08-06T08:24:07","slug":"laser-dental","status":"publish","type":"page","link":"https:\/\/www.verasmile.com\/es\/laser-dental\/","title":{"rendered":"L\u00e1ser dental"},"content":{"rendered":"<div class=\"gb-container gb-container-74041874\">\n<div class=\"gb-grid-wrapper gb-grid-wrapper-6232a014\">\n<div class=\"gb-grid-column gb-grid-column-141c614b\"><div class=\"gb-container gb-container-141c614b\">\n\n<p>La tecnolog\u00eda l\u00e1ser se utiliza en medicina desde los a\u00f1os sesenta. Empez\u00f3 a utilizarse en el mundo dental hacia 1989. Con la exactitud y precisi\u00f3n que ofrece el l\u00e1ser dental, hemos podido diversificar nuestras opciones de tratamiento dental y tratar mejor a las personas. Nos ha capacitado para ofrecer una atenci\u00f3n mejor y m\u00e1s r\u00e1pida, en comparaci\u00f3n con los taladros y otras herramientas dentales tradicionales que no utilizan l\u00e1ser.&nbsp;<\/p>\n\n\n\n<h2 class=\"wp-block-heading\" id=\"h-que-es-el-laser-dental\"><strong>\u00bfQu\u00e9 es el l\u00e1ser dental?<\/strong><\/h2>\n\n\n\n<p>Gracias al impacto transformador de la tecnolog\u00eda l\u00e1ser en el campo de la odontolog\u00eda, podemos ofrecer a nuestros pacientes precisi\u00f3n, comodidad y eficacia. Con un haz concentrado de energ\u00eda luminosa, nuestros dentistas cualificados pueden deshacerse del problema con m\u00ednimas molestias durante todo el proceso.&nbsp;<\/p>\n\n\n\n<h2 class=\"wp-block-heading\" id=\"h-tipos-de-laser-dental\"><strong>Tipos de l\u00e1ser dental<\/strong><\/h2>\n\n\n\n<p>Existen cuatro tipos principales de l\u00e1ser en odontolog\u00eda. Esta categorizaci\u00f3n se realiza mediante los m\u00e9todos que utilizamos para ellos:<\/p>\n\n\n\n<ol class=\"wp-block-list\">\n<li>Medio emisor de l\u00e1ser: Gas o s\u00f3lido<\/li>\n\n\n\n<li>Aplicabilidad tisular<\/li>\n\n\n\n<li>L\u00e1seres para tejidos duros o blandos<\/li>\n\n\n\n<li>Rango de longitud de onda<\/li>\n<\/ol>\n\n\n\n<p>Los que le interesan en este caso son los l\u00e1seres para tejidos duros o blandos. Mientras que los l\u00e1seres de tejido duro se utilizan para cortar los dientes y dar forma al hueso en tratamientos como la eliminaci\u00f3n de caries, los l\u00e1seres de tejido blando se emplean en tratamientos de enc\u00edas e incluso en procedimientos como el blanqueamiento dental.<\/p>\n\n\n\n<p>El l\u00e1ser dental de tejidos duros ofrece una experiencia c\u00f3moda y preserva la estructura dental sana. Por otro lado, el l\u00e1ser dental de tejidos blandos favorece una cicatrizaci\u00f3n m\u00e1s r\u00e1pida y minimiza el riesgo de infecci\u00f3n.<\/p>\n\n\n\n<h2 class=\"wp-block-heading\" id=\"h-procedimiento-de-laser-dental-en-vera-smile\"><strong>Procedimiento de l\u00e1ser dental en Vera Smile<\/strong><\/h2>\n\n\n\n<h3 class=\"wp-block-heading\" id=\"h-preplanifique\"><strong>Preplanifique<\/strong><\/h3>\n\n\n\n<p>Despu\u00e9s de ponerse en contacto con nosotros, le haremos por una consulta en l\u00ednea gratuita para ver qu\u00e9 tipo de tratamientos necesita y si se utilizar\u00e1 el l\u00e1ser dental. Cuando acordemos un plan de tratamiento, le preparamos para el viaje organizando el transporte, el alojamiento y servicios adicionales como la traducci\u00f3n. Estos acuerdos formar\u00e1n parte de su plan\/paquete de tratamiento.&nbsp;<\/p>\n\n\n\n<h3 class=\"wp-block-heading\" id=\"h-antes-del-procedimiento\"><strong>Antes del procedimiento<\/strong><\/h3>\n\n\n\n<p>El l\u00e1ser dental se utiliza para diversos tratamientos, como pueden ser:<\/p>\n\n\n\n<ul class=\"wp-block-list\">\n<li><strong>Tratamiento de la caries dental<\/strong>: Podemos utilizar el l\u00e1ser dental para detectar los primeros signos de caries y sellarlos.&nbsp;<\/li>\n<\/ul>\n\n\n\n<ul class=\"wp-block-list\">\n<li><strong>Tratamiento de la hipersensibilidad<\/strong>: mediante el l\u00e1ser dental, podemos sellar los t\u00fabulos de la ra\u00edz del diente y eliminar la hipersensibilidad al fr\u00edo y al calor.&nbsp;<\/li>\n\n\n\n<li><strong>Tratamiento de la periodontitis<\/strong>: Utilizando l\u00e1seres, podemos ajustar el tejido gingival asociado a una \u00absonrisa gingival\u00bb, en la que una longitud excesiva de la enc\u00eda cubre una parte significativa del diente.\u00bb<\/li>\n\n\n\n<li><strong>Eliminaci\u00f3n de lesiones<\/strong>: Podemos utilizar el l\u00e1ser para eliminar lesiones, sin necesidad de suturas.&nbsp;<\/li>\n\n\n\n<li><strong>Blanquear los dientes:<\/strong> El l\u00e1ser nos ayuda a acelerar el proceso de blanqueamiento dental.&nbsp;<\/li>\n\n\n\n<li><strong>Tratamiento del frenillo lingual: <\/strong>Las personas con un frenillo grueso o tenso, el pliegue de piel situado bajo la parte anterior de la lengua que se une al suelo de la boca, pueden encontrar alivio mediante una frenectom\u00eda l\u00e1ser. Este procedimiento ayuda a los ni\u00f1os con problemas de traba lingual, dificultades de lactancia o trastornos del habla debidos a la restricci\u00f3n del frenillo.<\/li>\n<\/ul>\n\n\n\n<p>Para estar seguros del tratamiento, realizamos algunas pruebas y una consulta en persona. Si es necesario, actualizamos su plan de tratamiento para obtener los resultados deseados.&nbsp;<\/p>\n\n\n\n<h3 class=\"wp-block-heading\" id=\"h-procedimiento\"><strong>Procedimiento<\/strong><\/h3>\n\n\n\n<p>El tratamiento con l\u00e1ser es muy sencillo. No habr\u00e1 perforaciones ni cosas similares que podr\u00edan haberle hecho evitar una visita al dentista antes. El procedimiento es indoloro, independientemente del motivo del tratamiento.<\/p>\n\n\n\n<h3 class=\"wp-block-heading\" id=\"h-despues-del-procedimiento\"><strong>Despu\u00e9s del procedimiento<\/strong><\/h3>\n\n\n\n<p>Los tratamientos con l\u00e1ser tienen menos probabilidades de contraer una infecci\u00f3n o causar dolor despu\u00e9s del procedimiento. Lo \u00fanico que tienes que hacer es seguir nuestros consejos para superar el proceso de curaci\u00f3n m\u00e1s c\u00f3modamente. Sin embargo, si tiene una inflamaci\u00f3n grave y dolor que no desaparece, debe ponerse en contacto con nosotros y someterse a una revisi\u00f3n.<\/p>\n\n\n\n<h2 class=\"wp-block-heading\" id=\"h-cuanto-cuesta-el-laser-dental\"><strong>\u00bfCu\u00e1nto cuesta el l\u00e1ser dental?<\/strong><\/h2>\n\n\n\n<p>Dado que el l\u00e1ser dental trata m\u00e1s de un problema, es dif\u00edcil decir el coste exacto del tratamiento. Aun as\u00ed, podemos decir que el coste oscila entre 200 y 1500 d\u00f3lares, tanto en EE.UU. como en el Reino Unido. En casos de grandes operaciones, el coste puede ascender a miles de d\u00f3lares. Tambi\u00e9n cambia en funci\u00f3n de su estado, sus necesidades, la cobertura de su seguro y la competencia de su dentista.<\/p>\n\n\n\n<p>Como se imaginar\u00e1, el coste de el l\u00e1ser dental en el <a href=\"https:\/\/www.verasmile.com\/es\/vacaciones-dentales-en-turquia-todo-lo-que-debe-saber\/\">mundo del turismo dental<\/a> es mucho menor que en EE.UU. y el Reino Unido. El turismo dental ofrece una oportunidad a las personas que no quieren pagar tanto por los tratamientos dentales. Turqu\u00eda es una de las estrellas del turismo dental, pus ofrece a los pacientes la posibilidad de recibir un tratamiento dental de cinco estrellas mediante odontolog\u00eda l\u00e1ser acompa\u00f1ado de un viaje de ensue\u00f1o al extranjero.&nbsp;<\/p>\n\n\n\n<h2 class=\"wp-block-heading\" id=\"h-por-que-vera-smile-nbsp\"><strong>\u00bfPor qu\u00e9 Vera Smile?&nbsp;<\/strong><\/h2>\n\n\n\n<p>El turismo dental es un t\u00e9rmino que asusta. Si ir al dentista local ya es algo estresante para algunos de nosotros, ir al dentista en otro pa\u00eds, y en otro idioma, debe de ser un nuevo nivel de estr\u00e9s y preocupaci\u00f3n. Pero no tiene por qu\u00e9 ser as\u00ed.&nbsp;<\/p>\n\n\n\n<p>Hacemos que el proceso sea c\u00f3modo para usted ofreci\u00e9ndole una posibilidad de tratamiento personalizado en un ambiente c\u00e1lido. En Vera Smile, creemos que cada sonrisa es \u00fanica y debe ser tratada en consecuencia. <a href=\"https:\/\/www.verasmile.com\/es\/odontologia-cosmetica\/diseno-digital-de-sonrisa-digital-smile-design\/\">Dise\u00f1amos su sonrisa<\/a> para que se adapte a \u00absu est\u00e9tica\u00bb y complemente sus rasgos. Cada tratamiento es personalizado y se elabora especialmente para su caso. Le preparamos con todo lo que necesitar\u00e1 para un tratamiento dental en el extranjero, \u00a1para que s\u00f3lo piense en lo bien que estar\u00e1 de vuelta a casa!<\/p>\n\n\n\n<p>Vera Smile, bajo el cielo resplandeciente de Estambul, le lleva a bordo de un viaje transformador dise\u00f1ado espec\u00edficamente para usted. P\u00f3ngase en contacto con nosotros y deje que nuestro equipo se encargue del resto.&nbsp;<\/p>\n\n\n\n<h2 class=\"wp-block-heading\" id=\"h-preguntas-frecuentes\"><strong>PREGUNTAS FRECUENTES<\/strong><\/h2>\n\n\n\n<h3 class=\"wp-block-heading\" id=\"h-cuales-son-las-desventajas-de-el-laser-dental\"><strong>\u00bfCu\u00e1les son las desventajas de el l\u00e1ser dental?<\/strong><\/h3>\n\n\n\n<p>El l\u00e1ser dental suele ser m\u00e1s cara que otros tratamientos dentales. A pesar de las ventajas, no todos los tratamientos pueden ir precedidos de l\u00e1ser dental. Adem\u00e1s, si su caso requiere una combinaci\u00f3n de varios tratamientos, es posible que tengamos que utilizar taladros, anestesia y dem\u00e1s para completar el proceso.<\/p>\n\n\n\n<h3 class=\"wp-block-heading\" id=\"h-merece-la-pena-una-limpieza-dental-con-laser\"><strong>\u00bfMerece la pena una limpieza dental con l\u00e1ser?<\/strong><\/h3>\n\n\n\n<p>Exactamente, la limpieza dental con l\u00e1ser es una soluci\u00f3n muy eficaz para restablecer la salud de las enc\u00edas y minimiza el riesgo de sufrir graves problemas de salud bucodental.<\/p>\n\n\n\n<h3 class=\"wp-block-heading\" id=\"h-para-que-sirve-el-laser-dental\"><strong>\u00bfPara qu\u00e9 sirve el l\u00e1ser dental?<\/strong><\/h3>\n\n\n\n<p>Los l\u00e1seres son excelentes para diversos tratamientos dentales: blanqueamiento dental, empastes, periodontitis, sensibilidad dental, arreglos de tejidos, etc. Examinaremos su caso y analizaremos el mejor tratamiento l\u00e1ser para solucionar sus problemas. Seg\u00fan el plan que elaboremos, podr\u00e1 recibir tratamiento odontol\u00f3gico con l\u00e1ser para m\u00faltiples problemas.<\/p>\n\n\n\n<h3 class=\"wp-block-heading\" id=\"h-el-seguro-cubre-el-laser-dental\"><strong>\u00bfEl seguro cubre el l\u00e1ser dental?<\/strong><\/h3>\n\n\n\n<p>Aunque algunas compa\u00f1\u00edas de seguros cubren los tratamientos de odontolog\u00eda l\u00e1ser, s\u00f3lo lo hacen para el procedimiento en s\u00ed si no pertenece a la categor\u00eda de odontolog\u00eda cosm\u00e9tica. Por ejemplo, el seguro puede cubrir el empaste de una caries con l\u00e1ser, pero si quiere blanquearse los dientes con l\u00e1ser, tendr\u00e1 que pagar el procedimiento usted mismo.<\/p>\n\n\n\n<h3 class=\"wp-block-heading\" id=\"h-cuales-son-las-ventajas-de-el-laser-dental\"><strong>\u00bfCu\u00e1les son las ventajas de el l\u00e1ser dental?<\/strong><\/h3>\n\n\n\n<p>El l\u00e1ser dental puede ser menos doloroso que los m\u00e9todos tradicionales, y tambi\u00e9n puede reducir la hemorragia y la inflamaci\u00f3n, favorecer una cicatrizaci\u00f3n m\u00e1s r\u00e1pida y proporcionar resultados m\u00e1s precisos.<\/p>\n\n\n\n<h3 class=\"wp-block-heading\" id=\"h-es-seguro-el-laser-dental\"><strong>\u00bfEs seguro el l\u00e1ser dental?<\/strong><\/h3>\n\n\n\n<p>S\u00ed, el l\u00e1ser dental suele considerarse seguro cuando lo utiliza un dentista formado y con experiencia.<\/p>\n\n\n\n<h3 class=\"wp-block-heading\" id=\"h-se-requiere-alguna-preparacion-especial-para-los-procedimientos-dentales-con-laser\"><strong>\u00bfSe requiere alguna preparaci\u00f3n especial para los procedimientos dentales con l\u00e1ser?<\/strong><\/h3>\n\n\n\n<p>Su dentista le dar\u00e1 instrucciones espec\u00edficas para prepararse para el procedimiento dental con l\u00e1ser, pero en general, es posible que tenga que evitar comer o beber durante un cierto per\u00edodo de tiempo antes del procedimiento.<\/p>\n\n\n\n<h3 class=\"wp-block-heading\" id=\"h-es-doloroso-el-laser-dental\"><strong>\u00bfEs doloroso el l\u00e1ser dental?<\/strong><\/h3>\n\n\n\n<p>El l\u00e1ser dental suele ser menos doloroso que los m\u00e9todos tradicionales, pero es posible que experimente alguna molestia durante o despu\u00e9s del procedimiento.<\/p>\n\n\n\n<h3 class=\"wp-block-heading\" id=\"h-cuanto-tiempo-se-tarda-en-recuperarse-de-una-intervencion-dental-con-laser\"><strong>\u00bfCu\u00e1nto tiempo se tarda en recuperarse de una intervenci\u00f3n dental con l\u00e1ser?<\/strong><\/h3>\n\n\n\n<p>El tiempo de recuperaci\u00f3n puede variar dependiendo del procedimiento espec\u00edfico, pero en general, los procedimientos dentales con l\u00e1ser pueden tener un tiempo de recuperaci\u00f3n m\u00e1s corto que los m\u00e9todos tradicionales.<\/p>\n\n\n\n<h3 class=\"wp-block-heading\" id=\"h-donde-puedo-encontrar-un-dentista-que-utilice-el-laser-dental-en-turquia\"><strong>\u00bfD\u00f3nde puedo encontrar un dentista que utilice el l\u00e1ser dental en Turqu\u00eda?<\/strong><\/h3>\n\n\n\n<p>Muchos dentistas de Turqu\u00eda ofrecen servicios de l\u00e1ser dental. Puede buscar dentistas de su zona en internet especializados en l\u00e1ser dental o pedir recomendaciones a amigos o familiares que se hayan sometido a procedimientos dentales con l\u00e1ser. Lee nuestra <a href=\"https:\/\/www.verasmile.com\/es\/guia-completa-para-encontrar-clinicas-dentales-fiables-en-turquia\/\">gu\u00eda sobre c\u00f3mo elegir la mejor cl\u00ednica dental en Turqu\u00eda<\/a><\/p>\n\n<\/div><\/div>\n\n<div class=\"gb-grid-column gb-grid-column-9795dbe7\"><div class=\"gb-container gb-container-9795dbe7 contact-sticky\">\n\n<h4 class=\"gb-headline gb-headline-83925198 gb-headline-text\">Obtenga una consulta gratis<\/h4>\n\n\n\n<script charset=\"utf-8\" type=\"text\/javascript\" src=\"\/\/js.hsforms.net\/forms\/embed\/v2.js\"><\/script>\n<script>\n  hbspt.forms.create({\n    region: \"na1\",\n    portalId: \"5077067\",\n    formId: \"049f038c-7998-4114-9a99-a937a1847281\"\n  });\n<\/script>\n\n<\/div><\/div>\n<\/div>\n<\/div>","protected":false},"excerpt":{"rendered":"","protected":false},"author":1,"featured_media":9163,"parent":0,"menu_order":0,"comment_status":"closed","ping_status":"closed","template":"","meta":{"inline_featured_image":false,"footnotes":""},"class_list":{"0":"post-12944","1":"page","2":"type-page","3":"status-publish","4":"has-post-thumbnail","6":"resize-featured-image"},"lang":"es","translations":{"en":1740,"fr":12867,"pt-pt":12910,"es":12944,"de":12964,"it":13102,"ar":13173,"tr":13773},"yoast_head":"<!-- This site is optimized with the Yoast SEO Premium plugin v27.4 (Yoast SEO v27.4) - https:\/\/yoast.com\/product\/yoast-seo-premium-wordpress\/ -->\n<title>L\u00e1ser dental - Vera Smile<\/title>\n<meta name=\"description\" content=\"Experimente los beneficios de la odontolog\u00eda l\u00e1ser en Vera Smile: tratamientos precisos y c\u00f3modos para una variedad de condiciones dentales.\" \/>\n<meta name=\"robots\" content=\"index, follow, max-snippet:-1, max-image-preview:large, max-video-preview:-1\" \/>\n<link rel=\"canonical\" href=\"https:\/\/www.verasmile.com\/es\/laser-dental\/\" \/>\n<meta property=\"og:locale\" content=\"es_ES\" \/>\n<meta property=\"og:type\" content=\"article\" \/>\n<meta property=\"og:title\" content=\"L\u00e1ser dental\" \/>\n<meta property=\"og:description\" content=\"Experimente los beneficios de la odontolog\u00eda l\u00e1ser en Vera Smile: tratamientos precisos y c\u00f3modos para una variedad de condiciones dentales.\" \/>\n<meta property=\"og:url\" content=\"https:\/\/www.verasmile.com\/es\/laser-dental\/\" \/>\n<meta property=\"og:site_name\" content=\"Vera Smile\" \/>\n<meta property=\"article:publisher\" content=\"https:\/\/www.facebook.com\/VeraSmileDental\/\" \/>\n<meta property=\"article:modified_time\" content=\"2024-08-06T08:24:07+00:00\" \/>\n<meta property=\"og:image\" content=\"https:\/\/www.verasmile.com\/wp-content\/uploads\/2024\/02\/Laser-Dentistry.webp\" \/>\n\t<meta property=\"og:image:width\" content=\"1440\" \/>\n\t<meta property=\"og:image:height\" content=\"800\" \/>\n\t<meta property=\"og:image:type\" content=\"image\/webp\" \/>\n<meta name=\"twitter:card\" content=\"summary_large_image\" \/>\n<meta name=\"twitter:label1\" content=\"Tiempo de lectura\" \/>\n\t<meta name=\"twitter:data1\" content=\"7 minutos\" \/>\n<script type=\"application\/ld+json\" class=\"yoast-schema-graph\">{\"@context\":\"https:\\\/\\\/schema.org\",\"@graph\":[{\"@type\":\"WebPage\",\"@id\":\"https:\\\/\\\/www.verasmile.com\\\/es\\\/laser-dental\\\/\",\"url\":\"https:\\\/\\\/www.verasmile.com\\\/es\\\/laser-dental\\\/\",\"name\":\"L\u00e1ser dental - Vera Smile\",\"isPartOf\":{\"@id\":\"https:\\\/\\\/www.verasmile.com\\\/es\\\/#website\"},\"primaryImageOfPage\":{\"@id\":\"https:\\\/\\\/www.verasmile.com\\\/es\\\/laser-dental\\\/#primaryimage\"},\"image\":{\"@id\":\"https:\\\/\\\/www.verasmile.com\\\/es\\\/laser-dental\\\/#primaryimage\"},\"thumbnailUrl\":\"https:\\\/\\\/www.verasmile.com\\\/wp-content\\\/uploads\\\/2024\\\/02\\\/Laser-Dentistry.webp\",\"datePublished\":\"2023-07-07T09:47:26+00:00\",\"dateModified\":\"2024-08-06T08:24:07+00:00\",\"description\":\"Experimente los beneficios de la odontolog\u00eda l\u00e1ser en Vera Smile: tratamientos precisos y c\u00f3modos para una variedad de condiciones dentales.\",\"breadcrumb\":{\"@id\":\"https:\\\/\\\/www.verasmile.com\\\/es\\\/laser-dental\\\/#breadcrumb\"},\"inLanguage\":\"es\",\"potentialAction\":[{\"@type\":\"ReadAction\",\"target\":[\"https:\\\/\\\/www.verasmile.com\\\/es\\\/laser-dental\\\/\"]}]},{\"@type\":\"ImageObject\",\"inLanguage\":\"es\",\"@id\":\"https:\\\/\\\/www.verasmile.com\\\/es\\\/laser-dental\\\/#primaryimage\",\"url\":\"https:\\\/\\\/www.verasmile.com\\\/wp-content\\\/uploads\\\/2024\\\/02\\\/Laser-Dentistry.webp\",\"contentUrl\":\"https:\\\/\\\/www.verasmile.com\\\/wp-content\\\/uploads\\\/2024\\\/02\\\/Laser-Dentistry.webp\",\"width\":1440,\"height\":800,\"caption\":\"L\u00e1ser dental\"},{\"@type\":\"BreadcrumbList\",\"@id\":\"https:\\\/\\\/www.verasmile.com\\\/es\\\/laser-dental\\\/#breadcrumb\",\"itemListElement\":[{\"@type\":\"ListItem\",\"position\":1,\"name\":\"Inicio\",\"item\":\"https:\\\/\\\/www.verasmile.com\\\/es\\\/\"},{\"@type\":\"ListItem\",\"position\":2,\"name\":\"L\u00e1ser dental\"}]},{\"@type\":\"WebSite\",\"@id\":\"https:\\\/\\\/www.verasmile.com\\\/es\\\/#website\",\"url\":\"https:\\\/\\\/www.verasmile.com\\\/es\\\/\",\"name\":\"Vera Smile Dental Clinic\",\"description\":\"Dental Clinic in T\u00fcrkiye\",\"publisher\":{\"@id\":\"https:\\\/\\\/www.verasmile.com\\\/es\\\/#organization\"},\"potentialAction\":[{\"@type\":\"SearchAction\",\"target\":{\"@type\":\"EntryPoint\",\"urlTemplate\":\"https:\\\/\\\/www.verasmile.com\\\/es\\\/?s={search_term_string}\"},\"query-input\":{\"@type\":\"PropertyValueSpecification\",\"valueRequired\":true,\"valueName\":\"search_term_string\"}}],\"inLanguage\":\"es\"},{\"@type\":\"Organization\",\"@id\":\"https:\\\/\\\/www.verasmile.com\\\/es\\\/#organization\",\"name\":\"Vera Smile Dental Clinic\",\"url\":\"https:\\\/\\\/www.verasmile.com\\\/es\\\/\",\"logo\":{\"@type\":\"ImageObject\",\"inLanguage\":\"es\",\"@id\":\"https:\\\/\\\/www.verasmile.com\\\/es\\\/#\\\/schema\\\/logo\\\/image\\\/\",\"url\":\"https:\\\/\\\/www.verasmile.com\\\/wp-content\\\/uploads\\\/2026\\\/02\\\/Birles\u0327ik-Logo-scaled.png\",\"contentUrl\":\"https:\\\/\\\/www.verasmile.com\\\/wp-content\\\/uploads\\\/2026\\\/02\\\/Birles\u0327ik-Logo-scaled.png\",\"width\":2560,\"height\":244,\"caption\":\"Vera Smile Dental Clinic\"},\"image\":{\"@id\":\"https:\\\/\\\/www.verasmile.com\\\/es\\\/#\\\/schema\\\/logo\\\/image\\\/\"},\"sameAs\":[\"https:\\\/\\\/www.facebook.com\\\/VeraSmileDental\\\/\",\"https:\\\/\\\/www.instagram.com\\\/verasmile.dental\\\/\"]}]}<\/script>\n<!-- \/ Yoast SEO Premium plugin. -->","yoast_head_json":{"title":"L\u00e1ser dental - Vera Smile","description":"Experimente los beneficios de la odontolog\u00eda l\u00e1ser en Vera Smile: tratamientos precisos y c\u00f3modos para una variedad de condiciones dentales.","robots":{"index":"index","follow":"follow","max-snippet":"max-snippet:-1","max-image-preview":"max-image-preview:large","max-video-preview":"max-video-preview:-1"},"canonical":"https:\/\/www.verasmile.com\/es\/laser-dental\/","og_locale":"es_ES","og_type":"article","og_title":"L\u00e1ser dental","og_description":"Experimente los beneficios de la odontolog\u00eda l\u00e1ser en Vera Smile: tratamientos precisos y c\u00f3modos para una variedad de condiciones dentales.","og_url":"https:\/\/www.verasmile.com\/es\/laser-dental\/","og_site_name":"Vera Smile","article_publisher":"https:\/\/www.facebook.com\/VeraSmileDental\/","article_modified_time":"2024-08-06T08:24:07+00:00","og_image":[{"width":1440,"height":800,"url":"https:\/\/www.verasmile.com\/wp-content\/uploads\/2024\/02\/Laser-Dentistry.webp","type":"image\/webp"}],"twitter_card":"summary_large_image","twitter_misc":{"Tiempo de lectura":"7 minutos"},"schema":{"@context":"https:\/\/schema.org","@graph":[{"@type":"WebPage","@id":"https:\/\/www.verasmile.com\/es\/laser-dental\/","url":"https:\/\/www.verasmile.com\/es\/laser-dental\/","name":"L\u00e1ser dental - Vera Smile","isPartOf":{"@id":"https:\/\/www.verasmile.com\/es\/#website"},"primaryImageOfPage":{"@id":"https:\/\/www.verasmile.com\/es\/laser-dental\/#primaryimage"},"image":{"@id":"https:\/\/www.verasmile.com\/es\/laser-dental\/#primaryimage"},"thumbnailUrl":"https:\/\/www.verasmile.com\/wp-content\/uploads\/2024\/02\/Laser-Dentistry.webp","datePublished":"2023-07-07T09:47:26+00:00","dateModified":"2024-08-06T08:24:07+00:00","description":"Experimente los beneficios de la odontolog\u00eda l\u00e1ser en Vera Smile: tratamientos precisos y c\u00f3modos para una variedad de condiciones dentales.","breadcrumb":{"@id":"https:\/\/www.verasmile.com\/es\/laser-dental\/#breadcrumb"},"inLanguage":"es","potentialAction":[{"@type":"ReadAction","target":["https:\/\/www.verasmile.com\/es\/laser-dental\/"]}]},{"@type":"ImageObject","inLanguage":"es","@id":"https:\/\/www.verasmile.com\/es\/laser-dental\/#primaryimage","url":"https:\/\/www.verasmile.com\/wp-content\/uploads\/2024\/02\/Laser-Dentistry.webp","contentUrl":"https:\/\/www.verasmile.com\/wp-content\/uploads\/2024\/02\/Laser-Dentistry.webp","width":1440,"height":800,"caption":"L\u00e1ser dental"},{"@type":"BreadcrumbList","@id":"https:\/\/www.verasmile.com\/es\/laser-dental\/#breadcrumb","itemListElement":[{"@type":"ListItem","position":1,"name":"Inicio","item":"https:\/\/www.verasmile.com\/es\/"},{"@type":"ListItem","position":2,"name":"L\u00e1ser dental"}]},{"@type":"WebSite","@id":"https:\/\/www.verasmile.com\/es\/#website","url":"https:\/\/www.verasmile.com\/es\/","name":"Vera Smile Dental Clinic","description":"Dental Clinic in T\u00fcrkiye","publisher":{"@id":"https:\/\/www.verasmile.com\/es\/#organization"},"potentialAction":[{"@type":"SearchAction","target":{"@type":"EntryPoint","urlTemplate":"https:\/\/www.verasmile.com\/es\/?s={search_term_string}"},"query-input":{"@type":"PropertyValueSpecification","valueRequired":true,"valueName":"search_term_string"}}],"inLanguage":"es"},{"@type":"Organization","@id":"https:\/\/www.verasmile.com\/es\/#organization","name":"Vera Smile Dental Clinic","url":"https:\/\/www.verasmile.com\/es\/","logo":{"@type":"ImageObject","inLanguage":"es","@id":"https:\/\/www.verasmile.com\/es\/#\/schema\/logo\/image\/","url":"https:\/\/www.verasmile.com\/wp-content\/uploads\/2026\/02\/Birles\u0327ik-Logo-scaled.png","contentUrl":"https:\/\/www.verasmile.com\/wp-content\/uploads\/2026\/02\/Birles\u0327ik-Logo-scaled.png","width":2560,"height":244,"caption":"Vera Smile Dental Clinic"},"image":{"@id":"https:\/\/www.verasmile.com\/es\/#\/schema\/logo\/image\/"},"sameAs":["https:\/\/www.facebook.com\/VeraSmileDental\/","https:\/\/www.instagram.com\/verasmile.dental\/"]}]}},"_links":{"self":[{"href":"https:\/\/www.verasmile.com\/es\/wp-json\/wp\/v2\/pages\/12944","targetHints":{"allow":["GET"]}}],"collection":[{"href":"https:\/\/www.verasmile.com\/es\/wp-json\/wp\/v2\/pages"}],"about":[{"href":"https:\/\/www.verasmile.com\/es\/wp-json\/wp\/v2\/types\/page"}],"author":[{"embeddable":true,"href":"https:\/\/www.verasmile.com\/es\/wp-json\/wp\/v2\/users\/1"}],"replies":[{"embeddable":true,"href":"https:\/\/www.verasmile.com\/es\/wp-json\/wp\/v2\/comments?post=12944"}],"version-history":[{"count":1,"href":"https:\/\/www.verasmile.com\/es\/wp-json\/wp\/v2\/pages\/12944\/revisions"}],"predecessor-version":[{"id":18937,"href":"https:\/\/www.verasmile.com\/es\/wp-json\/wp\/v2\/pages\/12944\/revisions\/18937"}],"wp:featuredmedia":[{"embeddable":true,"href":"https:\/\/www.verasmile.com\/es\/wp-json\/wp\/v2\/media\/9163"}],"wp:attachment":[{"href":"https:\/\/www.verasmile.com\/es\/wp-json\/wp\/v2\/media?parent=12944"}],"curies":[{"name":"wp","href":"https:\/\/api.w.org\/{rel}","templated":true}]}}