{"id":11510,"date":"2023-07-17T09:58:03","date_gmt":"2023-07-17T06:58:03","guid":{"rendered":"https:\/\/www.verasmile.com\/?page_id=11510"},"modified":"2024-03-21T12:26:20","modified_gmt":"2024-03-21T09:26:20","slug":"nos-standards-de-qualite","status":"publish","type":"page","link":"https:\/\/www.verasmile.com\/fr\/nos-standards-de-qualite\/","title":{"rendered":"Nos standards de qualit\u00e9"},"content":{"rendered":"\n<p><strong><strong>Syst\u00e8me de management de la qualit\u00e9 ISO 9001\/2015<\/strong><\/strong><\/p>\n\n\n\n<p>Nous avons mis en place le syst\u00e8me de management de la qualit\u00e9 ISO 9001:2015 pour garantir \u00e0 nos patients des soins de qualit\u00e9 sup\u00e9rieure. Ce syst\u00e8me surveille et contr\u00f4le nos unit\u00e9s de service de mani\u00e8re proactive, en minimisant les erreurs et en poursuivant l&rsquo;am\u00e9lioration continue. Notre objectif est d&rsquo;atteindre le plus haut niveau de satisfaction des patients en nous mesurant et en nous am\u00e9liorant continuellement.<\/p>\n\n\n\n<p>En outre, le syst\u00e8me de management de la qualit\u00e9 ISO 9001\/2015 pour les soins dentaires s&rsquo;int\u00e8gre parfaitement \u00e0 l&rsquo;identit\u00e9 d&rsquo;entreprise de Vera Smile en apportant une valeur ajout\u00e9e \u00e0 nos patients et \u00e0 nos employ\u00e9s. Il t\u00e9moigne de notre engagement \u00e0 mener des activit\u00e9s dentaires en Turquie dans le respect des normes et standards internationaux.<\/p>\n\n\n\n<p>Vera Smile a obtenu la certification du syst\u00e8me de management de la qualit\u00e9 ISO 9001\/2015 en octobre 2020 \u00e0 la suite de l&rsquo;audit de certification du syst\u00e8me de gestion de la qualit\u00e9 ISO 9001\/2015 qui a \u00e9t\u00e9 couronn\u00e9 de succ\u00e8s. Nos \u00e9valuations annuelles n&rsquo;ont r\u00e9v\u00e9l\u00e9 \u00e0 plusieurs reprises aucune non-conformit\u00e9 importante.<\/p>\n\n\n\n<p><strong><strong>Accr\u00e9ditation des \u00e9tablissements de sant\u00e9 et normalisation de la qualit\u00e9<\/strong><\/strong><\/p>\n\n\n\n<p>Au d\u00e9but du 21e si\u00e8cle, la Turquie a rapidement mis en \u0153uvre un vaste programme de r\u00e9forme des soins de sant\u00e9, comprenant des initiatives \u00e0 l&rsquo;\u00e9chelle nationale pour distribuer du personnel m\u00e9dical comp\u00e9tent. La r\u00e9forme turque des soins de sant\u00e9 a rendu obligatoire l&rsquo;accr\u00e9ditation des h\u00f4pitaux afin de normaliser la qualit\u00e9.<\/p>\n\n\n\n<p>Le minist\u00e8re turc de la sant\u00e9 a pris des mesures rapides pour accr\u00e9diter et normaliser les \u00e9tablissements de soins de sant\u00e9. Gr\u00e2ce \u00e0 la politique gouvernementale et \u00e0 la coop\u00e9ration active entre le minist\u00e8re turc de la sant\u00e9 et les \u00e9tablissements de soins priv\u00e9s, la Turquie est aujourd&rsquo;hui l&rsquo;un des trois pays qui comptent le plus grand nombre d&rsquo;\u00e9tablissements de soins accr\u00e9dit\u00e9s. La clinique Vera est l&rsquo;une des rares cliniques en Turquie \u00e0 avoir re\u00e7u une accr\u00e9ditation compl\u00e8te du minist\u00e8re turc de la sant\u00e9, ayant satisfait \u00e0 toutes les exigences d&rsquo;accr\u00e9ditation.<\/p>\n\n\n\n<p><strong><strong>ISO 10002 Syst\u00e8me de satisfaction du client<\/strong><\/strong><\/p>\n\n\n\n<p>Conform\u00e9ment \u00e0 notre syst\u00e8me de management de la qualit\u00e9 ISO 9001, nous avons mis en place le syst\u00e8me ISO 10002 pour donner la priorit\u00e9 \u00e0 la satisfaction des patients et \u00e0 la r\u00e9solution des plaintes. Ce syst\u00e8me int\u00e9gr\u00e9 nous permet de r\u00e9pondre de mani\u00e8re coh\u00e9rente, rapide et appropri\u00e9e aux demandes des patients. Elle nous aide \u00e9galement \u00e0 identifier les tendances \u00e9mergentes, \u00e0 traiter les causes sous-jacentes des plaintes et \u00e0 am\u00e9liorer continuellement les services de notre h\u00f4pital.<\/p>\n\n\n\n<p>Notre h\u00f4pital est soumis chaque ann\u00e9e \u00e0 des audits de certification internationaux afin de garantir la conformit\u00e9 avec le syst\u00e8me de gestion de la satisfaction des clients ISO 10002. Cette certification t\u00e9moigne de notre volont\u00e9 d&rsquo;offrir aux patients une exp\u00e9rience exceptionnelle.<\/p>\n","protected":false},"excerpt":{"rendered":"<p>Syst\u00e8me de management de la qualit\u00e9 ISO 9001\/2015 Nous avons mis en place le syst\u00e8me de management de la qualit\u00e9 ISO 9001:2015 pour garantir \u00e0<\/p>\n","protected":false},"author":1,"featured_media":11512,"parent":0,"menu_order":0,"comment_status":"closed","ping_status":"open","template":"","meta":{"inline_featured_image":false,"footnotes":""},"class_list":{"0":"post-11510","1":"page","2":"type-page","3":"status-publish","4":"has-post-thumbnail","6":"resize-featured-image"},"lang":"fr","translations":{"en":2234,"it":11140,"fr":11510,"es":11838,"pt-pt":12082,"de":12313,"ar":13480,"tr":13670},"yoast_head":"<!-- This site is optimized with the Yoast SEO Premium plugin v27.4 (Yoast SEO v27.4) - https:\/\/yoast.com\/product\/yoast-seo-premium-wordpress\/ -->\n<title>Nos standards de qualit\u00e9 - Vera Smile<\/title>\n<meta name=\"description\" content=\"D\u00e9couvrez comment notre syst\u00e8me de management de la qualit\u00e9 garantit des soins de qualit\u00e9 sup\u00e9rieure et la satisfaction des patients. D\u00e9couvrez la valeur ajout\u00e9e \u00e0 nos services dentaires.\" \/>\n<meta name=\"robots\" content=\"index, follow, max-snippet:-1, max-image-preview:large, max-video-preview:-1\" \/>\n<link rel=\"canonical\" href=\"https:\/\/www.verasmile.com\/fr\/nos-standards-de-qualite\/\" \/>\n<meta property=\"og:locale\" content=\"fr_FR\" \/>\n<meta property=\"og:type\" content=\"article\" \/>\n<meta property=\"og:title\" content=\"Nos standards de qualit\u00e9\" \/>\n<meta property=\"og:description\" content=\"D\u00e9couvrez comment notre syst\u00e8me de management de la qualit\u00e9 garantit des soins de qualit\u00e9 sup\u00e9rieure et la satisfaction des patients. D\u00e9couvrez la valeur ajout\u00e9e \u00e0 nos services dentaires.\" \/>\n<meta property=\"og:url\" content=\"https:\/\/www.verasmile.com\/fr\/nos-standards-de-qualite\/\" \/>\n<meta property=\"og:site_name\" content=\"Vera Smile\" \/>\n<meta property=\"article:publisher\" content=\"https:\/\/www.facebook.com\/VeraSmileDental\/\" \/>\n<meta property=\"article:modified_time\" content=\"2024-03-21T09:26:20+00:00\" \/>\n<meta property=\"og:image\" content=\"https:\/\/www.verasmile.com\/wp-content\/uploads\/2024\/02\/quality-standars-banner-03.webp\" \/>\n\t<meta property=\"og:image:width\" content=\"1440\" \/>\n\t<meta property=\"og:image:height\" content=\"800\" \/>\n\t<meta property=\"og:image:type\" content=\"image\/webp\" \/>\n<meta name=\"twitter:card\" content=\"summary_large_image\" \/>\n<meta name=\"twitter:label1\" content=\"Dur\u00e9e de lecture estim\u00e9e\" \/>\n\t<meta name=\"twitter:data1\" content=\"2 minutes\" \/>\n<script type=\"application\/ld+json\" class=\"yoast-schema-graph\">{\"@context\":\"https:\\\/\\\/schema.org\",\"@graph\":[{\"@type\":\"WebPage\",\"@id\":\"https:\\\/\\\/www.verasmile.com\\\/fr\\\/nos-standards-de-qualite\\\/\",\"url\":\"https:\\\/\\\/www.verasmile.com\\\/fr\\\/nos-standards-de-qualite\\\/\",\"name\":\"Nos standards de qualit\u00e9 - Vera Smile\",\"isPartOf\":{\"@id\":\"https:\\\/\\\/www.verasmile.com\\\/fr\\\/#website\"},\"primaryImageOfPage\":{\"@id\":\"https:\\\/\\\/www.verasmile.com\\\/fr\\\/nos-standards-de-qualite\\\/#primaryimage\"},\"image\":{\"@id\":\"https:\\\/\\\/www.verasmile.com\\\/fr\\\/nos-standards-de-qualite\\\/#primaryimage\"},\"thumbnailUrl\":\"https:\\\/\\\/www.verasmile.com\\\/wp-content\\\/uploads\\\/2024\\\/02\\\/quality-standars-banner-03.webp\",\"datePublished\":\"2023-07-17T06:58:03+00:00\",\"dateModified\":\"2024-03-21T09:26:20+00:00\",\"description\":\"D\u00e9couvrez comment notre syst\u00e8me de management de la qualit\u00e9 garantit des soins de qualit\u00e9 sup\u00e9rieure et la satisfaction des patients. D\u00e9couvrez la valeur ajout\u00e9e \u00e0 nos services dentaires.\",\"breadcrumb\":{\"@id\":\"https:\\\/\\\/www.verasmile.com\\\/fr\\\/nos-standards-de-qualite\\\/#breadcrumb\"},\"inLanguage\":\"fr-FR\",\"potentialAction\":[{\"@type\":\"ReadAction\",\"target\":[\"https:\\\/\\\/www.verasmile.com\\\/fr\\\/nos-standards-de-qualite\\\/\"]}]},{\"@type\":\"ImageObject\",\"inLanguage\":\"fr-FR\",\"@id\":\"https:\\\/\\\/www.verasmile.com\\\/fr\\\/nos-standards-de-qualite\\\/#primaryimage\",\"url\":\"https:\\\/\\\/www.verasmile.com\\\/wp-content\\\/uploads\\\/2024\\\/02\\\/quality-standars-banner-03.webp\",\"contentUrl\":\"https:\\\/\\\/www.verasmile.com\\\/wp-content\\\/uploads\\\/2024\\\/02\\\/quality-standars-banner-03.webp\",\"width\":1440,\"height\":800,\"caption\":\"Kalite Standartlar\u0131m\u0131z\"},{\"@type\":\"BreadcrumbList\",\"@id\":\"https:\\\/\\\/www.verasmile.com\\\/fr\\\/nos-standards-de-qualite\\\/#breadcrumb\",\"itemListElement\":[{\"@type\":\"ListItem\",\"position\":1,\"name\":\"Accueil\",\"item\":\"https:\\\/\\\/www.verasmile.com\\\/fr\\\/\"},{\"@type\":\"ListItem\",\"position\":2,\"name\":\"Nos standards de qualit\u00e9\"}]},{\"@type\":\"WebSite\",\"@id\":\"https:\\\/\\\/www.verasmile.com\\\/fr\\\/#website\",\"url\":\"https:\\\/\\\/www.verasmile.com\\\/fr\\\/\",\"name\":\"Vera Smile Dental Clinic\",\"description\":\"Dental Clinic in T\u00fcrkiye\",\"publisher\":{\"@id\":\"https:\\\/\\\/www.verasmile.com\\\/fr\\\/#organization\"},\"potentialAction\":[{\"@type\":\"SearchAction\",\"target\":{\"@type\":\"EntryPoint\",\"urlTemplate\":\"https:\\\/\\\/www.verasmile.com\\\/fr\\\/?s={search_term_string}\"},\"query-input\":{\"@type\":\"PropertyValueSpecification\",\"valueRequired\":true,\"valueName\":\"search_term_string\"}}],\"inLanguage\":\"fr-FR\"},{\"@type\":\"Organization\",\"@id\":\"https:\\\/\\\/www.verasmile.com\\\/fr\\\/#organization\",\"name\":\"Vera Smile Dental Clinic\",\"url\":\"https:\\\/\\\/www.verasmile.com\\\/fr\\\/\",\"logo\":{\"@type\":\"ImageObject\",\"inLanguage\":\"fr-FR\",\"@id\":\"https:\\\/\\\/www.verasmile.com\\\/fr\\\/#\\\/schema\\\/logo\\\/image\\\/\",\"url\":\"https:\\\/\\\/www.verasmile.com\\\/wp-content\\\/uploads\\\/2026\\\/02\\\/Birles\u0327ik-Logo-scaled.png\",\"contentUrl\":\"https:\\\/\\\/www.verasmile.com\\\/wp-content\\\/uploads\\\/2026\\\/02\\\/Birles\u0327ik-Logo-scaled.png\",\"width\":2560,\"height\":244,\"caption\":\"Vera Smile Dental Clinic\"},\"image\":{\"@id\":\"https:\\\/\\\/www.verasmile.com\\\/fr\\\/#\\\/schema\\\/logo\\\/image\\\/\"},\"sameAs\":[\"https:\\\/\\\/www.facebook.com\\\/VeraSmileDental\\\/\",\"https:\\\/\\\/www.instagram.com\\\/verasmile.dental\\\/\"]}]}<\/script>\n<!-- \/ Yoast SEO Premium plugin. -->","yoast_head_json":{"title":"Nos standards de qualit\u00e9 - Vera Smile","description":"D\u00e9couvrez comment notre syst\u00e8me de management de la qualit\u00e9 garantit des soins de qualit\u00e9 sup\u00e9rieure et la satisfaction des patients. D\u00e9couvrez la valeur ajout\u00e9e \u00e0 nos services dentaires.","robots":{"index":"index","follow":"follow","max-snippet":"max-snippet:-1","max-image-preview":"max-image-preview:large","max-video-preview":"max-video-preview:-1"},"canonical":"https:\/\/www.verasmile.com\/fr\/nos-standards-de-qualite\/","og_locale":"fr_FR","og_type":"article","og_title":"Nos standards de qualit\u00e9","og_description":"D\u00e9couvrez comment notre syst\u00e8me de management de la qualit\u00e9 garantit des soins de qualit\u00e9 sup\u00e9rieure et la satisfaction des patients. D\u00e9couvrez la valeur ajout\u00e9e \u00e0 nos services dentaires.","og_url":"https:\/\/www.verasmile.com\/fr\/nos-standards-de-qualite\/","og_site_name":"Vera Smile","article_publisher":"https:\/\/www.facebook.com\/VeraSmileDental\/","article_modified_time":"2024-03-21T09:26:20+00:00","og_image":[{"width":1440,"height":800,"url":"https:\/\/www.verasmile.com\/wp-content\/uploads\/2024\/02\/quality-standars-banner-03.webp","type":"image\/webp"}],"twitter_card":"summary_large_image","twitter_misc":{"Dur\u00e9e de lecture estim\u00e9e":"2 minutes"},"schema":{"@context":"https:\/\/schema.org","@graph":[{"@type":"WebPage","@id":"https:\/\/www.verasmile.com\/fr\/nos-standards-de-qualite\/","url":"https:\/\/www.verasmile.com\/fr\/nos-standards-de-qualite\/","name":"Nos standards de qualit\u00e9 - Vera Smile","isPartOf":{"@id":"https:\/\/www.verasmile.com\/fr\/#website"},"primaryImageOfPage":{"@id":"https:\/\/www.verasmile.com\/fr\/nos-standards-de-qualite\/#primaryimage"},"image":{"@id":"https:\/\/www.verasmile.com\/fr\/nos-standards-de-qualite\/#primaryimage"},"thumbnailUrl":"https:\/\/www.verasmile.com\/wp-content\/uploads\/2024\/02\/quality-standars-banner-03.webp","datePublished":"2023-07-17T06:58:03+00:00","dateModified":"2024-03-21T09:26:20+00:00","description":"D\u00e9couvrez comment notre syst\u00e8me de management de la qualit\u00e9 garantit des soins de qualit\u00e9 sup\u00e9rieure et la satisfaction des patients. D\u00e9couvrez la valeur ajout\u00e9e \u00e0 nos services dentaires.","breadcrumb":{"@id":"https:\/\/www.verasmile.com\/fr\/nos-standards-de-qualite\/#breadcrumb"},"inLanguage":"fr-FR","potentialAction":[{"@type":"ReadAction","target":["https:\/\/www.verasmile.com\/fr\/nos-standards-de-qualite\/"]}]},{"@type":"ImageObject","inLanguage":"fr-FR","@id":"https:\/\/www.verasmile.com\/fr\/nos-standards-de-qualite\/#primaryimage","url":"https:\/\/www.verasmile.com\/wp-content\/uploads\/2024\/02\/quality-standars-banner-03.webp","contentUrl":"https:\/\/www.verasmile.com\/wp-content\/uploads\/2024\/02\/quality-standars-banner-03.webp","width":1440,"height":800,"caption":"Kalite Standartlar\u0131m\u0131z"},{"@type":"BreadcrumbList","@id":"https:\/\/www.verasmile.com\/fr\/nos-standards-de-qualite\/#breadcrumb","itemListElement":[{"@type":"ListItem","position":1,"name":"Accueil","item":"https:\/\/www.verasmile.com\/fr\/"},{"@type":"ListItem","position":2,"name":"Nos standards de qualit\u00e9"}]},{"@type":"WebSite","@id":"https:\/\/www.verasmile.com\/fr\/#website","url":"https:\/\/www.verasmile.com\/fr\/","name":"Vera Smile Dental Clinic","description":"Dental Clinic in T\u00fcrkiye","publisher":{"@id":"https:\/\/www.verasmile.com\/fr\/#organization"},"potentialAction":[{"@type":"SearchAction","target":{"@type":"EntryPoint","urlTemplate":"https:\/\/www.verasmile.com\/fr\/?s={search_term_string}"},"query-input":{"@type":"PropertyValueSpecification","valueRequired":true,"valueName":"search_term_string"}}],"inLanguage":"fr-FR"},{"@type":"Organization","@id":"https:\/\/www.verasmile.com\/fr\/#organization","name":"Vera Smile Dental Clinic","url":"https:\/\/www.verasmile.com\/fr\/","logo":{"@type":"ImageObject","inLanguage":"fr-FR","@id":"https:\/\/www.verasmile.com\/fr\/#\/schema\/logo\/image\/","url":"https:\/\/www.verasmile.com\/wp-content\/uploads\/2026\/02\/Birles\u0327ik-Logo-scaled.png","contentUrl":"https:\/\/www.verasmile.com\/wp-content\/uploads\/2026\/02\/Birles\u0327ik-Logo-scaled.png","width":2560,"height":244,"caption":"Vera Smile Dental Clinic"},"image":{"@id":"https:\/\/www.verasmile.com\/fr\/#\/schema\/logo\/image\/"},"sameAs":["https:\/\/www.facebook.com\/VeraSmileDental\/","https:\/\/www.instagram.com\/verasmile.dental\/"]}]}},"_links":{"self":[{"href":"https:\/\/www.verasmile.com\/fr\/wp-json\/wp\/v2\/pages\/11510","targetHints":{"allow":["GET"]}}],"collection":[{"href":"https:\/\/www.verasmile.com\/fr\/wp-json\/wp\/v2\/pages"}],"about":[{"href":"https:\/\/www.verasmile.com\/fr\/wp-json\/wp\/v2\/types\/page"}],"author":[{"embeddable":true,"href":"https:\/\/www.verasmile.com\/fr\/wp-json\/wp\/v2\/users\/1"}],"replies":[{"embeddable":true,"href":"https:\/\/www.verasmile.com\/fr\/wp-json\/wp\/v2\/comments?post=11510"}],"version-history":[{"count":0,"href":"https:\/\/www.verasmile.com\/fr\/wp-json\/wp\/v2\/pages\/11510\/revisions"}],"wp:featuredmedia":[{"embeddable":true,"href":"https:\/\/www.verasmile.com\/fr\/wp-json\/wp\/v2\/media\/11512"}],"wp:attachment":[{"href":"https:\/\/www.verasmile.com\/fr\/wp-json\/wp\/v2\/media?parent=11510"}],"curies":[{"name":"wp","href":"https:\/\/api.w.org\/{rel}","templated":true}]}}