{"id":11600,"date":"2023-07-07T12:26:41","date_gmt":"2023-07-07T09:26:41","guid":{"rendered":"https:\/\/www.verasmile.com\/?page_id=11600"},"modified":"2024-08-05T16:17:41","modified_gmt":"2024-08-05T13:17:41","slug":"remplacement-de-plusieurs-dents","status":"publish","type":"page","link":"https:\/\/www.verasmile.com\/fr\/implants-dentaires\/remplacement-de-plusieurs-dents\/","title":{"rendered":"Remplacement de plusieurs dents\u00a0"},"content":{"rendered":"<div class=\"gb-container gb-container-ec46b227\">\n<div class=\"gb-grid-wrapper gb-grid-wrapper-6232a014\">\n<div class=\"gb-grid-column gb-grid-column-141c614b\"><div class=\"gb-container gb-container-141c614b\">\n\n<p>Une dent manquante peut avoir une incidence sur bien plus que l&rsquo;apparence, vous laissant avec l\u2019\u00e9ventualit\u00e9 de nombreux probl\u00e8mes m\u00e9dicaux, n\u00e9cessitant le remplacement de plusieurs dents. Vous pouvez souffrir d&rsquo;une perte osseuse permanente dans votre m\u00e2choire, l&rsquo;alignement de vos dents peut changer parce que vos dents se d\u00e9placent vers l&rsquo;avant pour combler l&rsquo;\u00e9cart, et vous pouvez avoir des probl\u00e8mes en parlant, en mangeant ou m\u00eame en souriant. Les dents manquantes peuvent \u00e9galement \u00eatre \u00e0 l&rsquo;origine de plusieurs maladies des gencives et d&rsquo;une mauvaise haleine.&nbsp;<\/p>\n\n\n\n<p>Il est essentiel de rem\u00e9dier aux dents manquantes pour \u00e9viter ces cons\u00e9quences. Une solution efficace consiste \u00e0 remplacer plusieurs dents. Le remplacement de plusieurs dents par des implants dentaires constitue une base permanente pour des dents artificielles imitant les dents naturelles. En comblant les lacunes avec des implants, vous restaurez l&rsquo;apparence de votre sourire tout en conservant une bonne sant\u00e9 bucco-dentaire. Ne laissez pas les lacunes vous emp\u00eacher de sourire ; choisissez le bon traitement et commencez.<\/p>\n\n\n\n<h2 class=\"gb-headline gb-headline-c95f55a1 gb-headline-text\"><strong>Qu&rsquo;est-ce que le remplacement de plusieurs dents ?<\/strong><\/h2>\n\n\n\n<p>Les traitements de remplacement de plusieurs dents consistent en des piliers en titane plac\u00e9s chirurgicalement dans l&rsquo;os de la m\u00e2choire afin de fournir une base solide pour la fixation de dents artificielles. Ils imitent la structure naturelle des dents, ce qui favorise la sant\u00e9 des os et pr\u00e9vient la d\u00e9t\u00e9rioration de l&rsquo;os de la m\u00e2choire.<\/p>\n\n\n\n<p>Les implants que nous utilisons dans le cadre d&rsquo;un traitement de remplacement de dents multiples se composent de deux \u00e9l\u00e9ments : des piliers en titane et des couronnes sur mesure. Nous disposons de diff\u00e9rentes options de mat\u00e9riaux et de techniques que nous choisissons en fonction de vos besoins.&nbsp;<\/p>\n\n\n\n<h2 class=\"gb-headline gb-headline-bb978788 gb-headline-text\"><strong>Options de remplacement de plusieurs dents<\/strong><\/h2>\n\n\n\n<p>Si vous avez une ou plusieurs dents manquantes, vous avez trois options principales pour le traitement : <a href=\"https:\/\/www.verasmile.com\/fr\/protheses-dentaires-partielles-et-completes-en-turquie\/\">les proth\u00e8ses partielles<\/a> (diff\u00e9rents types de ponts dentaires), ou le remplacement de plusieurs dents par des implants. Alors qu&rsquo;une proth\u00e8se partielle est fix\u00e9e \u00e0 l&rsquo;aide de crochets aux dents naturelles environnantes, les bridges dentaires sont soutenus par les dents voisines et s&rsquo;ins\u00e8rent dans l&rsquo;espace. Ils peuvent tous deux \u00eatre amovibles ou fixes.&nbsp;<\/p>\n\n\n\n<p>Le remplacement de plusieurs dents par des implants est, quant \u00e0 lui, permanent. Si vous \u00eates \u00e0 la recherche d&rsquo;une solution permanente, fiable et durable, vous devriez envisager le remplacement de plusieurs dents par des implants.&nbsp;<\/p>\n\n\n\n<h2 class=\"gb-headline gb-headline-218758e1 gb-headline-text\"><strong>Proc\u00e9dure de remplacement de plusieurs dents chez Vera Smile<\/strong><\/h2>\n\n\n\n<h3 class=\"gb-headline gb-headline-59d06252 gb-headline-text\"><strong>Pr\u00e9-planification<\/strong><\/h3>\n\n\n\n<p>Lorsque vous nous contactez, nous commen\u00e7ons \u00e0 planifier votre traitement. Nous discutons des meilleures options pour votre cas et nous commen\u00e7ons \u00e0 nous pr\u00e9parer.<\/p>\n\n\n\n<h3 class=\"gb-headline gb-headline-2b79d284 gb-headline-text\"><strong>Avant la proc\u00e9dure<\/strong><\/h3>\n\n\n\n<p>Nous obtenons les informations sur votre vol, nous vous pr\u00e9parons \u00e0 l&rsquo;h\u00e9bergement et au transport, et nous vous informons sur les jours et les proc\u00e9dures de votre traitement.&nbsp;<\/p>\n\n\n\n<p>Avant le traitement, pour l&rsquo;examen en personne, vous devez passer quelques tests et consultations. Nous veillons ainsi \u00e0 ce que le r\u00e9sultat du plan con\u00e7u corresponde \u00e0 vos attentes.<\/p>\n\n\n\n<h3 class=\"gb-headline gb-headline-ff6b0f4a gb-headline-text\"><strong>Proc\u00e9dure<\/strong><\/h3>\n\n\n\n<p>Les implants seront plac\u00e9s chirurgicalement dans l&rsquo;os de la m\u00e2choire et recouverts d&rsquo;une couronne. La dur\u00e9e de l&rsquo;intervention peut \u00eatre adapt\u00e9e en fonction de votre situation personnelle.&nbsp;<\/p>\n\n\n\n<h3 class=\"gb-headline gb-headline-4f1be550 gb-headline-text\"><strong>Apr\u00e8s l&rsquo;intervention<\/strong><\/h3>\n\n\n\n<p>Nous surveillerons votre processus de gu\u00e9rison pendant un certain temps et r\u00e9pondrons \u00e0 toutes vos pr\u00e9occupations pendant cette p\u00e9riode. Vous devrez suivre les instructions d\u00e9taill\u00e9es que nous vous donnons sur la mani\u00e8re de prendre soin de vos implants apr\u00e8s l&rsquo;intervention pour une gu\u00e9rison rapide et en douceur.&nbsp;<\/p>\n\n\n\n<h2 class=\"gb-headline gb-headline-a109a055 gb-headline-text\"><strong>Soins apr\u00e8s le remplacement de plusieurs dents<\/strong><\/h2>\n\n\n\n<p>Apr\u00e8s votre remplacement de plusieurs dents en Turquie, il est tr\u00e8s important de suivre toutes les instructions et de prendre tous vos m\u00e9dicaments. Soyez prudent et \u00e9vitez de traumatiser la zone. Il est tout \u00e0 fait normal de ressentir un gonflement et une douleur. Vous pouvez prendre vos m\u00e9dicaments contre la douleur et utiliser des poches de glace. Apr\u00e8s quelques jours, les deux seront r\u00e9duits.<\/p>\n\n\n\n<h2 class=\"gb-headline gb-headline-809e19c1 gb-headline-text\"><strong>Combien co\u00fbte le remplacement de plusieurs dents ?<\/strong><\/h2>\n\n\n\n<p>Les implants sont co\u00fbteux, m\u00eame pour une seule dent. <a href=\"https:\/\/www.verasmile.com\/fr\/revelation-le-cout-des-implants-dentaires-en-turquie-par-rapport-aux-etats-unis\/\">Le co\u00fbt du remplacement de plusieurs dents<\/a> par des implants aux \u00c9tats-Unis et au Royaume-Uni peut \u00eatre effrayant pour cette raison. Le prix varie entre 500 et 6000 livres sterling par dent, vous pouvez imaginer le reste. Si vous b\u00e9n\u00e9ficiez d&rsquo;un forfait comme les <a href=\"https:\/\/www.verasmile.com\/fr\/implants-dentaires\/implants-dentaires-all-on-4\/\">implants dentaires All-on-Four<\/a> ou All-on-Six, le prix total peut \u00eatre moins \u00e9lev\u00e9, mais la somme reste importante.&nbsp;<\/p>\n\n\n\n<p>C&rsquo;est pourquoi la plupart des gens choisissent de se faire soigner les dents en Turquie. Avec l&rsquo;argent qu&rsquo;ils d\u00e9penseraient pour la proc\u00e9dure dans leur pays ou m\u00eame moins, ils peuvent obtenir le traitement et passer de petites vacances \u00e0 Istanbul, l&rsquo;une des plus grandes villes du monde. C&rsquo;est la cerise sur le g\u00e2teau.&nbsp;<\/p>\n\n\n\n<p>Chez Vera Smile, dans la ville dynamique d&rsquo;Istanbul, nous offrons un prix comp\u00e9titif pour le remplacement de plusieurs dents sans faire de compromis sur la qualit\u00e9. L&rsquo;une de nos missions est de rendre les soins dentaires de qualit\u00e9 accessibles \u00e0 tous.&nbsp;<a href=\"https:\/\/www.verasmile.com\/fr\/nous-contacter\/\">Contactez-nous<\/a> d\u00e8s maintenant pour obtenir une estimation d\u00e9taill\u00e9e des co\u00fbts.<\/p>\n\n\n\n<h2 class=\"gb-headline gb-headline-eebd104e gb-headline-text\"><strong>Pourquoi Vera Smile ?<\/strong><\/h2>\n\n\n\n<p>Nous sommes fiers de fournir \u00e0 nos patients des soins personnalis\u00e9s avec compassion, les derni\u00e8res technologies dentaires et une \u00e9quipe formidable. Nous vous guiderons tout au long de votre voyage de remplacement de dents multiples en Turquie, et veillerons \u00e0 ce que vous vous sentiez \u00e0 l&rsquo;aise, confiant et sp\u00e9cial.<\/p>\n\n\n\n<p>Gr\u00e2ce \u00e0 nos prix comp\u00e9titifs, \u00e0 nos forfaits tout compris, \u00e0 notre longue exp\u00e9rience en mati\u00e8re de transformation de la vie et d&rsquo;obtention d&rsquo;un nouveau sourire, ainsi qu&rsquo;\u00e0 notre culture et \u00e0 notre hospitalit\u00e9 turques, il n&rsquo;a jamais \u00e9t\u00e9 aussi facile de nous choisir pour le remplacement de plusieurs dents en Turquie.&nbsp;<\/p>\n\n\n\n<p>Prenez rendez-vous d\u00e8s aujourd&rsquo;hui et commencez votre traitement. Nous sommes impatients de participer \u00e0 votre transformation !<\/p>\n\n\n\n<h2 class=\"gb-headline gb-headline-d90344d2 gb-headline-text\"><strong>FAQ<\/strong><\/h2>\n\n\n\n<h3 class=\"gb-headline gb-headline-3ed6ff39 gb-headline-text\"><strong>Le remplacement de plusieurs dents est-il douloureux ?<\/strong><\/h3>\n\n\n\n<p>Nous utiliserons l&rsquo;anesth\u00e9sie locale ou d&rsquo;autres m\u00e9thodes de s\u00e9dation pour nous assurer que vous ne ressentirez aucune douleur pendant votre op\u00e9ration de remplacement de dents multiples. Cependant, vous pouvez ressentir une certaine g\u00eane, un gonflement et une douleur apr\u00e8s l&rsquo;op\u00e9ration. Nous essaierons de minimiser ces probl\u00e8mes avec des m\u00e9dicaments et des instructions sp\u00e9ciales.&nbsp;<\/p>\n\n\n\n<h3 class=\"gb-headline gb-headline-12c44d99 gb-headline-text\"><strong>Combien de temps dure la proc\u00e9dure de remplacement de plusieurs dents ?<\/strong><\/h3>\n\n\n\n<p>La dur\u00e9e des op\u00e9rations de remplacement de dents multiples peut varier en fonction du nombre de dents \u00e0 remplacer, de la complexit\u00e9 du cas et de votre processus de gu\u00e9rison. Lorsque vous passerez votre examen en personne, les choses seront plus claires.<\/p>\n\n\n\n<h3 class=\"gb-headline gb-headline-b78b5f0e gb-headline-text\"><strong>Quelle est la dur\u00e9e de vie des dents artificielles ?<\/strong><\/h3>\n\n\n\n<p>La dur\u00e9e de vie de vos implants d\u00e9pend du type d&rsquo;implant et des soins que vous leur apportez par la suite. Gr\u00e2ce \u00e0 une hygi\u00e8ne bucco-dentaire correcte et r\u00e9guli\u00e8re et \u00e0 des contr\u00f4les dentaires, vos implants peuvent durer de nombreuses ann\u00e9es. Cependant, l&rsquo;exp\u00e9rience de chacun est diff\u00e9rente.<\/p>\n\n\n\n<h3 class=\"gb-headline gb-headline-9e59fe61 gb-headline-text\"><strong>Est-il possible de remplacer toutes les dents ?<\/strong><\/h3>\n\n\n\n<p>Oui, il est possible de remplacer toutes les dents. Si vous avez besoin de ce type de traitement, apr\u00e8s un examen d\u00e9taill\u00e9, nous pouvons d\u00e9terminer le type et le nombre de traitements que nous pouvons utiliser pour vous.<\/p>\n\n<\/div><\/div>\n\n<div class=\"gb-grid-column gb-grid-column-9795dbe7\"><div class=\"gb-container gb-container-9795dbe7 contact-sticky\">\n\n<h4 class=\"gb-headline gb-headline-83925198 gb-headline-text\">Obtenez une consultation gratuite<\/h4>\n\n\n\n<script charset=\"utf-8\" type=\"text\/javascript\" src=\"\/\/js.hsforms.net\/forms\/embed\/v2.js\"><\/script>\n<script>\n  hbspt.forms.create({\n    region: \"na1\",\n    portalId: \"5077067\",\n    formId: \"97d6704d-8530-4a9d-a255-3a21099db1da\"\n  });\n<\/script>\n\n<\/div><\/div>\n<\/div>\n<\/div>","protected":false},"excerpt":{"rendered":"","protected":false},"author":1,"featured_media":11604,"parent":11587,"menu_order":0,"comment_status":"closed","ping_status":"closed","template":"","meta":{"inline_featured_image":false,"footnotes":""},"class_list":{"0":"post-11600","1":"page","2":"type-page","3":"status-publish","4":"has-post-thumbnail","6":"resize-featured-image"},"lang":"fr","translations":{"en":1724,"it":11213,"fr":11600,"es":11881,"pt-pt":12111,"de":12397,"ar":13317,"tr":13757},"yoast_head":"<!-- This site is optimized with the Yoast SEO Premium plugin v27.4 (Yoast SEO v27.4) - https:\/\/yoast.com\/product\/yoast-seo-premium-wordpress\/ -->\n<title>Remplacement de plusieurs dents\u00a0 - Vera Smile<\/title>\n<meta name=\"description\" content=\"Le remplacement de plusieurs dents en Turquie pourrait \u00eatre le bon choix. Retrouver votre sourire gr\u00e2ce aux implants dentaires\" \/>\n<meta name=\"robots\" content=\"index, follow, max-snippet:-1, max-image-preview:large, max-video-preview:-1\" \/>\n<link rel=\"canonical\" href=\"https:\/\/www.verasmile.com\/fr\/implants-dentaires\/remplacement-de-plusieurs-dents\/\" \/>\n<meta property=\"og:locale\" content=\"fr_FR\" \/>\n<meta property=\"og:type\" content=\"article\" \/>\n<meta property=\"og:title\" content=\"Remplacement de plusieurs dents\u00a0\" \/>\n<meta property=\"og:description\" content=\"Le remplacement de plusieurs dents en Turquie pourrait \u00eatre le bon choix. Retrouver votre sourire gr\u00e2ce aux implants dentaires\" \/>\n<meta property=\"og:url\" content=\"https:\/\/www.verasmile.com\/fr\/implants-dentaires\/remplacement-de-plusieurs-dents\/\" \/>\n<meta property=\"og:site_name\" content=\"Vera Smile\" \/>\n<meta property=\"article:publisher\" content=\"https:\/\/www.facebook.com\/VeraSmileDental\/\" \/>\n<meta property=\"article:modified_time\" content=\"2024-08-05T13:17:41+00:00\" \/>\n<meta property=\"og:image\" content=\"https:\/\/www.verasmile.com\/wp-content\/uploads\/2024\/02\/multple-teeth-implant.webp\" \/>\n\t<meta property=\"og:image:width\" content=\"1440\" \/>\n\t<meta property=\"og:image:height\" content=\"800\" \/>\n\t<meta property=\"og:image:type\" content=\"image\/webp\" \/>\n<meta name=\"twitter:card\" content=\"summary_large_image\" \/>\n<meta name=\"twitter:label1\" content=\"Dur\u00e9e de lecture estim\u00e9e\" \/>\n\t<meta name=\"twitter:data1\" content=\"6 minutes\" \/>\n<script type=\"application\/ld+json\" class=\"yoast-schema-graph\">{\"@context\":\"https:\\\/\\\/schema.org\",\"@graph\":[{\"@type\":\"WebPage\",\"@id\":\"https:\\\/\\\/www.verasmile.com\\\/fr\\\/implants-dentaires\\\/remplacement-de-plusieurs-dents\\\/\",\"url\":\"https:\\\/\\\/www.verasmile.com\\\/fr\\\/implants-dentaires\\\/remplacement-de-plusieurs-dents\\\/\",\"name\":\"Remplacement de plusieurs dents\u00a0 - Vera Smile\",\"isPartOf\":{\"@id\":\"https:\\\/\\\/www.verasmile.com\\\/fr\\\/#website\"},\"primaryImageOfPage\":{\"@id\":\"https:\\\/\\\/www.verasmile.com\\\/fr\\\/implants-dentaires\\\/remplacement-de-plusieurs-dents\\\/#primaryimage\"},\"image\":{\"@id\":\"https:\\\/\\\/www.verasmile.com\\\/fr\\\/implants-dentaires\\\/remplacement-de-plusieurs-dents\\\/#primaryimage\"},\"thumbnailUrl\":\"https:\\\/\\\/www.verasmile.com\\\/wp-content\\\/uploads\\\/2024\\\/02\\\/multple-teeth-implant.webp\",\"datePublished\":\"2023-07-07T09:26:41+00:00\",\"dateModified\":\"2024-08-05T13:17:41+00:00\",\"description\":\"Le remplacement de plusieurs dents en Turquie pourrait \u00eatre le bon choix. Retrouver votre sourire gr\u00e2ce aux implants dentaires\",\"breadcrumb\":{\"@id\":\"https:\\\/\\\/www.verasmile.com\\\/fr\\\/implants-dentaires\\\/remplacement-de-plusieurs-dents\\\/#breadcrumb\"},\"inLanguage\":\"fr-FR\",\"potentialAction\":[{\"@type\":\"ReadAction\",\"target\":[\"https:\\\/\\\/www.verasmile.com\\\/fr\\\/implants-dentaires\\\/remplacement-de-plusieurs-dents\\\/\"]}]},{\"@type\":\"ImageObject\",\"inLanguage\":\"fr-FR\",\"@id\":\"https:\\\/\\\/www.verasmile.com\\\/fr\\\/implants-dentaires\\\/remplacement-de-plusieurs-dents\\\/#primaryimage\",\"url\":\"https:\\\/\\\/www.verasmile.com\\\/wp-content\\\/uploads\\\/2024\\\/02\\\/multple-teeth-implant.webp\",\"contentUrl\":\"https:\\\/\\\/www.verasmile.com\\\/wp-content\\\/uploads\\\/2024\\\/02\\\/multple-teeth-implant.webp\",\"width\":1440,\"height\":800,\"caption\":\"Remplacement de plusieurs dents\u00a0\"},{\"@type\":\"BreadcrumbList\",\"@id\":\"https:\\\/\\\/www.verasmile.com\\\/fr\\\/implants-dentaires\\\/remplacement-de-plusieurs-dents\\\/#breadcrumb\",\"itemListElement\":[{\"@type\":\"ListItem\",\"position\":1,\"name\":\"Accueil\",\"item\":\"https:\\\/\\\/www.verasmile.com\\\/fr\\\/\"},{\"@type\":\"ListItem\",\"position\":2,\"name\":\"Implants dentaires : types, proc\u00e9dure, co\u00fbt et soins postop\u00e9ratoires\",\"item\":\"https:\\\/\\\/www.verasmile.com\\\/fr\\\/implants-dentaires\\\/\"},{\"@type\":\"ListItem\",\"position\":3,\"name\":\"Remplacement de plusieurs dents\u00a0\"}]},{\"@type\":\"WebSite\",\"@id\":\"https:\\\/\\\/www.verasmile.com\\\/fr\\\/#website\",\"url\":\"https:\\\/\\\/www.verasmile.com\\\/fr\\\/\",\"name\":\"Vera Smile Dental Clinic\",\"description\":\"Dental Clinic in T\u00fcrkiye\",\"publisher\":{\"@id\":\"https:\\\/\\\/www.verasmile.com\\\/fr\\\/#organization\"},\"potentialAction\":[{\"@type\":\"SearchAction\",\"target\":{\"@type\":\"EntryPoint\",\"urlTemplate\":\"https:\\\/\\\/www.verasmile.com\\\/fr\\\/?s={search_term_string}\"},\"query-input\":{\"@type\":\"PropertyValueSpecification\",\"valueRequired\":true,\"valueName\":\"search_term_string\"}}],\"inLanguage\":\"fr-FR\"},{\"@type\":\"Organization\",\"@id\":\"https:\\\/\\\/www.verasmile.com\\\/fr\\\/#organization\",\"name\":\"Vera Smile Dental Clinic\",\"url\":\"https:\\\/\\\/www.verasmile.com\\\/fr\\\/\",\"logo\":{\"@type\":\"ImageObject\",\"inLanguage\":\"fr-FR\",\"@id\":\"https:\\\/\\\/www.verasmile.com\\\/fr\\\/#\\\/schema\\\/logo\\\/image\\\/\",\"url\":\"https:\\\/\\\/www.verasmile.com\\\/wp-content\\\/uploads\\\/2026\\\/02\\\/Birles\u0327ik-Logo-scaled.png\",\"contentUrl\":\"https:\\\/\\\/www.verasmile.com\\\/wp-content\\\/uploads\\\/2026\\\/02\\\/Birles\u0327ik-Logo-scaled.png\",\"width\":2560,\"height\":244,\"caption\":\"Vera Smile Dental Clinic\"},\"image\":{\"@id\":\"https:\\\/\\\/www.verasmile.com\\\/fr\\\/#\\\/schema\\\/logo\\\/image\\\/\"},\"sameAs\":[\"https:\\\/\\\/www.facebook.com\\\/VeraSmileDental\\\/\",\"https:\\\/\\\/www.instagram.com\\\/verasmile.dental\\\/\"]}]}<\/script>\n<!-- \/ Yoast SEO Premium plugin. -->","yoast_head_json":{"title":"Remplacement de plusieurs dents\u00a0 - Vera Smile","description":"Le remplacement de plusieurs dents en Turquie pourrait \u00eatre le bon choix. Retrouver votre sourire gr\u00e2ce aux implants dentaires","robots":{"index":"index","follow":"follow","max-snippet":"max-snippet:-1","max-image-preview":"max-image-preview:large","max-video-preview":"max-video-preview:-1"},"canonical":"https:\/\/www.verasmile.com\/fr\/implants-dentaires\/remplacement-de-plusieurs-dents\/","og_locale":"fr_FR","og_type":"article","og_title":"Remplacement de plusieurs dents\u00a0","og_description":"Le remplacement de plusieurs dents en Turquie pourrait \u00eatre le bon choix. Retrouver votre sourire gr\u00e2ce aux implants dentaires","og_url":"https:\/\/www.verasmile.com\/fr\/implants-dentaires\/remplacement-de-plusieurs-dents\/","og_site_name":"Vera Smile","article_publisher":"https:\/\/www.facebook.com\/VeraSmileDental\/","article_modified_time":"2024-08-05T13:17:41+00:00","og_image":[{"width":1440,"height":800,"url":"https:\/\/www.verasmile.com\/wp-content\/uploads\/2024\/02\/multple-teeth-implant.webp","type":"image\/webp"}],"twitter_card":"summary_large_image","twitter_misc":{"Dur\u00e9e de lecture estim\u00e9e":"6 minutes"},"schema":{"@context":"https:\/\/schema.org","@graph":[{"@type":"WebPage","@id":"https:\/\/www.verasmile.com\/fr\/implants-dentaires\/remplacement-de-plusieurs-dents\/","url":"https:\/\/www.verasmile.com\/fr\/implants-dentaires\/remplacement-de-plusieurs-dents\/","name":"Remplacement de plusieurs dents\u00a0 - Vera Smile","isPartOf":{"@id":"https:\/\/www.verasmile.com\/fr\/#website"},"primaryImageOfPage":{"@id":"https:\/\/www.verasmile.com\/fr\/implants-dentaires\/remplacement-de-plusieurs-dents\/#primaryimage"},"image":{"@id":"https:\/\/www.verasmile.com\/fr\/implants-dentaires\/remplacement-de-plusieurs-dents\/#primaryimage"},"thumbnailUrl":"https:\/\/www.verasmile.com\/wp-content\/uploads\/2024\/02\/multple-teeth-implant.webp","datePublished":"2023-07-07T09:26:41+00:00","dateModified":"2024-08-05T13:17:41+00:00","description":"Le remplacement de plusieurs dents en Turquie pourrait \u00eatre le bon choix. Retrouver votre sourire gr\u00e2ce aux implants dentaires","breadcrumb":{"@id":"https:\/\/www.verasmile.com\/fr\/implants-dentaires\/remplacement-de-plusieurs-dents\/#breadcrumb"},"inLanguage":"fr-FR","potentialAction":[{"@type":"ReadAction","target":["https:\/\/www.verasmile.com\/fr\/implants-dentaires\/remplacement-de-plusieurs-dents\/"]}]},{"@type":"ImageObject","inLanguage":"fr-FR","@id":"https:\/\/www.verasmile.com\/fr\/implants-dentaires\/remplacement-de-plusieurs-dents\/#primaryimage","url":"https:\/\/www.verasmile.com\/wp-content\/uploads\/2024\/02\/multple-teeth-implant.webp","contentUrl":"https:\/\/www.verasmile.com\/wp-content\/uploads\/2024\/02\/multple-teeth-implant.webp","width":1440,"height":800,"caption":"Remplacement de plusieurs dents\u00a0"},{"@type":"BreadcrumbList","@id":"https:\/\/www.verasmile.com\/fr\/implants-dentaires\/remplacement-de-plusieurs-dents\/#breadcrumb","itemListElement":[{"@type":"ListItem","position":1,"name":"Accueil","item":"https:\/\/www.verasmile.com\/fr\/"},{"@type":"ListItem","position":2,"name":"Implants dentaires : types, proc\u00e9dure, co\u00fbt et soins postop\u00e9ratoires","item":"https:\/\/www.verasmile.com\/fr\/implants-dentaires\/"},{"@type":"ListItem","position":3,"name":"Remplacement de plusieurs dents\u00a0"}]},{"@type":"WebSite","@id":"https:\/\/www.verasmile.com\/fr\/#website","url":"https:\/\/www.verasmile.com\/fr\/","name":"Vera Smile Dental Clinic","description":"Dental Clinic in T\u00fcrkiye","publisher":{"@id":"https:\/\/www.verasmile.com\/fr\/#organization"},"potentialAction":[{"@type":"SearchAction","target":{"@type":"EntryPoint","urlTemplate":"https:\/\/www.verasmile.com\/fr\/?s={search_term_string}"},"query-input":{"@type":"PropertyValueSpecification","valueRequired":true,"valueName":"search_term_string"}}],"inLanguage":"fr-FR"},{"@type":"Organization","@id":"https:\/\/www.verasmile.com\/fr\/#organization","name":"Vera Smile Dental Clinic","url":"https:\/\/www.verasmile.com\/fr\/","logo":{"@type":"ImageObject","inLanguage":"fr-FR","@id":"https:\/\/www.verasmile.com\/fr\/#\/schema\/logo\/image\/","url":"https:\/\/www.verasmile.com\/wp-content\/uploads\/2026\/02\/Birles\u0327ik-Logo-scaled.png","contentUrl":"https:\/\/www.verasmile.com\/wp-content\/uploads\/2026\/02\/Birles\u0327ik-Logo-scaled.png","width":2560,"height":244,"caption":"Vera Smile Dental Clinic"},"image":{"@id":"https:\/\/www.verasmile.com\/fr\/#\/schema\/logo\/image\/"},"sameAs":["https:\/\/www.facebook.com\/VeraSmileDental\/","https:\/\/www.instagram.com\/verasmile.dental\/"]}]}},"_links":{"self":[{"href":"https:\/\/www.verasmile.com\/fr\/wp-json\/wp\/v2\/pages\/11600","targetHints":{"allow":["GET"]}}],"collection":[{"href":"https:\/\/www.verasmile.com\/fr\/wp-json\/wp\/v2\/pages"}],"about":[{"href":"https:\/\/www.verasmile.com\/fr\/wp-json\/wp\/v2\/types\/page"}],"author":[{"embeddable":true,"href":"https:\/\/www.verasmile.com\/fr\/wp-json\/wp\/v2\/users\/1"}],"replies":[{"embeddable":true,"href":"https:\/\/www.verasmile.com\/fr\/wp-json\/wp\/v2\/comments?post=11600"}],"version-history":[{"count":0,"href":"https:\/\/www.verasmile.com\/fr\/wp-json\/wp\/v2\/pages\/11600\/revisions"}],"up":[{"embeddable":true,"href":"https:\/\/www.verasmile.com\/fr\/wp-json\/wp\/v2\/pages\/11587"}],"wp:featuredmedia":[{"embeddable":true,"href":"https:\/\/www.verasmile.com\/fr\/wp-json\/wp\/v2\/media\/11604"}],"wp:attachment":[{"href":"https:\/\/www.verasmile.com\/fr\/wp-json\/wp\/v2\/media?parent=11600"}],"curies":[{"name":"wp","href":"https:\/\/api.w.org\/{rel}","templated":true}]}}