{"id":11616,"date":"2023-07-07T12:20:34","date_gmt":"2023-07-07T09:20:34","guid":{"rendered":"https:\/\/www.verasmile.com\/?page_id=11616"},"modified":"2025-05-19T12:42:40","modified_gmt":"2025-05-19T09:42:40","slug":"protheses-dentaires-partielles-et-completes-en-turquie","status":"publish","type":"page","link":"https:\/\/www.verasmile.com\/fr\/protheses-dentaires-partielles-et-completes-en-turquie\/","title":{"rendered":"Proth\u00e8ses dentaires partielles et compl\u00e8tes"},"content":{"rendered":"<div class=\"gb-container gb-container-93a0bc86\">\n<div class=\"gb-grid-wrapper gb-grid-wrapper-6232a014\">\n<div class=\"gb-grid-column gb-grid-column-141c614b\"><div class=\"gb-container gb-container-141c614b\">\n\n<p>La perte d&rsquo;une dent peut transformer le simple geste naturel de sourire en une source de g\u00eane et d&rsquo;inconfort. Vous commencez \u00e0 r\u00e9fl\u00e9chir \u00e0 deux fois avant de sourire ou m\u00eame de parler lorsque votre sourire est endommag\u00e9 d&rsquo;une mani\u00e8re ou d&rsquo;une autre. Qu&rsquo;elle soit due \u00e0 une carie, \u00e0 un traumatisme ou \u00e0 des facteurs li\u00e9s \u00e0 l&rsquo;\u00e2ge, l&rsquo;absence de dents affecte votre vie quotidienne et votre bien-\u00eatre \u00e0 long terme. Les proth\u00e8ses compl\u00e8tes et partielles font partie des traitements que nous envisageons pour nos patients ayant des dents manquantes, en particulier si, pour une raison ou une autre, ils ne peuvent pas recevoir d&rsquo;implants dentaires. Il s&rsquo;agit d&rsquo;appareils amovibles con\u00e7us pour remplacer les dents manquantes dans la m\u00e2choire sup\u00e9rieure, la m\u00e2choire inf\u00e9rieure ou les deux m\u00e2choires.<\/p>\n\n\n\n<h2 class=\"gb-headline gb-headline-2065268b gb-headline-text\"><strong>Qu&rsquo;est-ce qu&rsquo;une proth\u00e8se compl\u00e8te ou partielle ?<\/strong><\/h2>\n\n\n\n<p>Les proth\u00e8ses dentaires sont des proth\u00e8ses amovibles qui remplacent les dents manquantes et les tissus environnants. Il existe deux types de proth\u00e8ses : les proth\u00e8ses compl\u00e8tes et les proth\u00e8ses partielles. Qu&rsquo;il vous manque toutes vos dents ou seulement quelques-unes, ces proth\u00e8ses personnalis\u00e9es sont con\u00e7ues pour s&rsquo;adapter confortablement aux espaces vides et imiter l&rsquo;aspect naturel des dents.&nbsp;<\/p>\n\n\n\n<h3 class=\"gb-headline gb-headline-3da99d62 gb-headline-text\"><strong>Proth\u00e8ses compl\u00e8tes<\/strong><\/h3>\n\n\n\n<p>Il existe deux types de proth\u00e8ses compl\u00e8tes : les proth\u00e8ses conventionnelles et les proth\u00e8ses imm\u00e9diates. Dans le cas d&rsquo;une proth\u00e8se conventionnelle, nous enlevons les dents endommag\u00e9es, nous laissons le tissu gingival se cicatriser et nous mettons en place la proth\u00e8se, tout comme une proth\u00e8se imm\u00e9diate, mais avec une petite particularit\u00e9 : le processus d&rsquo;attente au milieu dure de huit \u00e0 douze semaines. Cependant, elles sont plus durables et plus confortables, ce qui vous donne une solution qui durera toute une vie.<\/p>\n\n\n\n<p>Les proth\u00e8ses imm\u00e9diates, en revanche, sont fabriqu\u00e9es \u00e0 l&rsquo;avance et peuvent \u00eatre mises en place d\u00e8s que les dents sont enlev\u00e9es. Gr\u00e2ce \u00e0 la proth\u00e8se dentaire imm\u00e9diate, vous ne serez pas \u00e9dent\u00e9 pendant la p\u00e9riode de cicatrisation. Mais nous devrons proc\u00e9der \u00e0 de nombreux ajustements pour les mettre en place correctement pendant le processus de cicatrisation, et nous ne les consid\u00e9rons que comme une solution temporaire en raison de leur nature.<\/p>\n\n\n\n<h3 class=\"gb-headline gb-headline-e0b7f582 gb-headline-text\"><strong>Proth\u00e8ses dentaires partielles<\/strong><\/h3>\n\n\n\n<p>Les proth\u00e8ses partielles sont des <a href=\"https:\/\/www.verasmile.com\/fr\/dentisterie-esthetique\/traitement-des-bridges-dentaires\/\">bridges dentaires<\/a> constitu\u00e9s de dents de remplacement fix\u00e9es \u00e0 une base en plastique de couleur gingivale reli\u00e9e \u00e0 une armature m\u00e9tallique. Ils sont utilis\u00e9s lorsqu&rsquo;il reste des dents naturelles ici et l\u00e0. Les proth\u00e8ses partielles comblent les espaces et emp\u00eachent les autres dents de se d\u00e9placer, de changer de position et \u00e9ventuellement de modifier la forme du visage.<\/p>\n\n\n<div class=\"gb-container gb-container-ae85ab7a\">\n\n<figure class=\"gb-block-image gb-block-image-47e2c2d6\"><img loading=\"lazy\" decoding=\"async\" width=\"1620\" height=\"1080\" class=\"gb-image gb-image-47e2c2d6\" src=\"https:\/\/www.verasmile.com\/wp-content\/uploads\/2024\/02\/a-denture-on-a-gypsum-base-in-the-hand-of-a-dentis-2023-11-27-05-10-40-utc-1.webp\" alt=\"Proth\u00e8ses dentaires partielles et compl\u00e8tes en Turquie\" title=\"a-denture-on-a-gypsum-base-in-the-hand-of-a-dentis-2023-11-27-05-10-40-utc-1\" srcset=\"https:\/\/www.verasmile.com\/wp-content\/uploads\/2024\/02\/a-denture-on-a-gypsum-base-in-the-hand-of-a-dentis-2023-11-27-05-10-40-utc-1.webp 1620w, https:\/\/www.verasmile.com\/wp-content\/uploads\/2024\/02\/a-denture-on-a-gypsum-base-in-the-hand-of-a-dentis-2023-11-27-05-10-40-utc-1-300x200.webp 300w, https:\/\/www.verasmile.com\/wp-content\/uploads\/2024\/02\/a-denture-on-a-gypsum-base-in-the-hand-of-a-dentis-2023-11-27-05-10-40-utc-1-1024x683.webp 1024w, https:\/\/www.verasmile.com\/wp-content\/uploads\/2024\/02\/a-denture-on-a-gypsum-base-in-the-hand-of-a-dentis-2023-11-27-05-10-40-utc-1-768x512.webp 768w, https:\/\/www.verasmile.com\/wp-content\/uploads\/2024\/02\/a-denture-on-a-gypsum-base-in-the-hand-of-a-dentis-2023-11-27-05-10-40-utc-1-1536x1024.webp 1536w\" sizes=\"auto, (max-width: 1620px) 100vw, 1620px\" \/><\/figure>\n\n<\/div>\n\n\n<h2 class=\"gb-headline gb-headline-aea3eb8b gb-headline-text\"><strong>Est-il pr\u00e9f\u00e9rable d&rsquo;opter pour des proth\u00e8ses compl\u00e8tes ou partielles ?<\/strong><\/h2>\n\n\n\n<p>L&rsquo;absence de dents n&rsquo;est pas une chose \u00e0 sous-estimer. Votre sant\u00e9 physique et psychologique peut \u00eatre gravement affect\u00e9e \u00e0 long terme. Pour \u00e9viter ces cons\u00e9quences n\u00e9gatives, vous devez prendre des mesures. En proc\u00e9dant \u00e0 un examen et \u00e0 une consultation avec notre \u00e9quipe, vous pouvez d\u00e9cider de la meilleure m\u00e9thode \u00e0 suivre dans votre cas.&nbsp;<\/p>\n\n\n\n<p>Les proth\u00e8ses compl\u00e8tes et partielles font partie des traitements que nous utilisons pour les dents manquantes. Nous choisissons g\u00e9n\u00e9ralement l&rsquo;une d&rsquo;entre elles en fonction de la situation du patient. Si vous avez une bonne sant\u00e9 bucco-dentaire et que vous n&rsquo;avez besoin de remplacer que quelques dents, nous opterons pour des proth\u00e8ses partielles. Cependant, si vous souffrez de <a href=\"https:\/\/www.verasmile.com\/fr\/implants-dentaires\/remplacement-de-plusieurs-dents\/\">plusieurs dents manquantes<\/a> et d&rsquo;une maladie des gencives, nous vous recommandons une proth\u00e8se compl\u00e8te.&nbsp;<\/p>\n\n\n\n<h2 class=\"gb-headline gb-headline-c354bc5e gb-headline-text\"><strong>Proc\u00e9dure de proth\u00e8se compl\u00e8te et partielle chez Vera Smile<\/strong><\/h2>\n\n\n\n<h3 class=\"gb-headline gb-headline-a96aef3e gb-headline-text\"><strong>Pr\u00e9-planification<\/strong><\/h3>\n\n\n\n<p>Apr\u00e8s votre consultation, nous \u00e9laborons un plan de traitement adapt\u00e9 \u00e0 votre cas. Ce plan peut subir quelques modifications mineures apr\u00e8s votre examen en personne \u00e0 la clinique.&nbsp;<\/p>\n\n\n\n<h3 class=\"gb-headline gb-headline-fec2a136 gb-headline-text\"><strong>Avant la proc\u00e9dure<\/strong><\/h3>\n\n\n\n<p>Nous vous pr\u00e9parons avec votre transport VIP et votre h\u00e9bergement. Lorsque vous arriverez \u00e0 la clinique, vous passerez un examen d\u00e9taill\u00e9 en personne afin de nous assurer que le plan que nous avons \u00e9labor\u00e9 est parfait pour vous. Nous d\u00e9cidons ensuite de tout ensemble, \u00e9tape par \u00e9tape, pour nous assurer que vous vous sentez \u00e0 l&rsquo;aise.<\/p>\n\n\n\n<h3 class=\"gb-headline gb-headline-54d42727 gb-headline-text\"><strong>Proc\u00e9dure<\/strong><\/h3>\n\n\n\n<p>Il existe diff\u00e9rents types de traitements dans le cadre de la proc\u00e9dure relative aux proth\u00e8ses dentaires compl\u00e8tes ou partielles. En fonction du traitement, votre processus peut \u00eatre diff\u00e9rent de celui des autres patients. Cependant, pour toutes les proth\u00e8ses compl\u00e8tes et partielles, nous devons prendre des mesures et des moulages pr\u00e9cis pour vos proth\u00e8ses personnalis\u00e9es. Des discussions auront lieu pour s&rsquo;assurer que la forme, la couleur et l&rsquo;ajustement sont corrects.&nbsp;<\/p>\n\n\n\n<h3 class=\"gb-headline gb-headline-4ec054a1 gb-headline-text\"><strong>Apr\u00e8s l&rsquo;intervention<\/strong><\/h3>\n\n\n\n<p>Apr\u00e8s l&rsquo;intervention, nous vous donnerons des instructions sur la fa\u00e7on de prendre soin de votre appareil dentaire et de maintenir une bonne sant\u00e9 bucco-dentaire.<\/p>\n\n\n\n<h2 class=\"gb-headline gb-headline-2fabf79d gb-headline-text\"><strong>Soins de suivi pour les proth\u00e8ses compl\u00e8tes et partielles<\/strong><\/h2>\n\n\n\n<p>Pendant les deux premiers jours, vous devez porter votre proth\u00e8se en permanence pour vous assurer que tout fonctionne bien. Apr\u00e8s cette phase, vous devez les laisser en place pendant la nuit pour permettre \u00e0 vos gencives de se reposer. Vous devez les nettoyer chaque semaine en les trempant dans un produit nettoyant. Si vous utilisez des proth\u00e8ses partielles, vous devez vous faire nettoyer les dents tous les trois mois, afin de conserver une bonne sant\u00e9 bucco-dentaire.&nbsp;<\/p>\n\n\n\n<h2 class=\"gb-headline gb-headline-df901538 gb-headline-text\"><strong>Combien co\u00fbtent les proth\u00e8ses dentaires ?<\/strong><\/h2>\n\n\n\n<p>En fonction de la qualit\u00e9 des proth\u00e8ses, les proth\u00e8ses compl\u00e8tes et partielles peuvent co\u00fbter entre 300 et 8000 dollars au Royaume-Uni et aux \u00c9tats-Unis. Oui, il s&rsquo;agit d&rsquo;une fourchette tr\u00e8s large, mais le traitement d\u00e9pend de nombreux facteurs qui nous emp\u00eachent de vous donner un prix pr\u00e9cis. Cependant, les proth\u00e8ses partielles et compl\u00e8tes de haute qualit\u00e9 seront toujours plus ch\u00e8res.&nbsp;<\/p>\n\n\n\n<p>Mais il n&rsquo;y a pas lieu de s&rsquo;inqui\u00e9ter : le tourisme dentaire est l\u00e0 pour vous. Gr\u00e2ce au tourisme dentaire, vous pouvez b\u00e9n\u00e9ficier d&rsquo;un traitement et d&rsquo;un voyage en Turquie pour le prix du premier traitement, voire moins. Le co\u00fbt des proth\u00e8ses dentaires en Turquie peut varier entre 400 et 2500 dollars, ce qui est beaucoup moins cher que dans d&rsquo;autres pays. Consultez notre page de prix pour avoir une id\u00e9e du co\u00fbt des proth\u00e8ses dentaires en Turquie. N&rsquo;h\u00e9sitez pas \u00e0 nous contacter pour obtenir une analyse compl\u00e8te des co\u00fbts sp\u00e9cifiques \u00e0 votre cas.\u00a0\u00a0<\/p>\n\n\n\n<h2 class=\"gb-headline gb-headline-9396b1f8 gb-headline-text\"><strong>Pourquoi Vera Smile ?<\/strong><\/h2>\n\n\n\n<p>Les traitements que nous proposons, les services que nous fournissons, nos installations de haute technologie et l&rsquo;\u00e9quipe formidable que nous avons constitu\u00e9e, tout est l\u00e0 pour que vous vous sentiez \u00e0 l&rsquo;aise et confiant avant, pendant et apr\u00e8s la proc\u00e9dure. Nous adaptons chaque plan de traitement aux besoins sp\u00e9cifiques de chaque patient. Il est important de s&rsquo;assurer que chaque patient re\u00e7oit la solution ad\u00e9quate et efficace \u00e0 son probl\u00e8me.<\/p>\n\n\n\n<p>Lorsque le tourisme dentaire est combin\u00e9 avec Vera Smile, vous pouvez \u00eatre s\u00fbr que vous obtiendrez le sourire de vos r\u00eaves tout en vivant une aventure passionnante \u00e0 l&rsquo;\u00e9tranger. \u00c0 Istanbul, en Turquie, l&rsquo;une des cl\u00e9s de vo\u00fbte du tourisme dans le monde, explorez l&rsquo;excellence avec Vera Smile.<\/p>\n\n\n\n<h2 class=\"gb-headline gb-headline-90710bf0 gb-headline-text\"><strong>FAQ<\/strong><\/h2>\n\n\n\n<h3 class=\"gb-headline gb-headline-5cc5fd9f gb-headline-text\"><strong>Est-ce que manger avec une nouvelle proth\u00e8se dentaire sera difficile ?<\/strong><\/h3>\n\n\n\n<p>Manger apr\u00e8s avoir re\u00e7u une nouvelle proth\u00e8se dentaire peut \u00eatre un peu inconfortable au d\u00e9but. Pour \u00eatre plus \u00e0 l&rsquo;aise avec votre nouvelle dentition, commencez par des liquides et des aliments mous coup\u00e9s en petits morceaux. Au fur et \u00e0 mesure que vous vous y habituez, revenez lentement \u00e0 votre r\u00e9gime alimentaire normal, mais \u00e9vitez toujours les aliments osseux, collants et durs.&nbsp;<\/p>\n\n\n\n<h3 class=\"gb-headline gb-headline-3b6a9186 gb-headline-text\"><strong>Les proth\u00e8ses dentaires vont-elles modifier ma fa\u00e7on de parler ?<\/strong><\/h3>\n\n\n\n<p>C&rsquo;est en pratiquant que l&rsquo;on devient parfait. Avec le temps, vous vous habituerez \u00e0 parler avec votre proth\u00e8se, et ce sera comme avant. Toutefois, si vous sentez que votre proth\u00e8se cliquette lorsque vous parlez ou qu&rsquo;elle est in\u00e9gale lorsque vous \u00eates immobile, vous devriez la faire v\u00e9rifier.&nbsp;<\/p>\n\n\n\n<h3 class=\"gb-headline gb-headline-942ef22f gb-headline-text\"><strong>Dois-je utiliser mes proth\u00e8ses dentaires en permanence ?<\/strong><\/h3>\n\n\n\n<p>Cela d\u00e9pend de votre cas, mais nous vous demanderons probablement de porter votre proth\u00e8se en permanence pendant les premiers jours afin de nous assurer que tout est exactement comme il faut. Une fois que nous nous sommes assur\u00e9s qu&rsquo;il n&rsquo;y a pas de probl\u00e8me, vous devriez commencer \u00e0 retirer votre proth\u00e8se avant d&rsquo;aller vous coucher, afin de permettre aux tissus gingivaux de se reposer.<\/p>\n\n<\/div><\/div>\n\n<div class=\"gb-grid-column gb-grid-column-9795dbe7\"><div class=\"gb-container gb-container-9795dbe7 contact-sticky\">\n\n<h4 class=\"gb-headline gb-headline-83925198 gb-headline-text\">Obtenez une consultation gratuite<\/h4>\n\n\n\n<script charset=\"utf-8\" type=\"text\/javascript\" src=\"\/\/js.hsforms.net\/forms\/embed\/v2.js\"><\/script>\n<script>\n  hbspt.forms.create({\n    region: \"na1\",\n    portalId: \"5077067\",\n    formId: \"97d6704d-8530-4a9d-a255-3a21099db1da\"\n  });\n<\/script>\n\n<\/div><\/div>\n<\/div>\n<\/div>","protected":false},"excerpt":{"rendered":"","protected":false},"author":1,"featured_media":11621,"parent":0,"menu_order":0,"comment_status":"closed","ping_status":"closed","template":"","meta":{"inline_featured_image":false,"footnotes":""},"class_list":{"0":"post-11616","1":"page","2":"type-page","3":"status-publish","4":"has-post-thumbnail","6":"resize-featured-image"},"lang":"fr","translations":{"en":1716,"it":11219,"fr":11616,"es":11888,"pt-pt":12117,"de":12413,"ar":13444,"tr":13767},"yoast_head":"<!-- This site is optimized with the Yoast SEO Premium plugin v27.4 (Yoast SEO v27.4) - https:\/\/yoast.com\/product\/yoast-seo-premium-wordpress\/ -->\n<title>Proth\u00e8ses dentaires partielles et compl\u00e8tes - Vera Smile<\/title>\n<meta name=\"description\" content=\"D\u00e9couvrez les avantages des proth\u00e8ses partielles et compl\u00e8tes pour les dents manquantes. Souriez en toute confiance gr\u00e2ce \u00e0 Vera Smile.\" \/>\n<meta name=\"robots\" content=\"index, follow, max-snippet:-1, max-image-preview:large, max-video-preview:-1\" \/>\n<link rel=\"canonical\" href=\"https:\/\/www.verasmile.com\/fr\/protheses-dentaires-partielles-et-completes-en-turquie\/\" \/>\n<meta property=\"og:locale\" content=\"fr_FR\" \/>\n<meta property=\"og:type\" content=\"article\" \/>\n<meta property=\"og:title\" content=\"Proth\u00e8ses dentaires partielles et compl\u00e8tes\" \/>\n<meta property=\"og:description\" content=\"D\u00e9couvrez les avantages des proth\u00e8ses partielles et compl\u00e8tes pour les dents manquantes. Souriez en toute confiance gr\u00e2ce \u00e0 Vera Smile.\" \/>\n<meta property=\"og:url\" content=\"https:\/\/www.verasmile.com\/fr\/protheses-dentaires-partielles-et-completes-en-turquie\/\" \/>\n<meta property=\"og:site_name\" content=\"Vera Smile\" \/>\n<meta property=\"article:publisher\" content=\"https:\/\/www.facebook.com\/VeraSmileDental\/\" \/>\n<meta property=\"article:modified_time\" content=\"2025-05-19T09:42:40+00:00\" \/>\n<meta property=\"og:image\" content=\"https:\/\/www.verasmile.com\/wp-content\/uploads\/2024\/02\/Partial-and-Complete-Dentures.webp\" \/>\n\t<meta property=\"og:image:width\" content=\"1440\" \/>\n\t<meta property=\"og:image:height\" content=\"800\" \/>\n\t<meta property=\"og:image:type\" content=\"image\/webp\" \/>\n<meta name=\"twitter:card\" content=\"summary_large_image\" \/>\n<meta name=\"twitter:label1\" content=\"Dur\u00e9e de lecture estim\u00e9e\" \/>\n\t<meta name=\"twitter:data1\" content=\"7 minutes\" \/>\n<script type=\"application\/ld+json\" class=\"yoast-schema-graph\">{\"@context\":\"https:\\\/\\\/schema.org\",\"@graph\":[{\"@type\":\"WebPage\",\"@id\":\"https:\\\/\\\/www.verasmile.com\\\/fr\\\/protheses-dentaires-partielles-et-completes-en-turquie\\\/\",\"url\":\"https:\\\/\\\/www.verasmile.com\\\/fr\\\/protheses-dentaires-partielles-et-completes-en-turquie\\\/\",\"name\":\"Proth\u00e8ses dentaires partielles et compl\u00e8tes - Vera Smile\",\"isPartOf\":{\"@id\":\"https:\\\/\\\/www.verasmile.com\\\/fr\\\/#website\"},\"primaryImageOfPage\":{\"@id\":\"https:\\\/\\\/www.verasmile.com\\\/fr\\\/protheses-dentaires-partielles-et-completes-en-turquie\\\/#primaryimage\"},\"image\":{\"@id\":\"https:\\\/\\\/www.verasmile.com\\\/fr\\\/protheses-dentaires-partielles-et-completes-en-turquie\\\/#primaryimage\"},\"thumbnailUrl\":\"https:\\\/\\\/www.verasmile.com\\\/wp-content\\\/uploads\\\/2024\\\/02\\\/Partial-and-Complete-Dentures.webp\",\"datePublished\":\"2023-07-07T09:20:34+00:00\",\"dateModified\":\"2025-05-19T09:42:40+00:00\",\"description\":\"D\u00e9couvrez les avantages des proth\u00e8ses partielles et compl\u00e8tes pour les dents manquantes. Souriez en toute confiance gr\u00e2ce \u00e0 Vera Smile.\",\"breadcrumb\":{\"@id\":\"https:\\\/\\\/www.verasmile.com\\\/fr\\\/protheses-dentaires-partielles-et-completes-en-turquie\\\/#breadcrumb\"},\"inLanguage\":\"fr-FR\",\"potentialAction\":[{\"@type\":\"ReadAction\",\"target\":[\"https:\\\/\\\/www.verasmile.com\\\/fr\\\/protheses-dentaires-partielles-et-completes-en-turquie\\\/\"]}]},{\"@type\":\"ImageObject\",\"inLanguage\":\"fr-FR\",\"@id\":\"https:\\\/\\\/www.verasmile.com\\\/fr\\\/protheses-dentaires-partielles-et-completes-en-turquie\\\/#primaryimage\",\"url\":\"https:\\\/\\\/www.verasmile.com\\\/wp-content\\\/uploads\\\/2024\\\/02\\\/Partial-and-Complete-Dentures.webp\",\"contentUrl\":\"https:\\\/\\\/www.verasmile.com\\\/wp-content\\\/uploads\\\/2024\\\/02\\\/Partial-and-Complete-Dentures.webp\",\"width\":1440,\"height\":800,\"caption\":\"Proth\u00e8ses dentaires partielles et compl\u00e8tes\"},{\"@type\":\"BreadcrumbList\",\"@id\":\"https:\\\/\\\/www.verasmile.com\\\/fr\\\/protheses-dentaires-partielles-et-completes-en-turquie\\\/#breadcrumb\",\"itemListElement\":[{\"@type\":\"ListItem\",\"position\":1,\"name\":\"Accueil\",\"item\":\"https:\\\/\\\/www.verasmile.com\\\/fr\\\/\"},{\"@type\":\"ListItem\",\"position\":2,\"name\":\"Proth\u00e8ses dentaires partielles et compl\u00e8tes\"}]},{\"@type\":\"WebSite\",\"@id\":\"https:\\\/\\\/www.verasmile.com\\\/fr\\\/#website\",\"url\":\"https:\\\/\\\/www.verasmile.com\\\/fr\\\/\",\"name\":\"Vera Smile Dental Clinic\",\"description\":\"Dental Clinic in T\u00fcrkiye\",\"publisher\":{\"@id\":\"https:\\\/\\\/www.verasmile.com\\\/fr\\\/#organization\"},\"potentialAction\":[{\"@type\":\"SearchAction\",\"target\":{\"@type\":\"EntryPoint\",\"urlTemplate\":\"https:\\\/\\\/www.verasmile.com\\\/fr\\\/?s={search_term_string}\"},\"query-input\":{\"@type\":\"PropertyValueSpecification\",\"valueRequired\":true,\"valueName\":\"search_term_string\"}}],\"inLanguage\":\"fr-FR\"},{\"@type\":\"Organization\",\"@id\":\"https:\\\/\\\/www.verasmile.com\\\/fr\\\/#organization\",\"name\":\"Vera Smile Dental Clinic\",\"url\":\"https:\\\/\\\/www.verasmile.com\\\/fr\\\/\",\"logo\":{\"@type\":\"ImageObject\",\"inLanguage\":\"fr-FR\",\"@id\":\"https:\\\/\\\/www.verasmile.com\\\/fr\\\/#\\\/schema\\\/logo\\\/image\\\/\",\"url\":\"https:\\\/\\\/www.verasmile.com\\\/wp-content\\\/uploads\\\/2026\\\/02\\\/Birles\u0327ik-Logo-scaled.png\",\"contentUrl\":\"https:\\\/\\\/www.verasmile.com\\\/wp-content\\\/uploads\\\/2026\\\/02\\\/Birles\u0327ik-Logo-scaled.png\",\"width\":2560,\"height\":244,\"caption\":\"Vera Smile Dental Clinic\"},\"image\":{\"@id\":\"https:\\\/\\\/www.verasmile.com\\\/fr\\\/#\\\/schema\\\/logo\\\/image\\\/\"},\"sameAs\":[\"https:\\\/\\\/www.facebook.com\\\/VeraSmileDental\\\/\",\"https:\\\/\\\/www.instagram.com\\\/verasmile.dental\\\/\"]}]}<\/script>\n<!-- \/ Yoast SEO Premium plugin. -->","yoast_head_json":{"title":"Proth\u00e8ses dentaires partielles et compl\u00e8tes - Vera Smile","description":"D\u00e9couvrez les avantages des proth\u00e8ses partielles et compl\u00e8tes pour les dents manquantes. Souriez en toute confiance gr\u00e2ce \u00e0 Vera Smile.","robots":{"index":"index","follow":"follow","max-snippet":"max-snippet:-1","max-image-preview":"max-image-preview:large","max-video-preview":"max-video-preview:-1"},"canonical":"https:\/\/www.verasmile.com\/fr\/protheses-dentaires-partielles-et-completes-en-turquie\/","og_locale":"fr_FR","og_type":"article","og_title":"Proth\u00e8ses dentaires partielles et compl\u00e8tes","og_description":"D\u00e9couvrez les avantages des proth\u00e8ses partielles et compl\u00e8tes pour les dents manquantes. Souriez en toute confiance gr\u00e2ce \u00e0 Vera Smile.","og_url":"https:\/\/www.verasmile.com\/fr\/protheses-dentaires-partielles-et-completes-en-turquie\/","og_site_name":"Vera Smile","article_publisher":"https:\/\/www.facebook.com\/VeraSmileDental\/","article_modified_time":"2025-05-19T09:42:40+00:00","og_image":[{"width":1440,"height":800,"url":"https:\/\/www.verasmile.com\/wp-content\/uploads\/2024\/02\/Partial-and-Complete-Dentures.webp","type":"image\/webp"}],"twitter_card":"summary_large_image","twitter_misc":{"Dur\u00e9e de lecture estim\u00e9e":"7 minutes"},"schema":{"@context":"https:\/\/schema.org","@graph":[{"@type":"WebPage","@id":"https:\/\/www.verasmile.com\/fr\/protheses-dentaires-partielles-et-completes-en-turquie\/","url":"https:\/\/www.verasmile.com\/fr\/protheses-dentaires-partielles-et-completes-en-turquie\/","name":"Proth\u00e8ses dentaires partielles et compl\u00e8tes - Vera Smile","isPartOf":{"@id":"https:\/\/www.verasmile.com\/fr\/#website"},"primaryImageOfPage":{"@id":"https:\/\/www.verasmile.com\/fr\/protheses-dentaires-partielles-et-completes-en-turquie\/#primaryimage"},"image":{"@id":"https:\/\/www.verasmile.com\/fr\/protheses-dentaires-partielles-et-completes-en-turquie\/#primaryimage"},"thumbnailUrl":"https:\/\/www.verasmile.com\/wp-content\/uploads\/2024\/02\/Partial-and-Complete-Dentures.webp","datePublished":"2023-07-07T09:20:34+00:00","dateModified":"2025-05-19T09:42:40+00:00","description":"D\u00e9couvrez les avantages des proth\u00e8ses partielles et compl\u00e8tes pour les dents manquantes. Souriez en toute confiance gr\u00e2ce \u00e0 Vera Smile.","breadcrumb":{"@id":"https:\/\/www.verasmile.com\/fr\/protheses-dentaires-partielles-et-completes-en-turquie\/#breadcrumb"},"inLanguage":"fr-FR","potentialAction":[{"@type":"ReadAction","target":["https:\/\/www.verasmile.com\/fr\/protheses-dentaires-partielles-et-completes-en-turquie\/"]}]},{"@type":"ImageObject","inLanguage":"fr-FR","@id":"https:\/\/www.verasmile.com\/fr\/protheses-dentaires-partielles-et-completes-en-turquie\/#primaryimage","url":"https:\/\/www.verasmile.com\/wp-content\/uploads\/2024\/02\/Partial-and-Complete-Dentures.webp","contentUrl":"https:\/\/www.verasmile.com\/wp-content\/uploads\/2024\/02\/Partial-and-Complete-Dentures.webp","width":1440,"height":800,"caption":"Proth\u00e8ses dentaires partielles et compl\u00e8tes"},{"@type":"BreadcrumbList","@id":"https:\/\/www.verasmile.com\/fr\/protheses-dentaires-partielles-et-completes-en-turquie\/#breadcrumb","itemListElement":[{"@type":"ListItem","position":1,"name":"Accueil","item":"https:\/\/www.verasmile.com\/fr\/"},{"@type":"ListItem","position":2,"name":"Proth\u00e8ses dentaires partielles et compl\u00e8tes"}]},{"@type":"WebSite","@id":"https:\/\/www.verasmile.com\/fr\/#website","url":"https:\/\/www.verasmile.com\/fr\/","name":"Vera Smile Dental Clinic","description":"Dental Clinic in T\u00fcrkiye","publisher":{"@id":"https:\/\/www.verasmile.com\/fr\/#organization"},"potentialAction":[{"@type":"SearchAction","target":{"@type":"EntryPoint","urlTemplate":"https:\/\/www.verasmile.com\/fr\/?s={search_term_string}"},"query-input":{"@type":"PropertyValueSpecification","valueRequired":true,"valueName":"search_term_string"}}],"inLanguage":"fr-FR"},{"@type":"Organization","@id":"https:\/\/www.verasmile.com\/fr\/#organization","name":"Vera Smile Dental Clinic","url":"https:\/\/www.verasmile.com\/fr\/","logo":{"@type":"ImageObject","inLanguage":"fr-FR","@id":"https:\/\/www.verasmile.com\/fr\/#\/schema\/logo\/image\/","url":"https:\/\/www.verasmile.com\/wp-content\/uploads\/2026\/02\/Birles\u0327ik-Logo-scaled.png","contentUrl":"https:\/\/www.verasmile.com\/wp-content\/uploads\/2026\/02\/Birles\u0327ik-Logo-scaled.png","width":2560,"height":244,"caption":"Vera Smile Dental Clinic"},"image":{"@id":"https:\/\/www.verasmile.com\/fr\/#\/schema\/logo\/image\/"},"sameAs":["https:\/\/www.facebook.com\/VeraSmileDental\/","https:\/\/www.instagram.com\/verasmile.dental\/"]}]}},"_links":{"self":[{"href":"https:\/\/www.verasmile.com\/fr\/wp-json\/wp\/v2\/pages\/11616","targetHints":{"allow":["GET"]}}],"collection":[{"href":"https:\/\/www.verasmile.com\/fr\/wp-json\/wp\/v2\/pages"}],"about":[{"href":"https:\/\/www.verasmile.com\/fr\/wp-json\/wp\/v2\/types\/page"}],"author":[{"embeddable":true,"href":"https:\/\/www.verasmile.com\/fr\/wp-json\/wp\/v2\/users\/1"}],"replies":[{"embeddable":true,"href":"https:\/\/www.verasmile.com\/fr\/wp-json\/wp\/v2\/comments?post=11616"}],"version-history":[{"count":1,"href":"https:\/\/www.verasmile.com\/fr\/wp-json\/wp\/v2\/pages\/11616\/revisions"}],"predecessor-version":[{"id":25980,"href":"https:\/\/www.verasmile.com\/fr\/wp-json\/wp\/v2\/pages\/11616\/revisions\/25980"}],"wp:featuredmedia":[{"embeddable":true,"href":"https:\/\/www.verasmile.com\/fr\/wp-json\/wp\/v2\/media\/11621"}],"wp:attachment":[{"href":"https:\/\/www.verasmile.com\/fr\/wp-json\/wp\/v2\/media?parent=11616"}],"curies":[{"name":"wp","href":"https:\/\/api.w.org\/{rel}","templated":true}]}}