{"id":11649,"date":"2023-07-07T12:52:52","date_gmt":"2023-07-07T09:52:52","guid":{"rendered":"https:\/\/www.verasmile.com\/?page_id=11649"},"modified":"2024-08-05T16:19:08","modified_gmt":"2024-08-05T13:19:08","slug":"botox-pour-sourire-gingival","status":"publish","type":"page","link":"https:\/\/www.verasmile.com\/fr\/botox-pour-sourire-gingival\/","title":{"rendered":"Botox pour sourire gingival"},"content":{"rendered":"<div class=\"gb-container gb-container-453dcd86\">\n<div class=\"gb-grid-wrapper gb-grid-wrapper-6232a014\">\n<div class=\"gb-grid-column gb-grid-column-141c614b\"><div class=\"gb-container gb-container-141c614b\">\n\n<p>Pour de nombreuses personnes, la l\u00e8vre sup\u00e9rieure peut \u00eatre un sujet de pr\u00e9occupation. C&rsquo;est souvent l&rsquo;une des premi\u00e8res zones \u00e0 montrer des signes de vieillissement et elle peut vous g\u00eaner lorsque vous parlez \u00e0 d&rsquo;autres personnes ou m\u00eame lorsque vous mangez. Heureusement, il existe aujourd&rsquo;hui une solution \u00e0 ce probl\u00e8me sous la forme des produits de comblement Juvederm Volbella ou Belotero Balance qui peuvent \u00eatre inject\u00e9s directement dans votre l\u00e8vre sup\u00e9rieure pour corriger ce probl\u00e8me rapidement et facilement avec peu de temps d&rsquo;arr\u00eat. Les r\u00e9sultats dureront jusqu&rsquo;\u00e0 deux ans, ce qui signifie que si vous souhaitez conserver vos r\u00e9sultats apr\u00e8s cette p\u00e9riode, nous pourrons toujours revenir \u00e0 n&rsquo;importe quel moment avant cette date !<\/p>\n\n\n\n<h2 class=\"gb-headline gb-headline-e75be495 gb-headline-text\"><strong>Qu&rsquo;est-ce qu&rsquo;un sourire gingival ?<\/strong><\/h2>\n\n\n\n<p>Le sourire gingival est un \u00e9tat dans lequel la l\u00e8vre sup\u00e9rieure est trop pleine, ce qui donne l&rsquo;impression que la personne sourit en permanence. Cela peut \u00eatre d\u00fb \u00e0 la g\u00e9n\u00e9tique ou au vieillissement.<\/p>\n\n\n\n<p>Elle peut \u00eatre trait\u00e9e \u00e0 l&rsquo;aide de produits de comblement ou d&rsquo;injections de Botox afin de r\u00e9duire la quantit\u00e9 de tissu facial qui constitue votre l\u00e8vre sup\u00e9rieure.<\/p>\n\n\n\n<h2 class=\"gb-headline gb-headline-30025e9f gb-headline-text\"><strong>Quelles sont les causes d&rsquo;un sourire gingival ?<\/strong><\/h2>\n\n\n\n<ul class=\"wp-block-list\">\n<li>Muscles hyperactifs. Il s&rsquo;agit de la cause la plus fr\u00e9quente d&rsquo;un sourire gingival, qui peut survenir chez n&rsquo;importe qui. Lorsque vous \u00eates d\u00e9tendu et que votre bouche est ouverte, vos l\u00e8vres doivent se d\u00e9tendre et pendre l\u00e9g\u00e8rement. Si ce n&rsquo;est pas le cas, c&rsquo;est que vous avez un muscle hyperactif qui les tire vers le haut pour former une l\u00e9g\u00e8re fronce ou un sourire.<\/li>\n\n\n\n<li>Manque de tonus musculaire. Certaines personnes sont n\u00e9es avec moins de tonus musculaire que d&rsquo;autres, ce qui signifie qu&rsquo;elles auront une peau plus l\u00e2che autour de leur visage &#8211; y compris leur l\u00e8vre sup\u00e9rieure &#8211; et qu&rsquo;elles seront donc plus affaiss\u00e9es lorsqu&rsquo;elles sourient ou rient (ou m\u00eame lorsqu&rsquo;elles parlent).<\/li>\n\n\n\n<li>Trop de tissu cutan\u00e9 au-dessus des dents sup\u00e9rieures (appel\u00e9 \u00ab supraclusion \u00bb). Cela peut \u00e9galement entra\u00eener un sourire gingival, car il y a alors plus d&rsquo;espace entre les dents et la l\u00e8vre inf\u00e9rieure qu&rsquo;en temps normal !<\/li>\n<\/ul>\n\n\n\n<h3 class=\"gb-headline gb-headline-c3962956 gb-headline-text\"><strong>Comment fonctionne la proc\u00e9dure ?<\/strong><\/h3>\n\n\n\n<p>L&rsquo;intervention est r\u00e9alis\u00e9e par un dentiste ou un chirurgien esth\u00e9tique, et l&rsquo;anesth\u00e9sie utilis\u00e9e d\u00e9pend de vos besoins individuels. La minuscule aiguille est ins\u00e9r\u00e9e dans la zone du sourire gingival, o\u00f9 elle d\u00e9livre un produit de comblement sous la peau pour ajouter du volume \u00e0 la l\u00e8vre sup\u00e9rieure. Ce mat\u00e9riau sera absorb\u00e9 par les tissus musculaires et vous donnera des r\u00e9sultats d&rsquo;apparence naturelle qui dureront jusqu&rsquo;\u00e0 2 ans !<\/p>\n\n\n\n<h3 class=\"gb-headline gb-headline-0e78d4bd gb-headline-text\"><strong>Y a-t-il un temps d&rsquo;arr\u00eat associ\u00e9 \u00e0 cette proc\u00e9dure ?<\/strong><\/h3>\n\n\n\n<ul class=\"wp-block-list\">\n<li>Il n&rsquo;y a pas de temps d&rsquo;arr\u00eat associ\u00e9 \u00e0 cette proc\u00e9dure.<\/li>\n\n\n\n<li>Il n&rsquo;y a pas de douleur ni de saignement, et il n&rsquo;y a pas de risque d&rsquo;infection.<\/li>\n\n\n\n<li>Nous n&rsquo;utilisons pas d&rsquo;aiguilles ni de produits injectables pendant le traitement. Il n&rsquo;y a donc pas de rougeur, de gonflement ou d&rsquo;ecchymoses apr\u00e8s le traitement.<\/li>\n<\/ul>\n\n\n\n<h2 class=\"gb-headline gb-headline-f1acb0c2 gb-headline-text\">Quels sont les avantages de cette proc\u00e9dure ?<\/h2>\n\n\n\n<ul class=\"wp-block-list\">\n<li>Un aspect plus naturel. Vous n&rsquo;aurez plus \u00e0 vous soucier de l&rsquo;aspect artificiel de votre sourire.<\/li>\n\n\n\n<li>Aucune intervention chirurgicale n&rsquo;est n\u00e9cessaire. Il n&rsquo;est pas n\u00e9cessaire de passer sous le bistouri et de subir une intervention invasive sur le visage, ce qui peut \u00eatre douloureux, co\u00fbteux et risqu\u00e9 dans certains cas.<\/li>\n\n\n\n<li>Pas de temps d&rsquo;arr\u00eat. Contrairement aux m\u00e9thodes traditionnelles pour se d\u00e9barrasser d&rsquo;un sourire gingival, ce traitement ne prend que quelques minutes et ne n\u00e9cessite aucune p\u00e9riode de convalescence ! Vous pouvez reprendre vos activit\u00e9s normales imm\u00e9diatement apr\u00e8s l&rsquo;intervention, sans les effets secondaires ou la douleur associ\u00e9s aux m\u00e9thodes traditionnelles telles que la chirurgie ou les injections de Botox (qui n\u00e9cessitent \u00e9galement une convalescence).<\/li>\n\n\n\n<li>Pas de cicatrices dues aux injections ! Comme aucune aiguille n&rsquo;est utilis\u00e9e pendant ce processus, aucune marque disgracieuse ne sera laiss\u00e9e \u00e0 la surface de la peau, ce qui signifie que personne ne saura jamais que vous avez re\u00e7u un traitement, \u00e0 moins qu&rsquo;ils ne soient t\u00e9moins de notre travail !<\/li>\n<\/ul>\n\n\n\n<p>Un sourire gingival peut \u00eatre tr\u00e8s embarrassant et faire croire qu\u2019une personne constamment, alors qu&rsquo;elle n&rsquo;est pas du tout heureuse. Heureusement, il existe aujourd&rsquo;hui une solution \u00e0 ce probl\u00e8me sous la forme des produits de comblement Juvederm Volbella ou Belotero Balance qui peuvent \u00eatre inject\u00e9s directement dans votre l\u00e8vre sup\u00e9rieure pour corriger ce probl\u00e8me rapidement et facilement avec peu de temps d&rsquo;arr\u00eat.<\/p>\n\n\n\n<p>La principale cause d&rsquo;un sourire gingival est un exc\u00e8s de peau ou de graisse autour de la bouche. La maladie peut \u00e9galement \u00eatre caus\u00e9e par le vieillissement ou la g\u00e9n\u00e9tique ; il est toutefois important de noter que le fait d&rsquo;en avoir une ne signifie pas que l&rsquo;on en d\u00e9veloppera automatiquement une autre plus tard dans la vie !<\/p>\n\n\n\n<p>Vous vous sentirez \u00e0 l&rsquo;aise car Vera Smile propose des proc\u00e9dures s\u00fbres utilisant uniquement des produits de la plus haute qualit\u00e9 \u00e0 des prix avantageux pour tous les visiteurs de toute l&rsquo;Europe, sans aucun probl\u00e8me de langue ou de diff\u00e9rence culturelle ! Vous trouverez plus d&rsquo;informations sur nos services sur notre site web www.verasmile.com ou posez-nous vos questions par e-mail info@verasmile.com.<\/p>\n\n\n\n<h2 class=\"gb-headline gb-headline-4c28fdc9 gb-headline-text\"><strong>Questions fr\u00e9quemment pos\u00e9es<\/strong><\/h2>\n\n\n\n<h3 class=\"gb-headline gb-headline-7c886ef0 gb-headline-text\"><strong><strong>Qu&rsquo;est-ce que le Botox pour sourire gingival ?<\/strong><\/strong><\/h3>\n\n\n\n<p>Le Botox pour sourire gingival est une proc\u00e9dure cosm\u00e9tique dans laquelle les injections de Botox sont utilis\u00e9es pour r\u00e9duire l&rsquo;apparence d&rsquo;un sourire gingival, c&rsquo;est-\u00e0-dire lorsque les gencives sont visibles lorsqu&rsquo;une personne sourit.<\/p>\n\n\n\n<h3 class=\"gb-headline gb-headline-1889d0b3 gb-headline-text\"><strong>Comment fonctionne le Botox pour sourire gingival ?<\/strong><\/h3>\n\n\n\n<p>Le Botox pour sourire gingival agit en relaxant les muscles qui contr\u00f4lent le mouvement de la l\u00e8vre sup\u00e9rieure, ce qui peut aider \u00e0 r\u00e9duire la quantit\u00e9 de tissu gingival visible lorsqu&rsquo;une personne sourit.<\/p>\n\n\n\n<h3 class=\"gb-headline gb-headline-0f158261 gb-headline-text\"><strong><strong>Le Botox pour sourire gingival est-il s\u00fbr ?<\/strong><\/strong><\/h3>\n\n\n\n<p>Oui, le Botox pour sourire gingival est g\u00e9n\u00e9ralement consid\u00e9r\u00e9 comme s\u00fbr lorsqu&rsquo;il est pratiqu\u00e9 par un professionnel de la sant\u00e9 form\u00e9 et exp\u00e9riment\u00e9.<\/p>\n\n\n\n<h3 class=\"gb-headline gb-headline-462bf3cb gb-headline-text\"><strong><strong><strong>Quels sont les avantages du Botox pour sourire gingival ?<\/strong><\/strong><\/strong><\/h3>\n\n\n\n<p>Les avantages du Botox pour sourire gingival peuvent inclure un sourire plus esth\u00e9tique, une meilleure confiance en soi et une option de traitement peu invasive.<\/p>\n\n\n\n<h3 class=\"gb-headline gb-headline-5626f406 gb-headline-text\"><strong><strong><strong>Quelle est la dur\u00e9e d&rsquo;action du Botox pour sourire gingival ?<\/strong><\/strong><\/strong><\/h3>\n\n\n\n<p>Les effets du Botox pour sourire gingival peuvent durer plusieurs mois, g\u00e9n\u00e9ralement de 3 \u00e0 6 mois.<\/p>\n\n\n\n<h3 class=\"gb-headline gb-headline-6c9a24c3 gb-headline-text\"><strong><strong><strong>Le Botox pour sourire gingival est-il douloureux ?<\/strong><\/strong><\/strong><\/h3>\n\n\n\n<p>La proc\u00e9dure n&rsquo;est g\u00e9n\u00e9ralement pas douloureuse, bien que certains patients puissent ressentir une l\u00e9g\u00e8re g\u00eane ou une l\u00e9g\u00e8re sensation de pincement pendant le processus d&rsquo;injection.<\/p>\n\n\n\n<h3 class=\"gb-headline gb-headline-7139372a gb-headline-text\"><strong><strong><strong><strong>Quel est le temps de r\u00e9cup\u00e9ration pour le Botox pour sourire gingival ?<\/strong><\/strong><\/strong><\/strong><\/h3>\n\n\n\n<p>Il n&rsquo;y a g\u00e9n\u00e9ralement pas de temps d&rsquo;arr\u00eat apr\u00e8s le traitement au Botox pour sourire gingival, et les patients peuvent reprendre leurs activit\u00e9s normales imm\u00e9diatement apr\u00e8s la proc\u00e9dure.<\/p>\n\n\n\n<h3 class=\"gb-headline gb-headline-11a36d92 gb-headline-text\"><strong><strong><strong><strong>Combien co\u00fbte le Botox pour sourire gingival en Turquie ?<\/strong><\/strong><\/strong><\/strong><\/h3>\n\n\n\n<p>Le co\u00fbt du Botox pour sourire gingival en Turquie peut varier en fonction du fournisseur et de l&rsquo;endroit, mais il est g\u00e9n\u00e9ralement moins cher que des proc\u00e9dures similaires dans d&rsquo;autres pays.<\/p>\n\n\n\n<h3 class=\"gb-headline gb-headline-1b772398 gb-headline-text\"><strong><strong><strong><strong>Qui est un bon candidat pour le Botox pour sourire gingival ?<\/strong><\/strong><\/strong><\/strong><\/h3>\n\n\n\n<p>Les bons candidats au Botox pour sourire gingival sont les personnes dont le tissu gingival est visible lorsqu&rsquo;elles sourient et qui recherchent une solution peu invasive pour am\u00e9liorer leur sourire.<\/p>\n\n\n\n<h3 class=\"gb-headline gb-headline-b88d8ea1 gb-headline-text\"><strong><strong><strong><strong>Y a-t-il des effets secondaires au Botox pour sourire gingival ?<\/strong><\/strong><\/strong><\/strong><\/h3>\n\n\n\n<p>Les effets secondaires possibles du Botox pour sourire gingival peuvent \u00eatre des ecchymoses, des gonflements ou des rougeurs temporaires au point d&rsquo;injection, mais ils disparaissent g\u00e9n\u00e9ralement au bout de quelques jours.<\/p>\n\n\n\n<h3 class=\"gb-headline gb-headline-2f8690c9 gb-headline-text\"><strong><strong><strong><strong>Combien de temps dure la proc\u00e9dure Botox pour sourire gingival ?<\/strong><\/strong><\/strong><\/strong><\/h3>\n\n\n\n<p>La proc\u00e9dure de Botox pour sourire gingival dure g\u00e9n\u00e9ralement de 10 \u00e0 15 minutes.<\/p>\n\n\n\n<h3 class=\"gb-headline gb-headline-6ff45f35 gb-headline-text\"><strong><strong><strong><strong>Le Botox pour sourire gingival peut-il \u00eatre combin\u00e9 avec d&rsquo;autres proc\u00e9dures esth\u00e9tiques ?<\/strong><\/strong><\/strong><\/strong><\/h3>\n\n\n\n<p>Oui, le Botox pour sourire gingival peut \u00eatre associ\u00e9 \u00e0 d&rsquo;autres proc\u00e9dures cosm\u00e9tiques, telles que le blanchiment des dents ou les facettes dentaires, afin d&rsquo;am\u00e9liorer encore l&rsquo;apparence du sourire.<\/p>\n\n\n\n<h3 class=\"gb-headline gb-headline-11e005a1 gb-headline-text\"><strong><strong><strong><strong>Le Botox pour sourire gingival est-il r\u00e9versible ?<\/strong><\/strong><\/strong><\/strong><\/h3>\n\n\n\n<p>Les effets du Botox pour sourire gingival sont temporaires et disparaissent naturellement avec le temps, mais il n&rsquo;y a aucun moyen d&rsquo;inverser les effets de l&rsquo;injection une fois qu&rsquo;elle a \u00e9t\u00e9 administr\u00e9e.<\/p>\n\n\n\n<h3 class=\"gb-headline gb-headline-604154e9 gb-headline-text\"><strong><strong><strong><strong>Comment puis-je trouver un fournisseur de Botox pour sourire gingival en Turquie ?<\/strong><\/strong><\/strong><\/strong><\/h3>\n\n\n\n<p>Il existe de nombreux prestataires r\u00e9put\u00e9s de Botox pour sourire gingival en Turquie. Vous pouvez rechercher en ligne des prestataires dans votre r\u00e9gion ou demander des recommandations \u00e0 des amis ou \u00e0 des membres de votre famille.<\/p>\n\n\n\n<h3 class=\"gb-headline gb-headline-32331047 gb-headline-text\"><strong><strong><strong><strong><strong>Une pr\u00e9paration sp\u00e9ciale est-elle n\u00e9cessaire pour le Botox pour sourire gingival ?<\/strong><\/strong><\/strong><\/strong><\/strong><\/h3>\n\n\n\n<p>Votre m\u00e9decin vous donnera des instructions sp\u00e9cifiques pour vous pr\u00e9parer \u00e0 la proc\u00e9dure de Botox pour sourire gingival, mais en g\u00e9n\u00e9ral, il n&rsquo;y a pas de pr\u00e9paration sp\u00e9ciale requise, si ce n&rsquo;est d&rsquo;\u00e9viter l&rsquo;alcool et les m\u00e9dicaments anticoagulants pendant quelques jours avant la proc\u00e9dure.<\/p>\n\n<\/div><\/div>\n\n<div class=\"gb-grid-column gb-grid-column-9795dbe7\"><div class=\"gb-container gb-container-9795dbe7 contact-sticky\">\n\n<h4 class=\"gb-headline gb-headline-83925198 gb-headline-text\">Obtenez une consultation gratuite<\/h4>\n\n\n\n<script charset=\"utf-8\" type=\"text\/javascript\" src=\"\/\/js.hsforms.net\/forms\/embed\/v2.js\"><\/script>\n<script>\n  hbspt.forms.create({\n    region: \"na1\",\n    portalId: \"5077067\",\n    formId: \"97d6704d-8530-4a9d-a255-3a21099db1da\"\n  });\n<\/script>\n\n<\/div><\/div>\n<\/div>\n<\/div>","protected":false},"excerpt":{"rendered":"","protected":false},"author":1,"featured_media":11652,"parent":0,"menu_order":0,"comment_status":"closed","ping_status":"closed","template":"","meta":{"inline_featured_image":false,"footnotes":""},"class_list":{"0":"post-11649","1":"page","2":"type-page","3":"status-publish","4":"has-post-thumbnail","6":"resize-featured-image"},"lang":"fr","translations":{"en":1744,"it":11232,"fr":11649,"es":11900,"pt-pt":12128,"de":12446,"ar":13326,"tr":13829},"yoast_head":"<!-- This site is optimized with the Yoast SEO Premium plugin v27.4 (Yoast SEO v27.4) - https:\/\/yoast.com\/product\/yoast-seo-premium-wordpress\/ -->\n<title>Botox pour sourire gingival - Vera Smile<\/title>\n<meta name=\"description\" content=\"D\u00e9barrassez-vous de votre sourire gingival avec le Botox pour sourire gingival en Turquie. Trouvez toutes les informations dont vous avez besoin sur Vera Smile. R\u00e9servez une consultation gratuite.\" \/>\n<meta name=\"robots\" content=\"index, follow, max-snippet:-1, max-image-preview:large, max-video-preview:-1\" \/>\n<link rel=\"canonical\" href=\"https:\/\/www.verasmile.com\/fr\/botox-pour-sourire-gingival\/\" \/>\n<meta property=\"og:locale\" content=\"fr_FR\" \/>\n<meta property=\"og:type\" content=\"article\" \/>\n<meta property=\"og:title\" content=\"Botox pour sourire gingival\" \/>\n<meta property=\"og:description\" content=\"D\u00e9barrassez-vous de votre sourire gingival avec le Botox pour sourire gingival en Turquie. Trouvez toutes les informations dont vous avez besoin sur Vera Smile. R\u00e9servez une consultation gratuite.\" \/>\n<meta property=\"og:url\" content=\"https:\/\/www.verasmile.com\/fr\/botox-pour-sourire-gingival\/\" \/>\n<meta property=\"og:site_name\" content=\"Vera Smile\" \/>\n<meta property=\"article:publisher\" content=\"https:\/\/www.facebook.com\/VeraSmileDental\/\" \/>\n<meta property=\"article:modified_time\" content=\"2024-08-05T13:19:08+00:00\" \/>\n<meta property=\"og:image\" content=\"https:\/\/www.verasmile.com\/wp-content\/uploads\/2024\/02\/Gummy-Smile-Botox.webp\" \/>\n\t<meta property=\"og:image:width\" content=\"1440\" \/>\n\t<meta property=\"og:image:height\" content=\"800\" \/>\n\t<meta property=\"og:image:type\" content=\"image\/webp\" \/>\n<meta name=\"twitter:card\" content=\"summary_large_image\" \/>\n<meta name=\"twitter:label1\" content=\"Dur\u00e9e de lecture estim\u00e9e\" \/>\n\t<meta name=\"twitter:data1\" content=\"7 minutes\" \/>\n<script type=\"application\/ld+json\" class=\"yoast-schema-graph\">{\"@context\":\"https:\\\/\\\/schema.org\",\"@graph\":[{\"@type\":\"WebPage\",\"@id\":\"https:\\\/\\\/www.verasmile.com\\\/fr\\\/botox-pour-sourire-gingival\\\/\",\"url\":\"https:\\\/\\\/www.verasmile.com\\\/fr\\\/botox-pour-sourire-gingival\\\/\",\"name\":\"Botox pour sourire gingival - Vera Smile\",\"isPartOf\":{\"@id\":\"https:\\\/\\\/www.verasmile.com\\\/fr\\\/#website\"},\"primaryImageOfPage\":{\"@id\":\"https:\\\/\\\/www.verasmile.com\\\/fr\\\/botox-pour-sourire-gingival\\\/#primaryimage\"},\"image\":{\"@id\":\"https:\\\/\\\/www.verasmile.com\\\/fr\\\/botox-pour-sourire-gingival\\\/#primaryimage\"},\"thumbnailUrl\":\"https:\\\/\\\/www.verasmile.com\\\/wp-content\\\/uploads\\\/2024\\\/02\\\/Gummy-Smile-Botox.webp\",\"datePublished\":\"2023-07-07T09:52:52+00:00\",\"dateModified\":\"2024-08-05T13:19:08+00:00\",\"description\":\"D\u00e9barrassez-vous de votre sourire gingival avec le Botox pour sourire gingival en Turquie. Trouvez toutes les informations dont vous avez besoin sur Vera Smile. R\u00e9servez une consultation gratuite.\",\"breadcrumb\":{\"@id\":\"https:\\\/\\\/www.verasmile.com\\\/fr\\\/botox-pour-sourire-gingival\\\/#breadcrumb\"},\"inLanguage\":\"fr-FR\",\"potentialAction\":[{\"@type\":\"ReadAction\",\"target\":[\"https:\\\/\\\/www.verasmile.com\\\/fr\\\/botox-pour-sourire-gingival\\\/\"]}]},{\"@type\":\"ImageObject\",\"inLanguage\":\"fr-FR\",\"@id\":\"https:\\\/\\\/www.verasmile.com\\\/fr\\\/botox-pour-sourire-gingival\\\/#primaryimage\",\"url\":\"https:\\\/\\\/www.verasmile.com\\\/wp-content\\\/uploads\\\/2024\\\/02\\\/Gummy-Smile-Botox.webp\",\"contentUrl\":\"https:\\\/\\\/www.verasmile.com\\\/wp-content\\\/uploads\\\/2024\\\/02\\\/Gummy-Smile-Botox.webp\",\"width\":1440,\"height\":800,\"caption\":\"\u0627\u0644\u0627\u0628\u062a\u0633\u0627\u0645\u0629 \u0627\u0644\u0644\u062b\u0648\u064a\u0629\"},{\"@type\":\"BreadcrumbList\",\"@id\":\"https:\\\/\\\/www.verasmile.com\\\/fr\\\/botox-pour-sourire-gingival\\\/#breadcrumb\",\"itemListElement\":[{\"@type\":\"ListItem\",\"position\":1,\"name\":\"Accueil\",\"item\":\"https:\\\/\\\/www.verasmile.com\\\/fr\\\/\"},{\"@type\":\"ListItem\",\"position\":2,\"name\":\"Botox pour sourire gingival\"}]},{\"@type\":\"WebSite\",\"@id\":\"https:\\\/\\\/www.verasmile.com\\\/fr\\\/#website\",\"url\":\"https:\\\/\\\/www.verasmile.com\\\/fr\\\/\",\"name\":\"Vera Smile Dental Clinic\",\"description\":\"Dental Clinic in T\u00fcrkiye\",\"publisher\":{\"@id\":\"https:\\\/\\\/www.verasmile.com\\\/fr\\\/#organization\"},\"potentialAction\":[{\"@type\":\"SearchAction\",\"target\":{\"@type\":\"EntryPoint\",\"urlTemplate\":\"https:\\\/\\\/www.verasmile.com\\\/fr\\\/?s={search_term_string}\"},\"query-input\":{\"@type\":\"PropertyValueSpecification\",\"valueRequired\":true,\"valueName\":\"search_term_string\"}}],\"inLanguage\":\"fr-FR\"},{\"@type\":\"Organization\",\"@id\":\"https:\\\/\\\/www.verasmile.com\\\/fr\\\/#organization\",\"name\":\"Vera Smile Dental Clinic\",\"url\":\"https:\\\/\\\/www.verasmile.com\\\/fr\\\/\",\"logo\":{\"@type\":\"ImageObject\",\"inLanguage\":\"fr-FR\",\"@id\":\"https:\\\/\\\/www.verasmile.com\\\/fr\\\/#\\\/schema\\\/logo\\\/image\\\/\",\"url\":\"https:\\\/\\\/www.verasmile.com\\\/wp-content\\\/uploads\\\/2026\\\/02\\\/Birles\u0327ik-Logo-scaled.png\",\"contentUrl\":\"https:\\\/\\\/www.verasmile.com\\\/wp-content\\\/uploads\\\/2026\\\/02\\\/Birles\u0327ik-Logo-scaled.png\",\"width\":2560,\"height\":244,\"caption\":\"Vera Smile Dental Clinic\"},\"image\":{\"@id\":\"https:\\\/\\\/www.verasmile.com\\\/fr\\\/#\\\/schema\\\/logo\\\/image\\\/\"},\"sameAs\":[\"https:\\\/\\\/www.facebook.com\\\/VeraSmileDental\\\/\",\"https:\\\/\\\/www.instagram.com\\\/verasmile.dental\\\/\"]}]}<\/script>\n<!-- \/ Yoast SEO Premium plugin. -->","yoast_head_json":{"title":"Botox pour sourire gingival - Vera Smile","description":"D\u00e9barrassez-vous de votre sourire gingival avec le Botox pour sourire gingival en Turquie. Trouvez toutes les informations dont vous avez besoin sur Vera Smile. R\u00e9servez une consultation gratuite.","robots":{"index":"index","follow":"follow","max-snippet":"max-snippet:-1","max-image-preview":"max-image-preview:large","max-video-preview":"max-video-preview:-1"},"canonical":"https:\/\/www.verasmile.com\/fr\/botox-pour-sourire-gingival\/","og_locale":"fr_FR","og_type":"article","og_title":"Botox pour sourire gingival","og_description":"D\u00e9barrassez-vous de votre sourire gingival avec le Botox pour sourire gingival en Turquie. Trouvez toutes les informations dont vous avez besoin sur Vera Smile. R\u00e9servez une consultation gratuite.","og_url":"https:\/\/www.verasmile.com\/fr\/botox-pour-sourire-gingival\/","og_site_name":"Vera Smile","article_publisher":"https:\/\/www.facebook.com\/VeraSmileDental\/","article_modified_time":"2024-08-05T13:19:08+00:00","og_image":[{"width":1440,"height":800,"url":"https:\/\/www.verasmile.com\/wp-content\/uploads\/2024\/02\/Gummy-Smile-Botox.webp","type":"image\/webp"}],"twitter_card":"summary_large_image","twitter_misc":{"Dur\u00e9e de lecture estim\u00e9e":"7 minutes"},"schema":{"@context":"https:\/\/schema.org","@graph":[{"@type":"WebPage","@id":"https:\/\/www.verasmile.com\/fr\/botox-pour-sourire-gingival\/","url":"https:\/\/www.verasmile.com\/fr\/botox-pour-sourire-gingival\/","name":"Botox pour sourire gingival - Vera Smile","isPartOf":{"@id":"https:\/\/www.verasmile.com\/fr\/#website"},"primaryImageOfPage":{"@id":"https:\/\/www.verasmile.com\/fr\/botox-pour-sourire-gingival\/#primaryimage"},"image":{"@id":"https:\/\/www.verasmile.com\/fr\/botox-pour-sourire-gingival\/#primaryimage"},"thumbnailUrl":"https:\/\/www.verasmile.com\/wp-content\/uploads\/2024\/02\/Gummy-Smile-Botox.webp","datePublished":"2023-07-07T09:52:52+00:00","dateModified":"2024-08-05T13:19:08+00:00","description":"D\u00e9barrassez-vous de votre sourire gingival avec le Botox pour sourire gingival en Turquie. Trouvez toutes les informations dont vous avez besoin sur Vera Smile. R\u00e9servez une consultation gratuite.","breadcrumb":{"@id":"https:\/\/www.verasmile.com\/fr\/botox-pour-sourire-gingival\/#breadcrumb"},"inLanguage":"fr-FR","potentialAction":[{"@type":"ReadAction","target":["https:\/\/www.verasmile.com\/fr\/botox-pour-sourire-gingival\/"]}]},{"@type":"ImageObject","inLanguage":"fr-FR","@id":"https:\/\/www.verasmile.com\/fr\/botox-pour-sourire-gingival\/#primaryimage","url":"https:\/\/www.verasmile.com\/wp-content\/uploads\/2024\/02\/Gummy-Smile-Botox.webp","contentUrl":"https:\/\/www.verasmile.com\/wp-content\/uploads\/2024\/02\/Gummy-Smile-Botox.webp","width":1440,"height":800,"caption":"\u0627\u0644\u0627\u0628\u062a\u0633\u0627\u0645\u0629 \u0627\u0644\u0644\u062b\u0648\u064a\u0629"},{"@type":"BreadcrumbList","@id":"https:\/\/www.verasmile.com\/fr\/botox-pour-sourire-gingival\/#breadcrumb","itemListElement":[{"@type":"ListItem","position":1,"name":"Accueil","item":"https:\/\/www.verasmile.com\/fr\/"},{"@type":"ListItem","position":2,"name":"Botox pour sourire gingival"}]},{"@type":"WebSite","@id":"https:\/\/www.verasmile.com\/fr\/#website","url":"https:\/\/www.verasmile.com\/fr\/","name":"Vera Smile Dental Clinic","description":"Dental Clinic in T\u00fcrkiye","publisher":{"@id":"https:\/\/www.verasmile.com\/fr\/#organization"},"potentialAction":[{"@type":"SearchAction","target":{"@type":"EntryPoint","urlTemplate":"https:\/\/www.verasmile.com\/fr\/?s={search_term_string}"},"query-input":{"@type":"PropertyValueSpecification","valueRequired":true,"valueName":"search_term_string"}}],"inLanguage":"fr-FR"},{"@type":"Organization","@id":"https:\/\/www.verasmile.com\/fr\/#organization","name":"Vera Smile Dental Clinic","url":"https:\/\/www.verasmile.com\/fr\/","logo":{"@type":"ImageObject","inLanguage":"fr-FR","@id":"https:\/\/www.verasmile.com\/fr\/#\/schema\/logo\/image\/","url":"https:\/\/www.verasmile.com\/wp-content\/uploads\/2026\/02\/Birles\u0327ik-Logo-scaled.png","contentUrl":"https:\/\/www.verasmile.com\/wp-content\/uploads\/2026\/02\/Birles\u0327ik-Logo-scaled.png","width":2560,"height":244,"caption":"Vera Smile Dental Clinic"},"image":{"@id":"https:\/\/www.verasmile.com\/fr\/#\/schema\/logo\/image\/"},"sameAs":["https:\/\/www.facebook.com\/VeraSmileDental\/","https:\/\/www.instagram.com\/verasmile.dental\/"]}]}},"_links":{"self":[{"href":"https:\/\/www.verasmile.com\/fr\/wp-json\/wp\/v2\/pages\/11649","targetHints":{"allow":["GET"]}}],"collection":[{"href":"https:\/\/www.verasmile.com\/fr\/wp-json\/wp\/v2\/pages"}],"about":[{"href":"https:\/\/www.verasmile.com\/fr\/wp-json\/wp\/v2\/types\/page"}],"author":[{"embeddable":true,"href":"https:\/\/www.verasmile.com\/fr\/wp-json\/wp\/v2\/users\/1"}],"replies":[{"embeddable":true,"href":"https:\/\/www.verasmile.com\/fr\/wp-json\/wp\/v2\/comments?post=11649"}],"version-history":[{"count":0,"href":"https:\/\/www.verasmile.com\/fr\/wp-json\/wp\/v2\/pages\/11649\/revisions"}],"wp:featuredmedia":[{"embeddable":true,"href":"https:\/\/www.verasmile.com\/fr\/wp-json\/wp\/v2\/media\/11652"}],"wp:attachment":[{"href":"https:\/\/www.verasmile.com\/fr\/wp-json\/wp\/v2\/media?parent=11649"}],"curies":[{"name":"wp","href":"https:\/\/api.w.org\/{rel}","templated":true}]}}