{"id":12867,"date":"2023-07-07T12:47:26","date_gmt":"2023-07-07T09:47:26","guid":{"rendered":"https:\/\/www.verasmile.com\/?page_id=12867"},"modified":"2024-08-05T16:18:29","modified_gmt":"2024-08-05T13:18:29","slug":"dentisterie-au-laser","status":"publish","type":"page","link":"https:\/\/www.verasmile.com\/fr\/dentisterie-au-laser\/","title":{"rendered":"Dentisterie au laser"},"content":{"rendered":"<div class=\"gb-container gb-container-74041874\">\n<div class=\"gb-grid-wrapper gb-grid-wrapper-6232a014\">\n<div class=\"gb-grid-column gb-grid-column-141c614b\"><div class=\"gb-container gb-container-141c614b\">\n\n<p>La technologie laser est utilis\u00e9e dans le domaine m\u00e9dical depuis les ann\u00e9es 1960. Il a commenc\u00e9 \u00e0 \u00eatre utilis\u00e9 dans le monde dentaire vers 1989. Gr\u00e2ce \u00e0 l&rsquo;exactitude et \u00e0 la pr\u00e9cision offertes par la dentisterie au laser, nous avons pu diversifier nos options de traitement dentaire et mieux soigner les gens. Il nous a permis de prodiguer des soins de meilleure qualit\u00e9 et plus rapidement qu&rsquo;avec des forets et d&rsquo;autres outils dentaires traditionnels sans laser.&nbsp;<\/p>\n\n\n\n<h2 class=\"gb-headline gb-headline-9af12520 gb-headline-text\"><strong><strong>Qu&rsquo;est-ce que la dentisterie au laser ?<\/strong><\/strong><\/h2>\n\n\n\n<p>Gr\u00e2ce \u00e0 l&rsquo;impact transformateur de la technologie laser dans le domaine de la dentisterie, nous pouvons offrir \u00e0 nos patients pr\u00e9cision, confort et efficacit\u00e9. Gr\u00e2ce \u00e0 un faisceau concentr\u00e9 d&rsquo;\u00e9nergie lumineuse, nos dentistes qualifi\u00e9s et exp\u00e9riment\u00e9s peuvent se d\u00e9barrasser du probl\u00e8me avec un minimum d&rsquo;inconfort tout au long du processus.&nbsp;<\/p>\n\n\n\n<h2 class=\"gb-headline gb-headline-539917ca gb-headline-text\"><strong><strong>Types de dentisterie au laser<\/strong><\/strong><\/h2>\n\n\n\n<p>Il existe quatre principaux types de laser en dentisterie. Cette cat\u00e9gorisation se fait en fonction des proc\u00e9d\u00e9s que nous utilisons pour les utiliser :<\/p>\n\n\n\n<ol class=\"wp-block-list\">\n<li>Le milieu d\u2019\u00e9mission : Gaz ou solide<\/li>\n\n\n\n<li>Applicabilit\u00e9 aux tissus<\/li>\n\n\n\n<li>Lasers pour tissus durs ou mous<\/li>\n\n\n\n<li>Gamme de longueur d&rsquo;onde<\/li>\n<\/ol>\n\n\n\n<p>Les lasers qui vous int\u00e9ressent dans ce cas sont les lasers pour tissus durs ou mous. Alors que les lasers pour tissus durs sont utilis\u00e9s pour couper les dents et fa\u00e7onner l&rsquo;os pour des traitements tels que l&rsquo;\u00e9limination des caries, les lasers pour tissus mous sont utilis\u00e9s pour le traitement des gencives et m\u00eame pour des proc\u00e9dures telles que le blanchiment des dents.<\/p>\n\n\n\n<p>La dentisterie au laser pour les tissus durs offre une exp\u00e9rience confortable et pr\u00e9serve la structure saine des dents. La dentisterie au laser pour les tissus mous, quant \u00e0 elle, favorise une cicatrisation plus rapide et minimise le risque d&rsquo;infection.<\/p>\n\n\n\n<h2 class=\"gb-headline gb-headline-059907f6 gb-headline-text\"><strong><strong>Proc\u00e9dure de dentisterie au laser chez Vera Smile<\/strong><\/strong><\/h2>\n\n\n\n<h3 class=\"gb-headline gb-headline-f4d3d52b gb-headline-text\"><strong><strong>Pr\u00e9-planification<\/strong><\/strong><\/h3>\n\n\n\n<p>Apr\u00e8s avoir pris contact avec nous, vous participez \u00e0 une consultation gratuite en ligne afin de d\u00e9terminer le type de traitement dont vous avez besoin pour votre cas et si la dentisterie au laser sera utilis\u00e9e. Lorsque nous avons convenu d&rsquo;un plan de traitement, nous vous pr\u00e9parons \u00e0 votre voyage en organisant le transport, l&rsquo;h\u00e9bergement et des services suppl\u00e9mentaires tels que la traduction. Ces dispositions feront partie de votre plan de traitement\/paquet.&nbsp;<\/p>\n\n\n\n<h3 class=\"gb-headline gb-headline-4d9849d9 gb-headline-text\"><strong><strong>Avant la proc\u00e9dure<\/strong><\/strong><\/h3>\n\n\n\n<p>La dentisterie au laser est utilis\u00e9e pour une vari\u00e9t\u00e9 de traitements tels que :<\/p>\n\n\n\n<ul class=\"wp-block-list\">\n<li><strong>Traitement des caries :<\/strong> Nous pouvons utiliser la dentisterie au laser pour d\u00e9tecter les premiers signes de carie et les sceller.&nbsp;<\/li>\n\n\n\n<li><strong>Traitement de l&rsquo;hypersensibilit\u00e9 : <\/strong>gr\u00e2ce \u00e0 la dentisterie au laser, nous pouvons sceller les tubules sur la racine de la dent et \u00e9liminer l&rsquo;hypersensibilit\u00e9 au chaud et au froid.&nbsp;<\/li>\n\n\n\n<li><strong>Traitement des maladies des gencives :<\/strong> \u00c0 l&rsquo;aide de lasers, nous pouvons ajuster le tissu gingival associ\u00e9 \u00e0 un \u00ab sourire gingival \u00bb, o\u00f9 la longueur excessive de la gencive recouvre une partie importante de la dent.<\/li>\n\n\n\n<li><strong>\u00c9limination de l\u00e9sions :<\/strong> Nous pouvons utiliser des lasers pour enlever des l\u00e9sions, sans avoir recours \u00e0 des sutures.&nbsp;<\/li>\n\n\n\n<li><strong>Blanchiment des dents :<\/strong> Le laser nous permet d&rsquo;acc\u00e9l\u00e9rer le processus de blanchiment des dents.&nbsp;<\/li>\n\n\n\n<li><strong>Traitement du frein de la langue : <\/strong>Les personnes souffrant d&rsquo;un frein \u00e9pais ou serr\u00e9, le repli de peau situ\u00e9 sous la partie ant\u00e9rieure de la langue qui s&rsquo;attache au plancher de la bouche, peuvent trouver un soulagement gr\u00e2ce \u00e0 une fr\u00e9nectomie au laser. Cette proc\u00e9dure permet d&rsquo;aider les enfants qui rencontrent des difficult\u00e9s telles que le blocage de la langue, des probl\u00e8mes d&rsquo;allaitement ou des troubles de la parole en raison d&rsquo;un frein restreint.<\/li>\n<\/ul>\n\n\n\n<p>Pour \u00eatre s\u00fbr du traitement, nous effectuons des tests et une consultation en personne. Nous actualisons votre plan de traitement si n\u00e9cessaire, afin d&rsquo;obtenir les r\u00e9sultats souhait\u00e9s.&nbsp;<\/p>\n\n\n\n<h3 class=\"gb-headline gb-headline-9e963eb2 gb-headline-text\"><strong><strong>Proc\u00e9dure<\/strong><\/strong><\/h3>\n\n\n\n<p>Le traitement au laser est un traitement tr\u00e8s simple. Il n&rsquo;y aura pas de forage ou de choses similaires qui auraient pu vous faire \u00e9viter une visite chez le dentiste auparavant. La proc\u00e9dure est indolore, quelle que soit la raison pour laquelle nous vous traitons.<\/p>\n\n\n\n<h3 class=\"gb-headline gb-headline-f92805e0 gb-headline-text\"><strong><strong>Apr\u00e8s l&rsquo;intervention<\/strong><\/strong><\/h3>\n\n\n\n<p>Les traitements au laser pr\u00e9sentent moins de risques d&rsquo;infection ou de douleur apr\u00e8s la proc\u00e9dure. Il vous suffit de suivre nos conseils pour surmonter plus facilement le processus de gu\u00e9rison. Toutefois, si vous souffrez d&rsquo;un gonflement important et d&rsquo;une douleur qui ne dispara\u00eet pas, vous devez prendre contact avec nous pour faire v\u00e9rifier votre \u00e9tat.<\/p>\n\n\n\n<h2 class=\"gb-headline gb-headline-011689fe gb-headline-text\"><strong><strong>Combien co\u00fbte la dentisterie au laser ?<\/strong><\/strong><\/h2>\n\n\n\n<p>\u00c9tant donn\u00e9 que la dentisterie au laser traite plus d&rsquo;un probl\u00e8me, il est difficile de d\u00e9terminer le co\u00fbt exact du traitement. N\u00e9anmoins, nous pouvons dire que le prix varie entre 200 et 1500 dollars, tant aux \u00c9tats-Unis qu&rsquo;au Royaume-Uni. Dans le cas d&rsquo;op\u00e9rations de grande envergure, le co\u00fbt peut s&rsquo;\u00e9lever \u00e0 plusieurs milliers de dollars. Il varie \u00e9galement en fonction de votre \u00e9tat, de vos besoins, de votre couverture d&rsquo;assurance et de la comp\u00e9tence de votre dentiste.<\/p>\n\n\n\n<p>Comme vous pouvez le pr\u00e9voir, le co\u00fbt de la dentisterie au laser dans le monde du <a href=\"https:\/\/www.verasmile.com\/fr\/lessor-du-tourisme-medical-turquie\/\">tourisme dentaire<\/a> est beaucoup moins \u00e9lev\u00e9 qu&rsquo;aux \u00c9tats-Unis et au Royaume-Uni. Le tourisme dentaire offre une chance aux personnes qui ne veulent pas payer trop cher pour des traitements dentaires. La Turquie est l&rsquo;une des stars du tourisme dentaire, qui permet aux patients de b\u00e9n\u00e9ficier d&rsquo;un traitement dentaire cinq \u00e9toiles utilisant la dentisterie au laser, accompagn\u00e9 d&rsquo;un voyage de r\u00eave \u00e0 l&rsquo;\u00e9tranger.&nbsp;<\/p>\n\n\n\n<h2 class=\"gb-headline gb-headline-0a28132f gb-headline-text\"><strong><strong>Pourquoi Vera Smile ?&nbsp;<\/strong><\/strong><\/h2>\n\n\n\n<p>Le tourisme dentaire est un terme qui fait peur, quoi qu&rsquo;il en soit. Si aller chez le dentiste est quelque chose de stressant pour certains d&rsquo;entre nous, aller chez le dentiste d&rsquo;un autre pays qui parle une autre langue doit \u00eatre un nouveau niveau de stress et d&rsquo;inqui\u00e9tude. Mais il n&rsquo;est pas n\u00e9cessaire qu&rsquo;il en soit ainsi.&nbsp;<\/p>\n\n\n\n<p>Nous rendons le processus confortable pour vous en offrant une chance de traitement personnalis\u00e9 dans un environnement chaleureux. Chez Vera Smile, nous pensons que chaque sourire est unique et doit \u00eatre trait\u00e9 en cons\u00e9quence. Nous <a href=\"https:\/\/www.verasmile.com\/fr\/dentisterie-esthetique\/conception-numerique-du-sourire\/\">concevons votre sourire<\/a> pour qu&rsquo;il corresponde \u00e0 votre esth\u00e9tique et qu&rsquo;il s&rsquo;harmonise avec vos traits. Chaque traitement est personnalis\u00e9 et con\u00e7u sp\u00e9cialement pour votre cas. Nous vous pr\u00e9parons avec tout ce dont vous avez besoin pour un traitement dentaire \u00e0 l&rsquo;\u00e9tranger, afin que vous ne pensiez qu&rsquo;\u00e0 votre apparence en rentrant chez vous !<\/p>\n\n\n\n<p>Vera Smile, sous le ciel \u00e9tincelant d&rsquo;Istanbul, vous emm\u00e8ne \u00e0 bord d&rsquo;un voyage transformateur con\u00e7u sp\u00e9cialement pour vous. Contactez-nous et laissez notre \u00e9quipe s&rsquo;occuper du reste.<\/p>\n\n\n\n<h2 class=\"gb-headline gb-headline-a96ac834 gb-headline-text\"><strong>FAQ<\/strong><\/h2>\n\n\n\n<h3 class=\"gb-headline gb-headline-a652dede gb-headline-text\"><strong><strong>Quels sont les inconv\u00e9nients de la dentisterie au laser ?<\/strong><\/strong><\/h3>\n\n\n\n<p>La dentisterie au laser est g\u00e9n\u00e9ralement plus co\u00fbteuse que les autres traitements dentaires. Malgr\u00e9 ces avantages, tous les traitements ne peuvent pas \u00eatre pr\u00e9c\u00e9d\u00e9s d&rsquo;une dentisterie au laser. En outre, si votre cas n\u00e9cessite une combinaison de plusieurs traitements, il se peut que nous devions encore avoir recours au forage, \u00e0 l&rsquo;anesth\u00e9sie et \u00e0 d&rsquo;autres moyens pour mener \u00e0 bien le processus.<\/p>\n\n\n\n<h3 class=\"gb-headline gb-headline-df37aedb gb-headline-text\"><strong><strong>Le nettoyage dentaire au laser en vaut-il la peine ?<\/strong><\/strong><\/h3>\n\n\n\n<p>Le nettoyage dentaire au laser est une solution tr\u00e8s efficace pour restaurer la sant\u00e9 des gencives et minimiser le risque de graves probl\u00e8mes de sant\u00e9 bucco-dentaire.<\/p>\n\n\n\n<h3 class=\"gb-headline gb-headline-ed99915c gb-headline-text\"><strong><strong>\u00c0 quoi sert la dentisterie au laser ?<\/strong><\/strong><\/h3>\n\n\n\n<p>Les lasers sont parfaits pour les traitements dentaires tels que le blanchiment des dents, les plombages, les maladies des gencives, la sensibilit\u00e9 des dents, la r\u00e9paration des tissus, etc. Nous examinerons votre cas et discuterons du meilleur traitement laser pour r\u00e9soudre vos probl\u00e8mes. Selon le plan que nous \u00e9laborons ensuite, vous pouvez b\u00e9n\u00e9ficier d&rsquo;un traitement dentaire au laser pour plusieurs probl\u00e8mes !<\/p>\n\n\n\n<h3 class=\"gb-headline gb-headline-b5d3b31b gb-headline-text\"><strong><strong>La dentisterie au laser est-elle couverte par une mutuelle ?<\/strong><\/strong><\/h3>\n\n\n\n<p>Si certaines mutuelles couvrent les traitements de dentisterie au laser, elles ne le font que pour la proc\u00e9dure elle-m\u00eame si elle n&rsquo;entre pas dans la cat\u00e9gorie de la dentisterie esth\u00e9tique. Par exemple, la mutuelle peut prendre en charge l&rsquo;obturation d&rsquo;une carie au laser, mais si vous souhaitez obtenir un blanchiment des dents au laser, vous devez payer vous-m\u00eame la proc\u00e9dure.<\/p>\n\n\n\n<h3 class=\"gb-headline gb-headline-5da44d5c gb-headline-text\"><strong>Quels sont les avantages de la dentisterie au laser ?<\/strong><\/h3>\n\n\n\n<p>La dentisterie au laser peut \u00eatre moins douloureuse que les m\u00e9thodes traditionnelles, et elle peut \u00e9galement r\u00e9duire les saignements et les gonflements, favoriser une cicatrisation plus rapide et fournir des r\u00e9sultats plus pr\u00e9cis.<\/p>\n\n\n\n<h3 class=\"gb-headline gb-headline-6178acd9 gb-headline-text\"><strong>La dentisterie au laser est-elle s\u00fbre ?<\/strong><\/h3>\n\n\n\n<p>Oui, la dentisterie au laser est g\u00e9n\u00e9ralement consid\u00e9r\u00e9e comme s\u00fbre lorsqu&rsquo;elle est pratiqu\u00e9e par un dentiste form\u00e9 et exp\u00e9riment\u00e9.<\/p>\n\n\n\n<h3 class=\"gb-headline gb-headline-8013c32b gb-headline-text\"><strong>Une pr\u00e9paration sp\u00e9ciale est-elle n\u00e9cessaire pour les proc\u00e9dures dentaires au laser ?<\/strong><\/h3>\n\n\n\n<p>Votre dentiste vous fournira des instructions sp\u00e9cifiques pour vous pr\u00e9parer \u00e0 l&rsquo;intervention dentaire au laser, mais en g\u00e9n\u00e9ral, vous devrez \u00e9viter de manger ou de boire pendant un certain temps avant l&rsquo;intervention.<\/p>\n\n\n\n<h3 class=\"gb-headline gb-headline-cb757b24 gb-headline-text\"><strong>La dentisterie au laser est-elle douloureuse ?<\/strong><\/h3>\n\n\n\n<p>La dentisterie au laser est g\u00e9n\u00e9ralement moins douloureuse que les m\u00e9thodes traditionnelles, mais il se peut que vous ressentiez une certaine g\u00eane pendant ou apr\u00e8s l&rsquo;intervention.<\/p>\n\n\n\n<h3 class=\"gb-headline gb-headline-3076f701 gb-headline-text\"><strong>Combien de temps faut-il pour se remettre d&rsquo;une intervention dentaire au laser ?<\/strong><\/h3>\n\n\n\n<p>Le temps de r\u00e9cup\u00e9ration peut varier en fonction de la proc\u00e9dure sp\u00e9cifique, mais en g\u00e9n\u00e9ral, les proc\u00e9dures dentaires au laser ont un temps de r\u00e9cup\u00e9ration plus court que les m\u00e9thodes traditionnelles.<\/p>\n\n\n\n<h3 class=\"gb-headline gb-headline-f8c1ee8d gb-headline-text\"><strong>O\u00f9 puis-je trouver un dentiste qui pratique la dentisterie au laser en Turquie ?<\/strong><\/h3>\n\n\n\n<p>De nombreux dentistes en Turquie proposent des services de dentisterie au laser. Vous pouvez rechercher en ligne des dentistes sp\u00e9cialis\u00e9s dans la dentisterie au laser dans votre r\u00e9gion ou demander des recommandations \u00e0 des amis ou \u00e0 des membres de votre famille qui ont subi des interventions dentaires au laser. Lisez notre guide sur <a href=\"https:\/\/www.verasmile.com\/fr\/guide-complet-pour-trouver-des-cliniques-dentaires-fiables-en-turquie\/\">la fa\u00e7on de choisir la meilleure clinique dentaire en Turquie<\/a>.<\/p>\n\n<\/div><\/div>\n\n<div class=\"gb-grid-column gb-grid-column-9795dbe7\"><div class=\"gb-container gb-container-9795dbe7 contact-sticky\">\n\n<h4 class=\"gb-headline gb-headline-83925198 gb-headline-text\"><strong>Obtenez une consultation gratuite<\/strong><\/h4>\n\n\n\n<script charset=\"utf-8\" type=\"text\/javascript\" src=\"\/\/js.hsforms.net\/forms\/embed\/v2.js\"><\/script>\n<script>\n  hbspt.forms.create({\n    region: \"na1\",\n    portalId: \"5077067\",\n    formId: \"97d6704d-8530-4a9d-a255-3a21099db1da\"\n  });\n<\/script>\n\n<\/div><\/div>\n<\/div>\n<\/div>","protected":false},"excerpt":{"rendered":"","protected":false},"author":1,"featured_media":12870,"parent":0,"menu_order":0,"comment_status":"closed","ping_status":"closed","template":"","meta":{"inline_featured_image":false,"footnotes":""},"class_list":{"0":"post-12867","1":"page","2":"type-page","3":"status-publish","4":"has-post-thumbnail","6":"resize-featured-image"},"lang":"fr","translations":{"en":1740,"fr":12867,"pt-pt":12910,"es":12944,"de":12964,"it":13102,"ar":13173,"tr":13773},"yoast_head":"<!-- This site is optimized with the Yoast SEO Premium plugin v27.4 (Yoast SEO v27.4) - https:\/\/yoast.com\/product\/yoast-seo-premium-wordpress\/ -->\n<title>Dentisterie au laser - Vera Smile<\/title>\n<meta name=\"description\" content=\"D\u00e9couvrez les avantages de la dentisterie au laser chez Vera Smile : des traitements pr\u00e9cis et confortables pour toutes conditions dentaires\" \/>\n<meta name=\"robots\" content=\"index, follow, max-snippet:-1, max-image-preview:large, max-video-preview:-1\" \/>\n<link rel=\"canonical\" href=\"https:\/\/www.verasmile.com\/fr\/dentisterie-au-laser\/\" \/>\n<meta property=\"og:locale\" content=\"fr_FR\" \/>\n<meta property=\"og:type\" content=\"article\" \/>\n<meta property=\"og:title\" content=\"Dentisterie au laser\" \/>\n<meta property=\"og:description\" content=\"D\u00e9couvrez les avantages de la dentisterie au laser chez Vera Smile : des traitements pr\u00e9cis et confortables pour toutes conditions dentaires\" \/>\n<meta property=\"og:url\" content=\"https:\/\/www.verasmile.com\/fr\/dentisterie-au-laser\/\" \/>\n<meta property=\"og:site_name\" content=\"Vera Smile\" \/>\n<meta property=\"article:publisher\" content=\"https:\/\/www.facebook.com\/VeraSmileDental\/\" \/>\n<meta property=\"article:modified_time\" content=\"2024-08-05T13:18:29+00:00\" \/>\n<meta property=\"og:image\" content=\"https:\/\/www.verasmile.com\/wp-content\/uploads\/2024\/02\/Laser-Dentistry.webp\" \/>\n\t<meta property=\"og:image:width\" content=\"1440\" \/>\n\t<meta property=\"og:image:height\" content=\"800\" \/>\n\t<meta property=\"og:image:type\" content=\"image\/webp\" \/>\n<meta name=\"twitter:card\" content=\"summary_large_image\" \/>\n<meta name=\"twitter:label1\" content=\"Dur\u00e9e de lecture estim\u00e9e\" \/>\n\t<meta name=\"twitter:data1\" content=\"7 minutes\" \/>\n<script type=\"application\/ld+json\" class=\"yoast-schema-graph\">{\"@context\":\"https:\\\/\\\/schema.org\",\"@graph\":[{\"@type\":\"WebPage\",\"@id\":\"https:\\\/\\\/www.verasmile.com\\\/fr\\\/dentisterie-au-laser\\\/\",\"url\":\"https:\\\/\\\/www.verasmile.com\\\/fr\\\/dentisterie-au-laser\\\/\",\"name\":\"Dentisterie au laser - Vera Smile\",\"isPartOf\":{\"@id\":\"https:\\\/\\\/www.verasmile.com\\\/fr\\\/#website\"},\"primaryImageOfPage\":{\"@id\":\"https:\\\/\\\/www.verasmile.com\\\/fr\\\/dentisterie-au-laser\\\/#primaryimage\"},\"image\":{\"@id\":\"https:\\\/\\\/www.verasmile.com\\\/fr\\\/dentisterie-au-laser\\\/#primaryimage\"},\"thumbnailUrl\":\"https:\\\/\\\/www.verasmile.com\\\/wp-content\\\/uploads\\\/2024\\\/02\\\/Laser-Dentistry.webp\",\"datePublished\":\"2023-07-07T09:47:26+00:00\",\"dateModified\":\"2024-08-05T13:18:29+00:00\",\"description\":\"D\u00e9couvrez les avantages de la dentisterie au laser chez Vera Smile : des traitements pr\u00e9cis et confortables pour toutes conditions dentaires\",\"breadcrumb\":{\"@id\":\"https:\\\/\\\/www.verasmile.com\\\/fr\\\/dentisterie-au-laser\\\/#breadcrumb\"},\"inLanguage\":\"fr-FR\",\"potentialAction\":[{\"@type\":\"ReadAction\",\"target\":[\"https:\\\/\\\/www.verasmile.com\\\/fr\\\/dentisterie-au-laser\\\/\"]}]},{\"@type\":\"ImageObject\",\"inLanguage\":\"fr-FR\",\"@id\":\"https:\\\/\\\/www.verasmile.com\\\/fr\\\/dentisterie-au-laser\\\/#primaryimage\",\"url\":\"https:\\\/\\\/www.verasmile.com\\\/wp-content\\\/uploads\\\/2024\\\/02\\\/Laser-Dentistry.webp\",\"contentUrl\":\"https:\\\/\\\/www.verasmile.com\\\/wp-content\\\/uploads\\\/2024\\\/02\\\/Laser-Dentistry.webp\",\"width\":1440,\"height\":800,\"caption\":\"Dentisterie au laser\"},{\"@type\":\"BreadcrumbList\",\"@id\":\"https:\\\/\\\/www.verasmile.com\\\/fr\\\/dentisterie-au-laser\\\/#breadcrumb\",\"itemListElement\":[{\"@type\":\"ListItem\",\"position\":1,\"name\":\"Accueil\",\"item\":\"https:\\\/\\\/www.verasmile.com\\\/fr\\\/\"},{\"@type\":\"ListItem\",\"position\":2,\"name\":\"Dentisterie au laser\"}]},{\"@type\":\"WebSite\",\"@id\":\"https:\\\/\\\/www.verasmile.com\\\/fr\\\/#website\",\"url\":\"https:\\\/\\\/www.verasmile.com\\\/fr\\\/\",\"name\":\"Vera Smile Dental Clinic\",\"description\":\"Dental Clinic in T\u00fcrkiye\",\"publisher\":{\"@id\":\"https:\\\/\\\/www.verasmile.com\\\/fr\\\/#organization\"},\"potentialAction\":[{\"@type\":\"SearchAction\",\"target\":{\"@type\":\"EntryPoint\",\"urlTemplate\":\"https:\\\/\\\/www.verasmile.com\\\/fr\\\/?s={search_term_string}\"},\"query-input\":{\"@type\":\"PropertyValueSpecification\",\"valueRequired\":true,\"valueName\":\"search_term_string\"}}],\"inLanguage\":\"fr-FR\"},{\"@type\":\"Organization\",\"@id\":\"https:\\\/\\\/www.verasmile.com\\\/fr\\\/#organization\",\"name\":\"Vera Smile Dental Clinic\",\"url\":\"https:\\\/\\\/www.verasmile.com\\\/fr\\\/\",\"logo\":{\"@type\":\"ImageObject\",\"inLanguage\":\"fr-FR\",\"@id\":\"https:\\\/\\\/www.verasmile.com\\\/fr\\\/#\\\/schema\\\/logo\\\/image\\\/\",\"url\":\"https:\\\/\\\/www.verasmile.com\\\/wp-content\\\/uploads\\\/2026\\\/02\\\/Birles\u0327ik-Logo-scaled.png\",\"contentUrl\":\"https:\\\/\\\/www.verasmile.com\\\/wp-content\\\/uploads\\\/2026\\\/02\\\/Birles\u0327ik-Logo-scaled.png\",\"width\":2560,\"height\":244,\"caption\":\"Vera Smile Dental Clinic\"},\"image\":{\"@id\":\"https:\\\/\\\/www.verasmile.com\\\/fr\\\/#\\\/schema\\\/logo\\\/image\\\/\"},\"sameAs\":[\"https:\\\/\\\/www.facebook.com\\\/VeraSmileDental\\\/\",\"https:\\\/\\\/www.instagram.com\\\/verasmile.dental\\\/\"]}]}<\/script>\n<!-- \/ Yoast SEO Premium plugin. -->","yoast_head_json":{"title":"Dentisterie au laser - Vera Smile","description":"D\u00e9couvrez les avantages de la dentisterie au laser chez Vera Smile : des traitements pr\u00e9cis et confortables pour toutes conditions dentaires","robots":{"index":"index","follow":"follow","max-snippet":"max-snippet:-1","max-image-preview":"max-image-preview:large","max-video-preview":"max-video-preview:-1"},"canonical":"https:\/\/www.verasmile.com\/fr\/dentisterie-au-laser\/","og_locale":"fr_FR","og_type":"article","og_title":"Dentisterie au laser","og_description":"D\u00e9couvrez les avantages de la dentisterie au laser chez Vera Smile : des traitements pr\u00e9cis et confortables pour toutes conditions dentaires","og_url":"https:\/\/www.verasmile.com\/fr\/dentisterie-au-laser\/","og_site_name":"Vera Smile","article_publisher":"https:\/\/www.facebook.com\/VeraSmileDental\/","article_modified_time":"2024-08-05T13:18:29+00:00","og_image":[{"width":1440,"height":800,"url":"https:\/\/www.verasmile.com\/wp-content\/uploads\/2024\/02\/Laser-Dentistry.webp","type":"image\/webp"}],"twitter_card":"summary_large_image","twitter_misc":{"Dur\u00e9e de lecture estim\u00e9e":"7 minutes"},"schema":{"@context":"https:\/\/schema.org","@graph":[{"@type":"WebPage","@id":"https:\/\/www.verasmile.com\/fr\/dentisterie-au-laser\/","url":"https:\/\/www.verasmile.com\/fr\/dentisterie-au-laser\/","name":"Dentisterie au laser - Vera Smile","isPartOf":{"@id":"https:\/\/www.verasmile.com\/fr\/#website"},"primaryImageOfPage":{"@id":"https:\/\/www.verasmile.com\/fr\/dentisterie-au-laser\/#primaryimage"},"image":{"@id":"https:\/\/www.verasmile.com\/fr\/dentisterie-au-laser\/#primaryimage"},"thumbnailUrl":"https:\/\/www.verasmile.com\/wp-content\/uploads\/2024\/02\/Laser-Dentistry.webp","datePublished":"2023-07-07T09:47:26+00:00","dateModified":"2024-08-05T13:18:29+00:00","description":"D\u00e9couvrez les avantages de la dentisterie au laser chez Vera Smile : des traitements pr\u00e9cis et confortables pour toutes conditions dentaires","breadcrumb":{"@id":"https:\/\/www.verasmile.com\/fr\/dentisterie-au-laser\/#breadcrumb"},"inLanguage":"fr-FR","potentialAction":[{"@type":"ReadAction","target":["https:\/\/www.verasmile.com\/fr\/dentisterie-au-laser\/"]}]},{"@type":"ImageObject","inLanguage":"fr-FR","@id":"https:\/\/www.verasmile.com\/fr\/dentisterie-au-laser\/#primaryimage","url":"https:\/\/www.verasmile.com\/wp-content\/uploads\/2024\/02\/Laser-Dentistry.webp","contentUrl":"https:\/\/www.verasmile.com\/wp-content\/uploads\/2024\/02\/Laser-Dentistry.webp","width":1440,"height":800,"caption":"Dentisterie au laser"},{"@type":"BreadcrumbList","@id":"https:\/\/www.verasmile.com\/fr\/dentisterie-au-laser\/#breadcrumb","itemListElement":[{"@type":"ListItem","position":1,"name":"Accueil","item":"https:\/\/www.verasmile.com\/fr\/"},{"@type":"ListItem","position":2,"name":"Dentisterie au laser"}]},{"@type":"WebSite","@id":"https:\/\/www.verasmile.com\/fr\/#website","url":"https:\/\/www.verasmile.com\/fr\/","name":"Vera Smile Dental Clinic","description":"Dental Clinic in T\u00fcrkiye","publisher":{"@id":"https:\/\/www.verasmile.com\/fr\/#organization"},"potentialAction":[{"@type":"SearchAction","target":{"@type":"EntryPoint","urlTemplate":"https:\/\/www.verasmile.com\/fr\/?s={search_term_string}"},"query-input":{"@type":"PropertyValueSpecification","valueRequired":true,"valueName":"search_term_string"}}],"inLanguage":"fr-FR"},{"@type":"Organization","@id":"https:\/\/www.verasmile.com\/fr\/#organization","name":"Vera Smile Dental Clinic","url":"https:\/\/www.verasmile.com\/fr\/","logo":{"@type":"ImageObject","inLanguage":"fr-FR","@id":"https:\/\/www.verasmile.com\/fr\/#\/schema\/logo\/image\/","url":"https:\/\/www.verasmile.com\/wp-content\/uploads\/2026\/02\/Birles\u0327ik-Logo-scaled.png","contentUrl":"https:\/\/www.verasmile.com\/wp-content\/uploads\/2026\/02\/Birles\u0327ik-Logo-scaled.png","width":2560,"height":244,"caption":"Vera Smile Dental Clinic"},"image":{"@id":"https:\/\/www.verasmile.com\/fr\/#\/schema\/logo\/image\/"},"sameAs":["https:\/\/www.facebook.com\/VeraSmileDental\/","https:\/\/www.instagram.com\/verasmile.dental\/"]}]}},"_links":{"self":[{"href":"https:\/\/www.verasmile.com\/fr\/wp-json\/wp\/v2\/pages\/12867","targetHints":{"allow":["GET"]}}],"collection":[{"href":"https:\/\/www.verasmile.com\/fr\/wp-json\/wp\/v2\/pages"}],"about":[{"href":"https:\/\/www.verasmile.com\/fr\/wp-json\/wp\/v2\/types\/page"}],"author":[{"embeddable":true,"href":"https:\/\/www.verasmile.com\/fr\/wp-json\/wp\/v2\/users\/1"}],"replies":[{"embeddable":true,"href":"https:\/\/www.verasmile.com\/fr\/wp-json\/wp\/v2\/comments?post=12867"}],"version-history":[{"count":0,"href":"https:\/\/www.verasmile.com\/fr\/wp-json\/wp\/v2\/pages\/12867\/revisions"}],"wp:featuredmedia":[{"embeddable":true,"href":"https:\/\/www.verasmile.com\/fr\/wp-json\/wp\/v2\/media\/12870"}],"wp:attachment":[{"href":"https:\/\/www.verasmile.com\/fr\/wp-json\/wp\/v2\/media?parent=12867"}],"curies":[{"name":"wp","href":"https:\/\/api.w.org\/{rel}","templated":true}]}}