{"id":33989,"date":"2025-12-25T11:42:25","date_gmt":"2025-12-25T08:42:25","guid":{"rendered":"https:\/\/www.verasmile.com\/our-doctors\/"},"modified":"2026-04-02T16:03:36","modified_gmt":"2026-04-02T13:03:36","slug":"our-doctors","status":"publish","type":"page","link":"https:\/\/www.verasmile.com\/fr\/nos-medecins\/","title":{"rendered":"Nos m\u00e9decins"},"content":{"rendered":"\n<style>\n.gb-container-a9de8154 {\n    background-color: #f0f7fd;\npadding: 10px;\n}\n.gb-container-289a7e10 {\n    width: 100%;\n    background-color: #F2E2D6;\n    border-radius: 30px;\n    height: 200px;\nalign-content: center;\njustify-items: center;\n}\nh1.gb-headline-f408d353 {\n    color: #1A4672;\n    font-weight: 600;\n    width: fit-content;\n}\nh1.gb-headline-f408d353::after {\n    content: \"\";\n    display: block;\n    height: 5px;\n    width: 100%;\n    background-color: #1A4672;\n}\n.gb-container-c701bcd0{\n    display:none;\n}\n<\/style>\n\n\n<div class=\"gb-container gb-container-803b2ead\">\n<div class=\"gb-container gb-container-f4a0806b\">\n\n<p class=\"gb-headline gb-headline-2e0a2803 gb-headline-text\">M\u00e9decins<\/p>\n\n\n<div class=\"gb-container gb-container-52a91dc1\">\n<div class=\"gb-container gb-container-af4e99cb\"><a class=\"gb-container-link\" href=\"\/our-doctors\/mumin-manassra\/\"><\/a>\n\n<figure class=\"gb-block-image gb-block-image-cc2b011f\"><img loading=\"lazy\" decoding=\"async\" width=\"617\" height=\"692\" class=\"gb-image gb-image-cc2b011f\" src=\"https:\/\/www.verasmile.com\/wp-content\/uploads\/2025\/01\/mumin-copy.webp\" alt=\"\" title=\"mumin copy\" srcset=\"https:\/\/www.verasmile.com\/wp-content\/uploads\/2025\/01\/mumin-copy.webp 617w, https:\/\/www.verasmile.com\/wp-content\/uploads\/2025\/01\/mumin-copy-267x300.webp 267w\" sizes=\"auto, (max-width: 617px) 100vw, 617px\" \/><\/figure>\n\n\n\n<p class=\"gb-headline gb-headline-515e70d0 gb-headline-text\">M\u00fcmin Manassra<\/p>\n\n\n\n<p class=\"gb-headline gb-headline-52089dca gb-headline-text\">Dentiste<\/p>\n\n<\/div>\n\n<div class=\"gb-container gb-container-6bcdd5eb\"><a class=\"gb-container-link\" href=\"\/our-doctors\/nurlan-gasimov\/\"><\/a>\n\n<figure class=\"gb-block-image gb-block-image-d75381cc\"><img loading=\"lazy\" decoding=\"async\" width=\"617\" height=\"692\" class=\"gb-image gb-image-d75381cc\" src=\"https:\/\/www.verasmile.com\/wp-content\/uploads\/2025\/01\/nurlan-copy.webp\" alt=\"\" title=\"nurlan copy\" srcset=\"https:\/\/www.verasmile.com\/wp-content\/uploads\/2025\/01\/nurlan-copy.webp 617w, https:\/\/www.verasmile.com\/wp-content\/uploads\/2025\/01\/nurlan-copy-267x300.webp 267w\" sizes=\"auto, (max-width: 617px) 100vw, 617px\" \/><\/figure>\n\n\n\n<p class=\"gb-headline gb-headline-accab4e6 gb-headline-text\">Nurlan Gasimov<\/p>\n\n\n\n<p class=\"gb-headline gb-headline-1b6e73f9 gb-headline-text\">Dentiste<\/p>\n\n<\/div>\n\n<div class=\"gb-container gb-container-37f9a50f\">\n\n<figure class=\"gb-block-image gb-block-image-e9617bd5\"><img loading=\"lazy\" decoding=\"async\" width=\"600\" height=\"700\" class=\"gb-image gb-image-e9617bd5\" src=\"https:\/\/www.verasmile.com\/wp-content\/uploads\/2025\/12\/moyfat-karimov.webp\" alt=\"\" title=\"moyfat karimov\" srcset=\"https:\/\/www.verasmile.com\/wp-content\/uploads\/2025\/12\/moyfat-karimov.webp 600w, https:\/\/www.verasmile.com\/wp-content\/uploads\/2025\/12\/moyfat-karimov-257x300.webp 257w\" sizes=\"auto, (max-width: 600px) 100vw, 600px\" \/><\/figure>\n\n\n\n<p class=\"gb-headline gb-headline-f95d64e2 gb-headline-text\">Moyfat Karimov<\/p>\n\n\n\n<p class=\"gb-headline gb-headline-e536c6b7 gb-headline-text\">Dentiste<\/p>\n\n<\/div>\n<\/div>\n<\/div>\n\n<div class=\"gb-container gb-container-06144ca7\">\n\n<p class=\"gb-headline gb-headline-c8146d16 gb-headline-text\">Assistance<\/p>\n\n\n<div class=\"gb-container gb-container-567ac7e0\">\n<div class=\"gb-container gb-container-2035c0b8\">\n\n<figure class=\"gb-block-image gb-block-image-2bec1869\"><img loading=\"lazy\" decoding=\"async\" width=\"600\" height=\"700\" class=\"gb-image gb-image-2bec1869\" src=\"https:\/\/www.verasmile.com\/wp-content\/uploads\/2025\/12\/ezgi-alpago-1.webp\" alt=\"\" title=\"ezgi alpago\" srcset=\"https:\/\/www.verasmile.com\/wp-content\/uploads\/2025\/12\/ezgi-alpago-1.webp 600w, https:\/\/www.verasmile.com\/wp-content\/uploads\/2025\/12\/ezgi-alpago-1-257x300.webp 257w\" sizes=\"auto, (max-width: 600px) 100vw, 600px\" \/><\/figure>\n\n\n\n<p class=\"gb-headline gb-headline-802f80e6 gb-headline-text\">Ezgi Alpago<\/p>\n\n\n\n<p class=\"gb-headline gb-headline-a32ee4d9 gb-headline-text\">Assistant dentaire<\/p>\n\n<\/div>\n\n<div class=\"gb-container gb-container-c59dfc21\">\n\n<figure class=\"gb-block-image gb-block-image-f378ae80\"><img loading=\"lazy\" decoding=\"async\" width=\"600\" height=\"700\" class=\"gb-image gb-image-f378ae80\" src=\"https:\/\/www.verasmile.com\/wp-content\/uploads\/2025\/12\/kazim-can.webp\" alt=\"\" title=\"kaz\u0131m can\" srcset=\"https:\/\/www.verasmile.com\/wp-content\/uploads\/2025\/12\/kazim-can.webp 600w, https:\/\/www.verasmile.com\/wp-content\/uploads\/2025\/12\/kazim-can-257x300.webp 257w\" sizes=\"auto, (max-width: 600px) 100vw, 600px\" \/><\/figure>\n\n\n\n<p class=\"gb-headline gb-headline-c846ef70 gb-headline-text\">Kaz\u0131m Can Yava\u015f<\/p>\n\n\n\n<p class=\"gb-headline gb-headline-36344bbf gb-headline-text\">Assistant dentaire<\/p>\n\n<\/div>\n\n<div class=\"gb-container gb-container-72a32de1\">\n\n<figure class=\"gb-block-image gb-block-image-b75f3c51\"><img loading=\"lazy\" decoding=\"async\" width=\"600\" height=\"700\" class=\"gb-image gb-image-b75f3c51\" src=\"https:\/\/www.verasmile.com\/wp-content\/uploads\/2025\/12\/merve-caycioglu.webp\" alt=\"\" title=\"merve cayc\u0131oglu\" srcset=\"https:\/\/www.verasmile.com\/wp-content\/uploads\/2025\/12\/merve-caycioglu.webp 600w, https:\/\/www.verasmile.com\/wp-content\/uploads\/2025\/12\/merve-caycioglu-257x300.webp 257w\" sizes=\"auto, (max-width: 600px) 100vw, 600px\" \/><\/figure>\n\n\n\n<p class=\"gb-headline gb-headline-543c3c0e gb-headline-text\">Merve \u00c7ayc\u0131o\u011flu<\/p>\n\n\n\n<p class=\"gb-headline gb-headline-a7fd32ab gb-headline-text\">Assistant dentaire<\/p>\n\n<\/div>\n<\/div>\n\n<div class=\"gb-container gb-container-c7e17c22\">\n<div class=\"gb-container gb-container-3c79d807\"><a class=\"gb-container-link\" href=\"\/our-doctors\/aleynanur-kayabasi\/\"><\/a>\n\n<figure class=\"gb-block-image gb-block-image-5f7eb105\"><img loading=\"lazy\" decoding=\"async\" width=\"617\" height=\"692\" class=\"gb-image gb-image-5f7eb105\" src=\"https:\/\/www.verasmile.com\/wp-content\/uploads\/2024\/12\/Aleynanur.webp\" alt=\"\" title=\"Aleynanur\" srcset=\"https:\/\/www.verasmile.com\/wp-content\/uploads\/2024\/12\/Aleynanur.webp 617w, https:\/\/www.verasmile.com\/wp-content\/uploads\/2024\/12\/Aleynanur-267x300.webp 267w\" sizes=\"auto, (max-width: 617px) 100vw, 617px\" \/><\/figure>\n\n\n\n<p class=\"gb-headline gb-headline-52a1ec7a gb-headline-text\">Aleynanur Kayaba\u015f\u0131<\/p>\n\n\n\n<p class=\"gb-headline gb-headline-f43666b1 gb-headline-text\">Dental Assistant<\/p>\n\n<\/div>\n\n<div class=\"gb-container gb-container-abc17ec8\"><a class=\"gb-container-link\" href=\"\/our-doctors\/ece-ogrencik\/\"><\/a>\n\n<figure class=\"gb-block-image gb-block-image-ba894adf\"><img loading=\"lazy\" decoding=\"async\" width=\"617\" height=\"692\" class=\"gb-image gb-image-ba894adf\" src=\"https:\/\/www.verasmile.com\/wp-content\/uploads\/2024\/12\/Ece-O\u0308g\u0306rencik.webp\" alt=\"\" title=\"Ece O\u0308g\u0306rencik\" srcset=\"https:\/\/www.verasmile.com\/wp-content\/uploads\/2024\/12\/Ece-O\u0308g\u0306rencik.webp 617w, https:\/\/www.verasmile.com\/wp-content\/uploads\/2024\/12\/Ece-O\u0308g\u0306rencik-267x300.webp 267w\" sizes=\"auto, (max-width: 617px) 100vw, 617px\" \/><\/figure>\n\n\n\n<p class=\"gb-headline gb-headline-6bef8045 gb-headline-text\">Ece \u00d6\u011frencik<\/p>\n\n\n\n<p class=\"gb-headline gb-headline-2479702d gb-headline-text\">Dental Assistant<\/p>\n\n<\/div>\n\n<div class=\"gb-container gb-container-3345e499\"><a class=\"gb-container-link\" href=\"\/our-doctors\/aysel-dinc\/\"><\/a>\n\n<figure class=\"gb-block-image gb-block-image-8358d592\"><img loading=\"lazy\" decoding=\"async\" width=\"617\" height=\"692\" class=\"gb-image gb-image-8358d592\" src=\"https:\/\/www.verasmile.com\/wp-content\/uploads\/2024\/12\/Aysel-Dinc\u0327.webp\" alt=\"\" title=\"Aysel Dinc\u0327\" srcset=\"https:\/\/www.verasmile.com\/wp-content\/uploads\/2024\/12\/Aysel-Dinc\u0327.webp 617w, https:\/\/www.verasmile.com\/wp-content\/uploads\/2024\/12\/Aysel-Dinc\u0327-267x300.webp 267w\" sizes=\"auto, (max-width: 617px) 100vw, 617px\" \/><\/figure>\n\n\n\n<p class=\"gb-headline gb-headline-f99cb4ec gb-headline-text\">Aysel Din\u00e7<\/p>\n\n\n\n<p class=\"gb-headline gb-headline-eb93a517 gb-headline-text\">Dental Assistant.<\/p>\n\n<\/div>\n<\/div>\n<\/div>\n<\/div>\n\n\n<p><\/p>\n","protected":false},"excerpt":{"rendered":"<p>M\u00e9decins M\u00fcmin Manassra Dentiste Nurlan Gasimov Dentiste Moyfat Karimov Dentiste Assistance Ezgi Alpago Assistant dentaire Kaz\u0131m Can Yava\u015f Assistant dentaire Merve \u00c7ayc\u0131o\u011flu Assistant dentaire Aleynanur<\/p>\n","protected":false},"author":1,"featured_media":0,"parent":0,"menu_order":0,"comment_status":"closed","ping_status":"closed","template":"","meta":{"inline_featured_image":false,"footnotes":""},"class_list":["post-33989","page","type-page","status-publish"],"lang":"fr","translations":{"en":32523,"ar":33988,"fr":33989,"de":33990,"it":33991,"pt-pt":33992,"es":33993,"tr":33994},"yoast_head":"<!-- This site is optimized with the Yoast SEO Premium plugin v27.4 (Yoast SEO v27.4) - https:\/\/yoast.com\/product\/yoast-seo-premium-wordpress\/ -->\n<title>Nos m\u00e9decins - Vera Smile<\/title>\n<meta name=\"robots\" content=\"index, follow, max-snippet:-1, max-image-preview:large, max-video-preview:-1\" \/>\n<link rel=\"canonical\" href=\"https:\/\/www.verasmile.com\/fr\/nos-medecins\/\" \/>\n<meta property=\"og:locale\" content=\"fr_FR\" \/>\n<meta property=\"og:type\" content=\"article\" \/>\n<meta property=\"og:title\" content=\"Nos m\u00e9decins\" \/>\n<meta property=\"og:description\" content=\"M\u00e9decins M\u00fcmin Manassra Dentiste Nurlan Gasimov Dentiste Moyfat Karimov Dentiste Assistance Ezgi Alpago Assistant dentaire Kaz\u0131m Can Yava\u015f Assistant dentaire Merve \u00c7ayc\u0131o\u011flu Assistant dentaire Aleynanur\" \/>\n<meta property=\"og:url\" content=\"https:\/\/www.verasmile.com\/fr\/nos-medecins\/\" \/>\n<meta property=\"og:site_name\" content=\"Vera Smile\" \/>\n<meta property=\"article:publisher\" content=\"https:\/\/www.facebook.com\/VeraSmileDental\/\" \/>\n<meta property=\"article:modified_time\" content=\"2026-04-02T13:03:36+00:00\" \/>\n<meta property=\"og:image\" content=\"https:\/\/www.verasmile.com\/wp-content\/uploads\/2025\/01\/mumin-copy.webp\" \/>\n<meta name=\"twitter:card\" content=\"summary_large_image\" \/>\n<meta name=\"twitter:label1\" content=\"Dur\u00e9e de lecture estim\u00e9e\" \/>\n\t<meta name=\"twitter:data1\" content=\"2 minutes\" \/>\n<script type=\"application\/ld+json\" class=\"yoast-schema-graph\">{\"@context\":\"https:\\\/\\\/schema.org\",\"@graph\":[{\"@type\":\"WebPage\",\"@id\":\"https:\\\/\\\/www.verasmile.com\\\/fr\\\/nos-medecins\\\/\",\"url\":\"https:\\\/\\\/www.verasmile.com\\\/fr\\\/nos-medecins\\\/\",\"name\":\"Nos m\u00e9decins - Vera Smile\",\"isPartOf\":{\"@id\":\"https:\\\/\\\/www.verasmile.com\\\/fr\\\/#website\"},\"primaryImageOfPage\":{\"@id\":\"https:\\\/\\\/www.verasmile.com\\\/fr\\\/nos-medecins\\\/#primaryimage\"},\"image\":{\"@id\":\"https:\\\/\\\/www.verasmile.com\\\/fr\\\/nos-medecins\\\/#primaryimage\"},\"thumbnailUrl\":\"https:\\\/\\\/www.verasmile.com\\\/wp-content\\\/uploads\\\/2025\\\/01\\\/mumin-copy.webp\",\"datePublished\":\"2025-12-25T08:42:25+00:00\",\"dateModified\":\"2026-04-02T13:03:36+00:00\",\"breadcrumb\":{\"@id\":\"https:\\\/\\\/www.verasmile.com\\\/fr\\\/nos-medecins\\\/#breadcrumb\"},\"inLanguage\":\"fr-FR\",\"potentialAction\":[{\"@type\":\"ReadAction\",\"target\":[\"https:\\\/\\\/www.verasmile.com\\\/fr\\\/nos-medecins\\\/\"]}]},{\"@type\":\"ImageObject\",\"inLanguage\":\"fr-FR\",\"@id\":\"https:\\\/\\\/www.verasmile.com\\\/fr\\\/nos-medecins\\\/#primaryimage\",\"url\":\"https:\\\/\\\/www.verasmile.com\\\/wp-content\\\/uploads\\\/2025\\\/01\\\/mumin-copy.webp\",\"contentUrl\":\"https:\\\/\\\/www.verasmile.com\\\/wp-content\\\/uploads\\\/2025\\\/01\\\/mumin-copy.webp\"},{\"@type\":\"BreadcrumbList\",\"@id\":\"https:\\\/\\\/www.verasmile.com\\\/fr\\\/nos-medecins\\\/#breadcrumb\",\"itemListElement\":[{\"@type\":\"ListItem\",\"position\":1,\"name\":\"Accueil\",\"item\":\"https:\\\/\\\/www.verasmile.com\\\/fr\\\/\"},{\"@type\":\"ListItem\",\"position\":2,\"name\":\"Nos m\u00e9decins\"}]},{\"@type\":\"WebSite\",\"@id\":\"https:\\\/\\\/www.verasmile.com\\\/fr\\\/#website\",\"url\":\"https:\\\/\\\/www.verasmile.com\\\/fr\\\/\",\"name\":\"Vera Smile Dental Clinic\",\"description\":\"Dental Clinic in T\u00fcrkiye\",\"publisher\":{\"@id\":\"https:\\\/\\\/www.verasmile.com\\\/fr\\\/#organization\"},\"potentialAction\":[{\"@type\":\"SearchAction\",\"target\":{\"@type\":\"EntryPoint\",\"urlTemplate\":\"https:\\\/\\\/www.verasmile.com\\\/fr\\\/?s={search_term_string}\"},\"query-input\":{\"@type\":\"PropertyValueSpecification\",\"valueRequired\":true,\"valueName\":\"search_term_string\"}}],\"inLanguage\":\"fr-FR\"},{\"@type\":\"Organization\",\"@id\":\"https:\\\/\\\/www.verasmile.com\\\/fr\\\/#organization\",\"name\":\"Vera Smile Dental Clinic\",\"url\":\"https:\\\/\\\/www.verasmile.com\\\/fr\\\/\",\"logo\":{\"@type\":\"ImageObject\",\"inLanguage\":\"fr-FR\",\"@id\":\"https:\\\/\\\/www.verasmile.com\\\/fr\\\/#\\\/schema\\\/logo\\\/image\\\/\",\"url\":\"https:\\\/\\\/www.verasmile.com\\\/wp-content\\\/uploads\\\/2026\\\/02\\\/Birles\u0327ik-Logo-scaled.png\",\"contentUrl\":\"https:\\\/\\\/www.verasmile.com\\\/wp-content\\\/uploads\\\/2026\\\/02\\\/Birles\u0327ik-Logo-scaled.png\",\"width\":2560,\"height\":244,\"caption\":\"Vera Smile Dental Clinic\"},\"image\":{\"@id\":\"https:\\\/\\\/www.verasmile.com\\\/fr\\\/#\\\/schema\\\/logo\\\/image\\\/\"},\"sameAs\":[\"https:\\\/\\\/www.facebook.com\\\/VeraSmileDental\\\/\",\"https:\\\/\\\/www.instagram.com\\\/verasmile.dental\\\/\"]}]}<\/script>\n<!-- \/ Yoast SEO Premium plugin. -->","yoast_head_json":{"title":"Nos m\u00e9decins - Vera Smile","robots":{"index":"index","follow":"follow","max-snippet":"max-snippet:-1","max-image-preview":"max-image-preview:large","max-video-preview":"max-video-preview:-1"},"canonical":"https:\/\/www.verasmile.com\/fr\/nos-medecins\/","og_locale":"fr_FR","og_type":"article","og_title":"Nos m\u00e9decins","og_description":"M\u00e9decins M\u00fcmin Manassra Dentiste Nurlan Gasimov Dentiste Moyfat Karimov Dentiste Assistance Ezgi Alpago Assistant dentaire Kaz\u0131m Can Yava\u015f Assistant dentaire Merve \u00c7ayc\u0131o\u011flu Assistant dentaire Aleynanur","og_url":"https:\/\/www.verasmile.com\/fr\/nos-medecins\/","og_site_name":"Vera Smile","article_publisher":"https:\/\/www.facebook.com\/VeraSmileDental\/","article_modified_time":"2026-04-02T13:03:36+00:00","og_image":[{"url":"https:\/\/www.verasmile.com\/wp-content\/uploads\/2025\/01\/mumin-copy.webp","type":"","width":"","height":""}],"twitter_card":"summary_large_image","twitter_misc":{"Dur\u00e9e de lecture estim\u00e9e":"2 minutes"},"schema":{"@context":"https:\/\/schema.org","@graph":[{"@type":"WebPage","@id":"https:\/\/www.verasmile.com\/fr\/nos-medecins\/","url":"https:\/\/www.verasmile.com\/fr\/nos-medecins\/","name":"Nos m\u00e9decins - Vera Smile","isPartOf":{"@id":"https:\/\/www.verasmile.com\/fr\/#website"},"primaryImageOfPage":{"@id":"https:\/\/www.verasmile.com\/fr\/nos-medecins\/#primaryimage"},"image":{"@id":"https:\/\/www.verasmile.com\/fr\/nos-medecins\/#primaryimage"},"thumbnailUrl":"https:\/\/www.verasmile.com\/wp-content\/uploads\/2025\/01\/mumin-copy.webp","datePublished":"2025-12-25T08:42:25+00:00","dateModified":"2026-04-02T13:03:36+00:00","breadcrumb":{"@id":"https:\/\/www.verasmile.com\/fr\/nos-medecins\/#breadcrumb"},"inLanguage":"fr-FR","potentialAction":[{"@type":"ReadAction","target":["https:\/\/www.verasmile.com\/fr\/nos-medecins\/"]}]},{"@type":"ImageObject","inLanguage":"fr-FR","@id":"https:\/\/www.verasmile.com\/fr\/nos-medecins\/#primaryimage","url":"https:\/\/www.verasmile.com\/wp-content\/uploads\/2025\/01\/mumin-copy.webp","contentUrl":"https:\/\/www.verasmile.com\/wp-content\/uploads\/2025\/01\/mumin-copy.webp"},{"@type":"BreadcrumbList","@id":"https:\/\/www.verasmile.com\/fr\/nos-medecins\/#breadcrumb","itemListElement":[{"@type":"ListItem","position":1,"name":"Accueil","item":"https:\/\/www.verasmile.com\/fr\/"},{"@type":"ListItem","position":2,"name":"Nos m\u00e9decins"}]},{"@type":"WebSite","@id":"https:\/\/www.verasmile.com\/fr\/#website","url":"https:\/\/www.verasmile.com\/fr\/","name":"Vera Smile Dental Clinic","description":"Dental Clinic in T\u00fcrkiye","publisher":{"@id":"https:\/\/www.verasmile.com\/fr\/#organization"},"potentialAction":[{"@type":"SearchAction","target":{"@type":"EntryPoint","urlTemplate":"https:\/\/www.verasmile.com\/fr\/?s={search_term_string}"},"query-input":{"@type":"PropertyValueSpecification","valueRequired":true,"valueName":"search_term_string"}}],"inLanguage":"fr-FR"},{"@type":"Organization","@id":"https:\/\/www.verasmile.com\/fr\/#organization","name":"Vera Smile Dental Clinic","url":"https:\/\/www.verasmile.com\/fr\/","logo":{"@type":"ImageObject","inLanguage":"fr-FR","@id":"https:\/\/www.verasmile.com\/fr\/#\/schema\/logo\/image\/","url":"https:\/\/www.verasmile.com\/wp-content\/uploads\/2026\/02\/Birles\u0327ik-Logo-scaled.png","contentUrl":"https:\/\/www.verasmile.com\/wp-content\/uploads\/2026\/02\/Birles\u0327ik-Logo-scaled.png","width":2560,"height":244,"caption":"Vera Smile Dental Clinic"},"image":{"@id":"https:\/\/www.verasmile.com\/fr\/#\/schema\/logo\/image\/"},"sameAs":["https:\/\/www.facebook.com\/VeraSmileDental\/","https:\/\/www.instagram.com\/verasmile.dental\/"]}]}},"_links":{"self":[{"href":"https:\/\/www.verasmile.com\/fr\/wp-json\/wp\/v2\/pages\/33989","targetHints":{"allow":["GET"]}}],"collection":[{"href":"https:\/\/www.verasmile.com\/fr\/wp-json\/wp\/v2\/pages"}],"about":[{"href":"https:\/\/www.verasmile.com\/fr\/wp-json\/wp\/v2\/types\/page"}],"author":[{"embeddable":true,"href":"https:\/\/www.verasmile.com\/fr\/wp-json\/wp\/v2\/users\/1"}],"replies":[{"embeddable":true,"href":"https:\/\/www.verasmile.com\/fr\/wp-json\/wp\/v2\/comments?post=33989"}],"version-history":[{"count":3,"href":"https:\/\/www.verasmile.com\/fr\/wp-json\/wp\/v2\/pages\/33989\/revisions"}],"predecessor-version":[{"id":37856,"href":"https:\/\/www.verasmile.com\/fr\/wp-json\/wp\/v2\/pages\/33989\/revisions\/37856"}],"wp:attachment":[{"href":"https:\/\/www.verasmile.com\/fr\/wp-json\/wp\/v2\/media?parent=33989"}],"curies":[{"name":"wp","href":"https:\/\/api.w.org\/{rel}","templated":true}]}}