{"id":11140,"date":"2023-07-17T09:58:03","date_gmt":"2023-07-17T06:58:03","guid":{"rendered":"https:\/\/www.verasmile.com\/?page_id=11140"},"modified":"2024-03-20T14:37:37","modified_gmt":"2024-03-20T11:37:37","slug":"i-nostri-standard-di-qualita","status":"publish","type":"page","link":"https:\/\/www.verasmile.com\/it\/i-nostri-standard-di-qualita\/","title":{"rendered":"I nostri standard di qualit\u00e0"},"content":{"rendered":"\n<p><strong><strong>Sistema di gestione della qualit\u00e0 ISO 9001\/2015<\/strong><\/strong><\/p>\n\n\n\n<p>Abbiamo implementato il Sistema di gestione della qualit\u00e0 ISO 9001:2015 per garantire ai nostri pazienti un&#8217;assistenza di qualit\u00e0 superiore. Questo sistema monitora e controlla le nostre unit\u00e0 di servizio in modo proattivo, riducendo al minimo gli errori e perseguendo un miglioramento continuo. Il nostro obiettivo \u00e8 raggiungere il massimo livello di soddisfazione dei pazienti, valutandoci e migliorandoci continuamente.<\/p>\n\n\n\n<p>Inoltre, il Sistema di gestione della qualit\u00e0 ISO 9001\/2015 per le cure dentali si integra perfettamente con l&#8217;identit\u00e0 aziendale di Vera Smile, aggiungendo valore a pazienti e dipendenti. Questo dimostra il nostro impegno a condurre l&#8217;attivit\u00e0 odontoiatrica in Turchia secondo le norme e gli standard internazionali.<\/p>\n\n\n\n<p>Vera Smile ha ottenuto la certificazione del Sistema di gestione della qualit\u00e0 ISO 9001\/2015 nell&#8217;ottobre 2020, a seguito dell&#8217;esito positivo dell&#8217;audit di certificazione del Sistema di gestione della qualit\u00e0 ISO 9001\/2015. Le nostre valutazioni annuali hanno ripetutamente evidenziato l&#8217;assenza di non conformit\u00e0 rilevanti.<\/p>\n\n\n\n<p><strong><strong>Accreditamento delle strutture sanitarie e standardizzazione della qualit\u00e0<\/strong><\/strong><\/p>\n\n\n\n<p>All&#8217;inizio del XXI secolo, la Turchia ha attuato rapidamente un programma completo di riforma sanitaria, che comprendeva iniziative a livello nazionale per la distribuzione di personale medico competente. La riforma sanitaria turca ha imposto l&#8217;accreditamento degli ospedali per standardizzare la qualit\u00e0.<\/p>\n\n\n\n<p>Il Ministero della Salute turco ha agito rapidamente per accreditare e standardizzare le strutture sanitarie. Grazie alla politica governativa e alla collaborazione attiva tra il Ministero della Salute turco e le strutture sanitarie private, la Turchia \u00e8 oggi uno dei primi tre Paesi con il maggior numero di strutture sanitarie accreditate. Vera Clinic \u00e8 una delle poche cliniche in Turchia ad aver ricevuto l&#8217;accreditamento completo da parte del Ministero della Salute turco, avendo soddisfatto tutti i requisiti per il riconoscimento.<\/p>\n\n\n\n<p><strong><strong>Sistema di soddisfazione del cliente ISO 10002<\/strong><\/strong><\/p>\n\n\n\n<p>In base al nostro Sistema di gestione della qualit\u00e0 ISO 9001, abbiamo implementato il sistema ISO 10002 per dare priorit\u00e0 alla soddisfazione dei pazienti e alla risoluzione dei reclami. Questo sistema integrato ci permette di rispondere in modo coerente, tempestivo e appropriato alle richieste dei pazienti. Ci aiuta inoltre a identificare le tendenze emergenti, ad affrontare le cause alla base dei reclami e a migliorare continuamente i servizi del nostro ospedale.<\/p>\n\n\n\n<p>La nostra clinica \u00e8 sottoposta annualmente ad audit di certificazione internazionale per garantire la conformit\u00e0 al Sistema di gestione della Soddisfazione del cliente ISO 10002. Questa certificazione dimostra la nostra dedizione nel fornire esperienze eccezionali ai pazienti.<\/p>\n","protected":false},"excerpt":{"rendered":"<p>Sistema di gestione della qualit\u00e0 ISO 9001\/2015 Abbiamo implementato il Sistema di gestione della qualit\u00e0 ISO 9001:2015 per garantire ai nostri pazienti un&#8217;assistenza di qualit\u00e0<\/p>\n","protected":false},"author":1,"featured_media":8627,"parent":0,"menu_order":0,"comment_status":"closed","ping_status":"open","template":"","meta":{"inline_featured_image":false,"footnotes":""},"class_list":{"0":"post-11140","1":"page","2":"type-page","3":"status-publish","4":"has-post-thumbnail","6":"resize-featured-image"},"lang":"it","translations":{"en":2234,"it":11140,"fr":11510,"es":11838,"pt-pt":12082,"de":12313,"ar":13480,"tr":13670},"yoast_head":"<!-- This site is optimized with the Yoast SEO Premium plugin v27.4 (Yoast SEO v27.4) - https:\/\/yoast.com\/product\/yoast-seo-premium-wordpress\/ -->\n<title>I nostri standard di qualit\u00e0 - Vera Smile<\/title>\n<meta name=\"description\" content=\"Scopri come il nostro Sistema di gestione della qualit\u00e0 garantisce un&#039;assistenza superiore e la soddisfazione dei pazienti. Scopri il valore aggiunto ai nostri servizi dentistici.\" \/>\n<meta name=\"robots\" content=\"index, follow, max-snippet:-1, max-image-preview:large, max-video-preview:-1\" \/>\n<link rel=\"canonical\" href=\"https:\/\/www.verasmile.com\/it\/i-nostri-standard-di-qualita\/\" \/>\n<meta property=\"og:locale\" content=\"it_IT\" \/>\n<meta property=\"og:type\" content=\"article\" \/>\n<meta property=\"og:title\" content=\"I nostri standard di qualit\u00e0\" \/>\n<meta property=\"og:description\" content=\"Scopri come il nostro Sistema di gestione della qualit\u00e0 garantisce un&#039;assistenza superiore e la soddisfazione dei pazienti. Scopri il valore aggiunto ai nostri servizi dentistici.\" \/>\n<meta property=\"og:url\" content=\"https:\/\/www.verasmile.com\/it\/i-nostri-standard-di-qualita\/\" \/>\n<meta property=\"og:site_name\" content=\"Vera Smile\" \/>\n<meta property=\"article:publisher\" content=\"https:\/\/www.facebook.com\/VeraSmileDental\/\" \/>\n<meta property=\"article:modified_time\" content=\"2024-03-20T11:37:37+00:00\" \/>\n<meta property=\"og:image\" content=\"https:\/\/www.verasmile.com\/wp-content\/uploads\/2024\/02\/quality-standars-banner-03.webp\" \/>\n\t<meta property=\"og:image:width\" content=\"1440\" \/>\n\t<meta property=\"og:image:height\" content=\"800\" \/>\n\t<meta property=\"og:image:type\" content=\"image\/webp\" \/>\n<meta name=\"twitter:card\" content=\"summary_large_image\" \/>\n<meta name=\"twitter:label1\" content=\"Tempo di lettura stimato\" \/>\n\t<meta name=\"twitter:data1\" content=\"2 minuti\" \/>\n<script type=\"application\/ld+json\" class=\"yoast-schema-graph\">{\"@context\":\"https:\\\/\\\/schema.org\",\"@graph\":[{\"@type\":\"WebPage\",\"@id\":\"https:\\\/\\\/www.verasmile.com\\\/it\\\/i-nostri-standard-di-qualita\\\/\",\"url\":\"https:\\\/\\\/www.verasmile.com\\\/it\\\/i-nostri-standard-di-qualita\\\/\",\"name\":\"I nostri standard di qualit\u00e0 - Vera Smile\",\"isPartOf\":{\"@id\":\"https:\\\/\\\/www.verasmile.com\\\/it\\\/#website\"},\"primaryImageOfPage\":{\"@id\":\"https:\\\/\\\/www.verasmile.com\\\/it\\\/i-nostri-standard-di-qualita\\\/#primaryimage\"},\"image\":{\"@id\":\"https:\\\/\\\/www.verasmile.com\\\/it\\\/i-nostri-standard-di-qualita\\\/#primaryimage\"},\"thumbnailUrl\":\"https:\\\/\\\/www.verasmile.com\\\/wp-content\\\/uploads\\\/2024\\\/02\\\/quality-standars-banner-03.webp\",\"datePublished\":\"2023-07-17T06:58:03+00:00\",\"dateModified\":\"2024-03-20T11:37:37+00:00\",\"description\":\"Scopri come il nostro Sistema di gestione della qualit\u00e0 garantisce un'assistenza superiore e la soddisfazione dei pazienti. Scopri il valore aggiunto ai nostri servizi dentistici.\",\"breadcrumb\":{\"@id\":\"https:\\\/\\\/www.verasmile.com\\\/it\\\/i-nostri-standard-di-qualita\\\/#breadcrumb\"},\"inLanguage\":\"it-IT\",\"potentialAction\":[{\"@type\":\"ReadAction\",\"target\":[\"https:\\\/\\\/www.verasmile.com\\\/it\\\/i-nostri-standard-di-qualita\\\/\"]}]},{\"@type\":\"ImageObject\",\"inLanguage\":\"it-IT\",\"@id\":\"https:\\\/\\\/www.verasmile.com\\\/it\\\/i-nostri-standard-di-qualita\\\/#primaryimage\",\"url\":\"https:\\\/\\\/www.verasmile.com\\\/wp-content\\\/uploads\\\/2024\\\/02\\\/quality-standars-banner-03.webp\",\"contentUrl\":\"https:\\\/\\\/www.verasmile.com\\\/wp-content\\\/uploads\\\/2024\\\/02\\\/quality-standars-banner-03.webp\",\"width\":1440,\"height\":800,\"caption\":\"Kalite Standartlar\u0131m\u0131z\"},{\"@type\":\"BreadcrumbList\",\"@id\":\"https:\\\/\\\/www.verasmile.com\\\/it\\\/i-nostri-standard-di-qualita\\\/#breadcrumb\",\"itemListElement\":[{\"@type\":\"ListItem\",\"position\":1,\"name\":\"Inizio\",\"item\":\"https:\\\/\\\/www.verasmile.com\\\/it\\\/\"},{\"@type\":\"ListItem\",\"position\":2,\"name\":\"I nostri standard di qualit\u00e0\"}]},{\"@type\":\"WebSite\",\"@id\":\"https:\\\/\\\/www.verasmile.com\\\/it\\\/#website\",\"url\":\"https:\\\/\\\/www.verasmile.com\\\/it\\\/\",\"name\":\"Vera Smile Dental Clinic\",\"description\":\"Dental Clinic in Turkey, Istanbul 2026\",\"publisher\":{\"@id\":\"https:\\\/\\\/www.verasmile.com\\\/it\\\/#organization\"},\"potentialAction\":[{\"@type\":\"SearchAction\",\"target\":{\"@type\":\"EntryPoint\",\"urlTemplate\":\"https:\\\/\\\/www.verasmile.com\\\/it\\\/?s={search_term_string}\"},\"query-input\":{\"@type\":\"PropertyValueSpecification\",\"valueRequired\":true,\"valueName\":\"search_term_string\"}}],\"inLanguage\":\"it-IT\"},{\"@type\":\"Organization\",\"@id\":\"https:\\\/\\\/www.verasmile.com\\\/it\\\/#organization\",\"name\":\"Vera Smile Dental Clinic\",\"url\":\"https:\\\/\\\/www.verasmile.com\\\/it\\\/\",\"logo\":{\"@type\":\"ImageObject\",\"inLanguage\":\"it-IT\",\"@id\":\"https:\\\/\\\/www.verasmile.com\\\/it\\\/#\\\/schema\\\/logo\\\/image\\\/\",\"url\":\"https:\\\/\\\/www.verasmile.com\\\/wp-content\\\/uploads\\\/2026\\\/02\\\/Birles\u0327ik-Logo-scaled.png\",\"contentUrl\":\"https:\\\/\\\/www.verasmile.com\\\/wp-content\\\/uploads\\\/2026\\\/02\\\/Birles\u0327ik-Logo-scaled.png\",\"width\":2560,\"height\":244,\"caption\":\"Vera Smile Dental Clinic\"},\"image\":{\"@id\":\"https:\\\/\\\/www.verasmile.com\\\/it\\\/#\\\/schema\\\/logo\\\/image\\\/\"},\"sameAs\":[\"https:\\\/\\\/www.facebook.com\\\/VeraSmileDental\\\/\",\"https:\\\/\\\/www.instagram.com\\\/verasmile.dental\\\/\"]}]}<\/script>\n<!-- \/ Yoast SEO Premium plugin. -->","yoast_head_json":{"title":"I nostri standard di qualit\u00e0 - Vera Smile","description":"Scopri come il nostro Sistema di gestione della qualit\u00e0 garantisce un'assistenza superiore e la soddisfazione dei pazienti. Scopri il valore aggiunto ai nostri servizi dentistici.","robots":{"index":"index","follow":"follow","max-snippet":"max-snippet:-1","max-image-preview":"max-image-preview:large","max-video-preview":"max-video-preview:-1"},"canonical":"https:\/\/www.verasmile.com\/it\/i-nostri-standard-di-qualita\/","og_locale":"it_IT","og_type":"article","og_title":"I nostri standard di qualit\u00e0","og_description":"Scopri come il nostro Sistema di gestione della qualit\u00e0 garantisce un'assistenza superiore e la soddisfazione dei pazienti. Scopri il valore aggiunto ai nostri servizi dentistici.","og_url":"https:\/\/www.verasmile.com\/it\/i-nostri-standard-di-qualita\/","og_site_name":"Vera Smile","article_publisher":"https:\/\/www.facebook.com\/VeraSmileDental\/","article_modified_time":"2024-03-20T11:37:37+00:00","og_image":[{"width":1440,"height":800,"url":"https:\/\/www.verasmile.com\/wp-content\/uploads\/2024\/02\/quality-standars-banner-03.webp","type":"image\/webp"}],"twitter_card":"summary_large_image","twitter_misc":{"Tempo di lettura stimato":"2 minuti"},"schema":{"@context":"https:\/\/schema.org","@graph":[{"@type":"WebPage","@id":"https:\/\/www.verasmile.com\/it\/i-nostri-standard-di-qualita\/","url":"https:\/\/www.verasmile.com\/it\/i-nostri-standard-di-qualita\/","name":"I nostri standard di qualit\u00e0 - Vera Smile","isPartOf":{"@id":"https:\/\/www.verasmile.com\/it\/#website"},"primaryImageOfPage":{"@id":"https:\/\/www.verasmile.com\/it\/i-nostri-standard-di-qualita\/#primaryimage"},"image":{"@id":"https:\/\/www.verasmile.com\/it\/i-nostri-standard-di-qualita\/#primaryimage"},"thumbnailUrl":"https:\/\/www.verasmile.com\/wp-content\/uploads\/2024\/02\/quality-standars-banner-03.webp","datePublished":"2023-07-17T06:58:03+00:00","dateModified":"2024-03-20T11:37:37+00:00","description":"Scopri come il nostro Sistema di gestione della qualit\u00e0 garantisce un'assistenza superiore e la soddisfazione dei pazienti. Scopri il valore aggiunto ai nostri servizi dentistici.","breadcrumb":{"@id":"https:\/\/www.verasmile.com\/it\/i-nostri-standard-di-qualita\/#breadcrumb"},"inLanguage":"it-IT","potentialAction":[{"@type":"ReadAction","target":["https:\/\/www.verasmile.com\/it\/i-nostri-standard-di-qualita\/"]}]},{"@type":"ImageObject","inLanguage":"it-IT","@id":"https:\/\/www.verasmile.com\/it\/i-nostri-standard-di-qualita\/#primaryimage","url":"https:\/\/www.verasmile.com\/wp-content\/uploads\/2024\/02\/quality-standars-banner-03.webp","contentUrl":"https:\/\/www.verasmile.com\/wp-content\/uploads\/2024\/02\/quality-standars-banner-03.webp","width":1440,"height":800,"caption":"Kalite Standartlar\u0131m\u0131z"},{"@type":"BreadcrumbList","@id":"https:\/\/www.verasmile.com\/it\/i-nostri-standard-di-qualita\/#breadcrumb","itemListElement":[{"@type":"ListItem","position":1,"name":"Inizio","item":"https:\/\/www.verasmile.com\/it\/"},{"@type":"ListItem","position":2,"name":"I nostri standard di qualit\u00e0"}]},{"@type":"WebSite","@id":"https:\/\/www.verasmile.com\/it\/#website","url":"https:\/\/www.verasmile.com\/it\/","name":"Vera Smile Dental Clinic","description":"Dental Clinic in Turkey, Istanbul 2026","publisher":{"@id":"https:\/\/www.verasmile.com\/it\/#organization"},"potentialAction":[{"@type":"SearchAction","target":{"@type":"EntryPoint","urlTemplate":"https:\/\/www.verasmile.com\/it\/?s={search_term_string}"},"query-input":{"@type":"PropertyValueSpecification","valueRequired":true,"valueName":"search_term_string"}}],"inLanguage":"it-IT"},{"@type":"Organization","@id":"https:\/\/www.verasmile.com\/it\/#organization","name":"Vera Smile Dental Clinic","url":"https:\/\/www.verasmile.com\/it\/","logo":{"@type":"ImageObject","inLanguage":"it-IT","@id":"https:\/\/www.verasmile.com\/it\/#\/schema\/logo\/image\/","url":"https:\/\/www.verasmile.com\/wp-content\/uploads\/2026\/02\/Birles\u0327ik-Logo-scaled.png","contentUrl":"https:\/\/www.verasmile.com\/wp-content\/uploads\/2026\/02\/Birles\u0327ik-Logo-scaled.png","width":2560,"height":244,"caption":"Vera Smile Dental Clinic"},"image":{"@id":"https:\/\/www.verasmile.com\/it\/#\/schema\/logo\/image\/"},"sameAs":["https:\/\/www.facebook.com\/VeraSmileDental\/","https:\/\/www.instagram.com\/verasmile.dental\/"]}]}},"_links":{"self":[{"href":"https:\/\/www.verasmile.com\/it\/wp-json\/wp\/v2\/pages\/11140","targetHints":{"allow":["GET"]}}],"collection":[{"href":"https:\/\/www.verasmile.com\/it\/wp-json\/wp\/v2\/pages"}],"about":[{"href":"https:\/\/www.verasmile.com\/it\/wp-json\/wp\/v2\/types\/page"}],"author":[{"embeddable":true,"href":"https:\/\/www.verasmile.com\/it\/wp-json\/wp\/v2\/users\/1"}],"replies":[{"embeddable":true,"href":"https:\/\/www.verasmile.com\/it\/wp-json\/wp\/v2\/comments?post=11140"}],"version-history":[{"count":0,"href":"https:\/\/www.verasmile.com\/it\/wp-json\/wp\/v2\/pages\/11140\/revisions"}],"wp:featuredmedia":[{"embeddable":true,"href":"https:\/\/www.verasmile.com\/it\/wp-json\/wp\/v2\/media\/8627"}],"wp:attachment":[{"href":"https:\/\/www.verasmile.com\/it\/wp-json\/wp\/v2\/media?parent=11140"}],"curies":[{"name":"wp","href":"https:\/\/api.w.org\/{rel}","templated":true}]}}