{"id":11213,"date":"2023-07-07T12:26:41","date_gmt":"2023-07-07T09:26:41","guid":{"rendered":"https:\/\/www.verasmile.com\/?page_id=11213"},"modified":"2024-08-06T11:55:06","modified_gmt":"2024-08-06T08:55:06","slug":"sostituzione-multipla-dei-denti","status":"publish","type":"page","link":"https:\/\/www.verasmile.com\/it\/impianti-dentali\/sostituzione-multipla-dei-denti\/","title":{"rendered":"Sostituzione multipla dei denti\u00a0"},"content":{"rendered":"<div class=\"gb-container gb-container-ec46b227\">\n<div class=\"gb-grid-wrapper gb-grid-wrapper-6232a014\">\n<div class=\"gb-grid-column gb-grid-column-141c614b\"><div class=\"gb-container gb-container-141c614b\">\n\n<p>Un dente mancante pu\u00f2 influire non solo sull&#8217;aspetto estetico, ma genera anche la possibilit\u00e0 di incorrere in molti problemi medici, con la necessit\u00e0 di sostituire pi\u00f9 denti. Si pu\u00f2 verificare una perdita permanente di osso nella mascella, l&#8217;allineamento dei denti pu\u00f2 cambiare perch\u00e9 i denti si spostano in avanti per chiudere lo spazio e si possono avere problemi nel parlare, nel mangiare e persino nel sorridere. I denti mancanti possono anche causare diverse malattie gengivali e alito cattivo.&nbsp;<\/p>\n\n\n\n<p>\u00c8 fondamentale risolvere il problema dei denti mancanti per evitare queste situazioni. Una soluzione efficace \u00e8 la sostituzione multipla dei denti. La sostituzione di pi\u00f9 denti con impianti dentali fornisce una base permanente per denti artificiali che imitano quelli naturali. Riempiendo le lacune con gli impianti, si ripristina l&#8217;aspetto del sorriso mantenendo una buona salute orale. Non lasciare che le lacune ti impediscano di sorridere; scegli il trattamento giusto e inizia il percorso.<\/p>\n\n\n\n<h2 class=\"gb-headline gb-headline-c95f55a1 gb-headline-text\"><strong>Che cos&#8217;\u00e8 la sostituzione multipla dei denti?<\/strong><\/h2>\n\n\n\n<p>I trattamenti di sostituzione multipla dei denti consistono nell&#8217;inserimento chirurgico di perni in titanio nell&#8217;osso mascellare per fornire una base solida per il fissaggio dei denti artificiali. Imitano la struttura naturale dei denti, promuovendo la salute delle ossa e prevenendo un ulteriore deterioramento delle ossa mascellari.<\/p>\n\n\n\n<p>Gli impianti che utilizziamo nel trattamento di sostituzione multipla dei denti sono costituiti da due elementi: i perni in titanio e le corone su misura. Abbiamo diverse opzioni di materiali e tecniche che decidiamo in base alle specifiche esigenze.&nbsp;<\/p>\n\n\n\n<h2 class=\"gb-headline gb-headline-bb978788 gb-headline-text\"><strong>Opzioni di sostituzione multipla dei denti<\/strong><\/h2>\n\n\n\n<p>Se ti mancano uno o pi\u00f9 denti, hai tre opzioni principali per il trattamento: <a href=\"https:\/\/www.verasmile.com\/it\/dentiere-parziali-e-complete-in-turchia\/\">dentiere parziali<\/a> (diversi tipi di ponti dentali) o sostituzione di pi\u00f9 denti con impianti. Mentre una dentiera parziale \u00e8 fissata con ganci che si collegano ai denti naturali circostanti, i ponti dentali sono sostenuti dai denti vicini e si inseriscono nella lacuna. Entrambi possono essere rimovibili o fissi.&nbsp;<\/p>\n\n\n\n<p>La sostituzione multipla dei denti con impianti, invece, \u00e8 permanente. Se sei alla ricerca di un&#8217;opzione permanente, affidabile e duratura, dovresti prendere in considerazione la sostituzione di pi\u00f9 denti con impianti.&nbsp;<\/p>\n\n\n\n<h2 class=\"gb-headline gb-headline-218758e1 gb-headline-text\"><strong>Procedura di sostituzione multipla dei denti presso Vera Smile<\/strong><\/h2>\n\n\n\n<h3 class=\"gb-headline gb-headline-59d06252 gb-headline-text\"><strong>Pianificazione preliminare<\/strong><\/h3>\n\n\n\n<p>Quando ci contatti, iniziamo a pianificare il trattamento. Discutiamo le opzioni migliori per il tuo caso e iniziamo a prepararci.<\/p>\n\n\n\n<h3 class=\"gb-headline gb-headline-2b79d284 gb-headline-text\"><strong>Procedura preliminare<\/strong><\/h3>\n\n\n\n<p>Raccogliamo le informazioni sul volo, prepariamo l&#8217;alloggio e il trasporto e ti informiamo sui giorni di trattamento e sulle procedure.&nbsp;<\/p>\n\n\n\n<p>Prima del trattamento, per la visita di persona, \u00e8 necessario sottoporsi ad alcuni test e consulenze. In questo modo ci assicuriamo che il risultato del piano progettato sia proprio quello desiderato.<\/p>\n\n\n\n<h3 class=\"gb-headline gb-headline-ff6b0f4a gb-headline-text\"><strong>Procedura<\/strong><\/h3>\n\n\n\n<p>Gli impianti saranno inseriti chirurgicamente nell&#8217;osso mascellare e ricoperti da una corona. La durata dell&#8217;intervento pu\u00f2 variare in base alla situazione personale.&nbsp;<\/p>\n\n\n\n<h3 class=\"gb-headline gb-headline-4f1be550 gb-headline-text\"><strong>Procedura successiva<\/strong><\/h3>\n\n\n\n<p>Seguiremo il processo di guarigione per un po&#8217; di tempo e affronteremo qualsiasi dubbio che possa sorgere durante questo periodo. Per una guarigione rapida e senza intoppi, \u00e8 necessario seguire le istruzioni dettagliate su come prendersi cura degli impianti dopo l&#8217;intervento.&nbsp;<\/p>\n\n\n\n<h2 class=\"gb-headline gb-headline-a109a055 gb-headline-text\"><strong>Cure successive alla sostituzione multipla dei denti<\/strong><\/h2>\n\n\n\n<p>Dopo la sostituzione multipla dei denti in Turchia, \u00e8 molto importante seguire tutte le istruzioni e assumere tutti i farmaci. Fai attenzione ed evita di danneggiare l&#8217;area. \u00c8 del tutto normale avvertire gonfiore e dolore. \u00c8 possibile assumere gli antidolorifici e utilizzare impacchi di ghiaccio. Dopo qualche giorno, entrambi si ridurranno.<\/p>\n\n\n\n<h2 class=\"gb-headline gb-headline-809e19c1 gb-headline-text\"><strong>Quanto costa la sostituzione multipla dei denti?<\/strong><\/h2>\n\n\n\n<p>Gli impianti sono costosi anche per un solo dente. <a href=\"https:\/\/www.verasmile.com\/it\/svelato-costo-degli-impianti-dentali-in-turchia-rispetto-agli-stati-uniti\/\">Il costo della sostituzione di pi\u00f9 denti con impianti<\/a> negli Stati Uniti e nel Regno Unito pu\u00f2 essere spaventoso. Si va dalle 500 alle 6.000 sterline per dente, il resto si pu\u00f2 immaginare. Se si sceglie un pacchetto di trattamenti come gli <a href=\"https:\/\/www.verasmile.com\/it\/impianti-dentali\/impianti-dentali-all-on-4\/\">impianti dentali All-On-4<\/a> o All-On-6, il prezzo totale pu\u00f2 essere pi\u00f9 basso, ma si tratta comunque di una cifra considerevole.&nbsp;<\/p>\n\n\n\n<p>Ecco perch\u00e9 la maggior parte delle persone sceglie di farsi curare in Turchia. Con il denaro che spenderebbero per l&#8217;intervento nel loro Paese, o una spesa ancora minore, possono sottoporsi al trattamento e fare una piccola vacanza a Istanbul, una delle citt\u00e0 pi\u00f9 incredibili del mondo. \u00c8 la ciliegina sulla torta.&nbsp;<\/p>\n\n\n\n<p>Come Vera Smile, nella vivace citt\u00e0 di Istanbul, offriamo un prezzo competitivo per la sostituzione multipla dei denti senza compromettere la qualit\u00e0. Uno dei nostri obiettivi \u00e8 rendere accessibili a tutti cure dentistiche di qualit\u00e0.&nbsp;<a href=\"https:\/\/www.verasmile.com\/it\/contattaci\/\">Contattaci<\/a> subito per ottenere un&#8217;analisi dettagliata dei costi.<\/p>\n\n\n\n<h2 class=\"gb-headline gb-headline-eebd104e gb-headline-text\"><strong>Perch\u00e9 Vera Smile?<\/strong><\/h2>\n\n\n\n<p>Siamo orgogliosi di offrire ai nostri pazienti un&#8217;assistenza personalizzata e cordiale, le pi\u00f9 recenti tecnologie dentali e un team eccellente. Ti guideremo durante tutto il percorso di sostituzione multipla dei denti in Turchia, assicurandoci di farti sentire a tuo agio, in sicurezza e comfort.<\/p>\n\n\n\n<p>Grazie ai nostri prezzi competitivi, ai pacchetti all-inclusive, alla lunga serie di successi nella trasformazione della vita e del sorriso, alla cultura e all&#8217;ospitalit\u00e0 turca, non \u00e8 mai stato cos\u00ec facile sceglierci per la sostituzione multipla dei denti in Turchia.&nbsp;<\/p>\n\n\n\n<p>Fissa subito un appuntamento e inizia il tuo percorso di cura. Non vediamo l&#8217;ora di partecipare alla tua trasformazione!<\/p>\n\n\n\n<h2 class=\"gb-headline gb-headline-d90344d2 gb-headline-text\"><strong>Domande frequenti<\/strong><\/h2>\n\n\n\n<h3 class=\"gb-headline gb-headline-3ed6ff39 gb-headline-text\"><strong>La sostituzione multipla dei denti \u00e8 dolorosa?<\/strong><\/h3>\n\n\n\n<p>Utilizzeremo l&#8217;anestesia locale o altri metodi sedativi per assicurarci che tu non senta alcun dolore durante l&#8217;intervento di sostituzione multipla dei denti. Tuttavia, dopo l&#8217;operazione \u00e8 possibile avvertire un certo disagio, gonfiore e indolenzimento. Cercheremo di ridurli al minimo con farmaci e istruzioni speciali.&nbsp;<\/p>\n\n\n\n<h3 class=\"gb-headline gb-headline-12c44d99 gb-headline-text\"><strong>Quanto dura la procedura di sostituzione multipla dei denti?<\/strong><\/h3>\n\n\n\n<p>La durata degli interventi di sostituzione multipla dei denti pu\u00f2 variare a seconda del numero di denti da sostituire, della complessit\u00e0 del caso e del processo di guarigione. Quando si far\u00e0 l&#8217;esame di persona, sar\u00e0 tutto pi\u00f9 chiaro.<\/p>\n\n\n\n<h3 class=\"gb-headline gb-headline-b78b5f0e gb-headline-text\"><strong>Quanto durano i denti artificiali?<\/strong><\/h3>\n\n\n\n<p>La durata di vita degli impianti dipende dal tipo di impianto e dalle cure prestate successivamente. Con pratiche di igiene orale e controlli dentali adeguati e regolari, gli impianti possono durare per molti anni. Tuttavia, l&#8217;esperienza di ogni individuo \u00e8 diversa.<\/p>\n\n\n\n<h3 class=\"gb-headline gb-headline-9e59fe61 gb-headline-text\"><strong>\u00c8 possibile sostituire tutti i denti?<\/strong><\/h3>\n\n\n\n<p>S\u00ec, \u00e8 possibile sostituire tutti i denti. Se hai bisogno di questo tipo di trattamento, dopo un esame dettagliato, possiamo determinare il tipo e il numero di trattamenti che possiamo effettuare.<\/p>\n\n<\/div><\/div>\n\n<div class=\"gb-grid-column gb-grid-column-9795dbe7\"><div class=\"gb-container gb-container-9795dbe7 contact-sticky\">\n\n<h4 class=\"gb-headline gb-headline-83925198 gb-headline-text\"><strong>Ottieni una consulenza gratuita<\/strong><\/h4>\n\n\n\n<script charset=\"utf-8\" type=\"text\/javascript\" src=\"\/\/js.hsforms.net\/forms\/embed\/v2.js\"><\/script>\n<script>\n  hbspt.forms.create({\n    region: \"na1\",\n    portalId: \"5077067\",\n    formId: \"23eda31d-ce6e-4e90-b2d9-a7d4f564ed86\"\n  });\n<\/script>\n\n<\/div><\/div>\n<\/div>\n<\/div>","protected":false},"excerpt":{"rendered":"","protected":false},"author":1,"featured_media":9053,"parent":4965,"menu_order":0,"comment_status":"closed","ping_status":"closed","template":"","meta":{"inline_featured_image":false,"footnotes":""},"class_list":{"0":"post-11213","1":"page","2":"type-page","3":"status-publish","4":"has-post-thumbnail","6":"resize-featured-image"},"lang":"it","translations":{"en":1724,"it":11213,"fr":11600,"es":11881,"pt-pt":12111,"de":12397,"ar":13317,"tr":13757},"yoast_head":"<!-- This site is optimized with the Yoast SEO Premium plugin v27.4 (Yoast SEO v27.4) - https:\/\/yoast.com\/product\/yoast-seo-premium-wordpress\/ -->\n<title>Sostituzione multipla dei denti\u00a0 - Vera Smile<\/title>\n<meta name=\"description\" content=\"La sostituzione multipla dei denti in Turchia potrebbe essere la scelta giusta. Scopri come ripristinare il tuo sorriso con gli impianti dentali\" \/>\n<meta name=\"robots\" content=\"index, follow, max-snippet:-1, max-image-preview:large, max-video-preview:-1\" \/>\n<link rel=\"canonical\" href=\"https:\/\/www.verasmile.com\/it\/impianti-dentali\/sostituzione-multipla-dei-denti\/\" \/>\n<meta property=\"og:locale\" content=\"it_IT\" \/>\n<meta property=\"og:type\" content=\"article\" \/>\n<meta property=\"og:title\" content=\"Sostituzione multipla dei denti\u00a0\" \/>\n<meta property=\"og:description\" content=\"La sostituzione multipla dei denti in Turchia potrebbe essere la scelta giusta. Scopri come ripristinare il tuo sorriso con gli impianti dentali\" \/>\n<meta property=\"og:url\" content=\"https:\/\/www.verasmile.com\/it\/impianti-dentali\/sostituzione-multipla-dei-denti\/\" \/>\n<meta property=\"og:site_name\" content=\"Vera Smile\" \/>\n<meta property=\"article:publisher\" content=\"https:\/\/www.facebook.com\/VeraSmileDental\/\" \/>\n<meta property=\"article:modified_time\" content=\"2024-08-06T08:55:06+00:00\" \/>\n<meta property=\"og:image\" content=\"https:\/\/www.verasmile.com\/wp-content\/uploads\/2024\/02\/multple-teeth-implant.webp\" \/>\n\t<meta property=\"og:image:width\" content=\"1440\" \/>\n\t<meta property=\"og:image:height\" content=\"800\" \/>\n\t<meta property=\"og:image:type\" content=\"image\/webp\" \/>\n<meta name=\"twitter:card\" content=\"summary_large_image\" \/>\n<meta name=\"twitter:label1\" content=\"Tempo di lettura stimato\" \/>\n\t<meta name=\"twitter:data1\" content=\"5 minuti\" \/>\n<script type=\"application\/ld+json\" class=\"yoast-schema-graph\">{\"@context\":\"https:\\\/\\\/schema.org\",\"@graph\":[{\"@type\":\"WebPage\",\"@id\":\"https:\\\/\\\/www.verasmile.com\\\/it\\\/impianti-dentali\\\/sostituzione-multipla-dei-denti\\\/\",\"url\":\"https:\\\/\\\/www.verasmile.com\\\/it\\\/impianti-dentali\\\/sostituzione-multipla-dei-denti\\\/\",\"name\":\"Sostituzione multipla dei denti\u00a0 - Vera Smile\",\"isPartOf\":{\"@id\":\"https:\\\/\\\/www.verasmile.com\\\/it\\\/#website\"},\"primaryImageOfPage\":{\"@id\":\"https:\\\/\\\/www.verasmile.com\\\/it\\\/impianti-dentali\\\/sostituzione-multipla-dei-denti\\\/#primaryimage\"},\"image\":{\"@id\":\"https:\\\/\\\/www.verasmile.com\\\/it\\\/impianti-dentali\\\/sostituzione-multipla-dei-denti\\\/#primaryimage\"},\"thumbnailUrl\":\"https:\\\/\\\/www.verasmile.com\\\/wp-content\\\/uploads\\\/2024\\\/02\\\/multple-teeth-implant.webp\",\"datePublished\":\"2023-07-07T09:26:41+00:00\",\"dateModified\":\"2024-08-06T08:55:06+00:00\",\"description\":\"La sostituzione multipla dei denti in Turchia potrebbe essere la scelta giusta. Scopri come ripristinare il tuo sorriso con gli impianti dentali\",\"breadcrumb\":{\"@id\":\"https:\\\/\\\/www.verasmile.com\\\/it\\\/impianti-dentali\\\/sostituzione-multipla-dei-denti\\\/#breadcrumb\"},\"inLanguage\":\"it-IT\",\"potentialAction\":[{\"@type\":\"ReadAction\",\"target\":[\"https:\\\/\\\/www.verasmile.com\\\/it\\\/impianti-dentali\\\/sostituzione-multipla-dei-denti\\\/\"]}]},{\"@type\":\"ImageObject\",\"inLanguage\":\"it-IT\",\"@id\":\"https:\\\/\\\/www.verasmile.com\\\/it\\\/impianti-dentali\\\/sostituzione-multipla-dei-denti\\\/#primaryimage\",\"url\":\"https:\\\/\\\/www.verasmile.com\\\/wp-content\\\/uploads\\\/2024\\\/02\\\/multple-teeth-implant.webp\",\"contentUrl\":\"https:\\\/\\\/www.verasmile.com\\\/wp-content\\\/uploads\\\/2024\\\/02\\\/multple-teeth-implant.webp\",\"width\":1440,\"height\":800,\"caption\":\"Sostituzione multipla dei denti\u00a0\"},{\"@type\":\"BreadcrumbList\",\"@id\":\"https:\\\/\\\/www.verasmile.com\\\/it\\\/impianti-dentali\\\/sostituzione-multipla-dei-denti\\\/#breadcrumb\",\"itemListElement\":[{\"@type\":\"ListItem\",\"position\":1,\"name\":\"Inizio\",\"item\":\"https:\\\/\\\/www.verasmile.com\\\/it\\\/\"},{\"@type\":\"ListItem\",\"position\":2,\"name\":\"Impianti dentali: tipi, procedura, costi e cure post-operatorie\",\"item\":\"https:\\\/\\\/www.verasmile.com\\\/it\\\/impianti-dentali\\\/\"},{\"@type\":\"ListItem\",\"position\":3,\"name\":\"Sostituzione multipla dei denti\u00a0\"}]},{\"@type\":\"WebSite\",\"@id\":\"https:\\\/\\\/www.verasmile.com\\\/it\\\/#website\",\"url\":\"https:\\\/\\\/www.verasmile.com\\\/it\\\/\",\"name\":\"Vera Smile Dental Clinic\",\"description\":\"Dental Clinic in Turkey, Istanbul 2026\",\"publisher\":{\"@id\":\"https:\\\/\\\/www.verasmile.com\\\/it\\\/#organization\"},\"potentialAction\":[{\"@type\":\"SearchAction\",\"target\":{\"@type\":\"EntryPoint\",\"urlTemplate\":\"https:\\\/\\\/www.verasmile.com\\\/it\\\/?s={search_term_string}\"},\"query-input\":{\"@type\":\"PropertyValueSpecification\",\"valueRequired\":true,\"valueName\":\"search_term_string\"}}],\"inLanguage\":\"it-IT\"},{\"@type\":\"Organization\",\"@id\":\"https:\\\/\\\/www.verasmile.com\\\/it\\\/#organization\",\"name\":\"Vera Smile Dental Clinic\",\"url\":\"https:\\\/\\\/www.verasmile.com\\\/it\\\/\",\"logo\":{\"@type\":\"ImageObject\",\"inLanguage\":\"it-IT\",\"@id\":\"https:\\\/\\\/www.verasmile.com\\\/it\\\/#\\\/schema\\\/logo\\\/image\\\/\",\"url\":\"https:\\\/\\\/www.verasmile.com\\\/wp-content\\\/uploads\\\/2026\\\/02\\\/Birles\u0327ik-Logo-scaled.png\",\"contentUrl\":\"https:\\\/\\\/www.verasmile.com\\\/wp-content\\\/uploads\\\/2026\\\/02\\\/Birles\u0327ik-Logo-scaled.png\",\"width\":2560,\"height\":244,\"caption\":\"Vera Smile Dental Clinic\"},\"image\":{\"@id\":\"https:\\\/\\\/www.verasmile.com\\\/it\\\/#\\\/schema\\\/logo\\\/image\\\/\"},\"sameAs\":[\"https:\\\/\\\/www.facebook.com\\\/VeraSmileDental\\\/\",\"https:\\\/\\\/www.instagram.com\\\/verasmile.dental\\\/\"]}]}<\/script>\n<!-- \/ Yoast SEO Premium plugin. -->","yoast_head_json":{"title":"Sostituzione multipla dei denti\u00a0 - Vera Smile","description":"La sostituzione multipla dei denti in Turchia potrebbe essere la scelta giusta. Scopri come ripristinare il tuo sorriso con gli impianti dentali","robots":{"index":"index","follow":"follow","max-snippet":"max-snippet:-1","max-image-preview":"max-image-preview:large","max-video-preview":"max-video-preview:-1"},"canonical":"https:\/\/www.verasmile.com\/it\/impianti-dentali\/sostituzione-multipla-dei-denti\/","og_locale":"it_IT","og_type":"article","og_title":"Sostituzione multipla dei denti\u00a0","og_description":"La sostituzione multipla dei denti in Turchia potrebbe essere la scelta giusta. Scopri come ripristinare il tuo sorriso con gli impianti dentali","og_url":"https:\/\/www.verasmile.com\/it\/impianti-dentali\/sostituzione-multipla-dei-denti\/","og_site_name":"Vera Smile","article_publisher":"https:\/\/www.facebook.com\/VeraSmileDental\/","article_modified_time":"2024-08-06T08:55:06+00:00","og_image":[{"width":1440,"height":800,"url":"https:\/\/www.verasmile.com\/wp-content\/uploads\/2024\/02\/multple-teeth-implant.webp","type":"image\/webp"}],"twitter_card":"summary_large_image","twitter_misc":{"Tempo di lettura stimato":"5 minuti"},"schema":{"@context":"https:\/\/schema.org","@graph":[{"@type":"WebPage","@id":"https:\/\/www.verasmile.com\/it\/impianti-dentali\/sostituzione-multipla-dei-denti\/","url":"https:\/\/www.verasmile.com\/it\/impianti-dentali\/sostituzione-multipla-dei-denti\/","name":"Sostituzione multipla dei denti\u00a0 - Vera Smile","isPartOf":{"@id":"https:\/\/www.verasmile.com\/it\/#website"},"primaryImageOfPage":{"@id":"https:\/\/www.verasmile.com\/it\/impianti-dentali\/sostituzione-multipla-dei-denti\/#primaryimage"},"image":{"@id":"https:\/\/www.verasmile.com\/it\/impianti-dentali\/sostituzione-multipla-dei-denti\/#primaryimage"},"thumbnailUrl":"https:\/\/www.verasmile.com\/wp-content\/uploads\/2024\/02\/multple-teeth-implant.webp","datePublished":"2023-07-07T09:26:41+00:00","dateModified":"2024-08-06T08:55:06+00:00","description":"La sostituzione multipla dei denti in Turchia potrebbe essere la scelta giusta. Scopri come ripristinare il tuo sorriso con gli impianti dentali","breadcrumb":{"@id":"https:\/\/www.verasmile.com\/it\/impianti-dentali\/sostituzione-multipla-dei-denti\/#breadcrumb"},"inLanguage":"it-IT","potentialAction":[{"@type":"ReadAction","target":["https:\/\/www.verasmile.com\/it\/impianti-dentali\/sostituzione-multipla-dei-denti\/"]}]},{"@type":"ImageObject","inLanguage":"it-IT","@id":"https:\/\/www.verasmile.com\/it\/impianti-dentali\/sostituzione-multipla-dei-denti\/#primaryimage","url":"https:\/\/www.verasmile.com\/wp-content\/uploads\/2024\/02\/multple-teeth-implant.webp","contentUrl":"https:\/\/www.verasmile.com\/wp-content\/uploads\/2024\/02\/multple-teeth-implant.webp","width":1440,"height":800,"caption":"Sostituzione multipla dei denti\u00a0"},{"@type":"BreadcrumbList","@id":"https:\/\/www.verasmile.com\/it\/impianti-dentali\/sostituzione-multipla-dei-denti\/#breadcrumb","itemListElement":[{"@type":"ListItem","position":1,"name":"Inizio","item":"https:\/\/www.verasmile.com\/it\/"},{"@type":"ListItem","position":2,"name":"Impianti dentali: tipi, procedura, costi e cure post-operatorie","item":"https:\/\/www.verasmile.com\/it\/impianti-dentali\/"},{"@type":"ListItem","position":3,"name":"Sostituzione multipla dei denti\u00a0"}]},{"@type":"WebSite","@id":"https:\/\/www.verasmile.com\/it\/#website","url":"https:\/\/www.verasmile.com\/it\/","name":"Vera Smile Dental Clinic","description":"Dental Clinic in Turkey, Istanbul 2026","publisher":{"@id":"https:\/\/www.verasmile.com\/it\/#organization"},"potentialAction":[{"@type":"SearchAction","target":{"@type":"EntryPoint","urlTemplate":"https:\/\/www.verasmile.com\/it\/?s={search_term_string}"},"query-input":{"@type":"PropertyValueSpecification","valueRequired":true,"valueName":"search_term_string"}}],"inLanguage":"it-IT"},{"@type":"Organization","@id":"https:\/\/www.verasmile.com\/it\/#organization","name":"Vera Smile Dental Clinic","url":"https:\/\/www.verasmile.com\/it\/","logo":{"@type":"ImageObject","inLanguage":"it-IT","@id":"https:\/\/www.verasmile.com\/it\/#\/schema\/logo\/image\/","url":"https:\/\/www.verasmile.com\/wp-content\/uploads\/2026\/02\/Birles\u0327ik-Logo-scaled.png","contentUrl":"https:\/\/www.verasmile.com\/wp-content\/uploads\/2026\/02\/Birles\u0327ik-Logo-scaled.png","width":2560,"height":244,"caption":"Vera Smile Dental Clinic"},"image":{"@id":"https:\/\/www.verasmile.com\/it\/#\/schema\/logo\/image\/"},"sameAs":["https:\/\/www.facebook.com\/VeraSmileDental\/","https:\/\/www.instagram.com\/verasmile.dental\/"]}]}},"_links":{"self":[{"href":"https:\/\/www.verasmile.com\/it\/wp-json\/wp\/v2\/pages\/11213","targetHints":{"allow":["GET"]}}],"collection":[{"href":"https:\/\/www.verasmile.com\/it\/wp-json\/wp\/v2\/pages"}],"about":[{"href":"https:\/\/www.verasmile.com\/it\/wp-json\/wp\/v2\/types\/page"}],"author":[{"embeddable":true,"href":"https:\/\/www.verasmile.com\/it\/wp-json\/wp\/v2\/users\/1"}],"replies":[{"embeddable":true,"href":"https:\/\/www.verasmile.com\/it\/wp-json\/wp\/v2\/comments?post=11213"}],"version-history":[{"count":0,"href":"https:\/\/www.verasmile.com\/it\/wp-json\/wp\/v2\/pages\/11213\/revisions"}],"up":[{"embeddable":true,"href":"https:\/\/www.verasmile.com\/it\/wp-json\/wp\/v2\/pages\/4965"}],"wp:featuredmedia":[{"embeddable":true,"href":"https:\/\/www.verasmile.com\/it\/wp-json\/wp\/v2\/media\/9053"}],"wp:attachment":[{"href":"https:\/\/www.verasmile.com\/it\/wp-json\/wp\/v2\/media?parent=11213"}],"curies":[{"name":"wp","href":"https:\/\/api.w.org\/{rel}","templated":true}]}}