{"id":11219,"date":"2023-07-07T12:20:34","date_gmt":"2023-07-07T09:20:34","guid":{"rendered":"https:\/\/www.verasmile.com\/?page_id=11219"},"modified":"2025-05-19T14:35:50","modified_gmt":"2025-05-19T11:35:50","slug":"dentiere-parziali-e-complete-in-turchia","status":"publish","type":"page","link":"https:\/\/www.verasmile.com\/it\/dentiere-parziali-e-complete-in-turchia\/","title":{"rendered":"Dentiere parziali e complete in Turchia"},"content":{"rendered":"<div class=\"gb-container gb-container-93a0bc86\">\n<div class=\"gb-grid-wrapper gb-grid-wrapper-6232a014\">\n<div class=\"gb-grid-column gb-grid-column-141c614b\"><div class=\"gb-container gb-container-141c614b\">\n\n<p>La perdita di un dente pu\u00f2 trasformare il semplice atto naturale di sorridere in una fonte di imbarazzo e disagio. Quando il sorriso \u00e8 danneggiato in qualche modo, si esita a sorridere o parlare. Che sia causata da carie, traumi o fattori legati all&#8217;et\u00e0, l&#8217;assenza di denti influisce sulla vita quotidiana e sul benessere a lungo termine. Le dentiere complete e parziali sono tra i trattamenti che prendiamo in considerazione per i pazienti con denti mancanti, soprattutto se per qualche motivo non possono usufruire di impianti dentali. Sono strutture rimovibili progettate per sostituire i denti mancanti nella mascella superiore, inferiore o in entrambe.<\/p>\n\n\n\n<h2 class=\"gb-headline gb-headline-2065268b gb-headline-text\"><strong>Cosa sono le dentiere complete e parziali?<\/strong><\/h2>\n\n\n\n<p>Le dentiere sono protesi rimovibili che sostituiscono i denti mancanti e i tessuti circostanti. Esistono due tipi diversi di dentiera: completa e parziale. Sia che manchino tutti i denti, sia che ne manchino alcuni, queste dentiere su misura sono realizzate per adattarsi comodamente agli spazi vuoti e imitare l&#8217;aspetto naturale dei denti.&nbsp;<\/p>\n\n\n\n<h3 class=\"gb-headline gb-headline-3da99d62 gb-headline-text\"><strong>Dentiera completa<\/strong><\/h3>\n\n\n\n<p>Esistono due tipi di dentiere complete: quelle convenzionali e quelle immediate. Se si tratta di una dentiera convenzionale, si rimuovono i denti danneggiati, si lascia guarire il tessuto gengivale e si posiziona la dentiera, proprio come nel caso di quella immediata, ma con una piccola differenza: il processo di attesa dura dalle otto alle dodici settimane. Tuttavia, \u00e8 pi\u00f9 resistente e confortevole, offrendo una soluzione che durer\u00e0 per tutta la vita.<\/p>\n\n\n\n<p>Le dentiere immediate, invece, sono realizzate in anticipo e possono essere inserite non appena i denti vengono rimossi. Grazie alla protesi immediata, non si resta senza denti durante il periodo di guarigione. Tuttavia, durante il processo di recupero, dovremo effettuare molte regolazioni per adattarla correttamente e, per la sua natura, la consideriamo solo una soluzione temporanea.<\/p>\n\n\n\n<h3 class=\"gb-headline gb-headline-e0b7f582 gb-headline-text\"><strong>Dentiere parziali<\/strong><\/h3>\n\n\n\n<p>Le dentiere parziali sono <a href=\"https:\/\/www.verasmile.com\/it\/odontoiatria-estetica\/trattamento-con-ponte-dentale\/\">ponti dentali<\/a> costituiti da denti sostitutivi attaccati a una base di plastica color gengiva collegata da una struttura metallica. Vengono utilizzate quando sono rimasti alcuni denti naturali. Le dentiere parziali riempiono gli spazi e impediscono che gli altri denti si spostino, cambino posizione e modifichino la forma del viso nel tempo.<\/p>\n\n\n<div class=\"gb-container gb-container-ae85ab7a\">\n\n<figure class=\"gb-block-image gb-block-image-47e2c2d6\"><img loading=\"lazy\" decoding=\"async\" width=\"1620\" height=\"1080\" class=\"gb-image gb-image-47e2c2d6\" src=\"https:\/\/www.verasmile.com\/wp-content\/uploads\/2024\/02\/a-denture-on-a-gypsum-base-in-the-hand-of-a-dentis-2023-11-27-05-10-40-utc-1.webp\" alt=\"Dentiere parziali e complete in Turchia\" title=\"a-denture-on-a-gypsum-base-in-the-hand-of-a-dentis-2023-11-27-05-10-40-utc-1\" srcset=\"https:\/\/www.verasmile.com\/wp-content\/uploads\/2024\/02\/a-denture-on-a-gypsum-base-in-the-hand-of-a-dentis-2023-11-27-05-10-40-utc-1.webp 1620w, https:\/\/www.verasmile.com\/wp-content\/uploads\/2024\/02\/a-denture-on-a-gypsum-base-in-the-hand-of-a-dentis-2023-11-27-05-10-40-utc-1-300x200.webp 300w, https:\/\/www.verasmile.com\/wp-content\/uploads\/2024\/02\/a-denture-on-a-gypsum-base-in-the-hand-of-a-dentis-2023-11-27-05-10-40-utc-1-1024x683.webp 1024w, https:\/\/www.verasmile.com\/wp-content\/uploads\/2024\/02\/a-denture-on-a-gypsum-base-in-the-hand-of-a-dentis-2023-11-27-05-10-40-utc-1-768x512.webp 768w, https:\/\/www.verasmile.com\/wp-content\/uploads\/2024\/02\/a-denture-on-a-gypsum-base-in-the-hand-of-a-dentis-2023-11-27-05-10-40-utc-1-1536x1024.webp 1536w\" sizes=\"auto, (max-width: 1620px) 100vw, 1620px\" \/><\/figure>\n\n<\/div>\n\n\n<h2 class=\"gb-headline gb-headline-aea3eb8b gb-headline-text\"><strong>\u00c8 meglio una dentiera totale o parziale?<\/strong><\/h2>\n\n\n\n<p>La mancanza di denti non \u00e8 un problema da sottovalutare. La salute fisica e psicologica pu\u00f2 subire gravi danni a lungo andare. Per evitare queste conseguenze negative \u00e8 necessario intervenire. Grazie a un esame e a una consulenza con il nostro team, potrai decidere quale sia il metodo migliore da seguire nel tuo caso.&nbsp;<\/p>\n\n\n\n<p>Le dentiere complete e parziali sono tra i trattamenti che utilizziamo per i denti mancanti. Di solito scegliamo uno di essi in base alla situazione del paziente. Se hai una buona salute orale e devi sostituire solo pochi denti, allora la scelta ricade sulle dentiere parziali. Tuttavia, in caso di <a href=\"https:\/\/www.verasmile.com\/it\/impianti-dentali\/sostituzione-multipla-dei-denti\/\">pi\u00f9 denti mancanti<\/a> e di malattie gengivali, si consiglia una dentiera totale.&nbsp;<\/p>\n\n\n\n<h2 class=\"gb-headline gb-headline-c354bc5e gb-headline-text\"><strong>Procedura per dentiera completa e parziale presso Vera Smile<\/strong><\/h2>\n\n\n\n<h3 class=\"gb-headline gb-headline-a96aef3e gb-headline-text\"><strong>Pianificazione preliminare<\/strong><\/h3>\n\n\n\n<p>Dopo la consulenza, elaboriamo un piano di trattamento su misura per il singolo caso. Questo piano potrebbe subire alcune piccole modifiche dopo la visita di persona presso la clinica.&nbsp;<\/p>\n\n\n\n<h3 class=\"gb-headline gb-headline-fec2a136 gb-headline-text\"><strong>Procedura preliminare<\/strong><\/h3>\n\n\n\n<p>Prepariamo il trasporto e l&#8217;alloggio di lusso. Quando arriverai in clinica, ti sottoporremo a un esame dettagliato di persona per garantire che il piano che abbiamo creato su misura sia perfetto per te. Decideremo poi tutto insieme, passo dopo passo, per assicurarci di farti sentire a tuo agio.<\/p>\n\n\n\n<h3 class=\"gb-headline gb-headline-54d42727 gb-headline-text\"><strong>Procedura<\/strong><\/h3>\n\n\n\n<p>Esistono diversi tipi di trattamenti nell&#8217;ambito della procedura per dentiera completa o parziale. A seconda del trattamento, il processo potrebbe essere diverso da quello di altri pazienti. Tuttavia, tutte le dentiere complete e parziali richiedono un&#8217;accurata modellazione e misurazione per la realizzazione di dentiere personalizzate. Ci saranno colloqui per garantire la forma, il colore e la vestibilit\u00e0 adeguati.&nbsp;<\/p>\n\n\n\n<h3 class=\"gb-headline gb-headline-4ec054a1 gb-headline-text\"><strong>Procedura successiva<\/strong><\/h3>\n\n\n\n<p>Dopo l&#8217;intervento, ti daremo istruzioni su come prenderti cura dell&#8217;apparecchiatura dentale e mantenere una buona salute orale.<\/p>\n\n\n\n<h2 class=\"gb-headline gb-headline-2fabf79d gb-headline-text\"><strong>Cure successive alle dentiere complete e parziali<\/strong><\/h2>\n\n\n\n<p>Per i primi due giorni, \u00e8 necessario indossare sempre la dentiera per assicurarsi che tutto funzioni correttamente. Dopo aver superato questa fase, bisogna rimuoverla per una notte intera per consentire alle gengive di riposare. \u00c8 necessario pulirla settimanalmente immergendola in un detergente. Se si utilizzano dentiere parziali, bisogna effettuare una pulizia dei denti ogni tre mesi, in modo da mantenere una buona salute orale.&nbsp;<\/p>\n\n\n\n<h2 class=\"gb-headline gb-headline-df901538 gb-headline-text\"><strong>Quanto costano le dentiere?<\/strong><\/h2>\n\n\n\n<p>A seconda della qualit\u00e0 della protesi, le dentiere complete e parziali possono costare da 300 a 8.000 dollari nel Regno Unito e negli Stati Uniti. Certo, si tratta di un intervallo di prezzi molto ampio, ma il trattamento dipende da molti fattori che impediscono di fornire un costo preciso. Tuttavia, le dentiere parziali e complete di alta qualit\u00e0 saranno sempre costose.&nbsp;<\/p>\n\n\n\n<p>Ma non c&#8217;\u00e8 bisogno di stressarsi: il turismo dentale \u00e8 la soluzione. Con il turismo dentale, puoi ottenere il trattamento che desideri, pi\u00f9 un bel viaggio in Turchia al costo del primo o anche meno. Il costo delle dentiere in Turchia pu\u00f2 variare da 400 a 2.500 dollari, un prezzo decisamente inferiore a quello di altri Paesi. Consulta la nostra pagina dei prezzi per farti un&#8217;idea dei costi delle dentiere in Turchia. Contattaci per un&#8217;analisi completa dei costi, specifica per il tuo caso.\u00a0\u00a0<\/p>\n\n\n\n<h2 class=\"gb-headline gb-headline-9396b1f8 gb-headline-text\"><strong>Perch\u00e9 Vera Smile?<\/strong><\/h2>\n\n\n\n<p>I trattamenti e i servizi che offriamo, le nostre strutture ad alta tecnologia e il fantastico team che abbiamo creato sono a disposizione per farti sentire a tuo agio e in sicurezza prima, durante e dopo l&#8217;intervento. Adattiamo ogni piano di trattamento alle esigenze specifiche di ogni paziente, affinch\u00e9 ognuno riceva una soluzione adeguata ed efficace al suo problema.<\/p>\n\n\n\n<p>Quando il turismo dentale \u00e8 combinato con Vera Smile, hai la certezza di ottenere il sorriso dei tuoi sogni mentre vivi un&#8217;emozionante avventura all&#8217;estero. A Istanbul, in Turchia, uno dei centri del turismo mondiale, scopri l&#8217;eccellenza con Vera Smile.<\/p>\n\n\n\n<h2 class=\"gb-headline gb-headline-90710bf0 gb-headline-text\"><strong>Domande frequenti<\/strong><\/h2>\n\n\n\n<h3 class=\"gb-headline gb-headline-5cc5fd9f gb-headline-text\"><strong>Mangiare con la nuova dentiera sar\u00e0 difficile?<\/strong><\/h3>\n\n\n\n<p>Mangiare dopo aver installato una nuova dentiera pu\u00f2 essere un po&#8217; scomodo all&#8217;inizio. Per sentirti pi\u00f9 a proprio agio con i nuovi denti, inizia con liquidi e cibi morbidi tagliati in piccoli pezzi. Man mano che ci si abitua ogni giorno di pi\u00f9, si torna lentamente alla dieta normale, evitando per\u00f2 i cibi contenenti ossa, appiccicosi e duri.&nbsp;<\/p>\n\n\n\n<h3 class=\"gb-headline gb-headline-3b6a9186 gb-headline-text\"><strong>La dentiera cambier\u00e0 il mio modo di parlare?<\/strong><\/h3>\n\n\n\n<p>La pratica \u00e8 la chiave. Con il tempo ci si abituer\u00e0 a parlare con la dentiera e sar\u00e0 tutto come prima. Tuttavia, se senti che la dentiera scatta in qualche modo mentre parli o se senti che non \u00e8 uniforme da ferma, dovresti farla controllare.&nbsp;<\/p>\n\n\n\n<h3 class=\"gb-headline gb-headline-942ef22f gb-headline-text\"><strong>Devo usare sempre la dentiera?<\/strong><\/h3>\n\n\n\n<p>Dipende dal caso, ma probabilmente ti chiederemo di indossare la dentiera per tutto il tempo durante i primi giorni per assicurarci che tutto sia esattamente come dovrebbe essere. Una volta accertato che non ci sono problemi, si dovrebbe iniziare a rimuovere la dentiera prima di andare a letto, per consentire ai tessuti gengivali di riposare.<\/p>\n\n<\/div><\/div>\n\n<div class=\"gb-grid-column gb-grid-column-9795dbe7\"><div class=\"gb-container gb-container-9795dbe7 contact-sticky\">\n\n<h4 class=\"gb-headline gb-headline-83925198 gb-headline-text\"><strong>Ottieni una consulenza gratuita<\/strong><\/h4>\n\n\n\n<script charset=\"utf-8\" type=\"text\/javascript\" src=\"\/\/js.hsforms.net\/forms\/embed\/v2.js\"><\/script>\n<script>\n  hbspt.forms.create({\n    region: \"na1\",\n    portalId: \"5077067\",\n    formId: \"23eda31d-ce6e-4e90-b2d9-a7d4f564ed86\"\n  });\n<\/script>\n\n<\/div><\/div>\n<\/div>\n<\/div>","protected":false},"excerpt":{"rendered":"","protected":false},"author":1,"featured_media":9116,"parent":0,"menu_order":0,"comment_status":"closed","ping_status":"closed","template":"","meta":{"inline_featured_image":false,"footnotes":""},"class_list":{"0":"post-11219","1":"page","2":"type-page","3":"status-publish","4":"has-post-thumbnail","6":"resize-featured-image"},"lang":"it","translations":{"en":1716,"it":11219,"fr":11616,"es":11888,"pt-pt":12117,"de":12413,"ar":13444,"tr":13767},"yoast_head":"<!-- This site is optimized with the Yoast SEO Premium plugin v27.4 (Yoast SEO v27.4) - https:\/\/yoast.com\/product\/yoast-seo-premium-wordpress\/ -->\n<title>Dentiere parziali e complete in Turchia - Vera Smile<\/title>\n<meta name=\"description\" content=\"Scopri i vantaggi delle dentiere parziali e complete per i denti mancanti. Torna a sorridere con fiducia grazie a Vera Smile.\" \/>\n<meta name=\"robots\" content=\"index, follow, max-snippet:-1, max-image-preview:large, max-video-preview:-1\" \/>\n<link rel=\"canonical\" href=\"https:\/\/www.verasmile.com\/it\/dentiere-parziali-e-complete-in-turchia\/\" \/>\n<meta property=\"og:locale\" content=\"it_IT\" \/>\n<meta property=\"og:type\" content=\"article\" \/>\n<meta property=\"og:title\" content=\"Dentiere parziali e complete in Turchia\" \/>\n<meta property=\"og:description\" content=\"Scopri i vantaggi delle dentiere parziali e complete per i denti mancanti. Torna a sorridere con fiducia grazie a Vera Smile.\" \/>\n<meta property=\"og:url\" content=\"https:\/\/www.verasmile.com\/it\/dentiere-parziali-e-complete-in-turchia\/\" \/>\n<meta property=\"og:site_name\" content=\"Vera Smile\" \/>\n<meta property=\"article:publisher\" content=\"https:\/\/www.facebook.com\/VeraSmileDental\/\" \/>\n<meta property=\"article:modified_time\" content=\"2025-05-19T11:35:50+00:00\" \/>\n<meta property=\"og:image\" content=\"https:\/\/www.verasmile.com\/wp-content\/uploads\/2024\/02\/Partial-and-Complete-Dentures.webp\" \/>\n\t<meta property=\"og:image:width\" content=\"1440\" \/>\n\t<meta property=\"og:image:height\" content=\"800\" \/>\n\t<meta property=\"og:image:type\" content=\"image\/webp\" \/>\n<meta name=\"twitter:card\" content=\"summary_large_image\" \/>\n<meta name=\"twitter:label1\" content=\"Tempo di lettura stimato\" \/>\n\t<meta name=\"twitter:data1\" content=\"1 minuto\" \/>\n<script type=\"application\/ld+json\" class=\"yoast-schema-graph\">{\"@context\":\"https:\\\/\\\/schema.org\",\"@graph\":[{\"@type\":\"WebPage\",\"@id\":\"https:\\\/\\\/www.verasmile.com\\\/it\\\/dentiere-parziali-e-complete-in-turchia\\\/\",\"url\":\"https:\\\/\\\/www.verasmile.com\\\/it\\\/dentiere-parziali-e-complete-in-turchia\\\/\",\"name\":\"Dentiere parziali e complete in Turchia - Vera Smile\",\"isPartOf\":{\"@id\":\"https:\\\/\\\/www.verasmile.com\\\/it\\\/#website\"},\"primaryImageOfPage\":{\"@id\":\"https:\\\/\\\/www.verasmile.com\\\/it\\\/dentiere-parziali-e-complete-in-turchia\\\/#primaryimage\"},\"image\":{\"@id\":\"https:\\\/\\\/www.verasmile.com\\\/it\\\/dentiere-parziali-e-complete-in-turchia\\\/#primaryimage\"},\"thumbnailUrl\":\"https:\\\/\\\/www.verasmile.com\\\/wp-content\\\/uploads\\\/2024\\\/02\\\/Partial-and-Complete-Dentures.webp\",\"datePublished\":\"2023-07-07T09:20:34+00:00\",\"dateModified\":\"2025-05-19T11:35:50+00:00\",\"description\":\"Scopri i vantaggi delle dentiere parziali e complete per i denti mancanti. Torna a sorridere con fiducia grazie a Vera Smile.\",\"breadcrumb\":{\"@id\":\"https:\\\/\\\/www.verasmile.com\\\/it\\\/dentiere-parziali-e-complete-in-turchia\\\/#breadcrumb\"},\"inLanguage\":\"it-IT\",\"potentialAction\":[{\"@type\":\"ReadAction\",\"target\":[\"https:\\\/\\\/www.verasmile.com\\\/it\\\/dentiere-parziali-e-complete-in-turchia\\\/\"]}]},{\"@type\":\"ImageObject\",\"inLanguage\":\"it-IT\",\"@id\":\"https:\\\/\\\/www.verasmile.com\\\/it\\\/dentiere-parziali-e-complete-in-turchia\\\/#primaryimage\",\"url\":\"https:\\\/\\\/www.verasmile.com\\\/wp-content\\\/uploads\\\/2024\\\/02\\\/Partial-and-Complete-Dentures.webp\",\"contentUrl\":\"https:\\\/\\\/www.verasmile.com\\\/wp-content\\\/uploads\\\/2024\\\/02\\\/Partial-and-Complete-Dentures.webp\",\"width\":1440,\"height\":800,\"caption\":\"Dentiere parziali e complete in Turchia\"},{\"@type\":\"BreadcrumbList\",\"@id\":\"https:\\\/\\\/www.verasmile.com\\\/it\\\/dentiere-parziali-e-complete-in-turchia\\\/#breadcrumb\",\"itemListElement\":[{\"@type\":\"ListItem\",\"position\":1,\"name\":\"Inizio\",\"item\":\"https:\\\/\\\/www.verasmile.com\\\/it\\\/\"},{\"@type\":\"ListItem\",\"position\":2,\"name\":\"Dentiere parziali e complete in Turchia\"}]},{\"@type\":\"WebSite\",\"@id\":\"https:\\\/\\\/www.verasmile.com\\\/it\\\/#website\",\"url\":\"https:\\\/\\\/www.verasmile.com\\\/it\\\/\",\"name\":\"Vera Smile Dental Clinic\",\"description\":\"Dental Clinic in Turkey, Istanbul 2026\",\"publisher\":{\"@id\":\"https:\\\/\\\/www.verasmile.com\\\/it\\\/#organization\"},\"potentialAction\":[{\"@type\":\"SearchAction\",\"target\":{\"@type\":\"EntryPoint\",\"urlTemplate\":\"https:\\\/\\\/www.verasmile.com\\\/it\\\/?s={search_term_string}\"},\"query-input\":{\"@type\":\"PropertyValueSpecification\",\"valueRequired\":true,\"valueName\":\"search_term_string\"}}],\"inLanguage\":\"it-IT\"},{\"@type\":\"Organization\",\"@id\":\"https:\\\/\\\/www.verasmile.com\\\/it\\\/#organization\",\"name\":\"Vera Smile Dental Clinic\",\"url\":\"https:\\\/\\\/www.verasmile.com\\\/it\\\/\",\"logo\":{\"@type\":\"ImageObject\",\"inLanguage\":\"it-IT\",\"@id\":\"https:\\\/\\\/www.verasmile.com\\\/it\\\/#\\\/schema\\\/logo\\\/image\\\/\",\"url\":\"https:\\\/\\\/www.verasmile.com\\\/wp-content\\\/uploads\\\/2026\\\/02\\\/Birles\u0327ik-Logo-scaled.png\",\"contentUrl\":\"https:\\\/\\\/www.verasmile.com\\\/wp-content\\\/uploads\\\/2026\\\/02\\\/Birles\u0327ik-Logo-scaled.png\",\"width\":2560,\"height\":244,\"caption\":\"Vera Smile Dental Clinic\"},\"image\":{\"@id\":\"https:\\\/\\\/www.verasmile.com\\\/it\\\/#\\\/schema\\\/logo\\\/image\\\/\"},\"sameAs\":[\"https:\\\/\\\/www.facebook.com\\\/VeraSmileDental\\\/\",\"https:\\\/\\\/www.instagram.com\\\/verasmile.dental\\\/\"]}]}<\/script>\n<!-- \/ Yoast SEO Premium plugin. -->","yoast_head_json":{"title":"Dentiere parziali e complete in Turchia - Vera Smile","description":"Scopri i vantaggi delle dentiere parziali e complete per i denti mancanti. Torna a sorridere con fiducia grazie a Vera Smile.","robots":{"index":"index","follow":"follow","max-snippet":"max-snippet:-1","max-image-preview":"max-image-preview:large","max-video-preview":"max-video-preview:-1"},"canonical":"https:\/\/www.verasmile.com\/it\/dentiere-parziali-e-complete-in-turchia\/","og_locale":"it_IT","og_type":"article","og_title":"Dentiere parziali e complete in Turchia","og_description":"Scopri i vantaggi delle dentiere parziali e complete per i denti mancanti. Torna a sorridere con fiducia grazie a Vera Smile.","og_url":"https:\/\/www.verasmile.com\/it\/dentiere-parziali-e-complete-in-turchia\/","og_site_name":"Vera Smile","article_publisher":"https:\/\/www.facebook.com\/VeraSmileDental\/","article_modified_time":"2025-05-19T11:35:50+00:00","og_image":[{"width":1440,"height":800,"url":"https:\/\/www.verasmile.com\/wp-content\/uploads\/2024\/02\/Partial-and-Complete-Dentures.webp","type":"image\/webp"}],"twitter_card":"summary_large_image","twitter_misc":{"Tempo di lettura stimato":"1 minuto"},"schema":{"@context":"https:\/\/schema.org","@graph":[{"@type":"WebPage","@id":"https:\/\/www.verasmile.com\/it\/dentiere-parziali-e-complete-in-turchia\/","url":"https:\/\/www.verasmile.com\/it\/dentiere-parziali-e-complete-in-turchia\/","name":"Dentiere parziali e complete in Turchia - Vera Smile","isPartOf":{"@id":"https:\/\/www.verasmile.com\/it\/#website"},"primaryImageOfPage":{"@id":"https:\/\/www.verasmile.com\/it\/dentiere-parziali-e-complete-in-turchia\/#primaryimage"},"image":{"@id":"https:\/\/www.verasmile.com\/it\/dentiere-parziali-e-complete-in-turchia\/#primaryimage"},"thumbnailUrl":"https:\/\/www.verasmile.com\/wp-content\/uploads\/2024\/02\/Partial-and-Complete-Dentures.webp","datePublished":"2023-07-07T09:20:34+00:00","dateModified":"2025-05-19T11:35:50+00:00","description":"Scopri i vantaggi delle dentiere parziali e complete per i denti mancanti. Torna a sorridere con fiducia grazie a Vera Smile.","breadcrumb":{"@id":"https:\/\/www.verasmile.com\/it\/dentiere-parziali-e-complete-in-turchia\/#breadcrumb"},"inLanguage":"it-IT","potentialAction":[{"@type":"ReadAction","target":["https:\/\/www.verasmile.com\/it\/dentiere-parziali-e-complete-in-turchia\/"]}]},{"@type":"ImageObject","inLanguage":"it-IT","@id":"https:\/\/www.verasmile.com\/it\/dentiere-parziali-e-complete-in-turchia\/#primaryimage","url":"https:\/\/www.verasmile.com\/wp-content\/uploads\/2024\/02\/Partial-and-Complete-Dentures.webp","contentUrl":"https:\/\/www.verasmile.com\/wp-content\/uploads\/2024\/02\/Partial-and-Complete-Dentures.webp","width":1440,"height":800,"caption":"Dentiere parziali e complete in Turchia"},{"@type":"BreadcrumbList","@id":"https:\/\/www.verasmile.com\/it\/dentiere-parziali-e-complete-in-turchia\/#breadcrumb","itemListElement":[{"@type":"ListItem","position":1,"name":"Inizio","item":"https:\/\/www.verasmile.com\/it\/"},{"@type":"ListItem","position":2,"name":"Dentiere parziali e complete in Turchia"}]},{"@type":"WebSite","@id":"https:\/\/www.verasmile.com\/it\/#website","url":"https:\/\/www.verasmile.com\/it\/","name":"Vera Smile Dental Clinic","description":"Dental Clinic in Turkey, Istanbul 2026","publisher":{"@id":"https:\/\/www.verasmile.com\/it\/#organization"},"potentialAction":[{"@type":"SearchAction","target":{"@type":"EntryPoint","urlTemplate":"https:\/\/www.verasmile.com\/it\/?s={search_term_string}"},"query-input":{"@type":"PropertyValueSpecification","valueRequired":true,"valueName":"search_term_string"}}],"inLanguage":"it-IT"},{"@type":"Organization","@id":"https:\/\/www.verasmile.com\/it\/#organization","name":"Vera Smile Dental Clinic","url":"https:\/\/www.verasmile.com\/it\/","logo":{"@type":"ImageObject","inLanguage":"it-IT","@id":"https:\/\/www.verasmile.com\/it\/#\/schema\/logo\/image\/","url":"https:\/\/www.verasmile.com\/wp-content\/uploads\/2026\/02\/Birles\u0327ik-Logo-scaled.png","contentUrl":"https:\/\/www.verasmile.com\/wp-content\/uploads\/2026\/02\/Birles\u0327ik-Logo-scaled.png","width":2560,"height":244,"caption":"Vera Smile Dental Clinic"},"image":{"@id":"https:\/\/www.verasmile.com\/it\/#\/schema\/logo\/image\/"},"sameAs":["https:\/\/www.facebook.com\/VeraSmileDental\/","https:\/\/www.instagram.com\/verasmile.dental\/"]}]}},"_links":{"self":[{"href":"https:\/\/www.verasmile.com\/it\/wp-json\/wp\/v2\/pages\/11219","targetHints":{"allow":["GET"]}}],"collection":[{"href":"https:\/\/www.verasmile.com\/it\/wp-json\/wp\/v2\/pages"}],"about":[{"href":"https:\/\/www.verasmile.com\/it\/wp-json\/wp\/v2\/types\/page"}],"author":[{"embeddable":true,"href":"https:\/\/www.verasmile.com\/it\/wp-json\/wp\/v2\/users\/1"}],"replies":[{"embeddable":true,"href":"https:\/\/www.verasmile.com\/it\/wp-json\/wp\/v2\/comments?post=11219"}],"version-history":[{"count":1,"href":"https:\/\/www.verasmile.com\/it\/wp-json\/wp\/v2\/pages\/11219\/revisions"}],"predecessor-version":[{"id":26008,"href":"https:\/\/www.verasmile.com\/it\/wp-json\/wp\/v2\/pages\/11219\/revisions\/26008"}],"wp:featuredmedia":[{"embeddable":true,"href":"https:\/\/www.verasmile.com\/it\/wp-json\/wp\/v2\/media\/9116"}],"wp:attachment":[{"href":"https:\/\/www.verasmile.com\/it\/wp-json\/wp\/v2\/media?parent=11219"}],"curies":[{"name":"wp","href":"https:\/\/api.w.org\/{rel}","templated":true}]}}