{"id":11255,"date":"2023-07-04T13:59:23","date_gmt":"2023-07-04T10:59:23","guid":{"rendered":"https:\/\/www.verasmile.com\/?page_id=11255"},"modified":"2025-12-26T14:48:41","modified_gmt":"2025-12-26T11:48:41","slug":"mumin-manassra","status":"publish","type":"page","link":"https:\/\/www.verasmile.com\/it\/i-nostri-medici\/mumin-manassra\/","title":{"rendered":"M\u00fcmin Manassra"},"content":{"rendered":"<div class=\"gb-container gb-container-93ebf1d4\">\n<div class=\"gb-container gb-container-583134d3\">\n<div class=\"gb-container gb-container-664ba1de\">\n\n<h2 class=\"gb-headline gb-headline-8685741e gb-headline-text\">M\u00fcmin Manassra<\/h2>\n\n\n\n<p class=\"gb-headline gb-headline-05d5d85a gb-headline-text\">Il dott. M\u00fcmin Manassra si \u00e8 laureato presso la Facolt\u00e0 di Odontoiatria dell&#8217;Universit\u00e0 di Atat\u00fcrk nel 2017. Ha poi trascorso i sette anni successivi lavorando come esperto di odontoiatria presso diverse istituzioni mediche dentistiche.<br><br>M\u00fcmin Manassra ha sette anni di esperienza in interventi odontoiatrici e possiede eccellenti capacit\u00e0, oltre a un&#8217;ampia conoscenza delle procedure dentistiche. Fino ad oggi ha trattato con successo molti casi odontoiatrici. \u00c8 un noto professionista dentale e uno dei migliori dentisti della Turchia.<br><br>Il suo lavoro, cos\u00ec come le numerose certificazioni e i corsi che ha completato, hanno caratteristiche comuni: accuratezza e impegno per la precisione.<\/p>\n\n<\/div>\n\n<div class=\"gb-container gb-container-964b457a\">\n<div class=\"gb-container gb-container-4778c435 light-container-inside-page-nt-2\"><\/div>\n<\/div>\n<\/div>\n\n<div class=\"gb-container gb-container-f7e945cb\">\n<div class=\"gb-container gb-container-9e7beb3c\" id=\"fill-form\">\n\n<h3 class=\"wp-block-heading has-text-align-center has-contrast-color has-text-color has-link-color wp-elements-7803ca7ce2f977d14a87e4af3b1aa2de\" id=\"h-ottieni-una-consulenza-gratuita\"><strong>Ottieni una consulenza gratuita<\/strong><\/h3>\n\n\n\n<script charset=\"utf-8\" type=\"text\/javascript\" src=\"\/\/js.hsforms.net\/forms\/embed\/v2.js\"><\/script>\n<script>\n  hbspt.forms.create({\n    region: \"na1\",\n    portalId: \"5077067\",\n    formId: \"23eda31d-ce6e-4e90-b2d9-a7d4f564ed86\"\n  });\n<\/script>\n\n<\/div>\n<\/div>\n<\/div>","protected":false},"excerpt":{"rendered":"<p>M\u00fcmin Manassra Il dott. M\u00fcmin Manassra si \u00e8 laureato presso la Facolt\u00e0 di Odontoiatria dell&#8217;Universit\u00e0 di Atat\u00fcrk nel 2017. Ha poi trascorso i sette anni<\/p>\n","protected":false},"author":1,"featured_media":0,"parent":33991,"menu_order":0,"comment_status":"closed","ping_status":"closed","template":"","meta":{"inline_featured_image":false,"footnotes":""},"class_list":["post-11255","page","type-page","status-publish"],"lang":"it","translations":{"en":1502,"it":11255,"fr":11690,"es":11922,"pt-pt":12151,"de":12486,"ar":13475,"tr":13644},"yoast_head":"<!-- This site is optimized with the Yoast SEO Premium plugin v27.4 (Yoast SEO v27.4) - https:\/\/yoast.com\/product\/yoast-seo-premium-wordpress\/ -->\n<title>M\u00fcmin Manassra - Vera Smile<\/title>\n<meta name=\"description\" content=\"Il dott. M\u00fcmin Manassra si \u00e8 laureato presso la Facolt\u00e0 di Odontoiatria dell&#039;Universit\u00e0 di Atat\u00fcrk nel 2017. Ha poi trascorso i sette anni successivi lavorando come...\" \/>\n<meta name=\"robots\" content=\"index, follow, max-snippet:-1, max-image-preview:large, max-video-preview:-1\" \/>\n<link rel=\"canonical\" href=\"https:\/\/www.verasmile.com\/it\/i-nostri-medici\/mumin-manassra\/\" \/>\n<meta property=\"og:locale\" content=\"it_IT\" \/>\n<meta property=\"og:type\" content=\"article\" \/>\n<meta property=\"og:title\" content=\"M\u00fcmin Manassra\" \/>\n<meta property=\"og:description\" content=\"Il dott. M\u00fcmin Manassra si \u00e8 laureato presso la Facolt\u00e0 di Odontoiatria dell&#039;Universit\u00e0 di Atat\u00fcrk nel 2017. Ha poi trascorso i sette anni successivi lavorando come...\" \/>\n<meta property=\"og:url\" content=\"https:\/\/www.verasmile.com\/it\/i-nostri-medici\/mumin-manassra\/\" \/>\n<meta property=\"og:site_name\" content=\"Vera Smile\" \/>\n<meta property=\"article:publisher\" content=\"https:\/\/www.facebook.com\/VeraSmileDental\/\" \/>\n<meta property=\"article:modified_time\" content=\"2025-12-26T11:48:41+00:00\" \/>\n<meta name=\"twitter:card\" content=\"summary_large_image\" \/>\n<meta name=\"twitter:label1\" content=\"Tempo di lettura stimato\" \/>\n\t<meta name=\"twitter:data1\" content=\"1 minuto\" \/>\n<script type=\"application\/ld+json\" class=\"yoast-schema-graph\">{\"@context\":\"https:\\\/\\\/schema.org\",\"@graph\":[{\"@type\":\"WebPage\",\"@id\":\"https:\\\/\\\/www.verasmile.com\\\/it\\\/i-nostri-medici\\\/mumin-manassra\\\/\",\"url\":\"https:\\\/\\\/www.verasmile.com\\\/it\\\/i-nostri-medici\\\/mumin-manassra\\\/\",\"name\":\"M\u00fcmin Manassra - Vera Smile\",\"isPartOf\":{\"@id\":\"https:\\\/\\\/www.verasmile.com\\\/it\\\/#website\"},\"datePublished\":\"2023-07-04T10:59:23+00:00\",\"dateModified\":\"2025-12-26T11:48:41+00:00\",\"description\":\"Il dott. M\u00fcmin Manassra si \u00e8 laureato presso la Facolt\u00e0 di Odontoiatria dell'Universit\u00e0 di Atat\u00fcrk nel 2017. Ha poi trascorso i sette anni successivi lavorando come...\",\"breadcrumb\":{\"@id\":\"https:\\\/\\\/www.verasmile.com\\\/it\\\/i-nostri-medici\\\/mumin-manassra\\\/#breadcrumb\"},\"inLanguage\":\"it-IT\",\"potentialAction\":[{\"@type\":\"ReadAction\",\"target\":[\"https:\\\/\\\/www.verasmile.com\\\/it\\\/i-nostri-medici\\\/mumin-manassra\\\/\"]}]},{\"@type\":\"BreadcrumbList\",\"@id\":\"https:\\\/\\\/www.verasmile.com\\\/it\\\/i-nostri-medici\\\/mumin-manassra\\\/#breadcrumb\",\"itemListElement\":[{\"@type\":\"ListItem\",\"position\":1,\"name\":\"Inizio\",\"item\":\"https:\\\/\\\/www.verasmile.com\\\/it\\\/\"},{\"@type\":\"ListItem\",\"position\":2,\"name\":\"I nostri medici\",\"item\":\"https:\\\/\\\/www.verasmile.com\\\/it\\\/i-nostri-medici\\\/\"},{\"@type\":\"ListItem\",\"position\":3,\"name\":\"M\u00fcmin Manassra\"}]},{\"@type\":\"WebSite\",\"@id\":\"https:\\\/\\\/www.verasmile.com\\\/it\\\/#website\",\"url\":\"https:\\\/\\\/www.verasmile.com\\\/it\\\/\",\"name\":\"Vera Smile Dental Clinic\",\"description\":\"Dental Clinic in Turkey, Istanbul 2026\",\"publisher\":{\"@id\":\"https:\\\/\\\/www.verasmile.com\\\/it\\\/#organization\"},\"potentialAction\":[{\"@type\":\"SearchAction\",\"target\":{\"@type\":\"EntryPoint\",\"urlTemplate\":\"https:\\\/\\\/www.verasmile.com\\\/it\\\/?s={search_term_string}\"},\"query-input\":{\"@type\":\"PropertyValueSpecification\",\"valueRequired\":true,\"valueName\":\"search_term_string\"}}],\"inLanguage\":\"it-IT\"},{\"@type\":\"Organization\",\"@id\":\"https:\\\/\\\/www.verasmile.com\\\/it\\\/#organization\",\"name\":\"Vera Smile Dental Clinic\",\"url\":\"https:\\\/\\\/www.verasmile.com\\\/it\\\/\",\"logo\":{\"@type\":\"ImageObject\",\"inLanguage\":\"it-IT\",\"@id\":\"https:\\\/\\\/www.verasmile.com\\\/it\\\/#\\\/schema\\\/logo\\\/image\\\/\",\"url\":\"https:\\\/\\\/www.verasmile.com\\\/wp-content\\\/uploads\\\/2026\\\/02\\\/Birles\u0327ik-Logo-scaled.png\",\"contentUrl\":\"https:\\\/\\\/www.verasmile.com\\\/wp-content\\\/uploads\\\/2026\\\/02\\\/Birles\u0327ik-Logo-scaled.png\",\"width\":2560,\"height\":244,\"caption\":\"Vera Smile Dental Clinic\"},\"image\":{\"@id\":\"https:\\\/\\\/www.verasmile.com\\\/it\\\/#\\\/schema\\\/logo\\\/image\\\/\"},\"sameAs\":[\"https:\\\/\\\/www.facebook.com\\\/VeraSmileDental\\\/\",\"https:\\\/\\\/www.instagram.com\\\/verasmile.dental\\\/\"]}]}<\/script>\n<!-- \/ Yoast SEO Premium plugin. -->","yoast_head_json":{"title":"M\u00fcmin Manassra - Vera Smile","description":"Il dott. M\u00fcmin Manassra si \u00e8 laureato presso la Facolt\u00e0 di Odontoiatria dell'Universit\u00e0 di Atat\u00fcrk nel 2017. Ha poi trascorso i sette anni successivi lavorando come...","robots":{"index":"index","follow":"follow","max-snippet":"max-snippet:-1","max-image-preview":"max-image-preview:large","max-video-preview":"max-video-preview:-1"},"canonical":"https:\/\/www.verasmile.com\/it\/i-nostri-medici\/mumin-manassra\/","og_locale":"it_IT","og_type":"article","og_title":"M\u00fcmin Manassra","og_description":"Il dott. M\u00fcmin Manassra si \u00e8 laureato presso la Facolt\u00e0 di Odontoiatria dell'Universit\u00e0 di Atat\u00fcrk nel 2017. Ha poi trascorso i sette anni successivi lavorando come...","og_url":"https:\/\/www.verasmile.com\/it\/i-nostri-medici\/mumin-manassra\/","og_site_name":"Vera Smile","article_publisher":"https:\/\/www.facebook.com\/VeraSmileDental\/","article_modified_time":"2025-12-26T11:48:41+00:00","twitter_card":"summary_large_image","twitter_misc":{"Tempo di lettura stimato":"1 minuto"},"schema":{"@context":"https:\/\/schema.org","@graph":[{"@type":"WebPage","@id":"https:\/\/www.verasmile.com\/it\/i-nostri-medici\/mumin-manassra\/","url":"https:\/\/www.verasmile.com\/it\/i-nostri-medici\/mumin-manassra\/","name":"M\u00fcmin Manassra - Vera Smile","isPartOf":{"@id":"https:\/\/www.verasmile.com\/it\/#website"},"datePublished":"2023-07-04T10:59:23+00:00","dateModified":"2025-12-26T11:48:41+00:00","description":"Il dott. M\u00fcmin Manassra si \u00e8 laureato presso la Facolt\u00e0 di Odontoiatria dell'Universit\u00e0 di Atat\u00fcrk nel 2017. Ha poi trascorso i sette anni successivi lavorando come...","breadcrumb":{"@id":"https:\/\/www.verasmile.com\/it\/i-nostri-medici\/mumin-manassra\/#breadcrumb"},"inLanguage":"it-IT","potentialAction":[{"@type":"ReadAction","target":["https:\/\/www.verasmile.com\/it\/i-nostri-medici\/mumin-manassra\/"]}]},{"@type":"BreadcrumbList","@id":"https:\/\/www.verasmile.com\/it\/i-nostri-medici\/mumin-manassra\/#breadcrumb","itemListElement":[{"@type":"ListItem","position":1,"name":"Inizio","item":"https:\/\/www.verasmile.com\/it\/"},{"@type":"ListItem","position":2,"name":"I nostri medici","item":"https:\/\/www.verasmile.com\/it\/i-nostri-medici\/"},{"@type":"ListItem","position":3,"name":"M\u00fcmin Manassra"}]},{"@type":"WebSite","@id":"https:\/\/www.verasmile.com\/it\/#website","url":"https:\/\/www.verasmile.com\/it\/","name":"Vera Smile Dental Clinic","description":"Dental Clinic in Turkey, Istanbul 2026","publisher":{"@id":"https:\/\/www.verasmile.com\/it\/#organization"},"potentialAction":[{"@type":"SearchAction","target":{"@type":"EntryPoint","urlTemplate":"https:\/\/www.verasmile.com\/it\/?s={search_term_string}"},"query-input":{"@type":"PropertyValueSpecification","valueRequired":true,"valueName":"search_term_string"}}],"inLanguage":"it-IT"},{"@type":"Organization","@id":"https:\/\/www.verasmile.com\/it\/#organization","name":"Vera Smile Dental Clinic","url":"https:\/\/www.verasmile.com\/it\/","logo":{"@type":"ImageObject","inLanguage":"it-IT","@id":"https:\/\/www.verasmile.com\/it\/#\/schema\/logo\/image\/","url":"https:\/\/www.verasmile.com\/wp-content\/uploads\/2026\/02\/Birles\u0327ik-Logo-scaled.png","contentUrl":"https:\/\/www.verasmile.com\/wp-content\/uploads\/2026\/02\/Birles\u0327ik-Logo-scaled.png","width":2560,"height":244,"caption":"Vera Smile Dental Clinic"},"image":{"@id":"https:\/\/www.verasmile.com\/it\/#\/schema\/logo\/image\/"},"sameAs":["https:\/\/www.facebook.com\/VeraSmileDental\/","https:\/\/www.instagram.com\/verasmile.dental\/"]}]}},"_links":{"self":[{"href":"https:\/\/www.verasmile.com\/it\/wp-json\/wp\/v2\/pages\/11255","targetHints":{"allow":["GET"]}}],"collection":[{"href":"https:\/\/www.verasmile.com\/it\/wp-json\/wp\/v2\/pages"}],"about":[{"href":"https:\/\/www.verasmile.com\/it\/wp-json\/wp\/v2\/types\/page"}],"author":[{"embeddable":true,"href":"https:\/\/www.verasmile.com\/it\/wp-json\/wp\/v2\/users\/1"}],"replies":[{"embeddable":true,"href":"https:\/\/www.verasmile.com\/it\/wp-json\/wp\/v2\/comments?post=11255"}],"version-history":[{"count":1,"href":"https:\/\/www.verasmile.com\/it\/wp-json\/wp\/v2\/pages\/11255\/revisions"}],"predecessor-version":[{"id":25234,"href":"https:\/\/www.verasmile.com\/it\/wp-json\/wp\/v2\/pages\/11255\/revisions\/25234"}],"up":[{"embeddable":true,"href":"https:\/\/www.verasmile.com\/it\/wp-json\/wp\/v2\/pages\/33991"}],"wp:attachment":[{"href":"https:\/\/www.verasmile.com\/it\/wp-json\/wp\/v2\/media?parent=11255"}],"curies":[{"name":"wp","href":"https:\/\/api.w.org\/{rel}","templated":true}]}}