{"id":13100,"date":"2023-07-07T12:45:01","date_gmt":"2023-07-07T09:45:01","guid":{"rendered":"https:\/\/www.verasmile.com\/?page_id=13100"},"modified":"2025-05-19T12:44:02","modified_gmt":"2025-05-19T09:44:02","slug":"odontoiatria-in-giornata","status":"publish","type":"page","link":"https:\/\/www.verasmile.com\/it\/odontoiatria-in-giornata\/","title":{"rendered":"Odontoiatria in giornata"},"content":{"rendered":"<div class=\"gb-container gb-container-1468eb1a\">\n<div class=\"gb-grid-wrapper gb-grid-wrapper-6232a014\">\n<div class=\"gb-grid-column gb-grid-column-141c614b\"><div class=\"gb-container gb-container-141c614b\">\n\n<p>L&#8217;odontoiatria in giornata \u00e8 un fiore all&#8217;occhiello, che eleva il turismo dentale a scelta privilegiata nel mondo dentistico. Con gli impegni quotidiani e il desiderio di immergersi nello splendore di una citt\u00e0 straniera piuttosto che passare del tempo in una clinica, l&#8217;odontoiatria in giornata rende il turismo dentale un&#8217;opzione ancora migliore di quanto non sia gi\u00e0.<\/p>\n\n\n\n<h2 class=\"wp-block-heading\" id=\"h-che-cos-e-l-odontoiatria-in-giornata\"><strong>Che cos&#8217;\u00e8 l&#8217;odontoiatria in giornata?<\/strong><\/h2>\n\n\n\n<p>Grazie alla tecnologia all&#8217;avanguardia, alle tecniche di nuova concezione e alla professionalit\u00e0 del nostro team, offriamo il trattamento che cerchi in un solo giorno. Odontoiatria in giornata significa essenzialmente questo: il trattamento nell&#8217;arco di un solo giorno. La procedura \u00e8 resa possibile dall&#8217;uso di tecnologie avanzate, come la tecnologia CAD\/CAM (computer-aided design\/computer-aided manufacturing). Trascorrerai un solo giorno in clinica e non dovrai pi\u00f9 pensarci! I trattamenti di odontoiatria in giornata includono:<\/p>\n\n\n\n<ul class=\"wp-block-list\">\n<li><a href=\"https:\/\/www.verasmile.com\/it\/sbiancamento-dei-denti\/\">Sbiancamento dei denti<\/a>&nbsp;<\/li>\n\n\n\n<li><a href=\"https:\/\/www.verasmile.com\/it\/impianti-dentali\/impianti-dentali-immediati\/\">Impianti immediati&nbsp;<\/a><\/li>\n\n\n\n<li>Otturazioni&nbsp;<\/li>\n\n\n\n<li>Canale radicolare&nbsp;<\/li>\n\n\n\n<li><a href=\"https:\/\/www.verasmile.com\/it\/odontoiatria-estetica\/bonding-dentale\/\">Bonding&nbsp;<\/a><\/li>\n\n\n\n<li>Pulizia dei denti&nbsp;<\/li>\n\n\n\n<li>Operazioni parodontali&nbsp;<\/li>\n\n\n\n<li>Corone temporanee ecc.<\/li>\n<\/ul>\n\n\n\n<p>Non \u00e8 necessario attendere dei giorni per ricevere le cure dentistiche. Comprendendo l&#8217;importanza di ogni minuto per il turismo dentale, siamo qui per guidarti con professionalit\u00e0 nel processo di odontoiatria in giornata.&nbsp;<\/p>\n\n\n\n<h2 class=\"wp-block-heading\" id=\"h-procedure-di-odontoiatria-in-giornata-presso-vera-smile\"><strong>Procedure di odontoiatria in giornata presso Vera Smile<\/strong><\/h2>\n\n\n\n<h3 class=\"wp-block-heading\" id=\"h-pianificazione-preliminare\"><strong>Pianificazione preliminare<\/strong><\/h3>\n\n\n\n<p>Se ci contatti inviandoci le tue <a href=\"https:\/\/www.verasmile.com\/it\/scattare-fotografie-per-una-consulenza-dentistica\/\">foto dentali<\/a>, effettuiamo una consulenza online gratuita, elaboriamo un piano di trattamento e ti offriamo un pacchetto di offerte. Quando confermerai questo pacchetto, prepareremo i dettagli per il trasporto e l&#8217;alloggio. Vogliamo offrire un&#8217;esperienza confortevole ed eccellente; per questo ci occupiamo di tutto, anche della barriera linguistica. Questi servizi extra saranno inclusi nel pacchetto che offerto all&#8217;inizio, quindi non ci saranno spese impreviste.&nbsp;<\/p>\n\n\n\n<h3 class=\"wp-block-heading\" id=\"h-procedura-preliminare\"><strong>Procedura preliminare<\/strong><\/h3>\n\n\n\n<p>Prima dell&#8217;intervento, il paziente viene sottoposto ad alcuni test e a una consulenza di persona per assicurarsi che il trattamento previsto vada secondo i piani. Dopo esserci assicurati che tutto sia come dovrebbe, procediamo con il trattamento.&nbsp;<\/p>\n\n\n\n<h3 class=\"wp-block-heading\" id=\"h-procedura\"><strong>Procedura<\/strong><\/h3>\n\n\n\n<p>Ci sono diversi tipi di trattamenti che offriamo sotto la categoria &#8220;odontoiatria in giornata&#8221;. La procedura da seguire \u00e8 diversa per ogni trattamento. In alcuni casi necessari, combiniamo alcuni interventi per risolvere il problema da affrontare. Naturalmente, in questi casi, la procedura diventa pi\u00f9 complicata e pi\u00f9 lunga del normale.&nbsp;<\/p>\n\n\n\n<p>Poich\u00e9 ci sono molti elementi da considerare per una procedura che fa parte dei trattamenti di odontoiatria in giornata, consigliamo di contattarci per ottenere informazioni dettagliate e pi\u00f9 precise in merito al caso specifico.<\/p>\n\n\n\n<h3 class=\"wp-block-heading\" id=\"h-procedura-successiva\"><strong>Procedura successiva<\/strong><\/h3>\n\n\n\n<p>Per la maggior parte dei trattamenti di odontoiatria in giornata, la parte successiva all&#8217;intervento si svolge senza problemi. Non si avverte dolore o gonfiore perch\u00e9 la procedura \u00e8 semplice, rapida ed efficace.<\/p>\n\n\n\n<h2 class=\"wp-block-heading\" id=\"h-quanto-costa-l-odontoiatria-in-giornata\"><strong>Quanto costa l&#8217;odontoiatria in giornata?<\/strong><\/h2>\n\n\n\n<p>I trattamenti di odontoiatria in giornata costano di pi\u00f9 rispetto ai trattamenti odontoiatrici tradizionali. Il costo varia a seconda dell&#8217;intervento specifico e delle esigenze del singolo paziente. Contattaci per scoprire i costi del trattamento e le opzioni di finanziamento disponibili.\u00a0<\/p>\n\n\n\n<h2 class=\"wp-block-heading\" id=\"h-vantaggi-dell-odontoiatria-in-giornata\"><strong>Vantaggi dell&#8217;odontoiatria in giornata<\/strong><\/h2>\n\n\n\n<p>L&#8217;odontoiatria in giornata offre diversi vantaggi, tra cui:<\/p>\n\n\n\n<h3 class=\"wp-block-heading\" id=\"h-risparmio-di-tempo\"><strong>Risparmio di tempo<\/strong><\/h3>\n\n\n\n<p>I restauri dentali tradizionali richiedono solitamente pi\u00f9 appuntamenti dal dentista, che possono richiedere molto tempo. Con l&#8217;odontoiatria i, i pazienti possono sottoporsi a restauri dentali in una sola visita, risparmiando tempo e fatica.<\/p>\n\n\n\n<h3 class=\"wp-block-heading\" id=\"h-comodita\"><strong>Comodit\u00e0<\/strong><\/h3>\n\n\n\n<p>Con l&#8217;odontoiatria in giornata, i pazienti non devono preoccuparsi di indossare protesi temporanee o di tornare per pi\u00f9 appuntamenti. La procedura \u00e8 rapida e comoda e consente di tornare alle attivit\u00e0 quotidiane il prima possibile.<\/p>\n\n\n\n<h3 class=\"wp-block-heading\" id=\"h-precisione-e-accuratezza\"><strong>Precisione e accuratezza<\/strong><\/h3>\n\n\n\n<p>L&#8217;odontoiatria in giornata utilizza tecnologie avanzate per creare restauri dentali precisi e accurati. I restauri sono realizzati su misura per adattarsi alle esigenze dentali uniche di ciascun paziente, garantendo un adattamento perfetto e una funzione ottimale.<\/p>\n\n\n\n<h2 class=\"wp-block-heading\" id=\"h-perche-vera-smile-nbsp\"><strong>Perch\u00e9 Vera Smile?&nbsp;<\/strong><\/h2>\n\n\n\n<p>A Vera Smile ci impegniamo a fornire cure dentali eccezionali in un ambiente confortevole, accogliente ed entusiasmante. Nell&#8217;elaborazione del piano di trattamento, diamo priorit\u00e0 alle caratteristiche e alle esigenze uniche del paziente. Ogni fase \u00e8 pianificata con cura per soddisfare ogni desiderio. Offriamo:<\/p>\n\n\n\n<ul class=\"wp-block-list\">\n<li>Professionisti eccezionali<\/li>\n\n\n\n<li>Tecnologia all&#8217;avanguardia<\/li>\n\n\n\n<li>Assistenza personalizzata<\/li>\n\n\n\n<li>Prezzi competitivi<\/li>\n\n\n\n<li>Servizi extra per rendere il viaggio pi\u00f9 confortevole<\/li>\n<\/ul>\n\n\n\n<h2 class=\"wp-block-heading\" id=\"h-procedure-di-odontoiatria-in-giornata-offerte-da-vera-smile\"><strong>Procedure di odontoiatria in giornata offerte da Vera Smile<\/strong><\/h2>\n\n\n\n<p>La clinica dentale Vera Smile offre un&#8217;ampia gamma di procedure di odontoiatria in giornata, tra cui:<\/p>\n\n\n\n<h3 class=\"wp-block-heading\" id=\"h-corone-dentali-in-giornata\"><strong>Corone dentali in giornata<\/strong><\/h3>\n\n\n\n<p>Le corone dentali in giornata sono restauri su misura che coprono l&#8217;intero dente. Vengono utilizzate per ripristinare denti gravemente danneggiati o cariati. Le corone dentali in giornata della clinica dentistica Vera Smile sono realizzate con una tecnologia CAD\/CAM avanzata, che garantisce precisione e accuratezza.<\/p>\n\n\n\n<h3 class=\"wp-block-heading\" id=\"h-faccette-dentali-in-giornata\"><strong>Faccette dentali in giornata<\/strong><\/h3>\n\n\n\n<p>Le faccette dentali in giornata sono restauri su misura che ricoprono la superficie anteriore dei denti. Vengono utilizzate per migliorare l&#8217;aspetto dei denti scoloriti, deformati o scheggiati. Le faccette dentali in giornata presso la clinica dentale Vera Smile sono realizzate con una tecnologia avanzata, che garantisce un adattamento perfetto e una funzione ottimale.<\/p>\n\n\n\n<h3 class=\"wp-block-heading\" id=\"h-intarsi-inlay-e-onlay-in-giornata\"><strong>Intarsi inlay e onlay in giornata<\/strong><\/h3>\n\n\n\n<p>Gli intarsi dentali inlay e onlay in giornata sono restauri su misura che vengono utilizzati per ripristinare denti lievemente o moderatamente danneggiati o cariati. Sono meno invasivi delle corone e vengono utilizzati quando il danno o la carie non sono abbastanza gravi da richiedere una corona. Gli intarsi dentali inlay e onlay in giornata presso la clinica dentale Vera Smile sono realizzati con tecnologie avanzate, che garantiscono precisione e accuratezza.<\/p>\n\n\n\n<h3 class=\"wp-block-heading\" id=\"h-impianti-dentali-in-giornata\"><strong>Impianti dentali in giornata<\/strong><\/h3>\n\n\n\n<p>Gli impianti dentali immediati sono un tipo di procedura di impianto dentale in cui l&#8217;attacco dell&#8217;impianto viene inserito nell&#8217;osso mascellare subito dopo l&#8217;estrazione di un dente danneggiato, durante la stessa visita. Questo approccio elimina la necessit\u00e0 di indossare una dentiera provvisoria e riduce il numero complessivo di visite dal dentista rispetto alle procedure implantari tradizionali.<\/p>\n\n\n\n<h2 class=\"wp-block-heading\" id=\"h-odontoiatria-in-giornata-a-istanbul-cosa-aspettarsi\"><strong>Odontoiatria in giornata a Istanbul: cosa aspettarsi<\/strong><\/h2>\n\n\n\n<p>Se stai considerando l&#8217;odontoiatria in giornata a Istanbul, puoi aspettarti di ricevere cure dentali di alta qualit\u00e0 in un ambiente moderno e accogliente. Istanbul \u00e8 nota per le sue cliniche dentali di livello mondiale e la clinica dentistica Vera Smile \u00e8 una delle migliori.<\/p>\n\n\n\n<p>Prima dell&#8217;appuntamento \u00e8 importante documentarsi sulla clinica e sul dentista che eseguir\u00e0 la procedura. \u00c8 meglio preparare anche tutte le domande che potresti avere sulla procedura o sulla clinica.<\/p>\n\n\n\n<p>Durante l&#8217;appuntamento, potrai ricevere un&#8217;assistenza personalizzata in base alle tue esigenze e preferenze individuali. L&#8217;odontoiatra si assicurer\u00e0 che tu sia a tuo agio durante la procedura e che comprenda ogni fase del processo.<\/p>\n\n\n\n<p>Dopo l&#8217;intervento si pu\u00f2 avvertire un leggero fastidio o sensibilit\u00e0, che di solito si attenua nel giro di pochi giorni. \u00c8 necessario seguire tutte le istruzioni post-operatorie fornite dall&#8217;odontoiatra per garantire una guarigione e un recupero ottimali.<\/p>\n\n\n\n<h2 class=\"wp-block-heading\" id=\"h-domande-frequenti\"><strong>Domande frequenti<\/strong><\/h2>\n\n\n\n<h3 class=\"wp-block-heading\" id=\"h-gli-impianti-in-giornata-sono-una-buona-idea\"><strong>Gli impianti in giornata sono una buona idea?<\/strong><\/h3>\n\n\n\n<p>L&#8217;odontoiatria in giornata \u00e8 un&#8217;opzione eccellente per i pazienti che desiderano un trattamento dentale rapido ma efficace. I trattamenti di odontoiatria in giornata offrono risultati funzionali ed estetici che evitano di trascorrere pi\u00f9 giorni in clinica.<\/p>\n\n\n\n<h3 class=\"wp-block-heading\" id=\"h-quanto-tempo-ci-vuole-per-guarire-completamente-dopo-l-odontoiatria-in-giornata\"><strong>Quanto tempo ci vuole per guarire completamente dopo l&#8217;odontoiatria in giornata?<\/strong><\/h3>\n\n\n\n<p>Il periodo di guarigione dipende completamente dal trattamento. Ci sono molti trattamenti che si possono fare nello stesso giorno. Sebbene alcuni di essi comprendano anche un periodo di guarigione veloce, altri potrebbero richiedere del tempo, soprattutto se si considerano le circostanze dello specifico caso personale.&nbsp;<\/p>\n\n\n\n<h3 class=\"wp-block-heading\" id=\"h-qual-e-la-durata-dell-odontoiatria-in-giornata\"><strong>Qual \u00e8 la durata dell&#8217;odontoiatria in giornata?<\/strong><\/h3>\n\n\n\n<p>L&#8217;obiettivo principale dell&#8217;odontoiatria in giornata \u00e8 quello di abbreviare i tempi di permanenza in clinica. Alcuni trattamenti in giornata non durano nemmeno un&#8217;ora, mentre altri durano solo un paio d&#8217;ore. Tuttavia, \u00e8 necessario prendere in considerazione la visita di persona prima della procedura di trattamento.&nbsp;<\/p>\n\n\n\n<h3 class=\"wp-block-heading\" id=\"h-posso-usufruire-dell-odontoiatria-in-giornata\"><strong>Posso usufruire dell&#8217;odontoiatria in giornata?<\/strong><\/h3>\n\n\n\n<p>Con una consulenza online e un successivo appuntamento di persona, esaminiamo il tuo caso e decidiamo i trattamenti necessari. L&#8217;idoneit\u00e0 dipende dalla specifica situazione, perch\u00e9 potresti essere in grado di usufruire di impianti tradizionali ma non di impianti in giornata.<\/p>\n\n\n\n<h3 class=\"wp-block-heading\" id=\"h-l-odontoiatria-in-giornata-e-piu-costosa-di-quella-tradizionale\"><strong>L&#8217;odontoiatria in giornata \u00e8 pi\u00f9 costosa di quella tradizionale?<\/strong><\/h3>\n\n\n\n<p>L&#8217;odontoiatria in giornata pu\u00f2 essere leggermente pi\u00f9 costosa dell&#8217;odontoiatria tradizionale a causa dell&#8217;uso di tecnologie avanzate, ma pu\u00f2 far risparmiare sui costi a lungo termine riducendo il numero di appuntamenti necessari.<\/p>\n\n\n\n<h3 class=\"wp-block-heading\" id=\"h-l-odontoiatria-in-giornata-e-coperta-dall-assicurazione-in-turchia\"><strong>L&#8217;odontoiatria in giornata \u00e8 coperta dall&#8217;assicurazione in Turchia?<\/strong><\/h3>\n\n\n\n<p>L&#8217;odontoiatria in giornata pu\u00f2 essere coperta dall&#8217;assicurazione in Turchia, ma la copertura pu\u00f2 variare a seconda della polizza. \u00c8 meglio verificare con la propria assicurazione.<\/p>\n\n\n\n<h3 class=\"wp-block-heading\" id=\"h-come-mi-preparo-a-un-appuntamento-di-odontoiatria-in-giornata\"><strong>Come mi preparo a un appuntamento di odontoiatria in giornata?<\/strong><\/h3>\n\n\n\n<p>Il dentista ti fornir\u00e0 istruzioni su come prepararti all&#8217;appuntamento con l&#8217;odontoiatria in giornata, che possono includere evitare di mangiare o bere per un certo periodo di tempo prima della procedura.<\/p>\n\n\n\n<h3 class=\"wp-block-heading\" id=\"h-come-posso-fissare-un-appuntamento-di-odontoiatria-in-giornata-in-turchia\"><strong>Come posso fissare un appuntamento di odontoiatria in giornata in Turchia?<\/strong><\/h3>\n\n\n\n<p>\u00c8 possibile fissare un appuntamento di odontoiatria in giornata in Turchia contattando uno studio dentistico che offre questo servizio e fissando una consulenza con il dentista.<\/p>\n\n<\/div><\/div>\n\n<div class=\"gb-grid-column gb-grid-column-9795dbe7\"><div class=\"gb-container gb-container-9795dbe7 contact-sticky\">\n\n<h4 class=\"gb-headline gb-headline-83925198 gb-headline-text\"><strong>Ottieni una consulenza gratuita<\/strong><\/h4>\n\n\n\n<script charset=\"utf-8\" type=\"text\/javascript\" src=\"\/\/js.hsforms.net\/forms\/embed\/v2.js\"><\/script>\n<script>\n  hbspt.forms.create({\n    region: \"na1\",\n    portalId: \"5077067\",\n    formId: \"23eda31d-ce6e-4e90-b2d9-a7d4f564ed86\"\n  });\n<\/script>\n\n<\/div><\/div>\n<\/div>\n<\/div>","protected":false},"excerpt":{"rendered":"","protected":false},"author":1,"featured_media":9125,"parent":0,"menu_order":0,"comment_status":"closed","ping_status":"closed","template":"","meta":{"inline_featured_image":false,"footnotes":""},"class_list":{"0":"post-13100","1":"page","2":"type-page","3":"status-publish","4":"has-post-thumbnail","6":"resize-featured-image"},"lang":"it","translations":{"en":1738,"fr":12871,"pt-pt":12905,"es":12941,"de":12962,"it":13100,"ar":13195,"tr":13736},"yoast_head":"<!-- This site is optimized with the Yoast SEO Premium plugin v27.4 (Yoast SEO v27.4) - https:\/\/yoast.com\/product\/yoast-seo-premium-wordpress\/ -->\n<title>Odontoiatria in giornata - Vera Smile<\/title>\n<meta name=\"description\" content=\"Scopri i vantaggi dell&#039;odontoiatria in giornata. Ottieni il trattamento desiderato in un solo giorno e sorridi con sicurezza\" \/>\n<meta name=\"robots\" content=\"index, follow, max-snippet:-1, max-image-preview:large, max-video-preview:-1\" \/>\n<link rel=\"canonical\" href=\"https:\/\/www.verasmile.com\/it\/odontoiatria-in-giornata\/\" \/>\n<meta property=\"og:locale\" content=\"it_IT\" \/>\n<meta property=\"og:type\" content=\"article\" \/>\n<meta property=\"og:title\" content=\"Odontoiatria in giornata\" \/>\n<meta property=\"og:description\" content=\"Scopri i vantaggi dell&#039;odontoiatria in giornata. Ottieni il trattamento desiderato in un solo giorno e sorridi con sicurezza\" \/>\n<meta property=\"og:url\" content=\"https:\/\/www.verasmile.com\/it\/odontoiatria-in-giornata\/\" \/>\n<meta property=\"og:site_name\" content=\"Vera Smile\" \/>\n<meta property=\"article:publisher\" content=\"https:\/\/www.facebook.com\/VeraSmileDental\/\" \/>\n<meta property=\"article:modified_time\" content=\"2025-05-19T09:44:02+00:00\" \/>\n<meta property=\"og:image\" content=\"https:\/\/www.verasmile.com\/wp-content\/uploads\/2024\/02\/Same-Day-Dentistry-Services.webp\" \/>\n\t<meta property=\"og:image:width\" content=\"1440\" \/>\n\t<meta property=\"og:image:height\" content=\"800\" \/>\n\t<meta property=\"og:image:type\" content=\"image\/webp\" \/>\n<meta name=\"twitter:card\" content=\"summary_large_image\" \/>\n<meta name=\"twitter:label1\" content=\"Tempo di lettura stimato\" \/>\n\t<meta name=\"twitter:data1\" content=\"7 minuti\" \/>\n<script type=\"application\/ld+json\" class=\"yoast-schema-graph\">{\"@context\":\"https:\\\/\\\/schema.org\",\"@graph\":[{\"@type\":\"WebPage\",\"@id\":\"https:\\\/\\\/www.verasmile.com\\\/it\\\/odontoiatria-in-giornata\\\/\",\"url\":\"https:\\\/\\\/www.verasmile.com\\\/it\\\/odontoiatria-in-giornata\\\/\",\"name\":\"Odontoiatria in giornata - Vera Smile\",\"isPartOf\":{\"@id\":\"https:\\\/\\\/www.verasmile.com\\\/it\\\/#website\"},\"primaryImageOfPage\":{\"@id\":\"https:\\\/\\\/www.verasmile.com\\\/it\\\/odontoiatria-in-giornata\\\/#primaryimage\"},\"image\":{\"@id\":\"https:\\\/\\\/www.verasmile.com\\\/it\\\/odontoiatria-in-giornata\\\/#primaryimage\"},\"thumbnailUrl\":\"https:\\\/\\\/www.verasmile.com\\\/wp-content\\\/uploads\\\/2024\\\/02\\\/Same-Day-Dentistry-Services.webp\",\"datePublished\":\"2023-07-07T09:45:01+00:00\",\"dateModified\":\"2025-05-19T09:44:02+00:00\",\"description\":\"Scopri i vantaggi dell'odontoiatria in giornata. Ottieni il trattamento desiderato in un solo giorno e sorridi con sicurezza\",\"breadcrumb\":{\"@id\":\"https:\\\/\\\/www.verasmile.com\\\/it\\\/odontoiatria-in-giornata\\\/#breadcrumb\"},\"inLanguage\":\"it-IT\",\"potentialAction\":[{\"@type\":\"ReadAction\",\"target\":[\"https:\\\/\\\/www.verasmile.com\\\/it\\\/odontoiatria-in-giornata\\\/\"]}]},{\"@type\":\"ImageObject\",\"inLanguage\":\"it-IT\",\"@id\":\"https:\\\/\\\/www.verasmile.com\\\/it\\\/odontoiatria-in-giornata\\\/#primaryimage\",\"url\":\"https:\\\/\\\/www.verasmile.com\\\/wp-content\\\/uploads\\\/2024\\\/02\\\/Same-Day-Dentistry-Services.webp\",\"contentUrl\":\"https:\\\/\\\/www.verasmile.com\\\/wp-content\\\/uploads\\\/2024\\\/02\\\/Same-Day-Dentistry-Services.webp\",\"width\":1440,\"height\":800,\"caption\":\"Odontoiatria in giornata\"},{\"@type\":\"BreadcrumbList\",\"@id\":\"https:\\\/\\\/www.verasmile.com\\\/it\\\/odontoiatria-in-giornata\\\/#breadcrumb\",\"itemListElement\":[{\"@type\":\"ListItem\",\"position\":1,\"name\":\"Inizio\",\"item\":\"https:\\\/\\\/www.verasmile.com\\\/it\\\/\"},{\"@type\":\"ListItem\",\"position\":2,\"name\":\"Odontoiatria in giornata\"}]},{\"@type\":\"WebSite\",\"@id\":\"https:\\\/\\\/www.verasmile.com\\\/it\\\/#website\",\"url\":\"https:\\\/\\\/www.verasmile.com\\\/it\\\/\",\"name\":\"Vera Smile Dental Clinic\",\"description\":\"Dental Clinic in Turkey, Istanbul 2026\",\"publisher\":{\"@id\":\"https:\\\/\\\/www.verasmile.com\\\/it\\\/#organization\"},\"potentialAction\":[{\"@type\":\"SearchAction\",\"target\":{\"@type\":\"EntryPoint\",\"urlTemplate\":\"https:\\\/\\\/www.verasmile.com\\\/it\\\/?s={search_term_string}\"},\"query-input\":{\"@type\":\"PropertyValueSpecification\",\"valueRequired\":true,\"valueName\":\"search_term_string\"}}],\"inLanguage\":\"it-IT\"},{\"@type\":\"Organization\",\"@id\":\"https:\\\/\\\/www.verasmile.com\\\/it\\\/#organization\",\"name\":\"Vera Smile Dental Clinic\",\"url\":\"https:\\\/\\\/www.verasmile.com\\\/it\\\/\",\"logo\":{\"@type\":\"ImageObject\",\"inLanguage\":\"it-IT\",\"@id\":\"https:\\\/\\\/www.verasmile.com\\\/it\\\/#\\\/schema\\\/logo\\\/image\\\/\",\"url\":\"https:\\\/\\\/www.verasmile.com\\\/wp-content\\\/uploads\\\/2026\\\/02\\\/Birles\u0327ik-Logo-scaled.png\",\"contentUrl\":\"https:\\\/\\\/www.verasmile.com\\\/wp-content\\\/uploads\\\/2026\\\/02\\\/Birles\u0327ik-Logo-scaled.png\",\"width\":2560,\"height\":244,\"caption\":\"Vera Smile Dental Clinic\"},\"image\":{\"@id\":\"https:\\\/\\\/www.verasmile.com\\\/it\\\/#\\\/schema\\\/logo\\\/image\\\/\"},\"sameAs\":[\"https:\\\/\\\/www.facebook.com\\\/VeraSmileDental\\\/\",\"https:\\\/\\\/www.instagram.com\\\/verasmile.dental\\\/\"]}]}<\/script>\n<!-- \/ Yoast SEO Premium plugin. -->","yoast_head_json":{"title":"Odontoiatria in giornata - Vera Smile","description":"Scopri i vantaggi dell'odontoiatria in giornata. Ottieni il trattamento desiderato in un solo giorno e sorridi con sicurezza","robots":{"index":"index","follow":"follow","max-snippet":"max-snippet:-1","max-image-preview":"max-image-preview:large","max-video-preview":"max-video-preview:-1"},"canonical":"https:\/\/www.verasmile.com\/it\/odontoiatria-in-giornata\/","og_locale":"it_IT","og_type":"article","og_title":"Odontoiatria in giornata","og_description":"Scopri i vantaggi dell'odontoiatria in giornata. Ottieni il trattamento desiderato in un solo giorno e sorridi con sicurezza","og_url":"https:\/\/www.verasmile.com\/it\/odontoiatria-in-giornata\/","og_site_name":"Vera Smile","article_publisher":"https:\/\/www.facebook.com\/VeraSmileDental\/","article_modified_time":"2025-05-19T09:44:02+00:00","og_image":[{"width":1440,"height":800,"url":"https:\/\/www.verasmile.com\/wp-content\/uploads\/2024\/02\/Same-Day-Dentistry-Services.webp","type":"image\/webp"}],"twitter_card":"summary_large_image","twitter_misc":{"Tempo di lettura stimato":"7 minuti"},"schema":{"@context":"https:\/\/schema.org","@graph":[{"@type":"WebPage","@id":"https:\/\/www.verasmile.com\/it\/odontoiatria-in-giornata\/","url":"https:\/\/www.verasmile.com\/it\/odontoiatria-in-giornata\/","name":"Odontoiatria in giornata - Vera Smile","isPartOf":{"@id":"https:\/\/www.verasmile.com\/it\/#website"},"primaryImageOfPage":{"@id":"https:\/\/www.verasmile.com\/it\/odontoiatria-in-giornata\/#primaryimage"},"image":{"@id":"https:\/\/www.verasmile.com\/it\/odontoiatria-in-giornata\/#primaryimage"},"thumbnailUrl":"https:\/\/www.verasmile.com\/wp-content\/uploads\/2024\/02\/Same-Day-Dentistry-Services.webp","datePublished":"2023-07-07T09:45:01+00:00","dateModified":"2025-05-19T09:44:02+00:00","description":"Scopri i vantaggi dell'odontoiatria in giornata. Ottieni il trattamento desiderato in un solo giorno e sorridi con sicurezza","breadcrumb":{"@id":"https:\/\/www.verasmile.com\/it\/odontoiatria-in-giornata\/#breadcrumb"},"inLanguage":"it-IT","potentialAction":[{"@type":"ReadAction","target":["https:\/\/www.verasmile.com\/it\/odontoiatria-in-giornata\/"]}]},{"@type":"ImageObject","inLanguage":"it-IT","@id":"https:\/\/www.verasmile.com\/it\/odontoiatria-in-giornata\/#primaryimage","url":"https:\/\/www.verasmile.com\/wp-content\/uploads\/2024\/02\/Same-Day-Dentistry-Services.webp","contentUrl":"https:\/\/www.verasmile.com\/wp-content\/uploads\/2024\/02\/Same-Day-Dentistry-Services.webp","width":1440,"height":800,"caption":"Odontoiatria in giornata"},{"@type":"BreadcrumbList","@id":"https:\/\/www.verasmile.com\/it\/odontoiatria-in-giornata\/#breadcrumb","itemListElement":[{"@type":"ListItem","position":1,"name":"Inizio","item":"https:\/\/www.verasmile.com\/it\/"},{"@type":"ListItem","position":2,"name":"Odontoiatria in giornata"}]},{"@type":"WebSite","@id":"https:\/\/www.verasmile.com\/it\/#website","url":"https:\/\/www.verasmile.com\/it\/","name":"Vera Smile Dental Clinic","description":"Dental Clinic in Turkey, Istanbul 2026","publisher":{"@id":"https:\/\/www.verasmile.com\/it\/#organization"},"potentialAction":[{"@type":"SearchAction","target":{"@type":"EntryPoint","urlTemplate":"https:\/\/www.verasmile.com\/it\/?s={search_term_string}"},"query-input":{"@type":"PropertyValueSpecification","valueRequired":true,"valueName":"search_term_string"}}],"inLanguage":"it-IT"},{"@type":"Organization","@id":"https:\/\/www.verasmile.com\/it\/#organization","name":"Vera Smile Dental Clinic","url":"https:\/\/www.verasmile.com\/it\/","logo":{"@type":"ImageObject","inLanguage":"it-IT","@id":"https:\/\/www.verasmile.com\/it\/#\/schema\/logo\/image\/","url":"https:\/\/www.verasmile.com\/wp-content\/uploads\/2026\/02\/Birles\u0327ik-Logo-scaled.png","contentUrl":"https:\/\/www.verasmile.com\/wp-content\/uploads\/2026\/02\/Birles\u0327ik-Logo-scaled.png","width":2560,"height":244,"caption":"Vera Smile Dental Clinic"},"image":{"@id":"https:\/\/www.verasmile.com\/it\/#\/schema\/logo\/image\/"},"sameAs":["https:\/\/www.facebook.com\/VeraSmileDental\/","https:\/\/www.instagram.com\/verasmile.dental\/"]}]}},"_links":{"self":[{"href":"https:\/\/www.verasmile.com\/it\/wp-json\/wp\/v2\/pages\/13100","targetHints":{"allow":["GET"]}}],"collection":[{"href":"https:\/\/www.verasmile.com\/it\/wp-json\/wp\/v2\/pages"}],"about":[{"href":"https:\/\/www.verasmile.com\/it\/wp-json\/wp\/v2\/types\/page"}],"author":[{"embeddable":true,"href":"https:\/\/www.verasmile.com\/it\/wp-json\/wp\/v2\/users\/1"}],"replies":[{"embeddable":true,"href":"https:\/\/www.verasmile.com\/it\/wp-json\/wp\/v2\/comments?post=13100"}],"version-history":[{"count":1,"href":"https:\/\/www.verasmile.com\/it\/wp-json\/wp\/v2\/pages\/13100\/revisions"}],"predecessor-version":[{"id":25981,"href":"https:\/\/www.verasmile.com\/it\/wp-json\/wp\/v2\/pages\/13100\/revisions\/25981"}],"wp:featuredmedia":[{"embeddable":true,"href":"https:\/\/www.verasmile.com\/it\/wp-json\/wp\/v2\/media\/9125"}],"wp:attachment":[{"href":"https:\/\/www.verasmile.com\/it\/wp-json\/wp\/v2\/media?parent=13100"}],"curies":[{"name":"wp","href":"https:\/\/api.w.org\/{rel}","templated":true}]}}