{"id":13102,"date":"2023-07-07T12:47:26","date_gmt":"2023-07-07T09:47:26","guid":{"rendered":"https:\/\/www.verasmile.com\/?page_id=13102"},"modified":"2024-08-06T11:55:58","modified_gmt":"2024-08-06T08:55:58","slug":"odontoiatria-laser","status":"publish","type":"page","link":"https:\/\/www.verasmile.com\/it\/odontoiatria-laser\/","title":{"rendered":"Odontoiatria laser"},"content":{"rendered":"<div class=\"gb-container gb-container-74041874\">\n<div class=\"gb-grid-wrapper gb-grid-wrapper-6232a014\">\n<div class=\"gb-grid-column gb-grid-column-141c614b\"><div class=\"gb-container gb-container-141c614b\">\n\n<p>La tecnologia laser \u00e8 stata utilizzata in campo medico fin dagli anni &#8217;60. Ha iniziato a prendere piede nel settore dentistico intorno al 1989. Con l&#8217;accuratezza e la precisione offerte dall&#8217;odontoiatria laser, siamo stati in grado di diversificare le nostre opzioni di trattamento dentale e di curare al meglio le persone. Ci ha permesso di fornire cure migliori e pi\u00f9 rapide rispetto ai trapani e ad altri strumenti dentali tradizionali non laser.&nbsp;<\/p>\n\n\n\n<h2 class=\"wp-block-heading\" id=\"h-che-cos-e-l-odontoiatria-laser\"><strong>Che cos&#8217;\u00e8 l&#8217;odontoiatria laser?<\/strong><\/h2>\n\n\n\n<p>Grazie all&#8217;impatto trasformativo della tecnologia laser nel campo dell&#8217;odontoiatria, possiamo offrire ai nostri pazienti precisione, comfort ed efficienza. Con un fascio concentrato di energia luminosa, i nostri dentisti esperti e qualificati possono eliminare i problemi con un disagio minimo durante il processo.&nbsp;<\/p>\n\n\n\n<h2 class=\"wp-block-heading\" id=\"h-tipi-di-odontoiatria-laser\"><strong>Tipi di odontoiatria laser<\/strong><\/h2>\n\n\n\n<p>In odontoiatria esistono quattro tipi di laser principali. Questa categorizzazione viene fatta secondo i metodi utilizzati:<\/p>\n\n\n\n<ol class=\"wp-block-list\">\n<li>Mezzo laser: gas o solido<\/li>\n\n\n\n<li>Applicabilit\u00e0 ai tessuti<\/li>\n\n\n\n<li>Laser per tessuti duri o molli<\/li>\n\n\n\n<li>Intervallo di lunghezza d&#8217;onda<\/li>\n<\/ol>\n\n\n\n<p>Quelli rilevanti in questo caso sono i laser per tessuti duri o molli. Mentre i laser per tessuti duri sono utilizzati per tagliare i denti e modellare l&#8217;osso per trattamenti come la rimozione della cavit\u00e0, i laser per tessuti molli sono utilizzati per il trattamento delle gengive e persino per procedure come lo sbiancamento dei denti.<\/p>\n\n\n\n<p>L&#8217;odontoiatria laser dei tessuti duri offre un&#8217;esperienza confortevole e preserva la struttura dentale sana. L&#8217;odontoiatria laser dei tessuti molli, invece, favorisce una guarigione pi\u00f9 rapida e riduce al minimo il rischio di infezione.<\/p>\n\n\n\n<h2 class=\"wp-block-heading\" id=\"h-procedura-di-odontoiatria-laser-presso-vera-smile\"><strong>Procedura di odontoiatria laser presso Vera Smile<\/strong><\/h2>\n\n\n\n<h3 class=\"wp-block-heading\" id=\"h-pianificazione-preliminare\"><strong>Pianificazione preliminare<\/strong><\/h3>\n\n\n\n<p>Dopo averci contattato, si procede con una consulenza online gratuita per verificare il tipo di trattamento necessario per lo specifico caso e l&#8217;eventuale utilizzo dell&#8217;odontoiatria laser. Una volta concordato il piano di trattamento, prepariamo il viaggio organizzando il trasporto, l&#8217;alloggio e servizi aggiuntivi come il supporto linguistico. Queste disposizioni faranno parte del piano\/pacchetto di trattamento.&nbsp;<\/p>\n\n\n\n<h3 class=\"wp-block-heading\" id=\"h-procedura-preliminare\"><strong>Procedura preliminare<\/strong><\/h3>\n\n\n\n<p>L&#8217;odontoiatria laser viene utilizzata per una serie di trattamenti come:<\/p>\n\n\n\n<ul class=\"wp-block-list\">\n<li><strong>Trattamento delle carie<\/strong>: possiamo utilizzare l&#8217;odontoiatria laser per individuare i primi segni di carie e sigillarli.&nbsp;<\/li>\n<\/ul>\n\n\n\n<ul class=\"wp-block-list\">\n<li><strong>Trattamento dell&#8217;ipersensibilit\u00e0<\/strong>: utilizzando l&#8217;odontoiatria laser, possiamo sigillare i tubuli sulla radice del dente ed eliminare l&#8217;ipersensibilit\u00e0 al caldo e al freddo.&nbsp;<\/li>\n\n\n\n<li><strong>Trattamento dei disturbi gengivali<\/strong>: utilizzando il laser, possiamo regolare il tessuto gengivale associato a un &#8220;sorriso gengivale&#8221;, in cui la lunghezza eccessiva della gengiva copre una parte significativa del dente.<\/li>\n\n\n\n<li><strong>Rimozione delle lesioni<\/strong>: possiamo usare il laser per rimuovere le lesioni, senza bisogno di suture.&nbsp;<\/li>\n\n\n\n<li><strong>Sbiancamento dei denti:<\/strong> il laser ci aiuta ad accelerare il processo di sbiancamento dei denti.&nbsp;<\/li>\n\n\n\n<li><strong>Trattamento del frenulo linguale: <\/strong>le persone con un frenulo spesso o corto, la ripiegatura di pelle sotto la parte anteriore della lingua che si attacca al pavimento della bocca, possono trovare sollievo con una frenulectomia laser. Questa procedura aiuta i bambini che hanno problemi come anchiloglossia, difficolt\u00e0 durante l&#8217;allattamento o disturbi del linguaggio dovuti al frenulo corto.<\/li>\n<\/ul>\n\n\n\n<p>Per essere sicuri del trattamento, eseguiamo alcuni test e facciamo una consulenza di persona. Se necessario, aggiorniamo il piano di trattamento per ottenere i risultati desiderati.&nbsp;<\/p>\n\n\n\n<h3 class=\"wp-block-heading\" id=\"h-procedura\"><strong>Procedura<\/strong><\/h3>\n\n\n\n<p>Il trattamento laser \u00e8 molto semplice. Non ci saranno trapanature o interventi simili che potrebbero averti fatto rinunciare una visita dal dentista in passato. La procedura \u00e8 indolore, indipendentemente dal tipo di trattamento.<\/p>\n\n\n\n<h3 class=\"wp-block-heading\" id=\"h-procedura-successiva\"><strong>Procedura successiva<\/strong><\/h3>\n\n\n\n<p>I trattamenti laser hanno meno possibilit\u00e0 di causare un&#8217;infezione o di provocare dolore dopo la procedura. Basta seguire i nostri consigli per superare il processo di guarigione nel modo pi\u00f9 confortevole. Tuttavia, se il gonfiore e il dolore sono molto forti e non scompaiono, \u00e8 necessario rivolgersi a noi per un controllo.<\/p>\n\n\n\n<h2 class=\"wp-block-heading\" id=\"h-quanto-costa-l-odontoiatria-laser\"><strong>Quanto costa l&#8217;odontoiatria laser?<\/strong><\/h2>\n\n\n\n<p>Poich\u00e9 l&#8217;odontoiatria laser tratta diversi problemi, \u00e8 difficile stabilire il costo esatto del trattamento. Tuttavia, si pu\u00f2 dire che il prezzo varia da 200 a 1.500 dollari sia negli Stati Uniti che nel Regno Unito. Nei casi di operazioni importanti, il costo pu\u00f2 arrivare a migliaia di dollari. Inoltre, cambia a seconda dello stato, delle esigenze, della copertura assicurativa e della competenza del dentista.<\/p>\n\n\n\n<p>Come si pu\u00f2 prevedere, il costo dell&#8217;odontoiatria laser nel settore del <a href=\"https:\/\/www.verasmile.com\/it\/meta-emergente-del-turismo-medico-la-turchia\/\">turismo dentale<\/a> \u00e8 molto inferiore a quello degli Stati Uniti e del Regno Unito. Il turismo dentale offre una possibilit\u00e0 a chi non vuole spendere cifre elevate per le cure odontoiatriche. La Turchia \u00e8 una delle stelle del turismo dentale e offre ai pazienti la possibilit\u00e0 di ricevere un trattamento a cinque stelle con l&#8217;odontoiatria laser, accompagnato da un viaggio da sogno all&#8217;estero.&nbsp;<\/p>\n\n\n\n<h2 class=\"wp-block-heading\" id=\"h-perche-vera-smile-nbsp\"><strong>Perch\u00e9 Vera Smile?&nbsp;<\/strong><\/h2>\n\n\n\n<p>L&#8217;espressione &#8220;turismo dentale&#8221; mette paura a prescindere. Se andare dal dentista \u00e8 qualcosa di stressante per alcune persone, andare dal dentista in un altro Paese in cui si parla una lingua diversa pu\u00f2 rappresentare un livello ancora superiore di stress e preoccupazione. Ma non deve essere necessariamente cos\u00ec.&nbsp;<\/p>\n\n\n\n<p>Rendiamo il processo confortevole, offrendo un&#8217;opportunit\u00e0 di trattamento personalizzata in un ambiente accogliente. Noi di Vera Smile crediamo che ogni sorriso sia unico e debba essere trattato di conseguenza. <a href=\"https:\/\/www.verasmile.com\/it\/odontoiatria-estetica\/digital-smile-design\/\">Progettiamo il tuo sorriso<\/a> in modo che si adatti alla tua estetica e che sia coerente con i tuoi lineamenti. Ogni trattamento \u00e8 personalizzato e viene realizzato appositamente per lo specifico caso. Prepariamo tutto ci\u00f2 di cui avrai bisogno per un trattamento dentale all&#8217;estero, in modo che ti resti solo da pensare a quanto sarai attraente al tuo ritorno a casa!<\/p>\n\n\n\n<p>Vera Smile, sotto il cielo scintillante di Istanbul, ti porta a bordo di un viaggio trasformativo pensato appositamente per te. Contattaci e lascia che il nostro team si occupi del resto.&nbsp;<\/p>\n\n\n\n<h2 class=\"wp-block-heading\" id=\"h-domande-frequenti\"><strong>Domande frequenti<\/strong><\/h2>\n\n\n\n<h3 class=\"wp-block-heading\" id=\"h-quali-sono-gli-svantaggi-dell-odontoiatria-laser\"><strong>Quali sono gli svantaggi dell&#8217;odontoiatria laser?<\/strong><\/h3>\n\n\n\n<p>L&#8217;odontoiatria laser \u00e8 generalmente pi\u00f9 costosa di altri trattamenti dentali. Nonostante i vantaggi, non tutti i trattamenti possono essere preceduti dall&#8217;odontoiatria laser. Inoltre, se il tuo caso richiede una combinazione di diversi interventi, potrebbe essere necessario ricorrere a trapanazione, anestesia e simili per completare il processo.<\/p>\n\n\n\n<h3 class=\"wp-block-heading\" id=\"h-vale-la-pena-effettuare-la-pulizia-dentale-con-il-laser\"><strong>Vale la pena effettuare la pulizia dentale con il laser?<\/strong><\/h3>\n\n\n\n<p>Esattamente, la pulizia dentale laser \u00e8 una soluzione molto efficace per ripristinare la salute delle gengive e riduce al minimo il rischio di gravi problemi di salute orale.<\/p>\n\n\n\n<h3 class=\"wp-block-heading\" id=\"h-a-cosa-serve-l-odontoiatria-laser\"><strong>A cosa serve l&#8217;odontoiatria laser?<\/strong><\/h3>\n\n\n\n<p>I laser sono ideali per i trattamenti dentali come lo sbiancamento dei denti, le otturazioni, le malattie gengivali, la sensibilit\u00e0 dentale, la correzione dei tessuti ecc. Esamineremo il tuo caso e sceglieremo il trattamento laser migliore per risolvere il problema. In base al piano elaborato successivamente, potresti ricevere un trattamento di odontoiatria laser per diversi problemi!<\/p>\n\n\n\n<h3 class=\"wp-block-heading\" id=\"h-l-odontoiatria-laser-e-coperta-dall-assicurazione\"><strong>L&#8217;odontoiatria laser \u00e8 coperta dall&#8217;assicurazione?<\/strong><\/h3>\n\n\n\n<p>Alcune compagnie assicurative coprono i trattamenti di odontoiatria laser, ma lo fanno solo per la procedura stessa se non rientra nella categoria dell&#8217;odontoiatria estetica. Per esempio, l&#8217;otturazione di una cavit\u00e0 con il laser pu\u00f2 essere coperta dall&#8217;assicurazione, ma se si desidera sbiancare i denti con il laser \u00e8 necessario pagare personalmente la procedura.<\/p>\n\n\n\n<h3 class=\"wp-block-heading\" id=\"h-quali-sono-i-vantaggi-dell-odontoiatria-laser\"><strong>Quali sono i vantaggi dell&#8217;odontoiatria laser?<\/strong><\/h3>\n\n\n\n<p>L&#8217;odontoiatria laser pu\u00f2 essere meno dolorosa rispetto ai metodi tradizionali e pu\u00f2 anche ridurre il sanguinamento e il gonfiore, promuovere una guarigione pi\u00f9 rapida e offrire risultati pi\u00f9 precisi.<\/p>\n\n\n\n<h3 class=\"wp-block-heading\" id=\"h-l-odontoiatria-laser-e-sicura\"><strong>L&#8217;odontoiatria laser \u00e8 sicura?<\/strong><\/h3>\n\n\n\n<p>S\u00ec, l&#8217;odontoiatria laser \u00e8 generalmente considerata sicura se eseguita da un dentista esperto e qualificato.<\/p>\n\n\n\n<h3 class=\"wp-block-heading\" id=\"h-e-necessaria-una-preparazione-particolare-per-gli-interventi-dentali-con-il-laser\"><strong>\u00c8 necessaria una preparazione particolare per gli interventi dentali con il laser?<\/strong><\/h3>\n\n\n\n<p>Il dentista fornir\u00e0 istruzioni specifiche per la preparazione alla procedura dentale laser, ma in generale potrebbe essere necessario evitare di mangiare o bere per un certo periodo di tempo prima della procedura.<\/p>\n\n\n\n<h3 class=\"wp-block-heading\" id=\"h-l-odontoiatria-laser-e-dolorosa\"><strong>L&#8217;odontoiatria laser \u00e8 dolorosa?<\/strong><\/h3>\n\n\n\n<p>L&#8217;odontoiatria laser \u00e8 generalmente meno dolorosa dei metodi tradizionali, ma \u00e8 possibile che si avverta comunque un certo disagio durante o dopo la procedura.<\/p>\n\n\n\n<h3 class=\"wp-block-heading\" id=\"h-quanto-tempo-occorre-per-riprendersi-da-un-intervento-dentistico-con-il-laser\"><strong>Quanto tempo occorre per riprendersi da un intervento dentistico con il laser?<\/strong><\/h3>\n\n\n\n<p>I tempi di guarigione possono variare a seconda della procedura specifica, ma in generale le procedure dentali con il laser possono avere tempi di guarigione pi\u00f9 brevi rispetto ai metodi tradizionali.<\/p>\n\n\n\n<h3 class=\"wp-block-heading\" id=\"h-dove-posso-trovare-un-dentista-che-esegue-l-odontoiatria-laser-in-turchia\"><strong>Dove posso trovare un dentista che esegue l&#8217;odontoiatria laser in Turchia?<\/strong><\/h3>\n\n\n\n<p>Molti dentisti in Turchia offrono servizi di odontoiatria laser. \u00c8 possibile cercare online i dentisti della propria zona specializzati in odontoiatria laser, oppure chiedere consigli ad amici o familiari che si sono sottoposti a interventi dentali laser. Leggi la nostra <a href=\"https:\/\/www.verasmile.com\/it\/guida-completa-per-trovare-cliniche-dentali-affidabili-in-turchia\/\">guida su come scegliere la migliore clinica dentistica in Turchia<\/a><\/p>\n\n<\/div><\/div>\n\n<div class=\"gb-grid-column gb-grid-column-9795dbe7\"><div class=\"gb-container gb-container-9795dbe7 contact-sticky\">\n\n<h4 class=\"gb-headline gb-headline-83925198 gb-headline-text\"><strong>Ottieni una consulenza gratuita<\/strong><\/h4>\n\n\n\n<script charset=\"utf-8\" type=\"text\/javascript\" src=\"\/\/js.hsforms.net\/forms\/embed\/v2.js\"><\/script>\n<script>\n  hbspt.forms.create({\n    region: \"na1\",\n    portalId: \"5077067\",\n    formId: \"23eda31d-ce6e-4e90-b2d9-a7d4f564ed86\"\n  });\n<\/script>\n\n<\/div><\/div>\n<\/div>\n<\/div>","protected":false},"excerpt":{"rendered":"","protected":false},"author":1,"featured_media":9161,"parent":0,"menu_order":0,"comment_status":"closed","ping_status":"closed","template":"","meta":{"inline_featured_image":false,"footnotes":""},"class_list":{"0":"post-13102","1":"page","2":"type-page","3":"status-publish","4":"has-post-thumbnail","6":"resize-featured-image"},"lang":"it","translations":{"en":1740,"fr":12867,"pt-pt":12910,"es":12944,"de":12964,"it":13102,"ar":13173,"tr":13773},"yoast_head":"<!-- This site is optimized with the Yoast SEO Premium plugin v27.4 (Yoast SEO v27.4) - https:\/\/yoast.com\/product\/yoast-seo-premium-wordpress\/ -->\n<title>Odontoiatria laser - Vera Smile<\/title>\n<meta name=\"description\" content=\"Sperimenta i vantaggi dell&#039;odontoiatria laser presso Vera Smile: trattamenti precisi e confortevoli per una variet\u00e0 di condizioni dentali\" \/>\n<meta name=\"robots\" content=\"index, follow, max-snippet:-1, max-image-preview:large, max-video-preview:-1\" \/>\n<link rel=\"canonical\" href=\"https:\/\/www.verasmile.com\/it\/odontoiatria-laser\/\" \/>\n<meta property=\"og:locale\" content=\"it_IT\" \/>\n<meta property=\"og:type\" content=\"article\" \/>\n<meta property=\"og:title\" content=\"Odontoiatria laser\" \/>\n<meta property=\"og:description\" content=\"Sperimenta i vantaggi dell&#039;odontoiatria laser presso Vera Smile: trattamenti precisi e confortevoli per una variet\u00e0 di condizioni dentali\" \/>\n<meta property=\"og:url\" content=\"https:\/\/www.verasmile.com\/it\/odontoiatria-laser\/\" \/>\n<meta property=\"og:site_name\" content=\"Vera Smile\" \/>\n<meta property=\"article:publisher\" content=\"https:\/\/www.facebook.com\/VeraSmileDental\/\" \/>\n<meta property=\"article:modified_time\" content=\"2024-08-06T08:55:58+00:00\" \/>\n<meta property=\"og:image\" content=\"https:\/\/www.verasmile.com\/wp-content\/uploads\/2024\/02\/Laser-Dentistry.webp\" \/>\n\t<meta property=\"og:image:width\" content=\"1440\" \/>\n\t<meta property=\"og:image:height\" content=\"800\" \/>\n\t<meta property=\"og:image:type\" content=\"image\/webp\" \/>\n<meta name=\"twitter:card\" content=\"summary_large_image\" \/>\n<meta name=\"twitter:label1\" content=\"Tempo di lettura stimato\" \/>\n\t<meta name=\"twitter:data1\" content=\"7 minuti\" \/>\n<script type=\"application\/ld+json\" class=\"yoast-schema-graph\">{\"@context\":\"https:\\\/\\\/schema.org\",\"@graph\":[{\"@type\":\"WebPage\",\"@id\":\"https:\\\/\\\/www.verasmile.com\\\/it\\\/odontoiatria-laser\\\/\",\"url\":\"https:\\\/\\\/www.verasmile.com\\\/it\\\/odontoiatria-laser\\\/\",\"name\":\"Odontoiatria laser - Vera Smile\",\"isPartOf\":{\"@id\":\"https:\\\/\\\/www.verasmile.com\\\/it\\\/#website\"},\"primaryImageOfPage\":{\"@id\":\"https:\\\/\\\/www.verasmile.com\\\/it\\\/odontoiatria-laser\\\/#primaryimage\"},\"image\":{\"@id\":\"https:\\\/\\\/www.verasmile.com\\\/it\\\/odontoiatria-laser\\\/#primaryimage\"},\"thumbnailUrl\":\"https:\\\/\\\/www.verasmile.com\\\/wp-content\\\/uploads\\\/2024\\\/02\\\/Laser-Dentistry.webp\",\"datePublished\":\"2023-07-07T09:47:26+00:00\",\"dateModified\":\"2024-08-06T08:55:58+00:00\",\"description\":\"Sperimenta i vantaggi dell'odontoiatria laser presso Vera Smile: trattamenti precisi e confortevoli per una variet\u00e0 di condizioni dentali\",\"breadcrumb\":{\"@id\":\"https:\\\/\\\/www.verasmile.com\\\/it\\\/odontoiatria-laser\\\/#breadcrumb\"},\"inLanguage\":\"it-IT\",\"potentialAction\":[{\"@type\":\"ReadAction\",\"target\":[\"https:\\\/\\\/www.verasmile.com\\\/it\\\/odontoiatria-laser\\\/\"]}]},{\"@type\":\"ImageObject\",\"inLanguage\":\"it-IT\",\"@id\":\"https:\\\/\\\/www.verasmile.com\\\/it\\\/odontoiatria-laser\\\/#primaryimage\",\"url\":\"https:\\\/\\\/www.verasmile.com\\\/wp-content\\\/uploads\\\/2024\\\/02\\\/Laser-Dentistry.webp\",\"contentUrl\":\"https:\\\/\\\/www.verasmile.com\\\/wp-content\\\/uploads\\\/2024\\\/02\\\/Laser-Dentistry.webp\",\"width\":1440,\"height\":800,\"caption\":\"Odontoiatria laser\"},{\"@type\":\"BreadcrumbList\",\"@id\":\"https:\\\/\\\/www.verasmile.com\\\/it\\\/odontoiatria-laser\\\/#breadcrumb\",\"itemListElement\":[{\"@type\":\"ListItem\",\"position\":1,\"name\":\"Inizio\",\"item\":\"https:\\\/\\\/www.verasmile.com\\\/it\\\/\"},{\"@type\":\"ListItem\",\"position\":2,\"name\":\"Odontoiatria laser\"}]},{\"@type\":\"WebSite\",\"@id\":\"https:\\\/\\\/www.verasmile.com\\\/it\\\/#website\",\"url\":\"https:\\\/\\\/www.verasmile.com\\\/it\\\/\",\"name\":\"Vera Smile Dental Clinic\",\"description\":\"Dental Clinic in Turkey, Istanbul 2026\",\"publisher\":{\"@id\":\"https:\\\/\\\/www.verasmile.com\\\/it\\\/#organization\"},\"potentialAction\":[{\"@type\":\"SearchAction\",\"target\":{\"@type\":\"EntryPoint\",\"urlTemplate\":\"https:\\\/\\\/www.verasmile.com\\\/it\\\/?s={search_term_string}\"},\"query-input\":{\"@type\":\"PropertyValueSpecification\",\"valueRequired\":true,\"valueName\":\"search_term_string\"}}],\"inLanguage\":\"it-IT\"},{\"@type\":\"Organization\",\"@id\":\"https:\\\/\\\/www.verasmile.com\\\/it\\\/#organization\",\"name\":\"Vera Smile Dental Clinic\",\"url\":\"https:\\\/\\\/www.verasmile.com\\\/it\\\/\",\"logo\":{\"@type\":\"ImageObject\",\"inLanguage\":\"it-IT\",\"@id\":\"https:\\\/\\\/www.verasmile.com\\\/it\\\/#\\\/schema\\\/logo\\\/image\\\/\",\"url\":\"https:\\\/\\\/www.verasmile.com\\\/wp-content\\\/uploads\\\/2026\\\/02\\\/Birles\u0327ik-Logo-scaled.png\",\"contentUrl\":\"https:\\\/\\\/www.verasmile.com\\\/wp-content\\\/uploads\\\/2026\\\/02\\\/Birles\u0327ik-Logo-scaled.png\",\"width\":2560,\"height\":244,\"caption\":\"Vera Smile Dental Clinic\"},\"image\":{\"@id\":\"https:\\\/\\\/www.verasmile.com\\\/it\\\/#\\\/schema\\\/logo\\\/image\\\/\"},\"sameAs\":[\"https:\\\/\\\/www.facebook.com\\\/VeraSmileDental\\\/\",\"https:\\\/\\\/www.instagram.com\\\/verasmile.dental\\\/\"]}]}<\/script>\n<!-- \/ Yoast SEO Premium plugin. -->","yoast_head_json":{"title":"Odontoiatria laser - Vera Smile","description":"Sperimenta i vantaggi dell'odontoiatria laser presso Vera Smile: trattamenti precisi e confortevoli per una variet\u00e0 di condizioni dentali","robots":{"index":"index","follow":"follow","max-snippet":"max-snippet:-1","max-image-preview":"max-image-preview:large","max-video-preview":"max-video-preview:-1"},"canonical":"https:\/\/www.verasmile.com\/it\/odontoiatria-laser\/","og_locale":"it_IT","og_type":"article","og_title":"Odontoiatria laser","og_description":"Sperimenta i vantaggi dell'odontoiatria laser presso Vera Smile: trattamenti precisi e confortevoli per una variet\u00e0 di condizioni dentali","og_url":"https:\/\/www.verasmile.com\/it\/odontoiatria-laser\/","og_site_name":"Vera Smile","article_publisher":"https:\/\/www.facebook.com\/VeraSmileDental\/","article_modified_time":"2024-08-06T08:55:58+00:00","og_image":[{"width":1440,"height":800,"url":"https:\/\/www.verasmile.com\/wp-content\/uploads\/2024\/02\/Laser-Dentistry.webp","type":"image\/webp"}],"twitter_card":"summary_large_image","twitter_misc":{"Tempo di lettura stimato":"7 minuti"},"schema":{"@context":"https:\/\/schema.org","@graph":[{"@type":"WebPage","@id":"https:\/\/www.verasmile.com\/it\/odontoiatria-laser\/","url":"https:\/\/www.verasmile.com\/it\/odontoiatria-laser\/","name":"Odontoiatria laser - Vera Smile","isPartOf":{"@id":"https:\/\/www.verasmile.com\/it\/#website"},"primaryImageOfPage":{"@id":"https:\/\/www.verasmile.com\/it\/odontoiatria-laser\/#primaryimage"},"image":{"@id":"https:\/\/www.verasmile.com\/it\/odontoiatria-laser\/#primaryimage"},"thumbnailUrl":"https:\/\/www.verasmile.com\/wp-content\/uploads\/2024\/02\/Laser-Dentistry.webp","datePublished":"2023-07-07T09:47:26+00:00","dateModified":"2024-08-06T08:55:58+00:00","description":"Sperimenta i vantaggi dell'odontoiatria laser presso Vera Smile: trattamenti precisi e confortevoli per una variet\u00e0 di condizioni dentali","breadcrumb":{"@id":"https:\/\/www.verasmile.com\/it\/odontoiatria-laser\/#breadcrumb"},"inLanguage":"it-IT","potentialAction":[{"@type":"ReadAction","target":["https:\/\/www.verasmile.com\/it\/odontoiatria-laser\/"]}]},{"@type":"ImageObject","inLanguage":"it-IT","@id":"https:\/\/www.verasmile.com\/it\/odontoiatria-laser\/#primaryimage","url":"https:\/\/www.verasmile.com\/wp-content\/uploads\/2024\/02\/Laser-Dentistry.webp","contentUrl":"https:\/\/www.verasmile.com\/wp-content\/uploads\/2024\/02\/Laser-Dentistry.webp","width":1440,"height":800,"caption":"Odontoiatria laser"},{"@type":"BreadcrumbList","@id":"https:\/\/www.verasmile.com\/it\/odontoiatria-laser\/#breadcrumb","itemListElement":[{"@type":"ListItem","position":1,"name":"Inizio","item":"https:\/\/www.verasmile.com\/it\/"},{"@type":"ListItem","position":2,"name":"Odontoiatria laser"}]},{"@type":"WebSite","@id":"https:\/\/www.verasmile.com\/it\/#website","url":"https:\/\/www.verasmile.com\/it\/","name":"Vera Smile Dental Clinic","description":"Dental Clinic in Turkey, Istanbul 2026","publisher":{"@id":"https:\/\/www.verasmile.com\/it\/#organization"},"potentialAction":[{"@type":"SearchAction","target":{"@type":"EntryPoint","urlTemplate":"https:\/\/www.verasmile.com\/it\/?s={search_term_string}"},"query-input":{"@type":"PropertyValueSpecification","valueRequired":true,"valueName":"search_term_string"}}],"inLanguage":"it-IT"},{"@type":"Organization","@id":"https:\/\/www.verasmile.com\/it\/#organization","name":"Vera Smile Dental Clinic","url":"https:\/\/www.verasmile.com\/it\/","logo":{"@type":"ImageObject","inLanguage":"it-IT","@id":"https:\/\/www.verasmile.com\/it\/#\/schema\/logo\/image\/","url":"https:\/\/www.verasmile.com\/wp-content\/uploads\/2026\/02\/Birles\u0327ik-Logo-scaled.png","contentUrl":"https:\/\/www.verasmile.com\/wp-content\/uploads\/2026\/02\/Birles\u0327ik-Logo-scaled.png","width":2560,"height":244,"caption":"Vera Smile Dental Clinic"},"image":{"@id":"https:\/\/www.verasmile.com\/it\/#\/schema\/logo\/image\/"},"sameAs":["https:\/\/www.facebook.com\/VeraSmileDental\/","https:\/\/www.instagram.com\/verasmile.dental\/"]}]}},"_links":{"self":[{"href":"https:\/\/www.verasmile.com\/it\/wp-json\/wp\/v2\/pages\/13102","targetHints":{"allow":["GET"]}}],"collection":[{"href":"https:\/\/www.verasmile.com\/it\/wp-json\/wp\/v2\/pages"}],"about":[{"href":"https:\/\/www.verasmile.com\/it\/wp-json\/wp\/v2\/types\/page"}],"author":[{"embeddable":true,"href":"https:\/\/www.verasmile.com\/it\/wp-json\/wp\/v2\/users\/1"}],"replies":[{"embeddable":true,"href":"https:\/\/www.verasmile.com\/it\/wp-json\/wp\/v2\/comments?post=13102"}],"version-history":[{"count":0,"href":"https:\/\/www.verasmile.com\/it\/wp-json\/wp\/v2\/pages\/13102\/revisions"}],"wp:featuredmedia":[{"embeddable":true,"href":"https:\/\/www.verasmile.com\/it\/wp-json\/wp\/v2\/media\/9161"}],"wp:attachment":[{"href":"https:\/\/www.verasmile.com\/it\/wp-json\/wp\/v2\/media?parent=13102"}],"curies":[{"name":"wp","href":"https:\/\/api.w.org\/{rel}","templated":true}]}}