{"id":12082,"date":"2023-07-17T09:58:03","date_gmt":"2023-07-17T06:58:03","guid":{"rendered":"https:\/\/www.verasmile.com\/?page_id=12082"},"modified":"2024-03-23T16:12:40","modified_gmt":"2024-03-23T13:12:40","slug":"os-nossos-padroes-de-qualidade","status":"publish","type":"page","link":"https:\/\/www.verasmile.com\/pt-pt\/os-nossos-padroes-de-qualidade\/","title":{"rendered":"Os nossos padr\u00f5es de qualidade"},"content":{"rendered":"\n<p><strong>Sistema de Gest\u00e3o da Qualidade ISO 9001\/2015<\/strong><\/p>\n\n\n\n<p>Implement\u00e1mos o Sistema de Gest\u00e3o da Qualidade ISO 9001:2015 para garantir que os nossos pacientes recebem cuidados de qualidade superior. Este sistema monitoriza e controla as nossas unidades de servi\u00e7o de forma proativa, minimizando os erros e procurando a melhoria cont\u00ednua. O nosso objetivo \u00e9 atingir o mais alto n\u00edvel de satisfa\u00e7\u00e3o dos pacientes, medindo e melhorando-nos continuamente.<\/p>\n\n\n\n<p>Al\u00e9m disso, o Sistema de Gest\u00e3o da Qualidade ISO 9001\/2015 para cuidados dent\u00e1rios integra-se perfeitamente na identidade corporativa da Vera Smile, acrescentando valor aos nossos pacientes e colaboradores. Demonstra o nosso empenhamento em realizar trabalhos dent\u00e1rios na Turquia de acordo com as normas e padr\u00f5es internacionais.<\/p>\n\n\n\n<p>A Vera Smile recebeu a certifica\u00e7\u00e3o do Sistema de Gest\u00e3o da Qualidade ISO 9001\/2015 em outubro de 2020, ap\u00f3s a Auditoria de Certifica\u00e7\u00e3o do Sistema de Gest\u00e3o da Qualidade ISO 9001\/2015. As nossas avalia\u00e7\u00f5es anuais n\u00e3o revelaram repetidamente quaisquer n\u00e3o-conformidades materiais.<\/p>\n\n\n\n<p><strong>Acredita\u00e7\u00e3o dos estabelecimentos de sa\u00fade e normaliza\u00e7\u00e3o da qualidade<\/strong><\/p>\n\n\n\n<p>No virar do s\u00e9culo XXI, a Turquia implementou rapidamente um programa abrangente de reforma dos cuidados de sa\u00fade, incluindo iniciativas a n\u00edvel nacional para distribuir pessoal m\u00e9dico competente. A reforma dos cuidados de sa\u00fade turca obrigou \u00e0 acredita\u00e7\u00e3o dos hospitais para normalizar a qualidade.<\/p>\n\n\n\n<p>O Minist\u00e9rio da Sa\u00fade turco tomou medidas r\u00e1pidas para acreditar e normalizar as instala\u00e7\u00f5es de cuidados de sa\u00fade. Gra\u00e7as \u00e0 pol\u00edtica governamental e \u00e0 coopera\u00e7\u00e3o ativa entre o Minist\u00e9rio da Sa\u00fade turco e os estabelecimentos de sa\u00fade privados, a Turquia \u00e9 atualmente um dos tr\u00eas pa\u00edses com maior n\u00famero de estabelecimentos de sa\u00fade acreditados. A Vera Clinic \u00e9 uma das poucas cl\u00ednicas na Turquia a receber a acredita\u00e7\u00e3o completa do Minist\u00e9rio da Sa\u00fade turco, tendo cumprido todos os requisitos para a acredita\u00e7\u00e3o.<\/p>\n\n\n\n<p><strong>Sistema de satisfa\u00e7\u00e3o do cliente ISO 10002<\/strong><\/p>\n\n\n\n<p>De acordo com o nosso Sistema de Gest\u00e3o da Qualidade ISO 9001, implement\u00e1mos o sistema ISO 10002 para dar prioridade \u00e0 satisfa\u00e7\u00e3o dos pacientes e \u00e0 resolu\u00e7\u00e3o de reclama\u00e7\u00f5es. Este sistema integrado permite-nos responder de forma consistente, r\u00e1pida e adequada aos pedidos de informa\u00e7\u00e3o dos pacientes. Tamb\u00e9m nos ajuda a identificar tend\u00eancias emergentes, a abordar as causas subjacentes \u00e0s queixas e a melhorar continuamente os servi\u00e7os do nosso hospital.<\/p>\n\n\n\n<p>Seguramente, o nosso hospital \u00e9 submetido anualmente a auditorias de certifica\u00e7\u00e3o internacional para garantir a conformidade com o Sistema de Gest\u00e3o da Satisfa\u00e7\u00e3o do Cliente ISO 10002. Esta certifica\u00e7\u00e3o demonstra a nossa dedica\u00e7\u00e3o em proporcionar experi\u00eancias excepcionais aos pacientes.<\/p>\n","protected":false},"excerpt":{"rendered":"<p>Sistema de Gest\u00e3o da Qualidade ISO 9001\/2015 Implement\u00e1mos o Sistema de Gest\u00e3o da Qualidade ISO 9001:2015 para garantir que os nossos pacientes recebem cuidados de<\/p>\n","protected":false},"author":1,"featured_media":8628,"parent":0,"menu_order":0,"comment_status":"closed","ping_status":"open","template":"","meta":{"inline_featured_image":false,"footnotes":""},"class_list":{"0":"post-12082","1":"page","2":"type-page","3":"status-publish","4":"has-post-thumbnail","6":"resize-featured-image"},"lang":"pt-pt","translations":{"en":2234,"it":11140,"fr":11510,"es":11838,"pt-pt":12082,"de":12313,"ar":13480,"tr":13670},"yoast_head":"<!-- This site is optimized with the Yoast SEO Premium plugin v27.4 (Yoast SEO v27.4) - https:\/\/yoast.com\/product\/yoast-seo-premium-wordpress\/ -->\n<title>Os nossos padr\u00f5es de qualidade - Vera Smile<\/title>\n<meta name=\"description\" content=\"Saiba como o nosso Sistema de Gest\u00e3o da Qualidade garante cuidados superiores e a satisfa\u00e7\u00e3o dos pacientes. Descubra o valor que acrescenta aos nossos servi\u00e7os dent\u00e1rios.\" \/>\n<meta name=\"robots\" content=\"index, follow, max-snippet:-1, max-image-preview:large, max-video-preview:-1\" \/>\n<link rel=\"canonical\" href=\"https:\/\/www.verasmile.com\/pt-pt\/os-nossos-padroes-de-qualidade\/\" \/>\n<meta property=\"og:locale\" content=\"pt_PT\" \/>\n<meta property=\"og:type\" content=\"article\" \/>\n<meta property=\"og:title\" content=\"Os nossos padr\u00f5es de qualidade\" \/>\n<meta property=\"og:description\" content=\"Saiba como o nosso Sistema de Gest\u00e3o da Qualidade garante cuidados superiores e a satisfa\u00e7\u00e3o dos pacientes. Descubra o valor que acrescenta aos nossos servi\u00e7os dent\u00e1rios.\" \/>\n<meta property=\"og:url\" content=\"https:\/\/www.verasmile.com\/pt-pt\/os-nossos-padroes-de-qualidade\/\" \/>\n<meta property=\"og:site_name\" content=\"Vera Smile\" \/>\n<meta property=\"article:publisher\" content=\"https:\/\/www.facebook.com\/VeraSmileDental\/\" \/>\n<meta property=\"article:modified_time\" content=\"2024-03-23T13:12:40+00:00\" \/>\n<meta property=\"og:image\" content=\"https:\/\/www.verasmile.com\/wp-content\/uploads\/2024\/02\/quality-standars-banner-03.webp\" \/>\n\t<meta property=\"og:image:width\" content=\"1440\" \/>\n\t<meta property=\"og:image:height\" content=\"800\" \/>\n\t<meta property=\"og:image:type\" content=\"image\/webp\" \/>\n<meta name=\"twitter:card\" content=\"summary_large_image\" \/>\n<meta name=\"twitter:label1\" content=\"Tempo estimado de leitura\" \/>\n\t<meta name=\"twitter:data1\" content=\"2 minutos\" \/>\n<script type=\"application\/ld+json\" class=\"yoast-schema-graph\">{\"@context\":\"https:\\\/\\\/schema.org\",\"@graph\":[{\"@type\":\"WebPage\",\"@id\":\"https:\\\/\\\/www.verasmile.com\\\/pt-pt\\\/os-nossos-padroes-de-qualidade\\\/\",\"url\":\"https:\\\/\\\/www.verasmile.com\\\/pt-pt\\\/os-nossos-padroes-de-qualidade\\\/\",\"name\":\"Os nossos padr\u00f5es de qualidade - Vera Smile\",\"isPartOf\":{\"@id\":\"https:\\\/\\\/www.verasmile.com\\\/pt-pt\\\/#website\"},\"primaryImageOfPage\":{\"@id\":\"https:\\\/\\\/www.verasmile.com\\\/pt-pt\\\/os-nossos-padroes-de-qualidade\\\/#primaryimage\"},\"image\":{\"@id\":\"https:\\\/\\\/www.verasmile.com\\\/pt-pt\\\/os-nossos-padroes-de-qualidade\\\/#primaryimage\"},\"thumbnailUrl\":\"https:\\\/\\\/www.verasmile.com\\\/wp-content\\\/uploads\\\/2024\\\/02\\\/quality-standars-banner-03.webp\",\"datePublished\":\"2023-07-17T06:58:03+00:00\",\"dateModified\":\"2024-03-23T13:12:40+00:00\",\"description\":\"Saiba como o nosso Sistema de Gest\u00e3o da Qualidade garante cuidados superiores e a satisfa\u00e7\u00e3o dos pacientes. Descubra o valor que acrescenta aos nossos servi\u00e7os dent\u00e1rios.\",\"breadcrumb\":{\"@id\":\"https:\\\/\\\/www.verasmile.com\\\/pt-pt\\\/os-nossos-padroes-de-qualidade\\\/#breadcrumb\"},\"inLanguage\":\"pt-PT\",\"potentialAction\":[{\"@type\":\"ReadAction\",\"target\":[\"https:\\\/\\\/www.verasmile.com\\\/pt-pt\\\/os-nossos-padroes-de-qualidade\\\/\"]}]},{\"@type\":\"ImageObject\",\"inLanguage\":\"pt-PT\",\"@id\":\"https:\\\/\\\/www.verasmile.com\\\/pt-pt\\\/os-nossos-padroes-de-qualidade\\\/#primaryimage\",\"url\":\"https:\\\/\\\/www.verasmile.com\\\/wp-content\\\/uploads\\\/2024\\\/02\\\/quality-standars-banner-03.webp\",\"contentUrl\":\"https:\\\/\\\/www.verasmile.com\\\/wp-content\\\/uploads\\\/2024\\\/02\\\/quality-standars-banner-03.webp\",\"width\":1440,\"height\":800,\"caption\":\"Kalite Standartlar\u0131m\u0131z\"},{\"@type\":\"BreadcrumbList\",\"@id\":\"https:\\\/\\\/www.verasmile.com\\\/pt-pt\\\/os-nossos-padroes-de-qualidade\\\/#breadcrumb\",\"itemListElement\":[{\"@type\":\"ListItem\",\"position\":1,\"name\":\"Inicial\",\"item\":\"https:\\\/\\\/www.verasmile.com\\\/pt-pt\\\/\"},{\"@type\":\"ListItem\",\"position\":2,\"name\":\"Os nossos padr\u00f5es de qualidade\"}]},{\"@type\":\"WebSite\",\"@id\":\"https:\\\/\\\/www.verasmile.com\\\/pt-pt\\\/#website\",\"url\":\"https:\\\/\\\/www.verasmile.com\\\/pt-pt\\\/\",\"name\":\"Vera Smile Dental Clinic\",\"description\":\"Dental Clinic in Turkey, Istanbul 2026\",\"publisher\":{\"@id\":\"https:\\\/\\\/www.verasmile.com\\\/pt-pt\\\/#organization\"},\"potentialAction\":[{\"@type\":\"SearchAction\",\"target\":{\"@type\":\"EntryPoint\",\"urlTemplate\":\"https:\\\/\\\/www.verasmile.com\\\/pt-pt\\\/?s={search_term_string}\"},\"query-input\":{\"@type\":\"PropertyValueSpecification\",\"valueRequired\":true,\"valueName\":\"search_term_string\"}}],\"inLanguage\":\"pt-PT\"},{\"@type\":\"Organization\",\"@id\":\"https:\\\/\\\/www.verasmile.com\\\/pt-pt\\\/#organization\",\"name\":\"Vera Smile Dental Clinic\",\"url\":\"https:\\\/\\\/www.verasmile.com\\\/pt-pt\\\/\",\"logo\":{\"@type\":\"ImageObject\",\"inLanguage\":\"pt-PT\",\"@id\":\"https:\\\/\\\/www.verasmile.com\\\/pt-pt\\\/#\\\/schema\\\/logo\\\/image\\\/\",\"url\":\"https:\\\/\\\/www.verasmile.com\\\/wp-content\\\/uploads\\\/2026\\\/02\\\/Birles\u0327ik-Logo-scaled.png\",\"contentUrl\":\"https:\\\/\\\/www.verasmile.com\\\/wp-content\\\/uploads\\\/2026\\\/02\\\/Birles\u0327ik-Logo-scaled.png\",\"width\":2560,\"height\":244,\"caption\":\"Vera Smile Dental Clinic\"},\"image\":{\"@id\":\"https:\\\/\\\/www.verasmile.com\\\/pt-pt\\\/#\\\/schema\\\/logo\\\/image\\\/\"},\"sameAs\":[\"https:\\\/\\\/www.facebook.com\\\/VeraSmileDental\\\/\",\"https:\\\/\\\/www.instagram.com\\\/verasmile.dental\\\/\"]}]}<\/script>\n<!-- \/ Yoast SEO Premium plugin. -->","yoast_head_json":{"title":"Os nossos padr\u00f5es de qualidade - Vera Smile","description":"Saiba como o nosso Sistema de Gest\u00e3o da Qualidade garante cuidados superiores e a satisfa\u00e7\u00e3o dos pacientes. Descubra o valor que acrescenta aos nossos servi\u00e7os dent\u00e1rios.","robots":{"index":"index","follow":"follow","max-snippet":"max-snippet:-1","max-image-preview":"max-image-preview:large","max-video-preview":"max-video-preview:-1"},"canonical":"https:\/\/www.verasmile.com\/pt-pt\/os-nossos-padroes-de-qualidade\/","og_locale":"pt_PT","og_type":"article","og_title":"Os nossos padr\u00f5es de qualidade","og_description":"Saiba como o nosso Sistema de Gest\u00e3o da Qualidade garante cuidados superiores e a satisfa\u00e7\u00e3o dos pacientes. Descubra o valor que acrescenta aos nossos servi\u00e7os dent\u00e1rios.","og_url":"https:\/\/www.verasmile.com\/pt-pt\/os-nossos-padroes-de-qualidade\/","og_site_name":"Vera Smile","article_publisher":"https:\/\/www.facebook.com\/VeraSmileDental\/","article_modified_time":"2024-03-23T13:12:40+00:00","og_image":[{"width":1440,"height":800,"url":"https:\/\/www.verasmile.com\/wp-content\/uploads\/2024\/02\/quality-standars-banner-03.webp","type":"image\/webp"}],"twitter_card":"summary_large_image","twitter_misc":{"Tempo estimado de leitura":"2 minutos"},"schema":{"@context":"https:\/\/schema.org","@graph":[{"@type":"WebPage","@id":"https:\/\/www.verasmile.com\/pt-pt\/os-nossos-padroes-de-qualidade\/","url":"https:\/\/www.verasmile.com\/pt-pt\/os-nossos-padroes-de-qualidade\/","name":"Os nossos padr\u00f5es de qualidade - Vera Smile","isPartOf":{"@id":"https:\/\/www.verasmile.com\/pt-pt\/#website"},"primaryImageOfPage":{"@id":"https:\/\/www.verasmile.com\/pt-pt\/os-nossos-padroes-de-qualidade\/#primaryimage"},"image":{"@id":"https:\/\/www.verasmile.com\/pt-pt\/os-nossos-padroes-de-qualidade\/#primaryimage"},"thumbnailUrl":"https:\/\/www.verasmile.com\/wp-content\/uploads\/2024\/02\/quality-standars-banner-03.webp","datePublished":"2023-07-17T06:58:03+00:00","dateModified":"2024-03-23T13:12:40+00:00","description":"Saiba como o nosso Sistema de Gest\u00e3o da Qualidade garante cuidados superiores e a satisfa\u00e7\u00e3o dos pacientes. Descubra o valor que acrescenta aos nossos servi\u00e7os dent\u00e1rios.","breadcrumb":{"@id":"https:\/\/www.verasmile.com\/pt-pt\/os-nossos-padroes-de-qualidade\/#breadcrumb"},"inLanguage":"pt-PT","potentialAction":[{"@type":"ReadAction","target":["https:\/\/www.verasmile.com\/pt-pt\/os-nossos-padroes-de-qualidade\/"]}]},{"@type":"ImageObject","inLanguage":"pt-PT","@id":"https:\/\/www.verasmile.com\/pt-pt\/os-nossos-padroes-de-qualidade\/#primaryimage","url":"https:\/\/www.verasmile.com\/wp-content\/uploads\/2024\/02\/quality-standars-banner-03.webp","contentUrl":"https:\/\/www.verasmile.com\/wp-content\/uploads\/2024\/02\/quality-standars-banner-03.webp","width":1440,"height":800,"caption":"Kalite Standartlar\u0131m\u0131z"},{"@type":"BreadcrumbList","@id":"https:\/\/www.verasmile.com\/pt-pt\/os-nossos-padroes-de-qualidade\/#breadcrumb","itemListElement":[{"@type":"ListItem","position":1,"name":"Inicial","item":"https:\/\/www.verasmile.com\/pt-pt\/"},{"@type":"ListItem","position":2,"name":"Os nossos padr\u00f5es de qualidade"}]},{"@type":"WebSite","@id":"https:\/\/www.verasmile.com\/pt-pt\/#website","url":"https:\/\/www.verasmile.com\/pt-pt\/","name":"Vera Smile Dental Clinic","description":"Dental Clinic in Turkey, Istanbul 2026","publisher":{"@id":"https:\/\/www.verasmile.com\/pt-pt\/#organization"},"potentialAction":[{"@type":"SearchAction","target":{"@type":"EntryPoint","urlTemplate":"https:\/\/www.verasmile.com\/pt-pt\/?s={search_term_string}"},"query-input":{"@type":"PropertyValueSpecification","valueRequired":true,"valueName":"search_term_string"}}],"inLanguage":"pt-PT"},{"@type":"Organization","@id":"https:\/\/www.verasmile.com\/pt-pt\/#organization","name":"Vera Smile Dental Clinic","url":"https:\/\/www.verasmile.com\/pt-pt\/","logo":{"@type":"ImageObject","inLanguage":"pt-PT","@id":"https:\/\/www.verasmile.com\/pt-pt\/#\/schema\/logo\/image\/","url":"https:\/\/www.verasmile.com\/wp-content\/uploads\/2026\/02\/Birles\u0327ik-Logo-scaled.png","contentUrl":"https:\/\/www.verasmile.com\/wp-content\/uploads\/2026\/02\/Birles\u0327ik-Logo-scaled.png","width":2560,"height":244,"caption":"Vera Smile Dental Clinic"},"image":{"@id":"https:\/\/www.verasmile.com\/pt-pt\/#\/schema\/logo\/image\/"},"sameAs":["https:\/\/www.facebook.com\/VeraSmileDental\/","https:\/\/www.instagram.com\/verasmile.dental\/"]}]}},"_links":{"self":[{"href":"https:\/\/www.verasmile.com\/pt-pt\/wp-json\/wp\/v2\/pages\/12082","targetHints":{"allow":["GET"]}}],"collection":[{"href":"https:\/\/www.verasmile.com\/pt-pt\/wp-json\/wp\/v2\/pages"}],"about":[{"href":"https:\/\/www.verasmile.com\/pt-pt\/wp-json\/wp\/v2\/types\/page"}],"author":[{"embeddable":true,"href":"https:\/\/www.verasmile.com\/pt-pt\/wp-json\/wp\/v2\/users\/1"}],"replies":[{"embeddable":true,"href":"https:\/\/www.verasmile.com\/pt-pt\/wp-json\/wp\/v2\/comments?post=12082"}],"version-history":[{"count":0,"href":"https:\/\/www.verasmile.com\/pt-pt\/wp-json\/wp\/v2\/pages\/12082\/revisions"}],"wp:featuredmedia":[{"embeddable":true,"href":"https:\/\/www.verasmile.com\/pt-pt\/wp-json\/wp\/v2\/media\/8628"}],"wp:attachment":[{"href":"https:\/\/www.verasmile.com\/pt-pt\/wp-json\/wp\/v2\/media?parent=12082"}],"curies":[{"name":"wp","href":"https:\/\/api.w.org\/{rel}","templated":true}]}}