{"id":12111,"date":"2023-07-07T12:26:41","date_gmt":"2023-07-07T09:26:41","guid":{"rendered":"https:\/\/www.verasmile.com\/?page_id=12111"},"modified":"2024-08-06T12:15:47","modified_gmt":"2024-08-06T09:15:47","slug":"substituicao-de-multiplos-dentes","status":"publish","type":"page","link":"https:\/\/www.verasmile.com\/pt-pt\/implantes-dentarios\/substituicao-de-multiplos-dentes\/","title":{"rendered":"Substitui\u00e7\u00e3o de m\u00faltiplos dentes"},"content":{"rendered":"<div class=\"gb-container gb-container-ec46b227\">\n<div class=\"gb-grid-wrapper gb-grid-wrapper-6232a014\">\n<div class=\"gb-grid-column gb-grid-column-141c614b\"><div class=\"gb-container gb-container-141c614b\">\n\n<p>A falta de um dente pode afetar mais do que a apar\u00eancia, deixando-o com a possibilidade de muitos problemas m\u00e9dicos, necessitando de substitui\u00e7\u00e3o de m\u00faltiplos dentes. Pode sofrer de perda \u00f3ssea permanente no maxilar, o alinhamento dos dentes pode alterar-se porque os dentes se deslocam para a frente para fechar o espa\u00e7o e pode ter problemas ao falar, comer ou mesmo sorrir. A falta de dentes pode tamb\u00e9m causar v\u00e1rias doen\u00e7as das gengivas e mau h\u00e1lito.&nbsp;<\/p>\n\n\n\n<p>\u00c9 crucial tratar a falta de dentes para evitar estes resultados. Uma solu\u00e7\u00e3o eficaz para este problema \u00e9 a substitui\u00e7\u00e3o de m\u00faltiplos dentes. A substitui\u00e7\u00e3o de m\u00faltiplos dentes com implantes dent\u00e1rios proporciona uma base permanente para dentes artificiais que imitam os naturais. Ao preencher as lacunas com implantes, est\u00e1 a restaurar a apar\u00eancia do seu sorriso e a manter uma boa sa\u00fade oral. N\u00e3o deixe que as lacunas o impe\u00e7am de sorrir; escolha o tratamento certo e comece.<\/p>\n\n\n\n<h2 class=\"gb-headline gb-headline-c95f55a1 gb-headline-text\"><strong>O que \u00e9 a substitui\u00e7\u00e3o de dentes m\u00faltiplos?<\/strong><\/h2>\n\n\n\n<p>Os tratamentos de substitui\u00e7\u00e3o de dentes m\u00faltiplos consistem em postes de tit\u00e2nio colocados cirurgicamente no maxilar para proporcionar uma base s\u00f3lida para a fixa\u00e7\u00e3o de dentes artificiais. Imitam a estrutura natural dos dentes, promovendo a sa\u00fade \u00f3ssea e prevenindo uma maior deteriora\u00e7\u00e3o do maxilar.<\/p>\n\n\n\n<p>Os implantes que utilizamos no tratamento de substitui\u00e7\u00e3o de dentes m\u00faltiplos consistem em duas pe\u00e7as: postes de tit\u00e2nio e coroas feitas \u00e0 medida. Temos diferentes op\u00e7\u00f5es de materiais e t\u00e9cnicas que decidimos em fun\u00e7\u00e3o das suas necessidades.&nbsp;<\/p>\n\n\n\n<h2 class=\"gb-headline gb-headline-bb978788 gb-headline-text\"><strong>Op\u00e7\u00f5es de substitui\u00e7\u00e3o de dentes m\u00faltiplos<\/strong><\/h2>\n\n\n\n<p>Se tem um ou mais dentes em falta, tem tr\u00eas op\u00e7\u00f5es principais de tratamento: <a href=\"https:\/\/www.verasmile.com\/pt-pt\/proteses-parciais-e-completas-na-turquia\/\">pr\u00f3teses parciais<\/a> (diferentes tipos de pontes dent\u00e1rias) ou substitui\u00e7\u00e3o de m\u00faltiplos dentes com implantes. Enquanto uma pr\u00f3tese parcial \u00e9 fixa com grampos que se ligam aos dentes naturais circundantes, as pontes dent\u00e1rias s\u00e3o suportadas pelos dentes vizinhos e encaixam no espa\u00e7o. Ambos podem ser amov\u00edveis ou fixos.&nbsp;<\/p>\n\n\n\n<p>A substitui\u00e7\u00e3o de dentes m\u00faltiplos com implantes, por outro lado, \u00e9 permanente. Se est\u00e1 \u00e0 procura de uma op\u00e7\u00e3o permanente, fi\u00e1vel e duradoura, deve considerar a substitui\u00e7\u00e3o de m\u00faltiplos dentes com implantes.&nbsp;<\/p>\n\n\n\n<h2 class=\"gb-headline gb-headline-218758e1 gb-headline-text\"><strong>Procedimento de substitui\u00e7\u00e3o de dentes m\u00faltiplos na Vera Smile<\/strong><\/h2>\n\n\n\n<h3 class=\"gb-headline gb-headline-59d06252 gb-headline-text\"><strong>Pr\u00e9-planeamento<\/strong><\/h3>\n\n\n\n<p>Quando nos contactar, come\u00e7aremos a planear o seu tratamento. Discutimos as melhores op\u00e7\u00f5es para o seu caso e come\u00e7amos a preparar-nos.<\/p>\n\n\n\n<h3 class=\"gb-headline gb-headline-2b79d284 gb-headline-text\"><strong>Pr\u00e9-procedimento<\/strong><\/h3>\n\n\n\n<p>Obtemos as informa\u00e7\u00f5es sobre o seu voo, preparamo-lo com alojamento e transporte e informamo-lo sobre os dias e procedimentos do seu tratamento.&nbsp;<\/p>\n\n\n\n<p>Antes do tratamento, para o exame presencial, \u00e9 necess\u00e1rio efetuar alguns testes e consultas. Fazemo-lo para garantir que o resultado do plano concebido \u00e9 exatamente o que espera.<\/p>\n\n\n\n<h3 class=\"gb-headline gb-headline-ff6b0f4a gb-headline-text\"><strong>Procedimento<\/strong><\/h3>\n\n\n\n<p>Os implantes ser\u00e3o colocados cirurgicamente no osso maxilar e cobertos com uma coroa. A dura\u00e7\u00e3o da cirurgia pode ser ajustada em fun\u00e7\u00e3o da sua situa\u00e7\u00e3o pessoal.&nbsp;<\/p>\n\n\n\n<h3 class=\"gb-headline gb-headline-4f1be550 gb-headline-text\"><strong>P\u00f3s-procedimento<\/strong><\/h3>\n\n\n\n<p>Acompanharemos o seu processo de cicatriza\u00e7\u00e3o durante algum tempo e responderemos a quaisquer preocupa\u00e7\u00f5es que possa ter durante este per\u00edodo. Ter\u00e1 de seguir as instru\u00e7\u00f5es detalhadas que lhe fornecemos sobre como cuidar dos seus implantes ap\u00f3s o procedimento para uma recupera\u00e7\u00e3o suave e r\u00e1pida.&nbsp;<\/p>\n\n\n\n<h2 class=\"gb-headline gb-headline-a109a055 gb-headline-text\"><strong>Cuidados posteriores \u00e0 substitui\u00e7\u00e3o de m\u00faltiplos dentes<\/strong><\/h2>\n\n\n\n<p>Ap\u00f3s a substitui\u00e7\u00e3o de m\u00faltiplos dentes na Turquia, \u00e9 muito importante seguir todas as instru\u00e7\u00f5es e tomar todos os medicamentos. Tenha cuidado e evite traumatizar a zona. \u00c9 completamente normal sentir incha\u00e7o e dor. Pode tomar os seus medicamentos para as dores e utilizar sacos de gelo. Ao fim de alguns dias, ambos ser\u00e3o reduzidos.<\/p>\n\n\n\n<h2 class=\"gb-headline gb-headline-809e19c1 gb-headline-text\"><strong>Quanto custa a substitui\u00e7\u00e3o de dentes m\u00faltiplos?<\/strong><\/h2>\n\n\n\n<p>Os implantes s\u00e3o caros, mesmo para um s\u00f3 dente. <a href=\"https:\/\/www.verasmile.com\/pt-pt\/revelado-custo-dos-implantes-dentarios-na-turquia-em-comparacao-com-os-eua\/\">O custo da substitui\u00e7\u00e3o de m\u00faltiplos dentes<\/a> com implantes nos EUA e no Reino Unido pode ser assustador devido a este facto. Os pre\u00e7os variam entre 500\u20ac e 6000\u20ac por dente, pode imaginar o resto. Se optar por um pacote de tratamentos como os <a href=\"https:\/\/www.verasmile.com\/pt-pt\/implantes-dentarios\/implantes-dentarios-all-on-4\/\">implantes dent\u00e1rios All-on-Four<\/a> ou os tratamentos com implantes dent\u00e1rios All-on-Six, o pre\u00e7o total pode ser mais baixo, mas n\u00e3o deixa de ser uma quantia avultada.&nbsp;<\/p>\n\n\n\n<p>\u00c9 por isso que a maioria das pessoas opta por fazer o seu tratamento dent\u00e1rio na Turquia. Com o dinheiro que gastariam no procedimento no seu pa\u00eds ou at\u00e9 menos, podem fazer o tratamento e passar umas pequenas f\u00e9rias em Istambul, uma das maiores cidades do mundo. \u00c9 a cereja no topo do bolo.&nbsp;<\/p>\n\n\n\n<p>Como Vera Smile, na vibrante cidade de Istambul, oferecemos um pre\u00e7o competitivo de substitui\u00e7\u00e3o de dentes m\u00faltiplos sem comprometer a qualidade. Uma das nossas miss\u00f5es \u00e9 tornar os cuidados dent\u00e1rios de qualidade acess\u00edveis a todos.&nbsp;<a href=\"https:\/\/www.verasmile.com\/pt-pt\/contacte-nos\/\">Contacte-nos<\/a> agora para obter uma an\u00e1lise detalhada dos custos.<\/p>\n\n\n\n<h2 class=\"gb-headline gb-headline-eebd104e gb-headline-text\"><strong>Porqu\u00ea a Vera Smile?<\/strong><\/h2>\n\n\n\n<p>Orgulhamo-nos de proporcionar aos nossos pacientes cuidados personalizados e compassivos, as mais recentes tecnologias dent\u00e1rias e uma excelente equipa. Iremos gui\u00e1-lo ao longo de toda a sua viagem de substitui\u00e7\u00e3o de dentes m\u00faltiplos na Turquia, e assegurar que se sente confort\u00e1vel, confiante e especial.<\/p>\n\n\n\n<p>Com os nossos pre\u00e7os competitivos, pacotes com tudo inclu\u00eddo, um longo historial de transforma\u00e7\u00e3o de vida bem sucedida e um sorriso novo em folha, e a nossa cultura e hospitalidade turcas, escolher-nos para a sua substitui\u00e7\u00e3o de dentes m\u00faltiplos na Turquia nunca foi t\u00e3o f\u00e1cil.&nbsp;<\/p>\n\n\n\n<p>Marque a sua consulta hoje mesmo e comece a sua jornada de tratamento. Mal podemos esperar para fazer parte da sua transforma\u00e7\u00e3o!<\/p>\n\n\n\n<h2 class=\"gb-headline gb-headline-d90344d2 gb-headline-text\"><strong>FAQ<\/strong><\/h2>\n\n\n\n<h3 class=\"gb-headline gb-headline-3ed6ff39 gb-headline-text\"><strong>A substitui\u00e7\u00e3o de dentes m\u00faltiplos \u00e9 dolorosa?<\/strong><\/h3>\n\n\n\n<p>Utilizaremos anestesia local ou outros m\u00e9todos de seda\u00e7\u00e3o para garantir que n\u00e3o sentir\u00e1 qualquer dor durante a sua cirurgia de substitui\u00e7\u00e3o de dentes m\u00faltiplos. No entanto, pode sentir algum desconforto, incha\u00e7o e dor ap\u00f3s a cirurgia. Tentaremos minimiz\u00e1-los com medica\u00e7\u00e3o e instru\u00e7\u00f5es especiais.&nbsp;<\/p>\n\n\n\n<h3 class=\"gb-headline gb-headline-12c44d99 gb-headline-text\"><strong>Quanto tempo demora o procedimento de substitui\u00e7\u00e3o de dentes m\u00faltiplos?<\/strong><\/h3>\n\n\n\n<p>A dura\u00e7\u00e3o das cirurgias de substitui\u00e7\u00e3o de dentes m\u00faltiplos pode variar consoante o n\u00famero de dentes a substituir, a complexidade do caso e o seu processo de cicatriza\u00e7\u00e3o. Quando fizer o seu exame presencial, tudo ficar\u00e1 mais claro.<\/p>\n\n\n\n<h3 class=\"gb-headline gb-headline-b78b5f0e gb-headline-text\"><strong>Quanto tempo duram os dentes artificiais?<\/strong><\/h3>\n\n\n\n<p>O tempo de vida dos seus implantes depende do tipo de implante e dos cuidados que presta posteriormente. Com pr\u00e1ticas de higiene oral adequadas e regulares e check-ups dent\u00e1rios, os seus implantes podem durar muitos anos. No entanto, a experi\u00eancia de cada indiv\u00edduo \u00e9 diferente.<\/p>\n\n\n\n<h3 class=\"gb-headline gb-headline-9e59fe61 gb-headline-text\"><strong>\u00c9 poss\u00edvel substituir todos os dentes?<\/strong><\/h3>\n\n\n\n<p>Sim, \u00e9 poss\u00edvel substituir todos os seus dentes. Se necessitar deste tipo de tratamento, ap\u00f3s um exame detalhado, podemos determinar o tipo e o n\u00famero de tratamentos que podemos utilizar para si.<\/p>\n\n<\/div><\/div>\n\n<div class=\"gb-grid-column gb-grid-column-9795dbe7\"><div class=\"gb-container gb-container-9795dbe7 contact-sticky\">\n\n<h4 class=\"gb-headline gb-headline-83925198 gb-headline-text\">Obter uma consulta gratuita<\/h4>\n\n\n\n<script charset=\"utf-8\" type=\"text\/javascript\" src=\"\/\/js.hsforms.net\/forms\/embed\/v2.js\"><\/script>\n<script>\n  hbspt.forms.create({\n    region: \"na1\",\n    portalId: \"5077067\",\n    formId: \"27b9405b-88c2-490f-8756-eb95bab036bd\"\n  });\n<\/script>\n\n<\/div><\/div>\n<\/div>\n<\/div>","protected":false},"excerpt":{"rendered":"","protected":false},"author":1,"featured_media":9054,"parent":4966,"menu_order":0,"comment_status":"closed","ping_status":"closed","template":"","meta":{"inline_featured_image":false,"footnotes":""},"class_list":{"0":"post-12111","1":"page","2":"type-page","3":"status-publish","4":"has-post-thumbnail","6":"resize-featured-image"},"lang":"pt-pt","translations":{"en":1724,"it":11213,"fr":11600,"es":11881,"pt-pt":12111,"de":12397,"ar":13317,"tr":13757},"yoast_head":"<!-- This site is optimized with the Yoast SEO Premium plugin v27.4 (Yoast SEO v27.4) - https:\/\/yoast.com\/product\/yoast-seo-premium-wordpress\/ -->\n<title>Substitui\u00e7\u00e3o de m\u00faltiplos dentes - Vera Smile<\/title>\n<meta name=\"description\" content=\"A Substitui\u00e7\u00e3o de Dentes M\u00faltiplos na Turquia pode ser a escolha certa. Saiba como pode restaurar o seu sorriso com implantes dent\u00e1rios\" \/>\n<meta name=\"robots\" content=\"index, follow, max-snippet:-1, max-image-preview:large, max-video-preview:-1\" \/>\n<link rel=\"canonical\" href=\"https:\/\/www.verasmile.com\/pt-pt\/implantes-dentarios\/substituicao-de-multiplos-dentes\/\" \/>\n<meta property=\"og:locale\" content=\"pt_PT\" \/>\n<meta property=\"og:type\" content=\"article\" \/>\n<meta property=\"og:title\" content=\"Substitui\u00e7\u00e3o de m\u00faltiplos dentes\" \/>\n<meta property=\"og:description\" content=\"A Substitui\u00e7\u00e3o de Dentes M\u00faltiplos na Turquia pode ser a escolha certa. Saiba como pode restaurar o seu sorriso com implantes dent\u00e1rios\" \/>\n<meta property=\"og:url\" content=\"https:\/\/www.verasmile.com\/pt-pt\/implantes-dentarios\/substituicao-de-multiplos-dentes\/\" \/>\n<meta property=\"og:site_name\" content=\"Vera Smile\" \/>\n<meta property=\"article:publisher\" content=\"https:\/\/www.facebook.com\/VeraSmileDental\/\" \/>\n<meta property=\"article:modified_time\" content=\"2024-08-06T09:15:47+00:00\" \/>\n<meta property=\"og:image\" content=\"https:\/\/www.verasmile.com\/wp-content\/uploads\/2024\/02\/multple-teeth-implant.webp\" \/>\n\t<meta property=\"og:image:width\" content=\"1440\" \/>\n\t<meta property=\"og:image:height\" content=\"800\" \/>\n\t<meta property=\"og:image:type\" content=\"image\/webp\" \/>\n<meta name=\"twitter:card\" content=\"summary_large_image\" \/>\n<meta name=\"twitter:label1\" content=\"Tempo estimado de leitura\" \/>\n\t<meta name=\"twitter:data1\" content=\"5 minutos\" \/>\n<script type=\"application\/ld+json\" class=\"yoast-schema-graph\">{\"@context\":\"https:\\\/\\\/schema.org\",\"@graph\":[{\"@type\":\"WebPage\",\"@id\":\"https:\\\/\\\/www.verasmile.com\\\/pt-pt\\\/implantes-dentarios\\\/substituicao-de-multiplos-dentes\\\/\",\"url\":\"https:\\\/\\\/www.verasmile.com\\\/pt-pt\\\/implantes-dentarios\\\/substituicao-de-multiplos-dentes\\\/\",\"name\":\"Substitui\u00e7\u00e3o de m\u00faltiplos dentes - Vera Smile\",\"isPartOf\":{\"@id\":\"https:\\\/\\\/www.verasmile.com\\\/pt-pt\\\/#website\"},\"primaryImageOfPage\":{\"@id\":\"https:\\\/\\\/www.verasmile.com\\\/pt-pt\\\/implantes-dentarios\\\/substituicao-de-multiplos-dentes\\\/#primaryimage\"},\"image\":{\"@id\":\"https:\\\/\\\/www.verasmile.com\\\/pt-pt\\\/implantes-dentarios\\\/substituicao-de-multiplos-dentes\\\/#primaryimage\"},\"thumbnailUrl\":\"https:\\\/\\\/www.verasmile.com\\\/wp-content\\\/uploads\\\/2024\\\/02\\\/multple-teeth-implant.webp\",\"datePublished\":\"2023-07-07T09:26:41+00:00\",\"dateModified\":\"2024-08-06T09:15:47+00:00\",\"description\":\"A Substitui\u00e7\u00e3o de Dentes M\u00faltiplos na Turquia pode ser a escolha certa. Saiba como pode restaurar o seu sorriso com implantes dent\u00e1rios\",\"breadcrumb\":{\"@id\":\"https:\\\/\\\/www.verasmile.com\\\/pt-pt\\\/implantes-dentarios\\\/substituicao-de-multiplos-dentes\\\/#breadcrumb\"},\"inLanguage\":\"pt-PT\",\"potentialAction\":[{\"@type\":\"ReadAction\",\"target\":[\"https:\\\/\\\/www.verasmile.com\\\/pt-pt\\\/implantes-dentarios\\\/substituicao-de-multiplos-dentes\\\/\"]}]},{\"@type\":\"ImageObject\",\"inLanguage\":\"pt-PT\",\"@id\":\"https:\\\/\\\/www.verasmile.com\\\/pt-pt\\\/implantes-dentarios\\\/substituicao-de-multiplos-dentes\\\/#primaryimage\",\"url\":\"https:\\\/\\\/www.verasmile.com\\\/wp-content\\\/uploads\\\/2024\\\/02\\\/multple-teeth-implant.webp\",\"contentUrl\":\"https:\\\/\\\/www.verasmile.com\\\/wp-content\\\/uploads\\\/2024\\\/02\\\/multple-teeth-implant.webp\",\"width\":1440,\"height\":800,\"caption\":\"Substitui\u00e7\u00e3o de m\u00faltiplos dentes\"},{\"@type\":\"BreadcrumbList\",\"@id\":\"https:\\\/\\\/www.verasmile.com\\\/pt-pt\\\/implantes-dentarios\\\/substituicao-de-multiplos-dentes\\\/#breadcrumb\",\"itemListElement\":[{\"@type\":\"ListItem\",\"position\":1,\"name\":\"Inicial\",\"item\":\"https:\\\/\\\/www.verasmile.com\\\/pt-pt\\\/\"},{\"@type\":\"ListItem\",\"position\":2,\"name\":\"Implantes dent\u00e1rios: tipos, procedimento, custo e cuidados p\u00f3s-operat\u00f3rios\",\"item\":\"https:\\\/\\\/www.verasmile.com\\\/pt-pt\\\/implantes-dentarios\\\/\"},{\"@type\":\"ListItem\",\"position\":3,\"name\":\"Substitui\u00e7\u00e3o de m\u00faltiplos dentes\"}]},{\"@type\":\"WebSite\",\"@id\":\"https:\\\/\\\/www.verasmile.com\\\/pt-pt\\\/#website\",\"url\":\"https:\\\/\\\/www.verasmile.com\\\/pt-pt\\\/\",\"name\":\"Vera Smile Dental Clinic\",\"description\":\"Dental Clinic in Turkey, Istanbul 2026\",\"publisher\":{\"@id\":\"https:\\\/\\\/www.verasmile.com\\\/pt-pt\\\/#organization\"},\"potentialAction\":[{\"@type\":\"SearchAction\",\"target\":{\"@type\":\"EntryPoint\",\"urlTemplate\":\"https:\\\/\\\/www.verasmile.com\\\/pt-pt\\\/?s={search_term_string}\"},\"query-input\":{\"@type\":\"PropertyValueSpecification\",\"valueRequired\":true,\"valueName\":\"search_term_string\"}}],\"inLanguage\":\"pt-PT\"},{\"@type\":\"Organization\",\"@id\":\"https:\\\/\\\/www.verasmile.com\\\/pt-pt\\\/#organization\",\"name\":\"Vera Smile Dental Clinic\",\"url\":\"https:\\\/\\\/www.verasmile.com\\\/pt-pt\\\/\",\"logo\":{\"@type\":\"ImageObject\",\"inLanguage\":\"pt-PT\",\"@id\":\"https:\\\/\\\/www.verasmile.com\\\/pt-pt\\\/#\\\/schema\\\/logo\\\/image\\\/\",\"url\":\"https:\\\/\\\/www.verasmile.com\\\/wp-content\\\/uploads\\\/2026\\\/02\\\/Birles\u0327ik-Logo-scaled.png\",\"contentUrl\":\"https:\\\/\\\/www.verasmile.com\\\/wp-content\\\/uploads\\\/2026\\\/02\\\/Birles\u0327ik-Logo-scaled.png\",\"width\":2560,\"height\":244,\"caption\":\"Vera Smile Dental Clinic\"},\"image\":{\"@id\":\"https:\\\/\\\/www.verasmile.com\\\/pt-pt\\\/#\\\/schema\\\/logo\\\/image\\\/\"},\"sameAs\":[\"https:\\\/\\\/www.facebook.com\\\/VeraSmileDental\\\/\",\"https:\\\/\\\/www.instagram.com\\\/verasmile.dental\\\/\"]}]}<\/script>\n<!-- \/ Yoast SEO Premium plugin. -->","yoast_head_json":{"title":"Substitui\u00e7\u00e3o de m\u00faltiplos dentes - Vera Smile","description":"A Substitui\u00e7\u00e3o de Dentes M\u00faltiplos na Turquia pode ser a escolha certa. Saiba como pode restaurar o seu sorriso com implantes dent\u00e1rios","robots":{"index":"index","follow":"follow","max-snippet":"max-snippet:-1","max-image-preview":"max-image-preview:large","max-video-preview":"max-video-preview:-1"},"canonical":"https:\/\/www.verasmile.com\/pt-pt\/implantes-dentarios\/substituicao-de-multiplos-dentes\/","og_locale":"pt_PT","og_type":"article","og_title":"Substitui\u00e7\u00e3o de m\u00faltiplos dentes","og_description":"A Substitui\u00e7\u00e3o de Dentes M\u00faltiplos na Turquia pode ser a escolha certa. Saiba como pode restaurar o seu sorriso com implantes dent\u00e1rios","og_url":"https:\/\/www.verasmile.com\/pt-pt\/implantes-dentarios\/substituicao-de-multiplos-dentes\/","og_site_name":"Vera Smile","article_publisher":"https:\/\/www.facebook.com\/VeraSmileDental\/","article_modified_time":"2024-08-06T09:15:47+00:00","og_image":[{"width":1440,"height":800,"url":"https:\/\/www.verasmile.com\/wp-content\/uploads\/2024\/02\/multple-teeth-implant.webp","type":"image\/webp"}],"twitter_card":"summary_large_image","twitter_misc":{"Tempo estimado de leitura":"5 minutos"},"schema":{"@context":"https:\/\/schema.org","@graph":[{"@type":"WebPage","@id":"https:\/\/www.verasmile.com\/pt-pt\/implantes-dentarios\/substituicao-de-multiplos-dentes\/","url":"https:\/\/www.verasmile.com\/pt-pt\/implantes-dentarios\/substituicao-de-multiplos-dentes\/","name":"Substitui\u00e7\u00e3o de m\u00faltiplos dentes - Vera Smile","isPartOf":{"@id":"https:\/\/www.verasmile.com\/pt-pt\/#website"},"primaryImageOfPage":{"@id":"https:\/\/www.verasmile.com\/pt-pt\/implantes-dentarios\/substituicao-de-multiplos-dentes\/#primaryimage"},"image":{"@id":"https:\/\/www.verasmile.com\/pt-pt\/implantes-dentarios\/substituicao-de-multiplos-dentes\/#primaryimage"},"thumbnailUrl":"https:\/\/www.verasmile.com\/wp-content\/uploads\/2024\/02\/multple-teeth-implant.webp","datePublished":"2023-07-07T09:26:41+00:00","dateModified":"2024-08-06T09:15:47+00:00","description":"A Substitui\u00e7\u00e3o de Dentes M\u00faltiplos na Turquia pode ser a escolha certa. Saiba como pode restaurar o seu sorriso com implantes dent\u00e1rios","breadcrumb":{"@id":"https:\/\/www.verasmile.com\/pt-pt\/implantes-dentarios\/substituicao-de-multiplos-dentes\/#breadcrumb"},"inLanguage":"pt-PT","potentialAction":[{"@type":"ReadAction","target":["https:\/\/www.verasmile.com\/pt-pt\/implantes-dentarios\/substituicao-de-multiplos-dentes\/"]}]},{"@type":"ImageObject","inLanguage":"pt-PT","@id":"https:\/\/www.verasmile.com\/pt-pt\/implantes-dentarios\/substituicao-de-multiplos-dentes\/#primaryimage","url":"https:\/\/www.verasmile.com\/wp-content\/uploads\/2024\/02\/multple-teeth-implant.webp","contentUrl":"https:\/\/www.verasmile.com\/wp-content\/uploads\/2024\/02\/multple-teeth-implant.webp","width":1440,"height":800,"caption":"Substitui\u00e7\u00e3o de m\u00faltiplos dentes"},{"@type":"BreadcrumbList","@id":"https:\/\/www.verasmile.com\/pt-pt\/implantes-dentarios\/substituicao-de-multiplos-dentes\/#breadcrumb","itemListElement":[{"@type":"ListItem","position":1,"name":"Inicial","item":"https:\/\/www.verasmile.com\/pt-pt\/"},{"@type":"ListItem","position":2,"name":"Implantes dent\u00e1rios: tipos, procedimento, custo e cuidados p\u00f3s-operat\u00f3rios","item":"https:\/\/www.verasmile.com\/pt-pt\/implantes-dentarios\/"},{"@type":"ListItem","position":3,"name":"Substitui\u00e7\u00e3o de m\u00faltiplos dentes"}]},{"@type":"WebSite","@id":"https:\/\/www.verasmile.com\/pt-pt\/#website","url":"https:\/\/www.verasmile.com\/pt-pt\/","name":"Vera Smile Dental Clinic","description":"Dental Clinic in Turkey, Istanbul 2026","publisher":{"@id":"https:\/\/www.verasmile.com\/pt-pt\/#organization"},"potentialAction":[{"@type":"SearchAction","target":{"@type":"EntryPoint","urlTemplate":"https:\/\/www.verasmile.com\/pt-pt\/?s={search_term_string}"},"query-input":{"@type":"PropertyValueSpecification","valueRequired":true,"valueName":"search_term_string"}}],"inLanguage":"pt-PT"},{"@type":"Organization","@id":"https:\/\/www.verasmile.com\/pt-pt\/#organization","name":"Vera Smile Dental Clinic","url":"https:\/\/www.verasmile.com\/pt-pt\/","logo":{"@type":"ImageObject","inLanguage":"pt-PT","@id":"https:\/\/www.verasmile.com\/pt-pt\/#\/schema\/logo\/image\/","url":"https:\/\/www.verasmile.com\/wp-content\/uploads\/2026\/02\/Birles\u0327ik-Logo-scaled.png","contentUrl":"https:\/\/www.verasmile.com\/wp-content\/uploads\/2026\/02\/Birles\u0327ik-Logo-scaled.png","width":2560,"height":244,"caption":"Vera Smile Dental Clinic"},"image":{"@id":"https:\/\/www.verasmile.com\/pt-pt\/#\/schema\/logo\/image\/"},"sameAs":["https:\/\/www.facebook.com\/VeraSmileDental\/","https:\/\/www.instagram.com\/verasmile.dental\/"]}]}},"_links":{"self":[{"href":"https:\/\/www.verasmile.com\/pt-pt\/wp-json\/wp\/v2\/pages\/12111","targetHints":{"allow":["GET"]}}],"collection":[{"href":"https:\/\/www.verasmile.com\/pt-pt\/wp-json\/wp\/v2\/pages"}],"about":[{"href":"https:\/\/www.verasmile.com\/pt-pt\/wp-json\/wp\/v2\/types\/page"}],"author":[{"embeddable":true,"href":"https:\/\/www.verasmile.com\/pt-pt\/wp-json\/wp\/v2\/users\/1"}],"replies":[{"embeddable":true,"href":"https:\/\/www.verasmile.com\/pt-pt\/wp-json\/wp\/v2\/comments?post=12111"}],"version-history":[{"count":0,"href":"https:\/\/www.verasmile.com\/pt-pt\/wp-json\/wp\/v2\/pages\/12111\/revisions"}],"up":[{"embeddable":true,"href":"https:\/\/www.verasmile.com\/pt-pt\/wp-json\/wp\/v2\/pages\/4966"}],"wp:featuredmedia":[{"embeddable":true,"href":"https:\/\/www.verasmile.com\/pt-pt\/wp-json\/wp\/v2\/media\/9054"}],"wp:attachment":[{"href":"https:\/\/www.verasmile.com\/pt-pt\/wp-json\/wp\/v2\/media?parent=12111"}],"curies":[{"name":"wp","href":"https:\/\/api.w.org\/{rel}","templated":true}]}}