{"id":12117,"date":"2023-07-07T12:20:34","date_gmt":"2023-07-07T09:20:34","guid":{"rendered":"https:\/\/www.verasmile.com\/?page_id=12117"},"modified":"2025-05-19T14:37:06","modified_gmt":"2025-05-19T11:37:06","slug":"proteses-parciais-e-completas-na-turquia","status":"publish","type":"page","link":"https:\/\/www.verasmile.com\/pt-pt\/proteses-parciais-e-completas-na-turquia\/","title":{"rendered":"Pr\u00f3teses parciais e completas na Turquia"},"content":{"rendered":"<div class=\"gb-container gb-container-93a0bc86\">\n<div class=\"gb-grid-wrapper gb-grid-wrapper-6232a014\">\n<div class=\"gb-grid-column gb-grid-column-141c614b\"><div class=\"gb-container gb-container-141c614b\">\n\n<p>A perda de um dente pode transformar um simples ato natural de sorrir numa fonte de embara\u00e7o e desconforto. Come\u00e7amos a pensar duas vezes antes de sorrir ou mesmo de falar quando o nosso sorriso est\u00e1 danificado de alguma forma. Quer seja causada por c\u00e1ries, traumatismos ou fatores relacionados com a idade, a aus\u00eancia de dentes afetaria a sua vida quotidiana e o seu bem-estar a longo prazo. As pr\u00f3teses completas e parciais est\u00e3o entre os tratamentos que consideramos para os nossos pacientes com dentes em falta, especialmente se, por alguma raz\u00e3o, n\u00e3o puderem colocar implantes dent\u00e1rios. S\u00e3o aparelhos amov\u00edveis concebidos para substituir dentes em falta no maxilar superior, inferior ou em ambos os maxilares.<\/p>\n\n\n\n<h2 class=\"gb-headline gb-headline-2065268b gb-headline-text\"><strong>O que s\u00e3o pr\u00f3teses completas e parciais?<\/strong><\/h2>\n\n\n\n<p>As dentaduras s\u00e3o pr\u00f3teses remov\u00edveis que substituem os dentes em falta e os tecidos circundantes. Existem dois tipos diferentes de pr\u00f3teses: completas e parciais. Quer lhe faltem todos os dentes ou alguns, estas pr\u00f3teses personalizadas s\u00e3o concebidas para se adaptarem confortavelmente \u00e0s lacunas e imitarem o aspeto natural dos dentes.&nbsp;<\/p>\n\n\n\n<h3 class=\"gb-headline gb-headline-3da99d62 gb-headline-text\"><strong>Pr\u00f3teses completas<\/strong><\/h3>\n\n\n\n<p>Existem dois tipos de pr\u00f3teses completas: as pr\u00f3teses convencionais e as pr\u00f3teses imediatas. Se estivermos a fazer as pr\u00f3teses convencionais, removemos os seus dentes danificados, deixamos o tecido gengival sarar e colocamos as suas pr\u00f3teses no lugar, tal como as pr\u00f3teses imediatas, mas com uma pequena diferen\u00e7a: o processo de espera no meio demora oito a doze semanas. No entanto, s\u00e3o mais dur\u00e1veis e confort\u00e1veis, proporcionando-lhe uma solu\u00e7\u00e3o que durar\u00e1 toda a vida.<\/p>\n\n\n\n<p>As pr\u00f3teses imediatas, por outro lado, s\u00e3o feitas antecipadamente e podem ser colocadas assim que os dentes s\u00e3o removidos. Gra\u00e7as ao tratamento de pr\u00f3tese imediata, n\u00e3o ficar\u00e1 sem dentes durante o per\u00edodo de cicatriza\u00e7\u00e3o. Mas teremos de fazer muitos ajustes para os colocar corretamente durante o processo de cicatriza\u00e7\u00e3o, e consideramo-los apenas uma solu\u00e7\u00e3o tempor\u00e1ria devido \u00e0 sua natureza.<\/p>\n\n\n\n<h3 class=\"gb-headline gb-headline-e0b7f582 gb-headline-text\"><strong>Pr\u00f3teses parciais<\/strong><\/h3>\n\n\n\n<p>As pr\u00f3teses parciais s\u00e3o <a href=\"https:\/\/www.verasmile.com\/pt-pt\/odontologia-estetica\/tratamento-de-ponte-dentaria\/\">pontes dent\u00e1rias<\/a> que consistem em dentes de substitui\u00e7\u00e3o fixados a uma base de pl\u00e1stico da cor da gengiva, ligados por uma estrutura met\u00e1lica. S\u00e3o utilizados quando ainda existem dentes naturais aqui e ali. As pr\u00f3teses parciais preenchem os espa\u00e7os e evitam que os outros dentes se desloquem, mudem de posi\u00e7\u00e3o e, eventualmente, alterem a forma do rosto.<\/p>\n\n\n<div class=\"gb-container gb-container-ae85ab7a\">\n\n<figure class=\"gb-block-image gb-block-image-47e2c2d6\"><img loading=\"lazy\" decoding=\"async\" width=\"1620\" height=\"1080\" class=\"gb-image gb-image-47e2c2d6\" src=\"https:\/\/www.verasmile.com\/wp-content\/uploads\/2024\/02\/a-denture-on-a-gypsum-base-in-the-hand-of-a-dentis-2023-11-27-05-10-40-utc-1.webp\" alt=\"Pr\u00f3teses parciais e completas na Turquia\" title=\"a-denture-on-a-gypsum-base-in-the-hand-of-a-dentis-2023-11-27-05-10-40-utc-1\" srcset=\"https:\/\/www.verasmile.com\/wp-content\/uploads\/2024\/02\/a-denture-on-a-gypsum-base-in-the-hand-of-a-dentis-2023-11-27-05-10-40-utc-1.webp 1620w, https:\/\/www.verasmile.com\/wp-content\/uploads\/2024\/02\/a-denture-on-a-gypsum-base-in-the-hand-of-a-dentis-2023-11-27-05-10-40-utc-1-300x200.webp 300w, https:\/\/www.verasmile.com\/wp-content\/uploads\/2024\/02\/a-denture-on-a-gypsum-base-in-the-hand-of-a-dentis-2023-11-27-05-10-40-utc-1-1024x683.webp 1024w, https:\/\/www.verasmile.com\/wp-content\/uploads\/2024\/02\/a-denture-on-a-gypsum-base-in-the-hand-of-a-dentis-2023-11-27-05-10-40-utc-1-768x512.webp 768w, https:\/\/www.verasmile.com\/wp-content\/uploads\/2024\/02\/a-denture-on-a-gypsum-base-in-the-hand-of-a-dentis-2023-11-27-05-10-40-utc-1-1536x1024.webp 1536w\" sizes=\"auto, (max-width: 1620px) 100vw, 1620px\" \/><\/figure>\n\n<\/div>\n\n\n<h2 class=\"gb-headline gb-headline-aea3eb8b gb-headline-text\"><strong>\u00c9 melhor colocar pr\u00f3teses totais ou parciais?<\/strong><\/h2>\n\n\n\n<p>A falta de dentes n\u00e3o \u00e9 algo que se possa subestimar. A sua sa\u00fade f\u00edsica e psicol\u00f3gica pode sofrer grandes danos a longo prazo. Para evitar estas consequ\u00eancias negativas, deve tomar medidas. Atrav\u00e9s de um exame e de uma consulta com a nossa equipa, pode decidir qual \u00e9 o melhor m\u00e9todo a seguir no seu caso.&nbsp;<\/p>\n\n\n\n<p>As pr\u00f3teses completas e parciais est\u00e3o entre os tratamentos que utilizamos para a falta de dentes. Normalmente, optamos por uma delas, consoante a situa\u00e7\u00e3o do doente. Se tem uma boa sa\u00fade oral e s\u00f3 precisa de substituir alguns dentes, ent\u00e3o as pr\u00f3teses parciais s\u00e3o a nossa escolha. No entanto, se sofrer de falta de <a href=\"https:\/\/www.verasmile.com\/pt-pt\/implantes-dentarios\/substituicao-de-multiplos-dentes\/\">v\u00e1rios dente<\/a>s e de alguma doen\u00e7a gengival, ent\u00e3o recomendamos uma pr\u00f3tese total.&nbsp;<\/p>\n\n\n\n<h2 class=\"gb-headline gb-headline-c354bc5e gb-headline-text\"><strong>Procedimento de pr\u00f3tese total e parcial na Vera Smile<\/strong><\/h2>\n\n\n\n<h3 class=\"gb-headline gb-headline-a96aef3e gb-headline-text\"><strong>Pr\u00e9-planeamento<\/strong><\/h3>\n\n\n\n<p>Ap\u00f3s a sua consulta, elaboramos um plano de tratamento para o seu caso. Este plano pode sofrer algumas pequenas altera\u00e7\u00f5es ap\u00f3s o seu exame presencial na cl\u00ednica.&nbsp;<\/p>\n\n\n\n<h3 class=\"gb-headline gb-headline-fec2a136 gb-headline-text\"><strong>Pr\u00e9-procedimento<\/strong><\/h3>\n\n\n\n<p>Preparamo-lo com o seu transporte e alojamento VIP. Quando o levarmos \u00e0 cl\u00ednica, ser\u00e1 submetido a um exame presencial detalhado para nos certificarmos de que o plano que concebemos \u00e9 perfeito para si. Em seguida, decidimos tudo em conjunto, passo a passo, para garantir que se sente confort\u00e1vel.<\/p>\n\n\n\n<h3 class=\"gb-headline gb-headline-54d42727 gb-headline-text\"><strong>Procedimento<\/strong><\/h3>\n\n\n\n<p>Existem diferentes tipos de tratamentos no \u00e2mbito do procedimento de pr\u00f3tese total ou parcial. De acordo com o tratamento, o seu processo pode ser diferente do de outros doentes. No entanto, todas as pr\u00f3teses completas e parciais exigem que fa\u00e7amos moldes e medi\u00e7\u00f5es exatas para as suas pr\u00f3teses personalizadas. Haver\u00e1 discuss\u00f5es para garantir a forma, a cor e o ajuste corretos.&nbsp;<\/p>\n\n\n\n<h3 class=\"gb-headline gb-headline-4ec054a1 gb-headline-text\"><strong>P\u00f3s-procedimento<\/strong><\/h3>\n\n\n\n<p>Ap\u00f3s o procedimento, dar-lhe-emos instru\u00e7\u00f5es sobre como cuidar corretamente do seu aparelho dent\u00e1rio e manter uma boa sa\u00fade oral.<\/p>\n\n\n\n<h2 class=\"gb-headline gb-headline-2fabf79d gb-headline-text\"><strong>Cuidados posteriores para pr\u00f3teses completas e parciais<\/strong><\/h2>\n\n\n\n<p>Durante os primeiros dias, \u00e9 necess\u00e1rio usar a pr\u00f3tese dent\u00e1ria a toda a hora para garantir que tudo funciona corretamente. Depois de recuperar desta fase, \u00e9 necess\u00e1rio deix\u00e1-los de fora durante a noite para permitir que as gengivas descansem. \u00c9 necess\u00e1rio limp\u00e1-los semanalmente, mergulhando-os num produto de limpeza. Se estiver a usar pr\u00f3teses parciais, \u00e9 necess\u00e1rio limpar os dentes de tr\u00eas em tr\u00eas meses, para manter uma boa sa\u00fade oral.&nbsp;<\/p>\n\n\n\n<h2 class=\"gb-headline gb-headline-df901538 gb-headline-text\"><strong>Quanto custam as pr\u00f3teses dent\u00e1rias?<\/strong><\/h2>\n\n\n\n<p>Dependendo da qualidade das pr\u00f3teses, as pr\u00f3teses completas e parciais podem custar entre $300 e $8.000 no Reino Unido e nos EUA. Sim, \u00e9 uma gama muito ampla, mas o tratamento depende de muitos fatores que nos impedem de lhe dar um pre\u00e7o preciso. No entanto, as pr\u00f3teses parciais e completas de alta qualidade s\u00e3o sempre mais caras.&nbsp;<\/p>\n\n\n\n<p>Mas n\u00e3o precisa de se preocupar; o turismo dent\u00e1rio est\u00e1 aqui para si. Com o turismo dent\u00e1rio, pode obter o seu tratamento e uma boa viagem \u00e0 Turquia pelo custo do primeiro ou at\u00e9 menos. O custo das pr\u00f3teses na Turquia pode variar entre 400 e 2500$, o que \u00e9 muito menos dispendioso do que noutros pa\u00edses. Consulte a nossa p\u00e1gina de pre\u00e7os para ter uma ideia dos custos da pr\u00f3tese dent\u00e1ria na Turquia. N\u00e3o deixe de nos contactar para obter uma discrimina\u00e7\u00e3o completa dos custos espec\u00edficos do seu caso.\u00a0\u00a0<\/p>\n\n\n\n<h2 class=\"gb-headline gb-headline-9396b1f8 gb-headline-text\"><strong>Porqu\u00ea a Vera Smile?<\/strong><\/h2>\n\n\n\n<p>Os tratamentos que oferecemos, os servi\u00e7os que prestamos, as nossas instala\u00e7\u00f5es de alta tecnologia e a grande equipa que constru\u00edmos; tudo isto para que se sinta confort\u00e1vel e confiante antes, durante e ap\u00f3s o procedimento. Adaptamos cada plano de tratamento \u00e0s necessidades espec\u00edficas de cada paciente. \u00c9 importante garantir que cada doente recebe a solu\u00e7\u00e3o adequada e eficaz para o seu problema.<\/p>\n\n\n\n<p>Quando o turismo dent\u00e1rio \u00e9 combinado com o Vera Smile, pode ter a certeza de que obter\u00e1 o seu sorriso de sonho enquanto vive uma aventura emocionante no estrangeiro. Em Istambul, na Turquia, um dos principais pontos tur\u00edsticos do mundo, explore a excel\u00eancia com a Vera Smile.<\/p>\n\n\n\n<h2 class=\"gb-headline gb-headline-90710bf0 gb-headline-text\"><strong>FAQ<\/strong><\/h2>\n\n\n\n<h3 class=\"gb-headline gb-headline-5cc5fd9f gb-headline-text\"><strong>Ser\u00e1 dif\u00edcil comer com pr\u00f3teses novas?<\/strong><\/h3>\n\n\n\n<p>Comer depois de receber novas dentaduras pode ser um pouco desconfort\u00e1vel no in\u00edcio. Para se sentir mais confort\u00e1vel com a sua nova denti\u00e7\u00e3o, comece com l\u00edquidos e alimentos moles cortados em peda\u00e7os pequenos. \u00c0 medida que se vai habituando, volte lentamente \u00e0 sua dieta normal, mas continue a evitar alimentos \u00f3sseos, pegajosos e duros.&nbsp;<\/p>\n\n\n\n<h3 class=\"gb-headline gb-headline-3b6a9186 gb-headline-text\"><strong>A pr\u00f3tese dent\u00e1ria vai alterar a forma como falo?<\/strong><\/h3>\n\n\n\n<p>A pr\u00e1tica torna-o perfeito. Com o tempo, habituar-se-\u00e1 a falar com as suas pr\u00f3teses e ser\u00e1 como antes. No entanto, se sentir que a sua dentadura faz algum estalido enquanto fala ou se sentir que \u00e9 irregular quando est\u00e1 quieto, deve mandar verificar.&nbsp;<\/p>\n\n\n\n<h3 class=\"gb-headline gb-headline-942ef22f gb-headline-text\"><strong>Tenho de usar sempre a minha pr\u00f3tese dent\u00e1ria?<\/strong><\/h3>\n\n\n\n<p>Depende do seu caso, mas \u00e9 prov\u00e1vel que lhe pe\u00e7amos para usar as suas pr\u00f3teses durante os primeiros dias para garantir que tudo est\u00e1 exatamente como deve estar. Quando tivermos a certeza de que n\u00e3o h\u00e1 problemas, deve come\u00e7ar a retirar as suas pr\u00f3teses antes de se deitar, para permitir que os tecidos das gengivas descansem.<\/p>\n\n<\/div><\/div>\n\n<div class=\"gb-grid-column gb-grid-column-9795dbe7\"><div class=\"gb-container gb-container-9795dbe7 contact-sticky\">\n\n<h4 class=\"gb-headline gb-headline-83925198 gb-headline-text\">Obter uma consulta gratuita<\/h4>\n\n\n\n<script charset=\"utf-8\" type=\"text\/javascript\" src=\"\/\/js.hsforms.net\/forms\/embed\/v2.js\"><\/script>\n<script>\n  hbspt.forms.create({\n    region: \"na1\",\n    portalId: \"5077067\",\n    formId: \"27b9405b-88c2-490f-8756-eb95bab036bd\"\n  });\n<\/script>\n\n<\/div><\/div>\n<\/div>\n<\/div>","protected":false},"excerpt":{"rendered":"","protected":false},"author":1,"featured_media":9117,"parent":0,"menu_order":0,"comment_status":"closed","ping_status":"closed","template":"","meta":{"inline_featured_image":false,"footnotes":""},"class_list":{"0":"post-12117","1":"page","2":"type-page","3":"status-publish","4":"has-post-thumbnail","6":"resize-featured-image"},"lang":"pt-pt","translations":{"en":1716,"it":11219,"fr":11616,"es":11888,"pt-pt":12117,"de":12413,"ar":13444,"tr":13767},"yoast_head":"<!-- This site is optimized with the Yoast SEO Premium plugin v27.4 (Yoast SEO v27.4) - https:\/\/yoast.com\/product\/yoast-seo-premium-wordpress\/ -->\n<title>Pr\u00f3teses parciais e completas na Turquia - Vera Smile<\/title>\n<meta name=\"description\" content=\"Descubra as vantagens das pr\u00f3teses parciais e completas para dentes em falta. Volte a sorrir com confian\u00e7a com a cl\u00ednica dent\u00e1ria Vera Smile.\" \/>\n<meta name=\"robots\" content=\"index, follow, max-snippet:-1, max-image-preview:large, max-video-preview:-1\" \/>\n<link rel=\"canonical\" href=\"https:\/\/www.verasmile.com\/pt-pt\/proteses-parciais-e-completas-na-turquia\/\" \/>\n<meta property=\"og:locale\" content=\"pt_PT\" \/>\n<meta property=\"og:type\" content=\"article\" \/>\n<meta property=\"og:title\" content=\"Pr\u00f3teses parciais e completas na Turquia\" \/>\n<meta property=\"og:description\" content=\"Descubra as vantagens das pr\u00f3teses parciais e completas para dentes em falta. Volte a sorrir com confian\u00e7a com a cl\u00ednica dent\u00e1ria Vera Smile.\" \/>\n<meta property=\"og:url\" content=\"https:\/\/www.verasmile.com\/pt-pt\/proteses-parciais-e-completas-na-turquia\/\" \/>\n<meta property=\"og:site_name\" content=\"Vera Smile\" \/>\n<meta property=\"article:publisher\" content=\"https:\/\/www.facebook.com\/VeraSmileDental\/\" \/>\n<meta property=\"article:modified_time\" content=\"2025-05-19T11:37:06+00:00\" \/>\n<meta property=\"og:image\" content=\"https:\/\/www.verasmile.com\/wp-content\/uploads\/2024\/02\/Partial-and-Complete-Dentures.webp\" \/>\n\t<meta property=\"og:image:width\" content=\"1440\" \/>\n\t<meta property=\"og:image:height\" content=\"800\" \/>\n\t<meta property=\"og:image:type\" content=\"image\/webp\" \/>\n<meta name=\"twitter:card\" content=\"summary_large_image\" \/>\n<meta name=\"twitter:label1\" content=\"Tempo estimado de leitura\" \/>\n\t<meta name=\"twitter:data1\" content=\"6 minutos\" \/>\n<script type=\"application\/ld+json\" class=\"yoast-schema-graph\">{\"@context\":\"https:\\\/\\\/schema.org\",\"@graph\":[{\"@type\":\"WebPage\",\"@id\":\"https:\\\/\\\/www.verasmile.com\\\/pt-pt\\\/proteses-parciais-e-completas-na-turquia\\\/\",\"url\":\"https:\\\/\\\/www.verasmile.com\\\/pt-pt\\\/proteses-parciais-e-completas-na-turquia\\\/\",\"name\":\"Pr\u00f3teses parciais e completas na Turquia - Vera Smile\",\"isPartOf\":{\"@id\":\"https:\\\/\\\/www.verasmile.com\\\/pt-pt\\\/#website\"},\"primaryImageOfPage\":{\"@id\":\"https:\\\/\\\/www.verasmile.com\\\/pt-pt\\\/proteses-parciais-e-completas-na-turquia\\\/#primaryimage\"},\"image\":{\"@id\":\"https:\\\/\\\/www.verasmile.com\\\/pt-pt\\\/proteses-parciais-e-completas-na-turquia\\\/#primaryimage\"},\"thumbnailUrl\":\"https:\\\/\\\/www.verasmile.com\\\/wp-content\\\/uploads\\\/2024\\\/02\\\/Partial-and-Complete-Dentures.webp\",\"datePublished\":\"2023-07-07T09:20:34+00:00\",\"dateModified\":\"2025-05-19T11:37:06+00:00\",\"description\":\"Descubra as vantagens das pr\u00f3teses parciais e completas para dentes em falta. Volte a sorrir com confian\u00e7a com a cl\u00ednica dent\u00e1ria Vera Smile.\",\"breadcrumb\":{\"@id\":\"https:\\\/\\\/www.verasmile.com\\\/pt-pt\\\/proteses-parciais-e-completas-na-turquia\\\/#breadcrumb\"},\"inLanguage\":\"pt-PT\",\"potentialAction\":[{\"@type\":\"ReadAction\",\"target\":[\"https:\\\/\\\/www.verasmile.com\\\/pt-pt\\\/proteses-parciais-e-completas-na-turquia\\\/\"]}]},{\"@type\":\"ImageObject\",\"inLanguage\":\"pt-PT\",\"@id\":\"https:\\\/\\\/www.verasmile.com\\\/pt-pt\\\/proteses-parciais-e-completas-na-turquia\\\/#primaryimage\",\"url\":\"https:\\\/\\\/www.verasmile.com\\\/wp-content\\\/uploads\\\/2024\\\/02\\\/Partial-and-Complete-Dentures.webp\",\"contentUrl\":\"https:\\\/\\\/www.verasmile.com\\\/wp-content\\\/uploads\\\/2024\\\/02\\\/Partial-and-Complete-Dentures.webp\",\"width\":1440,\"height\":800,\"caption\":\"Pr\u00f3teses parciais e completas na Turquia\"},{\"@type\":\"BreadcrumbList\",\"@id\":\"https:\\\/\\\/www.verasmile.com\\\/pt-pt\\\/proteses-parciais-e-completas-na-turquia\\\/#breadcrumb\",\"itemListElement\":[{\"@type\":\"ListItem\",\"position\":1,\"name\":\"Inicial\",\"item\":\"https:\\\/\\\/www.verasmile.com\\\/pt-pt\\\/\"},{\"@type\":\"ListItem\",\"position\":2,\"name\":\"Pr\u00f3teses parciais e completas na Turquia\"}]},{\"@type\":\"WebSite\",\"@id\":\"https:\\\/\\\/www.verasmile.com\\\/pt-pt\\\/#website\",\"url\":\"https:\\\/\\\/www.verasmile.com\\\/pt-pt\\\/\",\"name\":\"Vera Smile Dental Clinic\",\"description\":\"Dental Clinic in Turkey, Istanbul 2026\",\"publisher\":{\"@id\":\"https:\\\/\\\/www.verasmile.com\\\/pt-pt\\\/#organization\"},\"potentialAction\":[{\"@type\":\"SearchAction\",\"target\":{\"@type\":\"EntryPoint\",\"urlTemplate\":\"https:\\\/\\\/www.verasmile.com\\\/pt-pt\\\/?s={search_term_string}\"},\"query-input\":{\"@type\":\"PropertyValueSpecification\",\"valueRequired\":true,\"valueName\":\"search_term_string\"}}],\"inLanguage\":\"pt-PT\"},{\"@type\":\"Organization\",\"@id\":\"https:\\\/\\\/www.verasmile.com\\\/pt-pt\\\/#organization\",\"name\":\"Vera Smile Dental Clinic\",\"url\":\"https:\\\/\\\/www.verasmile.com\\\/pt-pt\\\/\",\"logo\":{\"@type\":\"ImageObject\",\"inLanguage\":\"pt-PT\",\"@id\":\"https:\\\/\\\/www.verasmile.com\\\/pt-pt\\\/#\\\/schema\\\/logo\\\/image\\\/\",\"url\":\"https:\\\/\\\/www.verasmile.com\\\/wp-content\\\/uploads\\\/2026\\\/02\\\/Birles\u0327ik-Logo-scaled.png\",\"contentUrl\":\"https:\\\/\\\/www.verasmile.com\\\/wp-content\\\/uploads\\\/2026\\\/02\\\/Birles\u0327ik-Logo-scaled.png\",\"width\":2560,\"height\":244,\"caption\":\"Vera Smile Dental Clinic\"},\"image\":{\"@id\":\"https:\\\/\\\/www.verasmile.com\\\/pt-pt\\\/#\\\/schema\\\/logo\\\/image\\\/\"},\"sameAs\":[\"https:\\\/\\\/www.facebook.com\\\/VeraSmileDental\\\/\",\"https:\\\/\\\/www.instagram.com\\\/verasmile.dental\\\/\"]}]}<\/script>\n<!-- \/ Yoast SEO Premium plugin. -->","yoast_head_json":{"title":"Pr\u00f3teses parciais e completas na Turquia - Vera Smile","description":"Descubra as vantagens das pr\u00f3teses parciais e completas para dentes em falta. Volte a sorrir com confian\u00e7a com a cl\u00ednica dent\u00e1ria Vera Smile.","robots":{"index":"index","follow":"follow","max-snippet":"max-snippet:-1","max-image-preview":"max-image-preview:large","max-video-preview":"max-video-preview:-1"},"canonical":"https:\/\/www.verasmile.com\/pt-pt\/proteses-parciais-e-completas-na-turquia\/","og_locale":"pt_PT","og_type":"article","og_title":"Pr\u00f3teses parciais e completas na Turquia","og_description":"Descubra as vantagens das pr\u00f3teses parciais e completas para dentes em falta. Volte a sorrir com confian\u00e7a com a cl\u00ednica dent\u00e1ria Vera Smile.","og_url":"https:\/\/www.verasmile.com\/pt-pt\/proteses-parciais-e-completas-na-turquia\/","og_site_name":"Vera Smile","article_publisher":"https:\/\/www.facebook.com\/VeraSmileDental\/","article_modified_time":"2025-05-19T11:37:06+00:00","og_image":[{"width":1440,"height":800,"url":"https:\/\/www.verasmile.com\/wp-content\/uploads\/2024\/02\/Partial-and-Complete-Dentures.webp","type":"image\/webp"}],"twitter_card":"summary_large_image","twitter_misc":{"Tempo estimado de leitura":"6 minutos"},"schema":{"@context":"https:\/\/schema.org","@graph":[{"@type":"WebPage","@id":"https:\/\/www.verasmile.com\/pt-pt\/proteses-parciais-e-completas-na-turquia\/","url":"https:\/\/www.verasmile.com\/pt-pt\/proteses-parciais-e-completas-na-turquia\/","name":"Pr\u00f3teses parciais e completas na Turquia - Vera Smile","isPartOf":{"@id":"https:\/\/www.verasmile.com\/pt-pt\/#website"},"primaryImageOfPage":{"@id":"https:\/\/www.verasmile.com\/pt-pt\/proteses-parciais-e-completas-na-turquia\/#primaryimage"},"image":{"@id":"https:\/\/www.verasmile.com\/pt-pt\/proteses-parciais-e-completas-na-turquia\/#primaryimage"},"thumbnailUrl":"https:\/\/www.verasmile.com\/wp-content\/uploads\/2024\/02\/Partial-and-Complete-Dentures.webp","datePublished":"2023-07-07T09:20:34+00:00","dateModified":"2025-05-19T11:37:06+00:00","description":"Descubra as vantagens das pr\u00f3teses parciais e completas para dentes em falta. Volte a sorrir com confian\u00e7a com a cl\u00ednica dent\u00e1ria Vera Smile.","breadcrumb":{"@id":"https:\/\/www.verasmile.com\/pt-pt\/proteses-parciais-e-completas-na-turquia\/#breadcrumb"},"inLanguage":"pt-PT","potentialAction":[{"@type":"ReadAction","target":["https:\/\/www.verasmile.com\/pt-pt\/proteses-parciais-e-completas-na-turquia\/"]}]},{"@type":"ImageObject","inLanguage":"pt-PT","@id":"https:\/\/www.verasmile.com\/pt-pt\/proteses-parciais-e-completas-na-turquia\/#primaryimage","url":"https:\/\/www.verasmile.com\/wp-content\/uploads\/2024\/02\/Partial-and-Complete-Dentures.webp","contentUrl":"https:\/\/www.verasmile.com\/wp-content\/uploads\/2024\/02\/Partial-and-Complete-Dentures.webp","width":1440,"height":800,"caption":"Pr\u00f3teses parciais e completas na Turquia"},{"@type":"BreadcrumbList","@id":"https:\/\/www.verasmile.com\/pt-pt\/proteses-parciais-e-completas-na-turquia\/#breadcrumb","itemListElement":[{"@type":"ListItem","position":1,"name":"Inicial","item":"https:\/\/www.verasmile.com\/pt-pt\/"},{"@type":"ListItem","position":2,"name":"Pr\u00f3teses parciais e completas na Turquia"}]},{"@type":"WebSite","@id":"https:\/\/www.verasmile.com\/pt-pt\/#website","url":"https:\/\/www.verasmile.com\/pt-pt\/","name":"Vera Smile Dental Clinic","description":"Dental Clinic in Turkey, Istanbul 2026","publisher":{"@id":"https:\/\/www.verasmile.com\/pt-pt\/#organization"},"potentialAction":[{"@type":"SearchAction","target":{"@type":"EntryPoint","urlTemplate":"https:\/\/www.verasmile.com\/pt-pt\/?s={search_term_string}"},"query-input":{"@type":"PropertyValueSpecification","valueRequired":true,"valueName":"search_term_string"}}],"inLanguage":"pt-PT"},{"@type":"Organization","@id":"https:\/\/www.verasmile.com\/pt-pt\/#organization","name":"Vera Smile Dental Clinic","url":"https:\/\/www.verasmile.com\/pt-pt\/","logo":{"@type":"ImageObject","inLanguage":"pt-PT","@id":"https:\/\/www.verasmile.com\/pt-pt\/#\/schema\/logo\/image\/","url":"https:\/\/www.verasmile.com\/wp-content\/uploads\/2026\/02\/Birles\u0327ik-Logo-scaled.png","contentUrl":"https:\/\/www.verasmile.com\/wp-content\/uploads\/2026\/02\/Birles\u0327ik-Logo-scaled.png","width":2560,"height":244,"caption":"Vera Smile Dental Clinic"},"image":{"@id":"https:\/\/www.verasmile.com\/pt-pt\/#\/schema\/logo\/image\/"},"sameAs":["https:\/\/www.facebook.com\/VeraSmileDental\/","https:\/\/www.instagram.com\/verasmile.dental\/"]}]}},"_links":{"self":[{"href":"https:\/\/www.verasmile.com\/pt-pt\/wp-json\/wp\/v2\/pages\/12117","targetHints":{"allow":["GET"]}}],"collection":[{"href":"https:\/\/www.verasmile.com\/pt-pt\/wp-json\/wp\/v2\/pages"}],"about":[{"href":"https:\/\/www.verasmile.com\/pt-pt\/wp-json\/wp\/v2\/types\/page"}],"author":[{"embeddable":true,"href":"https:\/\/www.verasmile.com\/pt-pt\/wp-json\/wp\/v2\/users\/1"}],"replies":[{"embeddable":true,"href":"https:\/\/www.verasmile.com\/pt-pt\/wp-json\/wp\/v2\/comments?post=12117"}],"version-history":[{"count":1,"href":"https:\/\/www.verasmile.com\/pt-pt\/wp-json\/wp\/v2\/pages\/12117\/revisions"}],"predecessor-version":[{"id":26010,"href":"https:\/\/www.verasmile.com\/pt-pt\/wp-json\/wp\/v2\/pages\/12117\/revisions\/26010"}],"wp:featuredmedia":[{"embeddable":true,"href":"https:\/\/www.verasmile.com\/pt-pt\/wp-json\/wp\/v2\/media\/9117"}],"wp:attachment":[{"href":"https:\/\/www.verasmile.com\/pt-pt\/wp-json\/wp\/v2\/media?parent=12117"}],"curies":[{"name":"wp","href":"https:\/\/api.w.org\/{rel}","templated":true}]}}