{"id":12128,"date":"2023-07-07T12:52:52","date_gmt":"2023-07-07T09:52:52","guid":{"rendered":"https:\/\/www.verasmile.com\/?page_id=12128"},"modified":"2024-08-06T12:16:53","modified_gmt":"2024-08-06T09:16:53","slug":"botox-para-sorriso-gengival","status":"publish","type":"page","link":"https:\/\/www.verasmile.com\/pt-pt\/botox-para-sorriso-gengival\/","title":{"rendered":"Botox para Sorriso Gengival"},"content":{"rendered":"<div class=\"gb-container gb-container-453dcd86\">\n<div class=\"gb-grid-wrapper gb-grid-wrapper-6232a014\">\n<div class=\"gb-grid-column gb-grid-column-141c614b\"><div class=\"gb-container gb-container-141c614b\">\n\n<h2 class=\"gb-headline gb-headline-07d0b17d gb-headline-text\"><strong>Introdu\u00e7\u00e3o<\/strong><\/h2>\n\n\n\n<p>Para muitas pessoas, o l\u00e1bio superior pode ser uma \u00e1rea de preocupa\u00e7\u00e3o. \u00c9 frequentemente uma das primeiras zonas a mostrar sinais de envelhecimento e pode causar embara\u00e7o ao falar com outras pessoas ou mesmo ao comer. Felizmente, existe agora uma solu\u00e7\u00e3o para este problema sob a forma dos preenchimentos Juvederm Volbella ou Belotero Balance, que podem ser injetados diretamente no l\u00e1bio superior para corrigir este problema de forma r\u00e1pida e f\u00e1cil, com pouco tempo de inatividade. Os resultados durar\u00e3o at\u00e9 dois anos, o que significa que, se quiser manter os seus resultados ap\u00f3s esse per\u00edodo, podemos sempre regressar em qualquer fase antes disso!<\/p>\n\n\n\n<h2 class=\"gb-headline gb-headline-e75be495 gb-headline-text\"><strong>O que \u00e9 um sorriso gengival?<\/strong><\/h2>\n\n\n\n<p>Um sorriso gengival \u00e9 uma condi\u00e7\u00e3o em que o l\u00e1bio superior \u00e9 demasiado cheio, fazendo com que pare\u00e7a que a pessoa est\u00e1 sempre a sorrir. Isto pode ser causado pela gen\u00e9tica ou pelo envelhecimento.<\/p>\n\n\n\n<p>Pode ser tratada com preenchimentos ou inje\u00e7\u00f5es de Botox para reduzir a quantidade de tecido facial que comp\u00f5e o l\u00e1bio superior.<\/p>\n\n\n\n<h2 class=\"gb-headline gb-headline-30025e9f gb-headline-text\"><strong>O que causa um sorriso gengival?<\/strong><\/h2>\n\n\n\n<ul class=\"wp-block-list\">\n<li>M\u00fasculos hiperativos. Esta \u00e9 a causa mais comum de um sorriso gengival, uma vez que pode ocorrer em qualquer pessoa. Quando estiver relaxado e com a boca aberta, os seus l\u00e1bios devem relaxar e pender ligeiramente para baixo. Se n\u00e3o for esse o caso, ent\u00e3o temos um m\u00fasculo hiperativo que os puxa para cima, formando um ligeiro franzido ou sorriso.<\/li>\n\n\n\n<li>Falta de t\u00f3nus muscular. Algumas pessoas nascem com menos t\u00f3nus muscular do que outras, o que significa que ter\u00e3o uma pele mais solta \u00e0 volta do rosto &#8211; incluindo o l\u00e1bio superior &#8211; e, por isso, sentir-se-\u00e3o mais desca\u00eddas quando sorriem ou se riem (ou mesmo quando falam).<\/li>\n\n\n\n<li>Demasiado tecido cut\u00e2neo acima dos dentes superiores (conhecido como &#8220;sobremordida&#8221;). Isto tamb\u00e9m pode levar a um sorriso gengival, uma vez que h\u00e1 mais espa\u00e7o entre os dentes e o l\u00e1bio inferior do que o normal quando isto acontece!<\/li>\n<\/ul>\n\n\n\n<h2 class=\"gb-headline gb-headline-c3962956 gb-headline-text\"><strong>Como \u00e9 que o procedimento funciona?<\/strong><\/h2>\n\n\n\n<p>O procedimento \u00e9 realizado por um dentista ou cirurgi\u00e3o cosm\u00e9tico e a anestesia utilizada depender\u00e1 das suas necessidades individuais. A agulha min\u00fascula \u00e9 inserida na zona do sorriso gengival, onde \u00e9 aplicado material de enchimento sob a pele para dar volume ao l\u00e1bio superior. Este material ser\u00e1 absorvido pelo tecido muscular e dar-lhe-\u00e1 resultados de aspeto natural que duram at\u00e9 2 anos!<\/p>\n\n\n\n<h2 class=\"gb-headline gb-headline-67c16a01 gb-headline-text\"><strong>Existe algum tempo de inatividade associado a este procedimento?<\/strong><\/h2>\n\n\n\n<ul class=\"wp-block-list\">\n<li>N\u00e3o h\u00e1 tempo de inatividade associado a este procedimento.<\/li>\n\n\n\n<li>N\u00e3o h\u00e1 dor nem hemorragia e n\u00e3o h\u00e1 risco de infe\u00e7\u00e3o.<\/li>\n\n\n\n<li>N\u00e3o utilizamos agulhas ou materiais injet\u00e1veis durante o seu tratamento, pelo que tamb\u00e9m n\u00e3o h\u00e1 vermelhid\u00e3o, incha\u00e7o ou n\u00f3doas negras depois de terminado!<\/li>\n<\/ul>\n\n\n\n<h2 class=\"gb-headline gb-headline-ea09fe05 gb-headline-text\"><strong>Quais s\u00e3o os benef\u00edcios deste procedimento?<\/strong><\/h2>\n\n\n\n<ul class=\"wp-block-list\">\n<li>Um aspeto mais natural. N\u00e3o ter\u00e1 de se preocupar com o facto de o seu sorriso parecer falso ou pouco natural.<\/li>\n\n\n\n<li>N\u00e3o \u00e9 necess\u00e1ria cirurgia. N\u00e3o h\u00e1 necessidade de ir \u00e0 faca e fazer um procedimento invasivo no rosto, que pode ser doloroso e caro, bem como arriscado em alguns casos.<\/li>\n\n\n\n<li>Sem tempo de inatividade. Ao contr\u00e1rio dos m\u00e9todos tradicionais de elimina\u00e7\u00e3o de um sorriso gengival, este tratamento demora apenas alguns minutos e n\u00e3o requer qualquer tempo de recupera\u00e7\u00e3o! Pode retomar as suas atividades normais imediatamente ap\u00f3s a sua realiza\u00e7\u00e3o, sem quaisquer efeitos secund\u00e1rios ou dores associadas aos m\u00e9todos tradicionais como a cirurgia ou as inje\u00e7\u00f5es de Botox (que tamb\u00e9m requerem recupera\u00e7\u00e3o).<\/li>\n\n\n\n<li>Sem cicatrizes de inje\u00e7\u00f5es! Uma vez que n\u00e3o s\u00e3o utilizadas agulhas durante este processo, tamb\u00e9m n\u00e3o ser\u00e3o deixadas quaisquer marcas inest\u00e9ticas na superf\u00edcie da pele &#8211; o que significa que ningu\u00e9m saber\u00e1 que foram tratados, a menos que nos vejam a trabalhar neles em primeira m\u00e3o!<\/li>\n<\/ul>\n\n\n\n<p>Um sorriso gengival pode ser muito embara\u00e7oso e fazer com que as pessoas pensem que uma pessoa est\u00e1 constantemente a sorrir, mesmo quando n\u00e3o est\u00e1 nada feliz. Felizmente, existe agora uma solu\u00e7\u00e3o para este problema sob a forma dos preenchimentos Juvederm Volbella ou Belotero Balance, que podem ser injetados diretamente no l\u00e1bio superior para corrigir este problema de forma r\u00e1pida e f\u00e1cil, com pouco tempo de inatividade.<\/p>\n\n\n\n<p>A principal causa de um sorriso gengival \u00e9 o excesso de pele ou de gordura \u00e0 volta da zona da boca. A doen\u00e7a tamb\u00e9m pode ser causada pelo envelhecimento ou pela gen\u00e9tica; no entanto, \u00e9 importante notar que ter uma doen\u00e7a n\u00e3o significa que ir\u00e1 automaticamente desenvolver outra mais tarde na vida!<\/p>\n\n\n\n<p>Sentir-se-\u00e1 confort\u00e1vel, uma vez que a Vera Smile oferece procedimentos seguros, utilizando apenas produtos da mais alta qualidade e com uma boa rela\u00e7\u00e3o qualidade\/pre\u00e7o para todos os visitantes de toda a Europa, sem quaisquer problemas de diferen\u00e7as lingu\u00edsticas ou culturais! Para mais informa\u00e7\u00f5es sobre os nossos servi\u00e7os, consulte o nosso s\u00edtio Web www.verasmile.com ou coloque-nos as suas quest\u00f5es por correio eletr\u00f3nico info@www.verasmile.com<\/p>\n\n\n\n<h2 class=\"gb-headline gb-headline-0e78d4bd gb-headline-text\"><strong>Perguntas mais frequentes<\/strong><\/h2>\n\n\n\n<h3 class=\"gb-headline gb-headline-6bb25d71 gb-headline-text\"><strong>O que \u00e9 o Botox para sorriso gengival?<\/strong><\/h3>\n\n\n\n<p>O Botox para sorriso gengival \u00e9 um procedimento cosm\u00e9tico em que as inje\u00e7\u00f5es de Botox s\u00e3o utilizadas para reduzir a apar\u00eancia de um sorriso gengival, que \u00e9 quando as gengivas s\u00e3o vis\u00edveis quando uma pessoa sorri.<\/p>\n\n\n\n<h3 class=\"gb-headline gb-headline-e5a92394 gb-headline-text\"><strong>Como funciona o Botox para sorriso gengival?<\/strong><\/h3>\n\n\n\n<p>O Botox para sorriso gengival atua relaxando os m\u00fasculos que controlam o movimento do l\u00e1bio superior, o que pode ajudar a reduzir a quantidade de tecido gengival que \u00e9 vis\u00edvel quando uma pessoa sorri.<\/p>\n\n\n\n<h3 class=\"gb-headline gb-headline-a80a1457 gb-headline-text\"><strong>O Botox para sorriso gengival \u00e9 seguro?<\/strong><\/h3>\n\n\n\n<p>Sim, o Botox para sorriso gengival \u00e9 geralmente considerado seguro quando realizado por um profissional m\u00e9dico com forma\u00e7\u00e3o e experi\u00eancia.<\/p>\n\n\n\n<h3 class=\"gb-headline gb-headline-4b38e9be gb-headline-text\"><strong>Quais s\u00e3o os benef\u00edcios do Botox para o sorriso gengival?<\/strong><\/h3>\n\n\n\n<p>Os benef\u00edcios do Botox para sorriso gengival podem incluir um sorriso esteticamente mais agrad\u00e1vel, maior auto-confian\u00e7a e uma op\u00e7\u00e3o de tratamento minimamente invasiva.<\/p>\n\n\n\n<h3 class=\"gb-headline gb-headline-8debb005 gb-headline-text\"><strong>Quanto tempo dura o Botox para o sorriso gengival?<\/strong><\/h3>\n\n\n\n<p>Os efeitos do Botox para sorriso gengival podem durar v\u00e1rios meses, normalmente cerca de 3-6 meses.<\/p>\n\n\n\n<h3 class=\"gb-headline gb-headline-0fbae888 gb-headline-text\"><strong>O Botox para sorriso gengival \u00e9 doloroso?<\/strong><\/h3>\n\n\n\n<p>O procedimento n\u00e3o \u00e9 geralmente doloroso, embora alguns doentes possam sentir um ligeiro desconforto ou uma ligeira sensa\u00e7\u00e3o de beliscadura durante o processo de inje\u00e7\u00e3o.<\/p>\n\n\n\n<h3 class=\"gb-headline gb-headline-86d96050 gb-headline-text\"><strong>Qual \u00e9 o tempo de recupera\u00e7\u00e3o do Botox para o sorriso gengival?<\/strong><\/h3>\n\n\n\n<p>Normalmente, n\u00e3o \u00e9 necess\u00e1rio qualquer tempo de inatividade ap\u00f3s o Botox para sorrisos gengivais, e os pacientes podem normalmente regressar \u00e0s suas atividades normais imediatamente ap\u00f3s o procedimento.<\/p>\n\n\n\n<h3 class=\"gb-headline gb-headline-0856b6e0 gb-headline-text\"><strong>Quanto custa o Botox para sorriso gengival na Turquia?<\/strong><\/h3>\n\n\n\n<p>O custo do Botox para sorriso gengival na Turquia pode variar dependendo do fornecedor espec\u00edfico e da localiza\u00e7\u00e3o, mas geralmente \u00e9 mais barato do que procedimentos semelhantes noutros pa\u00edses.<\/p>\n\n\n\n<h3 class=\"gb-headline gb-headline-9bc4182d gb-headline-text\"><strong>Quem \u00e9 um bom candidato ao Botox para o sorriso gengival?<\/strong><\/h3>\n\n\n\n<p>Os bons candidatos ao Botox para o sorriso gengival incluem indiv\u00edduos com uma quantidade vis\u00edvel de tecido gengival quando sorriem e que est\u00e3o \u00e0 procura de uma solu\u00e7\u00e3o minimamente invasiva para melhorar o seu sorriso.<\/p>\n\n\n\n<h3 class=\"gb-headline gb-headline-769b1c2f gb-headline-text\"><strong>Existem efeitos secund\u00e1rios do Botox para sorriso gengival?<\/strong><\/h3>\n\n\n\n<p>Os poss\u00edveis efeitos secund\u00e1rios do Botox para sorriso gengival podem incluir n\u00f3doas negras tempor\u00e1rias, incha\u00e7o ou vermelhid\u00e3o no local da inje\u00e7\u00e3o, embora estes efeitos desapare\u00e7am normalmente em poucos dias.<\/p>\n\n\n\n<h3 class=\"gb-headline gb-headline-52fa66b6 gb-headline-text\"><strong>Quanto tempo demora o procedimento de Botox para o sorriso gengival?<\/strong><\/h3>\n\n\n\n<p>O procedimento de Botox para o sorriso gengival demora normalmente cerca de 10-15 minutos a ser conclu\u00eddo.<\/p>\n\n\n\n<h3 class=\"gb-headline gb-headline-a9f91d07 gb-headline-text\"><strong>O Botox para sorriso gengival pode ser combinado com outros procedimentos cosm\u00e9ticos?<\/strong><\/h3>\n\n\n\n<p>Sim, o Botox para sorriso gengival pode ser combinado com outros procedimentos cosm\u00e9ticos, como o branqueamento dos dentes ou facetas dent\u00e1rias, para melhorar ainda mais a apar\u00eancia do sorriso.<\/p>\n\n\n\n<h3 class=\"gb-headline gb-headline-976c74b8 gb-headline-text\"><strong>O Botox para sorriso gengival \u00e9 revers\u00edvel?<\/strong><\/h3>\n\n\n\n<p>Os efeitos do Botox para sorriso gengival s\u00e3o tempor\u00e1rios e desaparecem naturalmente com o tempo, mas n\u00e3o h\u00e1 forma de reverter os efeitos da inje\u00e7\u00e3o depois de esta ter sido administrada.<\/p>\n\n\n\n<h3 class=\"gb-headline gb-headline-b36a77c7 gb-headline-text\"><strong>Como posso encontrar um fornecedor de Botox para sorriso gengival na Turquia?<\/strong><\/h3>\n\n\n\n<p>Existem muitos fornecedores conceituados de Botox para o sorriso gengival na Turquia, e pode pesquisar online por fornecedores na sua \u00e1rea ou pedir recomenda\u00e7\u00f5es a amigos ou familiares.<\/p>\n\n\n\n<h3 class=\"gb-headline gb-headline-0f094c59 gb-headline-text\"><strong>\u00c9 necess\u00e1ria alguma prepara\u00e7\u00e3o especial para o Botox do sorriso gengival?<\/strong><\/h3>\n\n\n\n<p>O seu fornecedor fornecer\u00e1 instru\u00e7\u00f5es espec\u00edficas para a prepara\u00e7\u00e3o do seu procedimento de Botox para o sorriso gengival, mas, em geral, n\u00e3o \u00e9 necess\u00e1ria qualquer prepara\u00e7\u00e3o especial para al\u00e9m de evitar o \u00e1lcool e os medicamentos para diluir o sangue durante alguns dias antes do procedimento.<\/p>\n\n<\/div><\/div>\n\n<div class=\"gb-grid-column gb-grid-column-9795dbe7\"><div class=\"gb-container gb-container-9795dbe7 contact-sticky\">\n\n<h4 class=\"gb-headline gb-headline-83925198 gb-headline-text\">Obter uma consulta gratuita<\/h4>\n\n\n\n<script charset=\"utf-8\" type=\"text\/javascript\" src=\"\/\/js.hsforms.net\/forms\/embed\/v2.js\"><\/script>\n<script>\n  hbspt.forms.create({\n    region: \"na1\",\n    portalId: \"5077067\",\n    formId: \"27b9405b-88c2-490f-8756-eb95bab036bd\"\n  });\n<\/script>\n\n<\/div><\/div>\n<\/div>\n<\/div>","protected":false},"excerpt":{"rendered":"","protected":false},"author":1,"featured_media":9194,"parent":0,"menu_order":0,"comment_status":"closed","ping_status":"closed","template":"","meta":{"inline_featured_image":false,"footnotes":""},"class_list":{"0":"post-12128","1":"page","2":"type-page","3":"status-publish","4":"has-post-thumbnail","6":"resize-featured-image"},"lang":"pt-pt","translations":{"en":1744,"it":11232,"fr":11649,"es":11900,"pt-pt":12128,"de":12446,"ar":13326,"tr":13829},"yoast_head":"<!-- This site is optimized with the Yoast SEO Premium plugin v27.4 (Yoast SEO v27.4) - https:\/\/yoast.com\/product\/yoast-seo-premium-wordpress\/ -->\n<title>Botox para Sorriso Gengival - Vera Smile<\/title>\n<meta name=\"description\" content=\"Livre-se do seu sorriso gengival com Botox para Sorriso Gengival na Turquia. Descubra todas as informa\u00e7\u00f5es de que necessita em Vera Smile. Obter uma consulta gratuita\" \/>\n<meta name=\"robots\" content=\"index, follow, max-snippet:-1, max-image-preview:large, max-video-preview:-1\" \/>\n<link rel=\"canonical\" href=\"https:\/\/www.verasmile.com\/pt-pt\/botox-para-sorriso-gengival\/\" \/>\n<meta property=\"og:locale\" content=\"pt_PT\" \/>\n<meta property=\"og:type\" content=\"article\" \/>\n<meta property=\"og:title\" content=\"Botox para Sorriso Gengival\" \/>\n<meta property=\"og:description\" content=\"Livre-se do seu sorriso gengival com Botox para Sorriso Gengival na Turquia. Descubra todas as informa\u00e7\u00f5es de que necessita em Vera Smile. Obter uma consulta gratuita\" \/>\n<meta property=\"og:url\" content=\"https:\/\/www.verasmile.com\/pt-pt\/botox-para-sorriso-gengival\/\" \/>\n<meta property=\"og:site_name\" content=\"Vera Smile\" \/>\n<meta property=\"article:publisher\" content=\"https:\/\/www.facebook.com\/VeraSmileDental\/\" \/>\n<meta property=\"article:modified_time\" content=\"2024-08-06T09:16:53+00:00\" \/>\n<meta property=\"og:image\" content=\"https:\/\/www.verasmile.com\/wp-content\/uploads\/2024\/02\/Gummy-Smile-Botox.webp\" \/>\n\t<meta property=\"og:image:width\" content=\"1440\" \/>\n\t<meta property=\"og:image:height\" content=\"800\" \/>\n\t<meta property=\"og:image:type\" content=\"image\/webp\" \/>\n<meta name=\"twitter:card\" content=\"summary_large_image\" \/>\n<meta name=\"twitter:label1\" content=\"Tempo estimado de leitura\" \/>\n\t<meta name=\"twitter:data1\" content=\"7 minutos\" \/>\n<script type=\"application\/ld+json\" class=\"yoast-schema-graph\">{\"@context\":\"https:\\\/\\\/schema.org\",\"@graph\":[{\"@type\":\"WebPage\",\"@id\":\"https:\\\/\\\/www.verasmile.com\\\/pt-pt\\\/botox-para-sorriso-gengival\\\/\",\"url\":\"https:\\\/\\\/www.verasmile.com\\\/pt-pt\\\/botox-para-sorriso-gengival\\\/\",\"name\":\"Botox para Sorriso Gengival - Vera Smile\",\"isPartOf\":{\"@id\":\"https:\\\/\\\/www.verasmile.com\\\/pt-pt\\\/#website\"},\"primaryImageOfPage\":{\"@id\":\"https:\\\/\\\/www.verasmile.com\\\/pt-pt\\\/botox-para-sorriso-gengival\\\/#primaryimage\"},\"image\":{\"@id\":\"https:\\\/\\\/www.verasmile.com\\\/pt-pt\\\/botox-para-sorriso-gengival\\\/#primaryimage\"},\"thumbnailUrl\":\"https:\\\/\\\/www.verasmile.com\\\/wp-content\\\/uploads\\\/2024\\\/02\\\/Gummy-Smile-Botox.webp\",\"datePublished\":\"2023-07-07T09:52:52+00:00\",\"dateModified\":\"2024-08-06T09:16:53+00:00\",\"description\":\"Livre-se do seu sorriso gengival com Botox para Sorriso Gengival na Turquia. Descubra todas as informa\u00e7\u00f5es de que necessita em Vera Smile. Obter uma consulta gratuita\",\"breadcrumb\":{\"@id\":\"https:\\\/\\\/www.verasmile.com\\\/pt-pt\\\/botox-para-sorriso-gengival\\\/#breadcrumb\"},\"inLanguage\":\"pt-PT\",\"potentialAction\":[{\"@type\":\"ReadAction\",\"target\":[\"https:\\\/\\\/www.verasmile.com\\\/pt-pt\\\/botox-para-sorriso-gengival\\\/\"]}]},{\"@type\":\"ImageObject\",\"inLanguage\":\"pt-PT\",\"@id\":\"https:\\\/\\\/www.verasmile.com\\\/pt-pt\\\/botox-para-sorriso-gengival\\\/#primaryimage\",\"url\":\"https:\\\/\\\/www.verasmile.com\\\/wp-content\\\/uploads\\\/2024\\\/02\\\/Gummy-Smile-Botox.webp\",\"contentUrl\":\"https:\\\/\\\/www.verasmile.com\\\/wp-content\\\/uploads\\\/2024\\\/02\\\/Gummy-Smile-Botox.webp\",\"width\":1440,\"height\":800,\"caption\":\"\u0627\u0644\u0627\u0628\u062a\u0633\u0627\u0645\u0629 \u0627\u0644\u0644\u062b\u0648\u064a\u0629\"},{\"@type\":\"BreadcrumbList\",\"@id\":\"https:\\\/\\\/www.verasmile.com\\\/pt-pt\\\/botox-para-sorriso-gengival\\\/#breadcrumb\",\"itemListElement\":[{\"@type\":\"ListItem\",\"position\":1,\"name\":\"Inicial\",\"item\":\"https:\\\/\\\/www.verasmile.com\\\/pt-pt\\\/\"},{\"@type\":\"ListItem\",\"position\":2,\"name\":\"Botox para Sorriso Gengival\"}]},{\"@type\":\"WebSite\",\"@id\":\"https:\\\/\\\/www.verasmile.com\\\/pt-pt\\\/#website\",\"url\":\"https:\\\/\\\/www.verasmile.com\\\/pt-pt\\\/\",\"name\":\"Vera Smile Dental Clinic\",\"description\":\"Dental Clinic in Turkey, Istanbul 2026\",\"publisher\":{\"@id\":\"https:\\\/\\\/www.verasmile.com\\\/pt-pt\\\/#organization\"},\"potentialAction\":[{\"@type\":\"SearchAction\",\"target\":{\"@type\":\"EntryPoint\",\"urlTemplate\":\"https:\\\/\\\/www.verasmile.com\\\/pt-pt\\\/?s={search_term_string}\"},\"query-input\":{\"@type\":\"PropertyValueSpecification\",\"valueRequired\":true,\"valueName\":\"search_term_string\"}}],\"inLanguage\":\"pt-PT\"},{\"@type\":\"Organization\",\"@id\":\"https:\\\/\\\/www.verasmile.com\\\/pt-pt\\\/#organization\",\"name\":\"Vera Smile Dental Clinic\",\"url\":\"https:\\\/\\\/www.verasmile.com\\\/pt-pt\\\/\",\"logo\":{\"@type\":\"ImageObject\",\"inLanguage\":\"pt-PT\",\"@id\":\"https:\\\/\\\/www.verasmile.com\\\/pt-pt\\\/#\\\/schema\\\/logo\\\/image\\\/\",\"url\":\"https:\\\/\\\/www.verasmile.com\\\/wp-content\\\/uploads\\\/2026\\\/02\\\/Birles\u0327ik-Logo-scaled.png\",\"contentUrl\":\"https:\\\/\\\/www.verasmile.com\\\/wp-content\\\/uploads\\\/2026\\\/02\\\/Birles\u0327ik-Logo-scaled.png\",\"width\":2560,\"height\":244,\"caption\":\"Vera Smile Dental Clinic\"},\"image\":{\"@id\":\"https:\\\/\\\/www.verasmile.com\\\/pt-pt\\\/#\\\/schema\\\/logo\\\/image\\\/\"},\"sameAs\":[\"https:\\\/\\\/www.facebook.com\\\/VeraSmileDental\\\/\",\"https:\\\/\\\/www.instagram.com\\\/verasmile.dental\\\/\"]}]}<\/script>\n<!-- \/ Yoast SEO Premium plugin. -->","yoast_head_json":{"title":"Botox para Sorriso Gengival - Vera Smile","description":"Livre-se do seu sorriso gengival com Botox para Sorriso Gengival na Turquia. Descubra todas as informa\u00e7\u00f5es de que necessita em Vera Smile. Obter uma consulta gratuita","robots":{"index":"index","follow":"follow","max-snippet":"max-snippet:-1","max-image-preview":"max-image-preview:large","max-video-preview":"max-video-preview:-1"},"canonical":"https:\/\/www.verasmile.com\/pt-pt\/botox-para-sorriso-gengival\/","og_locale":"pt_PT","og_type":"article","og_title":"Botox para Sorriso Gengival","og_description":"Livre-se do seu sorriso gengival com Botox para Sorriso Gengival na Turquia. Descubra todas as informa\u00e7\u00f5es de que necessita em Vera Smile. Obter uma consulta gratuita","og_url":"https:\/\/www.verasmile.com\/pt-pt\/botox-para-sorriso-gengival\/","og_site_name":"Vera Smile","article_publisher":"https:\/\/www.facebook.com\/VeraSmileDental\/","article_modified_time":"2024-08-06T09:16:53+00:00","og_image":[{"width":1440,"height":800,"url":"https:\/\/www.verasmile.com\/wp-content\/uploads\/2024\/02\/Gummy-Smile-Botox.webp","type":"image\/webp"}],"twitter_card":"summary_large_image","twitter_misc":{"Tempo estimado de leitura":"7 minutos"},"schema":{"@context":"https:\/\/schema.org","@graph":[{"@type":"WebPage","@id":"https:\/\/www.verasmile.com\/pt-pt\/botox-para-sorriso-gengival\/","url":"https:\/\/www.verasmile.com\/pt-pt\/botox-para-sorriso-gengival\/","name":"Botox para Sorriso Gengival - Vera Smile","isPartOf":{"@id":"https:\/\/www.verasmile.com\/pt-pt\/#website"},"primaryImageOfPage":{"@id":"https:\/\/www.verasmile.com\/pt-pt\/botox-para-sorriso-gengival\/#primaryimage"},"image":{"@id":"https:\/\/www.verasmile.com\/pt-pt\/botox-para-sorriso-gengival\/#primaryimage"},"thumbnailUrl":"https:\/\/www.verasmile.com\/wp-content\/uploads\/2024\/02\/Gummy-Smile-Botox.webp","datePublished":"2023-07-07T09:52:52+00:00","dateModified":"2024-08-06T09:16:53+00:00","description":"Livre-se do seu sorriso gengival com Botox para Sorriso Gengival na Turquia. Descubra todas as informa\u00e7\u00f5es de que necessita em Vera Smile. Obter uma consulta gratuita","breadcrumb":{"@id":"https:\/\/www.verasmile.com\/pt-pt\/botox-para-sorriso-gengival\/#breadcrumb"},"inLanguage":"pt-PT","potentialAction":[{"@type":"ReadAction","target":["https:\/\/www.verasmile.com\/pt-pt\/botox-para-sorriso-gengival\/"]}]},{"@type":"ImageObject","inLanguage":"pt-PT","@id":"https:\/\/www.verasmile.com\/pt-pt\/botox-para-sorriso-gengival\/#primaryimage","url":"https:\/\/www.verasmile.com\/wp-content\/uploads\/2024\/02\/Gummy-Smile-Botox.webp","contentUrl":"https:\/\/www.verasmile.com\/wp-content\/uploads\/2024\/02\/Gummy-Smile-Botox.webp","width":1440,"height":800,"caption":"\u0627\u0644\u0627\u0628\u062a\u0633\u0627\u0645\u0629 \u0627\u0644\u0644\u062b\u0648\u064a\u0629"},{"@type":"BreadcrumbList","@id":"https:\/\/www.verasmile.com\/pt-pt\/botox-para-sorriso-gengival\/#breadcrumb","itemListElement":[{"@type":"ListItem","position":1,"name":"Inicial","item":"https:\/\/www.verasmile.com\/pt-pt\/"},{"@type":"ListItem","position":2,"name":"Botox para Sorriso Gengival"}]},{"@type":"WebSite","@id":"https:\/\/www.verasmile.com\/pt-pt\/#website","url":"https:\/\/www.verasmile.com\/pt-pt\/","name":"Vera Smile Dental Clinic","description":"Dental Clinic in Turkey, Istanbul 2026","publisher":{"@id":"https:\/\/www.verasmile.com\/pt-pt\/#organization"},"potentialAction":[{"@type":"SearchAction","target":{"@type":"EntryPoint","urlTemplate":"https:\/\/www.verasmile.com\/pt-pt\/?s={search_term_string}"},"query-input":{"@type":"PropertyValueSpecification","valueRequired":true,"valueName":"search_term_string"}}],"inLanguage":"pt-PT"},{"@type":"Organization","@id":"https:\/\/www.verasmile.com\/pt-pt\/#organization","name":"Vera Smile Dental Clinic","url":"https:\/\/www.verasmile.com\/pt-pt\/","logo":{"@type":"ImageObject","inLanguage":"pt-PT","@id":"https:\/\/www.verasmile.com\/pt-pt\/#\/schema\/logo\/image\/","url":"https:\/\/www.verasmile.com\/wp-content\/uploads\/2026\/02\/Birles\u0327ik-Logo-scaled.png","contentUrl":"https:\/\/www.verasmile.com\/wp-content\/uploads\/2026\/02\/Birles\u0327ik-Logo-scaled.png","width":2560,"height":244,"caption":"Vera Smile Dental Clinic"},"image":{"@id":"https:\/\/www.verasmile.com\/pt-pt\/#\/schema\/logo\/image\/"},"sameAs":["https:\/\/www.facebook.com\/VeraSmileDental\/","https:\/\/www.instagram.com\/verasmile.dental\/"]}]}},"_links":{"self":[{"href":"https:\/\/www.verasmile.com\/pt-pt\/wp-json\/wp\/v2\/pages\/12128","targetHints":{"allow":["GET"]}}],"collection":[{"href":"https:\/\/www.verasmile.com\/pt-pt\/wp-json\/wp\/v2\/pages"}],"about":[{"href":"https:\/\/www.verasmile.com\/pt-pt\/wp-json\/wp\/v2\/types\/page"}],"author":[{"embeddable":true,"href":"https:\/\/www.verasmile.com\/pt-pt\/wp-json\/wp\/v2\/users\/1"}],"replies":[{"embeddable":true,"href":"https:\/\/www.verasmile.com\/pt-pt\/wp-json\/wp\/v2\/comments?post=12128"}],"version-history":[{"count":0,"href":"https:\/\/www.verasmile.com\/pt-pt\/wp-json\/wp\/v2\/pages\/12128\/revisions"}],"wp:featuredmedia":[{"embeddable":true,"href":"https:\/\/www.verasmile.com\/pt-pt\/wp-json\/wp\/v2\/media\/9194"}],"wp:attachment":[{"href":"https:\/\/www.verasmile.com\/pt-pt\/wp-json\/wp\/v2\/media?parent=12128"}],"curies":[{"name":"wp","href":"https:\/\/api.w.org\/{rel}","templated":true}]}}