{"id":12151,"date":"2023-07-04T13:59:23","date_gmt":"2023-07-04T10:59:23","guid":{"rendered":"https:\/\/www.verasmile.com\/?page_id=12151"},"modified":"2025-12-26T14:49:26","modified_gmt":"2025-12-26T11:49:26","slug":"mumin-manassra","status":"publish","type":"page","link":"https:\/\/www.verasmile.com\/pt-pt\/os-nossos-medicos\/mumin-manassra\/","title":{"rendered":"M\u00fcmin Manassra"},"content":{"rendered":"<div class=\"gb-container gb-container-93ebf1d4\">\n<div class=\"gb-container gb-container-583134d3\">\n<div class=\"gb-container gb-container-664ba1de\">\n\n<h2 class=\"gb-headline gb-headline-8685741e gb-headline-text\">M\u00fcmin Manassra<\/h2>\n\n\n\n<p>Dr. M\u00fcmin Manassra licenciou-se na Faculdade de Medicina Dent\u00e1ria da Universidade Atat\u00fcrk em 2017. Passou ent\u00e3o os sete anos seguintes a trabalhar como perito dent\u00e1rio em v\u00e1rias institui\u00e7\u00f5es m\u00e9dicas dent\u00e1rias.<\/p>\n\n\n\n<p>M\u00fcmin Manassra tem sete anos de experi\u00eancia em procedimentos dent\u00e1rios e possui boas capacidades. Possui um vasto conhecimento dos procedimentos dent\u00e1rios. At\u00e9 \u00e0 data, tratou com \u00eaxito muitos casos dent\u00e1rios. \u00c9 um m\u00e9dico dentista de renome e um dos melhores dentistas da Turquia.<\/p>\n\n\n\n<p>O seu trabalho, bem como as muitas certifica\u00e7\u00f5es e cursos que concluiu, t\u00eam caracter\u00edsticas comuns: exatid\u00e3o e compromisso com a precis\u00e3o.<\/p>\n\n<\/div>\n\n<div class=\"gb-container gb-container-964b457a\">\n<div class=\"gb-container gb-container-4778c435 light-container-inside-page-nt-2\"><\/div>\n<\/div>\n<\/div>\n\n<div class=\"gb-container gb-container-f7e945cb\">\n<div class=\"gb-container gb-container-9e7beb3c\" id=\"fill-form\">\n\n<h3 class=\"wp-block-heading has-text-align-center has-contrast-color has-text-color has-link-color wp-elements-756166f9b5629c6bd64c5df1248977bb\" id=\"h-obter-uma-consulta-gratuita\">Obter uma consulta gratuita<\/h3>\n\n\n\n<script charset=\"utf-8\" type=\"text\/javascript\" src=\"\/\/js.hsforms.net\/forms\/embed\/v2.js\"><\/script>\n<script>\n  hbspt.forms.create({\n    region: \"na1\",\n    portalId: \"5077067\",\n    formId: \"27b9405b-88c2-490f-8756-eb95bab036bd\"\n  });\n<\/script>\n\n<\/div>\n<\/div>\n<\/div>","protected":false},"excerpt":{"rendered":"<p>M\u00fcmin Manassra Dr. M\u00fcmin Manassra licenciou-se na Faculdade de Medicina Dent\u00e1ria da Universidade Atat\u00fcrk em 2017. Passou ent\u00e3o os sete anos seguintes a trabalhar como<\/p>\n","protected":false},"author":1,"featured_media":0,"parent":33992,"menu_order":0,"comment_status":"closed","ping_status":"closed","template":"","meta":{"inline_featured_image":false,"footnotes":""},"class_list":["post-12151","page","type-page","status-publish"],"lang":"pt-pt","translations":{"en":1502,"it":11255,"fr":11690,"es":11922,"pt-pt":12151,"de":12486,"ar":13475,"tr":13644},"yoast_head":"<!-- This site is optimized with the Yoast SEO Premium plugin v27.4 (Yoast SEO v27.4) - https:\/\/yoast.com\/product\/yoast-seo-premium-wordpress\/ -->\n<title>M\u00fcmin Manassra - Vera Smile<\/title>\n<meta name=\"description\" content=\"Dr. M\u00fcmin Manassra licenciou-se na Faculdade de Medicina Dent\u00e1ria da Universidade Atat\u00fcrk em 2017. Passou ent\u00e3o os sete anos seguintes a trabalhar como...\" \/>\n<meta name=\"robots\" content=\"index, follow, max-snippet:-1, max-image-preview:large, max-video-preview:-1\" \/>\n<link rel=\"canonical\" href=\"https:\/\/www.verasmile.com\/pt-pt\/os-nossos-medicos\/mumin-manassra\/\" \/>\n<meta property=\"og:locale\" content=\"pt_PT\" \/>\n<meta property=\"og:type\" content=\"article\" \/>\n<meta property=\"og:title\" content=\"M\u00fcmin Manassra\" \/>\n<meta property=\"og:description\" content=\"Dr. M\u00fcmin Manassra licenciou-se na Faculdade de Medicina Dent\u00e1ria da Universidade Atat\u00fcrk em 2017. Passou ent\u00e3o os sete anos seguintes a trabalhar como...\" \/>\n<meta property=\"og:url\" content=\"https:\/\/www.verasmile.com\/pt-pt\/os-nossos-medicos\/mumin-manassra\/\" \/>\n<meta property=\"og:site_name\" content=\"Vera Smile\" \/>\n<meta property=\"article:publisher\" content=\"https:\/\/www.facebook.com\/VeraSmileDental\/\" \/>\n<meta property=\"article:modified_time\" content=\"2025-12-26T11:49:26+00:00\" \/>\n<meta name=\"twitter:card\" content=\"summary_large_image\" \/>\n<meta name=\"twitter:label1\" content=\"Tempo estimado de leitura\" \/>\n\t<meta name=\"twitter:data1\" content=\"1 minuto\" \/>\n<script type=\"application\/ld+json\" class=\"yoast-schema-graph\">{\"@context\":\"https:\\\/\\\/schema.org\",\"@graph\":[{\"@type\":\"WebPage\",\"@id\":\"https:\\\/\\\/www.verasmile.com\\\/pt-pt\\\/os-nossos-medicos\\\/mumin-manassra\\\/\",\"url\":\"https:\\\/\\\/www.verasmile.com\\\/pt-pt\\\/os-nossos-medicos\\\/mumin-manassra\\\/\",\"name\":\"M\u00fcmin Manassra - Vera Smile\",\"isPartOf\":{\"@id\":\"https:\\\/\\\/www.verasmile.com\\\/pt-pt\\\/#website\"},\"datePublished\":\"2023-07-04T10:59:23+00:00\",\"dateModified\":\"2025-12-26T11:49:26+00:00\",\"description\":\"Dr. M\u00fcmin Manassra licenciou-se na Faculdade de Medicina Dent\u00e1ria da Universidade Atat\u00fcrk em 2017. Passou ent\u00e3o os sete anos seguintes a trabalhar como...\",\"breadcrumb\":{\"@id\":\"https:\\\/\\\/www.verasmile.com\\\/pt-pt\\\/os-nossos-medicos\\\/mumin-manassra\\\/#breadcrumb\"},\"inLanguage\":\"pt-PT\",\"potentialAction\":[{\"@type\":\"ReadAction\",\"target\":[\"https:\\\/\\\/www.verasmile.com\\\/pt-pt\\\/os-nossos-medicos\\\/mumin-manassra\\\/\"]}]},{\"@type\":\"BreadcrumbList\",\"@id\":\"https:\\\/\\\/www.verasmile.com\\\/pt-pt\\\/os-nossos-medicos\\\/mumin-manassra\\\/#breadcrumb\",\"itemListElement\":[{\"@type\":\"ListItem\",\"position\":1,\"name\":\"Inicial\",\"item\":\"https:\\\/\\\/www.verasmile.com\\\/pt-pt\\\/\"},{\"@type\":\"ListItem\",\"position\":2,\"name\":\"Os nossos m\u00e9dicos\",\"item\":\"https:\\\/\\\/www.verasmile.com\\\/pt-pt\\\/os-nossos-medicos\\\/\"},{\"@type\":\"ListItem\",\"position\":3,\"name\":\"M\u00fcmin Manassra\"}]},{\"@type\":\"WebSite\",\"@id\":\"https:\\\/\\\/www.verasmile.com\\\/pt-pt\\\/#website\",\"url\":\"https:\\\/\\\/www.verasmile.com\\\/pt-pt\\\/\",\"name\":\"Vera Smile Dental Clinic\",\"description\":\"Dental Clinic in Turkey, Istanbul 2026\",\"publisher\":{\"@id\":\"https:\\\/\\\/www.verasmile.com\\\/pt-pt\\\/#organization\"},\"potentialAction\":[{\"@type\":\"SearchAction\",\"target\":{\"@type\":\"EntryPoint\",\"urlTemplate\":\"https:\\\/\\\/www.verasmile.com\\\/pt-pt\\\/?s={search_term_string}\"},\"query-input\":{\"@type\":\"PropertyValueSpecification\",\"valueRequired\":true,\"valueName\":\"search_term_string\"}}],\"inLanguage\":\"pt-PT\"},{\"@type\":\"Organization\",\"@id\":\"https:\\\/\\\/www.verasmile.com\\\/pt-pt\\\/#organization\",\"name\":\"Vera Smile Dental Clinic\",\"url\":\"https:\\\/\\\/www.verasmile.com\\\/pt-pt\\\/\",\"logo\":{\"@type\":\"ImageObject\",\"inLanguage\":\"pt-PT\",\"@id\":\"https:\\\/\\\/www.verasmile.com\\\/pt-pt\\\/#\\\/schema\\\/logo\\\/image\\\/\",\"url\":\"https:\\\/\\\/www.verasmile.com\\\/wp-content\\\/uploads\\\/2026\\\/02\\\/Birles\u0327ik-Logo-scaled.png\",\"contentUrl\":\"https:\\\/\\\/www.verasmile.com\\\/wp-content\\\/uploads\\\/2026\\\/02\\\/Birles\u0327ik-Logo-scaled.png\",\"width\":2560,\"height\":244,\"caption\":\"Vera Smile Dental Clinic\"},\"image\":{\"@id\":\"https:\\\/\\\/www.verasmile.com\\\/pt-pt\\\/#\\\/schema\\\/logo\\\/image\\\/\"},\"sameAs\":[\"https:\\\/\\\/www.facebook.com\\\/VeraSmileDental\\\/\",\"https:\\\/\\\/www.instagram.com\\\/verasmile.dental\\\/\"]}]}<\/script>\n<!-- \/ Yoast SEO Premium plugin. -->","yoast_head_json":{"title":"M\u00fcmin Manassra - Vera Smile","description":"Dr. M\u00fcmin Manassra licenciou-se na Faculdade de Medicina Dent\u00e1ria da Universidade Atat\u00fcrk em 2017. Passou ent\u00e3o os sete anos seguintes a trabalhar como...","robots":{"index":"index","follow":"follow","max-snippet":"max-snippet:-1","max-image-preview":"max-image-preview:large","max-video-preview":"max-video-preview:-1"},"canonical":"https:\/\/www.verasmile.com\/pt-pt\/os-nossos-medicos\/mumin-manassra\/","og_locale":"pt_PT","og_type":"article","og_title":"M\u00fcmin Manassra","og_description":"Dr. M\u00fcmin Manassra licenciou-se na Faculdade de Medicina Dent\u00e1ria da Universidade Atat\u00fcrk em 2017. Passou ent\u00e3o os sete anos seguintes a trabalhar como...","og_url":"https:\/\/www.verasmile.com\/pt-pt\/os-nossos-medicos\/mumin-manassra\/","og_site_name":"Vera Smile","article_publisher":"https:\/\/www.facebook.com\/VeraSmileDental\/","article_modified_time":"2025-12-26T11:49:26+00:00","twitter_card":"summary_large_image","twitter_misc":{"Tempo estimado de leitura":"1 minuto"},"schema":{"@context":"https:\/\/schema.org","@graph":[{"@type":"WebPage","@id":"https:\/\/www.verasmile.com\/pt-pt\/os-nossos-medicos\/mumin-manassra\/","url":"https:\/\/www.verasmile.com\/pt-pt\/os-nossos-medicos\/mumin-manassra\/","name":"M\u00fcmin Manassra - Vera Smile","isPartOf":{"@id":"https:\/\/www.verasmile.com\/pt-pt\/#website"},"datePublished":"2023-07-04T10:59:23+00:00","dateModified":"2025-12-26T11:49:26+00:00","description":"Dr. M\u00fcmin Manassra licenciou-se na Faculdade de Medicina Dent\u00e1ria da Universidade Atat\u00fcrk em 2017. Passou ent\u00e3o os sete anos seguintes a trabalhar como...","breadcrumb":{"@id":"https:\/\/www.verasmile.com\/pt-pt\/os-nossos-medicos\/mumin-manassra\/#breadcrumb"},"inLanguage":"pt-PT","potentialAction":[{"@type":"ReadAction","target":["https:\/\/www.verasmile.com\/pt-pt\/os-nossos-medicos\/mumin-manassra\/"]}]},{"@type":"BreadcrumbList","@id":"https:\/\/www.verasmile.com\/pt-pt\/os-nossos-medicos\/mumin-manassra\/#breadcrumb","itemListElement":[{"@type":"ListItem","position":1,"name":"Inicial","item":"https:\/\/www.verasmile.com\/pt-pt\/"},{"@type":"ListItem","position":2,"name":"Os nossos m\u00e9dicos","item":"https:\/\/www.verasmile.com\/pt-pt\/os-nossos-medicos\/"},{"@type":"ListItem","position":3,"name":"M\u00fcmin Manassra"}]},{"@type":"WebSite","@id":"https:\/\/www.verasmile.com\/pt-pt\/#website","url":"https:\/\/www.verasmile.com\/pt-pt\/","name":"Vera Smile Dental Clinic","description":"Dental Clinic in Turkey, Istanbul 2026","publisher":{"@id":"https:\/\/www.verasmile.com\/pt-pt\/#organization"},"potentialAction":[{"@type":"SearchAction","target":{"@type":"EntryPoint","urlTemplate":"https:\/\/www.verasmile.com\/pt-pt\/?s={search_term_string}"},"query-input":{"@type":"PropertyValueSpecification","valueRequired":true,"valueName":"search_term_string"}}],"inLanguage":"pt-PT"},{"@type":"Organization","@id":"https:\/\/www.verasmile.com\/pt-pt\/#organization","name":"Vera Smile Dental Clinic","url":"https:\/\/www.verasmile.com\/pt-pt\/","logo":{"@type":"ImageObject","inLanguage":"pt-PT","@id":"https:\/\/www.verasmile.com\/pt-pt\/#\/schema\/logo\/image\/","url":"https:\/\/www.verasmile.com\/wp-content\/uploads\/2026\/02\/Birles\u0327ik-Logo-scaled.png","contentUrl":"https:\/\/www.verasmile.com\/wp-content\/uploads\/2026\/02\/Birles\u0327ik-Logo-scaled.png","width":2560,"height":244,"caption":"Vera Smile Dental Clinic"},"image":{"@id":"https:\/\/www.verasmile.com\/pt-pt\/#\/schema\/logo\/image\/"},"sameAs":["https:\/\/www.facebook.com\/VeraSmileDental\/","https:\/\/www.instagram.com\/verasmile.dental\/"]}]}},"_links":{"self":[{"href":"https:\/\/www.verasmile.com\/pt-pt\/wp-json\/wp\/v2\/pages\/12151","targetHints":{"allow":["GET"]}}],"collection":[{"href":"https:\/\/www.verasmile.com\/pt-pt\/wp-json\/wp\/v2\/pages"}],"about":[{"href":"https:\/\/www.verasmile.com\/pt-pt\/wp-json\/wp\/v2\/types\/page"}],"author":[{"embeddable":true,"href":"https:\/\/www.verasmile.com\/pt-pt\/wp-json\/wp\/v2\/users\/1"}],"replies":[{"embeddable":true,"href":"https:\/\/www.verasmile.com\/pt-pt\/wp-json\/wp\/v2\/comments?post=12151"}],"version-history":[{"count":1,"href":"https:\/\/www.verasmile.com\/pt-pt\/wp-json\/wp\/v2\/pages\/12151\/revisions"}],"predecessor-version":[{"id":25235,"href":"https:\/\/www.verasmile.com\/pt-pt\/wp-json\/wp\/v2\/pages\/12151\/revisions\/25235"}],"up":[{"embeddable":true,"href":"https:\/\/www.verasmile.com\/pt-pt\/wp-json\/wp\/v2\/pages\/33992"}],"wp:attachment":[{"href":"https:\/\/www.verasmile.com\/pt-pt\/wp-json\/wp\/v2\/media?parent=12151"}],"curies":[{"name":"wp","href":"https:\/\/api.w.org\/{rel}","templated":true}]}}