{"id":12910,"date":"2023-07-07T12:47:26","date_gmt":"2023-07-07T09:47:26","guid":{"rendered":"https:\/\/www.verasmile.com\/?page_id=12910"},"modified":"2024-08-06T12:16:08","modified_gmt":"2024-08-06T09:16:08","slug":"odontologia-a-laser","status":"publish","type":"page","link":"https:\/\/www.verasmile.com\/pt-pt\/odontologia-a-laser\/","title":{"rendered":"Odontologia a laser"},"content":{"rendered":"<div class=\"gb-container gb-container-74041874\">\n<div class=\"gb-grid-wrapper gb-grid-wrapper-6232a014\">\n<div class=\"gb-grid-column gb-grid-column-141c614b\"><div class=\"gb-container gb-container-141c614b\">\n\n<p>A tecnologia laser tem sido utilizada no dom\u00ednio da medicina desde a d\u00e9cada de 1960. Come\u00e7ou a ser utilizada no mundo dent\u00e1rio por volta de 1989. Com a exatid\u00e3o e a precis\u00e3o oferecidas pela Odontologia a laser, conseguimos diversificar as nossas op\u00e7\u00f5es de tratamento dent\u00e1rio e tratar melhor as pessoas. Permitiu-nos prestar cuidados melhores e mais r\u00e1pidos, em compara\u00e7\u00e3o com as brocas e outras ferramentas dent\u00e1rias tradicionais sem laser.&nbsp;<\/p>\n\n\n\n<h2 class=\"gb-headline gb-headline-9af12520 gb-headline-text\"><strong><strong>O que \u00e9 a Odontologia a laser?<\/strong><\/strong><\/h2>\n\n\n\n<p>Gra\u00e7as ao impacto transformador da tecnologia laser no campo da Odontologia, podemos oferecer aos nossos pacientes precis\u00e3o, conforto e efici\u00eancia. Com um feixe concentrado de energia luminosa, os nossos dentistas qualificados e experientes podem eliminar o problema com o m\u00ednimo de desconforto durante todo o processo.&nbsp;<\/p>\n\n\n\n<h2 class=\"gb-headline gb-headline-539917ca gb-headline-text\"><strong><strong>Tipos de Odontologia a laser<\/strong><\/strong><\/h2>\n\n\n\n<p>Existem quatro tipos principais de laser em Odontologia. Esta categoriza\u00e7\u00e3o \u00e9 feita atrav\u00e9s de m\u00e9todos que utilizamos para os mesmos:<\/p>\n\n\n\n<ol class=\"wp-block-list\">\n<li>Meio de ilumina\u00e7\u00e3o: G\u00e1s ou s\u00f3lido<\/li>\n\n\n\n<li>Aplicabilidade em tecidos<\/li>\n\n\n\n<li>Lasers para tecidos duros ou moles<\/li>\n\n\n\n<li>Gama de comprimentos de onda<\/li>\n<\/ol>\n\n\n\n<p>Os que lhe interessam neste caso s\u00e3o os lasers para tecidos duros ou moles. Enquanto os lasers de tecidos duros s\u00e3o utilizados para cortar os dentes e moldar o osso para tratamentos como a remo\u00e7\u00e3o de c\u00e1ries, os lasers de tecidos moles s\u00e3o utilizados para tratamentos das gengivas e at\u00e9 procedimentos como o branqueamento dos dentes.<\/p>\n\n\n\n<p>A Odontologia a laser para tecidos duros oferece uma experi\u00eancia confort\u00e1vel e preserva a estrutura dent\u00e1ria saud\u00e1vel. A Odontologia a laser para tecidos moles, por outro lado, promove uma cicatriza\u00e7\u00e3o mais r\u00e1pida e minimiza o risco de infe\u00e7\u00e3o.<\/p>\n\n\n\n<h2 class=\"wp-block-heading\" id=\"h-procedimento-de-odontologia-a-laser-na-vera-smile\"><strong>Procedimento de Odontologia a Laser na Vera Smile<\/strong><\/h2>\n\n\n\n<h3 class=\"wp-block-heading\" id=\"h-pre-planeamento\"><strong>Pr\u00e9-planeamento<\/strong><\/h3>\n\n\n\n<p>Depois de nos contactar, passa por uma consulta online gratuita para ver que tipo de tratamentos precisa de fazer para o seu caso e se ser\u00e1 utilizada a Odontologia a laser. Quando chegamos a acordo sobre um plano de tratamento, preparamo-lo para a sua viagem, organizando o transporte, o alojamento e servi\u00e7os adicionais como a tradu\u00e7\u00e3o. Estas disposi\u00e7\u00f5es far\u00e3o parte do seu plano\/pacote de tratamento.&nbsp;<\/p>\n\n\n\n<h3 class=\"wp-block-heading\" id=\"h-pre-procedimento\"><strong>Pr\u00e9-procedimento<\/strong><\/h3>\n\n\n\n<p>A Odontologia a laser \u00e9 utilizada para uma variedade de tratamentos, tais como:<\/p>\n\n\n\n<ul class=\"wp-block-list\">\n<li><strong>Tratamento das c\u00e1ries dent\u00e1rias:<\/strong> Podemos utilizar a Odontologia a laser para detetar sinais precoces de c\u00e1ries e sel\u00e1-los.&nbsp;<\/li>\n<\/ul>\n\n\n\n<ul class=\"wp-block-list\">\n<li><strong>Tratamento da hipersensibilidade<\/strong>: utilizando a Odontologia a laser, podemos selar os t\u00fabulos na raiz do dente e eliminar a hipersensibilidade ao calor e ao frio.&nbsp;<\/li>\n\n\n\n<li><strong>Tratamento das doen\u00e7as das gengivas:<\/strong> Utilizando lasers, podemos ajustar o tecido gengival associado a um &#8216;sorriso gengival&#8217;, em que o comprimento excessivo da gengiva cobre uma parte significativa do dente.&#8221;<\/li>\n\n\n\n<li><strong>Remo\u00e7\u00e3o de les\u00f5es:<\/strong> Podemos utilizar lasers para remover les\u00f5es, sem necessidade de suturas.&nbsp;<\/li>\n\n\n\n<li><strong>Branqueamento dos dentes:<\/strong> O laser ajuda-nos a acelerar o processo de branqueamento dos dentes.&nbsp;<\/li>\n\n\n\n<li><strong>Tratamento do fr\u00e9nulo da l\u00edngua: <\/strong>As pessoas com um fr\u00e9nulo espesso ou apertado ou com dobra de pele por baixo da parte anterior da l\u00edngua que se liga ao pavimento da boca, poder\u00e3o encontrar al\u00edvio atrav\u00e9s de uma frenectomia a laser. Este procedimento ajuda as crian\u00e7as que enfrentam desafios como a l\u00edngua presa, dificuldades de amamenta\u00e7\u00e3o ou problemas de fala devido \u00e0 restri\u00e7\u00e3o do fr\u00e9nulo.<\/li>\n<\/ul>\n\n\n\n<p>Para ter a certeza do tratamento, efetuamos alguns testes e fazemos uma consulta presencial. Se necess\u00e1rio, atualizamos o seu plano de tratamento para obtermos os resultados desejados.&nbsp;<\/p>\n\n\n\n<h3 class=\"wp-block-heading\" id=\"h-procedimento\"><strong>Procedimento<\/strong><\/h3>\n\n\n\n<p>O tratamento a laser \u00e9 um tratamento muito simples. N\u00e3o haver\u00e1 perfura\u00e7\u00f5es ou coisas semelhantes que o possam ter levado a evitar uma visita ao dentista anteriormente. O procedimento \u00e9 indolor, independentemente do motivo pelo qual o estamos a tratar.<\/p>\n\n\n\n<h3 class=\"wp-block-heading\" id=\"h-pos-procedimento\"><strong>P\u00f3s-procedimento<\/strong><\/h3>\n\n\n\n<p>Os tratamentos a laser t\u00eam menos probabilidades de contrair uma infe\u00e7\u00e3o ou de causar dor ap\u00f3s o procedimento. Tudo o que precisa de fazer \u00e9 seguir os nossos conselhos para ultrapassar o processo de cicatriza\u00e7\u00e3o mais confortavelmente. No entanto, se o incha\u00e7o e a dor forem muito fortes e n\u00e3o desaparecerem, deve entrar em contacto connosco para ser examinado.<\/p>\n\n\n\n<h2 class=\"wp-block-heading\" id=\"h-quanto-custa-a-odontologia-a-laser\"><strong>Quanto custa a Odontologia a laser?<\/strong><\/h2>\n\n\n\n<p>Uma vez que a Odontologia a laser trata mais do que um problema, \u00e9 dif\u00edcil dizer o custo exato do tratamento. Ainda assim, podemos dizer que o custo varia entre os 200 e os 1500 d\u00f3lares, tanto nos EUA como no Reino Unido. No caso de grandes opera\u00e7\u00f5es, o custo pode ascender a milhares de d\u00f3lares. Tamb\u00e9m varia consoante o seu estado, as suas necessidades, a cobertura do seu seguro e a compet\u00eancia do seu dentista.<\/p>\n\n\n\n<p>Como se pode prever, o custo da Odontologia a laser no mundo do turismo dent\u00e1rio \u00e9 muito inferior ao dos EUA e do Reino Unido. O <a href=\"https:\/\/www.verasmile.com\/pt-pt\/o-centro-de-turismo-medico-esta-a-crescer-turquia\/\">turismo dent\u00e1rio<\/a> oferece uma oportunidade \u00e0s pessoas que n\u00e3o querem pagar muito por tratamentos dent\u00e1rios. A Turquia \u00e9 uma das estrelas do turismo dent\u00e1rio que d\u00e1 aos pacientes a oportunidade de obter um tratamento dent\u00e1rio de cinco estrelas utilizando a Odontologia a laser, acompanhado de uma viagem de sonho ao estrangeiro.&nbsp;<\/p>\n\n\n\n<h2 class=\"wp-block-heading\" id=\"h-porque-a-vera-smile-nbsp\"><strong>Porqu\u00ea a Vera Smile?&nbsp;<\/strong><\/h2>\n\n\n\n<p>O turismo dent\u00e1rio \u00e9 um termo assustador, seja ele qual for. Embora ir ao dentista seja algo stressante para alguns de n\u00f3s, ir ao dentista noutro pa\u00eds que fala outra l\u00edngua deve ser um novo n\u00edvel de stress e preocupa\u00e7\u00e3o. Mas n\u00e3o tem de ser assim.&nbsp;<\/p>\n\n\n\n<p>Tornamos o processo confort\u00e1vel para si, oferecendo uma oportunidade de tratamento personalizado num ambiente acolhedor. Na Vera Smile, acreditamos que cada sorriso \u00e9 \u00fanico e deve ser tratado em conformidade. <a href=\"https:\/\/www.verasmile.com\/pt-pt\/odontologia-estetica\/design-de-sorriso-digital\/\">Concebemos o seu sorriso<\/a> de acordo com a &#8220;sua est\u00e9tica&#8221; e complementamos as suas caracter\u00edsticas. Cada tratamento \u00e9 personalizado e elaborado especialmente para o seu caso. Preparamo-lo com tudo o que precisa para um tratamento dent\u00e1rio no estrangeiro, para que s\u00f3 pense em como vai estar bonito quando regressar a casa!<\/p>\n\n\n\n<p>Vera Smile, sob o c\u00e9u cintilante de Istambul, leva-o a bordo de uma viagem transformadora concebida especificamente para si. Contacte-nos e deixe que a nossa equipa trate do resto.&nbsp;<\/p>\n\n\n\n<h2 class=\"wp-block-heading\" id=\"h-faq\"><strong>FAQ<\/strong><\/h2>\n\n\n\n<h3 class=\"wp-block-heading\" id=\"h-quais-sao-as-desvantagens-da-odontologia-a-laser\"><strong>Quais s\u00e3o as desvantagens da Odontologia a laser?<\/strong><\/h3>\n\n\n\n<p>A Odontologia a laser \u00e9 geralmente mais cara do que outros tratamentos dent\u00e1rios. Apesar das vantagens, nem todos os tratamentos podem ser precedidos pela Odontologia a laser. Para al\u00e9m disso, se o seu caso exigir uma combina\u00e7\u00e3o de v\u00e1rios tratamentos, poder\u00e1 ainda ser necess\u00e1rio recorrer a perfura\u00e7\u00f5es, anestesia, etc., para concluir o processo.<\/p>\n\n\n\n<h3 class=\"wp-block-heading\" id=\"h-a-limpeza-dentaria-a-laser-vale-a-pena\"><strong>A limpeza dent\u00e1ria a laser vale a pena?<\/strong><\/h3>\n\n\n\n<p>Certamente, a limpeza dent\u00e1ria a laser \u00e9 uma solu\u00e7\u00e3o muito eficaz para restaurar a sa\u00fade das gengivas e minimiza o risco de problemas graves de sa\u00fade oral.<\/p>\n\n\n\n<h3 class=\"wp-block-heading\" id=\"h-para-que-e-utilizada-a-odontologia-a-laser\"><strong>Para que \u00e9 utilizada a Odontologia a laser?<\/strong><\/h3>\n\n\n\n<p>Os lasers s\u00e3o \u00f3ptimos para tratamentos dent\u00e1rios, tais como branqueamento de dentes, obtura\u00e7\u00f5es, doen\u00e7as das gengivas, sensibilidade dent\u00e1ria, corre\u00e7\u00e3o de tecidos, etc. Examinaremos o seu caso e discutiremos o melhor tratamento a laser para resolver os seus problemas. De acordo com o plano que elaborarmos posteriormente, poder\u00e1 receber tratamento dent\u00e1rio a laser para v\u00e1rios problemas!<\/p>\n\n\n\n<h3 class=\"wp-block-heading\" id=\"h-a-odontologia-a-laser-esta-coberta-pelo-seguro\"><strong>A Odontologia a laser est\u00e1 coberta pelo seguro?<\/strong><\/h3>\n\n\n\n<p>Embora algumas companhias de seguros cubram os tratamentos de Odontologia a laser, s\u00f3 o fazem para o procedimento em si se n\u00e3o estiver na categoria de Odontologia cosm\u00e9tica. Por exemplo, a obtura\u00e7\u00e3o de uma c\u00e1rie com laser pode ser coberta pelo seguro, mas se quiser fazer um branqueamento dent\u00e1rio com laser, ter\u00e1 de pagar o procedimento.<\/p>\n\n\n\n<h3 class=\"wp-block-heading\" id=\"h-quais-sao-os-beneficios-da-odontologia-a-laser\"><strong>Quais s\u00e3o os benef\u00edcios da Odontologia a laser?<\/strong><\/h3>\n\n\n\n<p>A Odontologia a laser pode ser menos dolorosa do que os m\u00e9todos tradicionais e pode tamb\u00e9m reduzir a hemorragia e o incha\u00e7o, promover uma cicatriza\u00e7\u00e3o mais r\u00e1pida e proporcionar resultados mais precisos.<\/p>\n\n\n\n<h3 class=\"wp-block-heading\" id=\"h-a-odontologia-a-laser-e-segura\"><strong>A Odontologia a laser \u00e9 segura?<\/strong><\/h3>\n\n\n\n<p>Sim, a Odontologia a laser \u00e9 geralmente considerada segura quando efetuada por um dentista com forma\u00e7\u00e3o e experi\u00eancia.<\/p>\n\n\n\n<h3 class=\"wp-block-heading\" id=\"h-e-necessaria-alguma-preparacao-especial-para-os-procedimentos-dentarios-a-laser\"><strong>\u00c9 necess\u00e1ria alguma prepara\u00e7\u00e3o especial para os procedimentos dent\u00e1rios a laser?<\/strong><\/h3>\n\n\n\n<p>O seu dentista fornecer\u00e1 instru\u00e7\u00f5es espec\u00edficas para a prepara\u00e7\u00e3o para o procedimento dent\u00e1rio a laser, mas, em geral, poder\u00e1 ter de evitar comer ou beber durante um determinado per\u00edodo de tempo antes do procedimento.<\/p>\n\n\n\n<h3 class=\"wp-block-heading\" id=\"h-a-odontologia-a-laser-e-dolorosa\"><strong>A Odontologia a laser \u00e9 dolorosa?<\/strong><\/h3>\n\n\n\n<p>A Odontologia a laser \u00e9 geralmente menos dolorosa do que os m\u00e9todos tradicionais, mas pode ainda sentir algum desconforto durante ou ap\u00f3s o procedimento.<\/p>\n\n\n\n<h3 class=\"wp-block-heading\" id=\"h-quanto-tempo-e-necessario-para-recuperar-de-um-procedimento-dentario-a-laser\"><strong>Quanto tempo \u00e9 necess\u00e1rio para recuperar de um procedimento dent\u00e1rio a laser?<\/strong><\/h3>\n\n\n\n<p>O tempo de recupera\u00e7\u00e3o pode variar consoante o procedimento espec\u00edfico, mas, em geral, os procedimentos dent\u00e1rios a laser podem ter um tempo de recupera\u00e7\u00e3o mais curto do que os m\u00e9todos tradicionais.<\/p>\n\n\n\n<h3 class=\"wp-block-heading\" id=\"h-onde-posso-encontrar-um-dentista-que-faca-odontologia-a-laser-na-turquia\"><strong>Onde posso encontrar um dentista que fa\u00e7a Odontologia a laser na Turquia?<\/strong><\/h3>\n\n\n\n<p>Muitos dentistas na Turquia oferecem servi\u00e7os de Odontologia a laser. Pode procurar na Internet dentistas especializados em Odontologia a laser na sua \u00e1rea ou pedir recomenda\u00e7\u00f5es a amigos ou familiares que tenham efetuado procedimentos dent\u00e1rios a laser. Leia nosso guia sobre <a href=\"https:\/\/www.verasmile.com\/pt-pt\/guia-completo-para-encontrar-clinicas-dentarias-fiaveis-na-turquia\/\">como escolher a melhor cl\u00ednica odontol\u00f3gica na Turquia<\/a>.<\/p>\n\n<\/div><\/div>\n\n<div class=\"gb-grid-column gb-grid-column-9795dbe7\"><div class=\"gb-container gb-container-9795dbe7 contact-sticky\">\n\n<h4 class=\"gb-headline gb-headline-83925198 gb-headline-text\"><strong>Obtenha uma consulta gratuita<\/strong><\/h4>\n\n\n\n<script charset=\"utf-8\" type=\"text\/javascript\" src=\"\/\/js.hsforms.net\/forms\/embed\/v2.js\"><\/script>\n<script>\n  hbspt.forms.create({\n    region: \"na1\",\n    portalId: \"5077067\",\n    formId: \"27b9405b-88c2-490f-8756-eb95bab036bd\"\n  });\n<\/script>\n\n<\/div><\/div>\n<\/div>\n<\/div>","protected":false},"excerpt":{"rendered":"","protected":false},"author":1,"featured_media":9162,"parent":0,"menu_order":0,"comment_status":"closed","ping_status":"closed","template":"","meta":{"inline_featured_image":false,"footnotes":""},"class_list":{"0":"post-12910","1":"page","2":"type-page","3":"status-publish","4":"has-post-thumbnail","6":"resize-featured-image"},"lang":"pt-pt","translations":{"en":1740,"fr":12867,"pt-pt":12910,"es":12944,"de":12964,"it":13102,"ar":13173,"tr":13773},"yoast_head":"<!-- This site is optimized with the Yoast SEO Premium plugin v27.4 (Yoast SEO v27.4) - https:\/\/yoast.com\/product\/yoast-seo-premium-wordpress\/ -->\n<title>Odontologia a laser - Vera Smile<\/title>\n<meta name=\"description\" content=\"Experimente os benef\u00edcios da odontologia a laser na Vera Smile: tratamentos precisos e confort\u00e1veis para uma variedade de condi\u00e7\u00f5es dent\u00e1rias\" \/>\n<meta name=\"robots\" content=\"index, follow, max-snippet:-1, max-image-preview:large, max-video-preview:-1\" \/>\n<link rel=\"canonical\" href=\"https:\/\/www.verasmile.com\/pt-pt\/odontologia-a-laser\/\" \/>\n<meta property=\"og:locale\" content=\"pt_PT\" \/>\n<meta property=\"og:type\" content=\"article\" \/>\n<meta property=\"og:title\" content=\"Odontologia a laser\" \/>\n<meta property=\"og:description\" content=\"Experimente os benef\u00edcios da odontologia a laser na Vera Smile: tratamentos precisos e confort\u00e1veis para uma variedade de condi\u00e7\u00f5es dent\u00e1rias\" \/>\n<meta property=\"og:url\" content=\"https:\/\/www.verasmile.com\/pt-pt\/odontologia-a-laser\/\" \/>\n<meta property=\"og:site_name\" content=\"Vera Smile\" \/>\n<meta property=\"article:publisher\" content=\"https:\/\/www.facebook.com\/VeraSmileDental\/\" \/>\n<meta property=\"article:modified_time\" content=\"2024-08-06T09:16:08+00:00\" \/>\n<meta property=\"og:image\" content=\"https:\/\/www.verasmile.com\/wp-content\/uploads\/2024\/02\/Laser-Dentistry.webp\" \/>\n\t<meta property=\"og:image:width\" content=\"1440\" \/>\n\t<meta property=\"og:image:height\" content=\"800\" \/>\n\t<meta property=\"og:image:type\" content=\"image\/webp\" \/>\n<meta name=\"twitter:card\" content=\"summary_large_image\" \/>\n<meta name=\"twitter:label1\" content=\"Tempo estimado de leitura\" \/>\n\t<meta name=\"twitter:data1\" content=\"7 minutos\" \/>\n<script type=\"application\/ld+json\" class=\"yoast-schema-graph\">{\"@context\":\"https:\\\/\\\/schema.org\",\"@graph\":[{\"@type\":\"WebPage\",\"@id\":\"https:\\\/\\\/www.verasmile.com\\\/pt-pt\\\/odontologia-a-laser\\\/\",\"url\":\"https:\\\/\\\/www.verasmile.com\\\/pt-pt\\\/odontologia-a-laser\\\/\",\"name\":\"Odontologia a laser - Vera Smile\",\"isPartOf\":{\"@id\":\"https:\\\/\\\/www.verasmile.com\\\/pt-pt\\\/#website\"},\"primaryImageOfPage\":{\"@id\":\"https:\\\/\\\/www.verasmile.com\\\/pt-pt\\\/odontologia-a-laser\\\/#primaryimage\"},\"image\":{\"@id\":\"https:\\\/\\\/www.verasmile.com\\\/pt-pt\\\/odontologia-a-laser\\\/#primaryimage\"},\"thumbnailUrl\":\"https:\\\/\\\/www.verasmile.com\\\/wp-content\\\/uploads\\\/2024\\\/02\\\/Laser-Dentistry.webp\",\"datePublished\":\"2023-07-07T09:47:26+00:00\",\"dateModified\":\"2024-08-06T09:16:08+00:00\",\"description\":\"Experimente os benef\u00edcios da odontologia a laser na Vera Smile: tratamentos precisos e confort\u00e1veis para uma variedade de condi\u00e7\u00f5es dent\u00e1rias\",\"breadcrumb\":{\"@id\":\"https:\\\/\\\/www.verasmile.com\\\/pt-pt\\\/odontologia-a-laser\\\/#breadcrumb\"},\"inLanguage\":\"pt-PT\",\"potentialAction\":[{\"@type\":\"ReadAction\",\"target\":[\"https:\\\/\\\/www.verasmile.com\\\/pt-pt\\\/odontologia-a-laser\\\/\"]}]},{\"@type\":\"ImageObject\",\"inLanguage\":\"pt-PT\",\"@id\":\"https:\\\/\\\/www.verasmile.com\\\/pt-pt\\\/odontologia-a-laser\\\/#primaryimage\",\"url\":\"https:\\\/\\\/www.verasmile.com\\\/wp-content\\\/uploads\\\/2024\\\/02\\\/Laser-Dentistry.webp\",\"contentUrl\":\"https:\\\/\\\/www.verasmile.com\\\/wp-content\\\/uploads\\\/2024\\\/02\\\/Laser-Dentistry.webp\",\"width\":1440,\"height\":800,\"caption\":\"Odontologia a laser\"},{\"@type\":\"BreadcrumbList\",\"@id\":\"https:\\\/\\\/www.verasmile.com\\\/pt-pt\\\/odontologia-a-laser\\\/#breadcrumb\",\"itemListElement\":[{\"@type\":\"ListItem\",\"position\":1,\"name\":\"Inicial\",\"item\":\"https:\\\/\\\/www.verasmile.com\\\/pt-pt\\\/\"},{\"@type\":\"ListItem\",\"position\":2,\"name\":\"Odontologia a laser\"}]},{\"@type\":\"WebSite\",\"@id\":\"https:\\\/\\\/www.verasmile.com\\\/pt-pt\\\/#website\",\"url\":\"https:\\\/\\\/www.verasmile.com\\\/pt-pt\\\/\",\"name\":\"Vera Smile Dental Clinic\",\"description\":\"Dental Clinic in Turkey, Istanbul 2026\",\"publisher\":{\"@id\":\"https:\\\/\\\/www.verasmile.com\\\/pt-pt\\\/#organization\"},\"potentialAction\":[{\"@type\":\"SearchAction\",\"target\":{\"@type\":\"EntryPoint\",\"urlTemplate\":\"https:\\\/\\\/www.verasmile.com\\\/pt-pt\\\/?s={search_term_string}\"},\"query-input\":{\"@type\":\"PropertyValueSpecification\",\"valueRequired\":true,\"valueName\":\"search_term_string\"}}],\"inLanguage\":\"pt-PT\"},{\"@type\":\"Organization\",\"@id\":\"https:\\\/\\\/www.verasmile.com\\\/pt-pt\\\/#organization\",\"name\":\"Vera Smile Dental Clinic\",\"url\":\"https:\\\/\\\/www.verasmile.com\\\/pt-pt\\\/\",\"logo\":{\"@type\":\"ImageObject\",\"inLanguage\":\"pt-PT\",\"@id\":\"https:\\\/\\\/www.verasmile.com\\\/pt-pt\\\/#\\\/schema\\\/logo\\\/image\\\/\",\"url\":\"https:\\\/\\\/www.verasmile.com\\\/wp-content\\\/uploads\\\/2026\\\/02\\\/Birles\u0327ik-Logo-scaled.png\",\"contentUrl\":\"https:\\\/\\\/www.verasmile.com\\\/wp-content\\\/uploads\\\/2026\\\/02\\\/Birles\u0327ik-Logo-scaled.png\",\"width\":2560,\"height\":244,\"caption\":\"Vera Smile Dental Clinic\"},\"image\":{\"@id\":\"https:\\\/\\\/www.verasmile.com\\\/pt-pt\\\/#\\\/schema\\\/logo\\\/image\\\/\"},\"sameAs\":[\"https:\\\/\\\/www.facebook.com\\\/VeraSmileDental\\\/\",\"https:\\\/\\\/www.instagram.com\\\/verasmile.dental\\\/\"]}]}<\/script>\n<!-- \/ Yoast SEO Premium plugin. -->","yoast_head_json":{"title":"Odontologia a laser - Vera Smile","description":"Experimente os benef\u00edcios da odontologia a laser na Vera Smile: tratamentos precisos e confort\u00e1veis para uma variedade de condi\u00e7\u00f5es dent\u00e1rias","robots":{"index":"index","follow":"follow","max-snippet":"max-snippet:-1","max-image-preview":"max-image-preview:large","max-video-preview":"max-video-preview:-1"},"canonical":"https:\/\/www.verasmile.com\/pt-pt\/odontologia-a-laser\/","og_locale":"pt_PT","og_type":"article","og_title":"Odontologia a laser","og_description":"Experimente os benef\u00edcios da odontologia a laser na Vera Smile: tratamentos precisos e confort\u00e1veis para uma variedade de condi\u00e7\u00f5es dent\u00e1rias","og_url":"https:\/\/www.verasmile.com\/pt-pt\/odontologia-a-laser\/","og_site_name":"Vera Smile","article_publisher":"https:\/\/www.facebook.com\/VeraSmileDental\/","article_modified_time":"2024-08-06T09:16:08+00:00","og_image":[{"width":1440,"height":800,"url":"https:\/\/www.verasmile.com\/wp-content\/uploads\/2024\/02\/Laser-Dentistry.webp","type":"image\/webp"}],"twitter_card":"summary_large_image","twitter_misc":{"Tempo estimado de leitura":"7 minutos"},"schema":{"@context":"https:\/\/schema.org","@graph":[{"@type":"WebPage","@id":"https:\/\/www.verasmile.com\/pt-pt\/odontologia-a-laser\/","url":"https:\/\/www.verasmile.com\/pt-pt\/odontologia-a-laser\/","name":"Odontologia a laser - Vera Smile","isPartOf":{"@id":"https:\/\/www.verasmile.com\/pt-pt\/#website"},"primaryImageOfPage":{"@id":"https:\/\/www.verasmile.com\/pt-pt\/odontologia-a-laser\/#primaryimage"},"image":{"@id":"https:\/\/www.verasmile.com\/pt-pt\/odontologia-a-laser\/#primaryimage"},"thumbnailUrl":"https:\/\/www.verasmile.com\/wp-content\/uploads\/2024\/02\/Laser-Dentistry.webp","datePublished":"2023-07-07T09:47:26+00:00","dateModified":"2024-08-06T09:16:08+00:00","description":"Experimente os benef\u00edcios da odontologia a laser na Vera Smile: tratamentos precisos e confort\u00e1veis para uma variedade de condi\u00e7\u00f5es dent\u00e1rias","breadcrumb":{"@id":"https:\/\/www.verasmile.com\/pt-pt\/odontologia-a-laser\/#breadcrumb"},"inLanguage":"pt-PT","potentialAction":[{"@type":"ReadAction","target":["https:\/\/www.verasmile.com\/pt-pt\/odontologia-a-laser\/"]}]},{"@type":"ImageObject","inLanguage":"pt-PT","@id":"https:\/\/www.verasmile.com\/pt-pt\/odontologia-a-laser\/#primaryimage","url":"https:\/\/www.verasmile.com\/wp-content\/uploads\/2024\/02\/Laser-Dentistry.webp","contentUrl":"https:\/\/www.verasmile.com\/wp-content\/uploads\/2024\/02\/Laser-Dentistry.webp","width":1440,"height":800,"caption":"Odontologia a laser"},{"@type":"BreadcrumbList","@id":"https:\/\/www.verasmile.com\/pt-pt\/odontologia-a-laser\/#breadcrumb","itemListElement":[{"@type":"ListItem","position":1,"name":"Inicial","item":"https:\/\/www.verasmile.com\/pt-pt\/"},{"@type":"ListItem","position":2,"name":"Odontologia a laser"}]},{"@type":"WebSite","@id":"https:\/\/www.verasmile.com\/pt-pt\/#website","url":"https:\/\/www.verasmile.com\/pt-pt\/","name":"Vera Smile Dental Clinic","description":"Dental Clinic in Turkey, Istanbul 2026","publisher":{"@id":"https:\/\/www.verasmile.com\/pt-pt\/#organization"},"potentialAction":[{"@type":"SearchAction","target":{"@type":"EntryPoint","urlTemplate":"https:\/\/www.verasmile.com\/pt-pt\/?s={search_term_string}"},"query-input":{"@type":"PropertyValueSpecification","valueRequired":true,"valueName":"search_term_string"}}],"inLanguage":"pt-PT"},{"@type":"Organization","@id":"https:\/\/www.verasmile.com\/pt-pt\/#organization","name":"Vera Smile Dental Clinic","url":"https:\/\/www.verasmile.com\/pt-pt\/","logo":{"@type":"ImageObject","inLanguage":"pt-PT","@id":"https:\/\/www.verasmile.com\/pt-pt\/#\/schema\/logo\/image\/","url":"https:\/\/www.verasmile.com\/wp-content\/uploads\/2026\/02\/Birles\u0327ik-Logo-scaled.png","contentUrl":"https:\/\/www.verasmile.com\/wp-content\/uploads\/2026\/02\/Birles\u0327ik-Logo-scaled.png","width":2560,"height":244,"caption":"Vera Smile Dental Clinic"},"image":{"@id":"https:\/\/www.verasmile.com\/pt-pt\/#\/schema\/logo\/image\/"},"sameAs":["https:\/\/www.facebook.com\/VeraSmileDental\/","https:\/\/www.instagram.com\/verasmile.dental\/"]}]}},"_links":{"self":[{"href":"https:\/\/www.verasmile.com\/pt-pt\/wp-json\/wp\/v2\/pages\/12910","targetHints":{"allow":["GET"]}}],"collection":[{"href":"https:\/\/www.verasmile.com\/pt-pt\/wp-json\/wp\/v2\/pages"}],"about":[{"href":"https:\/\/www.verasmile.com\/pt-pt\/wp-json\/wp\/v2\/types\/page"}],"author":[{"embeddable":true,"href":"https:\/\/www.verasmile.com\/pt-pt\/wp-json\/wp\/v2\/users\/1"}],"replies":[{"embeddable":true,"href":"https:\/\/www.verasmile.com\/pt-pt\/wp-json\/wp\/v2\/comments?post=12910"}],"version-history":[{"count":0,"href":"https:\/\/www.verasmile.com\/pt-pt\/wp-json\/wp\/v2\/pages\/12910\/revisions"}],"wp:featuredmedia":[{"embeddable":true,"href":"https:\/\/www.verasmile.com\/pt-pt\/wp-json\/wp\/v2\/media\/9162"}],"wp:attachment":[{"href":"https:\/\/www.verasmile.com\/pt-pt\/wp-json\/wp\/v2\/media?parent=12910"}],"curies":[{"name":"wp","href":"https:\/\/api.w.org\/{rel}","templated":true}]}}