{"id":13644,"date":"2023-07-04T13:59:23","date_gmt":"2023-07-04T10:59:23","guid":{"rendered":"https:\/\/www.verasmile.com\/?page_id=13644"},"modified":"2025-12-26T14:50:16","modified_gmt":"2025-12-26T11:50:16","slug":"mumin-manassra","status":"publish","type":"page","link":"https:\/\/www.verasmile.com\/tr\/doktorlarimiz\/mumin-manassra\/","title":{"rendered":"M\u00fcmin Manassra"},"content":{"rendered":"<div class=\"gb-container gb-container-93ebf1d4\">\n<div class=\"gb-container gb-container-583134d3\">\n<div class=\"gb-container gb-container-664ba1de\">\n\n<h2 class=\"gb-headline gb-headline-8685741e gb-headline-text\">M\u00fcmin Manassra<\/h2>\n\n\n\n<p class=\"gb-headline gb-headline-05d5d85a gb-headline-text\"> Dt. M\u00fcmin Manassra Atat\u00fcrk \u00dcniversitesi Di\u015f Hekimli\u011fi Fak\u00fcltesi\u2019nden 2017\u2019de mezun olmu\u015ftur. Sonraki yedi y\u0131l\u0131n\u0131 di\u015f kliniklerinde uzman olarak \u00e7al\u0131\u015farak ge\u00e7iren doktorumuz, di\u015f alan\u0131nda geni\u015f bilgiye sahiptir. <br><br>G\u00fcn\u00fcm\u00fcze kadar bir\u00e7ok di\u015f tedavisini ba\u015far\u0131yla ele alan M\u00fcmin Manassra, T\u00fcrkiye\u2019nin en iyi di\u015f hekimlerinden biridir.<br><br>Kusursuz tedavi s\u00fcrecine ba\u011fl\u0131l\u0131\u011f\u0131yla bilinen Dt. Manassra, kurslar, sertifikalar ve seminerler ile yetkinliklerini geli\u015ftirmeye devam ediyor.<\/p>\n\n<\/div>\n\n<div class=\"gb-container gb-container-964b457a\">\n<div class=\"gb-container gb-container-4778c435 light-container-inside-page-nt-2\"><\/div>\n<\/div>\n<\/div>\n\n<div class=\"gb-container gb-container-f7e945cb\">\n<div class=\"gb-container gb-container-9e7beb3c\" id=\"fill-form\">\n\n<h3 class=\"wp-block-heading has-text-align-center has-contrast-color has-text-color has-link-color wp-elements-5c4b2205bbaa4b1dab689bbcdf69896c\" id=\"h-randevu-olusturun\">Randevu olu\u015fturun<\/h3>\n\n\n\n<script charset=\"utf-8\" type=\"text\/javascript\" src=\"\/\/js.hsforms.net\/forms\/embed\/v2.js\"><\/script>\n<script>\n  hbspt.forms.create({\n    region: \"na1\",\n    portalId: \"5077067\",\n    formId: \"2cb7f4ae-75c7-40a0-ba30-dd2504928ef8\"\n  });\n<\/script>\n\n<\/div>\n<\/div>\n<\/div>","protected":false},"excerpt":{"rendered":"<p>M\u00fcmin Manassra Dt. M\u00fcmin Manassra Atat\u00fcrk \u00dcniversitesi Di\u015f Hekimli\u011fi Fak\u00fcltesi\u2019nden 2017\u2019de mezun olmu\u015ftur. Sonraki yedi y\u0131l\u0131n\u0131 di\u015f kliniklerinde uzman olarak \u00e7al\u0131\u015farak ge\u00e7iren doktorumuz, di\u015f alan\u0131nda<\/p>\n","protected":false},"author":1,"featured_media":0,"parent":33994,"menu_order":0,"comment_status":"closed","ping_status":"closed","template":"","meta":{"inline_featured_image":false,"footnotes":""},"class_list":["post-13644","page","type-page","status-publish"],"lang":"tr","translations":{"en":1502,"it":11255,"fr":11690,"es":11922,"pt-pt":12151,"de":12486,"ar":13475,"tr":13644},"yoast_head":"<!-- This site is optimized with the Yoast SEO Premium plugin v27.4 (Yoast SEO v27.4) - https:\/\/yoast.com\/product\/yoast-seo-premium-wordpress\/ -->\n<title>M\u00fcmin Manassra - Vera Smile<\/title>\n<meta name=\"description\" content=\"Dt. M\u00fcmin Manassra Atat\u00fcrk \u00dcniversitesi Di\u015f Hekimli\u011fi Fak\u00fcltesi\u2019nden 2017\u2019de mezun olmu\u015ftur. Sonraki yedi y\u0131l\u0131n\u0131 di\u015f kliniklerinde uzman olarak..\" \/>\n<meta name=\"robots\" content=\"index, follow, max-snippet:-1, max-image-preview:large, max-video-preview:-1\" \/>\n<link rel=\"canonical\" href=\"https:\/\/www.verasmile.com\/tr\/doktorlarimiz\/mumin-manassra\/\" \/>\n<meta property=\"og:locale\" content=\"tr_TR\" \/>\n<meta property=\"og:type\" content=\"article\" \/>\n<meta property=\"og:title\" content=\"M\u00fcmin Manassra\" \/>\n<meta property=\"og:description\" content=\"Dt. M\u00fcmin Manassra Atat\u00fcrk \u00dcniversitesi Di\u015f Hekimli\u011fi Fak\u00fcltesi\u2019nden 2017\u2019de mezun olmu\u015ftur. Sonraki yedi y\u0131l\u0131n\u0131 di\u015f kliniklerinde uzman olarak..\" \/>\n<meta property=\"og:url\" content=\"https:\/\/www.verasmile.com\/tr\/doktorlarimiz\/mumin-manassra\/\" \/>\n<meta property=\"og:site_name\" content=\"Vera Smile\" \/>\n<meta property=\"article:publisher\" content=\"https:\/\/www.facebook.com\/VeraSmileDental\/\" \/>\n<meta property=\"article:modified_time\" content=\"2025-12-26T11:50:16+00:00\" \/>\n<meta name=\"twitter:card\" content=\"summary_large_image\" \/>\n<meta name=\"twitter:label1\" content=\"Tahmini okuma s\u00fcresi\" \/>\n\t<meta name=\"twitter:data1\" content=\"1 dakika\" \/>\n<script type=\"application\/ld+json\" class=\"yoast-schema-graph\">{\"@context\":\"https:\\\/\\\/schema.org\",\"@graph\":[{\"@type\":\"WebPage\",\"@id\":\"https:\\\/\\\/www.verasmile.com\\\/tr\\\/doktorlarimiz\\\/mumin-manassra\\\/\",\"url\":\"https:\\\/\\\/www.verasmile.com\\\/tr\\\/doktorlarimiz\\\/mumin-manassra\\\/\",\"name\":\"M\u00fcmin Manassra - Vera Smile\",\"isPartOf\":{\"@id\":\"https:\\\/\\\/www.verasmile.com\\\/tr\\\/#website\"},\"datePublished\":\"2023-07-04T10:59:23+00:00\",\"dateModified\":\"2025-12-26T11:50:16+00:00\",\"description\":\"Dt. M\u00fcmin Manassra Atat\u00fcrk \u00dcniversitesi Di\u015f Hekimli\u011fi Fak\u00fcltesi\u2019nden 2017\u2019de mezun olmu\u015ftur. Sonraki yedi y\u0131l\u0131n\u0131 di\u015f kliniklerinde uzman olarak..\",\"breadcrumb\":{\"@id\":\"https:\\\/\\\/www.verasmile.com\\\/tr\\\/doktorlarimiz\\\/mumin-manassra\\\/#breadcrumb\"},\"inLanguage\":\"tr\",\"potentialAction\":[{\"@type\":\"ReadAction\",\"target\":[\"https:\\\/\\\/www.verasmile.com\\\/tr\\\/doktorlarimiz\\\/mumin-manassra\\\/\"]}]},{\"@type\":\"BreadcrumbList\",\"@id\":\"https:\\\/\\\/www.verasmile.com\\\/tr\\\/doktorlarimiz\\\/mumin-manassra\\\/#breadcrumb\",\"itemListElement\":[{\"@type\":\"ListItem\",\"position\":1,\"name\":\"Home\",\"item\":\"https:\\\/\\\/www.verasmile.com\\\/tr\\\/\"},{\"@type\":\"ListItem\",\"position\":2,\"name\":\"Doktorlar\u0131m\u0131z\",\"item\":\"https:\\\/\\\/www.verasmile.com\\\/tr\\\/doktorlarimiz\\\/\"},{\"@type\":\"ListItem\",\"position\":3,\"name\":\"M\u00fcmin Manassra\"}]},{\"@type\":\"WebSite\",\"@id\":\"https:\\\/\\\/www.verasmile.com\\\/tr\\\/#website\",\"url\":\"https:\\\/\\\/www.verasmile.com\\\/tr\\\/\",\"name\":\"Vera Smile Dental Clinic\",\"description\":\"Dental Clinic in Turkey, Istanbul 2026\",\"publisher\":{\"@id\":\"https:\\\/\\\/www.verasmile.com\\\/tr\\\/#organization\"},\"potentialAction\":[{\"@type\":\"SearchAction\",\"target\":{\"@type\":\"EntryPoint\",\"urlTemplate\":\"https:\\\/\\\/www.verasmile.com\\\/tr\\\/?s={search_term_string}\"},\"query-input\":{\"@type\":\"PropertyValueSpecification\",\"valueRequired\":true,\"valueName\":\"search_term_string\"}}],\"inLanguage\":\"tr\"},{\"@type\":\"Organization\",\"@id\":\"https:\\\/\\\/www.verasmile.com\\\/tr\\\/#organization\",\"name\":\"Vera Smile Dental Clinic\",\"url\":\"https:\\\/\\\/www.verasmile.com\\\/tr\\\/\",\"logo\":{\"@type\":\"ImageObject\",\"inLanguage\":\"tr\",\"@id\":\"https:\\\/\\\/www.verasmile.com\\\/tr\\\/#\\\/schema\\\/logo\\\/image\\\/\",\"url\":\"https:\\\/\\\/www.verasmile.com\\\/wp-content\\\/uploads\\\/2026\\\/02\\\/Birles\u0327ik-Logo-scaled.png\",\"contentUrl\":\"https:\\\/\\\/www.verasmile.com\\\/wp-content\\\/uploads\\\/2026\\\/02\\\/Birles\u0327ik-Logo-scaled.png\",\"width\":2560,\"height\":244,\"caption\":\"Vera Smile Dental Clinic\"},\"image\":{\"@id\":\"https:\\\/\\\/www.verasmile.com\\\/tr\\\/#\\\/schema\\\/logo\\\/image\\\/\"},\"sameAs\":[\"https:\\\/\\\/www.facebook.com\\\/VeraSmileDental\\\/\",\"https:\\\/\\\/www.instagram.com\\\/verasmile.dental\\\/\"]}]}<\/script>\n<!-- \/ Yoast SEO Premium plugin. -->","yoast_head_json":{"title":"M\u00fcmin Manassra - Vera Smile","description":"Dt. M\u00fcmin Manassra Atat\u00fcrk \u00dcniversitesi Di\u015f Hekimli\u011fi Fak\u00fcltesi\u2019nden 2017\u2019de mezun olmu\u015ftur. Sonraki yedi y\u0131l\u0131n\u0131 di\u015f kliniklerinde uzman olarak..","robots":{"index":"index","follow":"follow","max-snippet":"max-snippet:-1","max-image-preview":"max-image-preview:large","max-video-preview":"max-video-preview:-1"},"canonical":"https:\/\/www.verasmile.com\/tr\/doktorlarimiz\/mumin-manassra\/","og_locale":"tr_TR","og_type":"article","og_title":"M\u00fcmin Manassra","og_description":"Dt. M\u00fcmin Manassra Atat\u00fcrk \u00dcniversitesi Di\u015f Hekimli\u011fi Fak\u00fcltesi\u2019nden 2017\u2019de mezun olmu\u015ftur. Sonraki yedi y\u0131l\u0131n\u0131 di\u015f kliniklerinde uzman olarak..","og_url":"https:\/\/www.verasmile.com\/tr\/doktorlarimiz\/mumin-manassra\/","og_site_name":"Vera Smile","article_publisher":"https:\/\/www.facebook.com\/VeraSmileDental\/","article_modified_time":"2025-12-26T11:50:16+00:00","twitter_card":"summary_large_image","twitter_misc":{"Tahmini okuma s\u00fcresi":"1 dakika"},"schema":{"@context":"https:\/\/schema.org","@graph":[{"@type":"WebPage","@id":"https:\/\/www.verasmile.com\/tr\/doktorlarimiz\/mumin-manassra\/","url":"https:\/\/www.verasmile.com\/tr\/doktorlarimiz\/mumin-manassra\/","name":"M\u00fcmin Manassra - Vera Smile","isPartOf":{"@id":"https:\/\/www.verasmile.com\/tr\/#website"},"datePublished":"2023-07-04T10:59:23+00:00","dateModified":"2025-12-26T11:50:16+00:00","description":"Dt. M\u00fcmin Manassra Atat\u00fcrk \u00dcniversitesi Di\u015f Hekimli\u011fi Fak\u00fcltesi\u2019nden 2017\u2019de mezun olmu\u015ftur. Sonraki yedi y\u0131l\u0131n\u0131 di\u015f kliniklerinde uzman olarak..","breadcrumb":{"@id":"https:\/\/www.verasmile.com\/tr\/doktorlarimiz\/mumin-manassra\/#breadcrumb"},"inLanguage":"tr","potentialAction":[{"@type":"ReadAction","target":["https:\/\/www.verasmile.com\/tr\/doktorlarimiz\/mumin-manassra\/"]}]},{"@type":"BreadcrumbList","@id":"https:\/\/www.verasmile.com\/tr\/doktorlarimiz\/mumin-manassra\/#breadcrumb","itemListElement":[{"@type":"ListItem","position":1,"name":"Home","item":"https:\/\/www.verasmile.com\/tr\/"},{"@type":"ListItem","position":2,"name":"Doktorlar\u0131m\u0131z","item":"https:\/\/www.verasmile.com\/tr\/doktorlarimiz\/"},{"@type":"ListItem","position":3,"name":"M\u00fcmin Manassra"}]},{"@type":"WebSite","@id":"https:\/\/www.verasmile.com\/tr\/#website","url":"https:\/\/www.verasmile.com\/tr\/","name":"Vera Smile Dental Clinic","description":"Dental Clinic in Turkey, Istanbul 2026","publisher":{"@id":"https:\/\/www.verasmile.com\/tr\/#organization"},"potentialAction":[{"@type":"SearchAction","target":{"@type":"EntryPoint","urlTemplate":"https:\/\/www.verasmile.com\/tr\/?s={search_term_string}"},"query-input":{"@type":"PropertyValueSpecification","valueRequired":true,"valueName":"search_term_string"}}],"inLanguage":"tr"},{"@type":"Organization","@id":"https:\/\/www.verasmile.com\/tr\/#organization","name":"Vera Smile Dental Clinic","url":"https:\/\/www.verasmile.com\/tr\/","logo":{"@type":"ImageObject","inLanguage":"tr","@id":"https:\/\/www.verasmile.com\/tr\/#\/schema\/logo\/image\/","url":"https:\/\/www.verasmile.com\/wp-content\/uploads\/2026\/02\/Birles\u0327ik-Logo-scaled.png","contentUrl":"https:\/\/www.verasmile.com\/wp-content\/uploads\/2026\/02\/Birles\u0327ik-Logo-scaled.png","width":2560,"height":244,"caption":"Vera Smile Dental Clinic"},"image":{"@id":"https:\/\/www.verasmile.com\/tr\/#\/schema\/logo\/image\/"},"sameAs":["https:\/\/www.facebook.com\/VeraSmileDental\/","https:\/\/www.instagram.com\/verasmile.dental\/"]}]}},"_links":{"self":[{"href":"https:\/\/www.verasmile.com\/tr\/wp-json\/wp\/v2\/pages\/13644","targetHints":{"allow":["GET"]}}],"collection":[{"href":"https:\/\/www.verasmile.com\/tr\/wp-json\/wp\/v2\/pages"}],"about":[{"href":"https:\/\/www.verasmile.com\/tr\/wp-json\/wp\/v2\/types\/page"}],"author":[{"embeddable":true,"href":"https:\/\/www.verasmile.com\/tr\/wp-json\/wp\/v2\/users\/1"}],"replies":[{"embeddable":true,"href":"https:\/\/www.verasmile.com\/tr\/wp-json\/wp\/v2\/comments?post=13644"}],"version-history":[{"count":1,"href":"https:\/\/www.verasmile.com\/tr\/wp-json\/wp\/v2\/pages\/13644\/revisions"}],"predecessor-version":[{"id":25237,"href":"https:\/\/www.verasmile.com\/tr\/wp-json\/wp\/v2\/pages\/13644\/revisions\/25237"}],"up":[{"embeddable":true,"href":"https:\/\/www.verasmile.com\/tr\/wp-json\/wp\/v2\/pages\/33994"}],"wp:attachment":[{"href":"https:\/\/www.verasmile.com\/tr\/wp-json\/wp\/v2\/media?parent=13644"}],"curies":[{"name":"wp","href":"https:\/\/api.w.org\/{rel}","templated":true}]}}