{"id":13732,"date":"2023-07-07T12:58:07","date_gmt":"2023-07-07T09:58:07","guid":{"rendered":"https:\/\/www.verasmile.com\/?page_id=13732"},"modified":"2026-05-08T15:12:11","modified_gmt":"2026-05-08T12:12:11","slug":"lumineers-dis-kaplamalari","status":"publish","type":"page","link":"https:\/\/www.verasmile.com\/tr\/kozmetik-dis-hekimligi\/lumineers-dis-kaplamalari\/","title":{"rendered":"Lumineers Di\u015f Kaplamalar\u0131"},"content":{"rendered":"<div class=\"gb-container gb-container-78922b82\">\n<div class=\"gb-grid-wrapper gb-grid-wrapper-6232a014\">\n<div class=\"gb-grid-column gb-grid-column-141c614b\"><div class=\"gb-container gb-container-141c614b\">\n\n<p>Lumineers, \u00e7o\u011funlukla estetik nedenlerle kulland\u0131\u011f\u0131m\u0131z bir di\u015f kaplama t\u00fcr\u00fcd\u00fcr. Do\u011fal g\u00f6r\u00fcn\u00fcml\u00fc bir g\u00fcl\u00fcmseme elde etmek i\u00e7in tasarlanm\u0131\u015ft\u0131r. Bu d\u00f6n\u00fc\u015ft\u00fcr\u00fcc\u00fc tedavi, di\u015flerinizin lekeli, \u00e7arp\u0131k veya yanl\u0131\u015f hizalanm\u0131\u015f olmas\u0131 gibi k\u00fc\u00e7\u00fck kozmetik sorunlar\u0131 \u00e7\u00f6zmek i\u00e7in etkili ve temiz bir yoldur. G\u00fcl\u00fc\u015flerinin g\u00f6r\u00fcn\u00fcm\u00fcnden memnun olmayan ki\u015filer i\u00e7in m\u00fckemmel bir se\u00e7imdir.<\/p>\n\n\n\n<h2 class=\"gb-headline gb-headline-34ce432b gb-headline-text\"><strong>Lumineers di\u015f kaplamalar\u0131 nedir?<\/strong><\/h2>\n\n\n\n<p>Lumineers, g\u00fcl\u00fc\u015f\u00fcn\u00fcz\u00fc d\u00f6n\u00fc\u015ft\u00fcrmek i\u00e7in size \u00f6zel haz\u0131rlad\u0131\u011f\u0131m\u0131z ultra ince, di\u015f renginde kabuklard\u0131r. Kontakt lensler kadar ince olan lumineers kaplamalar klasik di\u015f kaplamalar\u0131nda oldu\u011fu gibi di\u015f minesinin inceltilmesine gerek kalmadan di\u015flerinize sorunsuz bir \u015fekilde uygulanabilirler. A\u015fa\u011f\u0131daki sorunlar\u0131 tedavi etmek i\u00e7in lumineers kaplamalar\u0131 kullanmaktay\u0131z:<\/p>\n\n\n\n<ul class=\"wp-block-list\">\n<li>K\u0131r\u0131k Di\u015fler<\/li>\n\n\n\n<li>Bo\u015fluklar<\/li>\n\n\n\n<li>Yanl\u0131\u015f hizal\u0131 veya \u00e7arp\u0131k di\u015fler<\/li>\n\n\n\n<li>Lekeli veya renksiz di\u015fler<\/li>\n\n\n\n<li>Yanl\u0131\u015f yap\u0131lm\u0131\u015f di\u015f tedavileri<\/li>\n\n\n\n<li>Estetik kayg\u0131<\/li>\n<\/ul>\n\n\n\n<h2 class=\"gb-headline gb-headline-e0b3e75d gb-headline-text\"><strong>Lumineers&#8217;\u0131n Avantajlar\u0131<\/strong><\/h2>\n\n\n\n<ul class=\"wp-block-list\">\n<li>Kolay tedavi s\u00fcreci<\/li>\n\n\n\n<li>\u0130nce ve yar\u0131 saydam g\u00f6r\u00fcn\u00fcmlerinin sa\u011flad\u0131\u011f\u0131 do\u011fal g\u00f6r\u00fcn\u00fcm<\/li>\n\n\n\n<li>Prosed\u00fcr\u00fcn herhangi bir enjeksiyon gerektirmemesi<\/li>\n\n\n\n<li>Kal\u0131c\u0131 bir di\u015f inceltme i\u015flemine ihtiya\u00e7 duyulmamas\u0131<\/li>\n\n\n\n<li>Do\u011fal di\u015fleri m\u00fcmk\u00fcn oldu\u011funca korumas\u0131 lumineers kaplaman\u0131n avantajlar\u0131ndan baz\u0131lar\u0131d\u0131r.<\/li>\n<\/ul>\n\n\n\n<p>Lumineers di\u015f kaplamalar\u0131, di\u011fer kaplama t\u00fcrlerine g\u00f6re daha avantajl\u0131 olmalar\u0131 nedeniyle kozmetik di\u015f hekimli\u011fi alan\u0131nda yayg\u0131n olarak tercih edilmektedir. Geleneksel kaplamalar daha kal\u0131n olduklar\u0131 ve daha uzun bir haz\u0131rl\u0131k s\u00fcreci gerektirirken, lumineers kaplamalar yo\u011fun bir tedavi s\u00fcrecine ihtiya\u00e7 duymaz. Normal veneer prosed\u00fcr\u00fcnde kaplamalar\u0131 uygulayabilmek i\u00e7in sa\u011fl\u0131kl\u0131 di\u015flerinizin b\u00fcy\u00fck bir k\u0131sm\u0131n\u0131 inceltmemiz gerekir. Ancak ultra ince olduklar\u0131 i\u00e7in lumineer kaplamalar i\u00e7in bunu yapmam\u0131za gerek yoktur.&nbsp;<\/p>\n\n\n\n<p>Normal kaplamalarda minenin inceltilmesi nedeniyle, prosed\u00fcr minenizin \u00e7\u0131kar\u0131ld\u0131\u011f\u0131 ve kaplamalar\u0131n\u0131z\u0131n haz\u0131rlanmas\u0131n\u0131 bekledi\u011finiz uzun bir haz\u0131rl\u0131k gerektirir. Ge\u00e7ici kaplamalar yapt\u0131rsan\u0131z bile bu hassas ve uzun bir s\u00fcre\u00e7 olabilir. Di\u015f minenizdeki de\u011fi\u015fiklik de kal\u0131c\u0131d\u0131r ve baz\u0131 hastalar bundan rahats\u0131z olur. Sadece di\u015f minesinin incelecek olmas\u0131ndan rahats\u0131z olarak tedaviden vazge\u00e7en bir\u00e7ok hasta da bulunmaktad\u0131r.b<\/p>\n\n\n\n<h2 class=\"gb-headline gb-headline-cc0d3e9d gb-headline-text\"><strong>Vera Smile&#8217;da Lumineers Prosed\u00fcr\u00fc<\/strong><\/h2>\n\n\n\n<h3 class=\"gb-headline gb-headline-198822c9 gb-headline-text\"><strong><strong>\u00d6n plan<\/strong><\/strong><\/h3>\n\n\n\n<p>Lumineers kaplama tedaviniz \u00f6ncesinde sizler i\u00e7in durumunuza \u00f6zel bir tedavi plan\u0131 olu\u015fturuyoruz. Talep etmeniz durumunda tedavi plan\u0131n\u0131za ula\u015f\u0131m ve konaklama yard\u0131m\u0131n\u0131 da ekliyoruz.<\/p>\n\n\n\n<h3 class=\"gb-headline gb-headline-9e50fc83 gb-headline-text\"><strong><strong>Prosed\u00fcr \u00f6ncesi<\/strong><\/strong><\/h3>\n\n\n\n<p>Klini\u011fimizde detayl\u0131 y\u00fcz y\u00fcze bir g\u00f6r\u00fc\u015fmenin ard\u0131ndan, lumineers di\u015f kaplama tedaviniz i\u00e7in en iyi y\u00f6ntemin ne olabilece\u011fini konu\u015fuyoruz. R\u00f6ntgenler, \u00f6l\u00e7\u00fc al\u0131m\u0131 ve di\u011fer testler tedavinin bir sonraki ad\u0131mlar\u0131n\u0131 belirlemektedir.<\/p>\n\n\n\n<h3 class=\"gb-headline gb-headline-d09a6fc5 gb-headline-text\"><strong><strong>Prosed\u00fcr<\/strong><\/strong><\/h3>\n\n\n\n<p>Lumineers kaplaman\u0131z\u0131n rengine ve \u015feffafl\u0131\u011f\u0131na ekibimizle birlikte karar veriyorsunuz. Detaylara karar verdikten sonra yap\u0131m a\u015famas\u0131na ge\u00e7iyoruz. Kaplamalar\u0131n\u0131z\u0131n yap\u0131m\u0131 tamamland\u0131ktan sonra geriye sadece yerle\u015ftirmek kal\u0131yor ki bu da \u00e7ok kolay ve rahat bir i\u015flem. Yerle\u015ftirilme i\u015flemi bittikten sonra cilalay\u0131p yerlerine oturduklar\u0131ndan emin oluyoruz.<\/p>\n\n\n\n<h3 class=\"gb-headline gb-headline-7982bf30 gb-headline-text\"><strong><strong>\u0130\u015flem sonras\u0131<\/strong><\/strong><\/h3>\n\n\n\n<p>Kaplamalar\u0131n\u0131z\u0131n i\u015flem sonras\u0131 bak\u0131m\u0131n\u0131 yapmak i\u00e7in a\u015fa\u011f\u0131daki ad\u0131mlar\u0131 izlemelisiniz.&nbsp;<\/p>\n\n\n\n<ol class=\"wp-block-list\">\n<li>Yumu\u015fak k\u0131ll\u0131 di\u015f f\u0131r\u00e7as\u0131 ile d\u00fczenli g\u00fcnl\u00fck a\u011f\u0131z bak\u0131m\u0131n\u0131 ihmal etmeyiniz.<\/li>\n\n\n\n<li>Lekeye neden olacak yiyecek ve i\u00e7eceklerin t\u00fcketiminden ka\u00e7\u0131nmal\u0131s\u0131n\u0131z.<\/li>\n\n\n\n<li>Di\u015f travmas\u0131na kar\u015f\u0131 korunun. Yo\u011fun sportif aktiviteler s\u0131ras\u0131nda a\u011f\u0131z koruyucu kullan\u0131n.<\/li>\n\n\n\n<li>D\u00fczenli olarak di\u015f doktorunuza kontrole gitmeyi ihmal etmeyiniz.<\/li>\n<\/ol>\n\n\n\n<h2 class=\"gb-headline gb-headline-179f7002 gb-headline-text\"><strong>Neden Vera Smile?<\/strong><\/h2>\n\n\n\n<p>Vera Smile olarak, \u0130stanbul&#8217;un kalbinde, size uygun fiyatl\u0131 tedavilerin yan\u0131 s\u0131ra konfor ve ki\u015fiselle\u015ftirilmi\u015f bak\u0131m sunuyoruz. Profesyonel ekibimiz, bize att\u0131\u011f\u0131n\u0131z ilk mesaj\u0131n\u0131zdan tedavi sonras\u0131 iyile\u015fme d\u00f6neminizin sonuna kadar sizinle ilgilenir. Kendinizi evinizde hissetmeniz i\u00e7in talep etmeniz durumunda ula\u015f\u0131m ve konaklama konusunda size yard\u0131mc\u0131 oluyoruz. Tedaviyi \u00f6zel olarak planl\u0131yoruz ve s\u00fcre\u00e7 i\u00e7inde her ad\u0131m\u0131n kusursuz ilerleyece\u011fini garanti ediyoruz.<\/p>\n\n\n\n<h2 class=\"gb-headline gb-headline-225f51a0 gb-headline-text\"><strong><strong>S\u0131k Sorulan Sorular<\/strong><\/strong><\/h2>\n\n\n\n<h3 class=\"gb-headline gb-headline-c6680e9d gb-headline-text\"><strong>Lumineers mi veneers mi daha m\u0131 ucuz?<\/strong><\/h3>\n\n\n\n<p>Lumineers kaplama fiyat\u0131 klinikten klini\u011fe de\u011fi\u015fir ve hastan\u0131n durumuna ba\u011fl\u0131d\u0131r. Ancak genel olarak Lumineers, veneers tedavisinden daha ucuzdur.<\/p>\n\n\n\n<h3 class=\"gb-headline gb-headline-0c3877ea gb-headline-text\"><strong>Lumineers ve veneers aras\u0131ndaki fark nedir?<\/strong><\/h3>\n\n\n\n<p>Lumineers kaplamalar veneers kaplamalardan \u00e7ok daha incedir. \u0130ki tedavi de farkl\u0131 prosed\u00fcrler gerektirmektedir. Veneers kaplamalar enjeksiyon ve duruma g\u00f6re yo\u011fun mine inceltme i\u015flemi gerektirirken lumineers i\u00e7in bu ge\u00e7erli de\u011fildir.<\/p>\n\n\n\n<h3 class=\"gb-headline gb-headline-4ce80141 gb-headline-text\"><strong>Lumineers ne kadar dayan\u0131kl\u0131d\u0131r?<\/strong><\/h3>\n\n\n\n<p>Lumineers bak\u0131m\u0131 iyi yap\u0131ld\u0131\u011f\u0131 s\u00fcrece 20 y\u0131la kadar hatta daha fazla s\u00fcre kullan\u0131labilmektedir.<\/p>\n\n\n\n<h3 class=\"gb-headline gb-headline-469371be gb-headline-text\"><strong>Lumineers tedavisinin dezavantajlar\u0131 nelerdir?<\/strong><\/h3>\n\n\n\n<p>Lumineers kaplama ince yap\u0131s\u0131 nedeniyle normal kaplamalar kadar dayan\u0131kl\u0131 de\u011fildir. Bak\u0131m ve dikkatli kullan\u0131m ile bu dezavantaj\u0131n \u00fcst\u00fcnden gelebilirsiniz.<\/p>\n\n\n\n<h3 class=\"gb-headline gb-headline-a4029327 gb-headline-text\"><strong>Lumineers i\u00e7in uygun muyum?<\/strong><\/h3>\n\n\n\n<p>Ciddi di\u015f problemleriniz yoksa, lumineers i\u00e7in iyi bir adays\u0131n\u0131z. Lumineers k\u00fc\u00e7\u00fck kozmetik sorunlar i\u00e7in iyi bir se\u00e7imdir. Sorunlar\u0131n\u0131z\u0131n bu kategoride oldu\u011funu d\u00fc\u015f\u00fcn\u00fcyorsan\u0131z, size lumineers tedavisi ayarlayabiliriz.<\/p>\n\n\n\n<h3 class=\"gb-headline gb-headline-a5193b70 gb-headline-text\"><strong>Lumineers di\u015f kaplamalar\u0131 \u00e7\u0131kar\u0131labilir mi?&nbsp;<\/strong><\/h3>\n\n\n\n<p><a href=\"https:\/\/www.verasmile.com\/tr\/kozmetik-dis-hekimligi\/veneer-dis-kaplama\/\">Normal kaplamalar\u0131n<\/a> aksine, lumineers di\u015f minesinin \u00e7\u0131kar\u0131lmas\u0131n\u0131 gerektirmez. Bu, alttaki di\u015flerin orijinal haliyle sa\u011flam kalaca\u011f\u0131 ve kaplamalar\u0131n herhangi bir zamanda \u00e7\u0131kar\u0131lmas\u0131nda veya de\u011fi\u015ftirilmesinde bir problem olmayaca\u011f\u0131 anlam\u0131na gelir. Lumineers tedavisi do\u011fru yap\u0131ld\u0131\u011f\u0131nda geri d\u00f6nd\u00fcr\u00fclebilir bir prosed\u00fcrd\u00fcr, e\u011fer doktorunuzun \u00e7\u0131kard\u0131\u011f\u0131 i\u015ften memnun de\u011filseniz kaplamalar\u0131n\u0131z\u0131 \u00e7\u0131karabilirsiniz.<\/p>\n\n<\/div><\/div>\n\n<div class=\"gb-grid-column gb-grid-column-9795dbe7\"><div class=\"gb-container gb-container-9795dbe7 contact-sticky\">\n\n<h4 class=\"gb-headline gb-headline-83925198 gb-headline-text\">Randevu olu\u015fturun<\/h4>\n\n\n\n<script charset=\"utf-8\" type=\"text\/javascript\" src=\"\/\/js.hsforms.net\/forms\/embed\/v2.js\"><\/script>\n<script>\n  hbspt.forms.create({\n    region: \"na1\",\n    portalId: \"5077067\",\n    formId: \"2cb7f4ae-75c7-40a0-ba30-dd2504928ef8\"\n  });\n<\/script>\n\n<\/div><\/div>\n<\/div>\n<\/div>","protected":false},"excerpt":{"rendered":"","protected":false},"author":1,"featured_media":13735,"parent":13801,"menu_order":0,"comment_status":"closed","ping_status":"closed","template":"","meta":{"inline_featured_image":false,"footnotes":""},"class_list":{"0":"post-13732","1":"page","2":"type-page","3":"status-publish","4":"has-post-thumbnail","6":"resize-featured-image"},"lang":"tr","translations":{"en":1750,"it":11203,"fr":11583,"es":11874,"pt-pt":12105,"de":12381,"ar":13473,"tr":13732},"yoast_head":"<!-- This site is optimized with the Yoast SEO Premium plugin v27.4 (Yoast SEO v27.4) - https:\/\/yoast.com\/product\/yoast-seo-premium-wordpress\/ -->\n<title>Lumineers Di\u015f Kaplamalar\u0131 - Vera Smile<\/title>\n<meta name=\"description\" content=\"Di\u015f minesinin t\u0131ra\u015flanmas\u0131n\u0131 gerektirmeyen yenilik\u00e7i di\u015f kaplamalar\u0131 Lumineers ile g\u00fcl\u00fc\u015f\u00fcn\u00fcz\u00fc geli\u015ftirin. Kusurlu di\u015flere elveda deyin\" \/>\n<meta name=\"robots\" content=\"index, follow, max-snippet:-1, max-image-preview:large, max-video-preview:-1\" \/>\n<link rel=\"canonical\" href=\"https:\/\/www.verasmile.com\/tr\/kozmetik-dis-hekimligi\/lumineers-dis-kaplamalari\/\" \/>\n<meta property=\"og:locale\" content=\"tr_TR\" \/>\n<meta property=\"og:type\" content=\"article\" \/>\n<meta property=\"og:title\" content=\"Lumineers Di\u015f Kaplamalar\u0131\" \/>\n<meta property=\"og:description\" content=\"Di\u015f minesinin t\u0131ra\u015flanmas\u0131n\u0131 gerektirmeyen yenilik\u00e7i di\u015f kaplamalar\u0131 Lumineers ile g\u00fcl\u00fc\u015f\u00fcn\u00fcz\u00fc geli\u015ftirin. Kusurlu di\u015flere elveda deyin\" \/>\n<meta property=\"og:url\" content=\"https:\/\/www.verasmile.com\/tr\/kozmetik-dis-hekimligi\/lumineers-dis-kaplamalari\/\" \/>\n<meta property=\"og:site_name\" content=\"Vera Smile\" \/>\n<meta property=\"article:publisher\" content=\"https:\/\/www.facebook.com\/VeraSmileDental\/\" \/>\n<meta property=\"article:modified_time\" content=\"2026-05-08T12:12:11+00:00\" \/>\n<meta property=\"og:image\" content=\"https:\/\/www.verasmile.com\/wp-content\/uploads\/2024\/02\/dental-Lumineerswebp.webp\" \/>\n\t<meta property=\"og:image:width\" content=\"1440\" \/>\n\t<meta property=\"og:image:height\" content=\"800\" \/>\n\t<meta property=\"og:image:type\" content=\"image\/webp\" \/>\n<meta name=\"twitter:card\" content=\"summary_large_image\" \/>\n<meta name=\"twitter:label1\" content=\"Tahmini okuma s\u00fcresi\" \/>\n\t<meta name=\"twitter:data1\" content=\"4 dakika\" \/>\n<script type=\"application\/ld+json\" class=\"yoast-schema-graph\">{\"@context\":\"https:\\\/\\\/schema.org\",\"@graph\":[{\"@type\":\"WebPage\",\"@id\":\"https:\\\/\\\/www.verasmile.com\\\/tr\\\/kozmetik-dis-hekimligi\\\/lumineers-dis-kaplamalari\\\/\",\"url\":\"https:\\\/\\\/www.verasmile.com\\\/tr\\\/kozmetik-dis-hekimligi\\\/lumineers-dis-kaplamalari\\\/\",\"name\":\"Lumineers Di\u015f Kaplamalar\u0131 - Vera Smile\",\"isPartOf\":{\"@id\":\"https:\\\/\\\/www.verasmile.com\\\/tr\\\/#website\"},\"primaryImageOfPage\":{\"@id\":\"https:\\\/\\\/www.verasmile.com\\\/tr\\\/kozmetik-dis-hekimligi\\\/lumineers-dis-kaplamalari\\\/#primaryimage\"},\"image\":{\"@id\":\"https:\\\/\\\/www.verasmile.com\\\/tr\\\/kozmetik-dis-hekimligi\\\/lumineers-dis-kaplamalari\\\/#primaryimage\"},\"thumbnailUrl\":\"https:\\\/\\\/www.verasmile.com\\\/wp-content\\\/uploads\\\/2024\\\/02\\\/dental-Lumineerswebp.webp\",\"datePublished\":\"2023-07-07T09:58:07+00:00\",\"dateModified\":\"2026-05-08T12:12:11+00:00\",\"description\":\"Di\u015f minesinin t\u0131ra\u015flanmas\u0131n\u0131 gerektirmeyen yenilik\u00e7i di\u015f kaplamalar\u0131 Lumineers ile g\u00fcl\u00fc\u015f\u00fcn\u00fcz\u00fc geli\u015ftirin. Kusurlu di\u015flere elveda deyin\",\"breadcrumb\":{\"@id\":\"https:\\\/\\\/www.verasmile.com\\\/tr\\\/kozmetik-dis-hekimligi\\\/lumineers-dis-kaplamalari\\\/#breadcrumb\"},\"inLanguage\":\"tr\",\"potentialAction\":[{\"@type\":\"ReadAction\",\"target\":[\"https:\\\/\\\/www.verasmile.com\\\/tr\\\/kozmetik-dis-hekimligi\\\/lumineers-dis-kaplamalari\\\/\"]}]},{\"@type\":\"ImageObject\",\"inLanguage\":\"tr\",\"@id\":\"https:\\\/\\\/www.verasmile.com\\\/tr\\\/kozmetik-dis-hekimligi\\\/lumineers-dis-kaplamalari\\\/#primaryimage\",\"url\":\"https:\\\/\\\/www.verasmile.com\\\/wp-content\\\/uploads\\\/2024\\\/02\\\/dental-Lumineerswebp.webp\",\"contentUrl\":\"https:\\\/\\\/www.verasmile.com\\\/wp-content\\\/uploads\\\/2024\\\/02\\\/dental-Lumineerswebp.webp\",\"width\":1440,\"height\":800,\"caption\":\"lumineers di\u015f Kaplamalar\u0131 i\u00e7in rengi se\u00e7en bir adam\"},{\"@type\":\"BreadcrumbList\",\"@id\":\"https:\\\/\\\/www.verasmile.com\\\/tr\\\/kozmetik-dis-hekimligi\\\/lumineers-dis-kaplamalari\\\/#breadcrumb\",\"itemListElement\":[{\"@type\":\"ListItem\",\"position\":1,\"name\":\"Home\",\"item\":\"https:\\\/\\\/www.verasmile.com\\\/tr\\\/\"},{\"@type\":\"ListItem\",\"position\":2,\"name\":\"Kozmetik Di\u015f Hekimli\u011fi\",\"item\":\"https:\\\/\\\/www.verasmile.com\\\/tr\\\/kozmetik-dis-hekimligi\\\/\"},{\"@type\":\"ListItem\",\"position\":3,\"name\":\"Lumineers Di\u015f Kaplamalar\u0131\"}]},{\"@type\":\"WebSite\",\"@id\":\"https:\\\/\\\/www.verasmile.com\\\/tr\\\/#website\",\"url\":\"https:\\\/\\\/www.verasmile.com\\\/tr\\\/\",\"name\":\"Vera Smile Dental Clinic\",\"description\":\"Dental Clinic in Turkey, Istanbul 2026\",\"publisher\":{\"@id\":\"https:\\\/\\\/www.verasmile.com\\\/tr\\\/#organization\"},\"potentialAction\":[{\"@type\":\"SearchAction\",\"target\":{\"@type\":\"EntryPoint\",\"urlTemplate\":\"https:\\\/\\\/www.verasmile.com\\\/tr\\\/?s={search_term_string}\"},\"query-input\":{\"@type\":\"PropertyValueSpecification\",\"valueRequired\":true,\"valueName\":\"search_term_string\"}}],\"inLanguage\":\"tr\"},{\"@type\":\"Organization\",\"@id\":\"https:\\\/\\\/www.verasmile.com\\\/tr\\\/#organization\",\"name\":\"Vera Smile Dental Clinic\",\"url\":\"https:\\\/\\\/www.verasmile.com\\\/tr\\\/\",\"logo\":{\"@type\":\"ImageObject\",\"inLanguage\":\"tr\",\"@id\":\"https:\\\/\\\/www.verasmile.com\\\/tr\\\/#\\\/schema\\\/logo\\\/image\\\/\",\"url\":\"https:\\\/\\\/www.verasmile.com\\\/wp-content\\\/uploads\\\/2026\\\/02\\\/Birles\u0327ik-Logo-scaled.png\",\"contentUrl\":\"https:\\\/\\\/www.verasmile.com\\\/wp-content\\\/uploads\\\/2026\\\/02\\\/Birles\u0327ik-Logo-scaled.png\",\"width\":2560,\"height\":244,\"caption\":\"Vera Smile Dental Clinic\"},\"image\":{\"@id\":\"https:\\\/\\\/www.verasmile.com\\\/tr\\\/#\\\/schema\\\/logo\\\/image\\\/\"},\"sameAs\":[\"https:\\\/\\\/www.facebook.com\\\/VeraSmileDental\\\/\",\"https:\\\/\\\/www.instagram.com\\\/verasmile.dental\\\/\"]}]}<\/script>\n<!-- \/ Yoast SEO Premium plugin. -->","yoast_head_json":{"title":"Lumineers Di\u015f Kaplamalar\u0131 - Vera Smile","description":"Di\u015f minesinin t\u0131ra\u015flanmas\u0131n\u0131 gerektirmeyen yenilik\u00e7i di\u015f kaplamalar\u0131 Lumineers ile g\u00fcl\u00fc\u015f\u00fcn\u00fcz\u00fc geli\u015ftirin. Kusurlu di\u015flere elveda deyin","robots":{"index":"index","follow":"follow","max-snippet":"max-snippet:-1","max-image-preview":"max-image-preview:large","max-video-preview":"max-video-preview:-1"},"canonical":"https:\/\/www.verasmile.com\/tr\/kozmetik-dis-hekimligi\/lumineers-dis-kaplamalari\/","og_locale":"tr_TR","og_type":"article","og_title":"Lumineers Di\u015f Kaplamalar\u0131","og_description":"Di\u015f minesinin t\u0131ra\u015flanmas\u0131n\u0131 gerektirmeyen yenilik\u00e7i di\u015f kaplamalar\u0131 Lumineers ile g\u00fcl\u00fc\u015f\u00fcn\u00fcz\u00fc geli\u015ftirin. Kusurlu di\u015flere elveda deyin","og_url":"https:\/\/www.verasmile.com\/tr\/kozmetik-dis-hekimligi\/lumineers-dis-kaplamalari\/","og_site_name":"Vera Smile","article_publisher":"https:\/\/www.facebook.com\/VeraSmileDental\/","article_modified_time":"2026-05-08T12:12:11+00:00","og_image":[{"width":1440,"height":800,"url":"https:\/\/www.verasmile.com\/wp-content\/uploads\/2024\/02\/dental-Lumineerswebp.webp","type":"image\/webp"}],"twitter_card":"summary_large_image","twitter_misc":{"Tahmini okuma s\u00fcresi":"4 dakika"},"schema":{"@context":"https:\/\/schema.org","@graph":[{"@type":"WebPage","@id":"https:\/\/www.verasmile.com\/tr\/kozmetik-dis-hekimligi\/lumineers-dis-kaplamalari\/","url":"https:\/\/www.verasmile.com\/tr\/kozmetik-dis-hekimligi\/lumineers-dis-kaplamalari\/","name":"Lumineers Di\u015f Kaplamalar\u0131 - Vera Smile","isPartOf":{"@id":"https:\/\/www.verasmile.com\/tr\/#website"},"primaryImageOfPage":{"@id":"https:\/\/www.verasmile.com\/tr\/kozmetik-dis-hekimligi\/lumineers-dis-kaplamalari\/#primaryimage"},"image":{"@id":"https:\/\/www.verasmile.com\/tr\/kozmetik-dis-hekimligi\/lumineers-dis-kaplamalari\/#primaryimage"},"thumbnailUrl":"https:\/\/www.verasmile.com\/wp-content\/uploads\/2024\/02\/dental-Lumineerswebp.webp","datePublished":"2023-07-07T09:58:07+00:00","dateModified":"2026-05-08T12:12:11+00:00","description":"Di\u015f minesinin t\u0131ra\u015flanmas\u0131n\u0131 gerektirmeyen yenilik\u00e7i di\u015f kaplamalar\u0131 Lumineers ile g\u00fcl\u00fc\u015f\u00fcn\u00fcz\u00fc geli\u015ftirin. Kusurlu di\u015flere elveda deyin","breadcrumb":{"@id":"https:\/\/www.verasmile.com\/tr\/kozmetik-dis-hekimligi\/lumineers-dis-kaplamalari\/#breadcrumb"},"inLanguage":"tr","potentialAction":[{"@type":"ReadAction","target":["https:\/\/www.verasmile.com\/tr\/kozmetik-dis-hekimligi\/lumineers-dis-kaplamalari\/"]}]},{"@type":"ImageObject","inLanguage":"tr","@id":"https:\/\/www.verasmile.com\/tr\/kozmetik-dis-hekimligi\/lumineers-dis-kaplamalari\/#primaryimage","url":"https:\/\/www.verasmile.com\/wp-content\/uploads\/2024\/02\/dental-Lumineerswebp.webp","contentUrl":"https:\/\/www.verasmile.com\/wp-content\/uploads\/2024\/02\/dental-Lumineerswebp.webp","width":1440,"height":800,"caption":"lumineers di\u015f Kaplamalar\u0131 i\u00e7in rengi se\u00e7en bir adam"},{"@type":"BreadcrumbList","@id":"https:\/\/www.verasmile.com\/tr\/kozmetik-dis-hekimligi\/lumineers-dis-kaplamalari\/#breadcrumb","itemListElement":[{"@type":"ListItem","position":1,"name":"Home","item":"https:\/\/www.verasmile.com\/tr\/"},{"@type":"ListItem","position":2,"name":"Kozmetik Di\u015f Hekimli\u011fi","item":"https:\/\/www.verasmile.com\/tr\/kozmetik-dis-hekimligi\/"},{"@type":"ListItem","position":3,"name":"Lumineers Di\u015f Kaplamalar\u0131"}]},{"@type":"WebSite","@id":"https:\/\/www.verasmile.com\/tr\/#website","url":"https:\/\/www.verasmile.com\/tr\/","name":"Vera Smile Dental Clinic","description":"Dental Clinic in Turkey, Istanbul 2026","publisher":{"@id":"https:\/\/www.verasmile.com\/tr\/#organization"},"potentialAction":[{"@type":"SearchAction","target":{"@type":"EntryPoint","urlTemplate":"https:\/\/www.verasmile.com\/tr\/?s={search_term_string}"},"query-input":{"@type":"PropertyValueSpecification","valueRequired":true,"valueName":"search_term_string"}}],"inLanguage":"tr"},{"@type":"Organization","@id":"https:\/\/www.verasmile.com\/tr\/#organization","name":"Vera Smile Dental Clinic","url":"https:\/\/www.verasmile.com\/tr\/","logo":{"@type":"ImageObject","inLanguage":"tr","@id":"https:\/\/www.verasmile.com\/tr\/#\/schema\/logo\/image\/","url":"https:\/\/www.verasmile.com\/wp-content\/uploads\/2026\/02\/Birles\u0327ik-Logo-scaled.png","contentUrl":"https:\/\/www.verasmile.com\/wp-content\/uploads\/2026\/02\/Birles\u0327ik-Logo-scaled.png","width":2560,"height":244,"caption":"Vera Smile Dental Clinic"},"image":{"@id":"https:\/\/www.verasmile.com\/tr\/#\/schema\/logo\/image\/"},"sameAs":["https:\/\/www.facebook.com\/VeraSmileDental\/","https:\/\/www.instagram.com\/verasmile.dental\/"]}]}},"_links":{"self":[{"href":"https:\/\/www.verasmile.com\/tr\/wp-json\/wp\/v2\/pages\/13732","targetHints":{"allow":["GET"]}}],"collection":[{"href":"https:\/\/www.verasmile.com\/tr\/wp-json\/wp\/v2\/pages"}],"about":[{"href":"https:\/\/www.verasmile.com\/tr\/wp-json\/wp\/v2\/types\/page"}],"author":[{"embeddable":true,"href":"https:\/\/www.verasmile.com\/tr\/wp-json\/wp\/v2\/users\/1"}],"replies":[{"embeddable":true,"href":"https:\/\/www.verasmile.com\/tr\/wp-json\/wp\/v2\/comments?post=13732"}],"version-history":[{"count":1,"href":"https:\/\/www.verasmile.com\/tr\/wp-json\/wp\/v2\/pages\/13732\/revisions"}],"predecessor-version":[{"id":38684,"href":"https:\/\/www.verasmile.com\/tr\/wp-json\/wp\/v2\/pages\/13732\/revisions\/38684"}],"up":[{"embeddable":true,"href":"https:\/\/www.verasmile.com\/tr\/wp-json\/wp\/v2\/pages\/13801"}],"wp:featuredmedia":[{"embeddable":true,"href":"https:\/\/www.verasmile.com\/tr\/wp-json\/wp\/v2\/media\/13735"}],"wp:attachment":[{"href":"https:\/\/www.verasmile.com\/tr\/wp-json\/wp\/v2\/media?parent=13732"}],"curies":[{"name":"wp","href":"https:\/\/api.w.org\/{rel}","templated":true}]}}