{"id":13736,"date":"2023-07-07T12:45:01","date_gmt":"2023-07-07T09:45:01","guid":{"rendered":"https:\/\/www.verasmile.com\/?page_id=13736"},"modified":"2024-08-06T15:40:55","modified_gmt":"2024-08-06T12:40:55","slug":"ayni-gun-dis-tedavisi","status":"publish","type":"page","link":"https:\/\/www.verasmile.com\/tr\/ayni-gun-dis-tedavisi\/","title":{"rendered":"Ayn\u0131 G\u00fcn Di\u015f Tedavisi"},"content":{"rendered":"<div class=\"gb-container gb-container-1468eb1a\">\n<div class=\"gb-grid-wrapper gb-grid-wrapper-6232a014\">\n<div class=\"gb-grid-column gb-grid-column-141c614b\"><div class=\"gb-container gb-container-141c614b\">\n\n<p>Ayn\u0131 g\u00fcn di\u015f tedavisi, yo\u011fun tedavi programlar\u0131 sebebiyle bir klinikte uzun s\u00fcre vakit ge\u00e7irmenin \u00f6n\u00fcne ge\u00e7iyor. \u00d6zellikle son zamanlarda g\u00fcnlerce git-gel yapmaktan ve bir di\u015f\u00e7i koltu\u011funda saatlerce oturmaktan ka\u00e7\u0131nmak i\u00e7in ayn\u0131 g\u00fcn di\u015f tedavileri tercih edilmektedir.<\/p>\n\n\n\n<h2 class=\"gb-headline gb-headline-cfeb9858 gb-headline-text\"><strong><strong>Ayn\u0131 g\u00fcn di\u015f tedavisi nedir?<\/strong><\/strong><\/h2>\n\n\n\n<p>En son teknoloji \u00fcr\u00fcn\u00fc ekipmanlar, yeni geli\u015ftirilen teknikler ve profesyonel ekibimiz ile size arad\u0131\u011f\u0131n\u0131z tedaviyi bir g\u00fcn gibi k\u0131sa bir s\u00fcrede sunuyoruz. Ayn\u0131 g\u00fcn di\u015f tedavileri CAD-CAM (bilgisayar destekli tasar\u0131m\/bilgisayar destekli \u00fcretim) teknolojisi gibi ileri teknolojilerin kullan\u0131lmas\u0131yla m\u00fcmk\u00fcn olmaktad\u0131r. Bu tedavi \u00e7e\u015fidi ile klinikte bir g\u00fcn ge\u00e7irerek gereken tedaviyi tamamlayabiliyorsunuz. Ayn\u0131 g\u00fcn di\u015f hekimli\u011fi tedavileri kapsam\u0131na giren baz\u0131 tedavilere g\u00f6z atal\u0131m:<\/p>\n\n\n\n<ul class=\"wp-block-list\">\n<li>Di\u015f beyazlatma<\/li>\n\n\n\n<li>Do\u011frudan(an\u0131nda) implant&nbsp;<\/li>\n\n\n\n<li>Dolgu<\/li>\n\n\n\n<li>Kanal tedavisi&nbsp;<\/li>\n\n\n\n<li>Bonding<\/li>\n\n\n\n<li>Di\u015f temizli\u011fi<\/li>\n\n\n\n<li>Periodontal operasyonlar<\/li>\n\n\n\n<li>Ge\u00e7ici kron kaplama<\/li>\n<\/ul>\n\n\n\n<p>Di\u015f tedavinizi yapt\u0131rmak i\u00e7in g\u00fcnlerce beklemenize gerek yok. E\u011fer yo\u011funluktan veya di\u015f doktoru korkunuzdan \u00f6t\u00fcr\u00fc klinikte vakit ge\u00e7irmek istemiyorsan\u0131z, saatler bile sizin i\u00e7in \u00f6nemlidir. Bunu anl\u0131yor ve sizlere ayn\u0131 g\u00fcn di\u015f hekimli\u011fi kapsam\u0131nda profesyonel tedaviler konusunda yard\u0131mc\u0131 oluyoruz.&nbsp;<\/p>\n\n\n\n<h2 class=\"gb-headline gb-headline-36bbebd2 gb-headline-text\"><strong><strong>Vera Smile&#8217;da Sunulan Ayn\u0131 G\u00fcn Di\u015f Tedavisi Hizmeti<\/strong><\/strong><\/h2>\n\n\n\n<h3 class=\"gb-headline gb-headline-b74c98f7 gb-headline-text\"><strong><strong>Plan \u00d6ncesi<\/strong><\/strong><\/h3>\n\n\n\n<p>Bizimle ileti\u015fime ge\u00e7ti\u011finizde sizin i\u00e7in bir tedavi plan\u0131 olu\u015fturur ve size ihtiyac\u0131n\u0131z olan tedavileri bir araya toplad\u0131\u011f\u0131m\u0131z bir paket sunar\u0131z. Bu paketi onaylad\u0131\u011f\u0131n\u0131zda i\u015flemlere ba\u015flar\u0131z. Her ad\u0131m size rahat ve kusursuz bir tedavi s\u00fcreci sunabilmek i\u00e7in at\u0131lmaktad\u0131r.<\/p>\n\n\n\n<h3 class=\"gb-headline gb-headline-763cc441 gb-headline-text\"><strong><strong>Tedavi \u00f6ncesi<\/strong><\/strong><\/h3>\n\n\n\n<p>Prosed\u00fcrden \u00f6nce, planlanan tedavinin plana g\u00f6re ilerleyece\u011finden emin olmak i\u00e7in baz\u0131 testlerden ve g\u00f6r\u00fc\u015fmelerden ge\u00e7ersiniz. Her \u015feyin olmas\u0131 gerekti\u011fi gibi oldu\u011fundan emin oldu\u011fumuzda, s\u00fcrecin as\u0131l k\u0131sm\u0131na ge\u00e7eriz.&nbsp;<\/p>\n\n\n\n<h3 class=\"gb-headline gb-headline-b40f944e gb-headline-text\"><strong><strong>Tedavi<\/strong><\/strong><\/h3>\n\n\n\n<p>&#8216;Ayn\u0131 g\u00fcn di\u015f hekimli\u011fi&#8217; kategorisi alt\u0131nda sundu\u011fumuz farkl\u0131 tedavi t\u00fcrleri vard\u0131r. Uygulad\u0131\u011f\u0131m\u0131z prosed\u00fcr her tedavi i\u00e7in farkl\u0131d\u0131r. Baz\u0131 gerekli durumlarda, ya\u015fad\u0131\u011f\u0131n\u0131z sorunu \u00e7\u00f6zmek i\u00e7in birka\u00e7 tedaviyi birle\u015ftiririz. Tabii ki bu durumlarda prosed\u00fcr normalden daha karma\u015f\u0131k ve uzun olmaktad\u0131r.<\/p>\n\n\n\n<p>Ayn\u0131 g\u00fcn di\u015f hekimli\u011fi tedavilerinin prosed\u00fcr k\u0131sm\u0131 hakk\u0131nda kesin \u015feyler s\u00f6yleyebilmek i\u00e7in dikkate al\u0131nmas\u0131 gereken bir\u00e7ok unsur oldu\u011fundan, \u00f6zel durumunuz i\u00e7in bizimle ileti\u015fime ge\u00e7melisiniz. Hakk\u0131n\u0131zda bilgi sahibi oldu\u011fumuzda size sizi bekleyecek tedavi s\u00fcreci hakk\u0131nda daha tutarl\u0131 bilgiler verebiliriz.<\/p>\n\n\n\n<h3 class=\"gb-headline gb-headline-227a3fe7 gb-headline-text\"><strong><strong>Tedavi sonras\u0131<\/strong><\/strong><\/h3>\n\n\n\n<p>Ayn\u0131 g\u00fcn di\u015f hekimli\u011fi tedavilerinin \u00e7o\u011fu i\u00e7in i\u015flem sonras\u0131 sorunsuz ge\u00e7er. \u0130\u015flem basit, h\u0131zl\u0131 ve etkili oldu\u011fu i\u00e7in a\u011fr\u0131 veya \u015fi\u015flik hissetmezsiniz.<\/p>\n\n\n\n<h2 class=\"gb-headline gb-headline-8f12ae1c gb-headline-text\"><strong><strong>Ayn\u0131 g\u00fcn di\u015f tedavisinin faydalar\u0131<\/strong><\/strong><\/h2>\n\n\n\n<p>Ayn\u0131 G\u00fcn Di\u015f Hekimli\u011fi, a\u015fa\u011f\u0131dakiler de dahil olmak \u00fczere \u00e7e\u015fitli avantajlar sunar:<\/p>\n\n\n\n<h3 class=\"gb-headline gb-headline-03f16223 gb-headline-text\"><strong>Zaman tasarrufu:<\/strong><\/h3>\n\n\n\n<p>Geleneksel di\u015f tedavileri genellikle birden fazla di\u015f hekimi randevusu gerektirir. Ayn\u0131 G\u00fcn Di\u015f Hekimli\u011fi ile hastalar bu zaman al\u0131c\u0131 s\u00fcreci tek klinik ziyaretine indirerek, ayn\u0131 g\u00fcn i\u00e7erisinde di\u015f tedavilerini tamamlay\u0131p hem zaman hem de enerji tasarrufu yapabilirler.<\/p>\n\n\n\n<h3 class=\"gb-headline gb-headline-4b31d169 gb-headline-text\"><strong>Kolayl\u0131k:<\/strong><\/h3>\n\n\n\n<p>Ayn\u0131 G\u00fcn Di\u015f Hekimli\u011fi ile hastalar ge\u00e7ici restorasyonlar kullan\u0131m\u0131 veya birden fazla klinik ziyareti konusunda endi\u015felenmek zorunda kalmazlar. Olduk\u00e7a h\u0131zl\u0131 ve rahat ge\u00e7en prosed\u00fcrler, hastalar\u0131n m\u00fcmk\u00fcn olan en k\u0131sa s\u00fcrede g\u00fcnl\u00fck hayatlar\u0131na geri d\u00f6nmelerini sa\u011flar.<\/p>\n\n\n\n<h3 class=\"gb-headline gb-headline-842a7cf5 gb-headline-text\"><strong>Hassasiyet ve do\u011fruluk:<\/strong><\/h3>\n\n\n\n<p>Ayn\u0131 G\u00fcn Di\u015f Hekimli\u011fi tedavilerinde, hassas ve tutarl\u0131 i\u015flemler i\u00e7in ileri teknoloji kullan\u0131r. Tedaviler, her hastan\u0131n \u00f6zel ihtiya\u00e7lar\u0131na uyacak \u015fekilde planlanarak haz\u0131rlan\u0131r. Tedavi ve hastan\u0131n a\u011f\u0131z yap\u0131s\u0131 aras\u0131nda sa\u011flanan uyum i\u015flevselli\u011fi beraberinde getirir.<\/p>\n\n\n\n<h2 class=\"gb-headline gb-headline-fbadfb8e gb-headline-text\"><strong><strong>Neden Vera Smile?<\/strong><\/strong><\/h2>\n\n\n\n<p>Vera Smile&#8217;da, rahat, s\u0131cak ve modern bir ortamda sizlere ola\u011fan\u00fcst\u00fc di\u015f bak\u0131m\u0131 sunmay\u0131 taahh\u00fct ediyoruz. Tedavi plan\u0131n\u0131z\u0131 olu\u015ftururken, y\u00fcz \u00f6zelliklerinizi, isteklerinizi ve ihtiya\u00e7lar\u0131n\u0131z\u0131 g\u00f6z \u00f6n\u00fcnde bulunduruyoruz. Bunlara dikkat ederek olu\u015fturdu\u011fumuz planla sizi daha \u00f6zg\u00fcvenli daha mutlu bir gelece\u011fe haz\u0131rl\u0131yoruz.&nbsp;<\/p>\n\n\n\n<ul class=\"wp-block-list\">\n<li>Ek Hizmetler<\/li>\n\n\n\n<li>Profesyonel Ekip<\/li>\n\n\n\n<li>Son Teknoloji \u00dcr\u00fcn\u00fc Ekipmanlar<\/li>\n\n\n\n<li>Modern Klinik<\/li>\n\n\n\n<li>Ki\u015fiselle\u015ftirilmi\u015f \u00d6zel Bak\u0131m<\/li>\n\n\n\n<li>Rekabet\u00e7i fiyatlar<\/li>\n<\/ul>\n\n\n\n<h2 class=\"gb-headline gb-headline-99dffb32 gb-headline-text\"><strong><strong>Vera Smile&#8217;da sunulan Ayn\u0131 G\u00fcn Di\u015f Hekimli\u011fi prosed\u00fcrleri<\/strong><\/strong><\/h2>\n\n\n\n<p>Vera Smile Di\u015f Klini\u011fi, a\u015fa\u011f\u0131dakiler de dahil olmak \u00fczere \u00e7ok \u00e7e\u015fitli Ayn\u0131 G\u00fcn Di\u015f Hekimli\u011fi tedavileri sunmaktad\u0131r:<\/p>\n\n\n\n<h3 class=\"gb-headline gb-headline-5fb9587d gb-headline-text\"><strong><strong>Ayn\u0131 g\u00fcn di\u015f kronlar\u0131<\/strong><\/strong><\/h3>\n\n\n\n<p>Ayn\u0131 g\u00fcn di\u015f kronlar\u0131, di\u015fin tamam\u0131n\u0131 kaplayan \u00f6zel yap\u0131m restorasyonlard\u0131r. Ciddi hasar g\u00f6rm\u00fc\u015f veya \u00e7\u00fcr\u00fcm\u00fc\u015f di\u015fleri restore etmek i\u00e7in kullan\u0131l\u0131rlar. Vera Smile\u2019da ayn\u0131 g\u00fcn di\u015f kronlar\u0131, a\u011f\u0131z yap\u0131s\u0131yla uyumun sa\u011flanmas\u0131 i\u00e7in geli\u015fmi\u015f CAD\/CAM teknolojisi kullan\u0131larak yap\u0131l\u0131r.<\/p>\n\n\n\n<h3 class=\"gb-headline gb-headline-4fe115d7 gb-headline-text\"><strong><strong>Ayn\u0131 g\u00fcn di\u015f kaplamalar\u0131<\/strong><\/strong><\/h3>\n\n\n\n<p>Ayn\u0131 g\u00fcn di\u015f kaplamalar\u0131, di\u015flerin \u00f6n y\u00fczeyini kaplayan \u00f6zel yap\u0131m restorasyonlard\u0131r. Rengi solmu\u015f veya \u015fekli bozulmu\u015f di\u015flerin g\u00f6r\u00fcn\u00fcm\u00fcn\u00fc iyile\u015ftirmek i\u00e7in kullan\u0131l\u0131rlar. Vera Smile\u2019da ayn\u0131 g\u00fcn di\u015f kaplamalar\u0131 ileri teknoloji kullan\u0131larak yap\u0131l\u0131r.<\/p>\n\n\n\n<h3 class=\"gb-headline gb-headline-c106bcce gb-headline-text\"><strong><strong>Ayn\u0131 G\u00fcn Dolgu(Inlay ve Onlay)<\/strong><\/strong><\/h3>\n\n\n\n<p>Ayn\u0131 g\u00fcn yap\u0131lan di\u015f dolgular\u0131, hafif ila orta derecede hasar g\u00f6rm\u00fc\u015f veya \u00e7\u00fcr\u00fcm\u00fc\u015f di\u015fleri restore etmek i\u00e7in kullan\u0131lan \u00f6zel yap\u0131m restorasyonlard\u0131r. Ciddi hasar veya \u00e7\u00fcr\u00fck olmad\u0131\u011f\u0131nda kullan\u0131l\u0131rlar.<\/p>\n\n\n\n<h3 class=\"gb-headline gb-headline-5268bc50 gb-headline-text\"><strong><strong>Ayn\u0131 g\u00fcn di\u015f implantlar\u0131<\/strong><\/strong><\/h3>\n\n\n\n<p>Ayn\u0131 g\u00fcn di\u015f implantlar\u0131, implant\u0131n hasarl\u0131 bir di\u015fin \u00e7ekilmesinden hemen sonra ayn\u0131 ziyaret s\u0131ras\u0131nda \u00e7ene kemi\u011fine yerle\u015ftirildi\u011fi bir implant \u00e7e\u015fididir. Bu yakla\u015f\u0131m, ge\u00e7ici bir protez takma ihtiyac\u0131n\u0131 ortadan kald\u0131rarak geleneksel implant prosed\u00fcrlerine k\u0131yasla klini\u011fe yap\u0131lan ziyaret say\u0131s\u0131n\u0131 ve tedavi s\u00fcresini azalt\u0131r.<\/p>\n\n\n\n<h2 class=\"gb-headline gb-headline-97af39b8 gb-headline-text\"><strong><strong>\u0130stanbul&#8217;da Ayn\u0131 G\u00fcn Di\u015f Hekimli\u011fi &#8211; Beklentiler<\/strong><\/strong><\/h2>\n\n\n\n<p>\u0130stanbul&#8217;da ayn\u0131 g\u00fcn di\u015f hekimli\u011fi tedavisi almay\u0131 d\u00fc\u015f\u00fcn\u00fcyorsan\u0131z, modern ve s\u0131cak bir ortamda y\u00fcksek kaliteli di\u015f bak\u0131m\u0131 almay\u0131 bekleyebilirsiniz. \u0130stanbul d\u00fcnya standartlar\u0131nda hizmet veren di\u015f klinikleri ile tan\u0131n\u0131r ve Vera Smile bu kliniklerin en iyilerinden biridir.<\/p>\n\n\n\n<p>Randevunuzdan \u00f6nce, klini\u011fi ve prosed\u00fcr\u00fc ger\u00e7ekle\u015ftirecek di\u015f hekimini ara\u015ft\u0131rman\u0131z \u00f6nemlidir. Ayr\u0131ca prosed\u00fcr veya klinik hakk\u0131nda akl\u0131n\u0131za gelebilecek t\u00fcm sorular\u0131 da sormal\u0131 ve cevaplar\u0131n\u0131 almal\u0131s\u0131n\u0131z.<\/p>\n\n\n\n<p>Vera Smile\u2019da randevunuz s\u0131ras\u0131nda, bireysel ihtiya\u00e7lar\u0131n\u0131za ve tercihlerinize g\u00f6re uyarlanm\u0131\u015f ki\u015fiselle\u015ftirilmi\u015f bak\u0131m almay\u0131 bekleyebilirsiniz. Di\u015f hekimi, prosed\u00fcr boyunca rahat oldu\u011funuzdan ve s\u00fcrecin her ad\u0131m\u0131n\u0131 anlad\u0131\u011f\u0131n\u0131zdan emin olmak i\u00e7in sizinle birlikte \u00e7al\u0131\u015facakt\u0131r.<\/p>\n\n\n\n<p>\u0130\u015flemden sonra hafif bir rahats\u0131zl\u0131k veya hassasiyet ya\u015fayabilirsiniz, ancak bu genellikle birka\u00e7 g\u00fcn i\u00e7inde azal\u0131r. \u0130yile\u015fme s\u00fcrecini tamamlamak ve toparlanmay\u0131 sa\u011flamak i\u00e7in di\u015f hekimi taraf\u0131ndan verilen ameliyat sonras\u0131 talimatlara uymal\u0131s\u0131n\u0131z.<\/p>\n\n\n\n<h2 class=\"gb-headline gb-headline-ef5283bb gb-headline-text\"><strong><strong>S\u0131k Sorulan Sorular<\/strong><\/strong><\/h2>\n\n\n\n<h3 class=\"gb-headline gb-headline-1e401be8 gb-headline-text\"><strong><strong>Ayn\u0131 g\u00fcn implant yapt\u0131rmak iyi bir fikir mi?<\/strong><\/strong><\/h3>\n\n\n\n<p>Ayn\u0131 g\u00fcn di\u015f hekimli\u011fi, h\u0131zl\u0131 ama etkili bir di\u015f tedavisi arayan hastalar i\u00e7in m\u00fckemmel bir se\u00e7enektir. Ayn\u0131 g\u00fcn di\u015f hekimli\u011fi tedavileri, sizi klinikte birka\u00e7 g\u00fcn ge\u00e7irmekten kurtararak i\u015flevsel ve estetik sonu\u00e7lar sa\u011flar.<\/p>\n\n\n\n<h3 class=\"gb-headline gb-headline-e57a846f gb-headline-text\"><strong><strong>Ayn\u0131 g\u00fcn di\u015f hekimli\u011finden sonra tamamen iyile\u015fmek ne kadar s\u00fcrer?<\/strong><\/strong><\/h3>\n\n\n\n<p>\u0130yile\u015fme s\u00fcresi tamamen tedaviye ba\u011fl\u0131d\u0131r. Ayn\u0131 g\u00fcn tamamlayabilece\u011finiz bir\u00e7ok tedavi vard\u0131r. Bunlardan baz\u0131lar\u0131 iyile\u015fme s\u00fcresi a\u00e7\u0131s\u0131ndan h\u0131zl\u0131 olsa da, baz\u0131lar\u0131 \u00f6zellikle sizin ki\u015fisel durumunuzu g\u00f6z \u00f6n\u00fcne ald\u0131\u011f\u0131m\u0131zda zaman alabilir.&nbsp;<\/p>\n\n\n\n<h3 class=\"gb-headline gb-headline-9492c287 gb-headline-text\"><strong><strong>Ayn\u0131 g\u00fcn di\u015f hekimli\u011fi i\u00e7in s\u00fcre nedir?<\/strong><\/strong><\/h3>\n\n\n\n<p>Ayn\u0131 g\u00fcn di\u015f hekimli\u011finin temel amac\u0131 klinik i\u00e7inde ge\u00e7irilen s\u00fcrenin k\u0131saltmakt\u0131r. Baz\u0131 ayn\u0131 g\u00fcn tedavileri bir saat bile s\u00fcrmezken, baz\u0131lar\u0131 birka\u00e7 saat s\u00fcrer. Ancak yine de tedavi prosed\u00fcr\u00fcnden \u00f6nce y\u00fcz y\u00fcze muayeneyi g\u00f6z \u00f6n\u00fcnde bulundurmal\u0131s\u0131n\u0131z. Y\u00fcz y\u00fcze muayene ile birlikte bile bu kategoride verdi\u011fimiz hizmetler ayn\u0131 g\u00fcn i\u00e7inde tamamlanmaktad\u0131r.<\/p>\n\n\n\n<h3 class=\"gb-headline gb-headline-e8de6084 gb-headline-text\"><strong><strong>Ayn\u0131 g\u00fcn di\u015f hekimli\u011fi i\u00e7in uygun muyum?<\/strong><\/strong><\/h3>\n\n\n\n<p>Online ve daha sonra y\u00fcz y\u00fcze g\u00f6r\u00fc\u015fme s\u0131ras\u0131nda edindi\u011fimiz bilgileri g\u00f6zden ge\u00e7irir ve gerekli tedavilere karar veririz. S\u00fcrece uygunluk size ve \u00f6zelliklerinize ba\u011fl\u0131d\u0131r. Mesela geleneksel implantlar i\u00e7in uygun olman\u0131za ra\u011fmen ayn\u0131 g\u00fcn implantlar i\u00e7in uygun olmama durumunuz olabilir.<\/p>\n\n\n\n<h3 class=\"gb-headline gb-headline-7cc12b59 gb-headline-text\"><strong>Ayn\u0131 G\u00fcn Di\u015f Hekimli\u011fi geleneksel di\u015f hekimli\u011finden daha m\u0131 pahal\u0131?<\/strong><\/h3>\n\n\n\n<p>Ayn\u0131 g\u00fcn di\u015f hekimli\u011fi, ileri teknoloji kullan\u0131m\u0131 nedeniyle geleneksel di\u015f hekimli\u011finden biraz daha pahal\u0131 olabilir, ancak gerekli randevu say\u0131s\u0131n\u0131 azaltarak uzun vadede maliyet tasarrufu sa\u011flayabilir.<\/p>\n\n\n\n<h3 class=\"gb-headline gb-headline-cc168715 gb-headline-text\"><strong>Ayn\u0131 G\u00fcn Di\u015f Hekimli\u011fi randevusuna nas\u0131l haz\u0131rlanabilirim?<\/strong><\/h3>\n\n\n\n<p>Di\u015f hekiminiz size ayn\u0131 g\u00fcn di\u015f hekimli\u011fi randevunuza nas\u0131l haz\u0131rlanman\u0131z gerekti\u011fine dair talimatlar verecektir; bu talimatlar aras\u0131nda i\u015flemden \u00f6nce belirli bir s\u00fcre yiyecek veya i\u00e7ecekten ka\u00e7\u0131nmak da yer alabilir.<\/p>\n\n<\/div><\/div>\n\n<div class=\"gb-grid-column gb-grid-column-9795dbe7\"><div class=\"gb-container gb-container-9795dbe7 contact-sticky\">\n\n<h4 class=\"gb-headline gb-headline-83925198 gb-headline-text\">Randevu olu\u015fturun<\/h4>\n\n\n\n<script charset=\"utf-8\" type=\"text\/javascript\" src=\"\/\/js.hsforms.net\/forms\/embed\/v2.js\"><\/script>\n<script>\n  hbspt.forms.create({\n    region: \"na1\",\n    portalId: \"5077067\",\n    formId: \"2cb7f4ae-75c7-40a0-ba30-dd2504928ef8\"\n  });\n<\/script>\n\n<\/div><\/div>\n<\/div>\n<\/div>","protected":false},"excerpt":{"rendered":"","protected":false},"author":1,"featured_media":13739,"parent":0,"menu_order":0,"comment_status":"closed","ping_status":"closed","template":"","meta":{"inline_featured_image":false,"footnotes":""},"class_list":{"0":"post-13736","1":"page","2":"type-page","3":"status-publish","4":"has-post-thumbnail","6":"resize-featured-image"},"lang":"tr","translations":{"en":1738,"fr":12871,"pt-pt":12905,"es":12941,"de":12962,"it":13100,"ar":13195,"tr":13736},"yoast_head":"<!-- This site is optimized with the Yoast SEO Premium plugin v27.4 (Yoast SEO v27.4) - https:\/\/yoast.com\/product\/yoast-seo-premium-wordpress\/ -->\n<title>Ayn\u0131 G\u00fcn Di\u015f Tedavisi - Vera Smile<\/title>\n<meta name=\"robots\" content=\"index, follow, max-snippet:-1, max-image-preview:large, max-video-preview:-1\" \/>\n<link rel=\"canonical\" href=\"https:\/\/www.verasmile.com\/tr\/ayni-gun-dis-tedavisi\/\" \/>\n<meta property=\"og:locale\" content=\"tr_TR\" \/>\n<meta property=\"og:type\" content=\"article\" \/>\n<meta property=\"og:title\" content=\"Ayn\u0131 G\u00fcn Di\u015f Tedavisi\" \/>\n<meta property=\"og:url\" content=\"https:\/\/www.verasmile.com\/tr\/ayni-gun-dis-tedavisi\/\" \/>\n<meta property=\"og:site_name\" content=\"Vera Smile\" \/>\n<meta property=\"article:publisher\" content=\"https:\/\/www.facebook.com\/VeraSmileDental\/\" \/>\n<meta property=\"article:modified_time\" content=\"2024-08-06T12:40:55+00:00\" \/>\n<meta property=\"og:image\" content=\"https:\/\/www.verasmile.com\/wp-content\/uploads\/2024\/02\/Same-Day-Dentistry-Services.webp\" \/>\n\t<meta property=\"og:image:width\" content=\"1440\" \/>\n\t<meta property=\"og:image:height\" content=\"800\" \/>\n\t<meta property=\"og:image:type\" content=\"image\/webp\" \/>\n<meta name=\"twitter:card\" content=\"summary_large_image\" \/>\n<meta name=\"twitter:label1\" content=\"Tahmini okuma s\u00fcresi\" \/>\n\t<meta name=\"twitter:data1\" content=\"5 dakika\" \/>\n<script type=\"application\/ld+json\" class=\"yoast-schema-graph\">{\"@context\":\"https:\\\/\\\/schema.org\",\"@graph\":[{\"@type\":\"WebPage\",\"@id\":\"https:\\\/\\\/www.verasmile.com\\\/tr\\\/ayni-gun-dis-tedavisi\\\/\",\"url\":\"https:\\\/\\\/www.verasmile.com\\\/tr\\\/ayni-gun-dis-tedavisi\\\/\",\"name\":\"Ayn\u0131 G\u00fcn Di\u015f Tedavisi - Vera Smile\",\"isPartOf\":{\"@id\":\"https:\\\/\\\/www.verasmile.com\\\/tr\\\/#website\"},\"primaryImageOfPage\":{\"@id\":\"https:\\\/\\\/www.verasmile.com\\\/tr\\\/ayni-gun-dis-tedavisi\\\/#primaryimage\"},\"image\":{\"@id\":\"https:\\\/\\\/www.verasmile.com\\\/tr\\\/ayni-gun-dis-tedavisi\\\/#primaryimage\"},\"thumbnailUrl\":\"https:\\\/\\\/www.verasmile.com\\\/wp-content\\\/uploads\\\/2024\\\/02\\\/Same-Day-Dentistry-Services.webp\",\"datePublished\":\"2023-07-07T09:45:01+00:00\",\"dateModified\":\"2024-08-06T12:40:55+00:00\",\"breadcrumb\":{\"@id\":\"https:\\\/\\\/www.verasmile.com\\\/tr\\\/ayni-gun-dis-tedavisi\\\/#breadcrumb\"},\"inLanguage\":\"tr\",\"potentialAction\":[{\"@type\":\"ReadAction\",\"target\":[\"https:\\\/\\\/www.verasmile.com\\\/tr\\\/ayni-gun-dis-tedavisi\\\/\"]}]},{\"@type\":\"ImageObject\",\"inLanguage\":\"tr\",\"@id\":\"https:\\\/\\\/www.verasmile.com\\\/tr\\\/ayni-gun-dis-tedavisi\\\/#primaryimage\",\"url\":\"https:\\\/\\\/www.verasmile.com\\\/wp-content\\\/uploads\\\/2024\\\/02\\\/Same-Day-Dentistry-Services.webp\",\"contentUrl\":\"https:\\\/\\\/www.verasmile.com\\\/wp-content\\\/uploads\\\/2024\\\/02\\\/Same-Day-Dentistry-Services.webp\",\"width\":1440,\"height\":800,\"caption\":\"\u0639\u0644\u0627\u062c \u0627\u0644\u0623\u0633\u0646\u0627\u0646 \u0641\u064a \u064a\u0648\u0645 \u0648\u0627\u062d\u062f\"},{\"@type\":\"BreadcrumbList\",\"@id\":\"https:\\\/\\\/www.verasmile.com\\\/tr\\\/ayni-gun-dis-tedavisi\\\/#breadcrumb\",\"itemListElement\":[{\"@type\":\"ListItem\",\"position\":1,\"name\":\"Home\",\"item\":\"https:\\\/\\\/www.verasmile.com\\\/tr\\\/\"},{\"@type\":\"ListItem\",\"position\":2,\"name\":\"Ayn\u0131 G\u00fcn Di\u015f Tedavisi\"}]},{\"@type\":\"WebSite\",\"@id\":\"https:\\\/\\\/www.verasmile.com\\\/tr\\\/#website\",\"url\":\"https:\\\/\\\/www.verasmile.com\\\/tr\\\/\",\"name\":\"Vera Smile Dental Clinic\",\"description\":\"Dental Clinic in Turkey, Istanbul 2026\",\"publisher\":{\"@id\":\"https:\\\/\\\/www.verasmile.com\\\/tr\\\/#organization\"},\"potentialAction\":[{\"@type\":\"SearchAction\",\"target\":{\"@type\":\"EntryPoint\",\"urlTemplate\":\"https:\\\/\\\/www.verasmile.com\\\/tr\\\/?s={search_term_string}\"},\"query-input\":{\"@type\":\"PropertyValueSpecification\",\"valueRequired\":true,\"valueName\":\"search_term_string\"}}],\"inLanguage\":\"tr\"},{\"@type\":\"Organization\",\"@id\":\"https:\\\/\\\/www.verasmile.com\\\/tr\\\/#organization\",\"name\":\"Vera Smile Dental Clinic\",\"url\":\"https:\\\/\\\/www.verasmile.com\\\/tr\\\/\",\"logo\":{\"@type\":\"ImageObject\",\"inLanguage\":\"tr\",\"@id\":\"https:\\\/\\\/www.verasmile.com\\\/tr\\\/#\\\/schema\\\/logo\\\/image\\\/\",\"url\":\"https:\\\/\\\/www.verasmile.com\\\/wp-content\\\/uploads\\\/2026\\\/02\\\/Birles\u0327ik-Logo-scaled.png\",\"contentUrl\":\"https:\\\/\\\/www.verasmile.com\\\/wp-content\\\/uploads\\\/2026\\\/02\\\/Birles\u0327ik-Logo-scaled.png\",\"width\":2560,\"height\":244,\"caption\":\"Vera Smile Dental Clinic\"},\"image\":{\"@id\":\"https:\\\/\\\/www.verasmile.com\\\/tr\\\/#\\\/schema\\\/logo\\\/image\\\/\"},\"sameAs\":[\"https:\\\/\\\/www.facebook.com\\\/VeraSmileDental\\\/\",\"https:\\\/\\\/www.instagram.com\\\/verasmile.dental\\\/\"]}]}<\/script>\n<!-- \/ Yoast SEO Premium plugin. -->","yoast_head_json":{"title":"Ayn\u0131 G\u00fcn Di\u015f Tedavisi - Vera Smile","robots":{"index":"index","follow":"follow","max-snippet":"max-snippet:-1","max-image-preview":"max-image-preview:large","max-video-preview":"max-video-preview:-1"},"canonical":"https:\/\/www.verasmile.com\/tr\/ayni-gun-dis-tedavisi\/","og_locale":"tr_TR","og_type":"article","og_title":"Ayn\u0131 G\u00fcn Di\u015f Tedavisi","og_url":"https:\/\/www.verasmile.com\/tr\/ayni-gun-dis-tedavisi\/","og_site_name":"Vera Smile","article_publisher":"https:\/\/www.facebook.com\/VeraSmileDental\/","article_modified_time":"2024-08-06T12:40:55+00:00","og_image":[{"width":1440,"height":800,"url":"https:\/\/www.verasmile.com\/wp-content\/uploads\/2024\/02\/Same-Day-Dentistry-Services.webp","type":"image\/webp"}],"twitter_card":"summary_large_image","twitter_misc":{"Tahmini okuma s\u00fcresi":"5 dakika"},"schema":{"@context":"https:\/\/schema.org","@graph":[{"@type":"WebPage","@id":"https:\/\/www.verasmile.com\/tr\/ayni-gun-dis-tedavisi\/","url":"https:\/\/www.verasmile.com\/tr\/ayni-gun-dis-tedavisi\/","name":"Ayn\u0131 G\u00fcn Di\u015f Tedavisi - Vera Smile","isPartOf":{"@id":"https:\/\/www.verasmile.com\/tr\/#website"},"primaryImageOfPage":{"@id":"https:\/\/www.verasmile.com\/tr\/ayni-gun-dis-tedavisi\/#primaryimage"},"image":{"@id":"https:\/\/www.verasmile.com\/tr\/ayni-gun-dis-tedavisi\/#primaryimage"},"thumbnailUrl":"https:\/\/www.verasmile.com\/wp-content\/uploads\/2024\/02\/Same-Day-Dentistry-Services.webp","datePublished":"2023-07-07T09:45:01+00:00","dateModified":"2024-08-06T12:40:55+00:00","breadcrumb":{"@id":"https:\/\/www.verasmile.com\/tr\/ayni-gun-dis-tedavisi\/#breadcrumb"},"inLanguage":"tr","potentialAction":[{"@type":"ReadAction","target":["https:\/\/www.verasmile.com\/tr\/ayni-gun-dis-tedavisi\/"]}]},{"@type":"ImageObject","inLanguage":"tr","@id":"https:\/\/www.verasmile.com\/tr\/ayni-gun-dis-tedavisi\/#primaryimage","url":"https:\/\/www.verasmile.com\/wp-content\/uploads\/2024\/02\/Same-Day-Dentistry-Services.webp","contentUrl":"https:\/\/www.verasmile.com\/wp-content\/uploads\/2024\/02\/Same-Day-Dentistry-Services.webp","width":1440,"height":800,"caption":"\u0639\u0644\u0627\u062c \u0627\u0644\u0623\u0633\u0646\u0627\u0646 \u0641\u064a \u064a\u0648\u0645 \u0648\u0627\u062d\u062f"},{"@type":"BreadcrumbList","@id":"https:\/\/www.verasmile.com\/tr\/ayni-gun-dis-tedavisi\/#breadcrumb","itemListElement":[{"@type":"ListItem","position":1,"name":"Home","item":"https:\/\/www.verasmile.com\/tr\/"},{"@type":"ListItem","position":2,"name":"Ayn\u0131 G\u00fcn Di\u015f Tedavisi"}]},{"@type":"WebSite","@id":"https:\/\/www.verasmile.com\/tr\/#website","url":"https:\/\/www.verasmile.com\/tr\/","name":"Vera Smile Dental Clinic","description":"Dental Clinic in Turkey, Istanbul 2026","publisher":{"@id":"https:\/\/www.verasmile.com\/tr\/#organization"},"potentialAction":[{"@type":"SearchAction","target":{"@type":"EntryPoint","urlTemplate":"https:\/\/www.verasmile.com\/tr\/?s={search_term_string}"},"query-input":{"@type":"PropertyValueSpecification","valueRequired":true,"valueName":"search_term_string"}}],"inLanguage":"tr"},{"@type":"Organization","@id":"https:\/\/www.verasmile.com\/tr\/#organization","name":"Vera Smile Dental Clinic","url":"https:\/\/www.verasmile.com\/tr\/","logo":{"@type":"ImageObject","inLanguage":"tr","@id":"https:\/\/www.verasmile.com\/tr\/#\/schema\/logo\/image\/","url":"https:\/\/www.verasmile.com\/wp-content\/uploads\/2026\/02\/Birles\u0327ik-Logo-scaled.png","contentUrl":"https:\/\/www.verasmile.com\/wp-content\/uploads\/2026\/02\/Birles\u0327ik-Logo-scaled.png","width":2560,"height":244,"caption":"Vera Smile Dental Clinic"},"image":{"@id":"https:\/\/www.verasmile.com\/tr\/#\/schema\/logo\/image\/"},"sameAs":["https:\/\/www.facebook.com\/VeraSmileDental\/","https:\/\/www.instagram.com\/verasmile.dental\/"]}]}},"_links":{"self":[{"href":"https:\/\/www.verasmile.com\/tr\/wp-json\/wp\/v2\/pages\/13736","targetHints":{"allow":["GET"]}}],"collection":[{"href":"https:\/\/www.verasmile.com\/tr\/wp-json\/wp\/v2\/pages"}],"about":[{"href":"https:\/\/www.verasmile.com\/tr\/wp-json\/wp\/v2\/types\/page"}],"author":[{"embeddable":true,"href":"https:\/\/www.verasmile.com\/tr\/wp-json\/wp\/v2\/users\/1"}],"replies":[{"embeddable":true,"href":"https:\/\/www.verasmile.com\/tr\/wp-json\/wp\/v2\/comments?post=13736"}],"version-history":[{"count":0,"href":"https:\/\/www.verasmile.com\/tr\/wp-json\/wp\/v2\/pages\/13736\/revisions"}],"wp:featuredmedia":[{"embeddable":true,"href":"https:\/\/www.verasmile.com\/tr\/wp-json\/wp\/v2\/media\/13739"}],"wp:attachment":[{"href":"https:\/\/www.verasmile.com\/tr\/wp-json\/wp\/v2\/media?parent=13736"}],"curies":[{"name":"wp","href":"https:\/\/api.w.org\/{rel}","templated":true}]}}