{"id":13757,"date":"2023-07-07T12:26:41","date_gmt":"2023-07-07T09:26:41","guid":{"rendered":"https:\/\/www.verasmile.com\/?page_id=13757"},"modified":"2024-08-06T15:40:26","modified_gmt":"2024-08-06T12:40:26","slug":"coklu-dis-degisim-tedavisi","status":"publish","type":"page","link":"https:\/\/www.verasmile.com\/tr\/dis-implantlari\/coklu-dis-degisim-tedavisi\/","title":{"rendered":"\u00c7oklu Di\u015f De\u011fi\u015fim Tedavisi"},"content":{"rendered":"<div class=\"gb-container gb-container-ec46b227\">\n<div class=\"gb-grid-wrapper gb-grid-wrapper-6232a014\">\n<div class=\"gb-grid-column gb-grid-column-141c614b\"><div class=\"gb-container gb-container-141c614b\">\n\n<p>A\u011f\u0131zdaki bir eksik di\u015f, d\u0131\u015f g\u00f6r\u00fcn\u00fcm\u00fcn\u00fczden daha fazlas\u0131n\u0131 etkilemektedir. Eksik di\u015fler sebebiyle bir\u00e7ok medikal sorunla kar\u015f\u0131 kar\u015f\u0131ya kalabilirsiniz. \u00c7enenizde kal\u0131c\u0131 kemik kayb\u0131 ya\u015fayabilir, di\u015fleriniz bo\u015flu\u011fu kapatmak i\u00e7in \u00f6ne do\u011fru kayaca\u011f\u0131ndan di\u015f hizan\u0131z de\u011fi\u015febilir ve konu\u015furken, yemek yerken ve hatta g\u00fcl\u00fcmserken sorun ya\u015fayabilirsiniz. Eksik di\u015fler ayr\u0131ca \u00e7e\u015fitli di\u015f eti hastal\u0131klar\u0131na ve a\u011f\u0131z kokusuna neden olabilirler.<\/p>\n\n\n\n<p>Bu t\u00fcr problemlerden ka\u00e7\u0131nmak i\u00e7in eksik di\u015flerin tedavi edilmesi \u00e7ok \u00f6nemlidir. Bunun i\u00e7in etkili bir \u00e7\u00f6z\u00fcm \u00e7oklu di\u015f de\u011fi\u015fim tedavileridir. \u00c7oklu di\u015f replasman\u0131 olarak da bilinen \u00e7oklu di\u015f de\u011fi\u015fim tedavileri, do\u011fall\u0131\u011f\u0131 taklit eden yapay di\u015fler ile&nbsp; kal\u0131c\u0131 bir temel olu\u015fturur. Tedavi bo\u015fluklar\u0131 doldurarak a\u011f\u0131z sa\u011fl\u0131\u011f\u0131n\u0131 korurken g\u00fcl\u00fc\u015f\u00fcn\u00fcz\u00fcn g\u00f6r\u00fcn\u00fcm\u00fcn\u00fc geri kazand\u0131r\u0131r. Bo\u015fluklar\u0131n sizi g\u00fcl\u00fcmsemekten al\u0131koymas\u0131na izin vermeyin; do\u011fru tedaviyi se\u00e7erek de\u011fi\u015fim s\u00fcrecinize ba\u015flay\u0131n.&nbsp;<\/p>\n\n\n\n<h2 class=\"gb-headline gb-headline-c95f55a1 gb-headline-text\"><strong><strong>\u00c7oklu Di\u015f De\u011fi\u015fim Tedavisi Nedir?<\/strong><\/strong><\/h2>\n\n\n\n<p>\u00c7oklu di\u015f tedavileri, a\u011f\u0131z i\u00e7indeki bo\u015fluklar\u0131 doldurmak ve a\u011f\u0131z sa\u011fl\u0131\u011f\u0131n\u0131 korumak i\u00e7in tercih edilen iyile\u015ftirici tedavilerden biridir. Di\u015flerin do\u011fal yap\u0131s\u0131n\u0131 taklit ederek kemik sa\u011fl\u0131\u011f\u0131n\u0131 destekleyen tedavi, \u00e7ene kemi\u011finin bozulmas\u0131n\u0131n da \u00f6n\u00fcne ge\u00e7er.<\/p>\n\n\n\n<p>Vera Smile\u2019da size \u00f6zel haz\u0131rlad\u0131\u011f\u0131m\u0131z tedavi plan\u0131 her tedavi gibi \u00e7oklu di\u015f de\u011fi\u015fim tedavisi i\u00e7in de de\u011fi\u015fiklik g\u00f6stermektedir. \u0130htiya\u00e7lar\u0131n\u0131za g\u00f6re karar verdi\u011fimiz malzeme ve teknikler i\u00e7in farkl\u0131 se\u00e7enekler sunar, size en iyi sonu\u00e7lar\u0131 verecek olan tedavi ile devam ederiz.&nbsp;<\/p>\n\n\n\n<h2 class=\"gb-headline gb-headline-bb978788 gb-headline-text\"><strong><strong>\u00c7oklu Di\u015f De\u011fi\u015fim Tedavi \u00c7e\u015fitleri<\/strong><\/strong><\/h2>\n\n\n\n<p>Eksik di\u015f veya di\u015fleriniz varsa, tedavi i\u00e7in iki ana se\u00e7ene\u011finiz bulunmaktad\u0131r: k\u00f6pr\u00fc di\u015f olarak da bilinen k\u0131smi <a href=\"https:\/\/www.verasmile.com\/tr\/tam-ve-kismi-protezler\/\">protezler<\/a> ya da tekli veya \u00e7oklu implant tedavisi. K\u0131smi protezler, \u00e7evredeki varolan di\u015flere klipslerle sabitlenirken, k\u0131smi protezler kom\u015fu di\u015fler taraf\u0131ndan desteklenir ve bo\u015fluklara oturur. Baz\u0131 protezler \u00e7\u0131kar\u0131labilir ya da kal\u0131c\u0131 yap\u0131labilmektedir.&nbsp;<\/p>\n\n\n\n<p>\u0130mplantlar ise kal\u0131c\u0131 tedavilerdir. Kal\u0131c\u0131, g\u00fcvenilir ve uzun \u00f6m\u00fcrl\u00fc bir se\u00e7enek ar\u0131yorsan\u0131z, \u00e7oklu di\u015f de\u011fi\u015fim tedavilerinden implantlar\u0131 d\u00fc\u015f\u00fcnebilirsiniz.<\/p>\n\n\n\n<h2 class=\"gb-headline gb-headline-218758e1 gb-headline-text\"><strong><strong>Vera Smile&#8217;da \u00c7oklu Di\u015f De\u011fi\u015fim Prosed\u00fcr\u00fc<\/strong><\/strong><\/h2>\n\n\n\n<h3 class=\"gb-headline gb-headline-59d06252 gb-headline-text\"><strong><strong>Tedavi \u00f6ncesi<\/strong><\/strong><\/h3>\n\n\n\n<p>Bizimle ileti\u015fime ge\u00e7ti\u011finizde tedavinizi planlamaya ba\u015flar\u0131z. Size en uygun se\u00e7enekleri konu\u015furuz ve tedavi s\u00fcreci i\u00e7in haz\u0131rlanmaya ba\u015flar\u0131z.<\/p>\n\n\n\n<h3 class=\"gb-headline gb-headline-2b79d284 gb-headline-text\"><strong><strong>Tedavi \u00f6ncesi<\/strong><\/strong><\/h3>\n\n\n\n<p>Tedaviden \u00f6nce, y\u00fcz y\u00fcze muayene s\u0131ras\u0131nda baz\u0131 testlerden ge\u00e7meniz gerekiyor. T\u0131bbi ge\u00e7mi\u015finizi inceledikten ve test sonu\u00e7lar\u0131n\u0131 ald\u0131ktan sonra sizin i\u00e7in haz\u0131rlanan tedavi plan\u0131n\u0131n istedi\u011fimiz sonu\u00e7lar\u0131 tam olarak verece\u011finizden emin oluyoruz.<\/p>\n\n\n\n<h3 class=\"gb-headline gb-headline-ff6b0f4a gb-headline-text\"><strong><strong>Tedavi<\/strong><\/strong><\/h3>\n\n\n\n<p>\u0130mplantlar cerrahi olarak \u00e7ene kemi\u011finize yerle\u015ftirilir ve \u00fczerleri se\u00e7ilen malzemeden yap\u0131lm\u0131\u015f bir kaplama ile kaplan\u0131r. Tedavi s\u00fcresi ki\u015fisel durumunuza ve tedavinizin karma\u015f\u0131kl\u0131\u011f\u0131na g\u00f6re de\u011fi\u015fiklik g\u00f6stermektedir.&nbsp;<\/p>\n\n\n\n<h3 class=\"gb-headline gb-headline-4f1be550 gb-headline-text\"><strong><strong>Tedavi sonras\u0131<\/strong><\/strong><\/h3>\n\n\n\n<p>\u0130yile\u015fme s\u00fcrecinizde yan\u0131n\u0131zda olarak bu d\u00f6nemi tedavinin sa\u011fl\u0131\u011f\u0131 ve uzun \u00f6m\u00fcrl\u00fcl\u00fc\u011f\u00fc i\u00e7in en verimle ve en konforlu nas\u0131l ge\u00e7irebilirsiniz bunlar\u0131 konu\u015faca\u011f\u0131z. Bu d\u00f6nemde tavsiyelerimize uyman\u0131z gerekmektedir.<\/p>\n\n\n\n<h2 class=\"gb-headline gb-headline-a109a055 gb-headline-text\"><strong><strong>\u00c7oklu Di\u015f De\u011fi\u015fim Tedavisi Sonras\u0131 Bak\u0131m<\/strong><\/strong><\/h2>\n\n\n\n<p>\u00c7oklu di\u015f replasman\u0131n\u0131zdan sonra, verdi\u011fimiz t\u00fcm talimatlara uyman\u0131z ve yazd\u0131\u011f\u0131m\u0131z ila\u00e7lar\u0131 alman\u0131z \u00e7ok \u00f6nemlidir. Dikkatli olup b\u00f6lgeyi travmatize etmekten ka\u00e7\u0131nmal\u0131s\u0131n\u0131z. Tedavi sonras\u0131 bir s\u00fcre \u015fi\u015flik ve a\u011fr\u0131 hissetmeniz normaldir. Ya\u015fad\u0131\u011f\u0131n\u0131z rahats\u0131zl\u0131\u011f\u0131 azaltmak i\u00e7in a\u011fr\u0131 kesici ila\u00e7lar\u0131n\u0131z\u0131 alabilir ve buz torbalar\u0131 kullanabilirsiniz.<\/p>\n\n\n\n<h2 class=\"gb-headline gb-headline-809e19c1 gb-headline-text\"><strong><strong>Neden Vera Smile?<\/strong><\/strong><\/h2>\n\n\n\n<p>Hastalar\u0131m\u0131za deyal\u0131 ve ki\u015fiselle\u015ftirilmi\u015f bak\u0131m, en son teknoloji \u00fcr\u00fcn\u00fc ekipmanlar ve harika bir ekiple kusursuz bir hizmet sunmaktan gurur duyuyoruz. \u00c7oklu di\u015f de\u011fi\u015fimi tedaviniz boyunca size rehberlik edecek ve kendinizi rahat, \u00f6zg\u00fcvenli ve iyi hissetti\u011finizden emin olaca\u011f\u0131z.<\/p>\n\n\n\n<p>Rekabet\u00e7i fiyatlar\u0131m\u0131z, her \u015fey dahil paketlerimiz, yazd\u0131\u011f\u0131m\u0131z ba\u015far\u0131l\u0131 d\u00f6n\u00fc\u015f\u00fcm hikayelerimiz ve profesyonel ekibimizle sizi a\u011f\u0131rlamak i\u00e7in sab\u0131rs\u0131zlan\u0131yoruz. Randevunuzu bug\u00fcn planlayarak daha sa\u011fl\u0131kl\u0131 bir hayata ad\u0131m atabilirsiniz!<\/p>\n\n\n\n<h2 class=\"gb-headline gb-headline-d90344d2 gb-headline-text\"><strong><strong>S\u0131k Sorulan Sorular<\/strong><\/strong><\/h2>\n\n\n\n<h3 class=\"gb-headline gb-headline-3ed6ff39 gb-headline-text\"><strong>\u00c7oklu di\u015f de\u011fi\u015fim tedavileri a\u011fr\u0131l\u0131 m\u0131d\u0131r?<\/strong><\/h3>\n\n\n\n<p>\u00c7oklu di\u015f de\u011fi\u015fim tedavisi s\u0131ras\u0131nda herhangi bir a\u011fr\u0131 hissetmemeniz i\u00e7in lokal anestezi veya ba\u015fka sedasyon y\u00f6ntemleri kullanmaktay\u0131z. Tedavi sonras\u0131nda bir miktar rahats\u0131zl\u0131k, \u015fi\u015flik ve a\u011fr\u0131 hissedebilirsiniz ancak bunlar\u0131 ila\u00e7 tedavisi ve verdi\u011fimiz tavsiyelerle en aza indirebilmekteyiz.<\/p>\n\n\n\n<h3 class=\"gb-headline gb-headline-12c44d99 gb-headline-text\"><strong>\u00c7oklu di\u015f de\u011fi\u015fim ameliyat\u0131 ne kadar s\u00fcrer?<\/strong><\/h3>\n\n\n\n<p>\u00c7oklu di\u015f de\u011fi\u015fim ameliyatlar\u0131n\u0131n s\u00fcresi, tedavi edilen di\u015f say\u0131s\u0131na, ameliyat\u0131n karma\u015f\u0131kl\u0131\u011f\u0131na ve iyile\u015fme s\u00fcrecinize ba\u011fl\u0131 olarak de\u011fi\u015febilir. Y\u00fcz y\u00fcze muayene oldu\u011funuzda doktorunuzdan bu konuyla alakal\u0131 daha detaayl\u0131 bilgi edinebilirsiniz.<\/p>\n\n\n\n<h3 class=\"gb-headline gb-headline-b78b5f0e gb-headline-text\"><strong>K\u00f6pr\u00fc di\u015flerin ve implantlar\u0131n \u00f6mr\u00fc ne kadard\u0131r?<\/strong><\/h3>\n\n\n\n<p>Tedavinizin \u00f6mr\u00fc, tedavinin t\u00fcr\u00fcne ve sonras\u0131nda nas\u0131l bir a\u011f\u0131z bak\u0131m uygulamas\u0131 s\u00fcrd\u00fcrd\u00fc\u011f\u00fcn\u00fcze ba\u011fl\u0131d\u0131r. Do\u011fru a\u011f\u0131z hijyeni uygulamalar\u0131 ile d\u00fczenli di\u015f kontrolleri, tedavinizin uzun \u00f6mr\u00fcl\u00fc olmas\u0131n\u0131 sa\u011flayacakt\u0131r. Bununla birlikte her bireyin ya\u015fad\u0131\u011f\u0131 deneyim farkl\u0131d\u0131r.<\/p>\n\n\n\n<h3 class=\"gb-headline gb-headline-9e59fe61 gb-headline-text\"><strong>T\u00fcm di\u015flerinizi de\u011fi\u015ftirmek m\u00fcmk\u00fcn m\u00fc?<\/strong><\/h3>\n\n\n\n<p>Evet, t\u00fcm di\u015flerinizi de\u011fi\u015ftirmek m\u00fcmk\u00fcnd\u00fcr. Bu t\u00fcr bir tedaviye ihtiyac\u0131n\u0131z varsa, ayr\u0131nt\u0131l\u0131 bir muayeneden sonra sizin i\u00e7in ne t\u00fcr tedavileri kullanaca\u011f\u0131m\u0131z\u0131 konu\u015fabilir ve detayl\u0131 bir tedavi plan\u0131 haz\u0131rlayabiliriz.<\/p>\n\n<\/div><\/div>\n\n<div class=\"gb-grid-column gb-grid-column-9795dbe7\"><div class=\"gb-container gb-container-9795dbe7 contact-sticky\">\n\n<h4 class=\"gb-headline gb-headline-83925198 gb-headline-text\">Randevu olu\u015fturun<\/h4>\n\n\n\n<script charset=\"utf-8\" type=\"text\/javascript\" src=\"\/\/js.hsforms.net\/forms\/embed\/v2.js\"><\/script>\n<script>\n  hbspt.forms.create({\n    region: \"na1\",\n    portalId: \"5077067\",\n    formId: \"2cb7f4ae-75c7-40a0-ba30-dd2504928ef8\"\n  });\n<\/script>\n\n<\/div><\/div>\n<\/div>\n<\/div>","protected":false},"excerpt":{"rendered":"","protected":false},"author":1,"featured_media":13761,"parent":13811,"menu_order":0,"comment_status":"closed","ping_status":"closed","template":"","meta":{"inline_featured_image":false,"footnotes":""},"class_list":{"0":"post-13757","1":"page","2":"type-page","3":"status-publish","4":"has-post-thumbnail","6":"resize-featured-image"},"lang":"tr","translations":{"en":1724,"it":11213,"fr":11600,"es":11881,"pt-pt":12111,"de":12397,"ar":13317,"tr":13757},"yoast_head":"<!-- This site is optimized with the Yoast SEO Premium plugin v27.4 (Yoast SEO v27.4) - https:\/\/yoast.com\/product\/yoast-seo-premium-wordpress\/ -->\n<title>\u00c7oklu Di\u015f De\u011fi\u015fim Tedavisi - Vera Smile<\/title>\n<meta name=\"description\" content=\"Sa\u011fl\u0131kl\u0131 bir g\u00fcl\u00fcmseme i\u00e7in T\u00fcrkiye&#039;de \u00c7oklu Di\u015f De\u011fi\u015fimi do\u011fru se\u00e7im olabilir. Di\u015f implantlar\u0131yla g\u00fcl\u00fc\u015f\u00fcn\u00fcz\u00fc nas\u0131l geri kazanabilece\u011finizi \u00f6\u011frenin\" \/>\n<meta name=\"robots\" content=\"index, follow, max-snippet:-1, max-image-preview:large, max-video-preview:-1\" \/>\n<link rel=\"canonical\" href=\"https:\/\/www.verasmile.com\/tr\/dis-implantlari\/coklu-dis-degisim-tedavisi\/\" \/>\n<meta property=\"og:locale\" content=\"tr_TR\" \/>\n<meta property=\"og:type\" content=\"article\" \/>\n<meta property=\"og:title\" content=\"\u00c7oklu Di\u015f De\u011fi\u015fim Tedavisi\" \/>\n<meta property=\"og:description\" content=\"Sa\u011fl\u0131kl\u0131 bir g\u00fcl\u00fcmseme i\u00e7in T\u00fcrkiye&#039;de \u00c7oklu Di\u015f De\u011fi\u015fimi do\u011fru se\u00e7im olabilir. Di\u015f implantlar\u0131yla g\u00fcl\u00fc\u015f\u00fcn\u00fcz\u00fc nas\u0131l geri kazanabilece\u011finizi \u00f6\u011frenin\" \/>\n<meta property=\"og:url\" content=\"https:\/\/www.verasmile.com\/tr\/dis-implantlari\/coklu-dis-degisim-tedavisi\/\" \/>\n<meta property=\"og:site_name\" content=\"Vera Smile\" \/>\n<meta property=\"article:publisher\" content=\"https:\/\/www.facebook.com\/VeraSmileDental\/\" \/>\n<meta property=\"article:modified_time\" content=\"2024-08-06T12:40:26+00:00\" \/>\n<meta property=\"og:image\" content=\"https:\/\/www.verasmile.com\/wp-content\/uploads\/2024\/02\/multple-teeth-implant.webp\" \/>\n\t<meta property=\"og:image:width\" content=\"1440\" \/>\n\t<meta property=\"og:image:height\" content=\"800\" \/>\n\t<meta property=\"og:image:type\" content=\"image\/webp\" \/>\n<meta name=\"twitter:card\" content=\"summary_large_image\" \/>\n<meta name=\"twitter:label1\" content=\"Tahmini okuma s\u00fcresi\" \/>\n\t<meta name=\"twitter:data1\" content=\"4 dakika\" \/>\n<script type=\"application\/ld+json\" class=\"yoast-schema-graph\">{\"@context\":\"https:\\\/\\\/schema.org\",\"@graph\":[{\"@type\":\"WebPage\",\"@id\":\"https:\\\/\\\/www.verasmile.com\\\/tr\\\/dis-implantlari\\\/coklu-dis-degisim-tedavisi\\\/\",\"url\":\"https:\\\/\\\/www.verasmile.com\\\/tr\\\/dis-implantlari\\\/coklu-dis-degisim-tedavisi\\\/\",\"name\":\"\u00c7oklu Di\u015f De\u011fi\u015fim Tedavisi - Vera Smile\",\"isPartOf\":{\"@id\":\"https:\\\/\\\/www.verasmile.com\\\/tr\\\/#website\"},\"primaryImageOfPage\":{\"@id\":\"https:\\\/\\\/www.verasmile.com\\\/tr\\\/dis-implantlari\\\/coklu-dis-degisim-tedavisi\\\/#primaryimage\"},\"image\":{\"@id\":\"https:\\\/\\\/www.verasmile.com\\\/tr\\\/dis-implantlari\\\/coklu-dis-degisim-tedavisi\\\/#primaryimage\"},\"thumbnailUrl\":\"https:\\\/\\\/www.verasmile.com\\\/wp-content\\\/uploads\\\/2024\\\/02\\\/multple-teeth-implant.webp\",\"datePublished\":\"2023-07-07T09:26:41+00:00\",\"dateModified\":\"2024-08-06T12:40:26+00:00\",\"description\":\"Sa\u011fl\u0131kl\u0131 bir g\u00fcl\u00fcmseme i\u00e7in T\u00fcrkiye'de \u00c7oklu Di\u015f De\u011fi\u015fimi do\u011fru se\u00e7im olabilir. Di\u015f implantlar\u0131yla g\u00fcl\u00fc\u015f\u00fcn\u00fcz\u00fc nas\u0131l geri kazanabilece\u011finizi \u00f6\u011frenin\",\"breadcrumb\":{\"@id\":\"https:\\\/\\\/www.verasmile.com\\\/tr\\\/dis-implantlari\\\/coklu-dis-degisim-tedavisi\\\/#breadcrumb\"},\"inLanguage\":\"tr\",\"potentialAction\":[{\"@type\":\"ReadAction\",\"target\":[\"https:\\\/\\\/www.verasmile.com\\\/tr\\\/dis-implantlari\\\/coklu-dis-degisim-tedavisi\\\/\"]}]},{\"@type\":\"ImageObject\",\"inLanguage\":\"tr\",\"@id\":\"https:\\\/\\\/www.verasmile.com\\\/tr\\\/dis-implantlari\\\/coklu-dis-degisim-tedavisi\\\/#primaryimage\",\"url\":\"https:\\\/\\\/www.verasmile.com\\\/wp-content\\\/uploads\\\/2024\\\/02\\\/multple-teeth-implant.webp\",\"contentUrl\":\"https:\\\/\\\/www.verasmile.com\\\/wp-content\\\/uploads\\\/2024\\\/02\\\/multple-teeth-implant.webp\",\"width\":1440,\"height\":800,\"caption\":\"\u00c7oklu Di\u015f De\u011fi\u015fim\"},{\"@type\":\"BreadcrumbList\",\"@id\":\"https:\\\/\\\/www.verasmile.com\\\/tr\\\/dis-implantlari\\\/coklu-dis-degisim-tedavisi\\\/#breadcrumb\",\"itemListElement\":[{\"@type\":\"ListItem\",\"position\":1,\"name\":\"Home\",\"item\":\"https:\\\/\\\/www.verasmile.com\\\/tr\\\/\"},{\"@type\":\"ListItem\",\"position\":2,\"name\":\"Di\u015f \u0130mplantlar\u0131: T\u00fcrleri, \u0130\u015flem, Maliyet ve Sonras\u0131 Bak\u0131m\",\"item\":\"https:\\\/\\\/www.verasmile.com\\\/tr\\\/dis-implantlari\\\/\"},{\"@type\":\"ListItem\",\"position\":3,\"name\":\"\u00c7oklu Di\u015f De\u011fi\u015fim Tedavisi\"}]},{\"@type\":\"WebSite\",\"@id\":\"https:\\\/\\\/www.verasmile.com\\\/tr\\\/#website\",\"url\":\"https:\\\/\\\/www.verasmile.com\\\/tr\\\/\",\"name\":\"Vera Smile Dental Clinic\",\"description\":\"Dental Clinic in Turkey, Istanbul 2026\",\"publisher\":{\"@id\":\"https:\\\/\\\/www.verasmile.com\\\/tr\\\/#organization\"},\"potentialAction\":[{\"@type\":\"SearchAction\",\"target\":{\"@type\":\"EntryPoint\",\"urlTemplate\":\"https:\\\/\\\/www.verasmile.com\\\/tr\\\/?s={search_term_string}\"},\"query-input\":{\"@type\":\"PropertyValueSpecification\",\"valueRequired\":true,\"valueName\":\"search_term_string\"}}],\"inLanguage\":\"tr\"},{\"@type\":\"Organization\",\"@id\":\"https:\\\/\\\/www.verasmile.com\\\/tr\\\/#organization\",\"name\":\"Vera Smile Dental Clinic\",\"url\":\"https:\\\/\\\/www.verasmile.com\\\/tr\\\/\",\"logo\":{\"@type\":\"ImageObject\",\"inLanguage\":\"tr\",\"@id\":\"https:\\\/\\\/www.verasmile.com\\\/tr\\\/#\\\/schema\\\/logo\\\/image\\\/\",\"url\":\"https:\\\/\\\/www.verasmile.com\\\/wp-content\\\/uploads\\\/2026\\\/02\\\/Birles\u0327ik-Logo-scaled.png\",\"contentUrl\":\"https:\\\/\\\/www.verasmile.com\\\/wp-content\\\/uploads\\\/2026\\\/02\\\/Birles\u0327ik-Logo-scaled.png\",\"width\":2560,\"height\":244,\"caption\":\"Vera Smile Dental Clinic\"},\"image\":{\"@id\":\"https:\\\/\\\/www.verasmile.com\\\/tr\\\/#\\\/schema\\\/logo\\\/image\\\/\"},\"sameAs\":[\"https:\\\/\\\/www.facebook.com\\\/VeraSmileDental\\\/\",\"https:\\\/\\\/www.instagram.com\\\/verasmile.dental\\\/\"]}]}<\/script>\n<!-- \/ Yoast SEO Premium plugin. -->","yoast_head_json":{"title":"\u00c7oklu Di\u015f De\u011fi\u015fim Tedavisi - Vera Smile","description":"Sa\u011fl\u0131kl\u0131 bir g\u00fcl\u00fcmseme i\u00e7in T\u00fcrkiye'de \u00c7oklu Di\u015f De\u011fi\u015fimi do\u011fru se\u00e7im olabilir. Di\u015f implantlar\u0131yla g\u00fcl\u00fc\u015f\u00fcn\u00fcz\u00fc nas\u0131l geri kazanabilece\u011finizi \u00f6\u011frenin","robots":{"index":"index","follow":"follow","max-snippet":"max-snippet:-1","max-image-preview":"max-image-preview:large","max-video-preview":"max-video-preview:-1"},"canonical":"https:\/\/www.verasmile.com\/tr\/dis-implantlari\/coklu-dis-degisim-tedavisi\/","og_locale":"tr_TR","og_type":"article","og_title":"\u00c7oklu Di\u015f De\u011fi\u015fim Tedavisi","og_description":"Sa\u011fl\u0131kl\u0131 bir g\u00fcl\u00fcmseme i\u00e7in T\u00fcrkiye'de \u00c7oklu Di\u015f De\u011fi\u015fimi do\u011fru se\u00e7im olabilir. Di\u015f implantlar\u0131yla g\u00fcl\u00fc\u015f\u00fcn\u00fcz\u00fc nas\u0131l geri kazanabilece\u011finizi \u00f6\u011frenin","og_url":"https:\/\/www.verasmile.com\/tr\/dis-implantlari\/coklu-dis-degisim-tedavisi\/","og_site_name":"Vera Smile","article_publisher":"https:\/\/www.facebook.com\/VeraSmileDental\/","article_modified_time":"2024-08-06T12:40:26+00:00","og_image":[{"width":1440,"height":800,"url":"https:\/\/www.verasmile.com\/wp-content\/uploads\/2024\/02\/multple-teeth-implant.webp","type":"image\/webp"}],"twitter_card":"summary_large_image","twitter_misc":{"Tahmini okuma s\u00fcresi":"4 dakika"},"schema":{"@context":"https:\/\/schema.org","@graph":[{"@type":"WebPage","@id":"https:\/\/www.verasmile.com\/tr\/dis-implantlari\/coklu-dis-degisim-tedavisi\/","url":"https:\/\/www.verasmile.com\/tr\/dis-implantlari\/coklu-dis-degisim-tedavisi\/","name":"\u00c7oklu Di\u015f De\u011fi\u015fim Tedavisi - Vera Smile","isPartOf":{"@id":"https:\/\/www.verasmile.com\/tr\/#website"},"primaryImageOfPage":{"@id":"https:\/\/www.verasmile.com\/tr\/dis-implantlari\/coklu-dis-degisim-tedavisi\/#primaryimage"},"image":{"@id":"https:\/\/www.verasmile.com\/tr\/dis-implantlari\/coklu-dis-degisim-tedavisi\/#primaryimage"},"thumbnailUrl":"https:\/\/www.verasmile.com\/wp-content\/uploads\/2024\/02\/multple-teeth-implant.webp","datePublished":"2023-07-07T09:26:41+00:00","dateModified":"2024-08-06T12:40:26+00:00","description":"Sa\u011fl\u0131kl\u0131 bir g\u00fcl\u00fcmseme i\u00e7in T\u00fcrkiye'de \u00c7oklu Di\u015f De\u011fi\u015fimi do\u011fru se\u00e7im olabilir. Di\u015f implantlar\u0131yla g\u00fcl\u00fc\u015f\u00fcn\u00fcz\u00fc nas\u0131l geri kazanabilece\u011finizi \u00f6\u011frenin","breadcrumb":{"@id":"https:\/\/www.verasmile.com\/tr\/dis-implantlari\/coklu-dis-degisim-tedavisi\/#breadcrumb"},"inLanguage":"tr","potentialAction":[{"@type":"ReadAction","target":["https:\/\/www.verasmile.com\/tr\/dis-implantlari\/coklu-dis-degisim-tedavisi\/"]}]},{"@type":"ImageObject","inLanguage":"tr","@id":"https:\/\/www.verasmile.com\/tr\/dis-implantlari\/coklu-dis-degisim-tedavisi\/#primaryimage","url":"https:\/\/www.verasmile.com\/wp-content\/uploads\/2024\/02\/multple-teeth-implant.webp","contentUrl":"https:\/\/www.verasmile.com\/wp-content\/uploads\/2024\/02\/multple-teeth-implant.webp","width":1440,"height":800,"caption":"\u00c7oklu Di\u015f De\u011fi\u015fim"},{"@type":"BreadcrumbList","@id":"https:\/\/www.verasmile.com\/tr\/dis-implantlari\/coklu-dis-degisim-tedavisi\/#breadcrumb","itemListElement":[{"@type":"ListItem","position":1,"name":"Home","item":"https:\/\/www.verasmile.com\/tr\/"},{"@type":"ListItem","position":2,"name":"Di\u015f \u0130mplantlar\u0131: T\u00fcrleri, \u0130\u015flem, Maliyet ve Sonras\u0131 Bak\u0131m","item":"https:\/\/www.verasmile.com\/tr\/dis-implantlari\/"},{"@type":"ListItem","position":3,"name":"\u00c7oklu Di\u015f De\u011fi\u015fim Tedavisi"}]},{"@type":"WebSite","@id":"https:\/\/www.verasmile.com\/tr\/#website","url":"https:\/\/www.verasmile.com\/tr\/","name":"Vera Smile Dental Clinic","description":"Dental Clinic in Turkey, Istanbul 2026","publisher":{"@id":"https:\/\/www.verasmile.com\/tr\/#organization"},"potentialAction":[{"@type":"SearchAction","target":{"@type":"EntryPoint","urlTemplate":"https:\/\/www.verasmile.com\/tr\/?s={search_term_string}"},"query-input":{"@type":"PropertyValueSpecification","valueRequired":true,"valueName":"search_term_string"}}],"inLanguage":"tr"},{"@type":"Organization","@id":"https:\/\/www.verasmile.com\/tr\/#organization","name":"Vera Smile Dental Clinic","url":"https:\/\/www.verasmile.com\/tr\/","logo":{"@type":"ImageObject","inLanguage":"tr","@id":"https:\/\/www.verasmile.com\/tr\/#\/schema\/logo\/image\/","url":"https:\/\/www.verasmile.com\/wp-content\/uploads\/2026\/02\/Birles\u0327ik-Logo-scaled.png","contentUrl":"https:\/\/www.verasmile.com\/wp-content\/uploads\/2026\/02\/Birles\u0327ik-Logo-scaled.png","width":2560,"height":244,"caption":"Vera Smile Dental Clinic"},"image":{"@id":"https:\/\/www.verasmile.com\/tr\/#\/schema\/logo\/image\/"},"sameAs":["https:\/\/www.facebook.com\/VeraSmileDental\/","https:\/\/www.instagram.com\/verasmile.dental\/"]}]}},"_links":{"self":[{"href":"https:\/\/www.verasmile.com\/tr\/wp-json\/wp\/v2\/pages\/13757","targetHints":{"allow":["GET"]}}],"collection":[{"href":"https:\/\/www.verasmile.com\/tr\/wp-json\/wp\/v2\/pages"}],"about":[{"href":"https:\/\/www.verasmile.com\/tr\/wp-json\/wp\/v2\/types\/page"}],"author":[{"embeddable":true,"href":"https:\/\/www.verasmile.com\/tr\/wp-json\/wp\/v2\/users\/1"}],"replies":[{"embeddable":true,"href":"https:\/\/www.verasmile.com\/tr\/wp-json\/wp\/v2\/comments?post=13757"}],"version-history":[{"count":0,"href":"https:\/\/www.verasmile.com\/tr\/wp-json\/wp\/v2\/pages\/13757\/revisions"}],"up":[{"embeddable":true,"href":"https:\/\/www.verasmile.com\/tr\/wp-json\/wp\/v2\/pages\/13811"}],"wp:featuredmedia":[{"embeddable":true,"href":"https:\/\/www.verasmile.com\/tr\/wp-json\/wp\/v2\/media\/13761"}],"wp:attachment":[{"href":"https:\/\/www.verasmile.com\/tr\/wp-json\/wp\/v2\/media?parent=13757"}],"curies":[{"name":"wp","href":"https:\/\/api.w.org\/{rel}","templated":true}]}}