{"id":13767,"date":"2023-07-07T12:20:34","date_gmt":"2023-07-07T09:20:34","guid":{"rendered":"https:\/\/www.verasmile.com\/?page_id=13767"},"modified":"2024-08-06T15:40:40","modified_gmt":"2024-08-06T12:40:40","slug":"tam-ve-kismi-protezler","status":"publish","type":"page","link":"https:\/\/www.verasmile.com\/tr\/tam-ve-kismi-protezler\/","title":{"rendered":"Tam ve K\u0131smi Protezler"},"content":{"rendered":"<div class=\"gb-container gb-container-93a0bc86\">\n<div class=\"gb-grid-wrapper gb-grid-wrapper-6232a014\">\n<div class=\"gb-grid-column gb-grid-column-141c614b\"><div class=\"gb-container gb-container-141c614b\">\n\n<p>Bir di\u015fi kaybetmek basit ve do\u011fal bir g\u00fcl\u00fcmsemeyi rahats\u0131z oldu\u011funuz ve \u00e7ekindi\u011finiz bir eyleme \u00e7evirebilir. G\u00fcl\u00fc\u015f\u00fcn\u00fcz\u00fcn g\u00f6r\u00fcn\u00fcm\u00fc herhangi bir \u015fekilde zarar g\u00f6rd\u00fc\u011f\u00fcnde g\u00fcl\u00fcmsemeden ve hatta konu\u015fmadan \u00f6nce iki kez d\u00fc\u015f\u00fcnmeye ba\u015flars\u0131n\u0131z. \u00c7\u00fcr\u00fck, travma veya ya\u015fa ba\u011fl\u0131 fakt\u00f6rler nedeniyle ya\u015fanan di\u015f kayb\u0131 g\u00fcnl\u00fck ya\u015fam\u0131n\u0131z\u0131 ve uzun vadeli refah\u0131n\u0131z\u0131 etkileyecektir. Tam ve k\u0131smi protezler, di\u015f eksikli\u011fi olan hastalar\u0131m\u0131z i\u00e7in, \u00f6zellikle de herhangi bir nedenle di\u015f implant\u0131 yapt\u0131ram\u0131yorlarsa d\u00fc\u015f\u00fcnd\u00fc\u011f\u00fcm\u00fcz tedaviler aras\u0131ndad\u0131r. Bunlar \u00fcst, alt veya her iki \u00e7enedeki eksik di\u015flerin yerini almak \u00fczere tasarlanm\u0131\u015f \u00e7\u0131kar\u0131labilir aparatlard\u0131r.<\/p>\n\n\n\n<h2 class=\"gb-headline gb-headline-2065268b gb-headline-text\"><strong><strong>Tam ve k\u0131smi protezler nedir?<\/strong><\/strong><\/h2>\n\n\n\n<p>Protezler eksik di\u015f ve \u00e7evresindeki dokular i\u00e7in \u00e7\u0131kar\u0131l\u0131p tak\u0131labilir \u015fekilde tasarlan\u0131rlar. \u0130ki farkl\u0131 protez t\u00fcr\u00fc vard\u0131r: tam ve k\u0131smi. \u0130ster a\u011fz\u0131n\u0131zda birka\u00e7 di\u015f eksik olsun ister a\u011fz\u0131n\u0131zdaki t\u00fcm di\u015fler d\u00fc\u015fm\u00fc\u015f olsun, bu ki\u015fiye \u00f6zel yap\u0131lan protezler a\u011f\u0131zdaki bo\u015fluklara rahat\u00e7a oturacak ve di\u015flerin do\u011fal g\u00f6r\u00fcn\u00fcm\u00fcn\u00fc taklit edecek \u015fekilde \u00fcretilirler.<\/p>\n\n\n\n<h3 class=\"gb-headline gb-headline-3da99d62 gb-headline-text\"><strong><strong>Tam protezler<\/strong><\/strong><\/h3>\n\n\n\n<p>\u0130ki t\u00fcr tam protez vard\u0131r: geleneksel ve h\u0131zl\u0131(immediate) protezler. Geleneksel protezler yap\u0131l\u0131rken hasarl\u0131 di\u015fler \u00e7\u0131kar\u0131l\u0131r, di\u015f eti dokusunun iyile\u015fmesi beklenir ve protezler t\u0131pk\u0131 h\u0131zl\u0131 protezler gibi yerine yerle\u015ftirilir. Ancak geleneksel protezlerde h\u0131zl\u0131 protezlerden farkl\u0131 olarak aradaki bekleme s\u00fcreci sekiz ila on iki hafta s\u00fcrer. Bununla birlikte dayan\u0131kl\u0131 ve rahatt\u0131rlar ve d\u00fczg\u00fcn bak\u0131ld\u0131\u011f\u0131 takdirde \u00f6m\u00fcr boyu s\u00fcrerler.<\/p>\n\n\n\n<p>H\u0131zl\u0131 protezler ise \u00f6nceden yap\u0131l\u0131r ve di\u015fler \u00e7ekilir \u00e7ekilmez yerle\u015ftirilebilirler. Acil protez tedavisi sayesinde tedavi sonras\u0131 iyile\u015fme d\u00f6nemini di\u015fsiz ge\u00e7irmeniz gerekmez. Ancak iyile\u015fme s\u00fcrecinde protezleri d\u00fczg\u00fcn bir \u015fekilde yerle\u015ftirmek i\u00e7in bir\u00e7ok ayarlama yapmak gerekir. Bu tedaviyi do\u011fas\u0131 gere\u011fi sadece ge\u00e7ici bir \u00e7\u00f6z\u00fcm olarak \u00f6nermekteyiz.<\/p>\n\n\n\n<h3 class=\"gb-headline gb-headline-e0b7f582 gb-headline-text\"><strong><strong>K\u0131smi protezler<\/strong><\/strong><\/h3>\n\n\n\n<p>K\u0131smi protezler, metal bir \u00e7er\u00e7eve ile ba\u011flanm\u0131\u015f, di\u015f eti renginde plastik bir tabana tutturulmu\u015f yapay di\u015flerden olu\u015fan <a href=\"https:\/\/www.verasmile.com\/tr\/kozmetik-dis-hekimligi\/dis-koprusu-tedavisi\/\">di\u015f k\u00f6pr\u00fcleridir<\/a>. Bo\u015fluklar\u0131 doldurur ve di\u011fer di\u015flerin kaymas\u0131n\u0131, konumlar\u0131n\u0131 de\u011fi\u015ftirmesini ve sonunda y\u00fcz\u00fcn \u015feklini de\u011fi\u015ftirmesini \u00f6nler.<\/p>\n\n\n<div class=\"gb-container gb-container-ae85ab7a\">\n\n<figure class=\"gb-block-image gb-block-image-47e2c2d6\"><img loading=\"lazy\" decoding=\"async\" width=\"1620\" height=\"1080\" class=\"gb-image gb-image-47e2c2d6\" src=\"https:\/\/www.verasmile.com\/wp-content\/uploads\/2024\/02\/a-denture-on-a-gypsum-base-in-the-hand-of-a-dentis-2023-11-27-05-10-40-utc-1.webp\" alt=\"k\u0131smi protez tutan doktor\" title=\"a-denture-on-a-gypsum-base-in-the-hand-of-a-dentis-2023-11-27-05-10-40-utc-1\" srcset=\"https:\/\/www.verasmile.com\/wp-content\/uploads\/2024\/02\/a-denture-on-a-gypsum-base-in-the-hand-of-a-dentis-2023-11-27-05-10-40-utc-1.webp 1620w, https:\/\/www.verasmile.com\/wp-content\/uploads\/2024\/02\/a-denture-on-a-gypsum-base-in-the-hand-of-a-dentis-2023-11-27-05-10-40-utc-1-300x200.webp 300w, https:\/\/www.verasmile.com\/wp-content\/uploads\/2024\/02\/a-denture-on-a-gypsum-base-in-the-hand-of-a-dentis-2023-11-27-05-10-40-utc-1-1024x683.webp 1024w, https:\/\/www.verasmile.com\/wp-content\/uploads\/2024\/02\/a-denture-on-a-gypsum-base-in-the-hand-of-a-dentis-2023-11-27-05-10-40-utc-1-768x512.webp 768w, https:\/\/www.verasmile.com\/wp-content\/uploads\/2024\/02\/a-denture-on-a-gypsum-base-in-the-hand-of-a-dentis-2023-11-27-05-10-40-utc-1-1536x1024.webp 1536w\" sizes=\"auto, (max-width: 1620px) 100vw, 1620px\" \/><\/figure>\n\n<\/div>\n\n\n<h2 class=\"gb-headline gb-headline-aea3eb8b gb-headline-text\"><strong><strong>Tam protez mi yoksa k\u0131smi protez mi yapt\u0131rmak daha iyidir?<\/strong><\/strong><\/h2>\n\n\n\n<p>Eksik di\u015fler hafife al\u0131nabilecek konular de\u011fildir. Fiziksel ve psikolojik sa\u011fl\u0131\u011f\u0131n\u0131z uzun vadede b\u00fcy\u00fck zarar g\u00f6rebilir. Bu olumsuz sonu\u00e7lardan ka\u00e7\u0131nmak i\u00e7in hemen harekete ge\u00e7melisiniz. Ekibimizle \u00fccretsiz bir g\u00f6r\u00fc\u015fme ve muayene sonras\u0131nda sizin i\u00e7in en uygun tedavi y\u00f6ntemine karar veririz.&nbsp;<\/p>\n\n\n\n<p>Tam ve k\u0131smi protezler eksik di\u015fler i\u00e7in kulland\u0131\u011f\u0131m\u0131z tedavilerdendir. Hastan\u0131n durumuna g\u00f6re bunlardan birini tercih ederiz. A\u011f\u0131z sa\u011fl\u0131\u011f\u0131n\u0131z iyiyse ve sadece bir veya iki di\u015finizin de\u011fi\u015ftirilmesi gerekiyorsa, k\u0131smi protezler sizin i\u00e7in daha uygun olabilir. Ancak, <a href=\"https:\/\/www.verasmile.com\/tr\/dis-implantlari\/coklu-dis-degisim-tedavisi\/\">bir\u00e7ok eksik di\u015finiz<\/a> ve di\u015f eti hastal\u0131\u011f\u0131n\u0131z varsa, o zaman tam protez kullan\u0131m\u0131n\u0131 \u00f6nermekteyiz.<\/p>\n\n\n\n<h2 class=\"gb-headline gb-headline-c354bc5e gb-headline-text\"><strong><strong>Vera Smile&#8217;da tam ve k\u0131smi protez prosed\u00fcr\u00fc<\/strong><\/strong><\/h2>\n\n\n\n<h3 class=\"gb-headline gb-headline-a96aef3e gb-headline-text\"><strong><strong>\u00d6n plan<\/strong><\/strong><\/h3>\n\n\n\n<p>\u00d6n g\u00f6r\u00fc\u015fmenizde sizin i\u00e7in bir tedavi plan\u0131 haz\u0131rl\u0131yoruz. Bu plan, testlerimiz ve incelemelerimizden sonra baz\u0131 k\u00fc\u00e7\u00fck de\u011fi\u015fiklikler yap\u0131labilir.&nbsp;<\/p>\n\n\n\n<h3 class=\"gb-headline gb-headline-fec2a136 gb-headline-text\"><strong><strong>Tedavi \u00f6ncesi<\/strong><\/strong><\/h3>\n\n\n\n<p>Testlerin sonu\u00e7lar\u0131n\u0131, t\u0131bbi ge\u00e7mi\u015finizi ve yapt\u0131\u011f\u0131m\u0131z incelemeler sonucunda tedavi plan\u0131n\u0131za son \u015feklini veririz. Verilen kararlar ve tedaviniz konusunda kendinizi iyi hissetti\u011finizden emin olmak i\u00e7in her \u015feye ad\u0131m ad\u0131m birlikte karar veririz.<\/p>\n\n\n\n<h3 class=\"gb-headline gb-headline-54d42727 gb-headline-text\"><strong><strong>Tedavi<\/strong><\/strong><\/h3>\n\n\n\n<p>Tam veya k\u0131smi protez prosed\u00fcr\u00fc farkl\u0131 tedavi \u00e7e\u015fitlerini i\u00e7erebilmektedir. Sizin tedavi s\u00fcreciniz di\u011fer hastalardan farkl\u0131 olabilir. Bununla birlikte, her protez s\u00fcreci \u00f6l\u00e7\u00fc al\u0131m\u0131n\u0131 gerektirir. \u00d6l\u00e7\u00fc al\u0131m\u0131ndan sonra uygun \u015fekil, renk ve kal\u0131p uyumu i\u00e7in g\u00f6r\u00fc\u015fmeler yap\u0131l\u0131r.&nbsp;<\/p>\n\n\n\n<h3 class=\"gb-headline gb-headline-4ec054a1 gb-headline-text\"><strong><strong>Tedavi sonras\u0131<\/strong><\/strong><\/h3>\n\n\n\n<p>Tedaviden sonra, di\u015f aparat\u0131n\u0131za nas\u0131l d\u00fczg\u00fcn bir \u015fekilde bakaca\u011f\u0131n\u0131z ve a\u011f\u0131z sa\u011fl\u0131\u011f\u0131n\u0131z\u0131 nas\u0131l koruyaca\u011f\u0131n\u0131z konusunda size baz\u0131 tavsiyeler veririz. Verdi\u011fimiz tavsiyelere uyman\u0131z tedavinizin uzun \u00f6m\u00fcrl\u00fc olmas\u0131n\u0131 sa\u011flar.<\/p>\n\n\n\n<h2 class=\"gb-headline gb-headline-2fabf79d gb-headline-text\"><strong><strong>Tam ve K\u0131smi Protezler i\u00e7in Tedavi Sonras\u0131 Bak\u0131m<\/strong><\/strong><\/h2>\n\n\n\n<p>\u0130lk birka\u00e7 g\u00fcn, her \u015feyin yolunda gitti\u011finden emin olmak i\u00e7in protezlerinizi s\u00fcrekli takman\u0131z gerekir. Bu a\u015famay\u0131 atlatt\u0131ktan sonra, di\u015f etlerinizin dinlenmesi i\u00e7in gece protezlerinizi \u00e7\u0131kararak uyursunuz. Protezlerinizi haftal\u0131k olarak size \u00f6nerdi\u011fimiz temizleyiciyle temizlemelisiniz. K\u0131smi protez kullan\u0131yorsan\u0131z, a\u011f\u0131z sa\u011fl\u0131\u011f\u0131n\u0131z\u0131 koruyabilmeniz i\u00e7in di\u015flerinizi \u00fc\u00e7 ayda bir temizletmeniz gerekir.&nbsp;<\/p>\n\n\n\n<h2 class=\"gb-headline gb-headline-9396b1f8 gb-headline-text\"><strong><strong>Neden Vera Smile?<\/strong><\/strong><\/h2>\n\n\n\n<p>Sundu\u011fumuz tedaviler, sa\u011flad\u0131\u011f\u0131m\u0131z hizmetler, y\u00fcksek teknolojiye sahip modern tesislerimiz ve kurdu\u011fumuz harika ekip; hepsi tedavi \u00f6ncesinde, tedavi s\u0131ras\u0131nda ve sonras\u0131nda kendinizi rahat ve g\u00fcvende hissetmeniz i\u00e7in var. Her tedavi plan\u0131n\u0131 her hastam\u0131z\u0131n \u00f6zel ihtiya\u00e7lar\u0131na g\u00f6re ayarlayarak kusursuz bir tedavi yolculu\u011fu sundu\u011fumuzdan emin oluyoruz.<\/p>\n\n\n\n<h2 class=\"gb-headline gb-headline-90710bf0 gb-headline-text\"><strong><strong>S\u0131k Sorulan Sorular<\/strong><\/strong><\/h2>\n\n\n\n<h3 class=\"gb-headline gb-headline-5cc5fd9f gb-headline-text\"><strong>Protezlerle yemek yemek zor olacak m\u0131?<\/strong><\/h3>\n\n\n\n<p>Yeni protezler tak\u0131ld\u0131ktan sonra yemek yemek ilk ba\u015fta biraz rahats\u0131z edici olabilir. Yeni di\u015flerinizle daha rahat olabilmek i\u00e7in s\u0131v\u0131lar ve k\u00fc\u00e7\u00fck k\u00fc\u00e7\u00fck kesilmi\u015f yumu\u015fak yiyeceklerle ba\u015flamal\u0131s\u0131n\u0131z. Protezlerinize al\u0131\u015ft\u0131k\u00e7a, yava\u015f yava\u015f normal diyetinize geri d\u00f6nebilirsiniz ancak yine de o d\u00f6nemde de bir s\u00fcre kemikli, yap\u0131\u015fkan ve sert yiyeceklerden ka\u00e7\u0131nmal\u0131s\u0131n\u0131z.&nbsp;<\/p>\n\n\n\n<h3 class=\"gb-headline gb-headline-3b6a9186 gb-headline-text\"><strong>Protezler konu\u015fma \u015feklimi de\u011fi\u015ftirecek mi?<\/strong><\/h3>\n\n\n\n<p>Pratik m\u00fckemmelle\u015ftirir. Zamanla protezlerinizle konu\u015fmaya al\u0131\u015facaks\u0131n\u0131z ve her \u015fey eskisi gibi olacak. Al\u0131\u015fma d\u00f6nemini atlatt\u0131ktan sonra konu\u015furken bir problem ya\u015famayacaks\u0131n\u0131z. Ancak konu\u015furken takma di\u015flerinizin bir \u015fekilde t\u0131k\u0131rdad\u0131\u011f\u0131n\u0131 veya hareket etmedi\u011finizde protezlerin a\u011fz\u0131n\u0131zda dengesiz durdu\u011funu hissederseniz, en yak\u0131n zamanda kontrol ettirmelisiniz.<\/p>\n\n\n\n<h3 class=\"gb-headline gb-headline-942ef22f gb-headline-text\"><strong>Protezlerimi her zaman kullanmak zorunda m\u0131y\u0131m?<\/strong><\/h3>\n\n\n\n<p>Durumunuza ba\u011fl\u0131 olmakla birlikte, her \u015feyin tam olarak olmas\u0131 gerekti\u011fi gibi oldu\u011fundan emin olmak i\u00e7in muhtemelen ilk hafta boyunca protezlerinizi s\u00fcrekli takman\u0131z\u0131 isteyece\u011fiz. Hafta bittikten sonra di\u015f eti dokular\u0131n\u0131n dinlenmesine izin vermek i\u00e7in yatmadan \u00f6nce protezlerinizi \u00e7\u0131karmaya ba\u015flamal\u0131s\u0131n\u0131z.<\/p>\n\n<\/div><\/div>\n\n<div class=\"gb-grid-column gb-grid-column-9795dbe7\"><div class=\"gb-container gb-container-9795dbe7 contact-sticky\">\n\n<h4 class=\"gb-headline gb-headline-83925198 gb-headline-text\">Randevu olu\u015fturun<\/h4>\n\n\n\n<script charset=\"utf-8\" type=\"text\/javascript\" src=\"\/\/js.hsforms.net\/forms\/embed\/v2.js\"><\/script>\n<script>\n  hbspt.forms.create({\n    region: \"na1\",\n    portalId: \"5077067\",\n    formId: \"2cb7f4ae-75c7-40a0-ba30-dd2504928ef8\"\n  });\n<\/script>\n\n<\/div><\/div>\n<\/div>\n<\/div>","protected":false},"excerpt":{"rendered":"","protected":false},"author":1,"featured_media":13772,"parent":0,"menu_order":0,"comment_status":"closed","ping_status":"closed","template":"","meta":{"inline_featured_image":false,"footnotes":""},"class_list":{"0":"post-13767","1":"page","2":"type-page","3":"status-publish","4":"has-post-thumbnail","6":"resize-featured-image"},"lang":"tr","translations":{"en":1716,"it":11219,"fr":11616,"es":11888,"pt-pt":12117,"de":12413,"ar":13444,"tr":13767},"yoast_head":"<!-- This site is optimized with the Yoast SEO Premium plugin v27.4 (Yoast SEO v27.4) - https:\/\/yoast.com\/product\/yoast-seo-premium-wordpress\/ -->\n<title>Tam ve K\u0131smi Protezler - Vera Smile<\/title>\n<meta name=\"description\" content=\"Eksik di\u015fler i\u00e7in k\u0131smi ve tam protezlerin faydalar\u0131n\u0131 ke\u015ffedin. Vera Smile di\u015f klini\u011fi ile yeniden g\u00fcvenle g\u00fcl\u00fcmseyin.\" \/>\n<meta name=\"robots\" content=\"index, follow, max-snippet:-1, max-image-preview:large, max-video-preview:-1\" \/>\n<link rel=\"canonical\" href=\"https:\/\/www.verasmile.com\/tr\/tam-ve-kismi-protezler\/\" \/>\n<meta property=\"og:locale\" content=\"tr_TR\" \/>\n<meta property=\"og:type\" content=\"article\" \/>\n<meta property=\"og:title\" content=\"Tam ve K\u0131smi Protezler\" \/>\n<meta property=\"og:description\" content=\"Eksik di\u015fler i\u00e7in k\u0131smi ve tam protezlerin faydalar\u0131n\u0131 ke\u015ffedin. Vera Smile di\u015f klini\u011fi ile yeniden g\u00fcvenle g\u00fcl\u00fcmseyin.\" \/>\n<meta property=\"og:url\" content=\"https:\/\/www.verasmile.com\/tr\/tam-ve-kismi-protezler\/\" \/>\n<meta property=\"og:site_name\" content=\"Vera Smile\" \/>\n<meta property=\"article:publisher\" content=\"https:\/\/www.facebook.com\/VeraSmileDental\/\" \/>\n<meta property=\"article:modified_time\" content=\"2024-08-06T12:40:40+00:00\" \/>\n<meta property=\"og:image\" content=\"https:\/\/www.verasmile.com\/wp-content\/uploads\/2024\/02\/Partial-and-Complete-Dentures.webp\" \/>\n\t<meta property=\"og:image:width\" content=\"1440\" \/>\n\t<meta property=\"og:image:height\" content=\"800\" \/>\n\t<meta property=\"og:image:type\" content=\"image\/webp\" \/>\n<meta name=\"twitter:card\" content=\"summary_large_image\" \/>\n<meta name=\"twitter:label1\" content=\"Tahmini okuma s\u00fcresi\" \/>\n\t<meta name=\"twitter:data1\" content=\"4 dakika\" \/>\n<script type=\"application\/ld+json\" class=\"yoast-schema-graph\">{\"@context\":\"https:\\\/\\\/schema.org\",\"@graph\":[{\"@type\":\"WebPage\",\"@id\":\"https:\\\/\\\/www.verasmile.com\\\/tr\\\/tam-ve-kismi-protezler\\\/\",\"url\":\"https:\\\/\\\/www.verasmile.com\\\/tr\\\/tam-ve-kismi-protezler\\\/\",\"name\":\"Tam ve K\u0131smi Protezler - Vera Smile\",\"isPartOf\":{\"@id\":\"https:\\\/\\\/www.verasmile.com\\\/tr\\\/#website\"},\"primaryImageOfPage\":{\"@id\":\"https:\\\/\\\/www.verasmile.com\\\/tr\\\/tam-ve-kismi-protezler\\\/#primaryimage\"},\"image\":{\"@id\":\"https:\\\/\\\/www.verasmile.com\\\/tr\\\/tam-ve-kismi-protezler\\\/#primaryimage\"},\"thumbnailUrl\":\"https:\\\/\\\/www.verasmile.com\\\/wp-content\\\/uploads\\\/2024\\\/02\\\/Partial-and-Complete-Dentures.webp\",\"datePublished\":\"2023-07-07T09:20:34+00:00\",\"dateModified\":\"2024-08-06T12:40:40+00:00\",\"description\":\"Eksik di\u015fler i\u00e7in k\u0131smi ve tam protezlerin faydalar\u0131n\u0131 ke\u015ffedin. Vera Smile di\u015f klini\u011fi ile yeniden g\u00fcvenle g\u00fcl\u00fcmseyin.\",\"breadcrumb\":{\"@id\":\"https:\\\/\\\/www.verasmile.com\\\/tr\\\/tam-ve-kismi-protezler\\\/#breadcrumb\"},\"inLanguage\":\"tr\",\"potentialAction\":[{\"@type\":\"ReadAction\",\"target\":[\"https:\\\/\\\/www.verasmile.com\\\/tr\\\/tam-ve-kismi-protezler\\\/\"]}]},{\"@type\":\"ImageObject\",\"inLanguage\":\"tr\",\"@id\":\"https:\\\/\\\/www.verasmile.com\\\/tr\\\/tam-ve-kismi-protezler\\\/#primaryimage\",\"url\":\"https:\\\/\\\/www.verasmile.com\\\/wp-content\\\/uploads\\\/2024\\\/02\\\/Partial-and-Complete-Dentures.webp\",\"contentUrl\":\"https:\\\/\\\/www.verasmile.com\\\/wp-content\\\/uploads\\\/2024\\\/02\\\/Partial-and-Complete-Dentures.webp\",\"width\":1440,\"height\":800,\"caption\":\"Tam ve K\u0131smi Protezler\"},{\"@type\":\"BreadcrumbList\",\"@id\":\"https:\\\/\\\/www.verasmile.com\\\/tr\\\/tam-ve-kismi-protezler\\\/#breadcrumb\",\"itemListElement\":[{\"@type\":\"ListItem\",\"position\":1,\"name\":\"Home\",\"item\":\"https:\\\/\\\/www.verasmile.com\\\/tr\\\/\"},{\"@type\":\"ListItem\",\"position\":2,\"name\":\"Tam ve K\u0131smi Protezler\"}]},{\"@type\":\"WebSite\",\"@id\":\"https:\\\/\\\/www.verasmile.com\\\/tr\\\/#website\",\"url\":\"https:\\\/\\\/www.verasmile.com\\\/tr\\\/\",\"name\":\"Vera Smile Dental Clinic\",\"description\":\"Dental Clinic in Turkey, Istanbul 2026\",\"publisher\":{\"@id\":\"https:\\\/\\\/www.verasmile.com\\\/tr\\\/#organization\"},\"potentialAction\":[{\"@type\":\"SearchAction\",\"target\":{\"@type\":\"EntryPoint\",\"urlTemplate\":\"https:\\\/\\\/www.verasmile.com\\\/tr\\\/?s={search_term_string}\"},\"query-input\":{\"@type\":\"PropertyValueSpecification\",\"valueRequired\":true,\"valueName\":\"search_term_string\"}}],\"inLanguage\":\"tr\"},{\"@type\":\"Organization\",\"@id\":\"https:\\\/\\\/www.verasmile.com\\\/tr\\\/#organization\",\"name\":\"Vera Smile Dental Clinic\",\"url\":\"https:\\\/\\\/www.verasmile.com\\\/tr\\\/\",\"logo\":{\"@type\":\"ImageObject\",\"inLanguage\":\"tr\",\"@id\":\"https:\\\/\\\/www.verasmile.com\\\/tr\\\/#\\\/schema\\\/logo\\\/image\\\/\",\"url\":\"https:\\\/\\\/www.verasmile.com\\\/wp-content\\\/uploads\\\/2026\\\/02\\\/Birles\u0327ik-Logo-scaled.png\",\"contentUrl\":\"https:\\\/\\\/www.verasmile.com\\\/wp-content\\\/uploads\\\/2026\\\/02\\\/Birles\u0327ik-Logo-scaled.png\",\"width\":2560,\"height\":244,\"caption\":\"Vera Smile Dental Clinic\"},\"image\":{\"@id\":\"https:\\\/\\\/www.verasmile.com\\\/tr\\\/#\\\/schema\\\/logo\\\/image\\\/\"},\"sameAs\":[\"https:\\\/\\\/www.facebook.com\\\/VeraSmileDental\\\/\",\"https:\\\/\\\/www.instagram.com\\\/verasmile.dental\\\/\"]}]}<\/script>\n<!-- \/ Yoast SEO Premium plugin. -->","yoast_head_json":{"title":"Tam ve K\u0131smi Protezler - Vera Smile","description":"Eksik di\u015fler i\u00e7in k\u0131smi ve tam protezlerin faydalar\u0131n\u0131 ke\u015ffedin. Vera Smile di\u015f klini\u011fi ile yeniden g\u00fcvenle g\u00fcl\u00fcmseyin.","robots":{"index":"index","follow":"follow","max-snippet":"max-snippet:-1","max-image-preview":"max-image-preview:large","max-video-preview":"max-video-preview:-1"},"canonical":"https:\/\/www.verasmile.com\/tr\/tam-ve-kismi-protezler\/","og_locale":"tr_TR","og_type":"article","og_title":"Tam ve K\u0131smi Protezler","og_description":"Eksik di\u015fler i\u00e7in k\u0131smi ve tam protezlerin faydalar\u0131n\u0131 ke\u015ffedin. Vera Smile di\u015f klini\u011fi ile yeniden g\u00fcvenle g\u00fcl\u00fcmseyin.","og_url":"https:\/\/www.verasmile.com\/tr\/tam-ve-kismi-protezler\/","og_site_name":"Vera Smile","article_publisher":"https:\/\/www.facebook.com\/VeraSmileDental\/","article_modified_time":"2024-08-06T12:40:40+00:00","og_image":[{"width":1440,"height":800,"url":"https:\/\/www.verasmile.com\/wp-content\/uploads\/2024\/02\/Partial-and-Complete-Dentures.webp","type":"image\/webp"}],"twitter_card":"summary_large_image","twitter_misc":{"Tahmini okuma s\u00fcresi":"4 dakika"},"schema":{"@context":"https:\/\/schema.org","@graph":[{"@type":"WebPage","@id":"https:\/\/www.verasmile.com\/tr\/tam-ve-kismi-protezler\/","url":"https:\/\/www.verasmile.com\/tr\/tam-ve-kismi-protezler\/","name":"Tam ve K\u0131smi Protezler - Vera Smile","isPartOf":{"@id":"https:\/\/www.verasmile.com\/tr\/#website"},"primaryImageOfPage":{"@id":"https:\/\/www.verasmile.com\/tr\/tam-ve-kismi-protezler\/#primaryimage"},"image":{"@id":"https:\/\/www.verasmile.com\/tr\/tam-ve-kismi-protezler\/#primaryimage"},"thumbnailUrl":"https:\/\/www.verasmile.com\/wp-content\/uploads\/2024\/02\/Partial-and-Complete-Dentures.webp","datePublished":"2023-07-07T09:20:34+00:00","dateModified":"2024-08-06T12:40:40+00:00","description":"Eksik di\u015fler i\u00e7in k\u0131smi ve tam protezlerin faydalar\u0131n\u0131 ke\u015ffedin. Vera Smile di\u015f klini\u011fi ile yeniden g\u00fcvenle g\u00fcl\u00fcmseyin.","breadcrumb":{"@id":"https:\/\/www.verasmile.com\/tr\/tam-ve-kismi-protezler\/#breadcrumb"},"inLanguage":"tr","potentialAction":[{"@type":"ReadAction","target":["https:\/\/www.verasmile.com\/tr\/tam-ve-kismi-protezler\/"]}]},{"@type":"ImageObject","inLanguage":"tr","@id":"https:\/\/www.verasmile.com\/tr\/tam-ve-kismi-protezler\/#primaryimage","url":"https:\/\/www.verasmile.com\/wp-content\/uploads\/2024\/02\/Partial-and-Complete-Dentures.webp","contentUrl":"https:\/\/www.verasmile.com\/wp-content\/uploads\/2024\/02\/Partial-and-Complete-Dentures.webp","width":1440,"height":800,"caption":"Tam ve K\u0131smi Protezler"},{"@type":"BreadcrumbList","@id":"https:\/\/www.verasmile.com\/tr\/tam-ve-kismi-protezler\/#breadcrumb","itemListElement":[{"@type":"ListItem","position":1,"name":"Home","item":"https:\/\/www.verasmile.com\/tr\/"},{"@type":"ListItem","position":2,"name":"Tam ve K\u0131smi Protezler"}]},{"@type":"WebSite","@id":"https:\/\/www.verasmile.com\/tr\/#website","url":"https:\/\/www.verasmile.com\/tr\/","name":"Vera Smile Dental Clinic","description":"Dental Clinic in Turkey, Istanbul 2026","publisher":{"@id":"https:\/\/www.verasmile.com\/tr\/#organization"},"potentialAction":[{"@type":"SearchAction","target":{"@type":"EntryPoint","urlTemplate":"https:\/\/www.verasmile.com\/tr\/?s={search_term_string}"},"query-input":{"@type":"PropertyValueSpecification","valueRequired":true,"valueName":"search_term_string"}}],"inLanguage":"tr"},{"@type":"Organization","@id":"https:\/\/www.verasmile.com\/tr\/#organization","name":"Vera Smile Dental Clinic","url":"https:\/\/www.verasmile.com\/tr\/","logo":{"@type":"ImageObject","inLanguage":"tr","@id":"https:\/\/www.verasmile.com\/tr\/#\/schema\/logo\/image\/","url":"https:\/\/www.verasmile.com\/wp-content\/uploads\/2026\/02\/Birles\u0327ik-Logo-scaled.png","contentUrl":"https:\/\/www.verasmile.com\/wp-content\/uploads\/2026\/02\/Birles\u0327ik-Logo-scaled.png","width":2560,"height":244,"caption":"Vera Smile Dental Clinic"},"image":{"@id":"https:\/\/www.verasmile.com\/tr\/#\/schema\/logo\/image\/"},"sameAs":["https:\/\/www.facebook.com\/VeraSmileDental\/","https:\/\/www.instagram.com\/verasmile.dental\/"]}]}},"_links":{"self":[{"href":"https:\/\/www.verasmile.com\/tr\/wp-json\/wp\/v2\/pages\/13767","targetHints":{"allow":["GET"]}}],"collection":[{"href":"https:\/\/www.verasmile.com\/tr\/wp-json\/wp\/v2\/pages"}],"about":[{"href":"https:\/\/www.verasmile.com\/tr\/wp-json\/wp\/v2\/types\/page"}],"author":[{"embeddable":true,"href":"https:\/\/www.verasmile.com\/tr\/wp-json\/wp\/v2\/users\/1"}],"replies":[{"embeddable":true,"href":"https:\/\/www.verasmile.com\/tr\/wp-json\/wp\/v2\/comments?post=13767"}],"version-history":[{"count":0,"href":"https:\/\/www.verasmile.com\/tr\/wp-json\/wp\/v2\/pages\/13767\/revisions"}],"wp:featuredmedia":[{"embeddable":true,"href":"https:\/\/www.verasmile.com\/tr\/wp-json\/wp\/v2\/media\/13772"}],"wp:attachment":[{"href":"https:\/\/www.verasmile.com\/tr\/wp-json\/wp\/v2\/media?parent=13767"}],"curies":[{"name":"wp","href":"https:\/\/api.w.org\/{rel}","templated":true}]}}