{"id":13773,"date":"2023-07-07T12:47:26","date_gmt":"2023-07-07T09:47:26","guid":{"rendered":"https:\/\/www.verasmile.com\/?page_id=13773"},"modified":"2024-08-06T15:41:00","modified_gmt":"2024-08-06T12:41:00","slug":"lazer-dis-hekimligi-uygulamalari","status":"publish","type":"page","link":"https:\/\/www.verasmile.com\/tr\/lazer-dis-hekimligi-uygulamalari\/","title":{"rendered":"Lazer Di\u015f Hekimli\u011fi Uygulamalar\u0131"},"content":{"rendered":"<div class=\"gb-container gb-container-74041874\">\n<div class=\"gb-grid-wrapper gb-grid-wrapper-6232a014\">\n<div class=\"gb-grid-column gb-grid-column-141c614b\"><div class=\"gb-container gb-container-141c614b\">\n\n<p>Lazer teknolojisi 1960&#8217;lardan beri t\u0131p alan\u0131nda kullan\u0131lmaktad\u0131r. Teknolojinin di\u015f hekimli\u011fi d\u00fcnyas\u0131nda kullan\u0131lmaya ba\u015flanmas\u0131 ise 1989 y\u0131ll\u0131n\u0131 bulmu\u015ftur. Bu tarihten sonra lazer di\u015f hekimli\u011fi uygulamalar\u0131n\u0131n sundu\u011fu tutarl\u0131l\u0131k ve kusursuzluk sayesinde di\u015f d\u00fcnyas\u0131ndaki tedavi se\u00e7enekleri \u00e7e\u015fitlendirilmi\u015ftir.. Lazer teknolojisi, matkaplara ve benzeri geleneksel tedavi aletlerine k\u0131yasla daha iyi ve daha h\u0131zl\u0131 bak\u0131m f\u0131rsat\u0131 sunmaktad\u0131r.<\/p>\n\n\n\n<h2 class=\"gb-headline gb-headline-9af12520 gb-headline-text\"><strong><strong>Lazer Di\u015f Hekimli\u011fi Uygulamalar\u0131 Nelerdir?<\/strong><\/strong><\/h2>\n\n\n\n<p>Lazer teknolojisinin di\u015f hekimli\u011fi alan\u0131ndaki d\u00f6n\u00fc\u015ft\u00fcr\u00fcc\u00fc etkisi sayesinde hastalar\u0131m\u0131za tutarl\u0131, konforlu ve verimli bir tedavi s\u00fcreci sunabiliyoruz. Yo\u011funla\u015ft\u0131r\u0131lm\u0131\u015f \u0131\u015f\u0131k enerjisini kullanan yetenekli ve deneyimli di\u015f hekimlerimiz ya\u015fad\u0131\u011f\u0131n\u0131z sorunu ac\u0131s\u0131z ve etkili bir \u015fekilde \u00e7\u00f6z\u00fcyor.<\/p>\n\n\n\n<h2 class=\"gb-headline gb-headline-539917ca gb-headline-text\"><strong>Lazer Di\u015f Hekimli\u011fi Uygulama T\u00fcrleri<\/strong><\/h2>\n\n\n\n<p>Di\u015f hekimli\u011finde d\u00f6rt ana lazer tipi vard\u0131r. Lazer uygulama t\u00fcrleri lazeri kulland\u0131\u011f\u0131m\u0131z y\u00f6nteme g\u00f6re belirlenmi\u015ftir. Kategorizasyon a\u015fa\u011f\u0131daki gibidir:&nbsp;<\/p>\n\n\n\n<ol class=\"wp-block-list\">\n<li>Lazerin materyali<\/li>\n\n\n\n<li>Uygulanabilirlik<\/li>\n\n\n\n<li>Sert veya yumu\u015fak doku&nbsp;<\/li>\n\n\n\n<li>I\u015f\u0131k frekanslar\u0131n\u0131n \u00e7e\u015fitlili\u011fi<\/li>\n<\/ol>\n\n\n\n<p>Bu kategorizasyonun sizi ilgilendiren k\u0131sm\u0131 sert veya yumu\u015fak doku lazerleridir. Sert doku lazerleri di\u015fleri kesmek ve \u00e7\u00fcr\u00fckleri gidermek gibi tedavilerde kemi\u011fi \u015fekillendirmek i\u00e7in kullan\u0131l\u0131rken, yumu\u015fak doku lazerleri di\u015f eti tedavileri ve di\u015f beyazlatma gibi prosed\u00fcrler i\u00e7in kullan\u0131l\u0131r.<\/p>\n\n\n\n<p>Sert doku lazer uygulamalar\u0131 konforlu bir tedavi deneyimi sunar ve sa\u011fl\u0131kl\u0131 di\u015f yap\u0131s\u0131n\u0131 korur. Yumu\u015fak doku lazerler ise tedavi sonras\u0131 h\u0131zl\u0131 iyile\u015fmeyi destekler ve enfeksiyon riskini en aza indirir.<\/p>\n\n\n\n<h2 class=\"gb-headline gb-headline-059907f6 gb-headline-text\"><strong><strong>Vera Smile&#8217;da Lazer Di\u015f Hekimli\u011fi Prosed\u00fcr\u00fc<\/strong><\/strong><\/h2>\n\n\n\n<h3 class=\"gb-headline gb-headline-f4d3d52b gb-headline-text\"><strong><strong>Plan A\u015famas\u0131<\/strong><\/strong><\/h3>\n\n\n\n<p>Bizimle ileti\u015fime ge\u00e7tikten sonra sorununuzu nas\u0131l tedavi edebilece\u011fimizi ve lazer di\u015f uygulamalar\u0131n\u0131n kullan\u0131l\u0131p kullan\u0131lmayaca\u011f\u0131n\u0131 g\u00f6rmek i\u00e7in \u00fccretsiz bir muayeneden ge\u00e7ersiniz. Bir tedavi plan\u0131 \u00fczerinde anla\u015ft\u0131\u011f\u0131m\u0131zda tedavi s\u00fcrecinize ba\u015flar\u0131z.<\/p>\n\n\n\n<h3 class=\"gb-headline gb-headline-4d9849d9 gb-headline-text\"><strong><strong>Tedavi \u00f6ncesi<\/strong><\/strong><\/h3>\n\n\n\n<p>Lazer di\u015f hekimli\u011fi \u00e7e\u015fitli tedaviler i\u00e7in kullan\u0131l\u0131r:<\/p>\n\n\n\n<ul class=\"wp-block-list\">\n<li><strong>Di\u015f \u00e7\u00fcr\u00fc\u011f\u00fc tedavisi:<\/strong> Di\u015f \u00e7\u00fcr\u00fc\u011f\u00fcn\u00fcn erken belirtilerini tespit etmek ve bunlar\u0131 ortadan kald\u0131rmak i\u00e7in lazer kullan\u0131labilir.<\/li>\n\n\n\n<li><strong>Di\u015f hassasiyeti tedavisi: <\/strong>Lazer kullanarak di\u015f k\u00f6k\u00fcndeki dentin t\u00fcb\u00fcllerini kapat\u0131labilir. B\u00f6ylece di\u015fin s\u0131ca\u011fa ve so\u011fu\u011fa verdi\u011fi a\u015f\u0131r\u0131 duyarl\u0131 tepkiyi ortadan kald\u0131r\u0131l\u0131r.<\/li>\n\n\n\n<li><strong>Di\u015f eti tedavileri:<\/strong> Lazerler, di\u015f etinin fazla uzun oldu\u011fu ve di\u015fin \u00f6nemli bir b\u00f6l\u00fcm\u00fcn\u00fc kaplad\u0131\u011f\u0131 &#8216;gummy smile&#8217; problemine bir \u00e7\u00f6z\u00fcm sunarlar.<\/li>\n\n\n\n<li><strong>Lezyon tedavisi:<\/strong> Diki\u015f atmaya gerek kalmadan, lezyonlar olarak da bilinen di\u015f ve di\u015f eti bozukluklar\u0131n\u0131 gidermek i\u00e7in lazer kullan\u0131l\u0131r.<\/li>\n\n\n\n<li><strong>Di\u015f beyazlatma:<\/strong> Lazer, di\u015f beyazlatma s\u00fcrecini iyile\u015ftirerek h\u0131zland\u0131rmam\u0131za yard\u0131mc\u0131 olur.&nbsp;<\/li>\n\n\n\n<li><strong>Frenulum tedavisi:<\/strong> <a href=\"https:\/\/www.verasmile.com\/tr\/frenektomi-ve-ertelemenin-tehlikeleri\/\">Frenulum<\/a> olarak da bilinen dilin \u00f6n k\u0131sm\u0131n\u0131n alt\u0131nda a\u011f\u0131z taban\u0131na ba\u011flanan deri k\u0131vr\u0131m\u0131 kal\u0131n veya s\u0131k\u0131 olan ki\u015filer, lazer frenektomi ameliyat\u0131 ile rahatlayabilirler. Bu tedavi genellikle dil ba\u011f\u0131, emzirmede zorluk veya frenulum nedeniyle konu\u015fma bozukluklar\u0131 gibi sorunlar ya\u015fayan \u00e7ocuklara yard\u0131mc\u0131 olur.<\/li>\n<\/ul>\n\n\n\n<p>Tedavi plan\u0131n\u0131z\u0131n i\u015flevselli\u011finden emin olmak i\u00e7in ana tedavi \u00f6ncesi baz\u0131 testler ve y\u00fcz y\u00fcze bir g\u00f6r\u00fc\u015ft\u00fcrme ger\u00e7ekle\u015ftiririz. \u0130stedi\u011fimiz sonu\u00e7lar\u0131 elde etmek i\u00e7in gerekirse tedavi plan\u0131n\u0131z\u0131 g\u00fcncelleriz. Yukar\u0131da s\u0131ralad\u0131\u011f\u0131m\u0131z sorunlara haz\u0131rlad\u0131\u011f\u0131m\u0131z tedavi plan\u0131 ile \u00e7\u00f6z\u00fcm buluruz.<\/p>\n\n\n\n<h3 class=\"gb-headline gb-headline-9e963eb2 gb-headline-text\"><strong><strong>Tedavi<\/strong><\/strong><\/h3>\n\n\n\n<p>Lazer tedavisi \u00e7ok basit bir tedavidir. Daha \u00f6nce di\u015f hekimi ziyaretinden ka\u00e7\u0131nman\u0131za neden olabilecek matkap veya benzeri ekipmanlar lazen tedavisi i\u00e7in kullan\u0131lmak. Sizi ne i\u00e7in tedavi ediyor olursak olal\u0131m prosed\u00fcr a\u011fr\u0131s\u0131zd\u0131r.<\/p>\n\n\n\n<h3 class=\"gb-headline gb-headline-f92805e0 gb-headline-text\"><strong><strong>Tedavi sonras\u0131<\/strong><\/strong><\/h3>\n\n\n\n<p>Lazer tedavilerinin enfeksiyon kapma veya i\u015flem sonras\u0131 a\u011fr\u0131ya neden olma ihtimali di\u011fer tedavi \u00e7e\u015fitlerinden daha d\u00fc\u015f\u00fckt\u00fcr. Tek yapman\u0131z gereken iyile\u015fme s\u00fcrecini daha rahat atlatmak i\u00e7in tavsiyelerimize uymakt\u0131r. Ancakmge\u00e7meyen \u015fiddetli a\u011fr\u0131n\u0131z ve \u015fi\u015fli\u011finiz varsa, bizimle ileti\u015fime ge\u00e7meli ve kontrol ettirmelisiniz.<\/p>\n\n\n\n<h2 class=\"gb-headline gb-headline-011689fe gb-headline-text\"><strong><strong>Neden Vera Smile?&nbsp;<\/strong><\/strong><\/h2>\n\n\n\n<p>S\u0131cak bir ortamda ki\u015fiselle\u015ftirilmi\u015f tedavi f\u0131rsat\u0131 sunarak s\u00fcreci sizin i\u00e7in konforlu hale getiriyoruz. Vera Smile&#8217;da her g\u00fcl\u00fc\u015f\u00fcn benzersiz oldu\u011funa ve her hasta i\u00e7in \u00f6zel tedavi plan\u0131 tasarlanmas\u0131 gerekti\u011fine inan\u0131yoruz. G\u00fcl\u00fc\u015f\u00fcn\u00fcz\u00fc sizin &#8216;esteti\u011finize&#8217; uyacak ve sizi tamamlayacak \u015fekilde tasarl\u0131yoruz. Tedavi s\u00fcrecini rahat ve problemsiz tamamlayarak sizlere ev ortam\u0131nda kesin sonu\u00e7lar garanti ediyoruz.<\/p>\n\n\n\n<p>Vera Smile, sizi sizin i\u00e7in \u00f6zel olarak tasarlanm\u0131\u015f d\u00f6n\u00fc\u015ft\u00fcr\u00fcc\u00fc bir yolculu\u011fa \u00e7\u0131kar\u0131yor. Bize ula\u015farak bu yolculu\u011fa bug\u00fcn ba\u015flayabilirsiniz!<\/p>\n\n\n\n<h2 class=\"gb-headline gb-headline-a96ac834 gb-headline-text\"><strong><strong>S\u0131k Sorulan Sorular<\/strong><\/strong><\/h2>\n\n\n\n<h3 class=\"gb-headline gb-headline-a652dede gb-headline-text\"><strong>Lazer di\u015f hekimli\u011fi uygulamalar\u0131n\u0131n dezavantajlar\u0131 nelerdir?<\/strong><\/h3>\n\n\n\n<p>Lazer uygulamalar\u0131 genellikle di\u011fer di\u015f tedavilerinden daha pahal\u0131d\u0131r. Avantajlar\u0131na ra\u011fmen, t\u00fcm tedaviler i\u00e7in lazer kullan\u0131lamaz. Buna ek olarak, durumunuz \u00e7e\u015fitli tedavilerin bir kombinasyonunu gerektiriyorsa, s\u00fcreci tamamlamak i\u00e7in yine de sondaj, anestezi ve benzer ekipmanlara ve uygulamalara ba\u015fvurmam\u0131z gerekebilir.<\/p>\n\n\n\n<h3 class=\"gb-headline gb-headline-df37aedb gb-headline-text\"><strong>Lazerle di\u015f temizli\u011fi yapmak mant\u0131kl\u0131 m\u0131?<\/strong><\/h3>\n\n\n\n<p>Kesinlikle, lazerle di\u015f temizli\u011fi di\u015f etlerinin sa\u011fl\u0131\u011f\u0131n\u0131 geri kazand\u0131rmak i\u00e7in olduk\u00e7a etkili bir \u00e7\u00f6z\u00fcmd\u00fcr ve ciddi a\u011f\u0131z sa\u011fl\u0131\u011f\u0131 sorunlar\u0131 ya\u015fama riskini en aza indirir.<\/p>\n\n\n\n<h3 class=\"gb-headline gb-headline-ed99915c gb-headline-text\"><strong>Lazer di\u015f hekimli\u011fi ne i\u00e7in kullan\u0131l\u0131r?<\/strong><\/h3>\n\n\n\n<p>Lazerler di\u015f beyazlatma, dolgular, di\u015f eti hastal\u0131klar\u0131, di\u015f hassasiyeti, doku d\u00fczeltmeleri ve benzeri tedavileri i\u00e7in harikad\u0131r. Sizi inceledikten sonra sorunlar\u0131n\u0131z\u0131 \u00e7\u00f6zmek i\u00e7in sizin i\u00e7in en iyi lazer tedavisinin ne oldu\u011funu konu\u015furuz. Sonras\u0131nda olu\u015fturaca\u011f\u0131m\u0131z plana g\u00f6re, birden fazla sorununuz i\u00e7in lazer di\u015f hekimli\u011fi tedavisi alabilirsiniz!<\/p>\n\n\n\n<h3 class=\"gb-headline gb-headline-b5d3b31b gb-headline-text\"><strong>Lazer di\u015f hekimli\u011finin faydalar\u0131 nelerdir?<\/strong><\/h3>\n\n\n\n<p>Lazer uygulamalar\u0131 geleneksel y\u00f6ntemlere g\u00f6re a\u011fr\u0131s\u0131zd\u0131r. Ayr\u0131ca kanamay\u0131 ve \u015fi\u015fli\u011fi azaltabilir, daha h\u0131zl\u0131 iyile\u015fmeyi te\u015fvik edebilir ve daha kesin sonu\u00e7lar\u0131n garantisini verir.<\/p>\n\n\n\n<h3 class=\"gb-headline gb-headline-5da44d5c gb-headline-text\">Lazer di\u015f hekimli\u011fi g\u00fcvenli midir?<\/h3>\n\n\n\n<p>Evet, lazer di\u015f hekimli\u011fi e\u011fitimli ve deneyimli bir di\u015f hekimi taraf\u0131ndan yap\u0131ld\u0131\u011f\u0131nda olduk\u00e7a g\u00fcvenlidir.<\/p>\n\n\n\n<h3 class=\"gb-headline gb-headline-6178acd9 gb-headline-text\">Lazer di\u015f prosed\u00fcrleri i\u00e7in \u00f6zel bir haz\u0131rl\u0131k gerekli midir?<\/h3>\n\n\n\n<p>Di\u015f hekiminiz lazer di\u015f prosed\u00fcr\u00fcn\u00fcze haz\u0131rlanmak i\u00e7in sizlere \u00f6zel talimatlar verecektir, ancak genellikle i\u015flemden \u00f6nce belirli bir s\u00fcre yemekten veya i\u00e7mekten ka\u00e7\u0131nman\u0131z tavsiye edilir.<\/p>\n\n\n\n<h3 class=\"gb-headline gb-headline-8013c32b gb-headline-text\">Lazer di\u015f hekimli\u011fi a\u011fr\u0131l\u0131 m\u0131d\u0131r?<\/h3>\n\n\n\n<p>Lazer di\u015f hekimli\u011fi geleneksel y\u00f6ntemlere g\u00f6re daha az a\u011fr\u0131l\u0131d\u0131r, ancak yine de i\u015flem s\u0131ras\u0131nda veya sonras\u0131nda biraz rahats\u0131zl\u0131k hissedebilirsiniz.<\/p>\n\n\n\n<h3 class=\"gb-headline gb-headline-cb757b24 gb-headline-text\">Lazer di\u015f prosed\u00fcr\u00fcnden sonra iyile\u015fmek ne kadar s\u00fcrer?<\/h3>\n\n\n\n<p>\u0130yile\u015fme s\u00fcresi belirli prosed\u00fcre ba\u011fl\u0131 olarak de\u011fi\u015febilir, ancak lazer di\u015f prosed\u00fcrleri geleneksel y\u00f6ntemlerden daha k\u0131sa bir iyile\u015fme s\u00fcresine sahiptir.<\/p>\n\n<\/div><\/div>\n\n<div class=\"gb-grid-column gb-grid-column-9795dbe7\"><div class=\"gb-container gb-container-9795dbe7 contact-sticky\">\n\n<h4 class=\"gb-headline gb-headline-83925198 gb-headline-text\">Randevu olu\u015fturun<\/h4>\n\n\n\n<script charset=\"utf-8\" type=\"text\/javascript\" src=\"\/\/js.hsforms.net\/forms\/embed\/v2.js\"><\/script>\n<script>\n  hbspt.forms.create({\n    region: \"na1\",\n    portalId: \"5077067\",\n    formId: \"2cb7f4ae-75c7-40a0-ba30-dd2504928ef8\"\n  });\n<\/script>\n\n<\/div><\/div>\n<\/div>\n<\/div>","protected":false},"excerpt":{"rendered":"","protected":false},"author":1,"featured_media":13776,"parent":0,"menu_order":0,"comment_status":"closed","ping_status":"closed","template":"","meta":{"inline_featured_image":false,"footnotes":""},"class_list":{"0":"post-13773","1":"page","2":"type-page","3":"status-publish","4":"has-post-thumbnail","6":"resize-featured-image"},"lang":"tr","translations":{"en":1740,"fr":12867,"pt-pt":12910,"es":12944,"de":12964,"it":13102,"ar":13173,"tr":13773},"yoast_head":"<!-- This site is optimized with the Yoast SEO Premium plugin v27.4 (Yoast SEO v27.4) - https:\/\/yoast.com\/product\/yoast-seo-premium-wordpress\/ -->\n<title>Lazer Di\u015f Hekimli\u011fi Uygulamalar\u0131 - Vera Smile<\/title>\n<meta name=\"description\" content=\"Vera Smile&#039;da lazer di\u015f hekimli\u011finin avantajlar\u0131n\u0131 deneyimleyin: \u00e7e\u015fitli di\u015f rahats\u0131zl\u0131klar\u0131 i\u00e7in hassas, etkili ve konforlu tedaviler.\" \/>\n<meta name=\"robots\" content=\"index, follow, max-snippet:-1, max-image-preview:large, max-video-preview:-1\" \/>\n<link rel=\"canonical\" href=\"https:\/\/www.verasmile.com\/tr\/lazer-dis-hekimligi-uygulamalari\/\" \/>\n<meta property=\"og:locale\" content=\"tr_TR\" \/>\n<meta property=\"og:type\" content=\"article\" \/>\n<meta property=\"og:title\" content=\"Lazer Di\u015f Hekimli\u011fi Uygulamalar\u0131\" \/>\n<meta property=\"og:description\" content=\"Vera Smile&#039;da lazer di\u015f hekimli\u011finin avantajlar\u0131n\u0131 deneyimleyin: \u00e7e\u015fitli di\u015f rahats\u0131zl\u0131klar\u0131 i\u00e7in hassas, etkili ve konforlu tedaviler.\" \/>\n<meta property=\"og:url\" content=\"https:\/\/www.verasmile.com\/tr\/lazer-dis-hekimligi-uygulamalari\/\" \/>\n<meta property=\"og:site_name\" content=\"Vera Smile\" \/>\n<meta property=\"article:publisher\" content=\"https:\/\/www.facebook.com\/VeraSmileDental\/\" \/>\n<meta property=\"article:modified_time\" content=\"2024-08-06T12:41:00+00:00\" \/>\n<meta property=\"og:image\" content=\"https:\/\/www.verasmile.com\/wp-content\/uploads\/2024\/02\/Laser-Dentistry.webp\" \/>\n\t<meta property=\"og:image:width\" content=\"1440\" \/>\n\t<meta property=\"og:image:height\" content=\"800\" \/>\n\t<meta property=\"og:image:type\" content=\"image\/webp\" \/>\n<meta name=\"twitter:card\" content=\"summary_large_image\" \/>\n<meta name=\"twitter:label1\" content=\"Tahmini okuma s\u00fcresi\" \/>\n\t<meta name=\"twitter:data1\" content=\"4 dakika\" \/>\n<script type=\"application\/ld+json\" class=\"yoast-schema-graph\">{\"@context\":\"https:\\\/\\\/schema.org\",\"@graph\":[{\"@type\":\"WebPage\",\"@id\":\"https:\\\/\\\/www.verasmile.com\\\/tr\\\/lazer-dis-hekimligi-uygulamalari\\\/\",\"url\":\"https:\\\/\\\/www.verasmile.com\\\/tr\\\/lazer-dis-hekimligi-uygulamalari\\\/\",\"name\":\"Lazer Di\u015f Hekimli\u011fi Uygulamalar\u0131 - Vera Smile\",\"isPartOf\":{\"@id\":\"https:\\\/\\\/www.verasmile.com\\\/tr\\\/#website\"},\"primaryImageOfPage\":{\"@id\":\"https:\\\/\\\/www.verasmile.com\\\/tr\\\/lazer-dis-hekimligi-uygulamalari\\\/#primaryimage\"},\"image\":{\"@id\":\"https:\\\/\\\/www.verasmile.com\\\/tr\\\/lazer-dis-hekimligi-uygulamalari\\\/#primaryimage\"},\"thumbnailUrl\":\"https:\\\/\\\/www.verasmile.com\\\/wp-content\\\/uploads\\\/2024\\\/02\\\/Laser-Dentistry.webp\",\"datePublished\":\"2023-07-07T09:47:26+00:00\",\"dateModified\":\"2024-08-06T12:41:00+00:00\",\"description\":\"Vera Smile'da lazer di\u015f hekimli\u011finin avantajlar\u0131n\u0131 deneyimleyin: \u00e7e\u015fitli di\u015f rahats\u0131zl\u0131klar\u0131 i\u00e7in hassas, etkili ve konforlu tedaviler.\",\"breadcrumb\":{\"@id\":\"https:\\\/\\\/www.verasmile.com\\\/tr\\\/lazer-dis-hekimligi-uygulamalari\\\/#breadcrumb\"},\"inLanguage\":\"tr\",\"potentialAction\":[{\"@type\":\"ReadAction\",\"target\":[\"https:\\\/\\\/www.verasmile.com\\\/tr\\\/lazer-dis-hekimligi-uygulamalari\\\/\"]}]},{\"@type\":\"ImageObject\",\"inLanguage\":\"tr\",\"@id\":\"https:\\\/\\\/www.verasmile.com\\\/tr\\\/lazer-dis-hekimligi-uygulamalari\\\/#primaryimage\",\"url\":\"https:\\\/\\\/www.verasmile.com\\\/wp-content\\\/uploads\\\/2024\\\/02\\\/Laser-Dentistry.webp\",\"contentUrl\":\"https:\\\/\\\/www.verasmile.com\\\/wp-content\\\/uploads\\\/2024\\\/02\\\/Laser-Dentistry.webp\",\"width\":1440,\"height\":800,\"caption\":\"lazer di\u015f hekimli\u011fi\"},{\"@type\":\"BreadcrumbList\",\"@id\":\"https:\\\/\\\/www.verasmile.com\\\/tr\\\/lazer-dis-hekimligi-uygulamalari\\\/#breadcrumb\",\"itemListElement\":[{\"@type\":\"ListItem\",\"position\":1,\"name\":\"Home\",\"item\":\"https:\\\/\\\/www.verasmile.com\\\/tr\\\/\"},{\"@type\":\"ListItem\",\"position\":2,\"name\":\"Lazer Di\u015f Hekimli\u011fi Uygulamalar\u0131\"}]},{\"@type\":\"WebSite\",\"@id\":\"https:\\\/\\\/www.verasmile.com\\\/tr\\\/#website\",\"url\":\"https:\\\/\\\/www.verasmile.com\\\/tr\\\/\",\"name\":\"Vera Smile Dental Clinic\",\"description\":\"Dental Clinic in Turkey, Istanbul 2026\",\"publisher\":{\"@id\":\"https:\\\/\\\/www.verasmile.com\\\/tr\\\/#organization\"},\"potentialAction\":[{\"@type\":\"SearchAction\",\"target\":{\"@type\":\"EntryPoint\",\"urlTemplate\":\"https:\\\/\\\/www.verasmile.com\\\/tr\\\/?s={search_term_string}\"},\"query-input\":{\"@type\":\"PropertyValueSpecification\",\"valueRequired\":true,\"valueName\":\"search_term_string\"}}],\"inLanguage\":\"tr\"},{\"@type\":\"Organization\",\"@id\":\"https:\\\/\\\/www.verasmile.com\\\/tr\\\/#organization\",\"name\":\"Vera Smile Dental Clinic\",\"url\":\"https:\\\/\\\/www.verasmile.com\\\/tr\\\/\",\"logo\":{\"@type\":\"ImageObject\",\"inLanguage\":\"tr\",\"@id\":\"https:\\\/\\\/www.verasmile.com\\\/tr\\\/#\\\/schema\\\/logo\\\/image\\\/\",\"url\":\"https:\\\/\\\/www.verasmile.com\\\/wp-content\\\/uploads\\\/2026\\\/02\\\/Birles\u0327ik-Logo-scaled.png\",\"contentUrl\":\"https:\\\/\\\/www.verasmile.com\\\/wp-content\\\/uploads\\\/2026\\\/02\\\/Birles\u0327ik-Logo-scaled.png\",\"width\":2560,\"height\":244,\"caption\":\"Vera Smile Dental Clinic\"},\"image\":{\"@id\":\"https:\\\/\\\/www.verasmile.com\\\/tr\\\/#\\\/schema\\\/logo\\\/image\\\/\"},\"sameAs\":[\"https:\\\/\\\/www.facebook.com\\\/VeraSmileDental\\\/\",\"https:\\\/\\\/www.instagram.com\\\/verasmile.dental\\\/\"]}]}<\/script>\n<!-- \/ Yoast SEO Premium plugin. -->","yoast_head_json":{"title":"Lazer Di\u015f Hekimli\u011fi Uygulamalar\u0131 - Vera Smile","description":"Vera Smile'da lazer di\u015f hekimli\u011finin avantajlar\u0131n\u0131 deneyimleyin: \u00e7e\u015fitli di\u015f rahats\u0131zl\u0131klar\u0131 i\u00e7in hassas, etkili ve konforlu tedaviler.","robots":{"index":"index","follow":"follow","max-snippet":"max-snippet:-1","max-image-preview":"max-image-preview:large","max-video-preview":"max-video-preview:-1"},"canonical":"https:\/\/www.verasmile.com\/tr\/lazer-dis-hekimligi-uygulamalari\/","og_locale":"tr_TR","og_type":"article","og_title":"Lazer Di\u015f Hekimli\u011fi Uygulamalar\u0131","og_description":"Vera Smile'da lazer di\u015f hekimli\u011finin avantajlar\u0131n\u0131 deneyimleyin: \u00e7e\u015fitli di\u015f rahats\u0131zl\u0131klar\u0131 i\u00e7in hassas, etkili ve konforlu tedaviler.","og_url":"https:\/\/www.verasmile.com\/tr\/lazer-dis-hekimligi-uygulamalari\/","og_site_name":"Vera Smile","article_publisher":"https:\/\/www.facebook.com\/VeraSmileDental\/","article_modified_time":"2024-08-06T12:41:00+00:00","og_image":[{"width":1440,"height":800,"url":"https:\/\/www.verasmile.com\/wp-content\/uploads\/2024\/02\/Laser-Dentistry.webp","type":"image\/webp"}],"twitter_card":"summary_large_image","twitter_misc":{"Tahmini okuma s\u00fcresi":"4 dakika"},"schema":{"@context":"https:\/\/schema.org","@graph":[{"@type":"WebPage","@id":"https:\/\/www.verasmile.com\/tr\/lazer-dis-hekimligi-uygulamalari\/","url":"https:\/\/www.verasmile.com\/tr\/lazer-dis-hekimligi-uygulamalari\/","name":"Lazer Di\u015f Hekimli\u011fi Uygulamalar\u0131 - Vera Smile","isPartOf":{"@id":"https:\/\/www.verasmile.com\/tr\/#website"},"primaryImageOfPage":{"@id":"https:\/\/www.verasmile.com\/tr\/lazer-dis-hekimligi-uygulamalari\/#primaryimage"},"image":{"@id":"https:\/\/www.verasmile.com\/tr\/lazer-dis-hekimligi-uygulamalari\/#primaryimage"},"thumbnailUrl":"https:\/\/www.verasmile.com\/wp-content\/uploads\/2024\/02\/Laser-Dentistry.webp","datePublished":"2023-07-07T09:47:26+00:00","dateModified":"2024-08-06T12:41:00+00:00","description":"Vera Smile'da lazer di\u015f hekimli\u011finin avantajlar\u0131n\u0131 deneyimleyin: \u00e7e\u015fitli di\u015f rahats\u0131zl\u0131klar\u0131 i\u00e7in hassas, etkili ve konforlu tedaviler.","breadcrumb":{"@id":"https:\/\/www.verasmile.com\/tr\/lazer-dis-hekimligi-uygulamalari\/#breadcrumb"},"inLanguage":"tr","potentialAction":[{"@type":"ReadAction","target":["https:\/\/www.verasmile.com\/tr\/lazer-dis-hekimligi-uygulamalari\/"]}]},{"@type":"ImageObject","inLanguage":"tr","@id":"https:\/\/www.verasmile.com\/tr\/lazer-dis-hekimligi-uygulamalari\/#primaryimage","url":"https:\/\/www.verasmile.com\/wp-content\/uploads\/2024\/02\/Laser-Dentistry.webp","contentUrl":"https:\/\/www.verasmile.com\/wp-content\/uploads\/2024\/02\/Laser-Dentistry.webp","width":1440,"height":800,"caption":"lazer di\u015f hekimli\u011fi"},{"@type":"BreadcrumbList","@id":"https:\/\/www.verasmile.com\/tr\/lazer-dis-hekimligi-uygulamalari\/#breadcrumb","itemListElement":[{"@type":"ListItem","position":1,"name":"Home","item":"https:\/\/www.verasmile.com\/tr\/"},{"@type":"ListItem","position":2,"name":"Lazer Di\u015f Hekimli\u011fi Uygulamalar\u0131"}]},{"@type":"WebSite","@id":"https:\/\/www.verasmile.com\/tr\/#website","url":"https:\/\/www.verasmile.com\/tr\/","name":"Vera Smile Dental Clinic","description":"Dental Clinic in Turkey, Istanbul 2026","publisher":{"@id":"https:\/\/www.verasmile.com\/tr\/#organization"},"potentialAction":[{"@type":"SearchAction","target":{"@type":"EntryPoint","urlTemplate":"https:\/\/www.verasmile.com\/tr\/?s={search_term_string}"},"query-input":{"@type":"PropertyValueSpecification","valueRequired":true,"valueName":"search_term_string"}}],"inLanguage":"tr"},{"@type":"Organization","@id":"https:\/\/www.verasmile.com\/tr\/#organization","name":"Vera Smile Dental Clinic","url":"https:\/\/www.verasmile.com\/tr\/","logo":{"@type":"ImageObject","inLanguage":"tr","@id":"https:\/\/www.verasmile.com\/tr\/#\/schema\/logo\/image\/","url":"https:\/\/www.verasmile.com\/wp-content\/uploads\/2026\/02\/Birles\u0327ik-Logo-scaled.png","contentUrl":"https:\/\/www.verasmile.com\/wp-content\/uploads\/2026\/02\/Birles\u0327ik-Logo-scaled.png","width":2560,"height":244,"caption":"Vera Smile Dental Clinic"},"image":{"@id":"https:\/\/www.verasmile.com\/tr\/#\/schema\/logo\/image\/"},"sameAs":["https:\/\/www.facebook.com\/VeraSmileDental\/","https:\/\/www.instagram.com\/verasmile.dental\/"]}]}},"_links":{"self":[{"href":"https:\/\/www.verasmile.com\/tr\/wp-json\/wp\/v2\/pages\/13773","targetHints":{"allow":["GET"]}}],"collection":[{"href":"https:\/\/www.verasmile.com\/tr\/wp-json\/wp\/v2\/pages"}],"about":[{"href":"https:\/\/www.verasmile.com\/tr\/wp-json\/wp\/v2\/types\/page"}],"author":[{"embeddable":true,"href":"https:\/\/www.verasmile.com\/tr\/wp-json\/wp\/v2\/users\/1"}],"replies":[{"embeddable":true,"href":"https:\/\/www.verasmile.com\/tr\/wp-json\/wp\/v2\/comments?post=13773"}],"version-history":[{"count":0,"href":"https:\/\/www.verasmile.com\/tr\/wp-json\/wp\/v2\/pages\/13773\/revisions"}],"wp:featuredmedia":[{"embeddable":true,"href":"https:\/\/www.verasmile.com\/tr\/wp-json\/wp\/v2\/media\/13776"}],"wp:attachment":[{"href":"https:\/\/www.verasmile.com\/tr\/wp-json\/wp\/v2\/media?parent=13773"}],"curies":[{"name":"wp","href":"https:\/\/api.w.org\/{rel}","templated":true}]}}