{"id":13829,"date":"2023-07-07T12:52:52","date_gmt":"2023-07-07T09:52:52","guid":{"rendered":"https:\/\/www.verasmile.com\/?page_id=13829"},"modified":"2024-08-06T15:41:37","modified_gmt":"2024-08-06T12:41:37","slug":"gummy-smile","status":"publish","type":"page","link":"https:\/\/www.verasmile.com\/tr\/gummy-smile\/","title":{"rendered":"Gummy Smile"},"content":{"rendered":"<div class=\"gb-container gb-container-453dcd86\">\n<div class=\"gb-grid-wrapper gb-grid-wrapper-6232a014\">\n<div class=\"gb-grid-column gb-grid-column-141c614b\"><div class=\"gb-container gb-container-141c614b\">\n\n<p>Her g\u00fcl\u00fcmseme, e\u015fsiz karakteri ve ne\u015feyi yans\u0131tan \u00f6zel ve tatl\u0131 bir mutluluk ifadesidir. Baz\u0131 g\u00fcl\u00fcmsemeler ba\u015fkalar\u0131na g\u00f6re di\u015f ve di\u015f eti orant\u0131s\u0131 konusunda sorun ya\u015far. Bu durum Gummy Smile olarak bilinir. Gummy smile t\u0131bbi bir risk te\u015fkil etmese de, bireyler i\u00e7in kozmetik bir endi\u015fe kayna\u011f\u0131 olabilir. Neyse ki, kozmetik di\u015f hekimli\u011fi bu sorunu gidermek i\u00e7in \u00e7e\u015fitli \u00e7\u00f6z\u00fcmler sunmaktad\u0131r.<\/p>\n\n\n\n<h2 class=\"gb-headline gb-headline-e75be495 gb-headline-text\"><strong><strong>Gummy smile nedir?<\/strong><\/strong><\/h2>\n\n\n\n<p>Gummy smile, ki\u015fi g\u00fcl\u00fcmsedi\u011finde \u00f6nemli miktarda di\u015f eti dokusunun g\u00f6r\u00fcn\u00fcr olmas\u0131 olarak tan\u0131mlan\u0131r. \u00c7o\u011fu insan\u0131n sahip oldu\u011fu yayg\u0131n bir durumdur. Vakalar\u0131n \u00e7o\u011fu t\u0131bbi bir sorun i\u00e7ermez, ayr\u0131ca bu tip bir g\u00fcl\u00fc\u015fe sahip olan herkes g\u00f6r\u00fcn\u00fc\u015f\u00fcn\u00fc de\u011fi\u015ftirmek istemez. Ancak ki\u015finin \u00f6z sayg\u0131s\u0131 bundan etkilenebilir.<\/p>\n\n\n\n<p>G\u00fcl\u00fc\u015flerinin g\u00f6r\u00fcn\u00fcm\u00fcn\u00fc de\u011fi\u015ftirmek isteyen bireyler i\u00e7in di\u015f d\u00fcnyas\u0131 di\u011fer sorunlar gibi di\u015f ve di\u015f eti orant\u0131s\u0131zl\u0131\u011f\u0131 sorununa da \u00e7\u00f6z\u00fcmler geli\u015ftirmi\u015ftir.<\/p>\n\n\n\n<h2 class=\"gb-headline gb-headline-30025e9f gb-headline-text\"><strong><strong>Gummy smile i\u00e7in \u00d6nerilen Tedaviler<\/strong><\/strong><\/h2>\n\n\n\n<p>Di\u015f ve di\u015f eti orant\u0131s\u0131zl\u0131\u011f\u0131n\u0131 ele almak i\u00e7in kulland\u0131\u011f\u0131m\u0131z birden fazla etkili tedavi vard\u0131r.<\/p>\n\n\n\n<h3 class=\"gb-headline gb-headline-c3962956 gb-headline-text\"><strong><strong>Kron boyu uzatma:<\/strong><\/strong><\/h3>\n\n\n\n<p>G\u00fclerken di\u015f etinizin fazla g\u00f6r\u00fcnd\u00fc\u011f\u00fcn\u00fc d\u00fc\u015f\u00fcn\u00fcyorsan\u0131z kron uzatma, g\u00fcl\u00fc\u015f\u00fcn\u00fcz\u00fcn daha iyi g\u00f6r\u00fcnmesini sa\u011flamak i\u00e7in di\u015flerinizi uzatarak di\u015f etinizin k\u00fc\u00e7\u00fclmesine ve daha orant\u0131l\u0131 bir g\u00fcl\u00fc\u015fe sahip olman\u0131za yard\u0131mc\u0131 olur.<\/p>\n\n\n\n<h3 class=\"gb-headline gb-headline-0e78d4bd gb-headline-text\"><strong><strong>Enjeksiyonlar (dudak dolgusu) ve botoks:<\/strong><\/strong><\/h3>\n\n\n\n<p>Enjeksiyonlar\u0131 sadece kozmetik i\u00e7in de\u011fil, t\u0131p d\u00fcnyas\u0131nda pek \u00e7ok \u015fey i\u00e7in kullan\u0131yoruz. Orant\u0131s\u0131z g\u00fcl\u00fcmsemeleri d\u00fczeltmek i\u00e7in de enjeksiyon kullan\u0131lmaktad\u0131r. Botoks enjeksiyonlar\u0131 ile \u00fcst duda\u011f\u0131 al\u00e7altarak ve dolgu maddeleri ile dolgunla\u015ft\u0131rarak 3 milimetreden fazla olan di\u015f etlerini gizleyebilmekteyiz.<\/p>\n\n\n\n<p>Tipik olarak hyaluronik asit veya kolajenden yap\u0131lan dolgu maddeleri dudaklar\u0131n\u0131za hacim ve nem katar. Bu prosed\u00fcr bir saat veya daha k\u0131sa s\u00fcrede tamamlanabilir ve daha estetik ve sa\u011fl\u0131kl\u0131 bir \u015fekilde g\u00fcl\u00fcmsemenizi sa\u011flar. Optimum sonu\u00e7lar i\u00e7in bu tedavileri s\u0131kl\u0131kla birle\u015ftirerek bir tedavi paketi halinde sunmaktay\u0131z.<\/p>\n\n\n\n<h3 class=\"gb-headline gb-headline-e5a92394 gb-headline-text\"><strong><strong>Lazer cerrahisi:<\/strong><\/strong><\/h3>\n\n\n\n<p>Lazer cerrahisi bir\u00e7ok di\u015f tedavisinde bize yard\u0131mc\u0131 olmaktad\u0131r. Buna di\u015f eti ve di\u015f orant\u0131s\u0131 bulunmayan g\u00fcl\u00fcmsemeler de dahildir. Bir \u0131\u015f\u0131k demeti yard\u0131m\u0131yla di\u015f etlerinizi \u015fekillendirebilir ve hayalinizdeki g\u00fcl\u00fcmsemeyi yaratabiliriz.<\/p>\n\n\n\n<h3 class=\"gb-headline gb-headline-a80a1457 gb-headline-text\"><strong><strong>Gingivektomi \/ Di\u015f Eti Ameliyat\u0131<\/strong><\/strong><\/h3>\n\n\n\n<p>Gingivektomi ile di\u015f etlerinizin daha k\u00fc\u00e7\u00fck g\u00f6r\u00fcnmesini sa\u011flamak ve hayalinizdeki g\u00fcl\u00fcmsemeye ula\u015fmak i\u00e7in di\u015f eti dokusunda k\u00fc\u00e7\u00fck kesiler yap\u0131yoruz. Ameliyat k\u0131sa ve a\u011fr\u0131s\u0131z s\u00fcr\u00fcyor.<\/p>\n\n\n\n<h2 class=\"gb-headline gb-headline-f1acb0c2 gb-headline-text\"><strong>Vera Smile&#8217;da Gummy Smile Prosed\u00fcr\u00fc<\/strong><\/h2>\n\n\n\n<p>Vera Smile&#8217;da t\u00fcm gummy smile tedavileri b\u00fcy\u00fck bir \u00f6zenle ger\u00e7ekle\u015ftirilir ve g\u00fcl\u00fc\u015f\u00fcn\u00fcz\u00fcn hem i\u015flevsel hem de estetik y\u00f6nlerine odaklan\u0131l\u0131r. D\u00f6n\u00fc\u015f\u00fcm yolculu\u011funuz boyunca, her ad\u0131mda rahat\u0131n\u0131z\u0131 ve mutlulu\u011funuzu sa\u011flamak i\u00e7in \u00e7al\u0131\u015f\u0131yoruz.<\/p>\n\n\n\n<h3 class=\"gb-headline gb-headline-4c28fdc9 gb-headline-text\"><strong><strong>Tedavi \u00f6ncesi<\/strong><\/strong><\/h3>\n\n\n\n<p>Bizimle ileti\u015fime ge\u00e7tikten sonra sizi klini\u011fimiz ve sundu\u011fumuz uzmanl\u0131k hakk\u0131nda bilgilendiriyoruz. Size \u00f6zel bir tedavi plan\u0131 olu\u015fturuyoruz. Tedavi plan\u0131 konusunda ayn\u0131 fikirde oldu\u011fumuzda testler k\u0131sm\u0131na ge\u00e7iyoruz. T\u0131bbi ge\u00e7mi\u015finizi \u00f6\u011freniyor, r\u00f6ntgenler \u00e7ekiyor, testler yap\u0131yor ve tedaviye uyumlu olup olmad\u0131\u011f\u0131n\u0131z\u0131 \u00f6\u011freniyoruz. Uygun oldu\u011funuz takdirde tedavinize ba\u015fl\u0131yoruz.&nbsp;<\/p>\n\n\n\n<h3 class=\"gb-headline gb-headline-7c886ef0 gb-headline-text\"><strong><strong>Tedavi<\/strong><\/strong><\/h3>\n\n\n\n<p>Alaca\u011f\u0131n\u0131z tedaviye veya kombine tedavilere g\u00f6re i\u015flem s\u00fcreci farkl\u0131 olacakt\u0131r.<\/p>\n\n\n\n<figure class=\"wp-block-table is-style-stripes\"><table class=\"has-base-background-color has-background\"><tbody><tr><td><strong><strong>Tedavi<\/strong><\/strong><\/td><td><strong><strong>S\u00fcre\u00e7<\/strong><\/strong><\/td><\/tr><tr><td><strong><strong>Kron boyu uzatma<\/strong><\/strong><\/td><td>\u0130\u015flem s\u0131ras\u0131nda di\u015f eti dokunuzu yeniden \u015fekillendiriyor ve di\u015flerinizin \u00fczerine oturacak uygun kaplamalar\u0131 haz\u0131rl\u0131yoruz. Ana prosed\u00fcr en fazla 1 ila 2 saat s\u00fcrer.<\/td><\/tr><tr><td><strong>Injections &amp; Boto<\/strong>x<\/td><td>\u00dcst dudak kaslar\u0131n\u0131za az miktarda botulinum toksini enjekte ediyoruz ve onlar\u0131 gev\u015fetiyoruz. \u0130yile\u015fme s\u00fcresi \u00e7ok h\u0131zl\u0131 olsa da, nihai sonu\u00e7lar\u0131 g\u00f6rmek i\u00e7in en az iki haftaya ihtiyac\u0131n\u0131z olacakt\u0131r.<\/td><\/tr><tr><td><strong><strong>Lazer cerrahisi<\/strong><\/strong><\/td><td>Di\u015f hekimli\u011fi d\u00fcnyas\u0131ndaki bir\u00e7ok tedavide oldu\u011fu gibi, lazer cerrahisi di\u015f eti ve di\u015f orant\u0131s\u0131zl\u0131\u011f\u0131n\u0131 \u00e7\u00f6zmek i\u00e7in&nbsp; de kullan\u0131lmaktad\u0131r. Lazer cerrahisi di\u015f etlerinizi kald\u0131rmam\u0131za ve g\u00fcl\u00fcmsemenizin daha orant\u0131l\u0131 bir g\u00f6r\u00fcn\u00fcm kazanmas\u0131na yard\u0131mc\u0131 olur.<\/td><\/tr><tr><td><strong><strong>Gingivektomi<\/strong><\/strong><\/td><td>Gingivektomi ameliyat\u0131, di\u015f eti dokunuzda k\u00fc\u00e7\u00fck kesiler yaparak \u2018a\u015f\u0131r\u0131\u2019 k\u0131s\u0131mlardan kurtulmam\u0131z\u0131 sa\u011flar.<\/td><\/tr><\/tbody><\/table><\/figure>\n\n\n\n<h3 class=\"gb-headline gb-headline-e8ec9013 gb-headline-text\"><strong><strong>Tedavi Sonras\u0131<\/strong><\/strong><\/h3>\n\n\n\n<p>Ekibimiz, i\u015flem sonras\u0131nda nas\u0131l bir bak\u0131m yapaca\u011f\u0131n\u0131z ve iyi bir a\u011f\u0131z sa\u011fl\u0131\u011f\u0131n\u0131 korumak i\u00e7in neler yapman\u0131z gerekti\u011fini konu\u015farak tavsiyeler verir. Tavsiyelere uyman\u0131z tedavinin sa\u011fl\u0131\u011f\u0131 i\u00e7in gereklidir.<\/p>\n\n\n\n<h2 class=\"gb-headline gb-headline-9d3a7b70 gb-headline-text\"><strong><strong>Neden Vera Smile?<\/strong><\/strong><\/h2>\n\n\n\n<p>Vera Smile olarak, benzersiz \u00f6zellikleriniz i\u00e7in haz\u0131rlanm\u0131\u015f istedi\u011finiz g\u00f6r\u00fcn\u00fcm\u00fc elde etmek i\u00e7in ki\u015fiselle\u015ftirilmi\u015f tedaviler \u00fczerinde \u00e7al\u0131\u015f\u0131yoruz. Rekabet\u00e7i fiyatlar\u0131m\u0131z, g\u00f6sterdi\u011fimiz \u00f6zen ve sahip oldu\u011fumuz son teknoloji \u00fcr\u00fcn\u00fc ekipmanlarla; size bir klini\u011fin sunabilece\u011fi en iyi di\u015f tedavisini sunuyoruz. Uzmanl\u0131\u011f\u0131m\u0131zla hayalinizdeki g\u00fcl\u00fcmsemeye kavu\u015fabilir ve tedavi s\u00fcrecinizi konforlu bir \u015fekilde ge\u00e7irebilirsiniz.<\/p>\n\n\n\n<h2 class=\"gb-headline gb-headline-eefd31de gb-headline-text\"><strong><strong>S\u0131k Sorulan Sorular<\/strong><\/strong><\/h2>\n\n\n\n<h3 class=\"gb-headline gb-headline-d79cd409 gb-headline-text\"><strong><strong>Di\u015f ve di\u015f eti orant\u0131s\u0131zl\u0131\u011f\u0131ndan nas\u0131l kurtulurum?<\/strong><\/strong><\/h3>\n\n\n\n<p>Orant\u0131s\u0131zl\u0131\u011f\u0131 d\u00fczeltmek i\u00e7in lazerlerden enjeksiyonlara kadar se\u00e7ebilece\u011finiz farkl\u0131 tedavi t\u00fcrleri vard\u0131r. Detayl\u0131 bir muayeneden ge\u00e7tikten sonra sizin i\u00e7in en iyi tedavi t\u00fcr\u00fcn\u00fc se\u00e7ece\u011fimize inanabilirsiniz.<\/p>\n\n\n\n<h3 class=\"gb-headline gb-headline-ba6b1378 gb-headline-text\"><strong><strong>Neden orant\u0131s\u0131z bir g\u00fcl\u00fcmsemem var?<\/strong><\/strong><\/h3>\n\n\n\n<p>G\u00fcl\u00fcmsemedeki di\u015f ve di\u015f eti orant\u0131s\u0131zl\u0131\u011f\u0131na genler, yan etki yapan ila\u00e7lar veya k\u00f6t\u00fc di\u015f hijyeni sebep olabilir. Nedeni belirlemek i\u00e7in a\u011f\u0131z yap\u0131n\u0131z\u0131 inceleyebiliriz ancak nedeni bilmek sizin i\u00e7in haz\u0131rlayaca\u011f\u0131m\u0131z tedavi plan\u0131n\u0131 de\u011fi\u015ftirmeyecektir. Bu konuda endi\u015felenmenize gerek yok.<\/p>\n\n\n\n<h3 class=\"gb-headline gb-headline-d0530e41 gb-headline-text\"><strong><strong>Dudak dolgular\u0131 ile orant\u0131l\u0131 bir g\u00fcl\u00fc\u015fe sahip olabilir miyim?<\/strong><\/strong><\/h3>\n\n\n\n<p>Evet, dudak dolgular\u0131 dudak kaslar\u0131n\u0131z\u0131 gev\u015feterek orant\u0131s\u0131z g\u00fcl\u00fcmsemenizden kurtulmam\u0131za yard\u0131mc\u0131 olabilir. \u0130\u015flem olduk\u00e7a basittir ve herhangi bir iyile\u015fme s\u00fcresi gerektirmez. Sadece nihai sonu\u00e7lar\u0131 g\u00f6rmek i\u00e7in biraz beklemeniz gerekir.<\/p>\n\n\n\n<h3 class=\"gb-headline gb-headline-81803af0 gb-headline-text\"><strong><strong>Botoks tedavisinin \u00f6mr\u00fc ne kadard\u0131r?<\/strong><\/strong><\/h3>\n\n\n\n<p>Gummy smile i\u00e7in botoks tedavisi kulland\u0131\u011f\u0131m\u0131zda tedavinin ne kadar kal\u0131c\u0131 olaca\u011f\u0131 hastan\u0131n durumuna g\u00f6re de\u011fi\u015fmektedir.<\/p>\n\n\n\n<h3 class=\"gb-headline gb-headline-574b6fc6 gb-headline-text\"><strong><strong>Gummy smile do\u011fal yollarla ge\u00e7irilebilir mi?<\/strong><\/strong><\/h3>\n\n\n\n<p>Y\u00fcz yogas\u0131 gibi baz\u0131 egzersizler dudaklar\u0131n\u0131z\u0131n ba\u015fka bir \u015fekilde g\u00f6r\u00fcnmesine yard\u0131mc\u0131 olabilir ancak istedi\u011finiz g\u00f6r\u00fcn\u00fcm\u00fc uzun zaman ve \u00f6zveri sonras\u0131nda bile elde edemeyebilirsiniz.<\/p>\n\n<\/div><\/div>\n\n<div class=\"gb-grid-column gb-grid-column-9795dbe7\"><div class=\"gb-container gb-container-9795dbe7 contact-sticky\">\n\n<h4 class=\"gb-headline gb-headline-83925198 gb-headline-text\">Randevu olu\u015fturun<\/h4>\n\n\n\n<script charset=\"utf-8\" type=\"text\/javascript\" src=\"\/\/js.hsforms.net\/forms\/embed\/v2.js\"><\/script>\n<script>\n  hbspt.forms.create({\n    region: \"na1\",\n    portalId: \"5077067\",\n    formId: \"2cb7f4ae-75c7-40a0-ba30-dd2504928ef8\"\n  });\n<\/script>\n\n<\/div><\/div>\n<\/div>\n<\/div>","protected":false},"excerpt":{"rendered":"","protected":false},"author":1,"featured_media":13832,"parent":0,"menu_order":0,"comment_status":"closed","ping_status":"closed","template":"","meta":{"inline_featured_image":false,"footnotes":""},"class_list":{"0":"post-13829","1":"page","2":"type-page","3":"status-publish","4":"has-post-thumbnail","6":"resize-featured-image"},"lang":"tr","translations":{"en":1744,"it":11232,"fr":11649,"es":11900,"pt-pt":12128,"de":12446,"ar":13326,"tr":13829},"yoast_head":"<!-- This site is optimized with the Yoast SEO Premium plugin v27.4 (Yoast SEO v27.4) - https:\/\/yoast.com\/product\/yoast-seo-premium-wordpress\/ -->\n<title>Gummy Smile - Vera Smile<\/title>\n<meta name=\"description\" content=\"Di\u015f eti g\u00fcl\u00fcmsemeleri ve g\u00fcl\u00fcmsedi\u011finizde a\u015f\u0131r\u0131 di\u015f eti dokusunun g\u00f6r\u00fcn\u00fcm\u00fcn\u00fc \u00e7\u00f6zmeye nas\u0131l yard\u0131mc\u0131 olabilece\u011fimizi \u00f6\u011frenin.\" \/>\n<meta name=\"robots\" content=\"index, follow, max-snippet:-1, max-image-preview:large, max-video-preview:-1\" \/>\n<link rel=\"canonical\" href=\"https:\/\/www.verasmile.com\/tr\/gummy-smile\/\" \/>\n<meta property=\"og:locale\" content=\"tr_TR\" \/>\n<meta property=\"og:type\" content=\"article\" \/>\n<meta property=\"og:title\" content=\"Gummy Smile\" \/>\n<meta property=\"og:description\" content=\"Di\u015f eti g\u00fcl\u00fcmsemeleri ve g\u00fcl\u00fcmsedi\u011finizde a\u015f\u0131r\u0131 di\u015f eti dokusunun g\u00f6r\u00fcn\u00fcm\u00fcn\u00fc \u00e7\u00f6zmeye nas\u0131l yard\u0131mc\u0131 olabilece\u011fimizi \u00f6\u011frenin.\" \/>\n<meta property=\"og:url\" content=\"https:\/\/www.verasmile.com\/tr\/gummy-smile\/\" \/>\n<meta property=\"og:site_name\" content=\"Vera Smile\" \/>\n<meta property=\"article:publisher\" content=\"https:\/\/www.facebook.com\/VeraSmileDental\/\" \/>\n<meta property=\"article:modified_time\" content=\"2024-08-06T12:41:37+00:00\" \/>\n<meta property=\"og:image\" content=\"https:\/\/www.verasmile.com\/wp-content\/uploads\/2024\/02\/Gummy-Smile-Botox.webp\" \/>\n\t<meta property=\"og:image:width\" content=\"1440\" \/>\n\t<meta property=\"og:image:height\" content=\"800\" \/>\n\t<meta property=\"og:image:type\" content=\"image\/webp\" \/>\n<meta name=\"twitter:card\" content=\"summary_large_image\" \/>\n<meta name=\"twitter:label1\" content=\"Tahmini okuma s\u00fcresi\" \/>\n\t<meta name=\"twitter:data1\" content=\"4 dakika\" \/>\n<script type=\"application\/ld+json\" class=\"yoast-schema-graph\">{\"@context\":\"https:\\\/\\\/schema.org\",\"@graph\":[{\"@type\":\"WebPage\",\"@id\":\"https:\\\/\\\/www.verasmile.com\\\/tr\\\/gummy-smile\\\/\",\"url\":\"https:\\\/\\\/www.verasmile.com\\\/tr\\\/gummy-smile\\\/\",\"name\":\"Gummy Smile - Vera Smile\",\"isPartOf\":{\"@id\":\"https:\\\/\\\/www.verasmile.com\\\/tr\\\/#website\"},\"primaryImageOfPage\":{\"@id\":\"https:\\\/\\\/www.verasmile.com\\\/tr\\\/gummy-smile\\\/#primaryimage\"},\"image\":{\"@id\":\"https:\\\/\\\/www.verasmile.com\\\/tr\\\/gummy-smile\\\/#primaryimage\"},\"thumbnailUrl\":\"https:\\\/\\\/www.verasmile.com\\\/wp-content\\\/uploads\\\/2024\\\/02\\\/Gummy-Smile-Botox.webp\",\"datePublished\":\"2023-07-07T09:52:52+00:00\",\"dateModified\":\"2024-08-06T12:41:37+00:00\",\"description\":\"Di\u015f eti g\u00fcl\u00fcmsemeleri ve g\u00fcl\u00fcmsedi\u011finizde a\u015f\u0131r\u0131 di\u015f eti dokusunun g\u00f6r\u00fcn\u00fcm\u00fcn\u00fc \u00e7\u00f6zmeye nas\u0131l yard\u0131mc\u0131 olabilece\u011fimizi \u00f6\u011frenin.\",\"breadcrumb\":{\"@id\":\"https:\\\/\\\/www.verasmile.com\\\/tr\\\/gummy-smile\\\/#breadcrumb\"},\"inLanguage\":\"tr\",\"potentialAction\":[{\"@type\":\"ReadAction\",\"target\":[\"https:\\\/\\\/www.verasmile.com\\\/tr\\\/gummy-smile\\\/\"]}]},{\"@type\":\"ImageObject\",\"inLanguage\":\"tr\",\"@id\":\"https:\\\/\\\/www.verasmile.com\\\/tr\\\/gummy-smile\\\/#primaryimage\",\"url\":\"https:\\\/\\\/www.verasmile.com\\\/wp-content\\\/uploads\\\/2024\\\/02\\\/Gummy-Smile-Botox.webp\",\"contentUrl\":\"https:\\\/\\\/www.verasmile.com\\\/wp-content\\\/uploads\\\/2024\\\/02\\\/Gummy-Smile-Botox.webp\",\"width\":1440,\"height\":800,\"caption\":\"Gummy Smile\"},{\"@type\":\"BreadcrumbList\",\"@id\":\"https:\\\/\\\/www.verasmile.com\\\/tr\\\/gummy-smile\\\/#breadcrumb\",\"itemListElement\":[{\"@type\":\"ListItem\",\"position\":1,\"name\":\"Home\",\"item\":\"https:\\\/\\\/www.verasmile.com\\\/tr\\\/\"},{\"@type\":\"ListItem\",\"position\":2,\"name\":\"Gummy Smile\"}]},{\"@type\":\"WebSite\",\"@id\":\"https:\\\/\\\/www.verasmile.com\\\/tr\\\/#website\",\"url\":\"https:\\\/\\\/www.verasmile.com\\\/tr\\\/\",\"name\":\"Vera Smile Dental Clinic\",\"description\":\"Dental Clinic in Turkey, Istanbul 2026\",\"publisher\":{\"@id\":\"https:\\\/\\\/www.verasmile.com\\\/tr\\\/#organization\"},\"potentialAction\":[{\"@type\":\"SearchAction\",\"target\":{\"@type\":\"EntryPoint\",\"urlTemplate\":\"https:\\\/\\\/www.verasmile.com\\\/tr\\\/?s={search_term_string}\"},\"query-input\":{\"@type\":\"PropertyValueSpecification\",\"valueRequired\":true,\"valueName\":\"search_term_string\"}}],\"inLanguage\":\"tr\"},{\"@type\":\"Organization\",\"@id\":\"https:\\\/\\\/www.verasmile.com\\\/tr\\\/#organization\",\"name\":\"Vera Smile Dental Clinic\",\"url\":\"https:\\\/\\\/www.verasmile.com\\\/tr\\\/\",\"logo\":{\"@type\":\"ImageObject\",\"inLanguage\":\"tr\",\"@id\":\"https:\\\/\\\/www.verasmile.com\\\/tr\\\/#\\\/schema\\\/logo\\\/image\\\/\",\"url\":\"https:\\\/\\\/www.verasmile.com\\\/wp-content\\\/uploads\\\/2026\\\/02\\\/Birles\u0327ik-Logo-scaled.png\",\"contentUrl\":\"https:\\\/\\\/www.verasmile.com\\\/wp-content\\\/uploads\\\/2026\\\/02\\\/Birles\u0327ik-Logo-scaled.png\",\"width\":2560,\"height\":244,\"caption\":\"Vera Smile Dental Clinic\"},\"image\":{\"@id\":\"https:\\\/\\\/www.verasmile.com\\\/tr\\\/#\\\/schema\\\/logo\\\/image\\\/\"},\"sameAs\":[\"https:\\\/\\\/www.facebook.com\\\/VeraSmileDental\\\/\",\"https:\\\/\\\/www.instagram.com\\\/verasmile.dental\\\/\"]}]}<\/script>\n<!-- \/ Yoast SEO Premium plugin. -->","yoast_head_json":{"title":"Gummy Smile - Vera Smile","description":"Di\u015f eti g\u00fcl\u00fcmsemeleri ve g\u00fcl\u00fcmsedi\u011finizde a\u015f\u0131r\u0131 di\u015f eti dokusunun g\u00f6r\u00fcn\u00fcm\u00fcn\u00fc \u00e7\u00f6zmeye nas\u0131l yard\u0131mc\u0131 olabilece\u011fimizi \u00f6\u011frenin.","robots":{"index":"index","follow":"follow","max-snippet":"max-snippet:-1","max-image-preview":"max-image-preview:large","max-video-preview":"max-video-preview:-1"},"canonical":"https:\/\/www.verasmile.com\/tr\/gummy-smile\/","og_locale":"tr_TR","og_type":"article","og_title":"Gummy Smile","og_description":"Di\u015f eti g\u00fcl\u00fcmsemeleri ve g\u00fcl\u00fcmsedi\u011finizde a\u015f\u0131r\u0131 di\u015f eti dokusunun g\u00f6r\u00fcn\u00fcm\u00fcn\u00fc \u00e7\u00f6zmeye nas\u0131l yard\u0131mc\u0131 olabilece\u011fimizi \u00f6\u011frenin.","og_url":"https:\/\/www.verasmile.com\/tr\/gummy-smile\/","og_site_name":"Vera Smile","article_publisher":"https:\/\/www.facebook.com\/VeraSmileDental\/","article_modified_time":"2024-08-06T12:41:37+00:00","og_image":[{"width":1440,"height":800,"url":"https:\/\/www.verasmile.com\/wp-content\/uploads\/2024\/02\/Gummy-Smile-Botox.webp","type":"image\/webp"}],"twitter_card":"summary_large_image","twitter_misc":{"Tahmini okuma s\u00fcresi":"4 dakika"},"schema":{"@context":"https:\/\/schema.org","@graph":[{"@type":"WebPage","@id":"https:\/\/www.verasmile.com\/tr\/gummy-smile\/","url":"https:\/\/www.verasmile.com\/tr\/gummy-smile\/","name":"Gummy Smile - Vera Smile","isPartOf":{"@id":"https:\/\/www.verasmile.com\/tr\/#website"},"primaryImageOfPage":{"@id":"https:\/\/www.verasmile.com\/tr\/gummy-smile\/#primaryimage"},"image":{"@id":"https:\/\/www.verasmile.com\/tr\/gummy-smile\/#primaryimage"},"thumbnailUrl":"https:\/\/www.verasmile.com\/wp-content\/uploads\/2024\/02\/Gummy-Smile-Botox.webp","datePublished":"2023-07-07T09:52:52+00:00","dateModified":"2024-08-06T12:41:37+00:00","description":"Di\u015f eti g\u00fcl\u00fcmsemeleri ve g\u00fcl\u00fcmsedi\u011finizde a\u015f\u0131r\u0131 di\u015f eti dokusunun g\u00f6r\u00fcn\u00fcm\u00fcn\u00fc \u00e7\u00f6zmeye nas\u0131l yard\u0131mc\u0131 olabilece\u011fimizi \u00f6\u011frenin.","breadcrumb":{"@id":"https:\/\/www.verasmile.com\/tr\/gummy-smile\/#breadcrumb"},"inLanguage":"tr","potentialAction":[{"@type":"ReadAction","target":["https:\/\/www.verasmile.com\/tr\/gummy-smile\/"]}]},{"@type":"ImageObject","inLanguage":"tr","@id":"https:\/\/www.verasmile.com\/tr\/gummy-smile\/#primaryimage","url":"https:\/\/www.verasmile.com\/wp-content\/uploads\/2024\/02\/Gummy-Smile-Botox.webp","contentUrl":"https:\/\/www.verasmile.com\/wp-content\/uploads\/2024\/02\/Gummy-Smile-Botox.webp","width":1440,"height":800,"caption":"Gummy Smile"},{"@type":"BreadcrumbList","@id":"https:\/\/www.verasmile.com\/tr\/gummy-smile\/#breadcrumb","itemListElement":[{"@type":"ListItem","position":1,"name":"Home","item":"https:\/\/www.verasmile.com\/tr\/"},{"@type":"ListItem","position":2,"name":"Gummy Smile"}]},{"@type":"WebSite","@id":"https:\/\/www.verasmile.com\/tr\/#website","url":"https:\/\/www.verasmile.com\/tr\/","name":"Vera Smile Dental Clinic","description":"Dental Clinic in Turkey, Istanbul 2026","publisher":{"@id":"https:\/\/www.verasmile.com\/tr\/#organization"},"potentialAction":[{"@type":"SearchAction","target":{"@type":"EntryPoint","urlTemplate":"https:\/\/www.verasmile.com\/tr\/?s={search_term_string}"},"query-input":{"@type":"PropertyValueSpecification","valueRequired":true,"valueName":"search_term_string"}}],"inLanguage":"tr"},{"@type":"Organization","@id":"https:\/\/www.verasmile.com\/tr\/#organization","name":"Vera Smile Dental Clinic","url":"https:\/\/www.verasmile.com\/tr\/","logo":{"@type":"ImageObject","inLanguage":"tr","@id":"https:\/\/www.verasmile.com\/tr\/#\/schema\/logo\/image\/","url":"https:\/\/www.verasmile.com\/wp-content\/uploads\/2026\/02\/Birles\u0327ik-Logo-scaled.png","contentUrl":"https:\/\/www.verasmile.com\/wp-content\/uploads\/2026\/02\/Birles\u0327ik-Logo-scaled.png","width":2560,"height":244,"caption":"Vera Smile Dental Clinic"},"image":{"@id":"https:\/\/www.verasmile.com\/tr\/#\/schema\/logo\/image\/"},"sameAs":["https:\/\/www.facebook.com\/VeraSmileDental\/","https:\/\/www.instagram.com\/verasmile.dental\/"]}]}},"_links":{"self":[{"href":"https:\/\/www.verasmile.com\/tr\/wp-json\/wp\/v2\/pages\/13829","targetHints":{"allow":["GET"]}}],"collection":[{"href":"https:\/\/www.verasmile.com\/tr\/wp-json\/wp\/v2\/pages"}],"about":[{"href":"https:\/\/www.verasmile.com\/tr\/wp-json\/wp\/v2\/types\/page"}],"author":[{"embeddable":true,"href":"https:\/\/www.verasmile.com\/tr\/wp-json\/wp\/v2\/users\/1"}],"replies":[{"embeddable":true,"href":"https:\/\/www.verasmile.com\/tr\/wp-json\/wp\/v2\/comments?post=13829"}],"version-history":[{"count":0,"href":"https:\/\/www.verasmile.com\/tr\/wp-json\/wp\/v2\/pages\/13829\/revisions"}],"wp:featuredmedia":[{"embeddable":true,"href":"https:\/\/www.verasmile.com\/tr\/wp-json\/wp\/v2\/media\/13832"}],"wp:attachment":[{"href":"https:\/\/www.verasmile.com\/tr\/wp-json\/wp\/v2\/media?parent=13829"}],"curies":[{"name":"wp","href":"https:\/\/api.w.org\/{rel}","templated":true}]}}